{"id":22988,"date":"2025-09-17T14:58:30","date_gmt":"2025-09-17T19:58:30","guid":{"rendered":"https:\/\/patternenergy.com\/normes-de-conduite-de-sunzia-ferc\/"},"modified":"2026-04-02T07:16:25","modified_gmt":"2026-04-02T12:16:25","slug":"normes-de-conduite-de-sunzia-ferc","status":"publish","type":"page","link":"https:\/\/patternenergy.com\/fr\/normes-de-conduite-de-sunzia-ferc\/","title":{"rendered":"Normes de conduite de SunZia FERC"},"content":{"rendered":"\n<section class=\"textual-content no-space type-default\" >\n\t\n\t<div class=\"holder block-entry animated\">\n\t\t\n\t\t\t\t\t\t\n\t\t<div class=\"acf-innerblocks-container\">\n\n<h2 class=\"wp-block-heading\"><strong>SunZia FERC Standards of Conduct<br\/>Transparency Posting<\/strong><\/h2>\n\n<\/div>\t\t\n\t<\/div>\n<\/section><!-- Textual Content -->\n<hr class=\"wp-block-separator has-alpha-channel-opacity\"\/>\n\n<section class=\"textual-content no-space type-default\" >\n\t\n\t<div class=\"holder block-entry animated\">\n\t\t\n\t\t\t\t\t\t\n\t\t<div class=\"acf-innerblocks-container\">\n\n<div class=\"wp-block-columns is-layout-flex wp-container-core-columns-is-layout-9d6595d7 wp-block-columns-is-layout-flex\">\n<div class=\"wp-block-column is-layout-flow wp-block-column-is-layout-flow\" style=\"flex-basis:33.33%\">\n<p><strong>358.8(c)(2)<\/strong><br\/>Nom et coordonn\u00e9es du responsable de la conformit\u00e9<\/p>\n<\/div>\n\n\n\n<div class=\"wp-block-column is-layout-flow wp-block-column-is-layout-flow\" style=\"flex-basis:66.66%\">\n<p><strong>Kimberly Glasspool<\/strong><br\/><strong>Chef du service juridique<\/strong><\/p>\n\n\n\n<p>1088 Sansome Street<br\/>San Francisco, CA 9411<\/p>\n\n\n\n<p>T\u00e9l\u00e9phone : 415-283-4032 415-283-4032<\/p>\n\n\n\n<p>Courriel : <a href=\"mailto:Compliance@patternenergy.com\">Compliance@patternenergy.com<\/a><\/p>\n<\/div>\n<\/div>\n\n<\/div>\t\t\n\t<\/div>\n<\/section><!-- Textual Content -->\n<hr class=\"wp-block-separator has-alpha-channel-opacity\"\/>\n\n<section class=\"textual-content no-space type-default\" >\n\t\n\t<div class=\"holder block-entry animated\">\n\t\t\n\t\t\t\t\t\t\n\t\t<div class=\"acf-innerblocks-container\">\n\n<div class=\"wp-block-columns is-layout-flex wp-container-core-columns-is-layout-9d6595d7 wp-block-columns-is-layout-flex\">\n<div class=\"wp-block-column is-layout-flow wp-block-column-is-layout-flow\" style=\"flex-basis:33.33%\">\n<p><strong>358.7(a)(1-2)<\/strong><br\/>Aucune divulgation de conduit<\/p>\n<\/div>\n\n\n\n<div class=\"wp-block-column is-layout-flow wp-block-column-is-layout-flow\" style=\"flex-basis:66.66%\">\n<p>Aucun<\/p>\n<\/div>\n<\/div>\n\n<\/div>\t\t\n\t<\/div>\n<\/section><!-- Textual Content -->\n<hr class=\"wp-block-separator has-alpha-channel-opacity\"\/>\n\n<section class=\"textual-content no-space type-default\" >\n\t\n\t<div class=\"holder block-entry animated\">\n\t\t\n\t\t\t\t\t\t\n\t\t<div class=\"acf-innerblocks-container\">\n\n<div class=\"wp-block-columns is-layout-flex wp-container-core-columns-is-layout-9d6595d7 wp-block-columns-is-layout-flex\">\n<div class=\"wp-block-column is-layout-flow wp-block-column-is-layout-flow\" style=\"flex-basis:33.33%\">\n<p><strong>358.7(c)<\/strong><br\/>Avis de consentement volontaire des informations relatives au client de transport<\/p>\n<\/div>\n\n\n\n<div class=\"wp-block-column is-layout-flow wp-block-column-is-layout-flow\" style=\"flex-basis:66.66%\">\n<p>Aucun<\/p>\n<\/div>\n<\/div>\n\n<\/div>\t\t\n\t<\/div>\n<\/section><!-- Textual Content -->\n<hr class=\"wp-block-separator has-alpha-channel-opacity\"\/>\n\n<section class=\"textual-content no-space type-default\" >\n\t\n\t<div class=\"holder block-entry animated\">\n\t\t\n\t\t\t\t\t\t\n\t\t<div class=\"acf-innerblocks-container\">\n\n<div class=\"wp-block-columns is-layout-flex wp-container-core-columns-is-layout-9d6595d7 wp-block-columns-is-layout-flex\">\n<div class=\"wp-block-column is-layout-flow wp-block-column-is-layout-flow\" style=\"flex-basis:33.33%\">\n<p><strong>358.7(d)<\/strong><br\/>Proc\u00e9dures \u00e9crites de mise en \u0153uvre des normes de conduite<\/p>\n<\/div>\n\n\n\n<div class=\"wp-block-column is-layout-flow wp-block-column-is-layout-flow\" style=\"flex-basis:66.66%\">\n<p>Proc\u00e9dure Pattern Energy Group, LP (PEG) Transporteurs conform\u00e9ment \u00e0 la section 358 du 18 C.F.R.<\/p>\n\n\n\n<div class=\"wp-block-buttons is-layout-flex wp-block-buttons-is-layout-flex\">\n<div class=\"wp-block-button\"><a class=\"wp-block-button__link wp-element-button\" href=\"https:\/\/patternenergy.com\/wp-content\/uploads\/2025\/11\/SOC-Procedure-11-4-25.pdf\" target=\"_blank\" rel=\"noreferrer noopener\">Voir le document<\/a><\/div>\n<\/div>\n<\/div>\n<\/div>\n\n<\/div>\t\t\n\t<\/div>\n<\/section><!-- Textual Content -->\n<hr class=\"wp-block-separator has-alpha-channel-opacity\"\/>\n\n<section class=\"textual-content no-space type-default\" >\n\t\n\t<div class=\"holder block-entry animated\">\n\t\t\n\t\t\t\t\t\t\n\t\t<div class=\"acf-innerblocks-container\">\n\n<div class=\"wp-block-columns is-layout-flex wp-container-core-columns-is-layout-9d6595d7 wp-block-columns-is-layout-flex\">\n<div class=\"wp-block-column is-layout-flow wp-block-column-is-layout-flow\" style=\"flex-basis:33.33%\">\n<p><strong>358.7(e)(1)<\/strong><br\/>Noms et adresses des soci\u00e9t\u00e9s affili\u00e9es avec des employ\u00e9s de la fonction marketing (EMF)<\/p>\n<\/div>\n\n\n\n<div class=\"wp-block-column is-layout-flow wp-block-column-is-layout-flow\" style=\"flex-basis:66.66%\">\n<p>Liste d&rsquo;affili\u00e9s avec les employ\u00e9s de la fonction marketing (EMF)<\/p>\n\n\n\n<div class=\"wp-block-buttons is-layout-flex wp-block-buttons-is-layout-flex\">\n<div class=\"wp-block-button\"><a class=\"wp-block-button__link wp-element-button\" href=\"https:\/\/patternenergy.com\/wp-content\/uploads\/2025\/11\/358.7e2-Affiliate-List-With-Marketing-Function-Employees.pdf\" target=\"_blank\" rel=\"noreferrer noopener\">Voir le document<\/a><\/div>\n<\/div>\n<\/div>\n<\/div>\n\n<\/div>\t\t\n\t<\/div>\n<\/section><!-- Textual Content -->\n<hr class=\"wp-block-separator has-alpha-channel-opacity\"\/>\n\n<section class=\"textual-content no-space type-default\" >\n\t\n\t<div class=\"holder block-entry animated\">\n\t\t\n\t\t\t\t\t\t\n\t\t<div class=\"acf-innerblocks-container\">\n\n<div class=\"wp-block-columns is-layout-flex wp-container-core-columns-is-layout-9d6595d7 wp-block-columns-is-layout-flex\">\n<div class=\"wp-block-column is-layout-flow wp-block-column-is-layout-flow\" style=\"flex-basis:33.33%\">\n<p><strong>358.7(e)(2)<\/strong><br\/>Installations partag\u00e9es par les employ\u00e9s de la fonction de transmission (TFE)\/les employ\u00e9s de la fonction de marketing (MFE)<\/p>\n<\/div>\n\n\n\n<div class=\"wp-block-column is-layout-flow wp-block-column-is-layout-flow\" style=\"flex-basis:66.66%\">\n<p>Les repr\u00e9sentants du PEG, y compris les PEG MFE, ne partagent pas les m\u00eames bureaux que les tiers Transporteurs responsables de l&rsquo;exploitation des actifs de SunZia Transmission et ont un acc\u00e8s restreint, le cas \u00e9ch\u00e9ant, aux installations et aux bureaux des tiers Transporteurs.<\/p>\n<\/div>\n<\/div>\n\n<\/div>\t\t\n\t<\/div>\n<\/section><!-- Textual Content -->\n<hr class=\"wp-block-separator has-alpha-channel-opacity\"\/>\n\n<section class=\"textual-content no-space type-default\" >\n\t\n\t<div class=\"holder block-entry animated\">\n\t\t\n\t\t\t\t\t\t\n\t\t<div class=\"acf-innerblocks-container\">\n\n<div class=\"wp-block-columns is-layout-flex wp-container-core-columns-is-layout-9d6595d7 wp-block-columns-is-layout-flex\">\n<div class=\"wp-block-column is-layout-flow wp-block-column-is-layout-flow\" style=\"flex-basis:33.33%\">\n<p><strong>358.7(e)(3)<\/strong><br\/>Partenaires de fusion potentiels avec les employ\u00e9s de la fonction marketing (EMF)<\/p>\n<\/div>\n\n\n\n<div class=\"wp-block-column is-layout-flow wp-block-column-is-layout-flow\" style=\"flex-basis:66.66%\">\n<p>Le 1er avril 2026, SunZia Transmission, LLC est devenue affili\u00e9e \u00e0 des entit\u00e9s qui emploient des salari\u00e9s de la fonction marketing \u00e0 la suite d&rsquo;une acquisition de Cordelio Power approuv\u00e9e par la FERC par le propri\u00e9taire en amont de SunZia Transmission.  <\/p>\n<\/div>\n<\/div>\n\n<\/div>\t\t\n\t<\/div>\n<\/section><!-- Textual Content -->\n<hr class=\"wp-block-separator has-alpha-channel-opacity\"\/>\n\n<section class=\"textual-content no-space type-default\" >\n\t\n\t<div class=\"holder block-entry animated\">\n\t\t\n\t\t\t\t\t\t\n\t\t<div class=\"acf-innerblocks-container\">\n\n<div class=\"wp-block-columns is-layout-flex wp-container-core-columns-is-layout-9d6595d7 wp-block-columns-is-layout-flex\">\n<div class=\"wp-block-column is-layout-flow wp-block-column-is-layout-flow\" style=\"flex-basis:33.33%\">\n<p><strong>358.7(f)(1)<\/strong><br\/>Titres d&#8217;emploi\/Descriptions des employ\u00e9s de la fonction transmission (TFE)<\/p>\n<\/div>\n\n\n\n<div class=\"wp-block-column is-layout-flow wp-block-column-is-layout-flow\" style=\"flex-basis:66.66%\">\n<p>Liste des employ\u00e9s de la fonction transmission<\/p>\n\n\n\n<div class=\"wp-block-buttons is-layout-flex wp-block-buttons-is-layout-flex\">\n<div class=\"wp-block-button\"><a class=\"wp-block-button__link wp-element-button\" href=\"https:\/\/patternenergy.com\/wp-content\/uploads\/2025\/12\/358.7f1-List-of-Transmission-Function-Employees-1.pdf\" target=\"_blank\" rel=\"noreferrer noopener\">Voir le document<\/a><\/div>\n<\/div>\n<\/div>\n<\/div>\n\n<\/div>\t\t\n\t<\/div>\n<\/section><!-- Textual Content -->\n<hr class=\"wp-block-separator has-alpha-channel-opacity\"\/>\n\n<section class=\"textual-content no-space type-default\" >\n\t\n\t<div class=\"holder block-entry animated\">\n\t\t\n\t\t\t\t\t\t\n\t\t<div class=\"acf-innerblocks-container\">\n\n<div class=\"wp-block-columns is-layout-flex wp-container-core-columns-is-layout-9d6595d7 wp-block-columns-is-layout-flex\">\n<div class=\"wp-block-column is-layout-flow wp-block-column-is-layout-flow\" style=\"flex-basis:33.33%\">\n<p><strong>358.7(f)(2)<\/strong><br\/>Transferts de postes entre les employ\u00e9s de la fonction transmission (TFE) et les employ\u00e9s de la fonction marketing (MFE)<\/p>\n<\/div>\n\n\n\n<div class=\"wp-block-column is-layout-flow wp-block-column-is-layout-flow\" style=\"flex-basis:66.66%\">\n<p>Aucun<\/p>\n<\/div>\n<\/div>\n\n<\/div>\t\t\n\t<\/div>\n<\/section><!-- Textual Content -->\n<hr class=\"wp-block-separator has-alpha-channel-opacity\"\/>\n\n<section class=\"textual-content no-space type-default\" >\n\t\n\t<div class=\"holder block-entry animated\">\n\t\t\n\t\t\t\t\t\t\n\t\t<div class=\"acf-innerblocks-container\">\n\n<div class=\"wp-block-columns is-layout-flex wp-container-core-columns-is-layout-9d6595d7 wp-block-columns-is-layout-flex\">\n<div class=\"wp-block-column is-layout-flow wp-block-column-is-layout-flow\" style=\"flex-basis:33.33%\">\n<p><strong>358.7(i)<\/strong><br\/>Renonciations : \u00ab\u00a0<em>signifie la d\u00e9cision d&rsquo;un fournisseur de transport, si son tarif l&rsquo;y autorise, de renoncer \u00e0 toute disposition de son tarif pour une entit\u00e9 donn\u00e9e<\/em>\u00ab\u00a0.<\/p>\n<\/div>\n\n\n\n<div class=\"wp-block-column is-layout-flow wp-block-column-is-layout-flow\" style=\"flex-basis:66.66%\">\n<p>Aucun<\/p>\n<\/div>\n<\/div>\n\n<\/div>\t\t\n\t<\/div>\n<\/section><!-- Textual Content -->","protected":false},"excerpt":{"rendered":"","protected":false},"author":3,"featured_media":0,"parent":0,"menu_order":0,"comment_status":"closed","ping_status":"closed","template":"","meta":{"_acf_changed":false,"footnotes":""},"class_list":["post-22988","page","type-page","status-publish","hentry"],"acf":[],"yoast_head":"<!-- This site is optimized with the Yoast SEO plugin v27.4 - https:\/\/yoast.com\/product\/yoast-seo-wordpress\/ -->\n<title>Normes de conduite de SunZia FERC - Pattern Energy<\/title>\n<meta name=\"robots\" content=\"index, follow, max-snippet:-1, max-image-preview:large, max-video-preview:-1\" \/>\n<link rel=\"canonical\" href=\"https:\/\/patternenergy.com\/fr\/normes-de-conduite-de-sunzia-ferc\/\" \/>\n<meta property=\"og:locale\" content=\"fr_FR\" \/>\n<meta property=\"og:type\" content=\"article\" \/>\n<meta property=\"og:title\" content=\"Normes de conduite de SunZia FERC - Pattern Energy\" \/>\n<meta property=\"og:url\" content=\"https:\/\/patternenergy.com\/fr\/normes-de-conduite-de-sunzia-ferc\/\" \/>\n<meta property=\"og:site_name\" content=\"Pattern Energy\" \/>\n<meta property=\"article:publisher\" content=\"https:\/\/www.facebook.com\/PatternEnergy\/\" \/>\n<meta property=\"article:modified_time\" content=\"2026-04-02T12:16:25+00:00\" \/>\n<meta property=\"og:image\" content=\"https:\/\/patternenergy.com\/wp-content\/uploads\/2022\/01\/Pattern-Energy-Media-thumbnail-logo.jpg\" \/>\n\t<meta property=\"og:image:width\" content=\"1200\" \/>\n\t<meta property=\"og:image:height\" content=\"627\" \/>\n\t<meta property=\"og:image:type\" content=\"image\/jpeg\" \/>\n<meta name=\"twitter:card\" content=\"summary_large_image\" \/>\n<meta name=\"twitter:label1\" content=\"Dur\u00e9e de lecture estim\u00e9e\" \/>\n\t<meta name=\"twitter:data1\" content=\"2 minutes\" \/>\n<script type=\"application\/ld+json\" class=\"yoast-schema-graph\">{\"@context\":\"https:\\\/\\\/schema.org\",\"@graph\":[{\"@type\":\"WebPage\",\"@id\":\"https:\\\/\\\/patternenergy.com\\\/fr\\\/normes-de-conduite-de-sunzia-ferc\\\/\",\"url\":\"https:\\\/\\\/patternenergy.com\\\/fr\\\/normes-de-conduite-de-sunzia-ferc\\\/\",\"name\":\"Normes de conduite de SunZia FERC - Pattern Energy\",\"isPartOf\":{\"@id\":\"https:\\\/\\\/patternenergy.com\\\/fr\\\/#website\"},\"datePublished\":\"2025-09-17T19:58:30+00:00\",\"dateModified\":\"2026-04-02T12:16:25+00:00\",\"breadcrumb\":{\"@id\":\"https:\\\/\\\/patternenergy.com\\\/fr\\\/normes-de-conduite-de-sunzia-ferc\\\/#breadcrumb\"},\"inLanguage\":\"fr-FR\",\"potentialAction\":[{\"@type\":\"ReadAction\",\"target\":[\"https:\\\/\\\/patternenergy.com\\\/fr\\\/normes-de-conduite-de-sunzia-ferc\\\/\"]}]},{\"@type\":\"BreadcrumbList\",\"@id\":\"https:\\\/\\\/patternenergy.com\\\/fr\\\/normes-de-conduite-de-sunzia-ferc\\\/#breadcrumb\",\"itemListElement\":[{\"@type\":\"ListItem\",\"position\":1,\"name\":\"Home\",\"item\":\"https:\\\/\\\/patternenergy.com\\\/fr\\\/\"},{\"@type\":\"ListItem\",\"position\":2,\"name\":\"Normes de conduite de SunZia FERC\"}]},{\"@type\":\"WebSite\",\"@id\":\"https:\\\/\\\/patternenergy.com\\\/fr\\\/#website\",\"url\":\"https:\\\/\\\/patternenergy.com\\\/fr\\\/\",\"name\":\"Pattern Energy\",\"description\":\"Nous d\u00e9veloppons, construisons, poss\u00e9dons et exploitons des projets \u00e9oliens, solaires, de transport et de stockage d'\u00e9nergie de haute qualit\u00e9 dans le monde entier.\",\"publisher\":{\"@id\":\"https:\\\/\\\/patternenergy.com\\\/fr\\\/#organization\"},\"potentialAction\":[{\"@type\":\"SearchAction\",\"target\":{\"@type\":\"EntryPoint\",\"urlTemplate\":\"https:\\\/\\\/patternenergy.com\\\/fr\\\/?s={search_term_string}\"},\"query-input\":{\"@type\":\"PropertyValueSpecification\",\"valueRequired\":true,\"valueName\":\"search_term_string\"}}],\"inLanguage\":\"fr-FR\"},{\"@type\":\"Organization\",\"@id\":\"https:\\\/\\\/patternenergy.com\\\/fr\\\/#organization\",\"name\":\"Pattern Energy\",\"url\":\"https:\\\/\\\/patternenergy.com\\\/fr\\\/\",\"logo\":{\"@type\":\"ImageObject\",\"inLanguage\":\"fr-FR\",\"@id\":\"https:\\\/\\\/patternenergy.com\\\/fr\\\/#\\\/schema\\\/logo\\\/image\\\/\",\"url\":\"https:\\\/\\\/patternenergy.com\\\/wp-content\\\/uploads\\\/2022\\\/01\\\/Pattern-Energy-Media-thumbnail-logo.jpg\",\"contentUrl\":\"https:\\\/\\\/patternenergy.com\\\/wp-content\\\/uploads\\\/2022\\\/01\\\/Pattern-Energy-Media-thumbnail-logo.jpg\",\"width\":1200,\"height\":627,\"caption\":\"Pattern Energy\"},\"image\":{\"@id\":\"https:\\\/\\\/patternenergy.com\\\/fr\\\/#\\\/schema\\\/logo\\\/image\\\/\"},\"sameAs\":[\"https:\\\/\\\/www.facebook.com\\\/PatternEnergy\\\/\",\"https:\\\/\\\/instagram.com\\\/patternenergy?utm_medium=copy_link\",\"https:\\\/\\\/www.linkedin.com\\\/company\\\/pattern-energy\",\"https:\\\/\\\/www.youtube.com\\\/user\\\/PatternEnergy?app=desktop\",\"https:\\\/\\\/web.cauze.com\\\/company\\\/293\"]}]}<\/script>\n<!-- \/ Yoast SEO plugin. -->","yoast_head_json":{"title":"Normes de conduite de SunZia FERC - Pattern Energy","robots":{"index":"index","follow":"follow","max-snippet":"max-snippet:-1","max-image-preview":"max-image-preview:large","max-video-preview":"max-video-preview:-1"},"canonical":"https:\/\/patternenergy.com\/fr\/normes-de-conduite-de-sunzia-ferc\/","og_locale":"fr_FR","og_type":"article","og_title":"Normes de conduite de SunZia FERC - Pattern Energy","og_url":"https:\/\/patternenergy.com\/fr\/normes-de-conduite-de-sunzia-ferc\/","og_site_name":"Pattern Energy","article_publisher":"https:\/\/www.facebook.com\/PatternEnergy\/","article_modified_time":"2026-04-02T12:16:25+00:00","og_image":[{"width":1200,"height":627,"url":"https:\/\/patternenergy.com\/wp-content\/uploads\/2022\/01\/Pattern-Energy-Media-thumbnail-logo.jpg","type":"image\/jpeg"}],"twitter_card":"summary_large_image","twitter_misc":{"Dur\u00e9e de lecture estim\u00e9e":"2 minutes"},"schema":{"@context":"https:\/\/schema.org","@graph":[{"@type":"WebPage","@id":"https:\/\/patternenergy.com\/fr\/normes-de-conduite-de-sunzia-ferc\/","url":"https:\/\/patternenergy.com\/fr\/normes-de-conduite-de-sunzia-ferc\/","name":"Normes de conduite de SunZia FERC - Pattern Energy","isPartOf":{"@id":"https:\/\/patternenergy.com\/fr\/#website"},"datePublished":"2025-09-17T19:58:30+00:00","dateModified":"2026-04-02T12:16:25+00:00","breadcrumb":{"@id":"https:\/\/patternenergy.com\/fr\/normes-de-conduite-de-sunzia-ferc\/#breadcrumb"},"inLanguage":"fr-FR","potentialAction":[{"@type":"ReadAction","target":["https:\/\/patternenergy.com\/fr\/normes-de-conduite-de-sunzia-ferc\/"]}]},{"@type":"BreadcrumbList","@id":"https:\/\/patternenergy.com\/fr\/normes-de-conduite-de-sunzia-ferc\/#breadcrumb","itemListElement":[{"@type":"ListItem","position":1,"name":"Home","item":"https:\/\/patternenergy.com\/fr\/"},{"@type":"ListItem","position":2,"name":"Normes de conduite de SunZia FERC"}]},{"@type":"WebSite","@id":"https:\/\/patternenergy.com\/fr\/#website","url":"https:\/\/patternenergy.com\/fr\/","name":"Pattern Energy","description":"Nous d\u00e9veloppons, construisons, poss\u00e9dons et exploitons des projets \u00e9oliens, solaires, de transport et de stockage d'\u00e9nergie de haute qualit\u00e9 dans le monde entier.","publisher":{"@id":"https:\/\/patternenergy.com\/fr\/#organization"},"potentialAction":[{"@type":"SearchAction","target":{"@type":"EntryPoint","urlTemplate":"https:\/\/patternenergy.com\/fr\/?s={search_term_string}"},"query-input":{"@type":"PropertyValueSpecification","valueRequired":true,"valueName":"search_term_string"}}],"inLanguage":"fr-FR"},{"@type":"Organization","@id":"https:\/\/patternenergy.com\/fr\/#organization","name":"Pattern Energy","url":"https:\/\/patternenergy.com\/fr\/","logo":{"@type":"ImageObject","inLanguage":"fr-FR","@id":"https:\/\/patternenergy.com\/fr\/#\/schema\/logo\/image\/","url":"https:\/\/patternenergy.com\/wp-content\/uploads\/2022\/01\/Pattern-Energy-Media-thumbnail-logo.jpg","contentUrl":"https:\/\/patternenergy.com\/wp-content\/uploads\/2022\/01\/Pattern-Energy-Media-thumbnail-logo.jpg","width":1200,"height":627,"caption":"Pattern Energy"},"image":{"@id":"https:\/\/patternenergy.com\/fr\/#\/schema\/logo\/image\/"},"sameAs":["https:\/\/www.facebook.com\/PatternEnergy\/","https:\/\/instagram.com\/patternenergy?utm_medium=copy_link","https:\/\/www.linkedin.com\/company\/pattern-energy","https:\/\/www.youtube.com\/user\/PatternEnergy?app=desktop","https:\/\/web.cauze.com\/company\/293"]}]}},"_links":{"self":[{"href":"https:\/\/patternenergy.com\/fr\/wp-json\/wp\/v2\/pages\/22988","targetHints":{"allow":["GET"]}}],"collection":[{"href":"https:\/\/patternenergy.com\/fr\/wp-json\/wp\/v2\/pages"}],"about":[{"href":"https:\/\/patternenergy.com\/fr\/wp-json\/wp\/v2\/types\/page"}],"author":[{"embeddable":true,"href":"https:\/\/patternenergy.com\/fr\/wp-json\/wp\/v2\/users\/3"}],"replies":[{"embeddable":true,"href":"https:\/\/patternenergy.com\/fr\/wp-json\/wp\/v2\/comments?post=22988"}],"version-history":[{"count":3,"href":"https:\/\/patternenergy.com\/fr\/wp-json\/wp\/v2\/pages\/22988\/revisions"}],"predecessor-version":[{"id":25761,"href":"https:\/\/patternenergy.com\/fr\/wp-json\/wp\/v2\/pages\/22988\/revisions\/25761"}],"wp:attachment":[{"href":"https:\/\/patternenergy.com\/fr\/wp-json\/wp\/v2\/media?parent=22988"}],"curies":[{"name":"wp","href":"https:\/\/api.w.org\/{rel}","templated":true}]}}