{"id":22980,"date":"2025-09-17T14:37:03","date_gmt":"2025-09-17T19:37:03","guid":{"rendered":"https:\/\/patternenergy.com\/conformite-de-pattern-energy-group-lp\/"},"modified":"2026-03-12T08:56:42","modified_gmt":"2026-03-12T13:56:42","slug":"conformite-de-pattern-energy-group-lp","status":"publish","type":"page","link":"https:\/\/patternenergy.com\/fr\/conformite-de-pattern-energy-group-lp\/","title":{"rendered":"Conformit\u00e9 de Pattern Energy Group LP"},"content":{"rendered":"\n<section class=\"textual-content no-space-bottom type-default\" >\n\t\n\t<div class=\"holder block-entry animated\">\n\t\t\n\t\t\t\t\t\t\n\t\t<div class=\"acf-innerblocks-container\">\n\n<h1 class=\"wp-block-heading\"><strong>Pattern Energy Group, LP Conformit\u00e9<\/strong><\/h1>\n\n<\/div>\t\t\n\t<\/div>\n<\/section><!-- Textual Content -->\n<section class=\"textual-content type-default\" >\n\t\n\t<div class=\"holder block-entry animated\">\n\t\t\n\t\t\t\t\t\t\n\t\t<div class=\"acf-innerblocks-container\">\n\n<p><strong>Normes de conduite de la FERC<\/strong><\/p>\n\n\n\n<div class=\"wp-block-buttons is-layout-flex wp-block-buttons-is-layout-flex\">\n<div class=\"wp-block-button\"><a class=\"wp-block-button__link wp-element-button\" href=\"https:\/\/patternenergy.com\/fr\/normes-de-conduite-de-sunzia-ferc\/\">Normes de conduite de SunZia FERC<\/a><\/div>\n<\/div>\n\n<\/div>\t\t\n\t<\/div>\n<\/section><!-- Textual Content -->","protected":false},"excerpt":{"rendered":"","protected":false},"author":3,"featured_media":0,"parent":0,"menu_order":0,"comment_status":"closed","ping_status":"closed","template":"","meta":{"_acf_changed":false,"footnotes":""},"class_list":["post-22980","page","type-page","status-publish","hentry"],"acf":[],"yoast_head":"<!-- This site is optimized with the Yoast SEO plugin v27.4 - https:\/\/yoast.com\/product\/yoast-seo-wordpress\/ -->\n<title>Conformit\u00e9 de Pattern Energy Group LP : : Pattern Energy.<\/title>\n<meta name=\"description\" content=\"Conformit\u00e9 de Pattern Energy Group LP : Transparence et affichage des normes de conduite de la FERC pour les activit\u00e9s r\u00e9glement\u00e9es.\" \/>\n<meta name=\"robots\" content=\"index, follow, max-snippet:-1, max-image-preview:large, max-video-preview:-1\" \/>\n<link rel=\"canonical\" href=\"https:\/\/patternenergy.com\/fr\/conformite-de-pattern-energy-group-lp\/\" \/>\n<meta property=\"og:locale\" content=\"fr_FR\" \/>\n<meta property=\"og:type\" content=\"article\" \/>\n<meta property=\"og:title\" content=\"Conformit\u00e9 de Pattern Energy Group LP - %.\" \/>\n<meta property=\"og:description\" content=\"Conformit\u00e9 de Pattern Energy Group LP : Transparence et affichage des normes de conduite de la FERC pour les activit\u00e9s r\u00e9glement\u00e9es.\" \/>\n<meta property=\"og:url\" content=\"https:\/\/patternenergy.com\/fr\/conformite-de-pattern-energy-group-lp\/\" \/>\n<meta property=\"og:site_name\" content=\"Pattern Energy\" \/>\n<meta property=\"article:publisher\" content=\"https:\/\/www.facebook.com\/PatternEnergy\/\" \/>\n<meta property=\"article:modified_time\" content=\"2026-03-12T13:56:42+00:00\" \/>\n<meta property=\"og:image\" content=\"https:\/\/patternenergy.com\/wp-content\/uploads\/2022\/01\/Pattern-Energy-Media-thumbnail-logo-1024x535.jpg\" \/>\n<meta name=\"twitter:card\" content=\"summary_large_image\" \/>\n<meta name=\"twitter:title\" content=\"Conformit\u00e9 de Pattern Energy Group LP - %.\" \/>\n<meta name=\"twitter:description\" content=\"Conformit\u00e9 de Pattern Energy Group LP : Transparence et affichage des normes de conduite de la FERC pour les activit\u00e9s r\u00e9glement\u00e9es.\" \/>\n<meta name=\"twitter:image\" content=\"https:\/\/patternenergy.com\/wp-content\/uploads\/2022\/01\/Pattern-Energy-Media-thumbnail-logo-1024x535.jpg\" \/>\n<script type=\"application\/ld+json\" class=\"yoast-schema-graph\">{\"@context\":\"https:\\\/\\\/schema.org\",\"@graph\":[{\"@type\":\"WebPage\",\"@id\":\"https:\\\/\\\/patternenergy.com\\\/fr\\\/conformite-de-pattern-energy-group-lp\\\/\",\"url\":\"https:\\\/\\\/patternenergy.com\\\/fr\\\/conformite-de-pattern-energy-group-lp\\\/\",\"name\":\"Conformit\u00e9 de Pattern Energy Group LP : : Pattern Energy.\",\"isPartOf\":{\"@id\":\"https:\\\/\\\/patternenergy.com\\\/fr\\\/#website\"},\"datePublished\":\"2025-09-17T19:37:03+00:00\",\"dateModified\":\"2026-03-12T13:56:42+00:00\",\"description\":\"Conformit\u00e9 de Pattern Energy Group LP : Transparence et affichage des normes de conduite de la FERC pour les activit\u00e9s r\u00e9glement\u00e9es.\",\"breadcrumb\":{\"@id\":\"https:\\\/\\\/patternenergy.com\\\/fr\\\/conformite-de-pattern-energy-group-lp\\\/#breadcrumb\"},\"inLanguage\":\"fr-FR\",\"potentialAction\":[{\"@type\":\"ReadAction\",\"target\":[\"https:\\\/\\\/patternenergy.com\\\/fr\\\/conformite-de-pattern-energy-group-lp\\\/\"]}]},{\"@type\":\"BreadcrumbList\",\"@id\":\"https:\\\/\\\/patternenergy.com\\\/fr\\\/conformite-de-pattern-energy-group-lp\\\/#breadcrumb\",\"itemListElement\":[{\"@type\":\"ListItem\",\"position\":1,\"name\":\"Home\",\"item\":\"https:\\\/\\\/patternenergy.com\\\/fr\\\/\"},{\"@type\":\"ListItem\",\"position\":2,\"name\":\"Conformit\u00e9 de Pattern Energy Group LP\"}]},{\"@type\":\"WebSite\",\"@id\":\"https:\\\/\\\/patternenergy.com\\\/fr\\\/#website\",\"url\":\"https:\\\/\\\/patternenergy.com\\\/fr\\\/\",\"name\":\"Pattern Energy\",\"description\":\"Nous d\u00e9veloppons, construisons, poss\u00e9dons et exploitons des projets \u00e9oliens, solaires, de transport et de stockage d'\u00e9nergie de haute qualit\u00e9 dans le monde entier.\",\"publisher\":{\"@id\":\"https:\\\/\\\/patternenergy.com\\\/fr\\\/#organization\"},\"potentialAction\":[{\"@type\":\"SearchAction\",\"target\":{\"@type\":\"EntryPoint\",\"urlTemplate\":\"https:\\\/\\\/patternenergy.com\\\/fr\\\/?s={search_term_string}\"},\"query-input\":{\"@type\":\"PropertyValueSpecification\",\"valueRequired\":true,\"valueName\":\"search_term_string\"}}],\"inLanguage\":\"fr-FR\"},{\"@type\":\"Organization\",\"@id\":\"https:\\\/\\\/patternenergy.com\\\/fr\\\/#organization\",\"name\":\"Pattern Energy\",\"url\":\"https:\\\/\\\/patternenergy.com\\\/fr\\\/\",\"logo\":{\"@type\":\"ImageObject\",\"inLanguage\":\"fr-FR\",\"@id\":\"https:\\\/\\\/patternenergy.com\\\/fr\\\/#\\\/schema\\\/logo\\\/image\\\/\",\"url\":\"https:\\\/\\\/patternenergy.com\\\/wp-content\\\/uploads\\\/2022\\\/01\\\/Pattern-Energy-Media-thumbnail-logo.jpg\",\"contentUrl\":\"https:\\\/\\\/patternenergy.com\\\/wp-content\\\/uploads\\\/2022\\\/01\\\/Pattern-Energy-Media-thumbnail-logo.jpg\",\"width\":1200,\"height\":627,\"caption\":\"Pattern Energy\"},\"image\":{\"@id\":\"https:\\\/\\\/patternenergy.com\\\/fr\\\/#\\\/schema\\\/logo\\\/image\\\/\"},\"sameAs\":[\"https:\\\/\\\/www.facebook.com\\\/PatternEnergy\\\/\",\"https:\\\/\\\/instagram.com\\\/patternenergy?utm_medium=copy_link\",\"https:\\\/\\\/www.linkedin.com\\\/company\\\/pattern-energy\",\"https:\\\/\\\/www.youtube.com\\\/user\\\/PatternEnergy?app=desktop\",\"https:\\\/\\\/web.cauze.com\\\/company\\\/293\"]}]}<\/script>\n<!-- \/ Yoast SEO plugin. -->","yoast_head_json":{"title":"Conformit\u00e9 de Pattern Energy Group LP : : Pattern Energy.","description":"Conformit\u00e9 de Pattern Energy Group LP : Transparence et affichage des normes de conduite de la FERC pour les activit\u00e9s r\u00e9glement\u00e9es.","robots":{"index":"index","follow":"follow","max-snippet":"max-snippet:-1","max-image-preview":"max-image-preview:large","max-video-preview":"max-video-preview:-1"},"canonical":"https:\/\/patternenergy.com\/fr\/conformite-de-pattern-energy-group-lp\/","og_locale":"fr_FR","og_type":"article","og_title":"Conformit\u00e9 de Pattern Energy Group LP - %.","og_description":"Conformit\u00e9 de Pattern Energy Group LP : Transparence et affichage des normes de conduite de la FERC pour les activit\u00e9s r\u00e9glement\u00e9es.","og_url":"https:\/\/patternenergy.com\/fr\/conformite-de-pattern-energy-group-lp\/","og_site_name":"Pattern Energy","article_publisher":"https:\/\/www.facebook.com\/PatternEnergy\/","article_modified_time":"2026-03-12T13:56:42+00:00","og_image":[{"url":"https:\/\/patternenergy.com\/wp-content\/uploads\/2022\/01\/Pattern-Energy-Media-thumbnail-logo-1024x535.jpg","type":"","width":"","height":""}],"twitter_card":"summary_large_image","twitter_title":"Conformit\u00e9 de Pattern Energy Group LP - %.","twitter_description":"Conformit\u00e9 de Pattern Energy Group LP : Transparence et affichage des normes de conduite de la FERC pour les activit\u00e9s r\u00e9glement\u00e9es.","twitter_image":"https:\/\/patternenergy.com\/wp-content\/uploads\/2022\/01\/Pattern-Energy-Media-thumbnail-logo-1024x535.jpg","schema":{"@context":"https:\/\/schema.org","@graph":[{"@type":"WebPage","@id":"https:\/\/patternenergy.com\/fr\/conformite-de-pattern-energy-group-lp\/","url":"https:\/\/patternenergy.com\/fr\/conformite-de-pattern-energy-group-lp\/","name":"Conformit\u00e9 de Pattern Energy Group LP : : Pattern Energy.","isPartOf":{"@id":"https:\/\/patternenergy.com\/fr\/#website"},"datePublished":"2025-09-17T19:37:03+00:00","dateModified":"2026-03-12T13:56:42+00:00","description":"Conformit\u00e9 de Pattern Energy Group LP : Transparence et affichage des normes de conduite de la FERC pour les activit\u00e9s r\u00e9glement\u00e9es.","breadcrumb":{"@id":"https:\/\/patternenergy.com\/fr\/conformite-de-pattern-energy-group-lp\/#breadcrumb"},"inLanguage":"fr-FR","potentialAction":[{"@type":"ReadAction","target":["https:\/\/patternenergy.com\/fr\/conformite-de-pattern-energy-group-lp\/"]}]},{"@type":"BreadcrumbList","@id":"https:\/\/patternenergy.com\/fr\/conformite-de-pattern-energy-group-lp\/#breadcrumb","itemListElement":[{"@type":"ListItem","position":1,"name":"Home","item":"https:\/\/patternenergy.com\/fr\/"},{"@type":"ListItem","position":2,"name":"Conformit\u00e9 de Pattern Energy Group LP"}]},{"@type":"WebSite","@id":"https:\/\/patternenergy.com\/fr\/#website","url":"https:\/\/patternenergy.com\/fr\/","name":"Pattern Energy","description":"Nous d\u00e9veloppons, construisons, poss\u00e9dons et exploitons des projets \u00e9oliens, solaires, de transport et de stockage d'\u00e9nergie de haute qualit\u00e9 dans le monde entier.","publisher":{"@id":"https:\/\/patternenergy.com\/fr\/#organization"},"potentialAction":[{"@type":"SearchAction","target":{"@type":"EntryPoint","urlTemplate":"https:\/\/patternenergy.com\/fr\/?s={search_term_string}"},"query-input":{"@type":"PropertyValueSpecification","valueRequired":true,"valueName":"search_term_string"}}],"inLanguage":"fr-FR"},{"@type":"Organization","@id":"https:\/\/patternenergy.com\/fr\/#organization","name":"Pattern Energy","url":"https:\/\/patternenergy.com\/fr\/","logo":{"@type":"ImageObject","inLanguage":"fr-FR","@id":"https:\/\/patternenergy.com\/fr\/#\/schema\/logo\/image\/","url":"https:\/\/patternenergy.com\/wp-content\/uploads\/2022\/01\/Pattern-Energy-Media-thumbnail-logo.jpg","contentUrl":"https:\/\/patternenergy.com\/wp-content\/uploads\/2022\/01\/Pattern-Energy-Media-thumbnail-logo.jpg","width":1200,"height":627,"caption":"Pattern Energy"},"image":{"@id":"https:\/\/patternenergy.com\/fr\/#\/schema\/logo\/image\/"},"sameAs":["https:\/\/www.facebook.com\/PatternEnergy\/","https:\/\/instagram.com\/patternenergy?utm_medium=copy_link","https:\/\/www.linkedin.com\/company\/pattern-energy","https:\/\/www.youtube.com\/user\/PatternEnergy?app=desktop","https:\/\/web.cauze.com\/company\/293"]}]}},"_links":{"self":[{"href":"https:\/\/patternenergy.com\/fr\/wp-json\/wp\/v2\/pages\/22980","targetHints":{"allow":["GET"]}}],"collection":[{"href":"https:\/\/patternenergy.com\/fr\/wp-json\/wp\/v2\/pages"}],"about":[{"href":"https:\/\/patternenergy.com\/fr\/wp-json\/wp\/v2\/types\/page"}],"author":[{"embeddable":true,"href":"https:\/\/patternenergy.com\/fr\/wp-json\/wp\/v2\/users\/3"}],"replies":[{"embeddable":true,"href":"https:\/\/patternenergy.com\/fr\/wp-json\/wp\/v2\/comments?post=22980"}],"version-history":[{"count":1,"href":"https:\/\/patternenergy.com\/fr\/wp-json\/wp\/v2\/pages\/22980\/revisions"}],"predecessor-version":[{"id":25583,"href":"https:\/\/patternenergy.com\/fr\/wp-json\/wp\/v2\/pages\/22980\/revisions\/25583"}],"wp:attachment":[{"href":"https:\/\/patternenergy.com\/fr\/wp-json\/wp\/v2\/media?parent=22980"}],"curies":[{"name":"wp","href":"https:\/\/api.w.org\/{rel}","templated":true}]}}