{"id":20927,"date":"2024-10-10T02:54:51","date_gmt":"2024-10-10T07:54:51","guid":{"rendered":"https:\/\/patternenergy.com\/avantages-et-reconnaissance\/"},"modified":"2024-10-10T02:58:33","modified_gmt":"2024-10-10T07:58:33","slug":"avantages-et-reconnaissance","status":"publish","type":"page","link":"https:\/\/patternenergy.com\/fr\/avantages-et-reconnaissance\/","title":{"rendered":"Avantages et reconnaissance"},"content":{"rendered":"\n\n<section class=\"hero alt mob-auto-height\" style=\"background-image: url(https:\/\/patternenergy.com\/wp-content\/uploads\/2024\/06\/240409_MJ-Electric-SunZia-Foundations039-Gradient-homepage2.jpg);\">\n\t<div class=\"holder\">\n\t\t<article>\n\t\t\t<div class=\"acf-innerblocks-container\">\n\n<h1 class=\"wp-block-heading\">Avantages et reconnaissance<\/h1>\n\n<\/div>\t\t\t\t\t\t<div class=\"wp-block-buttons is-layout-flex wp-block-buttons-is-layout-flex\">\n\t\t\t\t<div class=\"wp-block-button boxed white has-arrow\">\n\t\t\t\t\t<a href=\"https:\/\/vimeo.com\/955566482?share=copy\" class=\"popup-video wp-block-button__link wp-element-button\" data-fancybox>Regardez la vid\u00e9o de la cha\u00eene Crew<span><\/span><\/a>\n\t\t\t\t<\/div>\n\t\t\t<\/div>\n\t\t\t\t\t\t\t\t<\/article>\n\t\t<span class=\"scroll-indicator\"><em>D\u00e9filement vers le bas<\/em><\/span>\n\t<\/div>\n<\/section>\n\n\n<section class=\"crew-stories-outer perks-stories\">\n    <div class=\"holder post-grid-outer\">\n\n        <div class=\"news-top\">\n            <div class=\"filter-outer\">\n                <div class=\"col\">\n                                            <h5>Articles d&rsquo;actualit\u00e9<\/h5>\n                                    <\/div>\n            <\/div>\n        <\/div>\n\n        <div class=\"post-grid\">\n            \n            <article>\n\t<a href=\"https:\/\/patternenergy.com\/fr\/crew\/may-crew-recognition\/\" class=\"history-btn outer-box\" target=\"_blank\">\n\t\t<figure class=\"img-holder\">\n\t\t\t<span style=\"background-image: url(https:\/\/patternenergy.com\/wp-content\/uploads\/2025\/06\/David-Grenier-600x850.jpeg\"><\/span>\n\t\t<\/figure>\n\t\t<div class=\"txt\">\n\t\t\t<h4>May Crew Recognition<\/h4>\n                            <p>On behalf of all the leadership teams across SunZia, we want to express our gratitude to each of you.\r\nYour&#8230;<\/p>            \t\t\t<span>Lire la suite<\/span>\n\t\t<\/div>\n\t<\/a>\n<\/article><article>\n\t<a href=\"https:\/\/patternenergy.com\/fr\/crew\/march-2025-recognition\/\" class=\"history-btn outer-box\" target=\"_blank\">\n\t\t<figure class=\"img-holder\">\n\t\t\t<span style=\"background-image: url(https:\/\/patternenergy.com\/wp-content\/uploads\/2025\/04\/Robert-Mifsud-600x850.jpg\"><\/span>\n\t\t<\/figure>\n\t\t<div class=\"txt\">\n\t\t\t<h4>March 2025 Recognition<\/h4>\n                            <p>On behalf of all the leadership teams across SunZia, we want to express our gratitude to each of you.\r\nYour&#8230;<\/p>            \t\t\t<span>Lire la suite<\/span>\n\t\t<\/div>\n\t<\/a>\n<\/article><article>\n\t<a href=\"https:\/\/patternenergy.com\/fr\/crew\/february-2025-recognition\/\" class=\"history-btn outer-box\" target=\"_blank\">\n\t\t<figure class=\"img-holder\">\n\t\t\t<span style=\"background-image: url(https:\/\/patternenergy.com\/wp-content\/uploads\/2025\/04\/Miriam-Hernandez-600x850.jpg\"><\/span>\n\t\t<\/figure>\n\t\t<div class=\"txt\">\n\t\t\t<h4>February 2025 Recognition<\/h4>\n                            <p>On behalf of all the leadership teams across SunZia, we want to express our gratitude to each of you.\r\nYour&#8230;<\/p>            \t\t\t<span>Lire la suite<\/span>\n\t\t<\/div>\n\t<\/a>\n<\/article><article>\n\t<a href=\"https:\/\/patternenergy.com\/fr\/crew\/january-15th-crew-recognition\/\" class=\"history-btn outer-box\" target=\"_blank\">\n\t\t<figure class=\"img-holder\">\n\t\t\t<span style=\"background-image: url(https:\/\/patternenergy.com\/wp-content\/uploads\/2025\/01\/Recongnition_-Devin-Anderson-952625889825412410.jpeg-600x850.jpg\"><\/span>\n\t\t<\/figure>\n\t\t<div class=\"txt\">\n\t\t\t<h4>January 15th Crew Recognition<\/h4>\n                            <p>On behalf of all the leadership teams across SunZia, we want to express our gratitude to each of you.\r\nYour&#8230;<\/p>            \t\t\t<span>Lire la suite<\/span>\n\t\t<\/div>\n\t<\/a>\n<\/article><article>\n\t<a href=\"https:\/\/patternenergy.com\/fr\/crew\/january-7th-crew-recognition\/\" class=\"history-btn outer-box\" target=\"_blank\">\n\t\t<figure class=\"img-holder\">\n\t\t\t<span style=\"background-image: url(https:\/\/patternenergy.com\/wp-content\/uploads\/2025\/01\/Recongnition_-Kelly-Steen_20240617_130753-600x850.jpg\"><\/span>\n\t\t<\/figure>\n\t\t<div class=\"txt\">\n\t\t\t<h4>January 7th Crew Recognition<\/h4>\n                            <p>On behalf of all the leadership teams across SunZia, we want to express our gratitude to each of you.\r\nYour&#8230;<\/p>            \t\t\t<span>Lire la suite<\/span>\n\t\t<\/div>\n\t<\/a>\n<\/article><article>\n\t<a href=\"https:\/\/patternenergy.com\/fr\/crew\/december-18th-crew-recognition\/\" class=\"history-btn outer-box\" target=\"_blank\">\n\t\t<figure class=\"img-holder\">\n\t\t\t<span style=\"background-image: url(https:\/\/patternenergy.com\/wp-content\/uploads\/2025\/01\/Recongnition_-Dustin-Carter-img_2991.jpeg-600x850.jpg\"><\/span>\n\t\t<\/figure>\n\t\t<div class=\"txt\">\n\t\t\t<h4>December 18th Crew Recognition<\/h4>\n                            <p>On behalf of all the leadership teams across SunZia, we want to express our gratitude to each of you.\r\nYour&#8230;<\/p>            \t\t\t<span>Lire la suite<\/span>\n\t\t<\/div>\n\t<\/a>\n<\/article><article>\n\t<a href=\"https:\/\/patternenergy.com\/fr\/crew\/december-qisg-recognition\/\" class=\"history-btn outer-box\" target=\"_blank\">\n\t\t<figure class=\"img-holder\">\n\t\t\t<span style=\"background-image: url(https:\/\/patternenergy.com\/wp-content\/uploads\/2024\/12\/QISG-MA-3D-Digital-Icon-Gray-tagged-600x850.jpg\"><\/span>\n\t\t<\/figure>\n\t\t<div class=\"txt\">\n\t\t\t<h4>QISG December Recognition<\/h4>\n                            <p>Section 1: Chandler Montgomery:\r\n\r\nChandler has been working with the contractor in the notorious San Pedro&#8230;<\/p>            \t\t\t<span>Lire la suite<\/span>\n\t\t<\/div>\n\t<\/a>\n<\/article><article>\n\t<a href=\"https:\/\/patternenergy.com\/fr\/crew\/canacre-environmental-work-recongition\/\" class=\"history-btn outer-box\" target=\"_blank\">\n\t\t<figure class=\"img-holder\">\n\t\t\t<span style=\"background-image: url(https:\/\/patternenergy.com\/wp-content\/uploads\/2024\/06\/Ryan-St-Louis-600x850.png\"><\/span>\n\t\t<\/figure>\n\t\t<div class=\"txt\">\n\t\t\t<h4>Canacre Environmental Work Recognition<\/h4>\n                            <p>Pattern presented a gift card to Canacre\u2019s Katie Ribeca for her outstanding environmental work in Section&#8230;<\/p>            \t\t\t<span>Lire la suite<\/span>\n\t\t<\/div>\n\t<\/a>\n<\/article><article>\n\t<a href=\"https:\/\/patternenergy.com\/fr\/crew\/valard-crew-fire-response-recognition\/\" class=\"history-btn outer-box\" target=\"_blank\">\n\t\t<figure class=\"img-holder\">\n\t\t\t<span style=\"background-image: url(https:\/\/patternenergy.com\/wp-content\/uploads\/2024\/06\/Valard-Fire-Crew-Recognition-600x850.png\"><\/span>\n\t\t<\/figure>\n\t\t<div class=\"txt\">\n\t\t\t<h4>Valard Crew Fire Response Recognition<\/h4>\n                            <p>Valard assembly crew members who responded to the brush fire on May 30th received gift cards from Pattern for&#8230;<\/p>            \t\t\t<span>Lire la suite<\/span>\n\t\t<\/div>\n\t<\/a>\n<\/article><article>\n\t<a href=\"https:\/\/patternenergy.com\/fr\/crew\/safety-and-precision-in-the-skies-a-close-call-in-paige-canyon\/\" class=\"history-btn outer-box\" target=\"_blank\">\n\t\t<figure class=\"img-holder\">\n\t\t\t<span style=\"background-image: url(https:\/\/patternenergy.com\/wp-content\/uploads\/2024\/06\/Tense-Moment-over-page-canyon-PJ-helicopters2-600x850.png\"><\/span>\n\t\t<\/figure>\n\t\t<div class=\"txt\">\n\t\t\t<h4>Safety and Precision in the Skies: A Close Call in Paige Canyon<\/h4>\n                            <p>On the 1st of May, 2024, the skies above Paige Canyon were the scene of a tense moment.\r\n\r\n\r\nOn the 1st of&#8230;<\/p>            \t\t\t<span>Lire la suite<\/span>\n\t\t<\/div>\n\t<\/a>\n<\/article><article>\n\t<a href=\"https:\/\/patternenergy.com\/fr\/crew\/whos-getting-noticed-for-exceptional-work\/\" class=\"history-btn outer-box\" target=\"_blank\">\n\t\t<figure class=\"img-holder\">\n\t\t\t<span style=\"background-image: url(https:\/\/patternenergy.com\/wp-content\/uploads\/2024\/06\/Whos-getting-noticed-for-exceptional-work1-600x598.jpg\"><\/span>\n\t\t<\/figure>\n\t\t<div class=\"txt\">\n\t\t\t<h4>Who\u2019s getting noticed for exceptional work<\/h4>\n                            <p>This month\u2019s top performers in safety, leadership, and modeling professionalism.\r\n\r\n\r\nLuis&#8230;<\/p>            \t\t\t<span>Lire la suite<\/span>\n\t\t<\/div>\n\t<\/a>\n<\/article>\n        <\/div>\n\n    <\/div>\n<\/section>\n\n<section class=\"textual-content no-space-bottom type-default\" >\n\t\n\t<div class=\"holder block-entry animated\">\n\t\t\n\t\t\t\t\t\t\n\t\t<div class=\"acf-innerblocks-container\">\n\n<figure class=\"wp-block-image size-full with-anim\"><img decoding=\"async\" src=\"https:\/\/patternenergy.com\/wp-content\/uploads\/2024\/10\/welcome-scaled.jpg\" alt=\"Panneau de la zone faunique de Cheyenne Bottoms\" class=\"wp-image-9078\"\/><figcaption class=\"wp-element-caption\">Bienvenue \u00e0 la r\u00e9serve naturelle de Cheyenne Bottoms<\/figcaption><\/figure>\n\n<\/div>\t\t\n\t<\/div>\n<\/section><!-- Textual Content -->","protected":false},"excerpt":{"rendered":"","protected":false},"author":1,"featured_media":0,"parent":0,"menu_order":0,"comment_status":"closed","ping_status":"closed","template":"","meta":{"_acf_changed":false,"footnotes":""},"class_list":["post-20927","page","type-page","status-publish","hentry"],"acf":[],"yoast_head":"<!-- This site is optimized with the Yoast SEO plugin v27.4 - https:\/\/yoast.com\/product\/yoast-seo-wordpress\/ -->\n<title>Avantages et reconnaissance - Pattern Energy<\/title>\n<meta name=\"robots\" content=\"index, follow, max-snippet:-1, max-image-preview:large, max-video-preview:-1\" \/>\n<link rel=\"canonical\" href=\"https:\/\/patternenergy.com\/fr\/avantages-et-reconnaissance\/\" \/>\n<meta property=\"og:locale\" content=\"fr_FR\" \/>\n<meta property=\"og:type\" content=\"article\" \/>\n<meta property=\"og:title\" content=\"Avantages et reconnaissance - Pattern Energy\" \/>\n<meta property=\"og:url\" content=\"https:\/\/patternenergy.com\/fr\/avantages-et-reconnaissance\/\" \/>\n<meta property=\"og:site_name\" content=\"Pattern Energy\" \/>\n<meta property=\"article:publisher\" content=\"https:\/\/www.facebook.com\/PatternEnergy\/\" \/>\n<meta property=\"article:modified_time\" content=\"2024-10-10T07:58:33+00:00\" \/>\n<meta property=\"og:image\" content=\"https:\/\/patternenergy.com\/wp-content\/uploads\/2024\/10\/welcome-scaled.jpg\" \/>\n<meta name=\"twitter:card\" content=\"summary_large_image\" \/>\n<script type=\"application\/ld+json\" class=\"yoast-schema-graph\">{\"@context\":\"https:\\\/\\\/schema.org\",\"@graph\":[{\"@type\":\"WebPage\",\"@id\":\"https:\\\/\\\/patternenergy.com\\\/fr\\\/avantages-et-reconnaissance\\\/\",\"url\":\"https:\\\/\\\/patternenergy.com\\\/fr\\\/avantages-et-reconnaissance\\\/\",\"name\":\"Avantages et reconnaissance - Pattern Energy\",\"isPartOf\":{\"@id\":\"https:\\\/\\\/patternenergy.com\\\/fr\\\/#website\"},\"primaryImageOfPage\":{\"@id\":\"https:\\\/\\\/patternenergy.com\\\/fr\\\/avantages-et-reconnaissance\\\/#primaryimage\"},\"image\":{\"@id\":\"https:\\\/\\\/patternenergy.com\\\/fr\\\/avantages-et-reconnaissance\\\/#primaryimage\"},\"thumbnailUrl\":\"https:\\\/\\\/patternenergy.com\\\/wp-content\\\/uploads\\\/2024\\\/10\\\/welcome-scaled.jpg\",\"datePublished\":\"2024-10-10T07:54:51+00:00\",\"dateModified\":\"2024-10-10T07:58:33+00:00\",\"breadcrumb\":{\"@id\":\"https:\\\/\\\/patternenergy.com\\\/fr\\\/avantages-et-reconnaissance\\\/#breadcrumb\"},\"inLanguage\":\"fr-FR\",\"potentialAction\":[{\"@type\":\"ReadAction\",\"target\":[\"https:\\\/\\\/patternenergy.com\\\/fr\\\/avantages-et-reconnaissance\\\/\"]}]},{\"@type\":\"ImageObject\",\"inLanguage\":\"fr-FR\",\"@id\":\"https:\\\/\\\/patternenergy.com\\\/fr\\\/avantages-et-reconnaissance\\\/#primaryimage\",\"url\":\"https:\\\/\\\/patternenergy.com\\\/wp-content\\\/uploads\\\/2024\\\/10\\\/welcome-scaled.jpg\",\"contentUrl\":\"https:\\\/\\\/patternenergy.com\\\/wp-content\\\/uploads\\\/2024\\\/10\\\/welcome-scaled.jpg\"},{\"@type\":\"BreadcrumbList\",\"@id\":\"https:\\\/\\\/patternenergy.com\\\/fr\\\/avantages-et-reconnaissance\\\/#breadcrumb\",\"itemListElement\":[{\"@type\":\"ListItem\",\"position\":1,\"name\":\"Home\",\"item\":\"https:\\\/\\\/patternenergy.com\\\/fr\\\/\"},{\"@type\":\"ListItem\",\"position\":2,\"name\":\"Avantages et reconnaissance\"}]},{\"@type\":\"WebSite\",\"@id\":\"https:\\\/\\\/patternenergy.com\\\/fr\\\/#website\",\"url\":\"https:\\\/\\\/patternenergy.com\\\/fr\\\/\",\"name\":\"Pattern Energy\",\"description\":\"Nous d\u00e9veloppons, construisons, poss\u00e9dons et exploitons des projets \u00e9oliens, solaires, de transport et de stockage d'\u00e9nergie de haute qualit\u00e9 dans le monde entier.\",\"publisher\":{\"@id\":\"https:\\\/\\\/patternenergy.com\\\/fr\\\/#organization\"},\"potentialAction\":[{\"@type\":\"SearchAction\",\"target\":{\"@type\":\"EntryPoint\",\"urlTemplate\":\"https:\\\/\\\/patternenergy.com\\\/fr\\\/?s={search_term_string}\"},\"query-input\":{\"@type\":\"PropertyValueSpecification\",\"valueRequired\":true,\"valueName\":\"search_term_string\"}}],\"inLanguage\":\"fr-FR\"},{\"@type\":\"Organization\",\"@id\":\"https:\\\/\\\/patternenergy.com\\\/fr\\\/#organization\",\"name\":\"Pattern Energy\",\"url\":\"https:\\\/\\\/patternenergy.com\\\/fr\\\/\",\"logo\":{\"@type\":\"ImageObject\",\"inLanguage\":\"fr-FR\",\"@id\":\"https:\\\/\\\/patternenergy.com\\\/fr\\\/#\\\/schema\\\/logo\\\/image\\\/\",\"url\":\"https:\\\/\\\/patternenergy.com\\\/wp-content\\\/uploads\\\/2022\\\/01\\\/Pattern-Energy-Media-thumbnail-logo.jpg\",\"contentUrl\":\"https:\\\/\\\/patternenergy.com\\\/wp-content\\\/uploads\\\/2022\\\/01\\\/Pattern-Energy-Media-thumbnail-logo.jpg\",\"width\":1200,\"height\":627,\"caption\":\"Pattern Energy\"},\"image\":{\"@id\":\"https:\\\/\\\/patternenergy.com\\\/fr\\\/#\\\/schema\\\/logo\\\/image\\\/\"},\"sameAs\":[\"https:\\\/\\\/www.facebook.com\\\/PatternEnergy\\\/\",\"https:\\\/\\\/instagram.com\\\/patternenergy?utm_medium=copy_link\",\"https:\\\/\\\/www.linkedin.com\\\/company\\\/pattern-energy\",\"https:\\\/\\\/www.youtube.com\\\/user\\\/PatternEnergy?app=desktop\",\"https:\\\/\\\/web.cauze.com\\\/company\\\/293\"]}]}<\/script>\n<!-- \/ Yoast SEO plugin. -->","yoast_head_json":{"title":"Avantages et reconnaissance - Pattern Energy","robots":{"index":"index","follow":"follow","max-snippet":"max-snippet:-1","max-image-preview":"max-image-preview:large","max-video-preview":"max-video-preview:-1"},"canonical":"https:\/\/patternenergy.com\/fr\/avantages-et-reconnaissance\/","og_locale":"fr_FR","og_type":"article","og_title":"Avantages et reconnaissance - Pattern Energy","og_url":"https:\/\/patternenergy.com\/fr\/avantages-et-reconnaissance\/","og_site_name":"Pattern Energy","article_publisher":"https:\/\/www.facebook.com\/PatternEnergy\/","article_modified_time":"2024-10-10T07:58:33+00:00","og_image":[{"url":"https:\/\/patternenergy.com\/wp-content\/uploads\/2024\/10\/welcome-scaled.jpg","type":"","width":"","height":""}],"twitter_card":"summary_large_image","schema":{"@context":"https:\/\/schema.org","@graph":[{"@type":"WebPage","@id":"https:\/\/patternenergy.com\/fr\/avantages-et-reconnaissance\/","url":"https:\/\/patternenergy.com\/fr\/avantages-et-reconnaissance\/","name":"Avantages et reconnaissance - Pattern Energy","isPartOf":{"@id":"https:\/\/patternenergy.com\/fr\/#website"},"primaryImageOfPage":{"@id":"https:\/\/patternenergy.com\/fr\/avantages-et-reconnaissance\/#primaryimage"},"image":{"@id":"https:\/\/patternenergy.com\/fr\/avantages-et-reconnaissance\/#primaryimage"},"thumbnailUrl":"https:\/\/patternenergy.com\/wp-content\/uploads\/2024\/10\/welcome-scaled.jpg","datePublished":"2024-10-10T07:54:51+00:00","dateModified":"2024-10-10T07:58:33+00:00","breadcrumb":{"@id":"https:\/\/patternenergy.com\/fr\/avantages-et-reconnaissance\/#breadcrumb"},"inLanguage":"fr-FR","potentialAction":[{"@type":"ReadAction","target":["https:\/\/patternenergy.com\/fr\/avantages-et-reconnaissance\/"]}]},{"@type":"ImageObject","inLanguage":"fr-FR","@id":"https:\/\/patternenergy.com\/fr\/avantages-et-reconnaissance\/#primaryimage","url":"https:\/\/patternenergy.com\/wp-content\/uploads\/2024\/10\/welcome-scaled.jpg","contentUrl":"https:\/\/patternenergy.com\/wp-content\/uploads\/2024\/10\/welcome-scaled.jpg"},{"@type":"BreadcrumbList","@id":"https:\/\/patternenergy.com\/fr\/avantages-et-reconnaissance\/#breadcrumb","itemListElement":[{"@type":"ListItem","position":1,"name":"Home","item":"https:\/\/patternenergy.com\/fr\/"},{"@type":"ListItem","position":2,"name":"Avantages et reconnaissance"}]},{"@type":"WebSite","@id":"https:\/\/patternenergy.com\/fr\/#website","url":"https:\/\/patternenergy.com\/fr\/","name":"Pattern Energy","description":"Nous d\u00e9veloppons, construisons, poss\u00e9dons et exploitons des projets \u00e9oliens, solaires, de transport et de stockage d'\u00e9nergie de haute qualit\u00e9 dans le monde entier.","publisher":{"@id":"https:\/\/patternenergy.com\/fr\/#organization"},"potentialAction":[{"@type":"SearchAction","target":{"@type":"EntryPoint","urlTemplate":"https:\/\/patternenergy.com\/fr\/?s={search_term_string}"},"query-input":{"@type":"PropertyValueSpecification","valueRequired":true,"valueName":"search_term_string"}}],"inLanguage":"fr-FR"},{"@type":"Organization","@id":"https:\/\/patternenergy.com\/fr\/#organization","name":"Pattern Energy","url":"https:\/\/patternenergy.com\/fr\/","logo":{"@type":"ImageObject","inLanguage":"fr-FR","@id":"https:\/\/patternenergy.com\/fr\/#\/schema\/logo\/image\/","url":"https:\/\/patternenergy.com\/wp-content\/uploads\/2022\/01\/Pattern-Energy-Media-thumbnail-logo.jpg","contentUrl":"https:\/\/patternenergy.com\/wp-content\/uploads\/2022\/01\/Pattern-Energy-Media-thumbnail-logo.jpg","width":1200,"height":627,"caption":"Pattern Energy"},"image":{"@id":"https:\/\/patternenergy.com\/fr\/#\/schema\/logo\/image\/"},"sameAs":["https:\/\/www.facebook.com\/PatternEnergy\/","https:\/\/instagram.com\/patternenergy?utm_medium=copy_link","https:\/\/www.linkedin.com\/company\/pattern-energy","https:\/\/www.youtube.com\/user\/PatternEnergy?app=desktop","https:\/\/web.cauze.com\/company\/293"]}]}},"_links":{"self":[{"href":"https:\/\/patternenergy.com\/fr\/wp-json\/wp\/v2\/pages\/20927","targetHints":{"allow":["GET"]}}],"collection":[{"href":"https:\/\/patternenergy.com\/fr\/wp-json\/wp\/v2\/pages"}],"about":[{"href":"https:\/\/patternenergy.com\/fr\/wp-json\/wp\/v2\/types\/page"}],"author":[{"embeddable":true,"href":"https:\/\/patternenergy.com\/fr\/wp-json\/wp\/v2\/users\/1"}],"replies":[{"embeddable":true,"href":"https:\/\/patternenergy.com\/fr\/wp-json\/wp\/v2\/comments?post=20927"}],"version-history":[{"count":0,"href":"https:\/\/patternenergy.com\/fr\/wp-json\/wp\/v2\/pages\/20927\/revisions"}],"wp:attachment":[{"href":"https:\/\/patternenergy.com\/fr\/wp-json\/wp\/v2\/media?parent=20927"}],"curies":[{"name":"wp","href":"https:\/\/api.w.org\/{rel}","templated":true}]}}