{"id":19219,"date":"2024-05-17T15:18:24","date_gmt":"2024-05-17T20:18:24","guid":{"rendered":"https:\/\/patternenergy.com\/page-de-test-jeremy\/"},"modified":"2024-05-17T15:35:46","modified_gmt":"2024-05-17T20:35:46","slug":"page-de-test-jeremy","status":"publish","type":"page","link":"https:\/\/patternenergy.com\/fr\/page-de-test-jeremy\/","title":{"rendered":"Page de test Jeremy"},"content":{"rendered":"\n<section class=\"two-columns type-default  \" >\n\t\t<div class=\"holder\">\n\t\t\n\t\t<div class=\"img-wrapper animated\">\n\t\t\t\t\t\t<div class=\"circles\">\n\t\t\t\t<span class=\"smaller parallax\" data-scale=\"0.00025\"><\/span>\n\t\t\t\t<span class=\"bigger parallax\" data-scale=\"0.00015\"><\/span>\n\t\t\t<\/div>\t\t\t\t\t\t\n\t\t\t<div class=\"img-holder\">\n\t\t\t\t<div class=\"img parallax\" data-speed=\"-0.1\">\n\t\t\t\t\t<span style=\"background-image: url(https:\/\/patternenergy.com\/wp-content\/uploads\/2024\/04\/thumbnail-barceloneta.jpg)\"><\/span>\n\t\t\t\t<\/div>\n\t\t\t<\/div>\n\t\t\t\n\t\t<\/div>\n\t\t\n\t\t\t\t<article class=\"parallax block-entry\" data-speed=\"0.025\">\n\t\t<div class=\"acf-innerblocks-container\">\n\n<p>kjakjhlsafdkjhsda asdhf lkasdf hashdfkl hasdkf hasjdhf lkajshf lkasjhf lasdjhfl jashdf lashdf jah filasdhf kashdf liahf lajhdf lkajdhs fasjhdf lashd fjashd f kjashdf lahlsdjfh alsjdhf lakjsdhf luuahiufhsa hiawefasiu.<\/p>\n\n\n\n<div class=\"wp-block-buttons is-layout-flex wp-block-buttons-is-layout-flex\">\n<div class=\"wp-block-button\"><a class=\"wp-block-button__link wp-element-button\" href=\"http:\/\/sdfasdfsa.com\" target=\"_blank\" rel=\"noreferrer noopener\">bouton ici<\/a><\/div>\n<\/div>\n\n<\/div>\t\t<\/article>\n\t\t\t\t\n\t<\/div>\n\t\n\t\t\n<\/section><!-- Two Columns -->\n\n<section class=\"textual-content no-space type-default\" >\n\t\n\t<div class=\"holder block-entry animated\">\n\t\t\n\t\t\t\t\t\t\n\t\t<div class=\"acf-innerblocks-container\">\n\n<div class=\"wp-block-columns is-layout-flex wp-container-core-columns-is-layout-9d6595d7 wp-block-columns-is-layout-flex\">\n<div class=\"wp-block-column is-layout-flow wp-block-column-is-layout-flow\" style=\"flex-basis:66.66%\">\n<p>dkjfhasdhf kjlasd hflkjasdkfj as;ldkjflasdk jf;asj dflasj dfl kjasdlfkjnonkfkc gn ksdnfkn vkjns d jfa lkjafl jsalkdf oaskdjf okaljf fsa ; kjasfd sajkdf.<\/p>\n<\/div>\n\n\n\n<div class=\"wp-block-column is-layout-flow wp-block-column-is-layout-flow\" style=\"flex-basis:33.33%\">\n<div class=\"wp-block-buttons is-layout-flex wp-block-buttons-is-layout-flex\">\n<div class=\"wp-block-button\"><a class=\"wp-block-button__link wp-element-button\">Voir le PDF<\/a><\/div>\n<\/div>\n<\/div>\n<\/div>\n\n<\/div>\t\t\n\t<\/div>\n<\/section><!-- Textual Content -->\n<section class=\"gallery-outer\" data-title=\"Galerie\">\n\t<div class=\"holder\">\n\t\t\t<div class=\"gallery-slider\">\n\t\t\t\t\t\t<div class=\"slide\">\n\t\t\t\t<figure>\n\t\t\t\t\t<a href=\"https:\/\/patternenergy.com\/wp-content\/uploads\/2024\/05\/SunZia-workforce-copy.jpg\" class=\"gal-trigger\" title=\"\">\n\t\t\t\t\t<span style=\"background-image: url(https:\/\/patternenergy.com\/wp-content\/uploads\/2024\/05\/SunZia-workforce-copy.jpg);\"><\/span>\n\t\t\t\t\t<figcaption><\/figcaption>\n\t\t\t\t\t<\/a>\n\t\t\t\t<\/figure>\n\t\t\t<\/div>\n\t\t\t\t\t\t<div class=\"slide\">\n\t\t\t\t<figure>\n\t\t\t\t\t<a href=\"https:\/\/patternenergy.com\/wp-content\/uploads\/2024\/04\/Social-Preview-1280x720-land.jpg\" class=\"gal-trigger\" title=\"\">\n\t\t\t\t\t<span style=\"background-image: url(https:\/\/patternenergy.com\/wp-content\/uploads\/2024\/04\/Social-Preview-1280x720-land.jpg);\"><\/span>\n\t\t\t\t\t<figcaption><\/figcaption>\n\t\t\t\t\t<\/a>\n\t\t\t\t<\/figure>\n\t\t\t<\/div>\n\t\t\t\t\t\t<div class=\"slide\">\n\t\t\t\t<figure>\n\t\t\t\t\t<a href=\"https:\/\/patternenergy.com\/wp-content\/uploads\/2024\/04\/Feature-800x800-land.jpg\" class=\"gal-trigger\" title=\"\">\n\t\t\t\t\t<span style=\"background-image: url(https:\/\/patternenergy.com\/wp-content\/uploads\/2024\/04\/Feature-800x800-land.jpg);\"><\/span>\n\t\t\t\t\t<figcaption><\/figcaption>\n\t\t\t\t\t<\/a>\n\t\t\t\t<\/figure>\n\t\t\t<\/div>\n\t\t\t\t\t\t<div class=\"slide\">\n\t\t\t\t<figure>\n\t\t\t\t\t<a href=\"https:\/\/patternenergy.com\/wp-content\/uploads\/2024\/05\/SunZia-workforce-2.jpg\" class=\"gal-trigger\" title=\"\">\n\t\t\t\t\t<span style=\"background-image: url(https:\/\/patternenergy.com\/wp-content\/uploads\/2024\/05\/SunZia-workforce-2.jpg);\"><\/span>\n\t\t\t\t\t<figcaption><\/figcaption>\n\t\t\t\t\t<\/a>\n\t\t\t\t<\/figure>\n\t\t\t<\/div>\n\t\t\t\t\t\t<div class=\"slide\">\n\t\t\t\t<figure>\n\t\t\t\t\t<a href=\"https:\/\/patternenergy.com\/wp-content\/uploads\/2021\/12\/Meikle-Windgallery-image-copy-4.jpg\" class=\"gal-trigger\" title=\"\">\n\t\t\t\t\t<span style=\"background-image: url(https:\/\/patternenergy.com\/wp-content\/uploads\/2021\/12\/Meikle-Windgallery-image-copy-4.jpg);\"><\/span>\n\t\t\t\t\t<figcaption><\/figcaption>\n\t\t\t\t\t<\/a>\n\t\t\t\t<\/figure>\n\t\t\t<\/div>\n\t\t\t\t\t\t<div class=\"slide\">\n\t\t\t\t<figure>\n\t\t\t\t\t<a href=\"https:\/\/patternenergy.com\/wp-content\/uploads\/2021\/12\/Meikle-Windgallery-image-copy-3.jpg\" class=\"gal-trigger\" title=\"\">\n\t\t\t\t\t<span style=\"background-image: url(https:\/\/patternenergy.com\/wp-content\/uploads\/2021\/12\/Meikle-Windgallery-image-copy-3.jpg);\"><\/span>\n\t\t\t\t\t<figcaption><\/figcaption>\n\t\t\t\t\t<\/a>\n\t\t\t\t<\/figure>\n\t\t\t<\/div>\n\t\t\t\t\t\t<div class=\"slide\">\n\t\t\t\t<figure>\n\t\t\t\t\t<a href=\"https:\/\/patternenergy.com\/wp-content\/uploads\/2021\/12\/Meikle-Windgallery-image-copy-2.jpg\" class=\"gal-trigger\" title=\"\">\n\t\t\t\t\t<span style=\"background-image: url(https:\/\/patternenergy.com\/wp-content\/uploads\/2021\/12\/Meikle-Windgallery-image-copy-2.jpg);\"><\/span>\n\t\t\t\t\t<figcaption><\/figcaption>\n\t\t\t\t\t<\/a>\n\t\t\t\t<\/figure>\n\t\t\t<\/div>\n\t\t\t\t\t\t<div class=\"slide\">\n\t\t\t\t<figure>\n\t\t\t\t\t<a href=\"https:\/\/patternenergy.com\/wp-content\/uploads\/2021\/12\/Meikle-Windgallery-image-6.jpg\" class=\"gal-trigger\" title=\"\">\n\t\t\t\t\t<span style=\"background-image: url(https:\/\/patternenergy.com\/wp-content\/uploads\/2021\/12\/Meikle-Windgallery-image-6.jpg);\"><\/span>\n\t\t\t\t\t<figcaption><\/figcaption>\n\t\t\t\t\t<\/a>\n\t\t\t\t<\/figure>\n\t\t\t<\/div>\n\t\t\t\t\t\t<div class=\"slide\">\n\t\t\t\t<figure>\n\t\t\t\t\t<a href=\"https:\/\/patternenergy.com\/wp-content\/uploads\/2021\/12\/Meikle-Windgallery-image-7.jpg\" class=\"gal-trigger\" title=\"\">\n\t\t\t\t\t<span style=\"background-image: url(https:\/\/patternenergy.com\/wp-content\/uploads\/2021\/12\/Meikle-Windgallery-image-7.jpg);\"><\/span>\n\t\t\t\t\t<figcaption><\/figcaption>\n\t\t\t\t\t<\/a>\n\t\t\t\t<\/figure>\n\t\t\t<\/div>\n\t\t\t\t\t<\/div>\n\t\t<div class=\"controls\">\n\t\t\t<div class=\"nav\">\n\t\t\t\t<ul>\n\t\t\t\t\t<li><span class=\"prev btn reverse\"><span><\/span><\/span><\/li>\n\t\t\t\t\t<li><span class=\"next btn\"><span><\/span><\/span><\/li>\n\t\t\t\t<\/ul>\n\t\t\t<\/div>\n\t\t<\/div>\n\t\t<\/div>\n<\/section>\n<section class=\"with-vertical-slider\" >\n\t\n\t\t\n\t\t<div class=\"holder\">\n\t\t\t\t<\/div>\n\t\n\t\t\n<\/section><!-- Vertical Slider -->\n\n<section class=\"with-vertical-slider reverse\" >\n\t\n\t\t\n\t\t\t\n\t\t\t\n\t\t<div class=\"holder single-item-slider\">\n\t\t\t\n\t\t\t\n\t\t\t<ul class=\"media-list\">\n\t\t\t\t\t\t\t<li class=\"active\">\n\t\t\t\t\t\t\t\t\t\t<a href=\"https:\/\/vimeo.com\/647816056\" class=\"video-quote-play popup-video\" aria-label=\"Play video from J\u00e9r\u00e9my\">\n\t\t\t\t\t\t<small><\/small>\n\t\t\t\t\t<\/a>\n\t\t\t\t\t\t\t\t\t\t<span style=\"background-image: url(https:\/\/patternenergy.com\/wp-content\/uploads\/2024\/04\/Feature-800x800-kids.jpg)\"><\/span>\n\t\t\t\t<\/li>\n\t\t\t\t\t\t<\/ul>\n\t\t\t\n\t\t\t<article>\n\t\t\t\t<div class=\"quotes\">\n\t\t\t\t\t<div class=\"counter\"><span class=\"current\">01<\/span> \/ <span class=\"total\"><\/span><\/div>\n\t\t\t\t\t<ul>\n\t\t\t\t\t\t\t\t\t\t\t<li class=\"active \">\n\t\t\t\t\t\t\t<blockquote>\n\t\t\t\t\t\t\t\t<p>\n\t\t\t\t\t\t\t\t\t  ahdfklh aldhf sadh lkf hal dhf askjdfh kjasdh fkahf ajldfh lasdjhf kjadh ahdflhaskjfd haskldfh .\t\t\t\t\t\t\t\t<\/p>\n\t\t\t\t\t\t\t\t<cite>\n\t\t\t\t\t\t\t\t\t<strong>J\u00e9r\u00e9my<\/strong>\n\t\t\t\t\t\t\t\t\tgars cool\t\t\t\t\t\t\t\t<\/cite>\n\t\t\t\t\t\t\t<\/blockquote>\n\t\t\t\t\t\t<\/li>\n\t\t\t\t\t\t\t\t\t\t<\/ul>\n\t\t\t\t<\/div>\n\t\t\t<\/article>\n\t\t\t\n\t\t\t\t\t\t\n\t\t<\/div>\n\t\t\t\n\t\t\n<\/section><!-- Vertical Slider -->\n\n<p><\/p>\n","protected":false},"excerpt":{"rendered":"","protected":false},"author":3,"featured_media":0,"parent":0,"menu_order":0,"comment_status":"closed","ping_status":"closed","template":"","meta":{"_acf_changed":false,"footnotes":""},"class_list":["post-19219","page","type-page","status-publish","hentry"],"acf":[],"yoast_head":"<!-- This site is optimized with the Yoast SEO plugin v27.4 - https:\/\/yoast.com\/product\/yoast-seo-wordpress\/ -->\n<title>Page de test Jeremy - Pattern Energy<\/title>\n<meta name=\"robots\" content=\"index, follow, max-snippet:-1, max-image-preview:large, max-video-preview:-1\" \/>\n<link rel=\"canonical\" href=\"https:\/\/patternenergy.com\/fr\/page-de-test-jeremy\/\" \/>\n<meta property=\"og:locale\" content=\"fr_FR\" \/>\n<meta property=\"og:type\" content=\"article\" \/>\n<meta property=\"og:title\" content=\"Page de test Jeremy - Pattern Energy\" \/>\n<meta property=\"og:url\" content=\"https:\/\/patternenergy.com\/fr\/page-de-test-jeremy\/\" \/>\n<meta property=\"og:site_name\" content=\"Pattern Energy\" \/>\n<meta property=\"article:publisher\" content=\"https:\/\/www.facebook.com\/PatternEnergy\/\" \/>\n<meta property=\"article:modified_time\" content=\"2024-05-17T20:35:46+00:00\" \/>\n<meta property=\"og:image\" content=\"https:\/\/patternenergy.com\/wp-content\/uploads\/2022\/01\/Pattern-Energy-Media-thumbnail-logo.jpg\" \/>\n\t<meta property=\"og:image:width\" content=\"1200\" \/>\n\t<meta property=\"og:image:height\" content=\"627\" \/>\n\t<meta property=\"og:image:type\" content=\"image\/jpeg\" \/>\n<meta name=\"twitter:card\" content=\"summary_large_image\" \/>\n<script type=\"application\/ld+json\" class=\"yoast-schema-graph\">{\"@context\":\"https:\\\/\\\/schema.org\",\"@graph\":[{\"@type\":\"WebPage\",\"@id\":\"https:\\\/\\\/patternenergy.com\\\/fr\\\/page-de-test-jeremy\\\/\",\"url\":\"https:\\\/\\\/patternenergy.com\\\/fr\\\/page-de-test-jeremy\\\/\",\"name\":\"Page de test Jeremy - Pattern Energy\",\"isPartOf\":{\"@id\":\"https:\\\/\\\/patternenergy.com\\\/fr\\\/#website\"},\"datePublished\":\"2024-05-17T20:18:24+00:00\",\"dateModified\":\"2024-05-17T20:35:46+00:00\",\"breadcrumb\":{\"@id\":\"https:\\\/\\\/patternenergy.com\\\/fr\\\/page-de-test-jeremy\\\/#breadcrumb\"},\"inLanguage\":\"fr-FR\",\"potentialAction\":[{\"@type\":\"ReadAction\",\"target\":[\"https:\\\/\\\/patternenergy.com\\\/fr\\\/page-de-test-jeremy\\\/\"]}]},{\"@type\":\"BreadcrumbList\",\"@id\":\"https:\\\/\\\/patternenergy.com\\\/fr\\\/page-de-test-jeremy\\\/#breadcrumb\",\"itemListElement\":[{\"@type\":\"ListItem\",\"position\":1,\"name\":\"Home\",\"item\":\"https:\\\/\\\/patternenergy.com\\\/fr\\\/\"},{\"@type\":\"ListItem\",\"position\":2,\"name\":\"Page de test Jeremy\"}]},{\"@type\":\"WebSite\",\"@id\":\"https:\\\/\\\/patternenergy.com\\\/fr\\\/#website\",\"url\":\"https:\\\/\\\/patternenergy.com\\\/fr\\\/\",\"name\":\"Pattern Energy\",\"description\":\"Nous d\u00e9veloppons, construisons, poss\u00e9dons et exploitons des projets \u00e9oliens, solaires, de transport et de stockage d'\u00e9nergie de haute qualit\u00e9 dans le monde entier.\",\"publisher\":{\"@id\":\"https:\\\/\\\/patternenergy.com\\\/fr\\\/#organization\"},\"potentialAction\":[{\"@type\":\"SearchAction\",\"target\":{\"@type\":\"EntryPoint\",\"urlTemplate\":\"https:\\\/\\\/patternenergy.com\\\/fr\\\/?s={search_term_string}\"},\"query-input\":{\"@type\":\"PropertyValueSpecification\",\"valueRequired\":true,\"valueName\":\"search_term_string\"}}],\"inLanguage\":\"fr-FR\"},{\"@type\":\"Organization\",\"@id\":\"https:\\\/\\\/patternenergy.com\\\/fr\\\/#organization\",\"name\":\"Pattern Energy\",\"url\":\"https:\\\/\\\/patternenergy.com\\\/fr\\\/\",\"logo\":{\"@type\":\"ImageObject\",\"inLanguage\":\"fr-FR\",\"@id\":\"https:\\\/\\\/patternenergy.com\\\/fr\\\/#\\\/schema\\\/logo\\\/image\\\/\",\"url\":\"https:\\\/\\\/patternenergy.com\\\/wp-content\\\/uploads\\\/2022\\\/01\\\/Pattern-Energy-Media-thumbnail-logo.jpg\",\"contentUrl\":\"https:\\\/\\\/patternenergy.com\\\/wp-content\\\/uploads\\\/2022\\\/01\\\/Pattern-Energy-Media-thumbnail-logo.jpg\",\"width\":1200,\"height\":627,\"caption\":\"Pattern Energy\"},\"image\":{\"@id\":\"https:\\\/\\\/patternenergy.com\\\/fr\\\/#\\\/schema\\\/logo\\\/image\\\/\"},\"sameAs\":[\"https:\\\/\\\/www.facebook.com\\\/PatternEnergy\\\/\",\"https:\\\/\\\/instagram.com\\\/patternenergy?utm_medium=copy_link\",\"https:\\\/\\\/www.linkedin.com\\\/company\\\/pattern-energy\",\"https:\\\/\\\/www.youtube.com\\\/user\\\/PatternEnergy?app=desktop\",\"https:\\\/\\\/web.cauze.com\\\/company\\\/293\"]}]}<\/script>\n<!-- \/ Yoast SEO plugin. -->","yoast_head_json":{"title":"Page de test Jeremy - Pattern Energy","robots":{"index":"index","follow":"follow","max-snippet":"max-snippet:-1","max-image-preview":"max-image-preview:large","max-video-preview":"max-video-preview:-1"},"canonical":"https:\/\/patternenergy.com\/fr\/page-de-test-jeremy\/","og_locale":"fr_FR","og_type":"article","og_title":"Page de test Jeremy - Pattern Energy","og_url":"https:\/\/patternenergy.com\/fr\/page-de-test-jeremy\/","og_site_name":"Pattern Energy","article_publisher":"https:\/\/www.facebook.com\/PatternEnergy\/","article_modified_time":"2024-05-17T20:35:46+00:00","og_image":[{"width":1200,"height":627,"url":"https:\/\/patternenergy.com\/wp-content\/uploads\/2022\/01\/Pattern-Energy-Media-thumbnail-logo.jpg","type":"image\/jpeg"}],"twitter_card":"summary_large_image","schema":{"@context":"https:\/\/schema.org","@graph":[{"@type":"WebPage","@id":"https:\/\/patternenergy.com\/fr\/page-de-test-jeremy\/","url":"https:\/\/patternenergy.com\/fr\/page-de-test-jeremy\/","name":"Page de test Jeremy - Pattern Energy","isPartOf":{"@id":"https:\/\/patternenergy.com\/fr\/#website"},"datePublished":"2024-05-17T20:18:24+00:00","dateModified":"2024-05-17T20:35:46+00:00","breadcrumb":{"@id":"https:\/\/patternenergy.com\/fr\/page-de-test-jeremy\/#breadcrumb"},"inLanguage":"fr-FR","potentialAction":[{"@type":"ReadAction","target":["https:\/\/patternenergy.com\/fr\/page-de-test-jeremy\/"]}]},{"@type":"BreadcrumbList","@id":"https:\/\/patternenergy.com\/fr\/page-de-test-jeremy\/#breadcrumb","itemListElement":[{"@type":"ListItem","position":1,"name":"Home","item":"https:\/\/patternenergy.com\/fr\/"},{"@type":"ListItem","position":2,"name":"Page de test Jeremy"}]},{"@type":"WebSite","@id":"https:\/\/patternenergy.com\/fr\/#website","url":"https:\/\/patternenergy.com\/fr\/","name":"Pattern Energy","description":"Nous d\u00e9veloppons, construisons, poss\u00e9dons et exploitons des projets \u00e9oliens, solaires, de transport et de stockage d'\u00e9nergie de haute qualit\u00e9 dans le monde entier.","publisher":{"@id":"https:\/\/patternenergy.com\/fr\/#organization"},"potentialAction":[{"@type":"SearchAction","target":{"@type":"EntryPoint","urlTemplate":"https:\/\/patternenergy.com\/fr\/?s={search_term_string}"},"query-input":{"@type":"PropertyValueSpecification","valueRequired":true,"valueName":"search_term_string"}}],"inLanguage":"fr-FR"},{"@type":"Organization","@id":"https:\/\/patternenergy.com\/fr\/#organization","name":"Pattern Energy","url":"https:\/\/patternenergy.com\/fr\/","logo":{"@type":"ImageObject","inLanguage":"fr-FR","@id":"https:\/\/patternenergy.com\/fr\/#\/schema\/logo\/image\/","url":"https:\/\/patternenergy.com\/wp-content\/uploads\/2022\/01\/Pattern-Energy-Media-thumbnail-logo.jpg","contentUrl":"https:\/\/patternenergy.com\/wp-content\/uploads\/2022\/01\/Pattern-Energy-Media-thumbnail-logo.jpg","width":1200,"height":627,"caption":"Pattern Energy"},"image":{"@id":"https:\/\/patternenergy.com\/fr\/#\/schema\/logo\/image\/"},"sameAs":["https:\/\/www.facebook.com\/PatternEnergy\/","https:\/\/instagram.com\/patternenergy?utm_medium=copy_link","https:\/\/www.linkedin.com\/company\/pattern-energy","https:\/\/www.youtube.com\/user\/PatternEnergy?app=desktop","https:\/\/web.cauze.com\/company\/293"]}]}},"_links":{"self":[{"href":"https:\/\/patternenergy.com\/fr\/wp-json\/wp\/v2\/pages\/19219","targetHints":{"allow":["GET"]}}],"collection":[{"href":"https:\/\/patternenergy.com\/fr\/wp-json\/wp\/v2\/pages"}],"about":[{"href":"https:\/\/patternenergy.com\/fr\/wp-json\/wp\/v2\/types\/page"}],"author":[{"embeddable":true,"href":"https:\/\/patternenergy.com\/fr\/wp-json\/wp\/v2\/users\/3"}],"replies":[{"embeddable":true,"href":"https:\/\/patternenergy.com\/fr\/wp-json\/wp\/v2\/comments?post=19219"}],"version-history":[{"count":0,"href":"https:\/\/patternenergy.com\/fr\/wp-json\/wp\/v2\/pages\/19219\/revisions"}],"wp:attachment":[{"href":"https:\/\/patternenergy.com\/fr\/wp-json\/wp\/v2\/media?parent=19219"}],"curies":[{"name":"wp","href":"https:\/\/api.w.org\/{rel}","templated":true}]}}