{"id":17465,"date":"2024-04-05T15:38:30","date_gmt":"2024-04-05T20:38:30","guid":{"rendered":"https:\/\/patternenergy.com\/reconnaissance-du-vent-2\/"},"modified":"2024-04-08T02:53:53","modified_gmt":"2024-04-08T07:53:53","slug":"reconnaissance-du-vent-2","status":"publish","type":"page","link":"https:\/\/patternenergy.com\/fr\/reconnaissance-du-vent-2\/","title":{"rendered":"Reconnaissance du vent"},"content":{"rendered":"\n<section class=\"textual-content type-default\" >\n\t\n\t<div class=\"holder block-entry animated\">\n\t\t\n\t\t\t\t\t\t\n\t\t<div class=\"acf-innerblocks-container\">\n\n<div class=\"wp-block-columns is-layout-flex wp-container-core-columns-is-layout-9d6595d7 wp-block-columns-is-layout-flex\">\n<div class=\"wp-block-column is-layout-flow wp-block-column-is-layout-flow\">\n<h2 class=\"wp-block-heading\"><strong>Reconnaissance de la main-d&rsquo;\u0153uvre dans l&rsquo;industrie \u00e9olienne<\/strong><\/h2>\n\n\n\n<div class=\"wp-block-columns is-layout-flex wp-container-core-columns-is-layout-9d6595d7 wp-block-columns-is-layout-flex\">\n<div class=\"wp-block-column is-layout-flow wp-block-column-is-layout-flow\">\n<h3 class=\"wp-block-heading\"><strong>2023  <\/strong><br\/>Novembre<\/h3>\n\n\n\n<p><strong>John Shields<\/strong><br\/>Blattner<\/p>\n<\/div>\n\n\n\n<div class=\"wp-block-column is-layout-flow wp-block-column-is-layout-flow\">\n<h3 class=\"wp-block-heading\"><br\/>D\u00e9cembre<\/h3>\n\n\n\n<p><strong>Javier Garcia<\/strong><br\/>Blattner<\/p>\n\n\n\n<p><strong>Ernesto Morales<\/strong><br\/>Blattner<\/p>\n\n\n\n<p><strong>Jimmy Cooker<\/strong><br\/>Blattner<\/p>\n\n\n\n<p><strong>Isidro Manzano Jr<\/strong>.<br\/>Blattner<\/p>\n\n\n\n<p><strong>Ollie Rojas<\/strong><br\/>Blattner<\/p>\n\n\n\n<p><strong>Marco Vega<\/strong><br\/>Probst Electric<\/p>\n<\/div>\n\n\n\n<div class=\"wp-block-column is-layout-flow wp-block-column-is-layout-flow\"><\/div>\n<\/div>\n<\/div>\n<\/div>\n\n\n\n<div class=\"wp-block-columns is-layout-flex wp-container-core-columns-is-layout-9d6595d7 wp-block-columns-is-layout-flex\">\n<div class=\"wp-block-column is-layout-flow wp-block-column-is-layout-flow\">\n<hr class=\"wp-block-separator has-alpha-channel-opacity\"\/>\n<\/div>\n<\/div>\n\n\n\n<div class=\"wp-block-columns is-layout-flex wp-container-core-columns-is-layout-9d6595d7 wp-block-columns-is-layout-flex\">\n<div class=\"wp-block-column is-layout-flow wp-block-column-is-layout-flow\">\n<h3 class=\"wp-block-heading\"><strong>2024<\/strong><br\/>Janvier<\/h3>\n\n\n\n<p><strong>Jamie Gonzales<\/strong><br\/>Blattner<\/p>\n\n\n\n<p><strong>Brian Burns<\/strong><br\/>Blattner<\/p>\n\n\n\n<p><br\/><strong>Emily Casarez<\/strong><br\/>Blattner  <\/p>\n\n\n\n<p><strong>Deslie Garcia<\/strong><br\/>Blattner<\/p>\n\n\n\n<p><strong>Dawn Boyor<\/strong><br\/>Ligne du sommet<br\/><br\/><strong>Curtiss<\/strong><br\/>\u00c9quipe de cl\u00f4ture<\/p>\n\n\n\n<p><strong>Jose Barron<\/strong><br\/>Barres d&rsquo;armature flexibles<\/p>\n<\/div>\n\n\n\n<div class=\"wp-block-column is-layout-flow wp-block-column-is-layout-flow\">\n<h3 class=\"wp-block-heading\"><br\/>F\u00e9vrier<\/h3>\n\n\n\n<p><strong>Anthony Lafarga<\/strong><br\/>Op\u00e9rateur<\/p>\n\n\n\n<p><strong>Justin McCoy<\/strong><br\/>Op\u00e9rateur<\/p>\n\n\n\n<p><strong>Alex Bernal<\/strong><br\/>Blattner<\/p>\n\n\n\n<p><strong>Sebastian Pozos<\/strong><br\/>Mach 1<\/p>\n\n\n\n<p><strong>Becky Dodd<\/strong><br\/>Mach 1<\/p>\n\n\n\n<p><br\/><strong>Gabe Chaves<\/strong><br\/>Blattner  <\/p>\n\n\n\n<p><strong>Bryan Waldeman<\/strong><br\/>Blattner<\/p>\n\n\n\n<p><strong>Ashton Petty<\/strong><br\/>Blattner<\/p>\n\n\n\n<p><strong>Ken Ward<\/strong><br\/>Blattner  <\/p>\n\n\n\n<p><strong>Kentucky Crose<\/strong><br\/>Blattner<\/p>\n\n\n\n<p><strong>Jarrett Lily<\/strong><br\/>Blattner<\/p>\n\n\n\n<p><strong>Pat Esping<\/strong><br\/>Blattner  <\/p>\n\n\n\n<p><strong>Jesse McLaughlin<\/strong><br\/>Blattner  <\/p>\n\n\n\n<p><strong>Cerveau James<\/strong><br\/>Blattner<\/p>\n\n\n\n<p><strong>Vigile Delfinio<\/strong><br\/>Blattner<\/p>\n<\/div>\n\n\n\n<div class=\"wp-block-column is-layout-flow wp-block-column-is-layout-flow\">\n<h3 class=\"wp-block-heading\"><br\/>Mars<\/h3>\n\n\n\n<p><strong>Anthony Anderson<\/strong><br\/>Blattner  <\/p>\n\n\n\n<p><strong>Beau Hilbert<\/strong><br\/>Blattner  <\/p>\n\n\n\n<p><strong>Bobby Emerson<\/strong><br\/>Blattner  <\/p>\n\n\n\n<p><strong>Chance Wadsworth<\/strong><br\/>Contreplaqu\u00e9<\/p>\n\n\n\n<p><strong>Joseph King<\/strong><br\/>Mach 1<\/p>\n\n\n\n<p><strong>Arthur De La Garza<\/strong><br\/>Blattner<\/p>\n\n\n\n<p><strong>Kaiden Sturgeon<\/strong><br\/>Blattner<\/p>\n\n\n\n<p><strong>Emmanuel Enrique Pozos<\/strong><br\/>Mach 1  <br\/><\/p>\n\n\n\n<p><strong>Vonny Whittington<\/strong><br\/>Blattner  <\/p>\n\n\n\n<p><strong>Ralph Vasquez<\/strong><br\/>Blattner<\/p>\n<\/div>\n<\/div>\n\n<\/div>\t\t\n\t<\/div>\n<\/section><!-- Textual Content -->","protected":false},"excerpt":{"rendered":"","protected":false},"author":3,"featured_media":0,"parent":0,"menu_order":0,"comment_status":"closed","ping_status":"closed","template":"","meta":{"_acf_changed":false,"footnotes":""},"class_list":["post-17465","page","type-page","status-publish","hentry"],"acf":[],"yoast_head":"<!-- This site is optimized with the Yoast SEO plugin v27.5 - https:\/\/yoast.com\/product\/yoast-seo-wordpress\/ -->\n<title>Reconnaissance du vent - Pattern Energy<\/title>\n<meta name=\"robots\" content=\"noindex, nofollow\" \/>\n<meta property=\"og:locale\" content=\"fr_FR\" \/>\n<meta property=\"og:type\" content=\"article\" \/>\n<meta property=\"og:title\" content=\"Reconnaissance du vent - Pattern Energy\" \/>\n<meta property=\"og:url\" content=\"https:\/\/patternenergy.com\/fr\/reconnaissance-du-vent-2\/\" \/>\n<meta property=\"og:site_name\" content=\"Pattern Energy\" \/>\n<meta property=\"article:publisher\" content=\"https:\/\/www.facebook.com\/PatternEnergy\/\" \/>\n<meta property=\"article:modified_time\" content=\"2024-04-08T07:53:53+00:00\" \/>\n<meta property=\"og:image\" content=\"https:\/\/patternenergy.com\/wp-content\/uploads\/2022\/01\/Pattern-Energy-Media-thumbnail-logo.jpg\" \/>\n\t<meta property=\"og:image:width\" content=\"1200\" \/>\n\t<meta property=\"og:image:height\" content=\"627\" \/>\n\t<meta property=\"og:image:type\" content=\"image\/jpeg\" \/>\n<meta name=\"twitter:card\" content=\"summary_large_image\" \/>\n<meta name=\"twitter:label1\" content=\"Dur\u00e9e de lecture estim\u00e9e\" \/>\n\t<meta name=\"twitter:data1\" content=\"1 minute\" \/>\n<script type=\"application\/ld+json\" class=\"yoast-schema-graph\">{\"@context\":\"https:\\\/\\\/schema.org\",\"@graph\":[{\"@type\":\"WebPage\",\"@id\":\"https:\\\/\\\/patternenergy.com\\\/fr\\\/reconnaissance-du-vent-2\\\/\",\"url\":\"https:\\\/\\\/patternenergy.com\\\/fr\\\/reconnaissance-du-vent-2\\\/\",\"name\":\"Reconnaissance du vent - Pattern Energy\",\"isPartOf\":{\"@id\":\"https:\\\/\\\/patternenergy.com\\\/fr\\\/#website\"},\"datePublished\":\"2024-04-05T20:38:30+00:00\",\"dateModified\":\"2024-04-08T07:53:53+00:00\",\"breadcrumb\":{\"@id\":\"https:\\\/\\\/patternenergy.com\\\/fr\\\/reconnaissance-du-vent-2\\\/#breadcrumb\"},\"inLanguage\":\"fr-FR\",\"potentialAction\":[{\"@type\":\"ReadAction\",\"target\":[\"https:\\\/\\\/patternenergy.com\\\/fr\\\/reconnaissance-du-vent-2\\\/\"]}]},{\"@type\":\"BreadcrumbList\",\"@id\":\"https:\\\/\\\/patternenergy.com\\\/fr\\\/reconnaissance-du-vent-2\\\/#breadcrumb\",\"itemListElement\":[{\"@type\":\"ListItem\",\"position\":1,\"name\":\"Home\",\"item\":\"https:\\\/\\\/patternenergy.com\\\/fr\\\/\"},{\"@type\":\"ListItem\",\"position\":2,\"name\":\"Reconnaissance du vent\"}]},{\"@type\":\"WebSite\",\"@id\":\"https:\\\/\\\/patternenergy.com\\\/fr\\\/#website\",\"url\":\"https:\\\/\\\/patternenergy.com\\\/fr\\\/\",\"name\":\"Pattern Energy\",\"description\":\"Nous d\u00e9veloppons, construisons, poss\u00e9dons et exploitons des projets \u00e9oliens, solaires, de transport et de stockage d'\u00e9nergie de haute qualit\u00e9 dans le monde entier.\",\"publisher\":{\"@id\":\"https:\\\/\\\/patternenergy.com\\\/fr\\\/#organization\"},\"potentialAction\":[{\"@type\":\"SearchAction\",\"target\":{\"@type\":\"EntryPoint\",\"urlTemplate\":\"https:\\\/\\\/patternenergy.com\\\/fr\\\/?s={search_term_string}\"},\"query-input\":{\"@type\":\"PropertyValueSpecification\",\"valueRequired\":true,\"valueName\":\"search_term_string\"}}],\"inLanguage\":\"fr-FR\"},{\"@type\":\"Organization\",\"@id\":\"https:\\\/\\\/patternenergy.com\\\/fr\\\/#organization\",\"name\":\"Pattern Energy\",\"url\":\"https:\\\/\\\/patternenergy.com\\\/fr\\\/\",\"logo\":{\"@type\":\"ImageObject\",\"inLanguage\":\"fr-FR\",\"@id\":\"https:\\\/\\\/patternenergy.com\\\/fr\\\/#\\\/schema\\\/logo\\\/image\\\/\",\"url\":\"https:\\\/\\\/patternenergy.com\\\/wp-content\\\/uploads\\\/2022\\\/01\\\/Pattern-Energy-Media-thumbnail-logo.jpg\",\"contentUrl\":\"https:\\\/\\\/patternenergy.com\\\/wp-content\\\/uploads\\\/2022\\\/01\\\/Pattern-Energy-Media-thumbnail-logo.jpg\",\"width\":1200,\"height\":627,\"caption\":\"Pattern Energy\"},\"image\":{\"@id\":\"https:\\\/\\\/patternenergy.com\\\/fr\\\/#\\\/schema\\\/logo\\\/image\\\/\"},\"sameAs\":[\"https:\\\/\\\/www.facebook.com\\\/PatternEnergy\\\/\",\"https:\\\/\\\/instagram.com\\\/patternenergy?utm_medium=copy_link\",\"https:\\\/\\\/www.linkedin.com\\\/company\\\/pattern-energy\",\"https:\\\/\\\/www.youtube.com\\\/user\\\/PatternEnergy?app=desktop\",\"https:\\\/\\\/web.cauze.com\\\/company\\\/293\"]}]}<\/script>\n<!-- \/ Yoast SEO plugin. -->","yoast_head_json":{"title":"Reconnaissance du vent - Pattern Energy","robots":{"index":"noindex","follow":"nofollow"},"og_locale":"fr_FR","og_type":"article","og_title":"Reconnaissance du vent - Pattern Energy","og_url":"https:\/\/patternenergy.com\/fr\/reconnaissance-du-vent-2\/","og_site_name":"Pattern Energy","article_publisher":"https:\/\/www.facebook.com\/PatternEnergy\/","article_modified_time":"2024-04-08T07:53:53+00:00","og_image":[{"width":1200,"height":627,"url":"https:\/\/patternenergy.com\/wp-content\/uploads\/2022\/01\/Pattern-Energy-Media-thumbnail-logo.jpg","type":"image\/jpeg"}],"twitter_card":"summary_large_image","twitter_misc":{"Dur\u00e9e de lecture estim\u00e9e":"1 minute"},"schema":{"@context":"https:\/\/schema.org","@graph":[{"@type":"WebPage","@id":"https:\/\/patternenergy.com\/fr\/reconnaissance-du-vent-2\/","url":"https:\/\/patternenergy.com\/fr\/reconnaissance-du-vent-2\/","name":"Reconnaissance du vent - Pattern Energy","isPartOf":{"@id":"https:\/\/patternenergy.com\/fr\/#website"},"datePublished":"2024-04-05T20:38:30+00:00","dateModified":"2024-04-08T07:53:53+00:00","breadcrumb":{"@id":"https:\/\/patternenergy.com\/fr\/reconnaissance-du-vent-2\/#breadcrumb"},"inLanguage":"fr-FR","potentialAction":[{"@type":"ReadAction","target":["https:\/\/patternenergy.com\/fr\/reconnaissance-du-vent-2\/"]}]},{"@type":"BreadcrumbList","@id":"https:\/\/patternenergy.com\/fr\/reconnaissance-du-vent-2\/#breadcrumb","itemListElement":[{"@type":"ListItem","position":1,"name":"Home","item":"https:\/\/patternenergy.com\/fr\/"},{"@type":"ListItem","position":2,"name":"Reconnaissance du vent"}]},{"@type":"WebSite","@id":"https:\/\/patternenergy.com\/fr\/#website","url":"https:\/\/patternenergy.com\/fr\/","name":"Pattern Energy","description":"Nous d\u00e9veloppons, construisons, poss\u00e9dons et exploitons des projets \u00e9oliens, solaires, de transport et de stockage d'\u00e9nergie de haute qualit\u00e9 dans le monde entier.","publisher":{"@id":"https:\/\/patternenergy.com\/fr\/#organization"},"potentialAction":[{"@type":"SearchAction","target":{"@type":"EntryPoint","urlTemplate":"https:\/\/patternenergy.com\/fr\/?s={search_term_string}"},"query-input":{"@type":"PropertyValueSpecification","valueRequired":true,"valueName":"search_term_string"}}],"inLanguage":"fr-FR"},{"@type":"Organization","@id":"https:\/\/patternenergy.com\/fr\/#organization","name":"Pattern Energy","url":"https:\/\/patternenergy.com\/fr\/","logo":{"@type":"ImageObject","inLanguage":"fr-FR","@id":"https:\/\/patternenergy.com\/fr\/#\/schema\/logo\/image\/","url":"https:\/\/patternenergy.com\/wp-content\/uploads\/2022\/01\/Pattern-Energy-Media-thumbnail-logo.jpg","contentUrl":"https:\/\/patternenergy.com\/wp-content\/uploads\/2022\/01\/Pattern-Energy-Media-thumbnail-logo.jpg","width":1200,"height":627,"caption":"Pattern Energy"},"image":{"@id":"https:\/\/patternenergy.com\/fr\/#\/schema\/logo\/image\/"},"sameAs":["https:\/\/www.facebook.com\/PatternEnergy\/","https:\/\/instagram.com\/patternenergy?utm_medium=copy_link","https:\/\/www.linkedin.com\/company\/pattern-energy","https:\/\/www.youtube.com\/user\/PatternEnergy?app=desktop","https:\/\/web.cauze.com\/company\/293"]}]}},"_links":{"self":[{"href":"https:\/\/patternenergy.com\/fr\/wp-json\/wp\/v2\/pages\/17465","targetHints":{"allow":["GET"]}}],"collection":[{"href":"https:\/\/patternenergy.com\/fr\/wp-json\/wp\/v2\/pages"}],"about":[{"href":"https:\/\/patternenergy.com\/fr\/wp-json\/wp\/v2\/types\/page"}],"author":[{"embeddable":true,"href":"https:\/\/patternenergy.com\/fr\/wp-json\/wp\/v2\/users\/3"}],"replies":[{"embeddable":true,"href":"https:\/\/patternenergy.com\/fr\/wp-json\/wp\/v2\/comments?post=17465"}],"version-history":[{"count":0,"href":"https:\/\/patternenergy.com\/fr\/wp-json\/wp\/v2\/pages\/17465\/revisions"}],"wp:attachment":[{"href":"https:\/\/patternenergy.com\/fr\/wp-json\/wp\/v2\/media?parent=17465"}],"curies":[{"name":"wp","href":"https:\/\/api.w.org\/{rel}","templated":true}]}}