{"id":17292,"date":"2024-03-22T17:01:18","date_gmt":"2024-03-22T22:01:18","guid":{"rendered":"https:\/\/patternenergy.com\/reconnaissance-de-la-securite\/"},"modified":"2024-04-10T03:31:42","modified_gmt":"2024-04-10T08:31:42","slug":"reconnaissance-de-la-securite","status":"publish","type":"page","link":"https:\/\/patternenergy.com\/fr\/reconnaissance-de-la-securite\/","title":{"rendered":"Reconnaissance de la transmission"},"content":{"rendered":"\n<section class=\"textual-content no-space-bottom type-default\" >\n\t\n\t<div class=\"holder block-entry animated\">\n\t\t\n\t\t\t\t\t\t\n\t\t<div class=\"acf-innerblocks-container\">\n\n<h2 class=\"wp-block-heading\"><strong>Reconnaissance des travailleurs du secteur de la transmission<\/strong><\/h2>\n\n\n\n<p>Les personnes ci-dessous ont \u00e9t\u00e9 r\u00e9compens\u00e9es pour leur travail sur SunZia Transmission. Nous vous remercions de vos efforts continus pour faire du projet SunZia une r\u00e9alit\u00e9.  <\/p>\n\n<\/div>\t\t\n\t<\/div>\n<\/section><!-- Textual Content -->\n<section class=\"textual-content type-default\" >\n\t\n\t<div class=\"holder block-entry animated\">\n\t\t\n\t\t\t\t\t\t\n\t\t<div class=\"acf-innerblocks-container\">\n\n<div class=\"wp-block-columns is-layout-flex wp-container-core-columns-is-layout-9d6595d7 wp-block-columns-is-layout-flex\">\n<div class=\"wp-block-column is-layout-flow wp-block-column-is-layout-flow\">\n<p><strong>Adam Tadisch<\/strong> <br\/>MJ Electric  <\/p>\n\n\n\n<p><strong>Kenny Williams<\/strong> <br\/>PG Crew 2  <\/p>\n\n\n\n<p><strong>Larry Gonzales<\/strong> <br\/>Brink  <\/p>\n\n\n\n<p><strong>Sheldon Hardiman<\/strong> <br\/>Vallard  <\/p>\n\n\n\n<p><strong>Mike Genaille<\/strong> <br\/>Vallard  <\/p>\n\n\n\n<p><strong>Tyler Pinkerton<\/strong> <br\/>Vallard  <\/p>\n\n\n\n<p><strong>Freddy Alvarez  <\/strong><br\/>Northstar  <\/p>\n\n\n\n<p><strong>Juan Chairez<\/strong> <br\/>Northstar  <\/p>\n\n\n\n<p><strong>Jose Lopez  <\/strong><br\/>Northstar  <\/p>\n\n\n\n<p><strong>Salvador Chairez<\/strong> <br\/>Northstar  <\/p>\n\n\n\n<p><strong>Fernando Guzman  <\/strong><br\/>Northstar  <\/p>\n\n\n\n<p><strong>Cesar Rodriguez  <\/strong><br\/>Northstar  <\/p>\n\n\n\n<p><strong>Ruben Valdez  <\/strong><br\/>Northstar  <\/p>\n\n\n\n<p><strong>Adrian Lopez  <\/strong><br\/>Northstar  <\/p>\n\n\n\n<p><strong>Manuel Rodriguez  <\/strong><br\/>Northstar<\/p>\n\n\n\n<p><strong>Juan Lopez  <\/strong><br\/>Northstar  <\/p>\n\n\n\n<p><strong>Quade Butterfield  <\/strong><br\/>Northstar  <\/p>\n\n\n\n<p><strong>Bertram Milford  <\/strong><br\/>Brink  <\/p>\n\n\n\n<p><strong>Logan Caudill  <\/strong><br\/>Ligne du sommet  <\/p>\n\n\n\n<p><strong>Nic Holiman  <\/strong><br\/>IGP  <\/p>\n\n\n\n<p><strong>Ezra Raasch  <\/strong><br\/>Brink  <\/p>\n\n\n\n<p><strong>Isaac Hind  <\/strong><br\/>Brink  <\/p>\n\n\n\n<p><strong>Girard Denezpi  <\/strong><br\/>S\u00e9curit\u00e9 des QISG  <\/p>\n<\/div>\n\n\n\n<div class=\"wp-block-column is-layout-flow wp-block-column-is-layout-flow\">\n<p><strong>Leeland Halleran\/Foreman  <\/strong><br\/>Assemblage Valard  <\/p>\n\n\n\n<p><strong>Charles Byrd  <\/strong><br\/>Assemblage Valard  <\/p>\n\n\n\n<p><strong>Dwight Mullins  <\/strong><br\/>Assemblage Valard  <\/p>\n\n\n\n<p><strong>Travail de Lee  <\/strong><br\/>Assemblage Valard  <\/p>\n\n\n\n<p><strong>Gerard Byrd  <\/strong><br\/>Assemblage Valard  <\/p>\n\n\n\n<p><strong>Stephen Johnson  <\/strong><br\/>Assemblage Valard  <\/p>\n\n\n\n<p><strong>Lloyd Piercey  <\/strong><br\/>Assemblage Valard  <\/p>\n\n\n\n<p><strong>Christopher Letandre  <\/strong><br\/>Assemblage Valard  <\/p>\n\n\n\n<p><strong>Isreal Vela  <\/strong><br\/>Eau Conam  <\/p>\n\n\n\n<p><strong>Wayne Offenloch<\/strong> <br\/>Assemblage Valard  <\/p>\n\n\n\n<p><strong>Dallas Edwards  <\/strong><br\/>Ligne du sommet  <\/p>\n\n\n\n<p><strong>David Nelson  <\/strong><br\/>Brink  <\/p>\n\n\n\n<p><strong>Adam Tadisch  <\/strong><br\/>MJ Drilling-Foreman  <\/p>\n\n\n\n<p><strong>Brett Herman  <\/strong><br\/>MJ Drilling  <\/p>\n\n\n\n<p><strong>Tyrell Grainger  <\/strong><br\/>MJ Drilling  <\/p>\n\n\n\n<p><strong>Mike Tadisch  <\/strong><br\/>MJ Drilling  <\/p>\n\n\n\n<p><strong>Eric Wells<\/strong> <br\/>MJ Drilling  <\/p>\n\n\n\n<p><strong>Jordan Negro  <\/strong><br\/>MJ Drilling  <\/p>\n\n\n\n<p><strong>Jeff Lindly  <\/strong><br\/>Ligne du sommet  <\/p>\n\n\n\n<p><strong>C.L. Allen  <\/strong><br\/>Prix Gregory-Foreman  <\/p>\n\n\n\n<p><strong>Cody Coplen  <\/strong><br\/>Contrema\u00eetre de montage de lignes au sommet  <\/p>\n\n\n\n<p><strong>Jake House  <\/strong><br\/>Crux  <\/p>\n\n\n\n<p><strong>Anthony Lucero  <\/strong><br\/>Brink  <\/p>\n\n\n\n<p><strong>Kobe Applegate  <\/strong><br\/>Brink<\/p>\n<\/div>\n\n\n\n<div class=\"wp-block-column is-layout-flow wp-block-column-is-layout-flow\">\n<p><strong>Pierre-Martin Lelievre  <\/strong><br\/>Valard Erection  <\/p>\n\n\n\n<p><strong>St\u00e9phane Gagne  <\/strong><br\/>Valard Erection  <\/p>\n\n\n\n<p><strong>Patrice Lalancette  <\/strong><br\/>Valard Erection  <\/p>\n\n\n\n<p><strong>Maxime Isabel  <\/strong><br\/>Valard Erection  <\/p>\n\n\n\n<p><strong>David Grenier  <\/strong><br\/>Valard Erection  <\/p>\n\n\n\n<p><strong>Gregory Mark Chatman  <\/strong><br\/>Valard Erection  <\/p>\n\n\n\n<p><strong>Keith Taylor  <\/strong><br\/>Valard Erection  <\/p>\n\n\n\n<p><strong>Marc Lalonde  <\/strong><br\/>Valard Erection  <\/p>\n\n\n\n<p><strong>Matthew Crossley<\/strong> <br\/>Valard Erection  <\/p>\n\n\n\n<p><strong>Joey Hackett  <\/strong><br\/>Valard Erection  <\/p>\n\n\n\n<p><strong>Ronald Hickey  <\/strong><br\/>Valard Erection  <\/p>\n\n\n\n<p><strong>Tristan Windross  <\/strong><br\/>Valard Erection  <\/p>\n\n\n\n<p><strong>Sheldon Harriman<\/strong> <br\/>Valard  <\/p>\n\n\n\n<p><strong>Drake Parker  <\/strong><br\/>PAR Electric  <\/p>\n\n\n\n<p><strong>Vlad Dzhabiyev  <\/strong><br\/>PAR Electric<\/p>\n\n\n\n<p><strong>Joe Araiza  <\/strong><br\/>Ligne du sommet<\/p>\n\n\n\n<p><strong>Francisco Chavez  <\/strong><br\/>Valard  <\/p>\n\n\n\n<p><strong>Davian Salaba  <\/strong><br\/>Assemblage de Probst  <\/p>\n\n\n\n<p><strong>Jacob Daniels  <\/strong><br\/>Ligne du sommet  <\/p>\n\n\n\n<p><strong>Seth Murray<\/strong> <br\/>Crux  <\/p>\n\n\n\n<p><strong>Diego Cruz  <\/strong><br\/>MGD Equipage de pi\u00e9destal  <\/p>\n\n\n\n<p><strong>Oscar Ramirez  <\/strong><br\/>MGD Equipage de pi\u00e9destal  <\/p>\n\n\n\n<p><strong>Mayra Lopez  <\/strong><br\/>MGD Equipage de pi\u00e9destal  <\/p>\n\n\n\n<p><strong>Michael Rendorris  <\/strong><br\/>MGD Equipage de pi\u00e9destal  <\/p>\n\n\n\n<p><strong>Loren Deardoff  <\/strong><br\/>Crux<\/p>\n<\/div>\n<\/div>\n\n<\/div>\t\t\n\t<\/div>\n<\/section><!-- Textual Content -->\n<section class=\"textual-content no-space-top type-default\" >\n\t\n\t<div class=\"holder block-entry animated\">\n\t\t\n\t\t\t\t\t\t\n\t\t<div class=\"acf-innerblocks-container\">\n\n<h2 class=\"wp-block-heading\"><strong>Reconnaissance des employ\u00e9s<\/strong><\/h2>\n\n\n\n<div class=\"wp-block-columns is-layout-flex wp-container-core-columns-is-layout-9d6595d7 wp-block-columns-is-layout-flex\">\n<div class=\"wp-block-column is-layout-flow wp-block-column-is-layout-flow\">\n<h3 class=\"wp-block-heading\"><strong>2023<\/strong><br\/>Novembre<\/h3>\n\n\n\n<p>Gordon Rubendall<br\/>Jason Erickson<br\/>Troy Binyon<br\/>Matt Hopkins<br\/>Ryan Jackson<br\/>Shane Swezey<br\/>Ryan Davidson<br\/>Joseph Card<br\/>Mike Tadisch<br\/>Eric Wells<br\/>Jordan Negro<br\/>Ezra Raasch<br\/>Isaac Hind<br\/>Nic Holiman<br\/>Shawn Scribner<br\/>Dave Caswell<br\/>Accord de Cameron<\/p>\n<\/div>\n\n\n\n<div class=\"wp-block-column is-layout-flow wp-block-column-is-layout-flow\">\n<h3 class=\"wp-block-heading\"><br\/>D\u00e9cembre<\/h3>\n\n\n\n<p>Eric Cassidy<br\/>Heath Davenport<br\/>Adam Tadisch Kenny Williams<\/p>\n<\/div>\n\n\n\n<div class=\"wp-block-column is-layout-flow wp-block-column-is-layout-flow\">\n<h3 class=\"wp-block-heading\"><strong>2024<\/strong><br\/>F\u00e9vrier<\/h3>\n\n\n\n<p>Girard Denezpi<br\/>Nolan Rogers<br\/>Heath Davenport<br\/>Jake Sarno<br\/>Adam Tadisch<br\/>Brett Herman<br\/>Tyrell Grainger<\/p>\n<\/div>\n<\/div>\n\n<\/div>\t\t\n\t<\/div>\n<\/section><!-- Textual Content -->","protected":false},"excerpt":{"rendered":"","protected":false},"author":3,"featured_media":0,"parent":0,"menu_order":0,"comment_status":"closed","ping_status":"closed","template":"","meta":{"_acf_changed":false,"footnotes":""},"class_list":["post-17292","page","type-page","status-publish","hentry"],"acf":[],"yoast_head":"<!-- This site is optimized with the Yoast SEO plugin v27.5 - https:\/\/yoast.com\/product\/yoast-seo-wordpress\/ -->\n<title>Reconnaissance de la transmission - Pattern Energy<\/title>\n<meta name=\"robots\" content=\"noindex, nofollow\" \/>\n<meta property=\"og:locale\" content=\"fr_FR\" \/>\n<meta property=\"og:type\" content=\"article\" \/>\n<meta property=\"og:title\" content=\"Reconnaissance de la transmission - Pattern Energy\" \/>\n<meta property=\"og:url\" content=\"https:\/\/patternenergy.com\/fr\/reconnaissance-de-la-securite\/\" \/>\n<meta property=\"og:site_name\" content=\"Pattern Energy\" \/>\n<meta property=\"article:publisher\" content=\"https:\/\/www.facebook.com\/PatternEnergy\/\" \/>\n<meta property=\"article:modified_time\" content=\"2024-04-10T08:31:42+00:00\" \/>\n<meta property=\"og:image\" content=\"https:\/\/patternenergy.com\/wp-content\/uploads\/2022\/01\/Pattern-Energy-Media-thumbnail-logo.jpg\" \/>\n\t<meta property=\"og:image:width\" content=\"1200\" \/>\n\t<meta property=\"og:image:height\" content=\"627\" \/>\n\t<meta property=\"og:image:type\" content=\"image\/jpeg\" \/>\n<meta name=\"twitter:card\" content=\"summary_large_image\" \/>\n<meta name=\"twitter:label1\" content=\"Dur\u00e9e de lecture estim\u00e9e\" \/>\n\t<meta name=\"twitter:data1\" content=\"2 minutes\" \/>\n<script type=\"application\/ld+json\" class=\"yoast-schema-graph\">{\"@context\":\"https:\\\/\\\/schema.org\",\"@graph\":[{\"@type\":\"WebPage\",\"@id\":\"https:\\\/\\\/patternenergy.com\\\/fr\\\/reconnaissance-de-la-securite\\\/\",\"url\":\"https:\\\/\\\/patternenergy.com\\\/fr\\\/reconnaissance-de-la-securite\\\/\",\"name\":\"Reconnaissance de la transmission - Pattern Energy\",\"isPartOf\":{\"@id\":\"https:\\\/\\\/patternenergy.com\\\/fr\\\/#website\"},\"datePublished\":\"2024-03-22T22:01:18+00:00\",\"dateModified\":\"2024-04-10T08:31:42+00:00\",\"breadcrumb\":{\"@id\":\"https:\\\/\\\/patternenergy.com\\\/fr\\\/reconnaissance-de-la-securite\\\/#breadcrumb\"},\"inLanguage\":\"fr-FR\",\"potentialAction\":[{\"@type\":\"ReadAction\",\"target\":[\"https:\\\/\\\/patternenergy.com\\\/fr\\\/reconnaissance-de-la-securite\\\/\"]}]},{\"@type\":\"BreadcrumbList\",\"@id\":\"https:\\\/\\\/patternenergy.com\\\/fr\\\/reconnaissance-de-la-securite\\\/#breadcrumb\",\"itemListElement\":[{\"@type\":\"ListItem\",\"position\":1,\"name\":\"Home\",\"item\":\"https:\\\/\\\/patternenergy.com\\\/fr\\\/\"},{\"@type\":\"ListItem\",\"position\":2,\"name\":\"Reconnaissance de la transmission\"}]},{\"@type\":\"WebSite\",\"@id\":\"https:\\\/\\\/patternenergy.com\\\/fr\\\/#website\",\"url\":\"https:\\\/\\\/patternenergy.com\\\/fr\\\/\",\"name\":\"Pattern Energy\",\"description\":\"Nous d\u00e9veloppons, construisons, poss\u00e9dons et exploitons des projets \u00e9oliens, solaires, de transport et de stockage d'\u00e9nergie de haute qualit\u00e9 dans le monde entier.\",\"publisher\":{\"@id\":\"https:\\\/\\\/patternenergy.com\\\/fr\\\/#organization\"},\"potentialAction\":[{\"@type\":\"SearchAction\",\"target\":{\"@type\":\"EntryPoint\",\"urlTemplate\":\"https:\\\/\\\/patternenergy.com\\\/fr\\\/?s={search_term_string}\"},\"query-input\":{\"@type\":\"PropertyValueSpecification\",\"valueRequired\":true,\"valueName\":\"search_term_string\"}}],\"inLanguage\":\"fr-FR\"},{\"@type\":\"Organization\",\"@id\":\"https:\\\/\\\/patternenergy.com\\\/fr\\\/#organization\",\"name\":\"Pattern Energy\",\"url\":\"https:\\\/\\\/patternenergy.com\\\/fr\\\/\",\"logo\":{\"@type\":\"ImageObject\",\"inLanguage\":\"fr-FR\",\"@id\":\"https:\\\/\\\/patternenergy.com\\\/fr\\\/#\\\/schema\\\/logo\\\/image\\\/\",\"url\":\"https:\\\/\\\/patternenergy.com\\\/wp-content\\\/uploads\\\/2022\\\/01\\\/Pattern-Energy-Media-thumbnail-logo.jpg\",\"contentUrl\":\"https:\\\/\\\/patternenergy.com\\\/wp-content\\\/uploads\\\/2022\\\/01\\\/Pattern-Energy-Media-thumbnail-logo.jpg\",\"width\":1200,\"height\":627,\"caption\":\"Pattern Energy\"},\"image\":{\"@id\":\"https:\\\/\\\/patternenergy.com\\\/fr\\\/#\\\/schema\\\/logo\\\/image\\\/\"},\"sameAs\":[\"https:\\\/\\\/www.facebook.com\\\/PatternEnergy\\\/\",\"https:\\\/\\\/instagram.com\\\/patternenergy?utm_medium=copy_link\",\"https:\\\/\\\/www.linkedin.com\\\/company\\\/pattern-energy\",\"https:\\\/\\\/www.youtube.com\\\/user\\\/PatternEnergy?app=desktop\",\"https:\\\/\\\/web.cauze.com\\\/company\\\/293\"]}]}<\/script>\n<!-- \/ Yoast SEO plugin. -->","yoast_head_json":{"title":"Reconnaissance de la transmission - Pattern Energy","robots":{"index":"noindex","follow":"nofollow"},"og_locale":"fr_FR","og_type":"article","og_title":"Reconnaissance de la transmission - Pattern Energy","og_url":"https:\/\/patternenergy.com\/fr\/reconnaissance-de-la-securite\/","og_site_name":"Pattern Energy","article_publisher":"https:\/\/www.facebook.com\/PatternEnergy\/","article_modified_time":"2024-04-10T08:31:42+00:00","og_image":[{"width":1200,"height":627,"url":"https:\/\/patternenergy.com\/wp-content\/uploads\/2022\/01\/Pattern-Energy-Media-thumbnail-logo.jpg","type":"image\/jpeg"}],"twitter_card":"summary_large_image","twitter_misc":{"Dur\u00e9e de lecture estim\u00e9e":"2 minutes"},"schema":{"@context":"https:\/\/schema.org","@graph":[{"@type":"WebPage","@id":"https:\/\/patternenergy.com\/fr\/reconnaissance-de-la-securite\/","url":"https:\/\/patternenergy.com\/fr\/reconnaissance-de-la-securite\/","name":"Reconnaissance de la transmission - Pattern Energy","isPartOf":{"@id":"https:\/\/patternenergy.com\/fr\/#website"},"datePublished":"2024-03-22T22:01:18+00:00","dateModified":"2024-04-10T08:31:42+00:00","breadcrumb":{"@id":"https:\/\/patternenergy.com\/fr\/reconnaissance-de-la-securite\/#breadcrumb"},"inLanguage":"fr-FR","potentialAction":[{"@type":"ReadAction","target":["https:\/\/patternenergy.com\/fr\/reconnaissance-de-la-securite\/"]}]},{"@type":"BreadcrumbList","@id":"https:\/\/patternenergy.com\/fr\/reconnaissance-de-la-securite\/#breadcrumb","itemListElement":[{"@type":"ListItem","position":1,"name":"Home","item":"https:\/\/patternenergy.com\/fr\/"},{"@type":"ListItem","position":2,"name":"Reconnaissance de la transmission"}]},{"@type":"WebSite","@id":"https:\/\/patternenergy.com\/fr\/#website","url":"https:\/\/patternenergy.com\/fr\/","name":"Pattern Energy","description":"Nous d\u00e9veloppons, construisons, poss\u00e9dons et exploitons des projets \u00e9oliens, solaires, de transport et de stockage d'\u00e9nergie de haute qualit\u00e9 dans le monde entier.","publisher":{"@id":"https:\/\/patternenergy.com\/fr\/#organization"},"potentialAction":[{"@type":"SearchAction","target":{"@type":"EntryPoint","urlTemplate":"https:\/\/patternenergy.com\/fr\/?s={search_term_string}"},"query-input":{"@type":"PropertyValueSpecification","valueRequired":true,"valueName":"search_term_string"}}],"inLanguage":"fr-FR"},{"@type":"Organization","@id":"https:\/\/patternenergy.com\/fr\/#organization","name":"Pattern Energy","url":"https:\/\/patternenergy.com\/fr\/","logo":{"@type":"ImageObject","inLanguage":"fr-FR","@id":"https:\/\/patternenergy.com\/fr\/#\/schema\/logo\/image\/","url":"https:\/\/patternenergy.com\/wp-content\/uploads\/2022\/01\/Pattern-Energy-Media-thumbnail-logo.jpg","contentUrl":"https:\/\/patternenergy.com\/wp-content\/uploads\/2022\/01\/Pattern-Energy-Media-thumbnail-logo.jpg","width":1200,"height":627,"caption":"Pattern Energy"},"image":{"@id":"https:\/\/patternenergy.com\/fr\/#\/schema\/logo\/image\/"},"sameAs":["https:\/\/www.facebook.com\/PatternEnergy\/","https:\/\/instagram.com\/patternenergy?utm_medium=copy_link","https:\/\/www.linkedin.com\/company\/pattern-energy","https:\/\/www.youtube.com\/user\/PatternEnergy?app=desktop","https:\/\/web.cauze.com\/company\/293"]}]}},"_links":{"self":[{"href":"https:\/\/patternenergy.com\/fr\/wp-json\/wp\/v2\/pages\/17292","targetHints":{"allow":["GET"]}}],"collection":[{"href":"https:\/\/patternenergy.com\/fr\/wp-json\/wp\/v2\/pages"}],"about":[{"href":"https:\/\/patternenergy.com\/fr\/wp-json\/wp\/v2\/types\/page"}],"author":[{"embeddable":true,"href":"https:\/\/patternenergy.com\/fr\/wp-json\/wp\/v2\/users\/3"}],"replies":[{"embeddable":true,"href":"https:\/\/patternenergy.com\/fr\/wp-json\/wp\/v2\/comments?post=17292"}],"version-history":[{"count":0,"href":"https:\/\/patternenergy.com\/fr\/wp-json\/wp\/v2\/pages\/17292\/revisions"}],"wp:attachment":[{"href":"https:\/\/patternenergy.com\/fr\/wp-json\/wp\/v2\/media?parent=17292"}],"curies":[{"name":"wp","href":"https:\/\/api.w.org\/{rel}","templated":true}]}}