{"id":17272,"date":"2021-12-14T09:04:35","date_gmt":"2021-12-14T14:04:35","guid":{"rendered":"https:\/\/patternenergy.com\/durabilite\/message-du-pdg\/"},"modified":"2025-09-19T17:25:40","modified_gmt":"2025-09-19T22:25:40","slug":"message-du-pdg","status":"publish","type":"page","link":"https:\/\/patternenergy.com\/fr\/durabilite\/message-du-pdg\/","title":{"rendered":"Message du PDG"},"content":{"rendered":"\n\n<section class=\"hero\" style=\"background-image: url(https:\/\/patternenergy.com\/wp-content\/uploads\/2024\/09\/Sustainability_Hunter-Armistead_CEO-message.jpg);\">\n\t<div class=\"holder\">\n\t\t<article>\n\t\t\t<div class=\"acf-innerblocks-container\">\n\n<h1 class=\"wp-block-heading\">Message du PDG<\/h1>\n\n<\/div>\t\t\t\t\t\t\t\t<\/article>\n\t\t<span class=\"scroll-indicator\"><em>D\u00e9filement vers le bas<\/em><\/span>\n\t<\/div>\n<\/section>\n\n\n<section class=\"textual-content static smaller-text type-narrow\" >\n\t\n\t<div class=\"holder block-entry animated\">\n\t\t\n\t\t\t\t<div class=\"circles\">\n\t\t\t<span class=\"bigger parallax\" data-scale=\"0.00015\"><\/span>\n\t\t<\/div>\n\t\t\t\t\t\t\n\t\t<div class=\"acf-innerblocks-container\">\n\n<h3 class=\"wp-block-heading\">Alimenter l&rsquo;avenir<\/h3>\n\n\n\n<p>Chaque ann\u00e9e apporte son lot de nouveaux d\u00e9fis et d&rsquo;\u00e9tapes importantes, mais 2024 se distingue comme \u00e9tant peut-\u00eatre l&rsquo;ann\u00e9e la plus transformatrice de l&rsquo;histoire de Pattern Energy. \u00c0 l&rsquo;occasion de notre quinzi\u00e8me ann\u00e9e d&rsquo;existence, nous avons d\u00e9montr\u00e9 notre capacit\u00e9 \u00e0 nous adapter, \u00e0 \u00e9voluer et \u00e0 diriger \u00e0 une \u00e9poque o\u00f9 la satisfaction de la demande d&rsquo;\u00e9nergie n&rsquo;a jamais \u00e9t\u00e9 aussi urgente ni aussi complexe. <br\/><\/p>\n\n\n\n<p>Nous avons cr\u00e9\u00e9 cette entreprise avec l&rsquo;id\u00e9e audacieuse qu&rsquo;il \u00e9tait possible de construire une entreprise \u00e9nerg\u00e9tique fond\u00e9e sur des valeurs, capable de r\u00e9aliser de grandes choses et de les faire de la bonne mani\u00e8re. Quinze ans plus tard, nous avons prouv\u00e9 que cette id\u00e9e pouvait perdurer, se d\u00e9velopper et donner lieu \u00e0 des r\u00e9alisations remarquables.  En 2024, notre h\u00e9ritage est devenu plus clair. Nous pouvons le voir et le mesurer, et nous avons pris le temps de le c\u00e9l\u00e9brer. <br\/><\/p>\n\n\n\n<p>Nous avons franchi un certain nombre d&rsquo;\u00e9tapes au fur et \u00e0 mesure que la construction de notre projet de parc \u00e9olien et de transport d&rsquo;\u00e9lectricit\u00e9 SunZia progressait. Une fois achev\u00e9, SunZia sera le plus grand projet d&rsquo;infrastructure d&rsquo;\u00e9nergie propre de l&rsquo;histoire des \u00c9tats-Unis. Les travaux en cours au Nouveau-Mexique et en Arizona sont une puissante d\u00e9monstration des trois piliers de notre vision \u00ab\u00a0Power the Future\u00a0\u00bb : Dynamiser le march\u00e9, progresser ensemble et exceller dans l&rsquo;ex\u00e9cution.  <br\/><\/p>\n\n\n\n<p>SunZia n&rsquo;est pas seulement un projet, c&rsquo;est la preuve que Pattern est devenu une entreprise capable de d\u00e9velopper et de fournir des infrastructures \u00e0 une \u00e9chelle historique. Pour mener \u00e0 bien ce projet, nous avons d\u00fb nous mettre \u00e0 niveau dans tous les domaines, notamment l&rsquo;ing\u00e9nierie, la planification de la transmission, l&rsquo;engagement communautaire, la responsabilit\u00e9 environnementale, le financement, le commerce de l&rsquo;\u00e9nergie, l&rsquo;approvisionnement et l&rsquo;ex\u00e9cution du projet, pour n&rsquo;en citer que quelques-uns. Nous avons travaill\u00e9 aux c\u00f4t\u00e9s d&rsquo;organisations environnementales, telles que la National Audubon Society, et avec des propri\u00e9taires fonciers, des repr\u00e9sentants de tribus et des agences publiques afin de minimiser les impacts et d&rsquo;\u00e9lever la barre en mati\u00e8re de d\u00e9veloppement et de construction d&rsquo;infrastructures d&rsquo;\u00e9nergie propre. C&rsquo;est ainsi que nous avan\u00e7ons ensemble.   <br\/><\/p>\n\n\n\n<p>Un autre moment d\u00e9terminant de 2024 a \u00e9t\u00e9 le transfert de propri\u00e9t\u00e9 de notre investisseur fondateur, Riverstone Holdings LLC, \u00e0 un nouveau groupe d&rsquo;actionnaires de classe mondiale, dont APG Asset Management N.V., au nom du plus grand fonds de pension n\u00e9erlandais, ABP, et Australian Retirement Trust. Cette \u00e9tape a clos un chapitre pour nous. En tant que partenaire stable et de confiance depuis notre cr\u00e9ation, Riverstone a contribu\u00e9 \u00e0 nous guider vers le prochain chapitre de notre histoire. Avec le soutien de nos nouveaux investisseurs, nous sommes maintenant en mesure de construire sur cette base. Pattern est renforc\u00e9 par leur perspective globale, leur engagement \u00e0 long terme et leur croyance commune en notre mission.    <\/p>\n\n\n\n<p>Alors que le rythme de l&rsquo;\u00e9lectrification s&rsquo;acc\u00e9l\u00e8re, Pattern investit dans l&rsquo;infrastructure n\u00e9cessaire \u00e0 la construction d&rsquo;un r\u00e9seau moderne. Nous tirons parti de notre expertise en d\u00e9veloppant notre plateforme de ressources \u00e9nerg\u00e9tiques fiables et rentables pour r\u00e9pondre \u00e0 cette demande croissante. Notre projet Southern Spirit Transmission reliera les r\u00e9gions, am\u00e9liorera la fiabilit\u00e9 et cr\u00e9era de la capacit\u00e9 sur plusieurs march\u00e9s, en particulier dans une r\u00e9gion o\u00f9 l&rsquo;instabilit\u00e9 m\u00e9t\u00e9orologique a de plus en plus d&rsquo;impact sur la mani\u00e8re, le moment et le lieu o\u00f9 nous utilisons l&rsquo;\u00e9lectricit\u00e9.  <br\/><\/p>\n\n\n\n<p>En 2024, nous avons \u00e9galement continu\u00e9 \u00e0 investir dans notre personnel et notre leadership. Nous avons accueilli Barry E. Davis en tant que pr\u00e9sident de notre conseil d&rsquo;administration et Carla Tully en tant que nouvelle administratrice, chacun apportant des perspectives essentielles \u00e0 mesure que nous \u00e9voluons. Nous avons \u00e9galement ajout\u00e9 des leaders exp\u00e9riment\u00e9s \u00e0 notre \u00e9quipe de direction, notamment Matt Rhodes en tant que directeur financier et Holly Adams en tant que vice-pr\u00e9sidente de l&rsquo;origination. Ces nominations refl\u00e8tent notre volont\u00e9 constante de constituer une \u00e9quipe de direction de premier plan, tout en nous pr\u00e9parant \u00e0 relever des d\u00e9fis encore plus complexes.   <br\/><\/p>\n\n\n\n<p>Nous restons profond\u00e9ment attach\u00e9s aux communaut\u00e9s que nous servons. En 2024, les projets et les installations de Pattern ont contribu\u00e9 \u00e0 hauteur de plus de 140 millions de dollars aux \u00e9conomies rurales d&rsquo;Am\u00e9rique du Nord par le biais de paiements aux propri\u00e9taires fonciers, de recettes fiscales, de cr\u00e9ation d&#8217;emplois et d&rsquo;investissements communautaires. L&rsquo;instauration de la confiance par la transparence, la responsabilit\u00e9 et le partenariat reste au c\u0153ur de notre identit\u00e9.  <br\/><\/p>\n\n\n\n<p>Il y a quinze ans, Pattern a \u00e9t\u00e9 lanc\u00e9 en pleine crise financi\u00e8re mondiale. Nous \u00e9tions petits, combatifs et anim\u00e9s par l&rsquo;id\u00e9e de construire un meilleur avenir \u00e9nerg\u00e9tique. Aujourd&rsquo;hui, nous fa\u00e7onnons cet avenir en construisant des infrastructures transformatrices, en offrant<br\/>des avantages \u00e9conomiques significatifs et en restant ancr\u00e9s dans les valeurs qui nous d\u00e9finissent depuis le d\u00e9but.  <br\/><\/p>\n\n\n\n<p>Merci \u00e0 tous nos partenaires, employ\u00e9s, communaut\u00e9s et parties prenantes qui ont contribu\u00e9 \u00e0 faire de 2024 une ann\u00e9e d\u00e9terminante. Ensemble, nous construisons plus que des projets ; nous cr\u00e9ons un \u00e9lan. <\/p>\n\n\n\n<p><\/p>\n\n\n\n<div class=\"wp-block-columns single-people-item is-layout-flex wp-container-core-columns-is-layout-9d6595d7 wp-block-columns-is-layout-flex\">\n<div class=\"wp-block-column is-layout-flow wp-block-column-is-layout-flow\" style=\"flex-basis:33.33%\">\n<figure class=\"wp-block-image size-large\"><img loading=\"lazy\" decoding=\"async\" width=\"1024\" height=\"1024\" src=\"https:\/\/patternenergy.com\/wp-content\/uploads\/2022\/10\/Hunter-Armistead-1024x1024.jpg\" alt=\"\" class=\"wp-image-7471\" srcset=\"https:\/\/patternenergy.com\/wp-content\/uploads\/2022\/10\/Hunter-Armistead-1024x1024.jpg 1024w, https:\/\/patternenergy.com\/wp-content\/uploads\/2022\/10\/Hunter-Armistead-300x300.jpg 300w, https:\/\/patternenergy.com\/wp-content\/uploads\/2022\/10\/Hunter-Armistead-150x150.jpg 150w, https:\/\/patternenergy.com\/wp-content\/uploads\/2022\/10\/Hunter-Armistead-768x768.jpg 768w, https:\/\/patternenergy.com\/wp-content\/uploads\/2022\/10\/Hunter-Armistead-450x450.jpg 450w, https:\/\/patternenergy.com\/wp-content\/uploads\/2022\/10\/Hunter-Armistead.jpg 1080w\" sizes=\"auto, (max-width: 1024px) 100vw, 1024px\" \/><\/figure>\n<\/div>\n\n\n\n<div class=\"wp-block-column is-layout-flow wp-block-column-is-layout-flow\" style=\"flex-basis:66.66%\">\n<h5 class=\"wp-block-heading\">Hunter Armistead<\/h5>\n\n\n\n<p>PDG, Pattern Energy<\/p>\n<\/div>\n<\/div>\n\n<\/div>\t\t\n\t<\/div>\n<\/section><!-- Textual Content -->","protected":false},"excerpt":{"rendered":"","protected":false},"author":1,"featured_media":16141,"parent":17026,"menu_order":43,"comment_status":"closed","ping_status":"closed","template":"","meta":{"_acf_changed":true,"footnotes":""},"class_list":["post-17272","page","type-page","status-publish","has-post-thumbnail","hentry"],"acf":[],"yoast_head":"<!-- This site is optimized with the Yoast SEO plugin v27.3 - https:\/\/yoast.com\/product\/yoast-seo-wordpress\/ -->\n<title>Pattern Energy : : Message du PDG<\/title>\n<meta name=\"description\" content=\"Je suis fier du r\u00f4le jou\u00e9 par Pattern Energy dans cette transition vers une \u00e9conomie fond\u00e9e sur les \u00e9nergies propres.\" \/>\n<meta name=\"robots\" content=\"index, follow, max-snippet:-1, max-image-preview:large, max-video-preview:-1\" \/>\n<link rel=\"canonical\" href=\"https:\/\/patternenergy.com\/fr\/durabilite\/message-du-pdg\/\" \/>\n<meta property=\"og:locale\" content=\"fr_FR\" \/>\n<meta property=\"og:type\" content=\"article\" \/>\n<meta property=\"og:title\" content=\"Pattern Energy : : Message du PDG\" \/>\n<meta property=\"og:description\" content=\"Je suis fier du r\u00f4le jou\u00e9 par Pattern Energy dans cette transition vers une \u00e9conomie fond\u00e9e sur les \u00e9nergies propres.\" \/>\n<meta property=\"og:url\" content=\"https:\/\/patternenergy.com\/fr\/durabilite\/message-du-pdg\/\" \/>\n<meta property=\"og:site_name\" content=\"Pattern Energy\" \/>\n<meta property=\"article:publisher\" content=\"https:\/\/www.facebook.com\/PatternEnergy\/\" \/>\n<meta property=\"article:modified_time\" content=\"2025-09-19T22:25:40+00:00\" \/>\n<meta property=\"og:image\" content=\"https:\/\/patternenergy.com\/wp-content\/uploads\/2023\/07\/Hunter-fb-media-image-1024x538.jpg\" \/>\n<meta name=\"twitter:card\" content=\"summary_large_image\" \/>\n<meta name=\"twitter:title\" content=\"Pattern Energy : : Message du PDG\" \/>\n<meta name=\"twitter:description\" content=\"Je suis fier du r\u00f4le jou\u00e9 par Pattern Energy dans cette transition vers une \u00e9conomie fond\u00e9e sur les \u00e9nergies propres.\" \/>\n<meta name=\"twitter:image\" content=\"https:\/\/patternenergy.com\/wp-content\/uploads\/2023\/07\/Hunter-fb-media-image-1024x538.jpg\" \/>\n<meta name=\"twitter:label1\" content=\"Dur\u00e9e de lecture estim\u00e9e\" \/>\n\t<meta name=\"twitter:data1\" content=\"6 minutes\" \/>\n<script type=\"application\/ld+json\" class=\"yoast-schema-graph\">{\"@context\":\"https:\\\/\\\/schema.org\",\"@graph\":[{\"@type\":\"WebPage\",\"@id\":\"https:\\\/\\\/patternenergy.com\\\/fr\\\/durabilite\\\/message-du-pdg\\\/\",\"url\":\"https:\\\/\\\/patternenergy.com\\\/fr\\\/durabilite\\\/message-du-pdg\\\/\",\"name\":\"Pattern Energy : : Message du PDG\",\"isPartOf\":{\"@id\":\"https:\\\/\\\/patternenergy.com\\\/fr\\\/#website\"},\"primaryImageOfPage\":{\"@id\":\"https:\\\/\\\/patternenergy.com\\\/fr\\\/durabilite\\\/message-du-pdg\\\/#primaryimage\"},\"image\":{\"@id\":\"https:\\\/\\\/patternenergy.com\\\/fr\\\/durabilite\\\/message-du-pdg\\\/#primaryimage\"},\"thumbnailUrl\":\"https:\\\/\\\/patternenergy.com\\\/wp-content\\\/uploads\\\/2023\\\/07\\\/Hunter-fb-media-image.jpg\",\"datePublished\":\"2021-12-14T14:04:35+00:00\",\"dateModified\":\"2025-09-19T22:25:40+00:00\",\"description\":\"Je suis fier du r\u00f4le jou\u00e9 par Pattern Energy dans cette transition vers une \u00e9conomie fond\u00e9e sur les \u00e9nergies propres.\",\"breadcrumb\":{\"@id\":\"https:\\\/\\\/patternenergy.com\\\/fr\\\/durabilite\\\/message-du-pdg\\\/#breadcrumb\"},\"inLanguage\":\"fr-FR\",\"potentialAction\":[{\"@type\":\"ReadAction\",\"target\":[\"https:\\\/\\\/patternenergy.com\\\/fr\\\/durabilite\\\/message-du-pdg\\\/\"]}]},{\"@type\":\"ImageObject\",\"inLanguage\":\"fr-FR\",\"@id\":\"https:\\\/\\\/patternenergy.com\\\/fr\\\/durabilite\\\/message-du-pdg\\\/#primaryimage\",\"url\":\"https:\\\/\\\/patternenergy.com\\\/wp-content\\\/uploads\\\/2023\\\/07\\\/Hunter-fb-media-image.jpg\",\"contentUrl\":\"https:\\\/\\\/patternenergy.com\\\/wp-content\\\/uploads\\\/2023\\\/07\\\/Hunter-fb-media-image.jpg\",\"width\":1200,\"height\":630},{\"@type\":\"BreadcrumbList\",\"@id\":\"https:\\\/\\\/patternenergy.com\\\/fr\\\/durabilite\\\/message-du-pdg\\\/#breadcrumb\",\"itemListElement\":[{\"@type\":\"ListItem\",\"position\":1,\"name\":\"Home\",\"item\":\"https:\\\/\\\/patternenergy.com\\\/fr\\\/\"},{\"@type\":\"ListItem\",\"position\":2,\"name\":\"D\u00e9veloppement durable\",\"item\":\"https:\\\/\\\/patternenergy.com\\\/fr\\\/durabilite\\\/\"},{\"@type\":\"ListItem\",\"position\":3,\"name\":\"Message du PDG\"}]},{\"@type\":\"WebSite\",\"@id\":\"https:\\\/\\\/patternenergy.com\\\/fr\\\/#website\",\"url\":\"https:\\\/\\\/patternenergy.com\\\/fr\\\/\",\"name\":\"Pattern Energy\",\"description\":\"Nous d\u00e9veloppons, construisons, poss\u00e9dons et exploitons des projets \u00e9oliens, solaires, de transport et de stockage d'\u00e9nergie de haute qualit\u00e9 dans le monde entier.\",\"publisher\":{\"@id\":\"https:\\\/\\\/patternenergy.com\\\/fr\\\/#organization\"},\"potentialAction\":[{\"@type\":\"SearchAction\",\"target\":{\"@type\":\"EntryPoint\",\"urlTemplate\":\"https:\\\/\\\/patternenergy.com\\\/fr\\\/?s={search_term_string}\"},\"query-input\":{\"@type\":\"PropertyValueSpecification\",\"valueRequired\":true,\"valueName\":\"search_term_string\"}}],\"inLanguage\":\"fr-FR\"},{\"@type\":\"Organization\",\"@id\":\"https:\\\/\\\/patternenergy.com\\\/fr\\\/#organization\",\"name\":\"Pattern Energy\",\"url\":\"https:\\\/\\\/patternenergy.com\\\/fr\\\/\",\"logo\":{\"@type\":\"ImageObject\",\"inLanguage\":\"fr-FR\",\"@id\":\"https:\\\/\\\/patternenergy.com\\\/fr\\\/#\\\/schema\\\/logo\\\/image\\\/\",\"url\":\"https:\\\/\\\/patternenergy.com\\\/wp-content\\\/uploads\\\/2022\\\/01\\\/Pattern-Energy-Media-thumbnail-logo.jpg\",\"contentUrl\":\"https:\\\/\\\/patternenergy.com\\\/wp-content\\\/uploads\\\/2022\\\/01\\\/Pattern-Energy-Media-thumbnail-logo.jpg\",\"width\":1200,\"height\":627,\"caption\":\"Pattern Energy\"},\"image\":{\"@id\":\"https:\\\/\\\/patternenergy.com\\\/fr\\\/#\\\/schema\\\/logo\\\/image\\\/\"},\"sameAs\":[\"https:\\\/\\\/www.facebook.com\\\/PatternEnergy\\\/\",\"https:\\\/\\\/instagram.com\\\/patternenergy?utm_medium=copy_link\",\"https:\\\/\\\/www.linkedin.com\\\/company\\\/pattern-energy\",\"https:\\\/\\\/www.youtube.com\\\/user\\\/PatternEnergy?app=desktop\",\"https:\\\/\\\/web.cauze.com\\\/company\\\/293\"]}]}<\/script>\n<!-- \/ Yoast SEO plugin. -->","yoast_head_json":{"title":"Pattern Energy : : Message du PDG","description":"Je suis fier du r\u00f4le jou\u00e9 par Pattern Energy dans cette transition vers une \u00e9conomie fond\u00e9e sur les \u00e9nergies propres.","robots":{"index":"index","follow":"follow","max-snippet":"max-snippet:-1","max-image-preview":"max-image-preview:large","max-video-preview":"max-video-preview:-1"},"canonical":"https:\/\/patternenergy.com\/fr\/durabilite\/message-du-pdg\/","og_locale":"fr_FR","og_type":"article","og_title":"Pattern Energy : : Message du PDG","og_description":"Je suis fier du r\u00f4le jou\u00e9 par Pattern Energy dans cette transition vers une \u00e9conomie fond\u00e9e sur les \u00e9nergies propres.","og_url":"https:\/\/patternenergy.com\/fr\/durabilite\/message-du-pdg\/","og_site_name":"Pattern Energy","article_publisher":"https:\/\/www.facebook.com\/PatternEnergy\/","article_modified_time":"2025-09-19T22:25:40+00:00","og_image":[{"url":"https:\/\/patternenergy.com\/wp-content\/uploads\/2023\/07\/Hunter-fb-media-image-1024x538.jpg","type":"","width":"","height":""}],"twitter_card":"summary_large_image","twitter_title":"Pattern Energy : : Message du PDG","twitter_description":"Je suis fier du r\u00f4le jou\u00e9 par Pattern Energy dans cette transition vers une \u00e9conomie fond\u00e9e sur les \u00e9nergies propres.","twitter_image":"https:\/\/patternenergy.com\/wp-content\/uploads\/2023\/07\/Hunter-fb-media-image-1024x538.jpg","twitter_misc":{"Dur\u00e9e de lecture estim\u00e9e":"6 minutes"},"schema":{"@context":"https:\/\/schema.org","@graph":[{"@type":"WebPage","@id":"https:\/\/patternenergy.com\/fr\/durabilite\/message-du-pdg\/","url":"https:\/\/patternenergy.com\/fr\/durabilite\/message-du-pdg\/","name":"Pattern Energy : : Message du PDG","isPartOf":{"@id":"https:\/\/patternenergy.com\/fr\/#website"},"primaryImageOfPage":{"@id":"https:\/\/patternenergy.com\/fr\/durabilite\/message-du-pdg\/#primaryimage"},"image":{"@id":"https:\/\/patternenergy.com\/fr\/durabilite\/message-du-pdg\/#primaryimage"},"thumbnailUrl":"https:\/\/patternenergy.com\/wp-content\/uploads\/2023\/07\/Hunter-fb-media-image.jpg","datePublished":"2021-12-14T14:04:35+00:00","dateModified":"2025-09-19T22:25:40+00:00","description":"Je suis fier du r\u00f4le jou\u00e9 par Pattern Energy dans cette transition vers une \u00e9conomie fond\u00e9e sur les \u00e9nergies propres.","breadcrumb":{"@id":"https:\/\/patternenergy.com\/fr\/durabilite\/message-du-pdg\/#breadcrumb"},"inLanguage":"fr-FR","potentialAction":[{"@type":"ReadAction","target":["https:\/\/patternenergy.com\/fr\/durabilite\/message-du-pdg\/"]}]},{"@type":"ImageObject","inLanguage":"fr-FR","@id":"https:\/\/patternenergy.com\/fr\/durabilite\/message-du-pdg\/#primaryimage","url":"https:\/\/patternenergy.com\/wp-content\/uploads\/2023\/07\/Hunter-fb-media-image.jpg","contentUrl":"https:\/\/patternenergy.com\/wp-content\/uploads\/2023\/07\/Hunter-fb-media-image.jpg","width":1200,"height":630},{"@type":"BreadcrumbList","@id":"https:\/\/patternenergy.com\/fr\/durabilite\/message-du-pdg\/#breadcrumb","itemListElement":[{"@type":"ListItem","position":1,"name":"Home","item":"https:\/\/patternenergy.com\/fr\/"},{"@type":"ListItem","position":2,"name":"D\u00e9veloppement durable","item":"https:\/\/patternenergy.com\/fr\/durabilite\/"},{"@type":"ListItem","position":3,"name":"Message du PDG"}]},{"@type":"WebSite","@id":"https:\/\/patternenergy.com\/fr\/#website","url":"https:\/\/patternenergy.com\/fr\/","name":"Pattern Energy","description":"Nous d\u00e9veloppons, construisons, poss\u00e9dons et exploitons des projets \u00e9oliens, solaires, de transport et de stockage d'\u00e9nergie de haute qualit\u00e9 dans le monde entier.","publisher":{"@id":"https:\/\/patternenergy.com\/fr\/#organization"},"potentialAction":[{"@type":"SearchAction","target":{"@type":"EntryPoint","urlTemplate":"https:\/\/patternenergy.com\/fr\/?s={search_term_string}"},"query-input":{"@type":"PropertyValueSpecification","valueRequired":true,"valueName":"search_term_string"}}],"inLanguage":"fr-FR"},{"@type":"Organization","@id":"https:\/\/patternenergy.com\/fr\/#organization","name":"Pattern Energy","url":"https:\/\/patternenergy.com\/fr\/","logo":{"@type":"ImageObject","inLanguage":"fr-FR","@id":"https:\/\/patternenergy.com\/fr\/#\/schema\/logo\/image\/","url":"https:\/\/patternenergy.com\/wp-content\/uploads\/2022\/01\/Pattern-Energy-Media-thumbnail-logo.jpg","contentUrl":"https:\/\/patternenergy.com\/wp-content\/uploads\/2022\/01\/Pattern-Energy-Media-thumbnail-logo.jpg","width":1200,"height":627,"caption":"Pattern Energy"},"image":{"@id":"https:\/\/patternenergy.com\/fr\/#\/schema\/logo\/image\/"},"sameAs":["https:\/\/www.facebook.com\/PatternEnergy\/","https:\/\/instagram.com\/patternenergy?utm_medium=copy_link","https:\/\/www.linkedin.com\/company\/pattern-energy","https:\/\/www.youtube.com\/user\/PatternEnergy?app=desktop","https:\/\/web.cauze.com\/company\/293"]}]}},"_links":{"self":[{"href":"https:\/\/patternenergy.com\/fr\/wp-json\/wp\/v2\/pages\/17272","targetHints":{"allow":["GET"]}}],"collection":[{"href":"https:\/\/patternenergy.com\/fr\/wp-json\/wp\/v2\/pages"}],"about":[{"href":"https:\/\/patternenergy.com\/fr\/wp-json\/wp\/v2\/types\/page"}],"author":[{"embeddable":true,"href":"https:\/\/patternenergy.com\/fr\/wp-json\/wp\/v2\/users\/1"}],"replies":[{"embeddable":true,"href":"https:\/\/patternenergy.com\/fr\/wp-json\/wp\/v2\/comments?post=17272"}],"version-history":[{"count":0,"href":"https:\/\/patternenergy.com\/fr\/wp-json\/wp\/v2\/pages\/17272\/revisions"}],"up":[{"embeddable":true,"href":"https:\/\/patternenergy.com\/fr\/wp-json\/wp\/v2\/pages\/17026"}],"wp:featuredmedia":[{"embeddable":true,"href":"https:\/\/patternenergy.com\/fr\/wp-json\/wp\/v2\/media\/16141"}],"wp:attachment":[{"href":"https:\/\/patternenergy.com\/fr\/wp-json\/wp\/v2\/media?parent=17272"}],"curies":[{"name":"wp","href":"https:\/\/api.w.org\/{rel}","templated":true}]}}