{"id":17266,"date":"2021-12-19T17:20:09","date_gmt":"2021-12-19T22:20:09","guid":{"rendered":"https:\/\/patternenergy.com\/durabilite\/diversite-equite-et-inclusion\/"},"modified":"2024-06-21T20:31:25","modified_gmt":"2024-06-22T01:31:25","slug":"diversite-equite-et-inclusion","status":"publish","type":"page","link":"https:\/\/patternenergy.com\/fr\/durabilite\/diversite-equite-et-inclusion\/","title":{"rendered":"Diversit\u00e9, \u00e9quit\u00e9 et inclusion"},"content":{"rendered":"\n<section class=\"textual-content type-default\" >\n\t\n\t<div class=\"holder block-entry animated\">\n\t\t\n\t\t\t\t\t\t\n\t\t<div class=\"acf-innerblocks-container\">\n\n<h1 class=\"wp-block-heading\">Diversit\u00e9, \u00e9quit\u00e9 <br>et inclusion<\/h1>\n\n\n\n<figure class=\"wp-block-image size-large\"><img loading=\"lazy\" decoding=\"async\" width=\"1024\" height=\"460\" src=\"https:\/\/patternenergy.com\/wp-content\/uploads\/2021\/12\/sustainability-5-1024x460.jpeg\" alt=\"\" class=\"wp-image-1369\" srcset=\"https:\/\/patternenergy.com\/wp-content\/uploads\/2021\/12\/sustainability-5-1024x460.jpeg 1024w, https:\/\/patternenergy.com\/wp-content\/uploads\/2021\/12\/sustainability-5-300x135.jpeg 300w, https:\/\/patternenergy.com\/wp-content\/uploads\/2021\/12\/sustainability-5-768x345.jpeg 768w, https:\/\/patternenergy.com\/wp-content\/uploads\/2021\/12\/sustainability-5-1536x690.jpeg 1536w, https:\/\/patternenergy.com\/wp-content\/uploads\/2021\/12\/sustainability-5-2048x921.jpeg 2048w\" sizes=\"auto, (max-width: 1024px) 100vw, 1024px\" \/><\/figure>\n\n\n\n<h3 class=\"wp-block-heading\">D\u00e9claration d&rsquo;engagements en mati\u00e8re de diversit\u00e9, d&rsquo;\u00e9quit\u00e9 et d&rsquo;inclusion<\/h3>\n\n\n\n<div class=\"wp-block-columns smaller-text is-layout-flex wp-container-core-columns-is-layout-9d6595d7 wp-block-columns-is-layout-flex\">\n<div class=\"wp-block-column narrow is-layout-flow wp-block-column-is-layout-flow\">\n<p>Pattern Energy s&rsquo;engage \u00e0 adopter un milieu de travail diversifi\u00e9, \u00e9quitable et inclusif o\u00f9 tous les employ\u00e9s ont leur place, ind\u00e9pendamment de leurs caract\u00e9ristiques personnelles, leurs ant\u00e9c\u00e9dents, leurs perspectives ou leurs capacit\u00e9s. Nous croyons que la diversit\u00e9 au sein de nos \u00e9quipes et de notre leadership, tout en offrant un environnement o\u00f9 les employ\u00e9s des groupes sous-repr\u00e9sent\u00e9s sont encourag\u00e9s et habilit\u00e9s, conduit \u00e0 une main-d&rsquo;\u0153uvre plus engag\u00e9e et \u00e0 de meilleurs r\u00e9sultats commerciaux. Nous reconnaissons que la diversit\u00e9, l&rsquo;\u00e9quit\u00e9 et l&rsquo;inclusion sont multiformes et que changer les comportements et les syst\u00e8mes prend du travail et du temps. Nous nous engageons \u00e0 prendre des mesures qui entra\u00eenent un changement durable chez Pattern Energy en nous engageant sur les points suivants :<\/p>\n\n\n\n<ul class=\"wp-block-list\">\n<li>\u00c9laborer et mettre en \u0153uvre des plans d&rsquo;action strat\u00e9giques afin de garantir que nos engagements en mati\u00e8re de diversit\u00e9, d&rsquo;\u00e9quit\u00e9 et d&rsquo;inclusion (DEI) aboutissent \u00e0 des r\u00e9sultats concrets, et d\u00e9finir des priorit\u00e9s et des responsabilit\u00e9s.<\/li>\n\n\n\n<li>Identifier, suivre et rendre compte des mesures de performance de la DEI et des progr\u00e8s r\u00e9alis\u00e9s dans le cadre des initiatives de la DEI.<\/li>\n\n\n\n<li>D\u00e9terminer et \u00e9liminer les obstacles li\u00e9s \u00e0 la DEI qui ont une incidence sur l&rsquo;acquisition et le d\u00e9veloppement des talents, la r\u00e9tention, la reconnaissance et l&rsquo;avancement.<\/li>\n\n\n\n<li>Cr\u00e9er une communaut\u00e9 o\u00f9 les employ\u00e9s se sentent \u00e0 l&rsquo;aise pour apporter leur authenticit\u00e9 au travail et sont pr\u00eats \u00e0 participer \u00e0 des conversations difficiles, ce qui leur permet de mieux conna\u00eetre les exp\u00e9riences et les points de vue des autres.<\/li>\n\n\n\n<li>Encourager, soutenir et ressourcer les r\u00e9seaux d&rsquo;affinit\u00e9s dirig\u00e9s par les employ\u00e9s.<\/li>\n\n\n\n<li>Soutenir le Conseil DEI de Pattern Energy afin de contribuer \u00e0 nos initiatives DEI.<\/li>\n<\/ul>\n\n\n\n<ul class=\"wp-block-list\">\n<li>Appliquer la perspective de la DEI \u00e0 l&rsquo;ensemble de nos activit\u00e9s commerciales et de notre cha\u00eene de valeur, y compris les achats, les dons \u00e0 la communaut\u00e9 et l&rsquo;engagement des intervenants.<\/li>\n<\/ul>\n\n\n\n<ul class=\"wp-block-list\">\n<li>Renforcer notre culture en d\u00e9montrant ces engagements \u00e0 tous les niveaux de l&rsquo;organisation.<\/li>\n<\/ul>\n<\/div>\n<\/div>\n\n\n\n<h2 class=\"wp-block-heading space-top\">R\u00e9seaux d&rsquo;affinit\u00e9s<\/h2>\n\n\n\n<div class=\"wp-block-columns is-layout-flex wp-container-core-columns-is-layout-9d6595d7 wp-block-columns-is-layout-flex\">\n<div class=\"wp-block-column narrow is-layout-flow wp-block-column-is-layout-flow\">\n<p>Nous encourageons les membres de notre \u00e9quipe \u00e0 d\u00e9velopper un sens de la communaut\u00e9, ce qui a donn\u00e9 naissance \u00e0 six r\u00e9seaux d&rsquo;affinit\u00e9s dirig\u00e9s par des employ\u00e9s.  <\/p>\n\n\n\n<p>Nos r\u00e9seaux d&rsquo;affinit\u00e9s s&rsquo;alignent sur les objectifs de notre entreprise en offrant des opportunit\u00e9s d&rsquo;inclusion, de d\u00e9veloppement professionnel et de mise en r\u00e9seau.<\/p>\n<\/div>\n<\/div>\n\n\n\n<div class=\"wp-block-columns logo-list is-layout-flex wp-container-core-columns-is-layout-9d6595d7 wp-block-columns-is-layout-flex\">\n<div class=\"wp-block-column is-layout-flow wp-block-column-is-layout-flow\">\n<figure class=\"wp-block-image size-full\"><img loading=\"lazy\" decoding=\"async\" width=\"192\" height=\"220\" src=\"https:\/\/patternenergy.com\/wp-content\/uploads\/2022\/08\/logo-wire.png\" alt=\"\" class=\"wp-image-6170\" \/><\/figure>\n<\/div>\n\n\n\n<div class=\"wp-block-column is-layout-flow wp-block-column-is-layout-flow\">\n<figure class=\"wp-block-image size-full\"><img loading=\"lazy\" decoding=\"async\" width=\"116\" height=\"220\" src=\"https:\/\/patternenergy.com\/wp-content\/uploads\/2022\/08\/logo-bire.png\" alt=\"\" class=\"wp-image-6171\" \/><\/figure>\n<\/div>\n\n\n\n<div class=\"wp-block-column is-layout-flow wp-block-column-is-layout-flow\">\n<figure class=\"wp-block-image size-full\"><img loading=\"lazy\" decoding=\"async\" width=\"217\" height=\"220\" src=\"https:\/\/patternenergy.com\/wp-content\/uploads\/2022\/08\/logo-pride.png\" alt=\"\" class=\"wp-image-6172\" \/><\/figure>\n<\/div>\n\n\n\n<div class=\"wp-block-column is-layout-flow wp-block-column-is-layout-flow\">\n<figure class=\"wp-block-image size-full\"><img loading=\"lazy\" decoding=\"async\" width=\"177\" height=\"220\" src=\"https:\/\/patternenergy.com\/wp-content\/uploads\/2022\/08\/logo-aspire.png\" alt=\"\" class=\"wp-image-6173\" \/><\/figure>\n<\/div>\n\n\n\n<div class=\"wp-block-column is-layout-flow wp-block-column-is-layout-flow\">\n<figure class=\"wp-block-image size-full\"><img loading=\"lazy\" decoding=\"async\" width=\"152\" height=\"220\" src=\"https:\/\/patternenergy.com\/wp-content\/uploads\/2022\/08\/logo-care.png\" alt=\"\" class=\"wp-image-6174\" \/><\/figure>\n<\/div>\n\n\n\n<div class=\"wp-block-column is-layout-flow wp-block-column-is-layout-flow\">\n<figure class=\"wp-block-image size-full\"><img loading=\"lazy\" decoding=\"async\" width=\"248\" height=\"220\" src=\"https:\/\/patternenergy.com\/wp-content\/uploads\/2022\/08\/logo-real.png\" alt=\"\" class=\"wp-image-6175\" \/><\/figure>\n<\/div>\n<\/div>\n\n<\/div>\t\t\n\t<\/div>\n<\/section><!-- Textual Content -->","protected":false},"excerpt":{"rendered":"","protected":false},"author":1,"featured_media":0,"parent":17026,"menu_order":40,"comment_status":"closed","ping_status":"closed","template":"","meta":{"_acf_changed":false,"footnotes":""},"class_list":["post-17266","page","type-page","status-publish","hentry"],"acf":[],"yoast_head":"<!-- This site is optimized with the Yoast SEO plugin v27.4 - https:\/\/yoast.com\/product\/yoast-seo-wordpress\/ -->\n<title>Pattern Energy : : Diversit\u00e9, \u00e9quit\u00e9 et inclusion<\/title>\n<meta name=\"robots\" content=\"index, follow, max-snippet:-1, max-image-preview:large, max-video-preview:-1\" \/>\n<link rel=\"canonical\" href=\"https:\/\/patternenergy.com\/fr\/durabilite\/diversite-equite-et-inclusion\/\" \/>\n<meta property=\"og:locale\" content=\"fr_FR\" \/>\n<meta property=\"og:type\" content=\"article\" \/>\n<meta property=\"og:title\" content=\"Pattern Energy : : Diversit\u00e9, \u00e9quit\u00e9 et inclusion\" \/>\n<meta property=\"og:url\" content=\"https:\/\/patternenergy.com\/fr\/durabilite\/diversite-equite-et-inclusion\/\" \/>\n<meta property=\"og:site_name\" content=\"Pattern Energy\" \/>\n<meta property=\"article:publisher\" content=\"https:\/\/www.facebook.com\/PatternEnergy\/\" \/>\n<meta property=\"article:modified_time\" content=\"2024-06-22T01:31:25+00:00\" \/>\n<meta property=\"og:image\" content=\"https:\/\/patternenergy.com\/wp-content\/uploads\/2021\/12\/sustainability-5-1024x460.jpeg\" \/>\n<meta name=\"twitter:card\" content=\"summary_large_image\" \/>\n<meta name=\"twitter:label1\" content=\"Dur\u00e9e de lecture estim\u00e9e\" \/>\n\t<meta name=\"twitter:data1\" content=\"4 minutes\" \/>\n<script type=\"application\/ld+json\" class=\"yoast-schema-graph\">{\"@context\":\"https:\\\/\\\/schema.org\",\"@graph\":[{\"@type\":\"WebPage\",\"@id\":\"https:\\\/\\\/patternenergy.com\\\/fr\\\/durabilite\\\/diversite-equite-et-inclusion\\\/\",\"url\":\"https:\\\/\\\/patternenergy.com\\\/fr\\\/durabilite\\\/diversite-equite-et-inclusion\\\/\",\"name\":\"Pattern Energy : : Diversit\u00e9, \u00e9quit\u00e9 et inclusion\",\"isPartOf\":{\"@id\":\"https:\\\/\\\/patternenergy.com\\\/fr\\\/#website\"},\"primaryImageOfPage\":{\"@id\":\"https:\\\/\\\/patternenergy.com\\\/fr\\\/durabilite\\\/diversite-equite-et-inclusion\\\/#primaryimage\"},\"image\":{\"@id\":\"https:\\\/\\\/patternenergy.com\\\/fr\\\/durabilite\\\/diversite-equite-et-inclusion\\\/#primaryimage\"},\"thumbnailUrl\":\"https:\\\/\\\/patternenergy.com\\\/wp-content\\\/uploads\\\/2021\\\/12\\\/sustainability-5-1024x460.jpeg\",\"datePublished\":\"2021-12-19T22:20:09+00:00\",\"dateModified\":\"2024-06-22T01:31:25+00:00\",\"breadcrumb\":{\"@id\":\"https:\\\/\\\/patternenergy.com\\\/fr\\\/durabilite\\\/diversite-equite-et-inclusion\\\/#breadcrumb\"},\"inLanguage\":\"fr-FR\",\"potentialAction\":[{\"@type\":\"ReadAction\",\"target\":[\"https:\\\/\\\/patternenergy.com\\\/fr\\\/durabilite\\\/diversite-equite-et-inclusion\\\/\"]}]},{\"@type\":\"ImageObject\",\"inLanguage\":\"fr-FR\",\"@id\":\"https:\\\/\\\/patternenergy.com\\\/fr\\\/durabilite\\\/diversite-equite-et-inclusion\\\/#primaryimage\",\"url\":\"https:\\\/\\\/patternenergy.com\\\/wp-content\\\/uploads\\\/2021\\\/12\\\/sustainability-5-1024x460.jpeg\",\"contentUrl\":\"https:\\\/\\\/patternenergy.com\\\/wp-content\\\/uploads\\\/2021\\\/12\\\/sustainability-5-1024x460.jpeg\"},{\"@type\":\"BreadcrumbList\",\"@id\":\"https:\\\/\\\/patternenergy.com\\\/fr\\\/durabilite\\\/diversite-equite-et-inclusion\\\/#breadcrumb\",\"itemListElement\":[{\"@type\":\"ListItem\",\"position\":1,\"name\":\"Home\",\"item\":\"https:\\\/\\\/patternenergy.com\\\/fr\\\/\"},{\"@type\":\"ListItem\",\"position\":2,\"name\":\"D\u00e9veloppement durable\",\"item\":\"https:\\\/\\\/patternenergy.com\\\/fr\\\/durabilite\\\/\"},{\"@type\":\"ListItem\",\"position\":3,\"name\":\"Diversit\u00e9, \u00e9quit\u00e9 et inclusion\"}]},{\"@type\":\"WebSite\",\"@id\":\"https:\\\/\\\/patternenergy.com\\\/fr\\\/#website\",\"url\":\"https:\\\/\\\/patternenergy.com\\\/fr\\\/\",\"name\":\"Pattern Energy\",\"description\":\"Nous d\u00e9veloppons, construisons, poss\u00e9dons et exploitons des projets \u00e9oliens, solaires, de transport et de stockage d'\u00e9nergie de haute qualit\u00e9 dans le monde entier.\",\"publisher\":{\"@id\":\"https:\\\/\\\/patternenergy.com\\\/fr\\\/#organization\"},\"potentialAction\":[{\"@type\":\"SearchAction\",\"target\":{\"@type\":\"EntryPoint\",\"urlTemplate\":\"https:\\\/\\\/patternenergy.com\\\/fr\\\/?s={search_term_string}\"},\"query-input\":{\"@type\":\"PropertyValueSpecification\",\"valueRequired\":true,\"valueName\":\"search_term_string\"}}],\"inLanguage\":\"fr-FR\"},{\"@type\":\"Organization\",\"@id\":\"https:\\\/\\\/patternenergy.com\\\/fr\\\/#organization\",\"name\":\"Pattern Energy\",\"url\":\"https:\\\/\\\/patternenergy.com\\\/fr\\\/\",\"logo\":{\"@type\":\"ImageObject\",\"inLanguage\":\"fr-FR\",\"@id\":\"https:\\\/\\\/patternenergy.com\\\/fr\\\/#\\\/schema\\\/logo\\\/image\\\/\",\"url\":\"https:\\\/\\\/patternenergy.com\\\/wp-content\\\/uploads\\\/2022\\\/01\\\/Pattern-Energy-Media-thumbnail-logo.jpg\",\"contentUrl\":\"https:\\\/\\\/patternenergy.com\\\/wp-content\\\/uploads\\\/2022\\\/01\\\/Pattern-Energy-Media-thumbnail-logo.jpg\",\"width\":1200,\"height\":627,\"caption\":\"Pattern Energy\"},\"image\":{\"@id\":\"https:\\\/\\\/patternenergy.com\\\/fr\\\/#\\\/schema\\\/logo\\\/image\\\/\"},\"sameAs\":[\"https:\\\/\\\/www.facebook.com\\\/PatternEnergy\\\/\",\"https:\\\/\\\/instagram.com\\\/patternenergy?utm_medium=copy_link\",\"https:\\\/\\\/www.linkedin.com\\\/company\\\/pattern-energy\",\"https:\\\/\\\/www.youtube.com\\\/user\\\/PatternEnergy?app=desktop\",\"https:\\\/\\\/web.cauze.com\\\/company\\\/293\"]}]}<\/script>\n<!-- \/ Yoast SEO plugin. -->","yoast_head_json":{"title":"Pattern Energy : : Diversit\u00e9, \u00e9quit\u00e9 et inclusion","robots":{"index":"index","follow":"follow","max-snippet":"max-snippet:-1","max-image-preview":"max-image-preview:large","max-video-preview":"max-video-preview:-1"},"canonical":"https:\/\/patternenergy.com\/fr\/durabilite\/diversite-equite-et-inclusion\/","og_locale":"fr_FR","og_type":"article","og_title":"Pattern Energy : : Diversit\u00e9, \u00e9quit\u00e9 et inclusion","og_url":"https:\/\/patternenergy.com\/fr\/durabilite\/diversite-equite-et-inclusion\/","og_site_name":"Pattern Energy","article_publisher":"https:\/\/www.facebook.com\/PatternEnergy\/","article_modified_time":"2024-06-22T01:31:25+00:00","og_image":[{"url":"https:\/\/patternenergy.com\/wp-content\/uploads\/2021\/12\/sustainability-5-1024x460.jpeg","type":"","width":"","height":""}],"twitter_card":"summary_large_image","twitter_misc":{"Dur\u00e9e de lecture estim\u00e9e":"4 minutes"},"schema":{"@context":"https:\/\/schema.org","@graph":[{"@type":"WebPage","@id":"https:\/\/patternenergy.com\/fr\/durabilite\/diversite-equite-et-inclusion\/","url":"https:\/\/patternenergy.com\/fr\/durabilite\/diversite-equite-et-inclusion\/","name":"Pattern Energy : : Diversit\u00e9, \u00e9quit\u00e9 et inclusion","isPartOf":{"@id":"https:\/\/patternenergy.com\/fr\/#website"},"primaryImageOfPage":{"@id":"https:\/\/patternenergy.com\/fr\/durabilite\/diversite-equite-et-inclusion\/#primaryimage"},"image":{"@id":"https:\/\/patternenergy.com\/fr\/durabilite\/diversite-equite-et-inclusion\/#primaryimage"},"thumbnailUrl":"https:\/\/patternenergy.com\/wp-content\/uploads\/2021\/12\/sustainability-5-1024x460.jpeg","datePublished":"2021-12-19T22:20:09+00:00","dateModified":"2024-06-22T01:31:25+00:00","breadcrumb":{"@id":"https:\/\/patternenergy.com\/fr\/durabilite\/diversite-equite-et-inclusion\/#breadcrumb"},"inLanguage":"fr-FR","potentialAction":[{"@type":"ReadAction","target":["https:\/\/patternenergy.com\/fr\/durabilite\/diversite-equite-et-inclusion\/"]}]},{"@type":"ImageObject","inLanguage":"fr-FR","@id":"https:\/\/patternenergy.com\/fr\/durabilite\/diversite-equite-et-inclusion\/#primaryimage","url":"https:\/\/patternenergy.com\/wp-content\/uploads\/2021\/12\/sustainability-5-1024x460.jpeg","contentUrl":"https:\/\/patternenergy.com\/wp-content\/uploads\/2021\/12\/sustainability-5-1024x460.jpeg"},{"@type":"BreadcrumbList","@id":"https:\/\/patternenergy.com\/fr\/durabilite\/diversite-equite-et-inclusion\/#breadcrumb","itemListElement":[{"@type":"ListItem","position":1,"name":"Home","item":"https:\/\/patternenergy.com\/fr\/"},{"@type":"ListItem","position":2,"name":"D\u00e9veloppement durable","item":"https:\/\/patternenergy.com\/fr\/durabilite\/"},{"@type":"ListItem","position":3,"name":"Diversit\u00e9, \u00e9quit\u00e9 et inclusion"}]},{"@type":"WebSite","@id":"https:\/\/patternenergy.com\/fr\/#website","url":"https:\/\/patternenergy.com\/fr\/","name":"Pattern Energy","description":"Nous d\u00e9veloppons, construisons, poss\u00e9dons et exploitons des projets \u00e9oliens, solaires, de transport et de stockage d'\u00e9nergie de haute qualit\u00e9 dans le monde entier.","publisher":{"@id":"https:\/\/patternenergy.com\/fr\/#organization"},"potentialAction":[{"@type":"SearchAction","target":{"@type":"EntryPoint","urlTemplate":"https:\/\/patternenergy.com\/fr\/?s={search_term_string}"},"query-input":{"@type":"PropertyValueSpecification","valueRequired":true,"valueName":"search_term_string"}}],"inLanguage":"fr-FR"},{"@type":"Organization","@id":"https:\/\/patternenergy.com\/fr\/#organization","name":"Pattern Energy","url":"https:\/\/patternenergy.com\/fr\/","logo":{"@type":"ImageObject","inLanguage":"fr-FR","@id":"https:\/\/patternenergy.com\/fr\/#\/schema\/logo\/image\/","url":"https:\/\/patternenergy.com\/wp-content\/uploads\/2022\/01\/Pattern-Energy-Media-thumbnail-logo.jpg","contentUrl":"https:\/\/patternenergy.com\/wp-content\/uploads\/2022\/01\/Pattern-Energy-Media-thumbnail-logo.jpg","width":1200,"height":627,"caption":"Pattern Energy"},"image":{"@id":"https:\/\/patternenergy.com\/fr\/#\/schema\/logo\/image\/"},"sameAs":["https:\/\/www.facebook.com\/PatternEnergy\/","https:\/\/instagram.com\/patternenergy?utm_medium=copy_link","https:\/\/www.linkedin.com\/company\/pattern-energy","https:\/\/www.youtube.com\/user\/PatternEnergy?app=desktop","https:\/\/web.cauze.com\/company\/293"]}]}},"_links":{"self":[{"href":"https:\/\/patternenergy.com\/fr\/wp-json\/wp\/v2\/pages\/17266","targetHints":{"allow":["GET"]}}],"collection":[{"href":"https:\/\/patternenergy.com\/fr\/wp-json\/wp\/v2\/pages"}],"about":[{"href":"https:\/\/patternenergy.com\/fr\/wp-json\/wp\/v2\/types\/page"}],"author":[{"embeddable":true,"href":"https:\/\/patternenergy.com\/fr\/wp-json\/wp\/v2\/users\/1"}],"replies":[{"embeddable":true,"href":"https:\/\/patternenergy.com\/fr\/wp-json\/wp\/v2\/comments?post=17266"}],"version-history":[{"count":0,"href":"https:\/\/patternenergy.com\/fr\/wp-json\/wp\/v2\/pages\/17266\/revisions"}],"up":[{"embeddable":true,"href":"https:\/\/patternenergy.com\/fr\/wp-json\/wp\/v2\/pages\/17026"}],"wp:attachment":[{"href":"https:\/\/patternenergy.com\/fr\/wp-json\/wp\/v2\/media?parent=17266"}],"curies":[{"name":"wp","href":"https:\/\/api.w.org\/{rel}","templated":true}]}}