{"id":17264,"date":"2023-07-10T07:10:44","date_gmt":"2023-07-10T12:10:44","guid":{"rendered":"https:\/\/patternenergy.com\/sunzia-interim\/"},"modified":"2024-04-10T03:31:09","modified_gmt":"2024-04-10T08:31:09","slug":"sunzia-interim","status":"publish","type":"page","link":"https:\/\/patternenergy.com\/fr\/sunzia-interim\/","title":{"rendered":"Sunzia Int\u00e9rim"},"content":{"rendered":"\n<section class=\"textual-content type-default\" >\n\t\n\t<div class=\"holder block-entry animated\">\n\t\t\n\t\t\t\t\t\t\n\t\t<div class=\"acf-innerblocks-container\">\n\n<h3 class=\"wp-block-heading\">Site provisoire du syst\u00e8me d&rsquo;information en libre acc\u00e8s<\/h3>\n\n\n\n<p>Faire une demande d&rsquo;interconnexion<\/p>\n\n\n\n<p>Le syst\u00e8me de transmission SunZia est en cours de conception avanc\u00e9e et devrait \u00eatre achev\u00e9 au quatri\u00e8me trimestre 2024. Lorsqu&rsquo;une entit\u00e9 demande une nouvelle interconnexion au r\u00e9seau de transport, elle doit soumettre une demande \u00e9crite par courrier \u00e9lectronique. Cette demande doit \u00eatre envoy\u00e9e \u00e0 l&rsquo;adresse suivante<br\/><br\/>Conformit\u00e9 r\u00e9glementaire  <br\/>1088 Sansome Street<br\/>San Francisco, CA 94111<br\/>T\u00e9l\u00e9phone : (713) 308-4200<\/p>\n\n\n\n<p><a href=\"mailto:SOC@SunZia.com\">SOC@SunZia.com<\/a><\/p>\n\n\n\n<p><br\/>Les demandes d&rsquo;interconnexion de grandes centrales (plus de 20 MW) doivent suivre les proc\u00e9dures d\u00e9crites dans l&rsquo;annexe M de l&rsquo;OATT.<\/p>\n\n\n\n<p><br\/>Les demandes d&rsquo;interconnexion de petites centrales (installations ne d\u00e9passant pas 20 MW) doivent suivre les proc\u00e9dures d\u00e9crites dans l&rsquo;annexe N de l&rsquo;OATT.<\/p>\n\n\n\n<p><\/p>\n\n\n\n<p><a href=\"https:\/\/etariff.ferc.gov\/TariffBrowser.aspx?tid=7557\" target=\"_blank\" rel=\"noreferrer noopener\">SunZia Transmission, LLC &#8211; Tariffs, Rate Schedules and Agreements (tarifs, bar\u00e8mes et accords)<\/a><\/p>\n\n<\/div>\t\t\n\t<\/div>\n<\/section><!-- Textual Content -->","protected":false},"excerpt":{"rendered":"","protected":false},"author":3,"featured_media":0,"parent":0,"menu_order":0,"comment_status":"closed","ping_status":"closed","template":"","meta":{"_acf_changed":false,"footnotes":""},"class_list":["post-17264","page","type-page","status-publish","hentry"],"acf":[],"yoast_head":"<!-- This site is optimized with the Yoast SEO plugin v27.5 - https:\/\/yoast.com\/product\/yoast-seo-wordpress\/ -->\n<title>Sunzia Int\u00e9rim - Pattern Energy<\/title>\n<meta name=\"description\" content=\"Le syst\u00e8me de transmission SunZia est en cours de conception avanc\u00e9e et devrait \u00eatre achev\u00e9 au quatri\u00e8me trimestre 2024. Lorsqu&#039;une entit\u00e9 demande une nouvelle interconnexion au r\u00e9seau de transport, elle doit soumettre une demande \u00e9crite par courrier \u00e9lectronique.\" \/>\n<meta name=\"robots\" content=\"index, follow, max-snippet:-1, max-image-preview:large, max-video-preview:-1\" \/>\n<link rel=\"canonical\" href=\"https:\/\/patternenergy.com\/fr\/sunzia-interim\/\" \/>\n<meta property=\"og:locale\" content=\"fr_FR\" \/>\n<meta property=\"og:type\" content=\"article\" \/>\n<meta property=\"og:title\" content=\"Sunzia Int\u00e9rim - Pattern Energy\" \/>\n<meta property=\"og:description\" content=\"Le syst\u00e8me de transmission SunZia est en cours de conception avanc\u00e9e et devrait \u00eatre achev\u00e9 au quatri\u00e8me trimestre 2024. Lorsqu&#039;une entit\u00e9 demande une nouvelle interconnexion au r\u00e9seau de transport, elle doit soumettre une demande \u00e9crite par courrier \u00e9lectronique.\" \/>\n<meta property=\"og:url\" content=\"https:\/\/patternenergy.com\/fr\/sunzia-interim\/\" \/>\n<meta property=\"og:site_name\" content=\"Pattern Energy\" \/>\n<meta property=\"article:publisher\" content=\"https:\/\/www.facebook.com\/PatternEnergy\/\" \/>\n<meta property=\"article:modified_time\" content=\"2024-04-10T08:31:09+00:00\" \/>\n<meta property=\"og:image\" content=\"https:\/\/patternenergy.com\/wp-content\/uploads\/2022\/01\/Pattern-Energy-Media-thumbnail-logo.jpg\" \/>\n\t<meta property=\"og:image:width\" content=\"1200\" \/>\n\t<meta property=\"og:image:height\" content=\"627\" \/>\n\t<meta property=\"og:image:type\" content=\"image\/jpeg\" \/>\n<meta name=\"twitter:card\" content=\"summary_large_image\" \/>\n<meta name=\"twitter:label1\" content=\"Dur\u00e9e de lecture estim\u00e9e\" \/>\n\t<meta name=\"twitter:data1\" content=\"1 minute\" \/>\n<script type=\"application\/ld+json\" class=\"yoast-schema-graph\">{\"@context\":\"https:\\\/\\\/schema.org\",\"@graph\":[{\"@type\":\"WebPage\",\"@id\":\"https:\\\/\\\/patternenergy.com\\\/fr\\\/sunzia-interim\\\/\",\"url\":\"https:\\\/\\\/patternenergy.com\\\/fr\\\/sunzia-interim\\\/\",\"name\":\"Sunzia Int\u00e9rim - Pattern Energy\",\"isPartOf\":{\"@id\":\"https:\\\/\\\/patternenergy.com\\\/fr\\\/#website\"},\"datePublished\":\"2023-07-10T12:10:44+00:00\",\"dateModified\":\"2024-04-10T08:31:09+00:00\",\"description\":\"Le syst\u00e8me de transmission SunZia est en cours de conception avanc\u00e9e et devrait \u00eatre achev\u00e9 au quatri\u00e8me trimestre 2024. Lorsqu'une entit\u00e9 demande une nouvelle interconnexion au r\u00e9seau de transport, elle doit soumettre une demande \u00e9crite par courrier \u00e9lectronique.\",\"breadcrumb\":{\"@id\":\"https:\\\/\\\/patternenergy.com\\\/fr\\\/sunzia-interim\\\/#breadcrumb\"},\"inLanguage\":\"fr-FR\",\"potentialAction\":[{\"@type\":\"ReadAction\",\"target\":[\"https:\\\/\\\/patternenergy.com\\\/fr\\\/sunzia-interim\\\/\"]}]},{\"@type\":\"BreadcrumbList\",\"@id\":\"https:\\\/\\\/patternenergy.com\\\/fr\\\/sunzia-interim\\\/#breadcrumb\",\"itemListElement\":[{\"@type\":\"ListItem\",\"position\":1,\"name\":\"Home\",\"item\":\"https:\\\/\\\/patternenergy.com\\\/fr\\\/\"},{\"@type\":\"ListItem\",\"position\":2,\"name\":\"Sunzia Int\u00e9rim\"}]},{\"@type\":\"WebSite\",\"@id\":\"https:\\\/\\\/patternenergy.com\\\/fr\\\/#website\",\"url\":\"https:\\\/\\\/patternenergy.com\\\/fr\\\/\",\"name\":\"Pattern Energy\",\"description\":\"Nous d\u00e9veloppons, construisons, poss\u00e9dons et exploitons des projets \u00e9oliens, solaires, de transport et de stockage d'\u00e9nergie de haute qualit\u00e9 dans le monde entier.\",\"publisher\":{\"@id\":\"https:\\\/\\\/patternenergy.com\\\/fr\\\/#organization\"},\"potentialAction\":[{\"@type\":\"SearchAction\",\"target\":{\"@type\":\"EntryPoint\",\"urlTemplate\":\"https:\\\/\\\/patternenergy.com\\\/fr\\\/?s={search_term_string}\"},\"query-input\":{\"@type\":\"PropertyValueSpecification\",\"valueRequired\":true,\"valueName\":\"search_term_string\"}}],\"inLanguage\":\"fr-FR\"},{\"@type\":\"Organization\",\"@id\":\"https:\\\/\\\/patternenergy.com\\\/fr\\\/#organization\",\"name\":\"Pattern Energy\",\"url\":\"https:\\\/\\\/patternenergy.com\\\/fr\\\/\",\"logo\":{\"@type\":\"ImageObject\",\"inLanguage\":\"fr-FR\",\"@id\":\"https:\\\/\\\/patternenergy.com\\\/fr\\\/#\\\/schema\\\/logo\\\/image\\\/\",\"url\":\"https:\\\/\\\/patternenergy.com\\\/wp-content\\\/uploads\\\/2022\\\/01\\\/Pattern-Energy-Media-thumbnail-logo.jpg\",\"contentUrl\":\"https:\\\/\\\/patternenergy.com\\\/wp-content\\\/uploads\\\/2022\\\/01\\\/Pattern-Energy-Media-thumbnail-logo.jpg\",\"width\":1200,\"height\":627,\"caption\":\"Pattern Energy\"},\"image\":{\"@id\":\"https:\\\/\\\/patternenergy.com\\\/fr\\\/#\\\/schema\\\/logo\\\/image\\\/\"},\"sameAs\":[\"https:\\\/\\\/www.facebook.com\\\/PatternEnergy\\\/\",\"https:\\\/\\\/instagram.com\\\/patternenergy?utm_medium=copy_link\",\"https:\\\/\\\/www.linkedin.com\\\/company\\\/pattern-energy\",\"https:\\\/\\\/www.youtube.com\\\/user\\\/PatternEnergy?app=desktop\",\"https:\\\/\\\/web.cauze.com\\\/company\\\/293\"]}]}<\/script>\n<!-- \/ Yoast SEO plugin. -->","yoast_head_json":{"title":"Sunzia Int\u00e9rim - Pattern Energy","description":"Le syst\u00e8me de transmission SunZia est en cours de conception avanc\u00e9e et devrait \u00eatre achev\u00e9 au quatri\u00e8me trimestre 2024. Lorsqu'une entit\u00e9 demande une nouvelle interconnexion au r\u00e9seau de transport, elle doit soumettre une demande \u00e9crite par courrier \u00e9lectronique.","robots":{"index":"index","follow":"follow","max-snippet":"max-snippet:-1","max-image-preview":"max-image-preview:large","max-video-preview":"max-video-preview:-1"},"canonical":"https:\/\/patternenergy.com\/fr\/sunzia-interim\/","og_locale":"fr_FR","og_type":"article","og_title":"Sunzia Int\u00e9rim - Pattern Energy","og_description":"Le syst\u00e8me de transmission SunZia est en cours de conception avanc\u00e9e et devrait \u00eatre achev\u00e9 au quatri\u00e8me trimestre 2024. Lorsqu'une entit\u00e9 demande une nouvelle interconnexion au r\u00e9seau de transport, elle doit soumettre une demande \u00e9crite par courrier \u00e9lectronique.","og_url":"https:\/\/patternenergy.com\/fr\/sunzia-interim\/","og_site_name":"Pattern Energy","article_publisher":"https:\/\/www.facebook.com\/PatternEnergy\/","article_modified_time":"2024-04-10T08:31:09+00:00","og_image":[{"width":1200,"height":627,"url":"https:\/\/patternenergy.com\/wp-content\/uploads\/2022\/01\/Pattern-Energy-Media-thumbnail-logo.jpg","type":"image\/jpeg"}],"twitter_card":"summary_large_image","twitter_misc":{"Dur\u00e9e de lecture estim\u00e9e":"1 minute"},"schema":{"@context":"https:\/\/schema.org","@graph":[{"@type":"WebPage","@id":"https:\/\/patternenergy.com\/fr\/sunzia-interim\/","url":"https:\/\/patternenergy.com\/fr\/sunzia-interim\/","name":"Sunzia Int\u00e9rim - Pattern Energy","isPartOf":{"@id":"https:\/\/patternenergy.com\/fr\/#website"},"datePublished":"2023-07-10T12:10:44+00:00","dateModified":"2024-04-10T08:31:09+00:00","description":"Le syst\u00e8me de transmission SunZia est en cours de conception avanc\u00e9e et devrait \u00eatre achev\u00e9 au quatri\u00e8me trimestre 2024. Lorsqu'une entit\u00e9 demande une nouvelle interconnexion au r\u00e9seau de transport, elle doit soumettre une demande \u00e9crite par courrier \u00e9lectronique.","breadcrumb":{"@id":"https:\/\/patternenergy.com\/fr\/sunzia-interim\/#breadcrumb"},"inLanguage":"fr-FR","potentialAction":[{"@type":"ReadAction","target":["https:\/\/patternenergy.com\/fr\/sunzia-interim\/"]}]},{"@type":"BreadcrumbList","@id":"https:\/\/patternenergy.com\/fr\/sunzia-interim\/#breadcrumb","itemListElement":[{"@type":"ListItem","position":1,"name":"Home","item":"https:\/\/patternenergy.com\/fr\/"},{"@type":"ListItem","position":2,"name":"Sunzia Int\u00e9rim"}]},{"@type":"WebSite","@id":"https:\/\/patternenergy.com\/fr\/#website","url":"https:\/\/patternenergy.com\/fr\/","name":"Pattern Energy","description":"Nous d\u00e9veloppons, construisons, poss\u00e9dons et exploitons des projets \u00e9oliens, solaires, de transport et de stockage d'\u00e9nergie de haute qualit\u00e9 dans le monde entier.","publisher":{"@id":"https:\/\/patternenergy.com\/fr\/#organization"},"potentialAction":[{"@type":"SearchAction","target":{"@type":"EntryPoint","urlTemplate":"https:\/\/patternenergy.com\/fr\/?s={search_term_string}"},"query-input":{"@type":"PropertyValueSpecification","valueRequired":true,"valueName":"search_term_string"}}],"inLanguage":"fr-FR"},{"@type":"Organization","@id":"https:\/\/patternenergy.com\/fr\/#organization","name":"Pattern Energy","url":"https:\/\/patternenergy.com\/fr\/","logo":{"@type":"ImageObject","inLanguage":"fr-FR","@id":"https:\/\/patternenergy.com\/fr\/#\/schema\/logo\/image\/","url":"https:\/\/patternenergy.com\/wp-content\/uploads\/2022\/01\/Pattern-Energy-Media-thumbnail-logo.jpg","contentUrl":"https:\/\/patternenergy.com\/wp-content\/uploads\/2022\/01\/Pattern-Energy-Media-thumbnail-logo.jpg","width":1200,"height":627,"caption":"Pattern Energy"},"image":{"@id":"https:\/\/patternenergy.com\/fr\/#\/schema\/logo\/image\/"},"sameAs":["https:\/\/www.facebook.com\/PatternEnergy\/","https:\/\/instagram.com\/patternenergy?utm_medium=copy_link","https:\/\/www.linkedin.com\/company\/pattern-energy","https:\/\/www.youtube.com\/user\/PatternEnergy?app=desktop","https:\/\/web.cauze.com\/company\/293"]}]}},"_links":{"self":[{"href":"https:\/\/patternenergy.com\/fr\/wp-json\/wp\/v2\/pages\/17264","targetHints":{"allow":["GET"]}}],"collection":[{"href":"https:\/\/patternenergy.com\/fr\/wp-json\/wp\/v2\/pages"}],"about":[{"href":"https:\/\/patternenergy.com\/fr\/wp-json\/wp\/v2\/types\/page"}],"author":[{"embeddable":true,"href":"https:\/\/patternenergy.com\/fr\/wp-json\/wp\/v2\/users\/3"}],"replies":[{"embeddable":true,"href":"https:\/\/patternenergy.com\/fr\/wp-json\/wp\/v2\/comments?post=17264"}],"version-history":[{"count":0,"href":"https:\/\/patternenergy.com\/fr\/wp-json\/wp\/v2\/pages\/17264\/revisions"}],"wp:attachment":[{"href":"https:\/\/patternenergy.com\/fr\/wp-json\/wp\/v2\/media?parent=17264"}],"curies":[{"name":"wp","href":"https:\/\/api.w.org\/{rel}","templated":true}]}}