{"id":17253,"date":"2021-12-19T17:14:28","date_gmt":"2021-12-19T22:14:28","guid":{"rendered":"https:\/\/patternenergy.com\/durabilite\/communaute-et-culture\/"},"modified":"2024-11-14T07:01:25","modified_gmt":"2024-11-14T12:01:25","slug":"communaute-et-culture","status":"publish","type":"page","link":"https:\/\/patternenergy.com\/fr\/durabilite\/communaute-et-culture\/","title":{"rendered":"Communaut\u00e9 et culture"},"content":{"rendered":"\n<section class=\"textual-content type-default\" >\n\t\n\t<div class=\"holder block-entry animated\">\n\t\t\n\t\t\t\t\t\t\n\t\t<div class=\"acf-innerblocks-container\">\n\n<h1 class=\"wp-block-heading\">Communaut\u00e9 <br\/>et culture<\/h1>\n\n\n\n<figure class=\"wp-block-image size-large\"><img loading=\"lazy\" decoding=\"async\" width=\"1024\" height=\"460\" src=\"https:\/\/patternenergy.com\/wp-content\/uploads\/2021\/12\/sustainability-4-1-1024x460.jpeg\" alt=\"\" class=\"wp-image-1368\" srcset=\"https:\/\/patternenergy.com\/wp-content\/uploads\/2021\/12\/sustainability-4-1-1024x460.jpeg 1024w, https:\/\/patternenergy.com\/wp-content\/uploads\/2021\/12\/sustainability-4-1-300x135.jpeg 300w, https:\/\/patternenergy.com\/wp-content\/uploads\/2021\/12\/sustainability-4-1-768x345.jpeg 768w, https:\/\/patternenergy.com\/wp-content\/uploads\/2021\/12\/sustainability-4-1-1536x690.jpeg 1536w, https:\/\/patternenergy.com\/wp-content\/uploads\/2021\/12\/sustainability-4-1-2048x921.jpeg 2048w\" sizes=\"auto, (max-width: 1024px) 100vw, 1024px\" \/><\/figure>\n\n\n\n<h3 class=\"wp-block-heading\">D\u00e9claration de la communaut\u00e9 <br\/>et engagements culturels<\/h3>\n\n\n\n<div class=\"wp-block-columns smaller-text is-layout-flex wp-container-core-columns-is-layout-9d6595d7 wp-block-columns-is-layout-flex\">\n<div class=\"wp-block-column narrow is-layout-flow wp-block-column-is-layout-flow\">\n<p><meta charset=\"utf-8\"\/>Pattern Energy s&rsquo;engage \u00e0 d\u00e9velopper des partenariats durables avec les communaut\u00e9s locales o\u00f9 elle est pr\u00e9sente. Nous pensons que le fait d&rsquo;\u00eatre un bon voisin est b\u00e9n\u00e9fique \u00e0 la fois pour les zones o\u00f9 nous op\u00e9rons et pour le succ\u00e8s \u00e0 long terme de notre entreprise. Nous nous engageons \u00e0 \u00e9couter et \u00e0 respecter les propri\u00e9taires fonciers et les communaut\u00e9s qui accueillent nos projets et \u00e0 participer \u00e0 des activit\u00e9s d&rsquo;engagement et de don \u00e0 long terme. \u00c0 cette fin, Pattern Energy s&rsquo;efforce de :<\/p>\n\n\n\n<ul class=\"wp-block-list\">\n<li>Respecter le patrimoine et l&rsquo;histoire des peuples autochtones dans toutes les communaut\u00e9s.<\/li>\n<\/ul>\n\n\n\n<ul class=\"wp-block-list\">\n<li>Traiter les propri\u00e9taires fonciers et les membres de la communaut\u00e9 avec respect et s&rsquo;efforcer de gagner leur confiance.<\/li>\n<\/ul>\n\n\n\n<ul class=\"wp-block-list\">\n<li><meta charset=\"utf-8\"\/>Partager des informations et solliciter des contributions pour \u00e9tablir des relations locales tout en respectant et en prenant en compte tous les points de vue.<\/li>\n\n\n\n<li>Explorer les moyens de soutenir la croissance de communaut\u00e9s saines et dynamiques l\u00e0 o\u00f9 nous travaillons, par le biais de parrainages et de dons.<\/li>\n\n\n\n<li>Identifier et \u00e9valuer les impacts positifs et n\u00e9gatifs potentiels sur la communaut\u00e9 et la culture afin d&rsquo;\u00e9clairer notre planification et notre prise de d\u00e9cision.<\/li>\n\n\n\n<li>Concevoir et construire nos projets et exploiter nos installations de mani\u00e8re \u00e0 respecter toutes les r\u00e9glementations en mati\u00e8re d&rsquo;implantation.<\/li>\n\n\n\n<li>Travailler au suivi, \u00e0 l&rsquo;\u00e9tablissement de rapports et \u00e0 l&rsquo;am\u00e9lioration continue de nos performances globales, en int\u00e9grant le retour d&rsquo;information dans nos programmes de sensibilisation et de dons.<\/li>\n<\/ul>\n<\/div>\n<\/div>\n\n\n\n<p><\/p>\n\n<\/div>\t\t\n\t<\/div>\n<\/section><!-- Textual Content -->","protected":false},"excerpt":{"rendered":"","protected":false},"author":1,"featured_media":0,"parent":17026,"menu_order":30,"comment_status":"closed","ping_status":"closed","template":"","meta":{"_acf_changed":false,"footnotes":""},"class_list":["post-17253","page","type-page","status-publish","hentry"],"acf":[],"yoast_head":"<!-- This site is optimized with the Yoast SEO plugin v27.4 - https:\/\/yoast.com\/product\/yoast-seo-wordpress\/ -->\n<title>Pattern Energy : : Communaut\u00e9 et culture<\/title>\n<meta name=\"description\" content=\"Nous nous engageons \u00e0 \u00e9couter et \u00e0 respecter les communaut\u00e9s qui accueillent nos projets et \u00e0 participer \u00e0 des activit\u00e9s d&#039;engagement \u00e0 long terme.\" \/>\n<meta name=\"robots\" content=\"index, follow, max-snippet:-1, max-image-preview:large, max-video-preview:-1\" \/>\n<link rel=\"canonical\" href=\"https:\/\/patternenergy.com\/fr\/durabilite\/communaute-et-culture\/\" \/>\n<meta property=\"og:locale\" content=\"fr_FR\" \/>\n<meta property=\"og:type\" content=\"article\" \/>\n<meta property=\"og:title\" content=\"Pattern Energy : : Communaut\u00e9 et culture\" \/>\n<meta property=\"og:description\" content=\"Nous nous engageons \u00e0 \u00e9couter et \u00e0 respecter les communaut\u00e9s qui accueillent nos projets et \u00e0 participer \u00e0 des activit\u00e9s d&#039;engagement \u00e0 long terme.\" \/>\n<meta property=\"og:url\" content=\"https:\/\/patternenergy.com\/fr\/durabilite\/communaute-et-culture\/\" \/>\n<meta property=\"og:site_name\" content=\"Pattern Energy\" \/>\n<meta property=\"article:publisher\" content=\"https:\/\/www.facebook.com\/PatternEnergy\/\" \/>\n<meta property=\"article:modified_time\" content=\"2024-11-14T12:01:25+00:00\" \/>\n<meta property=\"og:image\" content=\"https:\/\/patternenergy.com\/wp-content\/uploads\/2021\/12\/sustainability-4-1.jpeg\" \/>\n\t<meta property=\"og:image:width\" content=\"2160\" \/>\n\t<meta property=\"og:image:height\" content=\"971\" \/>\n\t<meta property=\"og:image:type\" content=\"image\/jpeg\" \/>\n<meta name=\"twitter:card\" content=\"summary_large_image\" \/>\n<meta name=\"twitter:label1\" content=\"Dur\u00e9e de lecture estim\u00e9e\" \/>\n\t<meta name=\"twitter:data1\" content=\"2 minutes\" \/>\n<script type=\"application\/ld+json\" class=\"yoast-schema-graph\">{\"@context\":\"https:\\\/\\\/schema.org\",\"@graph\":[{\"@type\":\"WebPage\",\"@id\":\"https:\\\/\\\/patternenergy.com\\\/fr\\\/durabilite\\\/communaute-et-culture\\\/\",\"url\":\"https:\\\/\\\/patternenergy.com\\\/fr\\\/durabilite\\\/communaute-et-culture\\\/\",\"name\":\"Pattern Energy : : Communaut\u00e9 et culture\",\"isPartOf\":{\"@id\":\"https:\\\/\\\/patternenergy.com\\\/fr\\\/#website\"},\"primaryImageOfPage\":{\"@id\":\"https:\\\/\\\/patternenergy.com\\\/fr\\\/durabilite\\\/communaute-et-culture\\\/#primaryimage\"},\"image\":{\"@id\":\"https:\\\/\\\/patternenergy.com\\\/fr\\\/durabilite\\\/communaute-et-culture\\\/#primaryimage\"},\"thumbnailUrl\":\"https:\\\/\\\/patternenergy.com\\\/wp-content\\\/uploads\\\/2021\\\/12\\\/sustainability-4-1-1024x460.jpeg\",\"datePublished\":\"2021-12-19T22:14:28+00:00\",\"dateModified\":\"2024-11-14T12:01:25+00:00\",\"description\":\"Nous nous engageons \u00e0 \u00e9couter et \u00e0 respecter les communaut\u00e9s qui accueillent nos projets et \u00e0 participer \u00e0 des activit\u00e9s d'engagement \u00e0 long terme.\",\"breadcrumb\":{\"@id\":\"https:\\\/\\\/patternenergy.com\\\/fr\\\/durabilite\\\/communaute-et-culture\\\/#breadcrumb\"},\"inLanguage\":\"fr-FR\",\"potentialAction\":[{\"@type\":\"ReadAction\",\"target\":[\"https:\\\/\\\/patternenergy.com\\\/fr\\\/durabilite\\\/communaute-et-culture\\\/\"]}]},{\"@type\":\"ImageObject\",\"inLanguage\":\"fr-FR\",\"@id\":\"https:\\\/\\\/patternenergy.com\\\/fr\\\/durabilite\\\/communaute-et-culture\\\/#primaryimage\",\"url\":\"https:\\\/\\\/patternenergy.com\\\/wp-content\\\/uploads\\\/2021\\\/12\\\/sustainability-4-1-1024x460.jpeg\",\"contentUrl\":\"https:\\\/\\\/patternenergy.com\\\/wp-content\\\/uploads\\\/2021\\\/12\\\/sustainability-4-1-1024x460.jpeg\"},{\"@type\":\"BreadcrumbList\",\"@id\":\"https:\\\/\\\/patternenergy.com\\\/fr\\\/durabilite\\\/communaute-et-culture\\\/#breadcrumb\",\"itemListElement\":[{\"@type\":\"ListItem\",\"position\":1,\"name\":\"Home\",\"item\":\"https:\\\/\\\/patternenergy.com\\\/fr\\\/\"},{\"@type\":\"ListItem\",\"position\":2,\"name\":\"D\u00e9veloppement durable\",\"item\":\"https:\\\/\\\/patternenergy.com\\\/fr\\\/durabilite\\\/\"},{\"@type\":\"ListItem\",\"position\":3,\"name\":\"Communaut\u00e9 et culture\"}]},{\"@type\":\"WebSite\",\"@id\":\"https:\\\/\\\/patternenergy.com\\\/fr\\\/#website\",\"url\":\"https:\\\/\\\/patternenergy.com\\\/fr\\\/\",\"name\":\"Pattern Energy\",\"description\":\"Nous d\u00e9veloppons, construisons, poss\u00e9dons et exploitons des projets \u00e9oliens, solaires, de transport et de stockage d'\u00e9nergie de haute qualit\u00e9 dans le monde entier.\",\"publisher\":{\"@id\":\"https:\\\/\\\/patternenergy.com\\\/fr\\\/#organization\"},\"potentialAction\":[{\"@type\":\"SearchAction\",\"target\":{\"@type\":\"EntryPoint\",\"urlTemplate\":\"https:\\\/\\\/patternenergy.com\\\/fr\\\/?s={search_term_string}\"},\"query-input\":{\"@type\":\"PropertyValueSpecification\",\"valueRequired\":true,\"valueName\":\"search_term_string\"}}],\"inLanguage\":\"fr-FR\"},{\"@type\":\"Organization\",\"@id\":\"https:\\\/\\\/patternenergy.com\\\/fr\\\/#organization\",\"name\":\"Pattern Energy\",\"url\":\"https:\\\/\\\/patternenergy.com\\\/fr\\\/\",\"logo\":{\"@type\":\"ImageObject\",\"inLanguage\":\"fr-FR\",\"@id\":\"https:\\\/\\\/patternenergy.com\\\/fr\\\/#\\\/schema\\\/logo\\\/image\\\/\",\"url\":\"https:\\\/\\\/patternenergy.com\\\/wp-content\\\/uploads\\\/2022\\\/01\\\/Pattern-Energy-Media-thumbnail-logo.jpg\",\"contentUrl\":\"https:\\\/\\\/patternenergy.com\\\/wp-content\\\/uploads\\\/2022\\\/01\\\/Pattern-Energy-Media-thumbnail-logo.jpg\",\"width\":1200,\"height\":627,\"caption\":\"Pattern Energy\"},\"image\":{\"@id\":\"https:\\\/\\\/patternenergy.com\\\/fr\\\/#\\\/schema\\\/logo\\\/image\\\/\"},\"sameAs\":[\"https:\\\/\\\/www.facebook.com\\\/PatternEnergy\\\/\",\"https:\\\/\\\/instagram.com\\\/patternenergy?utm_medium=copy_link\",\"https:\\\/\\\/www.linkedin.com\\\/company\\\/pattern-energy\",\"https:\\\/\\\/www.youtube.com\\\/user\\\/PatternEnergy?app=desktop\",\"https:\\\/\\\/web.cauze.com\\\/company\\\/293\"]}]}<\/script>\n<!-- \/ Yoast SEO plugin. -->","yoast_head_json":{"title":"Pattern Energy : : Communaut\u00e9 et culture","description":"Nous nous engageons \u00e0 \u00e9couter et \u00e0 respecter les communaut\u00e9s qui accueillent nos projets et \u00e0 participer \u00e0 des activit\u00e9s d'engagement \u00e0 long terme.","robots":{"index":"index","follow":"follow","max-snippet":"max-snippet:-1","max-image-preview":"max-image-preview:large","max-video-preview":"max-video-preview:-1"},"canonical":"https:\/\/patternenergy.com\/fr\/durabilite\/communaute-et-culture\/","og_locale":"fr_FR","og_type":"article","og_title":"Pattern Energy : : Communaut\u00e9 et culture","og_description":"Nous nous engageons \u00e0 \u00e9couter et \u00e0 respecter les communaut\u00e9s qui accueillent nos projets et \u00e0 participer \u00e0 des activit\u00e9s d'engagement \u00e0 long terme.","og_url":"https:\/\/patternenergy.com\/fr\/durabilite\/communaute-et-culture\/","og_site_name":"Pattern Energy","article_publisher":"https:\/\/www.facebook.com\/PatternEnergy\/","article_modified_time":"2024-11-14T12:01:25+00:00","og_image":[{"width":2160,"height":971,"url":"https:\/\/patternenergy.com\/wp-content\/uploads\/2021\/12\/sustainability-4-1.jpeg","type":"image\/jpeg"}],"twitter_card":"summary_large_image","twitter_misc":{"Dur\u00e9e de lecture estim\u00e9e":"2 minutes"},"schema":{"@context":"https:\/\/schema.org","@graph":[{"@type":"WebPage","@id":"https:\/\/patternenergy.com\/fr\/durabilite\/communaute-et-culture\/","url":"https:\/\/patternenergy.com\/fr\/durabilite\/communaute-et-culture\/","name":"Pattern Energy : : Communaut\u00e9 et culture","isPartOf":{"@id":"https:\/\/patternenergy.com\/fr\/#website"},"primaryImageOfPage":{"@id":"https:\/\/patternenergy.com\/fr\/durabilite\/communaute-et-culture\/#primaryimage"},"image":{"@id":"https:\/\/patternenergy.com\/fr\/durabilite\/communaute-et-culture\/#primaryimage"},"thumbnailUrl":"https:\/\/patternenergy.com\/wp-content\/uploads\/2021\/12\/sustainability-4-1-1024x460.jpeg","datePublished":"2021-12-19T22:14:28+00:00","dateModified":"2024-11-14T12:01:25+00:00","description":"Nous nous engageons \u00e0 \u00e9couter et \u00e0 respecter les communaut\u00e9s qui accueillent nos projets et \u00e0 participer \u00e0 des activit\u00e9s d'engagement \u00e0 long terme.","breadcrumb":{"@id":"https:\/\/patternenergy.com\/fr\/durabilite\/communaute-et-culture\/#breadcrumb"},"inLanguage":"fr-FR","potentialAction":[{"@type":"ReadAction","target":["https:\/\/patternenergy.com\/fr\/durabilite\/communaute-et-culture\/"]}]},{"@type":"ImageObject","inLanguage":"fr-FR","@id":"https:\/\/patternenergy.com\/fr\/durabilite\/communaute-et-culture\/#primaryimage","url":"https:\/\/patternenergy.com\/wp-content\/uploads\/2021\/12\/sustainability-4-1-1024x460.jpeg","contentUrl":"https:\/\/patternenergy.com\/wp-content\/uploads\/2021\/12\/sustainability-4-1-1024x460.jpeg"},{"@type":"BreadcrumbList","@id":"https:\/\/patternenergy.com\/fr\/durabilite\/communaute-et-culture\/#breadcrumb","itemListElement":[{"@type":"ListItem","position":1,"name":"Home","item":"https:\/\/patternenergy.com\/fr\/"},{"@type":"ListItem","position":2,"name":"D\u00e9veloppement durable","item":"https:\/\/patternenergy.com\/fr\/durabilite\/"},{"@type":"ListItem","position":3,"name":"Communaut\u00e9 et culture"}]},{"@type":"WebSite","@id":"https:\/\/patternenergy.com\/fr\/#website","url":"https:\/\/patternenergy.com\/fr\/","name":"Pattern Energy","description":"Nous d\u00e9veloppons, construisons, poss\u00e9dons et exploitons des projets \u00e9oliens, solaires, de transport et de stockage d'\u00e9nergie de haute qualit\u00e9 dans le monde entier.","publisher":{"@id":"https:\/\/patternenergy.com\/fr\/#organization"},"potentialAction":[{"@type":"SearchAction","target":{"@type":"EntryPoint","urlTemplate":"https:\/\/patternenergy.com\/fr\/?s={search_term_string}"},"query-input":{"@type":"PropertyValueSpecification","valueRequired":true,"valueName":"search_term_string"}}],"inLanguage":"fr-FR"},{"@type":"Organization","@id":"https:\/\/patternenergy.com\/fr\/#organization","name":"Pattern Energy","url":"https:\/\/patternenergy.com\/fr\/","logo":{"@type":"ImageObject","inLanguage":"fr-FR","@id":"https:\/\/patternenergy.com\/fr\/#\/schema\/logo\/image\/","url":"https:\/\/patternenergy.com\/wp-content\/uploads\/2022\/01\/Pattern-Energy-Media-thumbnail-logo.jpg","contentUrl":"https:\/\/patternenergy.com\/wp-content\/uploads\/2022\/01\/Pattern-Energy-Media-thumbnail-logo.jpg","width":1200,"height":627,"caption":"Pattern Energy"},"image":{"@id":"https:\/\/patternenergy.com\/fr\/#\/schema\/logo\/image\/"},"sameAs":["https:\/\/www.facebook.com\/PatternEnergy\/","https:\/\/instagram.com\/patternenergy?utm_medium=copy_link","https:\/\/www.linkedin.com\/company\/pattern-energy","https:\/\/www.youtube.com\/user\/PatternEnergy?app=desktop","https:\/\/web.cauze.com\/company\/293"]}]}},"_links":{"self":[{"href":"https:\/\/patternenergy.com\/fr\/wp-json\/wp\/v2\/pages\/17253","targetHints":{"allow":["GET"]}}],"collection":[{"href":"https:\/\/patternenergy.com\/fr\/wp-json\/wp\/v2\/pages"}],"about":[{"href":"https:\/\/patternenergy.com\/fr\/wp-json\/wp\/v2\/types\/page"}],"author":[{"embeddable":true,"href":"https:\/\/patternenergy.com\/fr\/wp-json\/wp\/v2\/users\/1"}],"replies":[{"embeddable":true,"href":"https:\/\/patternenergy.com\/fr\/wp-json\/wp\/v2\/comments?post=17253"}],"version-history":[{"count":0,"href":"https:\/\/patternenergy.com\/fr\/wp-json\/wp\/v2\/pages\/17253\/revisions"}],"up":[{"embeddable":true,"href":"https:\/\/patternenergy.com\/fr\/wp-json\/wp\/v2\/pages\/17026"}],"wp:attachment":[{"href":"https:\/\/patternenergy.com\/fr\/wp-json\/wp\/v2\/media?parent=17253"}],"curies":[{"name":"wp","href":"https:\/\/api.w.org\/{rel}","templated":true}]}}