{"id":17252,"date":"2023-05-30T16:02:01","date_gmt":"2023-05-30T21:02:01","guid":{"rendered":"https:\/\/patternenergy.com\/normes-de-conduite-de-la-ferc\/"},"modified":"2024-07-08T11:25:41","modified_gmt":"2024-07-08T16:25:41","slug":"normes-de-conduite-de-la-ferc","status":"publish","type":"page","link":"https:\/\/patternenergy.com\/fr\/normes-de-conduite-de-la-ferc\/","title":{"rendered":"Normes de conduite de la FERC"},"content":{"rendered":"\n<section class=\"textual-content no-space-top type-default\" >\n\t\n\t<div class=\"holder block-entry animated\">\n\t\t\n\t\t\t\t\t\t\n\t\t<div class=\"acf-innerblocks-container\">\n\n<div class=\"wp-block-columns is-layout-flex wp-container-core-columns-is-layout-9d6595d7 wp-block-columns-is-layout-flex\">\n<div class=\"wp-block-column is-layout-flow wp-block-column-is-layout-flow\">\n<section class=\"toggler-outer\" >\n    \n        \n\t<div class=\"holder\">\n\t\t\n\t\t\t\t<h3>Normes de conduite de la FERC<\/h3>\n\t\t\n\t\t\t\t<p class=\"intro-text\">Transparency Postings (Derni\u00e8re mise \u00e0 jour le 30 mai 2023) Western Interconnect LLC<\/p>\n\t\t\t\t\t\t<dl class=\"toggle-list type-default\">\n\t\t\t\t\t<dt class=\"acc_title_bar\">\n\t\t\t\t\t\t\t\t<h5><a href=\"#\">358.8(c)(2) &#8211; Nom et coordonn\u00e9es du responsable de la conformit\u00e9<\/a><\/h5>\n\t\t\t<\/dt>\n\t\t\t<dd class=\"block-entry acc_container\">\n\t\t\t\t<p><u><\/u><span class=\"ui-provider gs b c d e f g h i j k l m n o p q r s t u v w x y z ab ac ae af ag ah ai aj ak\" dir=\"ltr\"><a href=\"https:\/\/patternenergy.com\/wp-content\/uploads\/2023\/05\/WITP-Contact-Information-2023.pdf\" target=\"_blank\" rel=\"noopener\">Liste de contacts SOC WI \u00ab\u00a0<\/a><\/span><\/p>\n\t\t\t<\/dd>\n\t\t\t\t\t<dt class=\"acc_title_bar\">\n\t\t\t\t\t\t\t\t<h5><a href=\"#\">358.7(a)(1-2) &#8211; Pas d&rsquo;information sur les conduits<\/a><\/h5>\n\t\t\t<\/dt>\n\t\t\t<dd class=\"block-entry acc_container\">\n\t\t\t\t<p>Aucun<\/p>\n\t\t\t<\/dd>\n\t\t\t\t\t<dt class=\"acc_title_bar\">\n\t\t\t\t\t\t\t\t<h5><a href=\"#\">358.7(c) &#8211; Avis de consentement volontaire des informations relatives au client de transport<\/a><\/h5>\n\t\t\t<\/dt>\n\t\t\t<dd class=\"block-entry acc_container\">\n\t\t\t\t<p>Aucun<\/p>\n\t\t\t<\/dd>\n\t\t\t\t\t<dt class=\"acc_title_bar\">\n\t\t\t\t\t\t\t\t<h5><a href=\"#\">358.7(d) &#8211; Proc\u00e9dures \u00e9crites de mise en \u0153uvre des normes de conduite<\/a><\/h5>\n\t\t\t<\/dt>\n\t\t\t<dd class=\"block-entry acc_container\">\n\t\t\t\t<p><span class=\"ui-provider gs b c d e f g h i j k l m n o p q r s t u v w x y z ab ac ae af ag ah ai aj ak\" dir=\"ltr\"><a href=\"https:\/\/patternenergy.com\/wp-content\/uploads\/2023\/05\/WESTERN-INTERCONNECT-LLC_SOC.pdf\" target=\"_blank\" rel=\"noopener\">Proc\u00e9dures SOC WI \u00ab\u00a0<\/a><\/span><\/p>\n<p>&nbsp;<\/p>\n\t\t\t<\/dd>\n\t\t\t\t\t<dt class=\"acc_title_bar\">\n\t\t\t\t\t\t\t\t<h5><a href=\"#\">358.7(e)(1) &#8211; Noms et adresses des soci\u00e9t\u00e9s affili\u00e9es ayant des employ\u00e9s de la fonction marketing (EMF)<\/a><\/h5>\n\t\t\t<\/dt>\n\t\t\t<dd class=\"block-entry acc_container\">\n\t\t\t\t<p><a href=\"https:\/\/patternenergy.com\/wp-content\/uploads\/2023\/05\/FERC-STANDARDS-OF-CONDUCT.pdf\" target=\"_blank\" rel=\"noopener\">Affili\u00e9s avec des employ\u00e9s de la fonction marketing <span class=\"ui-provider gs b c d e f g h i j k l m n o p q r s t u v w x y z ab ac ae af ag ah ai aj ak\" dir=\"ltr\">\u00ab\u00a0<\/span><\/a><\/p>\n\t\t\t<\/dd>\n\t\t\t\t\t<dt class=\"acc_title_bar\">\n\t\t\t\t\t\t\t\t<h5><a href=\"#\">358.7(e)(2) &#8211; Installations partag\u00e9es par les employ\u00e9s de la fonction de transport (TFE)\/les employ\u00e9s de la fonction de marketing (MFE)<\/a><\/h5>\n\t\t\t<\/dt>\n\t\t\t<dd class=\"block-entry acc_container\">\n\t\t\t\t\t\t\t<\/dd>\n\t\t\t\t\t<dt class=\"acc_title_bar\">\n\t\t\t\t\t\t\t\t<h5><a href=\"#\">358.7(e)(3) &#8211; Partenaires de fusion potentiels avec des employ\u00e9s de la fonction marketing (EMF)<\/a><\/h5>\n\t\t\t<\/dt>\n\t\t\t<dd class=\"block-entry acc_container\">\n\t\t\t\t<p>Aucun<\/p>\n\t\t\t<\/dd>\n\t\t\t\t\t<dt class=\"acc_title_bar\">\n\t\t\t\t\t\t\t\t<h5><a href=\"#\">358.7(f)(1) &#8211; Titres d&#8217;emploi\/Descriptions des employ\u00e9s de la fonction de transmission (TFE)<\/a><\/h5>\n\t\t\t<\/dt>\n\t\t\t<dd class=\"block-entry acc_container\">\n\t\t\t\t<p><a href=\"https:\/\/patternenergy.com\/wp-content\/uploads\/2023\/08\/FERC-Standards-of-Conduct-Transmission-Function-Employees.pdf\">Liste des employ\u00e9s de la fonction de transmission \u00ab\u00a0<\/a><\/p>\n\t\t\t<\/dd>\n\t\t\t\t\t<dt class=\"acc_title_bar\">\n\t\t\t\t\t\t\t\t<h5><a href=\"#\">358.7(f)(2) &#8211; Transferts de postes entre salari\u00e9s de la fonction transmission (TFE)\/salari\u00e9s de la fonction marketing (MFE)<\/a><\/h5>\n\t\t\t<\/dt>\n\t\t\t<dd class=\"block-entry acc_container\">\n\t\t\t\t<p>Aucun<\/p>\n\t\t\t<\/dd>\n\t\t\t\t\t<dt class=\"acc_title_bar\">\n\t\t\t\t\t\t\t\t<h5><a href=\"#\">358.7(i) &#8211; D\u00e9rogations<\/a><\/h5>\n\t\t\t<\/dt>\n\t\t\t<dd class=\"block-entry acc_container\">\n\t\t\t\t<p>Aucun<\/p>\n\t\t\t<\/dd>\n\t\t\t\t\t<dt class=\"acc_title_bar\">\n\t\t\t\t\t\t\t\t<h5><a href=\"#\">Liste des employ\u00e9s de la fonction transmission<\/a><\/h5>\n\t\t\t<\/dt>\n\t\t\t<dd class=\"block-entry acc_container\">\n\t\t\t\t\t\t\t<\/dd>\n\t\t\t\t<\/dl>\n\t\t\t<\/div>\n    \n    \t\n<\/section>\n<\/div>\n<\/div>\n\n<\/div>\t\t\n\t<\/div>\n<\/section><!-- Textual Content -->","protected":false},"excerpt":{"rendered":"","protected":false},"author":3,"featured_media":0,"parent":0,"menu_order":0,"comment_status":"closed","ping_status":"closed","template":"","meta":{"_acf_changed":false,"footnotes":""},"class_list":["post-17252","page","type-page","status-publish","hentry"],"acf":[],"yoast_head":"<!-- This site is optimized with the Yoast SEO plugin v27.4 - https:\/\/yoast.com\/product\/yoast-seo-wordpress\/ -->\n<title>Normes de conduite de la FERC - Pattern Energy<\/title>\n<meta name=\"robots\" content=\"index, follow, max-snippet:-1, max-image-preview:large, max-video-preview:-1\" \/>\n<link rel=\"canonical\" href=\"https:\/\/patternenergy.com\/fr\/normes-de-conduite-de-la-ferc\/\" \/>\n<meta property=\"og:locale\" content=\"fr_FR\" \/>\n<meta property=\"og:type\" content=\"article\" \/>\n<meta property=\"og:title\" content=\"Normes de conduite de la FERC - Pattern Energy\" \/>\n<meta property=\"og:url\" content=\"https:\/\/patternenergy.com\/fr\/normes-de-conduite-de-la-ferc\/\" \/>\n<meta property=\"og:site_name\" content=\"Pattern Energy\" \/>\n<meta property=\"article:publisher\" content=\"https:\/\/www.facebook.com\/PatternEnergy\/\" \/>\n<meta property=\"article:modified_time\" content=\"2024-07-08T16:25:41+00:00\" \/>\n<meta property=\"og:image\" content=\"https:\/\/patternenergy.com\/wp-content\/uploads\/2022\/01\/Pattern-Energy-Media-thumbnail-logo.jpg\" \/>\n\t<meta property=\"og:image:width\" content=\"1200\" \/>\n\t<meta property=\"og:image:height\" content=\"627\" \/>\n\t<meta property=\"og:image:type\" content=\"image\/jpeg\" \/>\n<meta name=\"twitter:card\" content=\"summary_large_image\" \/>\n<script type=\"application\/ld+json\" class=\"yoast-schema-graph\">{\"@context\":\"https:\\\/\\\/schema.org\",\"@graph\":[{\"@type\":\"WebPage\",\"@id\":\"https:\\\/\\\/patternenergy.com\\\/fr\\\/normes-de-conduite-de-la-ferc\\\/\",\"url\":\"https:\\\/\\\/patternenergy.com\\\/fr\\\/normes-de-conduite-de-la-ferc\\\/\",\"name\":\"Normes de conduite de la FERC - Pattern Energy\",\"isPartOf\":{\"@id\":\"https:\\\/\\\/patternenergy.com\\\/fr\\\/#website\"},\"datePublished\":\"2023-05-30T21:02:01+00:00\",\"dateModified\":\"2024-07-08T16:25:41+00:00\",\"breadcrumb\":{\"@id\":\"https:\\\/\\\/patternenergy.com\\\/fr\\\/normes-de-conduite-de-la-ferc\\\/#breadcrumb\"},\"inLanguage\":\"fr-FR\",\"potentialAction\":[{\"@type\":\"ReadAction\",\"target\":[\"https:\\\/\\\/patternenergy.com\\\/fr\\\/normes-de-conduite-de-la-ferc\\\/\"]}]},{\"@type\":\"BreadcrumbList\",\"@id\":\"https:\\\/\\\/patternenergy.com\\\/fr\\\/normes-de-conduite-de-la-ferc\\\/#breadcrumb\",\"itemListElement\":[{\"@type\":\"ListItem\",\"position\":1,\"name\":\"Home\",\"item\":\"https:\\\/\\\/patternenergy.com\\\/fr\\\/\"},{\"@type\":\"ListItem\",\"position\":2,\"name\":\"Normes de conduite de la FERC\"}]},{\"@type\":\"WebSite\",\"@id\":\"https:\\\/\\\/patternenergy.com\\\/fr\\\/#website\",\"url\":\"https:\\\/\\\/patternenergy.com\\\/fr\\\/\",\"name\":\"Pattern Energy\",\"description\":\"Nous d\u00e9veloppons, construisons, poss\u00e9dons et exploitons des projets \u00e9oliens, solaires, de transport et de stockage d'\u00e9nergie de haute qualit\u00e9 dans le monde entier.\",\"publisher\":{\"@id\":\"https:\\\/\\\/patternenergy.com\\\/fr\\\/#organization\"},\"potentialAction\":[{\"@type\":\"SearchAction\",\"target\":{\"@type\":\"EntryPoint\",\"urlTemplate\":\"https:\\\/\\\/patternenergy.com\\\/fr\\\/?s={search_term_string}\"},\"query-input\":{\"@type\":\"PropertyValueSpecification\",\"valueRequired\":true,\"valueName\":\"search_term_string\"}}],\"inLanguage\":\"fr-FR\"},{\"@type\":\"Organization\",\"@id\":\"https:\\\/\\\/patternenergy.com\\\/fr\\\/#organization\",\"name\":\"Pattern Energy\",\"url\":\"https:\\\/\\\/patternenergy.com\\\/fr\\\/\",\"logo\":{\"@type\":\"ImageObject\",\"inLanguage\":\"fr-FR\",\"@id\":\"https:\\\/\\\/patternenergy.com\\\/fr\\\/#\\\/schema\\\/logo\\\/image\\\/\",\"url\":\"https:\\\/\\\/patternenergy.com\\\/wp-content\\\/uploads\\\/2022\\\/01\\\/Pattern-Energy-Media-thumbnail-logo.jpg\",\"contentUrl\":\"https:\\\/\\\/patternenergy.com\\\/wp-content\\\/uploads\\\/2022\\\/01\\\/Pattern-Energy-Media-thumbnail-logo.jpg\",\"width\":1200,\"height\":627,\"caption\":\"Pattern Energy\"},\"image\":{\"@id\":\"https:\\\/\\\/patternenergy.com\\\/fr\\\/#\\\/schema\\\/logo\\\/image\\\/\"},\"sameAs\":[\"https:\\\/\\\/www.facebook.com\\\/PatternEnergy\\\/\",\"https:\\\/\\\/instagram.com\\\/patternenergy?utm_medium=copy_link\",\"https:\\\/\\\/www.linkedin.com\\\/company\\\/pattern-energy\",\"https:\\\/\\\/www.youtube.com\\\/user\\\/PatternEnergy?app=desktop\",\"https:\\\/\\\/web.cauze.com\\\/company\\\/293\"]}]}<\/script>\n<!-- \/ Yoast SEO plugin. -->","yoast_head_json":{"title":"Normes de conduite de la FERC - Pattern Energy","robots":{"index":"index","follow":"follow","max-snippet":"max-snippet:-1","max-image-preview":"max-image-preview:large","max-video-preview":"max-video-preview:-1"},"canonical":"https:\/\/patternenergy.com\/fr\/normes-de-conduite-de-la-ferc\/","og_locale":"fr_FR","og_type":"article","og_title":"Normes de conduite de la FERC - Pattern Energy","og_url":"https:\/\/patternenergy.com\/fr\/normes-de-conduite-de-la-ferc\/","og_site_name":"Pattern Energy","article_publisher":"https:\/\/www.facebook.com\/PatternEnergy\/","article_modified_time":"2024-07-08T16:25:41+00:00","og_image":[{"width":1200,"height":627,"url":"https:\/\/patternenergy.com\/wp-content\/uploads\/2022\/01\/Pattern-Energy-Media-thumbnail-logo.jpg","type":"image\/jpeg"}],"twitter_card":"summary_large_image","schema":{"@context":"https:\/\/schema.org","@graph":[{"@type":"WebPage","@id":"https:\/\/patternenergy.com\/fr\/normes-de-conduite-de-la-ferc\/","url":"https:\/\/patternenergy.com\/fr\/normes-de-conduite-de-la-ferc\/","name":"Normes de conduite de la FERC - Pattern Energy","isPartOf":{"@id":"https:\/\/patternenergy.com\/fr\/#website"},"datePublished":"2023-05-30T21:02:01+00:00","dateModified":"2024-07-08T16:25:41+00:00","breadcrumb":{"@id":"https:\/\/patternenergy.com\/fr\/normes-de-conduite-de-la-ferc\/#breadcrumb"},"inLanguage":"fr-FR","potentialAction":[{"@type":"ReadAction","target":["https:\/\/patternenergy.com\/fr\/normes-de-conduite-de-la-ferc\/"]}]},{"@type":"BreadcrumbList","@id":"https:\/\/patternenergy.com\/fr\/normes-de-conduite-de-la-ferc\/#breadcrumb","itemListElement":[{"@type":"ListItem","position":1,"name":"Home","item":"https:\/\/patternenergy.com\/fr\/"},{"@type":"ListItem","position":2,"name":"Normes de conduite de la FERC"}]},{"@type":"WebSite","@id":"https:\/\/patternenergy.com\/fr\/#website","url":"https:\/\/patternenergy.com\/fr\/","name":"Pattern Energy","description":"Nous d\u00e9veloppons, construisons, poss\u00e9dons et exploitons des projets \u00e9oliens, solaires, de transport et de stockage d'\u00e9nergie de haute qualit\u00e9 dans le monde entier.","publisher":{"@id":"https:\/\/patternenergy.com\/fr\/#organization"},"potentialAction":[{"@type":"SearchAction","target":{"@type":"EntryPoint","urlTemplate":"https:\/\/patternenergy.com\/fr\/?s={search_term_string}"},"query-input":{"@type":"PropertyValueSpecification","valueRequired":true,"valueName":"search_term_string"}}],"inLanguage":"fr-FR"},{"@type":"Organization","@id":"https:\/\/patternenergy.com\/fr\/#organization","name":"Pattern Energy","url":"https:\/\/patternenergy.com\/fr\/","logo":{"@type":"ImageObject","inLanguage":"fr-FR","@id":"https:\/\/patternenergy.com\/fr\/#\/schema\/logo\/image\/","url":"https:\/\/patternenergy.com\/wp-content\/uploads\/2022\/01\/Pattern-Energy-Media-thumbnail-logo.jpg","contentUrl":"https:\/\/patternenergy.com\/wp-content\/uploads\/2022\/01\/Pattern-Energy-Media-thumbnail-logo.jpg","width":1200,"height":627,"caption":"Pattern Energy"},"image":{"@id":"https:\/\/patternenergy.com\/fr\/#\/schema\/logo\/image\/"},"sameAs":["https:\/\/www.facebook.com\/PatternEnergy\/","https:\/\/instagram.com\/patternenergy?utm_medium=copy_link","https:\/\/www.linkedin.com\/company\/pattern-energy","https:\/\/www.youtube.com\/user\/PatternEnergy?app=desktop","https:\/\/web.cauze.com\/company\/293"]}]}},"_links":{"self":[{"href":"https:\/\/patternenergy.com\/fr\/wp-json\/wp\/v2\/pages\/17252","targetHints":{"allow":["GET"]}}],"collection":[{"href":"https:\/\/patternenergy.com\/fr\/wp-json\/wp\/v2\/pages"}],"about":[{"href":"https:\/\/patternenergy.com\/fr\/wp-json\/wp\/v2\/types\/page"}],"author":[{"embeddable":true,"href":"https:\/\/patternenergy.com\/fr\/wp-json\/wp\/v2\/users\/3"}],"replies":[{"embeddable":true,"href":"https:\/\/patternenergy.com\/fr\/wp-json\/wp\/v2\/comments?post=17252"}],"version-history":[{"count":0,"href":"https:\/\/patternenergy.com\/fr\/wp-json\/wp\/v2\/pages\/17252\/revisions"}],"wp:attachment":[{"href":"https:\/\/patternenergy.com\/fr\/wp-json\/wp\/v2\/media?parent=17252"}],"curies":[{"name":"wp","href":"https:\/\/api.w.org\/{rel}","templated":true}]}}