{"id":17249,"date":"2021-12-19T17:10:51","date_gmt":"2021-12-19T22:10:51","guid":{"rendered":"https:\/\/patternenergy.com\/durabilite\/gestion-de-lenvironnement\/"},"modified":"2024-06-21T16:06:16","modified_gmt":"2024-06-21T21:06:16","slug":"gestion-de-lenvironnement","status":"publish","type":"page","link":"https:\/\/patternenergy.com\/fr\/durabilite\/gestion-de-lenvironnement\/","title":{"rendered":"Gestion de l&rsquo;environnement"},"content":{"rendered":"\n<section class=\"textual-content type-default\" >\n\t\n\t<div class=\"holder block-entry animated\">\n\t\t\n\t\t\t\t\t\t\n\t\t<div class=\"acf-innerblocks-container\">\n\n<h1 class=\"wp-block-heading\">Gestion de l&rsquo;environnement<\/h1>\n\n\n\n<figure class=\"wp-block-image size-large\"><img loading=\"lazy\" decoding=\"async\" width=\"1024\" height=\"460\" src=\"https:\/\/patternenergy.com\/wp-content\/uploads\/2021\/12\/sustainability-6-1024x460.jpg\" alt=\"\" class=\"wp-image-1370\" srcset=\"https:\/\/patternenergy.com\/wp-content\/uploads\/2021\/12\/sustainability-6-1024x460.jpg 1024w, https:\/\/patternenergy.com\/wp-content\/uploads\/2021\/12\/sustainability-6-300x135.jpg 300w, https:\/\/patternenergy.com\/wp-content\/uploads\/2021\/12\/sustainability-6-768x345.jpg 768w, https:\/\/patternenergy.com\/wp-content\/uploads\/2021\/12\/sustainability-6-1536x690.jpg 1536w, https:\/\/patternenergy.com\/wp-content\/uploads\/2021\/12\/sustainability-6-2048x921.jpg 2048w\" sizes=\"auto, (max-width: 1024px) 100vw, 1024px\" \/><\/figure>\n\n\n\n<h3 class=\"wp-block-heading\">D\u00e9claration d&rsquo;engagements environnementaux<\/h3>\n\n\n\n<div class=\"wp-block-columns smaller-text is-layout-flex wp-container-core-columns-is-layout-9d6595d7 wp-block-columns-is-layout-flex\">\n<div class=\"wp-block-column narrow is-layout-flow wp-block-column-is-layout-flow\">\n<p>Pattern Energy s&rsquo;engage \u00e0 prot\u00e9ger l&rsquo;environnement. Nous pensons que le changement climatique est le plus grand d\u00e9fi environnemental au monde et que la production d&rsquo;\u00e9nergie \u00e0 partir de sources propres et renouvelables est essentielle pour r\u00e9duire l&#8217;empreinte carbone mondiale. Nous consid\u00e9rons qu&rsquo;il est de notre responsabilit\u00e9 de produire et de transporter de l&rsquo;\u00e9nergie renouvelable vers les consommateurs d&rsquo;une mani\u00e8re qui respecte l&rsquo;int\u00e9grit\u00e9 de notre environnement. \u00c0 cette fin, Pattern Energy s&rsquo;efforce de :<\/p>\n\n\n\n<ul class=\"wp-block-list\">\n<li>D\u00e9velopper, construire et exploiter de mani\u00e8re responsable en se conformant \u00e0 toutes les lois et r\u00e9glementations environnementales comme norme minimale et en mettant en \u0153uvre les meilleures pratiques lorsque les r\u00e9glementations locales ne sont pas aussi strictes.<\/li>\n\n\n\n<li>\u00c9valuer les impacts \u00e9cologiques positifs et n\u00e9gatifs potentiels et les int\u00e9grer dans notre processus d\u00e9cisionnel, en appliquant notre esprit cr\u00e9atif et notre \u00e9nergie \u00e0 la recherche de solutions d&rsquo;att\u00e9nuation durables pour minimiser les effets n\u00e9gatifs.<\/li>\n\n\n\n<li>\u00c9couter les membres des communaut\u00e9s o\u00f9 nous travaillons, y compris les repr\u00e9sentants des communaut\u00e9s et les agences de protection des ressources naturelles, lors de la planification de nos projets.<\/li>\n\n\n\n<li>Implanter et concevoir nos projets de mani\u00e8re \u00e0 respecter la faune et ses habitats.<\/li>\n\n\n\n<li>Construire nos projets en utilisant les meilleures pratiques pour pr\u00e9venir la pollution et pr\u00e9server nos ressources naturelles.<\/li>\n\n\n\n<li>Travailler \u00e0 la surveillance, \u00e0 la d\u00e9claration et \u00e0 l&rsquo;am\u00e9lioration continue de notre performance environnementale globale.<\/li>\n<\/ul>\n<\/div>\n<\/div>\n\n\n\n<p><\/p>\n\n<\/div>\t\t\n\t<\/div>\n<\/section><!-- Textual Content -->","protected":false},"excerpt":{"rendered":"","protected":false},"author":1,"featured_media":0,"parent":17026,"menu_order":30,"comment_status":"closed","ping_status":"closed","template":"","meta":{"_acf_changed":false,"footnotes":""},"class_list":["post-17249","page","type-page","status-publish","hentry"],"acf":[],"yoast_head":"<!-- This site is optimized with the Yoast SEO plugin v27.4 - https:\/\/yoast.com\/product\/yoast-seo-wordpress\/ -->\n<title>Pattern Energy : : Gestion de l&#039;environnement<\/title>\n<meta name=\"description\" content=\"Nous consid\u00e9rons qu&#039;il est de notre responsabilit\u00e9 de produire et de transporter de l&#039;\u00e9nergie renouvelable vers les consommateurs d&#039;une mani\u00e8re qui respecte l&#039;int\u00e9grit\u00e9 de notre environnement.\" \/>\n<meta name=\"robots\" content=\"index, follow, max-snippet:-1, max-image-preview:large, max-video-preview:-1\" \/>\n<link rel=\"canonical\" href=\"https:\/\/patternenergy.com\/fr\/durabilite\/gestion-de-lenvironnement\/\" \/>\n<meta property=\"og:locale\" content=\"fr_FR\" \/>\n<meta property=\"og:type\" content=\"article\" \/>\n<meta property=\"og:title\" content=\"Pattern Energy : : Gestion de l&#039;environnement\" \/>\n<meta property=\"og:description\" content=\"Nous consid\u00e9rons qu&#039;il est de notre responsabilit\u00e9 de produire et de transporter de l&#039;\u00e9nergie renouvelable vers les consommateurs d&#039;une mani\u00e8re qui respecte l&#039;int\u00e9grit\u00e9 de notre environnement.\" \/>\n<meta property=\"og:url\" content=\"https:\/\/patternenergy.com\/fr\/durabilite\/gestion-de-lenvironnement\/\" \/>\n<meta property=\"og:site_name\" content=\"Pattern Energy\" \/>\n<meta property=\"article:publisher\" content=\"https:\/\/www.facebook.com\/PatternEnergy\/\" \/>\n<meta property=\"article:modified_time\" content=\"2024-06-21T21:06:16+00:00\" \/>\n<meta property=\"og:image\" content=\"https:\/\/patternenergy.com\/wp-content\/uploads\/2021\/12\/sustainability-6-1024x460.jpg\" \/>\n<meta name=\"twitter:card\" content=\"summary_large_image\" \/>\n<meta name=\"twitter:label1\" content=\"Dur\u00e9e de lecture estim\u00e9e\" \/>\n\t<meta name=\"twitter:data1\" content=\"2 minutes\" \/>\n<script type=\"application\/ld+json\" class=\"yoast-schema-graph\">{\"@context\":\"https:\\\/\\\/schema.org\",\"@graph\":[{\"@type\":\"WebPage\",\"@id\":\"https:\\\/\\\/patternenergy.com\\\/fr\\\/durabilite\\\/gestion-de-lenvironnement\\\/\",\"url\":\"https:\\\/\\\/patternenergy.com\\\/fr\\\/durabilite\\\/gestion-de-lenvironnement\\\/\",\"name\":\"Pattern Energy : : Gestion de l'environnement\",\"isPartOf\":{\"@id\":\"https:\\\/\\\/patternenergy.com\\\/fr\\\/#website\"},\"primaryImageOfPage\":{\"@id\":\"https:\\\/\\\/patternenergy.com\\\/fr\\\/durabilite\\\/gestion-de-lenvironnement\\\/#primaryimage\"},\"image\":{\"@id\":\"https:\\\/\\\/patternenergy.com\\\/fr\\\/durabilite\\\/gestion-de-lenvironnement\\\/#primaryimage\"},\"thumbnailUrl\":\"https:\\\/\\\/patternenergy.com\\\/wp-content\\\/uploads\\\/2021\\\/12\\\/sustainability-6-1024x460.jpg\",\"datePublished\":\"2021-12-19T22:10:51+00:00\",\"dateModified\":\"2024-06-21T21:06:16+00:00\",\"description\":\"Nous consid\u00e9rons qu'il est de notre responsabilit\u00e9 de produire et de transporter de l'\u00e9nergie renouvelable vers les consommateurs d'une mani\u00e8re qui respecte l'int\u00e9grit\u00e9 de notre environnement.\",\"breadcrumb\":{\"@id\":\"https:\\\/\\\/patternenergy.com\\\/fr\\\/durabilite\\\/gestion-de-lenvironnement\\\/#breadcrumb\"},\"inLanguage\":\"fr-FR\",\"potentialAction\":[{\"@type\":\"ReadAction\",\"target\":[\"https:\\\/\\\/patternenergy.com\\\/fr\\\/durabilite\\\/gestion-de-lenvironnement\\\/\"]}]},{\"@type\":\"ImageObject\",\"inLanguage\":\"fr-FR\",\"@id\":\"https:\\\/\\\/patternenergy.com\\\/fr\\\/durabilite\\\/gestion-de-lenvironnement\\\/#primaryimage\",\"url\":\"https:\\\/\\\/patternenergy.com\\\/wp-content\\\/uploads\\\/2021\\\/12\\\/sustainability-6-1024x460.jpg\",\"contentUrl\":\"https:\\\/\\\/patternenergy.com\\\/wp-content\\\/uploads\\\/2021\\\/12\\\/sustainability-6-1024x460.jpg\"},{\"@type\":\"BreadcrumbList\",\"@id\":\"https:\\\/\\\/patternenergy.com\\\/fr\\\/durabilite\\\/gestion-de-lenvironnement\\\/#breadcrumb\",\"itemListElement\":[{\"@type\":\"ListItem\",\"position\":1,\"name\":\"Home\",\"item\":\"https:\\\/\\\/patternenergy.com\\\/fr\\\/\"},{\"@type\":\"ListItem\",\"position\":2,\"name\":\"D\u00e9veloppement durable\",\"item\":\"https:\\\/\\\/patternenergy.com\\\/fr\\\/durabilite\\\/\"},{\"@type\":\"ListItem\",\"position\":3,\"name\":\"Gestion de l&#8217;environnement\"}]},{\"@type\":\"WebSite\",\"@id\":\"https:\\\/\\\/patternenergy.com\\\/fr\\\/#website\",\"url\":\"https:\\\/\\\/patternenergy.com\\\/fr\\\/\",\"name\":\"Pattern Energy\",\"description\":\"Nous d\u00e9veloppons, construisons, poss\u00e9dons et exploitons des projets \u00e9oliens, solaires, de transport et de stockage d'\u00e9nergie de haute qualit\u00e9 dans le monde entier.\",\"publisher\":{\"@id\":\"https:\\\/\\\/patternenergy.com\\\/fr\\\/#organization\"},\"potentialAction\":[{\"@type\":\"SearchAction\",\"target\":{\"@type\":\"EntryPoint\",\"urlTemplate\":\"https:\\\/\\\/patternenergy.com\\\/fr\\\/?s={search_term_string}\"},\"query-input\":{\"@type\":\"PropertyValueSpecification\",\"valueRequired\":true,\"valueName\":\"search_term_string\"}}],\"inLanguage\":\"fr-FR\"},{\"@type\":\"Organization\",\"@id\":\"https:\\\/\\\/patternenergy.com\\\/fr\\\/#organization\",\"name\":\"Pattern Energy\",\"url\":\"https:\\\/\\\/patternenergy.com\\\/fr\\\/\",\"logo\":{\"@type\":\"ImageObject\",\"inLanguage\":\"fr-FR\",\"@id\":\"https:\\\/\\\/patternenergy.com\\\/fr\\\/#\\\/schema\\\/logo\\\/image\\\/\",\"url\":\"https:\\\/\\\/patternenergy.com\\\/wp-content\\\/uploads\\\/2022\\\/01\\\/Pattern-Energy-Media-thumbnail-logo.jpg\",\"contentUrl\":\"https:\\\/\\\/patternenergy.com\\\/wp-content\\\/uploads\\\/2022\\\/01\\\/Pattern-Energy-Media-thumbnail-logo.jpg\",\"width\":1200,\"height\":627,\"caption\":\"Pattern Energy\"},\"image\":{\"@id\":\"https:\\\/\\\/patternenergy.com\\\/fr\\\/#\\\/schema\\\/logo\\\/image\\\/\"},\"sameAs\":[\"https:\\\/\\\/www.facebook.com\\\/PatternEnergy\\\/\",\"https:\\\/\\\/instagram.com\\\/patternenergy?utm_medium=copy_link\",\"https:\\\/\\\/www.linkedin.com\\\/company\\\/pattern-energy\",\"https:\\\/\\\/www.youtube.com\\\/user\\\/PatternEnergy?app=desktop\",\"https:\\\/\\\/web.cauze.com\\\/company\\\/293\"]}]}<\/script>\n<!-- \/ Yoast SEO plugin. -->","yoast_head_json":{"title":"Pattern Energy : : Gestion de l'environnement","description":"Nous consid\u00e9rons qu'il est de notre responsabilit\u00e9 de produire et de transporter de l'\u00e9nergie renouvelable vers les consommateurs d'une mani\u00e8re qui respecte l'int\u00e9grit\u00e9 de notre environnement.","robots":{"index":"index","follow":"follow","max-snippet":"max-snippet:-1","max-image-preview":"max-image-preview:large","max-video-preview":"max-video-preview:-1"},"canonical":"https:\/\/patternenergy.com\/fr\/durabilite\/gestion-de-lenvironnement\/","og_locale":"fr_FR","og_type":"article","og_title":"Pattern Energy : : Gestion de l'environnement","og_description":"Nous consid\u00e9rons qu'il est de notre responsabilit\u00e9 de produire et de transporter de l'\u00e9nergie renouvelable vers les consommateurs d'une mani\u00e8re qui respecte l'int\u00e9grit\u00e9 de notre environnement.","og_url":"https:\/\/patternenergy.com\/fr\/durabilite\/gestion-de-lenvironnement\/","og_site_name":"Pattern Energy","article_publisher":"https:\/\/www.facebook.com\/PatternEnergy\/","article_modified_time":"2024-06-21T21:06:16+00:00","og_image":[{"url":"https:\/\/patternenergy.com\/wp-content\/uploads\/2021\/12\/sustainability-6-1024x460.jpg","type":"","width":"","height":""}],"twitter_card":"summary_large_image","twitter_misc":{"Dur\u00e9e de lecture estim\u00e9e":"2 minutes"},"schema":{"@context":"https:\/\/schema.org","@graph":[{"@type":"WebPage","@id":"https:\/\/patternenergy.com\/fr\/durabilite\/gestion-de-lenvironnement\/","url":"https:\/\/patternenergy.com\/fr\/durabilite\/gestion-de-lenvironnement\/","name":"Pattern Energy : : Gestion de l'environnement","isPartOf":{"@id":"https:\/\/patternenergy.com\/fr\/#website"},"primaryImageOfPage":{"@id":"https:\/\/patternenergy.com\/fr\/durabilite\/gestion-de-lenvironnement\/#primaryimage"},"image":{"@id":"https:\/\/patternenergy.com\/fr\/durabilite\/gestion-de-lenvironnement\/#primaryimage"},"thumbnailUrl":"https:\/\/patternenergy.com\/wp-content\/uploads\/2021\/12\/sustainability-6-1024x460.jpg","datePublished":"2021-12-19T22:10:51+00:00","dateModified":"2024-06-21T21:06:16+00:00","description":"Nous consid\u00e9rons qu'il est de notre responsabilit\u00e9 de produire et de transporter de l'\u00e9nergie renouvelable vers les consommateurs d'une mani\u00e8re qui respecte l'int\u00e9grit\u00e9 de notre environnement.","breadcrumb":{"@id":"https:\/\/patternenergy.com\/fr\/durabilite\/gestion-de-lenvironnement\/#breadcrumb"},"inLanguage":"fr-FR","potentialAction":[{"@type":"ReadAction","target":["https:\/\/patternenergy.com\/fr\/durabilite\/gestion-de-lenvironnement\/"]}]},{"@type":"ImageObject","inLanguage":"fr-FR","@id":"https:\/\/patternenergy.com\/fr\/durabilite\/gestion-de-lenvironnement\/#primaryimage","url":"https:\/\/patternenergy.com\/wp-content\/uploads\/2021\/12\/sustainability-6-1024x460.jpg","contentUrl":"https:\/\/patternenergy.com\/wp-content\/uploads\/2021\/12\/sustainability-6-1024x460.jpg"},{"@type":"BreadcrumbList","@id":"https:\/\/patternenergy.com\/fr\/durabilite\/gestion-de-lenvironnement\/#breadcrumb","itemListElement":[{"@type":"ListItem","position":1,"name":"Home","item":"https:\/\/patternenergy.com\/fr\/"},{"@type":"ListItem","position":2,"name":"D\u00e9veloppement durable","item":"https:\/\/patternenergy.com\/fr\/durabilite\/"},{"@type":"ListItem","position":3,"name":"Gestion de l&#8217;environnement"}]},{"@type":"WebSite","@id":"https:\/\/patternenergy.com\/fr\/#website","url":"https:\/\/patternenergy.com\/fr\/","name":"Pattern Energy","description":"Nous d\u00e9veloppons, construisons, poss\u00e9dons et exploitons des projets \u00e9oliens, solaires, de transport et de stockage d'\u00e9nergie de haute qualit\u00e9 dans le monde entier.","publisher":{"@id":"https:\/\/patternenergy.com\/fr\/#organization"},"potentialAction":[{"@type":"SearchAction","target":{"@type":"EntryPoint","urlTemplate":"https:\/\/patternenergy.com\/fr\/?s={search_term_string}"},"query-input":{"@type":"PropertyValueSpecification","valueRequired":true,"valueName":"search_term_string"}}],"inLanguage":"fr-FR"},{"@type":"Organization","@id":"https:\/\/patternenergy.com\/fr\/#organization","name":"Pattern Energy","url":"https:\/\/patternenergy.com\/fr\/","logo":{"@type":"ImageObject","inLanguage":"fr-FR","@id":"https:\/\/patternenergy.com\/fr\/#\/schema\/logo\/image\/","url":"https:\/\/patternenergy.com\/wp-content\/uploads\/2022\/01\/Pattern-Energy-Media-thumbnail-logo.jpg","contentUrl":"https:\/\/patternenergy.com\/wp-content\/uploads\/2022\/01\/Pattern-Energy-Media-thumbnail-logo.jpg","width":1200,"height":627,"caption":"Pattern Energy"},"image":{"@id":"https:\/\/patternenergy.com\/fr\/#\/schema\/logo\/image\/"},"sameAs":["https:\/\/www.facebook.com\/PatternEnergy\/","https:\/\/instagram.com\/patternenergy?utm_medium=copy_link","https:\/\/www.linkedin.com\/company\/pattern-energy","https:\/\/www.youtube.com\/user\/PatternEnergy?app=desktop","https:\/\/web.cauze.com\/company\/293"]}]}},"_links":{"self":[{"href":"https:\/\/patternenergy.com\/fr\/wp-json\/wp\/v2\/pages\/17249","targetHints":{"allow":["GET"]}}],"collection":[{"href":"https:\/\/patternenergy.com\/fr\/wp-json\/wp\/v2\/pages"}],"about":[{"href":"https:\/\/patternenergy.com\/fr\/wp-json\/wp\/v2\/types\/page"}],"author":[{"embeddable":true,"href":"https:\/\/patternenergy.com\/fr\/wp-json\/wp\/v2\/users\/1"}],"replies":[{"embeddable":true,"href":"https:\/\/patternenergy.com\/fr\/wp-json\/wp\/v2\/comments?post=17249"}],"version-history":[{"count":0,"href":"https:\/\/patternenergy.com\/fr\/wp-json\/wp\/v2\/pages\/17249\/revisions"}],"up":[{"embeddable":true,"href":"https:\/\/patternenergy.com\/fr\/wp-json\/wp\/v2\/pages\/17026"}],"wp:attachment":[{"href":"https:\/\/patternenergy.com\/fr\/wp-json\/wp\/v2\/media?parent=17249"}],"curies":[{"name":"wp","href":"https:\/\/api.w.org\/{rel}","templated":true}]}}