{"id":17247,"date":"2022-08-26T20:56:09","date_gmt":"2022-08-27T01:56:09","guid":{"rendered":"https:\/\/patternenergy.com\/documents-dapplication-de-sunzia\/"},"modified":"2024-06-12T13:45:56","modified_gmt":"2024-06-12T18:45:56","slug":"documents-dapplication-de-sunzia","status":"publish","type":"page","link":"https:\/\/patternenergy.com\/fr\/documents-dapplication-de-sunzia\/","title":{"rendered":"Documents d&rsquo;application de SunZia"},"content":{"rendered":"\n<section class=\"textual-content type-default\" >\n\t\n\t<div class=\"holder block-entry animated\">\n\t\t\n\t\t\t\t\t\t\n\t\t<div class=\"acf-innerblocks-container\">\n\n<h2 class=\"wp-block-heading\">2022 Corona Generation Expansion, Case No. 22-00202-UT<\/h2>\n\n\n\n<p>Adam Cernea Clark T\u00e9moignages et pi\u00e8ces \u00e0 conviction \u00a0\u00bb <a href=\"https:\/\/patternenergy.com\/wp-content\/uploads\/2022\/09\/Adam-Cernea-Clark-Testimony-Exhibits.pdf\" target=\"_blank\" rel=\"noreferrer noopener\">Lire la suite<\/a><\/p>\n\n\n\n<p>Jeremy Turner T\u00e9moignage et pi\u00e8ces \u00e0 conviction \u00a0\u00bb <a href=\"https:\/\/patternenergy.com\/wp-content\/uploads\/2022\/09\/Jeremy-Turner-Testimony-Exhibits.pdf\" target=\"_blank\" rel=\"noreferrer noopener\">Lire la suite<\/a><\/p>\n\n\n\n<p>Demande conjointe et expositions \u00a0\u00bb <a href=\"https:\/\/patternenergy.com\/wp-content\/uploads\/2022\/09\/Joint-Application-Exhibits.pdf\" target=\"_blank\" rel=\"noreferrer noopener\">Lire la suite<\/a><\/p>\n\n\n\n<p>Makena Caruso T\u00e9moignages et pi\u00e8ces \u00e0 conviction \u00a0\u00bb <a href=\"https:\/\/patternenergy.com\/wp-content\/uploads\/2022\/09\/Makena-Caruso-Testimony-Exhibits.pdf\" target=\"_blank\" rel=\"noreferrer noopener\">Lire la suite<\/a><\/p>\n\n\n\n<p><\/p>\n\n\n\n<h2 class=\"wp-block-heading\"><br\/>Corona Wind North, dossier n\u00b0 22-00101-UT<\/h2>\n\n\n\n<p><strong>Demande conjointe et expositions<\/strong> \u00a0\u00bb <a href=\"https:\/\/patternenergy.com\/wp-content\/uploads\/2022\/08\/Corona-Wind-North-Joint-Application-Joint-Application-Exhibits.pdf\" target=\"_blank\" rel=\"noreferrer noopener\">Lire la suite<\/a><\/p>\n\n\n\n<p><strong>T\u00e9moignage direct et pi\u00e8ces \u00e0 conviction de Crystal Coffman<\/strong> \u00a0\u00bb <a href=\"https:\/\/patternenergy.com\/wp-content\/uploads\/2022\/08\/Corona-Wind-North-Crystal-Coffman-Testimony-Exhibit.pdf\" target=\"_blank\" rel=\"noreferrer noopener\">Lire la suite<\/a><\/p>\n\n\n\n<p><strong>T\u00e9moignage direct et pi\u00e8ces \u00e0 conviction de Jeremy Turner<\/strong> \u00a0\u00bb <a href=\"https:\/\/patternenergy.com\/wp-content\/uploads\/2022\/08\/Corona-Wind-North-Jeremy-Turner-Testimony-Exhibits.pdf\" target=\"_blank\" rel=\"noreferrer noopener\">Lire la suite<\/a><\/p>\n\n\n\n<p><strong>T\u00e9moignage direct et pi\u00e8ces \u00e0 conviction d&rsquo;Adam Cernea Clark<\/strong> \u00a0\u00bb <a href=\"https:\/\/patternenergy.com\/wp-content\/uploads\/2022\/08\/Corona-Wind-North-Adam-Cernea-Clark-Testimony-Exhibits.pdf\" target=\"_blank\" rel=\"noreferrer noopener\">Lire la suite<\/a><\/p>\n\n\n\n<p><strong>T\u00e9moignage direct et pi\u00e8ces \u00e0 conviction de Nathan Olday<\/strong> \u00a0\u00bb <a href=\"https:\/\/patternenergy.com\/wp-content\/uploads\/2022\/08\/Corona-Wind-North-Nathan-Olday-Testimony-Exhibit.pdf\" target=\"_blank\" rel=\"noreferrer noopener\">Lire la suite<\/a><\/p>\n\n\n\n<p><strong>T\u00e9moignage direct et pi\u00e8ces \u00e0 conviction de Greg Parent<\/strong> \u00a0\u00bb <a href=\"https:\/\/patternenergy.com\/wp-content\/uploads\/2022\/08\/Corona-Wind-North-Greg-Parent-Testimony-Exhibit.pdf\" target=\"_blank\" rel=\"noreferrer noopener\">Lire la suite<\/a><\/p>\n\n\n\n<p><\/p>\n\n\n\n<p><\/p>\n\n\n\n<h2 class=\"wp-block-heading\"><br\/>Corona Wind, Affaire n\u00b0 21-00281-UT<\/h2>\n\n\n\n<p>Adam Cernea Clark T\u00e9moignages et pi\u00e8ces \u00e0 conviction \u00a0\u00bb <a href=\"https:\/\/patternenergy.com\/wp-content\/uploads\/2022\/09\/Adam-Cernea-Clark-Testimony-Exhibits-1.pdf\" target=\"_blank\" rel=\"noreferrer noopener\">Lire la suite<\/a><\/p>\n\n\n\n<p>Crystal Coffman T\u00e9moignages et pi\u00e8ces \u00e0 conviction \u00a0\u00bb <a href=\"https:\/\/patternenergy.com\/wp-content\/uploads\/2022\/09\/Crystal-Coffman-Testimony-Exhibits.pdf\" target=\"_blank\" rel=\"noreferrer noopener\">Lire la suite<\/a><\/p>\n\n\n\n<p>Rapport environnemental \u00a0\u00bb <a href=\"https:\/\/patternenergy.com\/wp-content\/uploads\/2022\/09\/Environmental-Report.pdf\" target=\"_blank\" rel=\"noreferrer noopener\">Lire la suite<\/a><\/p>\n\n\n\n<p>T\u00e9moignage et exposition de Greg Parent \u00a0\u00bb <a href=\"https:\/\/patternenergy.com\/wp-content\/uploads\/2022\/09\/Greg-Parent-Testimony-Exhibit.pdf\" target=\"_blank\" rel=\"noreferrer noopener\">Lire la suite<\/a><\/p>\n\n\n\n<p>T\u00e9moignage et pi\u00e8ce \u00e0 conviction de Jeremy Turner \u00a0\u00bb <a href=\"https:\/\/patternenergy.com\/wp-content\/uploads\/2022\/09\/Jeremy-Turner-Testimony-Exhibit.pdf\" target=\"_blank\" rel=\"noreferrer noopener\">Lire la suite<\/a><\/p>\n\n\n\n<p>Demande conjointe et pi\u00e8ces jointes \u00a0\u00bb <a href=\"https:\/\/patternenergy.com\/wp-content\/uploads\/2022\/09\/Joint-Application-Joint-Application-Exhibits.pdf\" target=\"_blank\" rel=\"noreferrer noopener\">En savoir plus<\/a><\/p>\n\n\n\n<p>T\u00e9moignage de Nathan Olday \u00a0\u00bb <a href=\"https:\/\/patternenergy.com\/wp-content\/uploads\/2022\/09\/Nathan-Olday-Testimony.pdf\" target=\"_blank\" rel=\"noreferrer noopener\">Lire la suite<\/a><\/p>\n\n\n\n<p><\/p>\n\n\n\n<p><br\/><br\/>En mars 2018, Pattern Energy a soumis \u00e0 la PRC une demande de contr\u00f4le de l&#8217;emplacement pour les projets \u00e9oliens de Corona qui doivent \u00eatre situ\u00e9s pr\u00e8s de Corona dans le comt\u00e9 de Lincoln. Les documents relatifs \u00e0 cette demande sont disponibles ci-dessous.<\/p>\n\n\n\n<p><em>Amended Joint Application for Location Site Approval of the Expansion of the Corona Wind Projects Reconfiguration of the Proposed Corona Gen-Tie System, Extension of the Corona Gen-Tie System and Request for Right of Way Determination<\/em>. L&rsquo;original a \u00e9t\u00e9 d\u00e9pos\u00e9 le 20 d\u00e9cembre 2019 sous le num\u00e9ro de dossier 18-00065-UT. Les documents ont \u00e9t\u00e9 corrig\u00e9s pour refl\u00e9ter le nouveau titre et le nouveau num\u00e9ro de dossier et ont \u00e9t\u00e9 d\u00e9pos\u00e9s aupr\u00e8s du NMPRC.<\/p>\n\n\n\n<p><strong>Demande conjointe modifi\u00e9e<\/strong><\/p>\n\n\n\n<ul class=\"wp-block-list\">\n<li>1 de 6 : <a href=\"https:\/\/patternenergy.com\/wp-content\/uploads\/2022\/08\/Case_No._20-00008-UT_Joint_App._new_caption_Part_1_of_6.pdf\" target=\"_blank\" rel=\"noreferrer noopener\">Voir la demande conjointe<\/a> <\/li>\n\n\n\n<li>2 de 6 : <a href=\"https:\/\/patternenergy.com\/wp-content\/uploads\/2022\/08\/Case_No._20-00008-UT_Joint_App._new_caption_Part_2_of_6.pdf\" target=\"_blank\" rel=\"noreferrer noopener\">Voir la demande conjointe<\/a> <\/li>\n\n\n\n<li>3 de 6 : <a href=\"https:\/\/patternenergy.com\/wp-content\/uploads\/2022\/08\/Case_No._20-00008-UT_Joint_App._new_caption_Part_3_of_6.pdf\" target=\"_blank\" rel=\"noreferrer noopener\">Voir la demande conjointe<\/a> <\/li>\n\n\n\n<li>4 de 6 : <a href=\"https:\/\/patternenergy.com\/wp-content\/uploads\/2022\/08\/Pages_from_Pages_from_Case_No._20-00008-UT_Joint_App._new_caption_Part_5_of_6-2.pdf\" target=\"_blank\" rel=\"noreferrer noopener\">Voir la demande conjointe<\/a> <\/li>\n\n\n\n<li>5 de 6 : <a href=\"https:\/\/patternenergy.com\/wp-content\/uploads\/2022\/08\/Pages_from_Pages_from_Case_No._20-00008-UT_Joint_App._new_caption_Part_5_of_6.pdf\" target=\"_blank\" rel=\"noreferrer noopener\">Voir la demande conjointe<\/a> <\/li>\n\n\n\n<li>6 de 6 : <a href=\"https:\/\/patternenergy.com\/wp-content\/uploads\/2022\/08\/Case_No._20-00008-UT_Joint_App._new_caption_Part_6_of_6.pdf\" target=\"_blank\" rel=\"noreferrer noopener\">Voir la demande conjointe<\/a><\/li>\n<\/ul>\n\n\n\n<p><strong>Demande conjointe d\u00e9pos\u00e9e le 20 d\u00e9cembre 2019<\/strong> \u00a0\u00bb <a href=\"https:\/\/patternenergy.com\/wp-content\/uploads\/2022\/08\/Joint_Application._Filed._12.20.19-1-compressed.pdf.zip\">Lire la suite<\/a><\/p>\n\n\n\n<p><strong>Avis de proc\u00e9dure et d&rsquo;audition<\/strong> \u00a0\u00bb <a href=\"https:\/\/patternenergy.com\/wp-content\/uploads\/2022\/08\/CoronaNotice_-_4-12-18.pdf\" target=\"_blank\" rel=\"noreferrer noopener\">Lire la suite<\/a><\/p>\n\n\n\n<p><strong>Application<\/strong><\/p>\n\n\n\n<p>Demande conjointe d&rsquo;approbation de l&#8217;emplacement des projets \u00e9oliens de Corona, du syst\u00e8me Gen-Tie de Corona et demande de d\u00e9termination du droit de passage.  <a href=\"https:\/\/patternenergy.com\/wp-content\/uploads\/2022\/08\/Application.pdf\" target=\"_blank\" rel=\"noreferrer noopener\">Lire la suite<\/a><\/p>\n\n\n\n<p><strong>Avis<\/strong><\/p>\n\n\n\n<p>Demande conjointe d&rsquo;approbation de l&#8217;emplacement des projets \u00e9oliens de Corona, du syst\u00e8me Gen-Tie de Corona et demande de d\u00e9termination du droit de passage.  <a href=\"https:\/\/patternenergy.com\/wp-content\/uploads\/2022\/08\/Notice.pdf\" target=\"_blank\" rel=\"noreferrer noopener\">Lire la suite<\/a><\/p>\n\n\n\n<p><strong>T\u00e9moignage direct et pi\u00e8ces \u00e0 conviction de Crystal Coffman<\/strong><\/p>\n\n\n\n<p>Au nom des soci\u00e9t\u00e9s \u00e9oliennes de Corona  <\/p>\n\n\n\n<p><a href=\"https:\/\/patternenergy.com\/wp-content\/uploads\/2022\/08\/Direct_Testimony_-_Crystal_Coffman.pdf\" target=\"_blank\" rel=\"noreferrer noopener\">Lire la suite<\/a><\/p>\n\n\n\n<p><strong>T\u00e9moignage direct et pi\u00e8ces \u00e0 conviction d&rsquo;Adam Cernea Clark<\/strong><\/p>\n\n\n\n<p>Au nom des soci\u00e9t\u00e9s Corana Wind  <\/p>\n\n\n\n<p><a href=\"https:\/\/patternenergy.com\/wp-content\/uploads\/2022\/08\/Direct_Testimony_-_Adam_Cernea.pdf\" target=\"_blank\" rel=\"noreferrer noopener\">Lire la suite<\/a><\/p>\n\n\n\n<p><strong>T\u00e9moignage direct et pi\u00e8ces \u00e0 conviction de Ward Marshall<\/strong><\/p>\n\n\n\n<p>Au nom des soci\u00e9t\u00e9s \u00e9oliennes de Corona  <\/p>\n\n\n\n<p><a href=\"https:\/\/patternenergy.com\/wp-content\/uploads\/2022\/08\/Direct_Testimony_-_Ward_Marshall.pdf\" target=\"_blank\" rel=\"noreferrer noopener\">Lire la suite<\/a><\/p>\n\n\n\n<p><strong>T\u00e9moignage direct et pi\u00e8ces \u00e0 conviction de Derek Price<\/strong><\/p>\n\n\n\n<p>Au nom des soci\u00e9t\u00e9s \u00e9oliennes de Corona  <\/p>\n\n\n\n<p><a href=\"https:\/\/patternenergy.com\/wp-content\/uploads\/2022\/08\/Direct_Testimony_-_Derek_Price.pdf\" target=\"_blank\" rel=\"noreferrer noopener\">Lire la suite<\/a><\/p>\n\n\n\n<p><strong>T\u00e9moignage direct de Stan Gray<\/strong><\/p>\n\n\n\n<p>Au nom des soci\u00e9t\u00e9s \u00e9oliennes de Corona  <\/p>\n\n\n\n<p><a href=\"https:\/\/patternenergy.com\/wp-content\/uploads\/2022\/08\/Direct_Testimony_-_Stanley_Gray.pdf\" target=\"_blank\" rel=\"noreferrer noopener\">Lire la suite<\/a><\/p>\n\n\n\n<p><strong>T\u00e9moignage direct et pi\u00e8ces \u00e0 conviction de Christopher Knopp<\/strong><\/p>\n\n\n\n<p>Au nom des soci\u00e9t\u00e9s \u00e9oliennes de Corona  <\/p>\n\n\n\n<p><a href=\"https:\/\/patternenergy.com\/wp-content\/uploads\/2022\/08\/Direct_Testimony_-_Christopher_Knopp.pdf\" target=\"_blank\" rel=\"noreferrer noopener\">Lire la suite<\/a><\/p>\n\n\n\n<p><strong>T\u00e9moignage direct et pi\u00e8ces \u00e0 conviction de John Tysseling<\/strong> <\/p>\n\n\n\n<p>Au nom des soci\u00e9t\u00e9s \u00e9oliennes de Corona  <\/p>\n\n\n\n<p><a href=\"https:\/\/patternenergy.com\/wp-content\/uploads\/2022\/08\/Direct_Testimony_-_John_C_Tysseling.pdf\" target=\"_blank\" rel=\"noreferrer noopener\">Lire la suite<\/a><\/p>\n\n\n\n<p><\/p>\n\n\n\n<p><strong>\u00c9tude finale d&rsquo;impact fiscal et \u00e9conomique<\/strong> \u00a0\u00bb <a href=\"https:\/\/patternenergy.com\/wp-content\/uploads\/2022\/08\/final_fiscal_and_economic_impact_study.pdf\" target=\"_blank\" rel=\"noreferrer noopener\">Lire la suite<\/a><\/p>\n\n\n\n<p><strong>T\u00e9moignage direct suppl\u00e9mentaire de Greg Parent<\/strong> \u00a0\u00bb <a href=\"https:\/\/patternenergy.com\/wp-content\/uploads\/2022\/08\/Case_No_18-00065-UT_-_Supplemental_Testimony_of_Greg_Parent_05.18.18.pdf\" target=\"_blank\" rel=\"noreferrer noopener\">Lire la suite<\/a><\/p>\n\n\n\n<p><strong>Avis d&rsquo;errata &#8211; T\u00e9moignage direct d&rsquo;Adam Cernea Clark<\/strong> \u00a0\u00bb <a href=\"https:\/\/patternenergy.com\/wp-content\/uploads\/2022\/08\/Errata_Notice_-_Direct_Testimony_of_Adam_Cernea_Clark.pdf\" target=\"_blank\" rel=\"noreferrer noopener\">Lire la suite<\/a><\/p>\n\n\n\n<p><strong>Avis d&rsquo;errata &#8211; T\u00e9moignage direct de Crystal Coffman<\/strong> \u00a0\u00bb <a href=\"https:\/\/patternenergy.com\/wp-content\/uploads\/2022\/08\/Errata_Notice_-_Direct_Testimony_of_Crystal_Coffman.pdf\" target=\"_blank\" rel=\"noreferrer noopener\">Lire la suite<\/a><\/p>\n\n\n\n<p><strong>Errata au t\u00e9moignage de Derek Price<\/strong> \u00a0\u00bb <a href=\"https:\/\/patternenergy.com\/wp-content\/uploads\/2022\/08\/Errata_to_Testimony_of_Derek_Price.pdf\" target=\"_blank\" rel=\"noreferrer noopener\">Lire la suite<\/a><\/p>\n\n\n\n<p><strong>Rapport environnemental du parc \u00e9olien de Corona<\/strong> \u00a0\u00bb <a href=\"https:\/\/patternenergy.com\/wp-content\/uploads\/2022\/08\/Environmental_Report._03.27.18._Filed_web.pdf\" target=\"_blank\" rel=\"noreferrer noopener\">Lire la suite<\/a><\/p>\n\n\n\n<p><strong>Demande de district \u00e0 usage sp\u00e9cial du comt\u00e9 de Torrance<\/strong> \u00a0\u00bb <a href=\"https:\/\/patternenergy.com\/wp-content\/uploads\/2022\/08\/Torrance_Application.FINAL-low.pdf\" target=\"_blank\" rel=\"noreferrer noopener\">Lire la suite<\/a><\/p>\n\n\n\n<p><strong>(NM) Parc \u00e9olien de Clines Corners LLC<\/strong><\/p>\n\n\n\n<ul class=\"wp-block-list\">\n<li><a href=\"https:\/\/patternenergy.com\/wp-content\/uploads\/2022\/08\/Application_Final_5.14.19.pdf\" target=\"_blank\" rel=\"noreferrer noopener\">Application finale<\/a><\/li>\n\n\n\n<li><a href=\"https:\/\/patternenergy.com\/wp-content\/uploads\/2022\/08\/Certificate_of_Service_-_Final_5.15.19.pdf\" target=\"_blank\" rel=\"noreferrer noopener\">Certificat de service<\/a><\/li>\n\n\n\n<li><a href=\"https:\/\/patternenergy.com\/wp-content\/uploads\/2022\/08\/Notice_-_Final.pdf\" target=\"_blank\" rel=\"noreferrer noopener\">Avis<\/a><\/li>\n<\/ul>\n\n\n\n<p><strong>T\u00e9moignages :<\/strong><\/p>\n\n\n\n<ul class=\"wp-block-list\">\n<li><a href=\"https:\/\/patternenergy.com\/wp-content\/uploads\/2022\/08\/Testimony_of_Chris_Knopp_-_Final_5.15.19.pdf\" target=\"_blank\" rel=\"noreferrer noopener\">Chris Knopp<\/a><\/li>\n\n\n\n<li><a href=\"https:\/\/patternenergy.com\/wp-content\/uploads\/2022\/08\/Testimony_of_Greg_Parent_-_Final_5.15.19-1.pdf\" target=\"_blank\" rel=\"noreferrer noopener\">Greg Parent<\/a><\/li>\n\n\n\n<li><a href=\"https:\/\/patternenergy.com\/wp-content\/uploads\/2022\/08\/Testimony_of_John_Tysseling_-_Final_5.15.19.pdf\" target=\"_blank\" rel=\"noreferrer noopener\">John Tysseling<\/a><\/li>\n\n\n\n<li><a href=\"https:\/\/patternenergy.com\/wp-content\/uploads\/2022\/08\/Testimony_of_Michael_Kurnik_-_Final_5.15.19.pdf\" target=\"_blank\" rel=\"noreferrer noopener\">Michael Kurnik<\/a><\/li>\n<\/ul>\n\n\n\n<p><\/p>\n\n\n\n<p><a href=\"https:\/\/patternenergy.com\/wp-content\/uploads\/2022\/08\/Torrance_County_Amend_No._1_SUD_Clines_Corners_Wind.pdf\" target=\"_blank\" rel=\"noreferrer noopener\">Comt\u00e9 de Torrance Amendement n\u00b0 1 SUD<\/a> <\/p>\n\n\n\n<p><a href=\"https:\/\/patternenergy.com\/wp-content\/uploads\/2022\/08\/Torrance_County_SUD_Application_02272019.pdf\" target=\"_blank\" rel=\"noreferrer noopener\">Application SUD du comt\u00e9 de Torrance<\/a> <\/p>\n\n\n\n<p><a href=\"https:\/\/patternenergy.com\/wp-content\/uploads\/2022\/08\/19-00139-UT-_Notice.pdf\" target=\"_blank\" rel=\"noreferrer noopener\">19-00139-UT-Avis<\/a><\/p>\n\n<\/div>\t\t\n\t<\/div>\n<\/section><!-- Textual Content -->","protected":false},"excerpt":{"rendered":"","protected":false},"author":3,"featured_media":0,"parent":0,"menu_order":0,"comment_status":"closed","ping_status":"closed","template":"","meta":{"_acf_changed":false,"footnotes":""},"class_list":["post-17247","page","type-page","status-publish","hentry"],"acf":[],"yoast_head":"<!-- This site is optimized with the Yoast SEO plugin v27.4 - https:\/\/yoast.com\/product\/yoast-seo-wordpress\/ -->\n<title>Documents d&#039;application de SunZia - Pattern Energy<\/title>\n<meta name=\"robots\" content=\"index, follow, max-snippet:-1, max-image-preview:large, max-video-preview:-1\" \/>\n<link rel=\"canonical\" href=\"https:\/\/patternenergy.com\/fr\/documents-dapplication-de-sunzia\/\" \/>\n<meta property=\"og:locale\" content=\"fr_FR\" \/>\n<meta property=\"og:type\" content=\"article\" \/>\n<meta property=\"og:title\" content=\"Documents d&#039;application de SunZia - Pattern Energy\" \/>\n<meta property=\"og:url\" content=\"https:\/\/patternenergy.com\/fr\/documents-dapplication-de-sunzia\/\" \/>\n<meta property=\"og:site_name\" content=\"Pattern Energy\" \/>\n<meta property=\"article:publisher\" content=\"https:\/\/www.facebook.com\/PatternEnergy\/\" \/>\n<meta property=\"article:modified_time\" content=\"2024-06-12T18:45:56+00:00\" \/>\n<meta property=\"og:image\" content=\"https:\/\/patternenergy.com\/wp-content\/uploads\/2022\/01\/Pattern-Energy-Media-thumbnail-logo.jpg\" \/>\n\t<meta property=\"og:image:width\" content=\"1200\" \/>\n\t<meta property=\"og:image:height\" content=\"627\" \/>\n\t<meta property=\"og:image:type\" content=\"image\/jpeg\" \/>\n<meta name=\"twitter:card\" content=\"summary_large_image\" \/>\n<meta name=\"twitter:label1\" content=\"Dur\u00e9e de lecture estim\u00e9e\" \/>\n\t<meta name=\"twitter:data1\" content=\"3 minutes\" \/>\n<script type=\"application\/ld+json\" class=\"yoast-schema-graph\">{\"@context\":\"https:\\\/\\\/schema.org\",\"@graph\":[{\"@type\":\"WebPage\",\"@id\":\"https:\\\/\\\/patternenergy.com\\\/fr\\\/documents-dapplication-de-sunzia\\\/\",\"url\":\"https:\\\/\\\/patternenergy.com\\\/fr\\\/documents-dapplication-de-sunzia\\\/\",\"name\":\"Documents d'application de SunZia - Pattern Energy\",\"isPartOf\":{\"@id\":\"https:\\\/\\\/patternenergy.com\\\/fr\\\/#website\"},\"datePublished\":\"2022-08-27T01:56:09+00:00\",\"dateModified\":\"2024-06-12T18:45:56+00:00\",\"breadcrumb\":{\"@id\":\"https:\\\/\\\/patternenergy.com\\\/fr\\\/documents-dapplication-de-sunzia\\\/#breadcrumb\"},\"inLanguage\":\"fr-FR\",\"potentialAction\":[{\"@type\":\"ReadAction\",\"target\":[\"https:\\\/\\\/patternenergy.com\\\/fr\\\/documents-dapplication-de-sunzia\\\/\"]}]},{\"@type\":\"BreadcrumbList\",\"@id\":\"https:\\\/\\\/patternenergy.com\\\/fr\\\/documents-dapplication-de-sunzia\\\/#breadcrumb\",\"itemListElement\":[{\"@type\":\"ListItem\",\"position\":1,\"name\":\"Home\",\"item\":\"https:\\\/\\\/patternenergy.com\\\/fr\\\/\"},{\"@type\":\"ListItem\",\"position\":2,\"name\":\"Documents d&#8217;application de SunZia\"}]},{\"@type\":\"WebSite\",\"@id\":\"https:\\\/\\\/patternenergy.com\\\/fr\\\/#website\",\"url\":\"https:\\\/\\\/patternenergy.com\\\/fr\\\/\",\"name\":\"Pattern Energy\",\"description\":\"Nous d\u00e9veloppons, construisons, poss\u00e9dons et exploitons des projets \u00e9oliens, solaires, de transport et de stockage d'\u00e9nergie de haute qualit\u00e9 dans le monde entier.\",\"publisher\":{\"@id\":\"https:\\\/\\\/patternenergy.com\\\/fr\\\/#organization\"},\"potentialAction\":[{\"@type\":\"SearchAction\",\"target\":{\"@type\":\"EntryPoint\",\"urlTemplate\":\"https:\\\/\\\/patternenergy.com\\\/fr\\\/?s={search_term_string}\"},\"query-input\":{\"@type\":\"PropertyValueSpecification\",\"valueRequired\":true,\"valueName\":\"search_term_string\"}}],\"inLanguage\":\"fr-FR\"},{\"@type\":\"Organization\",\"@id\":\"https:\\\/\\\/patternenergy.com\\\/fr\\\/#organization\",\"name\":\"Pattern Energy\",\"url\":\"https:\\\/\\\/patternenergy.com\\\/fr\\\/\",\"logo\":{\"@type\":\"ImageObject\",\"inLanguage\":\"fr-FR\",\"@id\":\"https:\\\/\\\/patternenergy.com\\\/fr\\\/#\\\/schema\\\/logo\\\/image\\\/\",\"url\":\"https:\\\/\\\/patternenergy.com\\\/wp-content\\\/uploads\\\/2022\\\/01\\\/Pattern-Energy-Media-thumbnail-logo.jpg\",\"contentUrl\":\"https:\\\/\\\/patternenergy.com\\\/wp-content\\\/uploads\\\/2022\\\/01\\\/Pattern-Energy-Media-thumbnail-logo.jpg\",\"width\":1200,\"height\":627,\"caption\":\"Pattern Energy\"},\"image\":{\"@id\":\"https:\\\/\\\/patternenergy.com\\\/fr\\\/#\\\/schema\\\/logo\\\/image\\\/\"},\"sameAs\":[\"https:\\\/\\\/www.facebook.com\\\/PatternEnergy\\\/\",\"https:\\\/\\\/instagram.com\\\/patternenergy?utm_medium=copy_link\",\"https:\\\/\\\/www.linkedin.com\\\/company\\\/pattern-energy\",\"https:\\\/\\\/www.youtube.com\\\/user\\\/PatternEnergy?app=desktop\",\"https:\\\/\\\/web.cauze.com\\\/company\\\/293\"]}]}<\/script>\n<!-- \/ Yoast SEO plugin. -->","yoast_head_json":{"title":"Documents d'application de SunZia - Pattern Energy","robots":{"index":"index","follow":"follow","max-snippet":"max-snippet:-1","max-image-preview":"max-image-preview:large","max-video-preview":"max-video-preview:-1"},"canonical":"https:\/\/patternenergy.com\/fr\/documents-dapplication-de-sunzia\/","og_locale":"fr_FR","og_type":"article","og_title":"Documents d'application de SunZia - Pattern Energy","og_url":"https:\/\/patternenergy.com\/fr\/documents-dapplication-de-sunzia\/","og_site_name":"Pattern Energy","article_publisher":"https:\/\/www.facebook.com\/PatternEnergy\/","article_modified_time":"2024-06-12T18:45:56+00:00","og_image":[{"width":1200,"height":627,"url":"https:\/\/patternenergy.com\/wp-content\/uploads\/2022\/01\/Pattern-Energy-Media-thumbnail-logo.jpg","type":"image\/jpeg"}],"twitter_card":"summary_large_image","twitter_misc":{"Dur\u00e9e de lecture estim\u00e9e":"3 minutes"},"schema":{"@context":"https:\/\/schema.org","@graph":[{"@type":"WebPage","@id":"https:\/\/patternenergy.com\/fr\/documents-dapplication-de-sunzia\/","url":"https:\/\/patternenergy.com\/fr\/documents-dapplication-de-sunzia\/","name":"Documents d'application de SunZia - Pattern Energy","isPartOf":{"@id":"https:\/\/patternenergy.com\/fr\/#website"},"datePublished":"2022-08-27T01:56:09+00:00","dateModified":"2024-06-12T18:45:56+00:00","breadcrumb":{"@id":"https:\/\/patternenergy.com\/fr\/documents-dapplication-de-sunzia\/#breadcrumb"},"inLanguage":"fr-FR","potentialAction":[{"@type":"ReadAction","target":["https:\/\/patternenergy.com\/fr\/documents-dapplication-de-sunzia\/"]}]},{"@type":"BreadcrumbList","@id":"https:\/\/patternenergy.com\/fr\/documents-dapplication-de-sunzia\/#breadcrumb","itemListElement":[{"@type":"ListItem","position":1,"name":"Home","item":"https:\/\/patternenergy.com\/fr\/"},{"@type":"ListItem","position":2,"name":"Documents d&#8217;application de SunZia"}]},{"@type":"WebSite","@id":"https:\/\/patternenergy.com\/fr\/#website","url":"https:\/\/patternenergy.com\/fr\/","name":"Pattern Energy","description":"Nous d\u00e9veloppons, construisons, poss\u00e9dons et exploitons des projets \u00e9oliens, solaires, de transport et de stockage d'\u00e9nergie de haute qualit\u00e9 dans le monde entier.","publisher":{"@id":"https:\/\/patternenergy.com\/fr\/#organization"},"potentialAction":[{"@type":"SearchAction","target":{"@type":"EntryPoint","urlTemplate":"https:\/\/patternenergy.com\/fr\/?s={search_term_string}"},"query-input":{"@type":"PropertyValueSpecification","valueRequired":true,"valueName":"search_term_string"}}],"inLanguage":"fr-FR"},{"@type":"Organization","@id":"https:\/\/patternenergy.com\/fr\/#organization","name":"Pattern Energy","url":"https:\/\/patternenergy.com\/fr\/","logo":{"@type":"ImageObject","inLanguage":"fr-FR","@id":"https:\/\/patternenergy.com\/fr\/#\/schema\/logo\/image\/","url":"https:\/\/patternenergy.com\/wp-content\/uploads\/2022\/01\/Pattern-Energy-Media-thumbnail-logo.jpg","contentUrl":"https:\/\/patternenergy.com\/wp-content\/uploads\/2022\/01\/Pattern-Energy-Media-thumbnail-logo.jpg","width":1200,"height":627,"caption":"Pattern Energy"},"image":{"@id":"https:\/\/patternenergy.com\/fr\/#\/schema\/logo\/image\/"},"sameAs":["https:\/\/www.facebook.com\/PatternEnergy\/","https:\/\/instagram.com\/patternenergy?utm_medium=copy_link","https:\/\/www.linkedin.com\/company\/pattern-energy","https:\/\/www.youtube.com\/user\/PatternEnergy?app=desktop","https:\/\/web.cauze.com\/company\/293"]}]}},"_links":{"self":[{"href":"https:\/\/patternenergy.com\/fr\/wp-json\/wp\/v2\/pages\/17247","targetHints":{"allow":["GET"]}}],"collection":[{"href":"https:\/\/patternenergy.com\/fr\/wp-json\/wp\/v2\/pages"}],"about":[{"href":"https:\/\/patternenergy.com\/fr\/wp-json\/wp\/v2\/types\/page"}],"author":[{"embeddable":true,"href":"https:\/\/patternenergy.com\/fr\/wp-json\/wp\/v2\/users\/3"}],"replies":[{"embeddable":true,"href":"https:\/\/patternenergy.com\/fr\/wp-json\/wp\/v2\/comments?post=17247"}],"version-history":[{"count":0,"href":"https:\/\/patternenergy.com\/fr\/wp-json\/wp\/v2\/pages\/17247\/revisions"}],"wp:attachment":[{"href":"https:\/\/patternenergy.com\/fr\/wp-json\/wp\/v2\/media?parent=17247"}],"curies":[{"name":"wp","href":"https:\/\/api.w.org\/{rel}","templated":true}]}}