{"id":17246,"date":"2021-12-13T16:43:40","date_gmt":"2021-12-13T21:43:40","guid":{"rendered":"https:\/\/patternenergy.com\/durabilite\/sante-et-securite\/"},"modified":"2024-06-21T20:23:07","modified_gmt":"2024-06-22T01:23:07","slug":"sante-et-securite","status":"publish","type":"page","link":"https:\/\/patternenergy.com\/fr\/durabilite\/sante-et-securite\/","title":{"rendered":"Sant\u00e9 et s\u00e9curit\u00e9"},"content":{"rendered":"\n<section class=\"textual-content type-default\" >\n\t\n\t<div class=\"holder block-entry animated\">\n\t\t\n\t\t\t\t\t\t\n\t\t<div class=\"acf-innerblocks-container\">\n\n<h1 class=\"wp-block-heading\">La s\u00e9curit\u00e9 est notre  <br>priorit\u00e9 absolue<\/h1>\n\n\n\n<figure class=\"wp-block-image size-full\"><img loading=\"lazy\" decoding=\"async\" width=\"2160\" height=\"971\" src=\"https:\/\/patternenergy.com\/wp-content\/uploads\/2021\/12\/sustainability-3.jpeg\" alt=\"\" class=\"wp-image-1366\" srcset=\"https:\/\/patternenergy.com\/wp-content\/uploads\/2021\/12\/sustainability-3.jpeg 2160w, https:\/\/patternenergy.com\/wp-content\/uploads\/2021\/12\/sustainability-3-300x135.jpeg 300w, https:\/\/patternenergy.com\/wp-content\/uploads\/2021\/12\/sustainability-3-1024x460.jpeg 1024w, https:\/\/patternenergy.com\/wp-content\/uploads\/2021\/12\/sustainability-3-768x345.jpeg 768w, https:\/\/patternenergy.com\/wp-content\/uploads\/2021\/12\/sustainability-3-1536x690.jpeg 1536w, https:\/\/patternenergy.com\/wp-content\/uploads\/2021\/12\/sustainability-3-2048x921.jpeg 2048w\" sizes=\"auto, (max-width: 2160px) 100vw, 2160px\" \/><\/figure>\n\n\n\n<h3 class=\"wp-block-heading\">D\u00e9claration de s\u00e9curit\u00e9 et <br>engagements en mati\u00e8re de sant\u00e9<\/h3>\n\n\n\n<div class=\"wp-block-columns smaller-text is-layout-flex wp-container-core-columns-is-layout-9d6595d7 wp-block-columns-is-layout-flex\">\n<div class=\"wp-block-column narrow is-layout-flow wp-block-column-is-layout-flow\">\n<p>Pattern Energy s&rsquo;engage \u00e0 assurer la s\u00e9curit\u00e9 et la sant\u00e9 de ses employ\u00e9s, de ses sous-traitants et des personnes vivant dans les communaut\u00e9s o\u00f9 elle travaille. Il n&rsquo;y a rien de plus important que de voir nos employ\u00e9s rentrer chez eux en toute s\u00e9curit\u00e9 \u00e0 la fin de chaque journ\u00e9e de travail. Nous int\u00e9grons la s\u00e9curit\u00e9 et le bien-\u00eatre dans notre processus d\u00e9cisionnel dans tout ce que nous faisons. Nous croyons en un lieu de travail exempt d&rsquo;accidents et nous aspirons \u00e0 cr\u00e9er un environnement o\u00f9 cela est possible. \u00c0 cette fin, Pattern Energy s&rsquo;efforce de :<\/p>\n\n\n\n<ul class=\"wp-block-list\">\n<li>Respecter toutes les lois et r\u00e9glementations applicables en mati\u00e8re de sant\u00e9 et de s\u00e9curit\u00e9 en tant que norme minimale.<\/li>\n\n\n\n<li>Impliquer nos employ\u00e9s dans l&rsquo;identification des risques potentiels et l&rsquo;\u00e9laboration de mesures d&rsquo;att\u00e9nuation appropri\u00e9es.<\/li>\n\n\n\n<li>Former tous les employ\u00e9s afin qu&rsquo;ils puissent reconna\u00eetre et att\u00e9nuer les risques.<\/li>\n\n\n\n<li>Permettre \u00e0 nos travailleurs d&rsquo;utiliser leur pouvoir d'\u00a0\u00bb arr\u00eat de travail\u00a0\u00bb pour interrompre une activit\u00e9 s&rsquo;ils per\u00e7oivent un danger susceptible de mettre en p\u00e9ril leur vie ou celle d&rsquo;autrui.<\/li>\n\n\n\n<li>Identifier les causes profondes et tirer les le\u00e7ons des accidents qui peuvent survenir.<\/li>\n\n\n\n<li>Construire nos projets et exploiter nos installations en utilisant les meilleures pratiques pour \u00e9viter les blessures aux employ\u00e9s, aux entrepreneurs et au public.<\/li>\n\n\n\n<li>Passer des contrats avec des entreprises qui partagent nos valeurs et s&rsquo;engagent \u00e0 soutenir notre vision d&rsquo;un lieu de travail sans accident.<\/li>\n\n\n\n<li>Travailler \u00e0 surveiller, signaler et am\u00e9liorer continuellement notre performance globale en mati\u00e8re de s\u00e9curit\u00e9.<\/li>\n<\/ul>\n<\/div>\n<\/div>\n\n\n\n<p><\/p>\n\n<\/div>\t\t\n\t<\/div>\n<\/section><!-- Textual Content -->","protected":false},"excerpt":{"rendered":"","protected":false},"author":1,"featured_media":0,"parent":17026,"menu_order":10,"comment_status":"closed","ping_status":"closed","template":"","meta":{"_acf_changed":false,"footnotes":""},"class_list":["post-17246","page","type-page","status-publish","hentry"],"acf":[],"yoast_head":"<!-- This site is optimized with the Yoast SEO plugin v27.6 - https:\/\/yoast.com\/product\/yoast-seo-wordpress\/ -->\n<title>Pattern Energy : : Sant\u00e9 et s\u00e9curit\u00e9<\/title>\n<meta name=\"description\" content=\"Il n&#039;y a rien de plus important que de voir nos employ\u00e9s rentrer chez eux en toute s\u00e9curit\u00e9 \u00e0 la fin de chaque journ\u00e9e de travail.\" \/>\n<meta name=\"robots\" content=\"index, follow, max-snippet:-1, max-image-preview:large, max-video-preview:-1\" \/>\n<link rel=\"canonical\" href=\"https:\/\/patternenergy.com\/fr\/durabilite\/sante-et-securite\/\" \/>\n<meta property=\"og:locale\" content=\"fr_FR\" \/>\n<meta property=\"og:type\" content=\"article\" \/>\n<meta property=\"og:title\" content=\"Pattern Energy : : Sant\u00e9 et s\u00e9curit\u00e9\" \/>\n<meta property=\"og:description\" content=\"Il n&#039;y a rien de plus important que de voir nos employ\u00e9s rentrer chez eux en toute s\u00e9curit\u00e9 \u00e0 la fin de chaque journ\u00e9e de travail.\" \/>\n<meta property=\"og:url\" content=\"https:\/\/patternenergy.com\/fr\/durabilite\/sante-et-securite\/\" \/>\n<meta property=\"og:site_name\" content=\"Pattern Energy\" \/>\n<meta property=\"article:publisher\" content=\"https:\/\/www.facebook.com\/PatternEnergy\/\" \/>\n<meta property=\"article:modified_time\" content=\"2024-06-22T01:23:07+00:00\" \/>\n<meta property=\"og:image\" content=\"https:\/\/patternenergy.com\/wp-content\/uploads\/2021\/12\/sustainability-3.jpeg\" \/>\n<meta name=\"twitter:card\" content=\"summary_large_image\" \/>\n<meta name=\"twitter:label1\" content=\"Dur\u00e9e de lecture estim\u00e9e\" \/>\n\t<meta name=\"twitter:data1\" content=\"2 minutes\" \/>\n<script type=\"application\/ld+json\" class=\"yoast-schema-graph\">{\"@context\":\"https:\\\/\\\/schema.org\",\"@graph\":[{\"@type\":\"WebPage\",\"@id\":\"https:\\\/\\\/patternenergy.com\\\/fr\\\/durabilite\\\/sante-et-securite\\\/\",\"url\":\"https:\\\/\\\/patternenergy.com\\\/fr\\\/durabilite\\\/sante-et-securite\\\/\",\"name\":\"Pattern Energy : : Sant\u00e9 et s\u00e9curit\u00e9\",\"isPartOf\":{\"@id\":\"https:\\\/\\\/patternenergy.com\\\/fr\\\/#website\"},\"primaryImageOfPage\":{\"@id\":\"https:\\\/\\\/patternenergy.com\\\/fr\\\/durabilite\\\/sante-et-securite\\\/#primaryimage\"},\"image\":{\"@id\":\"https:\\\/\\\/patternenergy.com\\\/fr\\\/durabilite\\\/sante-et-securite\\\/#primaryimage\"},\"thumbnailUrl\":\"https:\\\/\\\/patternenergy.com\\\/wp-content\\\/uploads\\\/2021\\\/12\\\/sustainability-3.jpeg\",\"datePublished\":\"2021-12-13T21:43:40+00:00\",\"dateModified\":\"2024-06-22T01:23:07+00:00\",\"description\":\"Il n'y a rien de plus important que de voir nos employ\u00e9s rentrer chez eux en toute s\u00e9curit\u00e9 \u00e0 la fin de chaque journ\u00e9e de travail.\",\"breadcrumb\":{\"@id\":\"https:\\\/\\\/patternenergy.com\\\/fr\\\/durabilite\\\/sante-et-securite\\\/#breadcrumb\"},\"inLanguage\":\"fr-FR\",\"potentialAction\":[{\"@type\":\"ReadAction\",\"target\":[\"https:\\\/\\\/patternenergy.com\\\/fr\\\/durabilite\\\/sante-et-securite\\\/\"]}]},{\"@type\":\"ImageObject\",\"inLanguage\":\"fr-FR\",\"@id\":\"https:\\\/\\\/patternenergy.com\\\/fr\\\/durabilite\\\/sante-et-securite\\\/#primaryimage\",\"url\":\"https:\\\/\\\/patternenergy.com\\\/wp-content\\\/uploads\\\/2021\\\/12\\\/sustainability-3.jpeg\",\"contentUrl\":\"https:\\\/\\\/patternenergy.com\\\/wp-content\\\/uploads\\\/2021\\\/12\\\/sustainability-3.jpeg\"},{\"@type\":\"BreadcrumbList\",\"@id\":\"https:\\\/\\\/patternenergy.com\\\/fr\\\/durabilite\\\/sante-et-securite\\\/#breadcrumb\",\"itemListElement\":[{\"@type\":\"ListItem\",\"position\":1,\"name\":\"Home\",\"item\":\"https:\\\/\\\/patternenergy.com\\\/fr\\\/\"},{\"@type\":\"ListItem\",\"position\":2,\"name\":\"D\u00e9veloppement durable\",\"item\":\"https:\\\/\\\/patternenergy.com\\\/fr\\\/durabilite\\\/\"},{\"@type\":\"ListItem\",\"position\":3,\"name\":\"Sant\u00e9 et s\u00e9curit\u00e9\"}]},{\"@type\":\"WebSite\",\"@id\":\"https:\\\/\\\/patternenergy.com\\\/fr\\\/#website\",\"url\":\"https:\\\/\\\/patternenergy.com\\\/fr\\\/\",\"name\":\"Pattern Energy\",\"description\":\"Nous d\u00e9veloppons, construisons, poss\u00e9dons et exploitons des projets \u00e9oliens, solaires, de transport et de stockage d'\u00e9nergie de haute qualit\u00e9 dans le monde entier.\",\"publisher\":{\"@id\":\"https:\\\/\\\/patternenergy.com\\\/fr\\\/#organization\"},\"potentialAction\":[{\"@type\":\"SearchAction\",\"target\":{\"@type\":\"EntryPoint\",\"urlTemplate\":\"https:\\\/\\\/patternenergy.com\\\/fr\\\/?s={search_term_string}\"},\"query-input\":{\"@type\":\"PropertyValueSpecification\",\"valueRequired\":true,\"valueName\":\"search_term_string\"}}],\"inLanguage\":\"fr-FR\"},{\"@type\":\"Organization\",\"@id\":\"https:\\\/\\\/patternenergy.com\\\/fr\\\/#organization\",\"name\":\"Pattern Energy\",\"url\":\"https:\\\/\\\/patternenergy.com\\\/fr\\\/\",\"logo\":{\"@type\":\"ImageObject\",\"inLanguage\":\"fr-FR\",\"@id\":\"https:\\\/\\\/patternenergy.com\\\/fr\\\/#\\\/schema\\\/logo\\\/image\\\/\",\"url\":\"https:\\\/\\\/patternenergy.com\\\/wp-content\\\/uploads\\\/2022\\\/01\\\/Pattern-Energy-Media-thumbnail-logo.jpg\",\"contentUrl\":\"https:\\\/\\\/patternenergy.com\\\/wp-content\\\/uploads\\\/2022\\\/01\\\/Pattern-Energy-Media-thumbnail-logo.jpg\",\"width\":1200,\"height\":627,\"caption\":\"Pattern Energy\"},\"image\":{\"@id\":\"https:\\\/\\\/patternenergy.com\\\/fr\\\/#\\\/schema\\\/logo\\\/image\\\/\"},\"sameAs\":[\"https:\\\/\\\/www.facebook.com\\\/PatternEnergy\\\/\",\"https:\\\/\\\/instagram.com\\\/patternenergy?utm_medium=copy_link\",\"https:\\\/\\\/www.linkedin.com\\\/company\\\/pattern-energy\",\"https:\\\/\\\/www.youtube.com\\\/user\\\/PatternEnergy?app=desktop\",\"https:\\\/\\\/web.cauze.com\\\/company\\\/293\"]}]}<\/script>\n<!-- \/ Yoast SEO plugin. -->","yoast_head_json":{"title":"Pattern Energy : : Sant\u00e9 et s\u00e9curit\u00e9","description":"Il n'y a rien de plus important que de voir nos employ\u00e9s rentrer chez eux en toute s\u00e9curit\u00e9 \u00e0 la fin de chaque journ\u00e9e de travail.","robots":{"index":"index","follow":"follow","max-snippet":"max-snippet:-1","max-image-preview":"max-image-preview:large","max-video-preview":"max-video-preview:-1"},"canonical":"https:\/\/patternenergy.com\/fr\/durabilite\/sante-et-securite\/","og_locale":"fr_FR","og_type":"article","og_title":"Pattern Energy : : Sant\u00e9 et s\u00e9curit\u00e9","og_description":"Il n'y a rien de plus important que de voir nos employ\u00e9s rentrer chez eux en toute s\u00e9curit\u00e9 \u00e0 la fin de chaque journ\u00e9e de travail.","og_url":"https:\/\/patternenergy.com\/fr\/durabilite\/sante-et-securite\/","og_site_name":"Pattern Energy","article_publisher":"https:\/\/www.facebook.com\/PatternEnergy\/","article_modified_time":"2024-06-22T01:23:07+00:00","og_image":[{"url":"https:\/\/patternenergy.com\/wp-content\/uploads\/2021\/12\/sustainability-3.jpeg","type":"","width":"","height":""}],"twitter_card":"summary_large_image","twitter_misc":{"Dur\u00e9e de lecture estim\u00e9e":"2 minutes"},"schema":{"@context":"https:\/\/schema.org","@graph":[{"@type":"WebPage","@id":"https:\/\/patternenergy.com\/fr\/durabilite\/sante-et-securite\/","url":"https:\/\/patternenergy.com\/fr\/durabilite\/sante-et-securite\/","name":"Pattern Energy : : Sant\u00e9 et s\u00e9curit\u00e9","isPartOf":{"@id":"https:\/\/patternenergy.com\/fr\/#website"},"primaryImageOfPage":{"@id":"https:\/\/patternenergy.com\/fr\/durabilite\/sante-et-securite\/#primaryimage"},"image":{"@id":"https:\/\/patternenergy.com\/fr\/durabilite\/sante-et-securite\/#primaryimage"},"thumbnailUrl":"https:\/\/patternenergy.com\/wp-content\/uploads\/2021\/12\/sustainability-3.jpeg","datePublished":"2021-12-13T21:43:40+00:00","dateModified":"2024-06-22T01:23:07+00:00","description":"Il n'y a rien de plus important que de voir nos employ\u00e9s rentrer chez eux en toute s\u00e9curit\u00e9 \u00e0 la fin de chaque journ\u00e9e de travail.","breadcrumb":{"@id":"https:\/\/patternenergy.com\/fr\/durabilite\/sante-et-securite\/#breadcrumb"},"inLanguage":"fr-FR","potentialAction":[{"@type":"ReadAction","target":["https:\/\/patternenergy.com\/fr\/durabilite\/sante-et-securite\/"]}]},{"@type":"ImageObject","inLanguage":"fr-FR","@id":"https:\/\/patternenergy.com\/fr\/durabilite\/sante-et-securite\/#primaryimage","url":"https:\/\/patternenergy.com\/wp-content\/uploads\/2021\/12\/sustainability-3.jpeg","contentUrl":"https:\/\/patternenergy.com\/wp-content\/uploads\/2021\/12\/sustainability-3.jpeg"},{"@type":"BreadcrumbList","@id":"https:\/\/patternenergy.com\/fr\/durabilite\/sante-et-securite\/#breadcrumb","itemListElement":[{"@type":"ListItem","position":1,"name":"Home","item":"https:\/\/patternenergy.com\/fr\/"},{"@type":"ListItem","position":2,"name":"D\u00e9veloppement durable","item":"https:\/\/patternenergy.com\/fr\/durabilite\/"},{"@type":"ListItem","position":3,"name":"Sant\u00e9 et s\u00e9curit\u00e9"}]},{"@type":"WebSite","@id":"https:\/\/patternenergy.com\/fr\/#website","url":"https:\/\/patternenergy.com\/fr\/","name":"Pattern Energy","description":"Nous d\u00e9veloppons, construisons, poss\u00e9dons et exploitons des projets \u00e9oliens, solaires, de transport et de stockage d'\u00e9nergie de haute qualit\u00e9 dans le monde entier.","publisher":{"@id":"https:\/\/patternenergy.com\/fr\/#organization"},"potentialAction":[{"@type":"SearchAction","target":{"@type":"EntryPoint","urlTemplate":"https:\/\/patternenergy.com\/fr\/?s={search_term_string}"},"query-input":{"@type":"PropertyValueSpecification","valueRequired":true,"valueName":"search_term_string"}}],"inLanguage":"fr-FR"},{"@type":"Organization","@id":"https:\/\/patternenergy.com\/fr\/#organization","name":"Pattern Energy","url":"https:\/\/patternenergy.com\/fr\/","logo":{"@type":"ImageObject","inLanguage":"fr-FR","@id":"https:\/\/patternenergy.com\/fr\/#\/schema\/logo\/image\/","url":"https:\/\/patternenergy.com\/wp-content\/uploads\/2022\/01\/Pattern-Energy-Media-thumbnail-logo.jpg","contentUrl":"https:\/\/patternenergy.com\/wp-content\/uploads\/2022\/01\/Pattern-Energy-Media-thumbnail-logo.jpg","width":1200,"height":627,"caption":"Pattern Energy"},"image":{"@id":"https:\/\/patternenergy.com\/fr\/#\/schema\/logo\/image\/"},"sameAs":["https:\/\/www.facebook.com\/PatternEnergy\/","https:\/\/instagram.com\/patternenergy?utm_medium=copy_link","https:\/\/www.linkedin.com\/company\/pattern-energy","https:\/\/www.youtube.com\/user\/PatternEnergy?app=desktop","https:\/\/web.cauze.com\/company\/293"]}]}},"_links":{"self":[{"href":"https:\/\/patternenergy.com\/fr\/wp-json\/wp\/v2\/pages\/17246","targetHints":{"allow":["GET"]}}],"collection":[{"href":"https:\/\/patternenergy.com\/fr\/wp-json\/wp\/v2\/pages"}],"about":[{"href":"https:\/\/patternenergy.com\/fr\/wp-json\/wp\/v2\/types\/page"}],"author":[{"embeddable":true,"href":"https:\/\/patternenergy.com\/fr\/wp-json\/wp\/v2\/users\/1"}],"replies":[{"embeddable":true,"href":"https:\/\/patternenergy.com\/fr\/wp-json\/wp\/v2\/comments?post=17246"}],"version-history":[{"count":0,"href":"https:\/\/patternenergy.com\/fr\/wp-json\/wp\/v2\/pages\/17246\/revisions"}],"up":[{"embeddable":true,"href":"https:\/\/patternenergy.com\/fr\/wp-json\/wp\/v2\/pages\/17026"}],"wp:attachment":[{"href":"https:\/\/patternenergy.com\/fr\/wp-json\/wp\/v2\/media?parent=17246"}],"curies":[{"name":"wp","href":"https:\/\/api.w.org\/{rel}","templated":true}]}}