{"id":17242,"date":"2021-11-19T08:30:13","date_gmt":"2021-11-19T13:30:13","guid":{"rendered":"https:\/\/patternenergy.com\/politique-de-confidentialite\/"},"modified":"2024-11-08T07:49:57","modified_gmt":"2024-11-08T12:49:57","slug":"politique-de-confidentialite","status":"publish","type":"page","link":"https:\/\/patternenergy.com\/fr\/politique-de-confidentialite\/","title":{"rendered":"Politique de confidentialit\u00e9"},"content":{"rendered":"\n<section class=\"textual-content static smaller-text type-narrow\" >\n\t\n\t<div class=\"holder block-entry animated\">\n\t\t\n\t\t\t\t<div class=\"circles\">\n\t\t\t<span class=\"bigger parallax\" data-scale=\"0.00015\"><\/span>\n\t\t<\/div>\n\t\t\t\t\t\t\n\t\t<div class=\"acf-innerblocks-container\">\n\n<h1 class=\"wp-block-heading\">Politique de confidentialit\u00e9<\/h1>\n\n\n\n<p>Pattern Energy s&rsquo;engage \u00e0 fournir et reconna\u00eet le besoin de protection des donn\u00e9es et de la vie priv\u00e9e sur Internet. D&rsquo;une mani\u00e8re g\u00e9n\u00e9rale, vous pouvez visiter notre site web sans nous dire qui vous \u00eates ni r\u00e9v\u00e9ler aucune information vous concernant. Nous ne recueillons pas d&rsquo;informations personnellement identifiables aupr\u00e8s des visiteurs qui se contentent de naviguer sur notre site web.<\/p>\n\n\n\n<p>Notre fournisseur de services Internet recueille des informations sur la date et l&rsquo;heure d&rsquo;acc\u00e8s \u00e0 notre site Web et, si vous avez acc\u00e9d\u00e9 \u00e0 notre site Web \u00e0 partir d&rsquo;un autre site Web, il enregistre l&rsquo;adresse Internet du site Web \u00e0 partir duquel vous avez acc\u00e9d\u00e9 \u00e0 notre site. Ces informations sont collect\u00e9es pour mesurer le nombre de visiteurs de notre site et les adresses des sites web d&rsquo;o\u00f9 viennent nos visiteurs. Le fournisseur d&rsquo;acc\u00e8s \u00e0 Internet n&rsquo;enregistre pas l&rsquo;adresse \u00e9lectronique ni d&rsquo;autres informations permettant d&rsquo;identifier personnellement les personnes qui consultent notre site web.<\/p>\n\n\n\n<p>Si vous nous fournissez volontairement des informations personnellement identifiables, par exemple en soumettant un curriculum vitae, nous gardons ces informations confidentielles. Nous ne divulguerons vos informations personnelles identifiables que si vous avez donn\u00e9 votre consentement explicite.<\/p>\n\n\n\n<p>Pattern Energy se r\u00e9serve le droit de modifier cette politique de confidentialit\u00e9 \u00e0 tout moment. Veuillez consulter cette page web pour obtenir la version la plus r\u00e9cente de notre politique de protection de la vie priv\u00e9e. Si vous avez des questions concernant notre politique de confidentialit\u00e9, veuillez contacter privacy@patternenergy.com.<\/p>\n\n\n\n<h5 class=\"wp-block-heading\">En vigueur \u00e0 partir du 26 septembre 2017<\/h5>\n\n<\/div>\t\t\n\t<\/div>\n<\/section><!-- Textual Content -->","protected":false},"excerpt":{"rendered":"","protected":false},"author":1,"featured_media":0,"parent":0,"menu_order":210,"comment_status":"closed","ping_status":"closed","template":"","meta":{"_acf_changed":true,"footnotes":""},"class_list":["post-17242","page","type-page","status-publish","hentry"],"acf":[],"yoast_head":"<!-- This site is optimized with the Yoast SEO plugin v27.6 - https:\/\/yoast.com\/product\/yoast-seo-wordpress\/ -->\n<title>Pattern Energy : : Politique de confidentialit\u00e9<\/title>\n<meta name=\"description\" content=\"Pattern Energy s&#039;engage \u00e0 fournir et reconna\u00eet le besoin de protection des donn\u00e9es et de la vie priv\u00e9e sur Internet.\" \/>\n<meta name=\"robots\" content=\"index, follow, max-snippet:-1, max-image-preview:large, max-video-preview:-1\" \/>\n<link rel=\"canonical\" href=\"https:\/\/patternenergy.com\/fr\/politique-de-confidentialite\/\" \/>\n<meta property=\"og:locale\" content=\"fr_FR\" \/>\n<meta property=\"og:type\" content=\"article\" \/>\n<meta property=\"og:title\" content=\"Pattern Energy : : Politique de confidentialit\u00e9\" \/>\n<meta property=\"og:description\" content=\"Pattern Energy s&#039;engage \u00e0 fournir et reconna\u00eet le besoin de protection des donn\u00e9es et de la vie priv\u00e9e sur Internet.\" \/>\n<meta property=\"og:url\" content=\"https:\/\/patternenergy.com\/fr\/politique-de-confidentialite\/\" \/>\n<meta property=\"og:site_name\" content=\"Pattern Energy\" \/>\n<meta property=\"article:publisher\" content=\"https:\/\/www.facebook.com\/PatternEnergy\/\" \/>\n<meta property=\"article:modified_time\" content=\"2024-11-08T12:49:57+00:00\" \/>\n<meta property=\"og:image\" content=\"https:\/\/patternenergy.com\/wp-content\/uploads\/2022\/02\/PE_Home_Facebook-1.jpg\" \/>\n<meta name=\"twitter:card\" content=\"summary_large_image\" \/>\n<meta name=\"twitter:title\" content=\"Pattern Energy : : Politique de confidentialit\u00e9\" \/>\n<meta name=\"twitter:description\" content=\"Pattern Energy s&#039;engage \u00e0 fournir et reconna\u00eet le besoin de protection des donn\u00e9es et de la vie priv\u00e9e sur Internet.\" \/>\n<meta name=\"twitter:image\" content=\"https:\/\/patternenergy.com\/wp-content\/uploads\/2022\/02\/PE_Home_Twitter-2.jpg\" \/>\n<meta name=\"twitter:label1\" content=\"Dur\u00e9e de lecture estim\u00e9e\" \/>\n\t<meta name=\"twitter:data1\" content=\"2 minutes\" \/>\n<script type=\"application\/ld+json\" class=\"yoast-schema-graph\">{\"@context\":\"https:\\\/\\\/schema.org\",\"@graph\":[{\"@type\":\"WebPage\",\"@id\":\"https:\\\/\\\/patternenergy.com\\\/fr\\\/politique-de-confidentialite\\\/\",\"url\":\"https:\\\/\\\/patternenergy.com\\\/fr\\\/politique-de-confidentialite\\\/\",\"name\":\"Pattern Energy : : Politique de confidentialit\u00e9\",\"isPartOf\":{\"@id\":\"https:\\\/\\\/patternenergy.com\\\/fr\\\/#website\"},\"datePublished\":\"2021-11-19T13:30:13+00:00\",\"dateModified\":\"2024-11-08T12:49:57+00:00\",\"description\":\"Pattern Energy s'engage \u00e0 fournir et reconna\u00eet le besoin de protection des donn\u00e9es et de la vie priv\u00e9e sur Internet.\",\"breadcrumb\":{\"@id\":\"https:\\\/\\\/patternenergy.com\\\/fr\\\/politique-de-confidentialite\\\/#breadcrumb\"},\"inLanguage\":\"fr-FR\",\"potentialAction\":[{\"@type\":\"ReadAction\",\"target\":[\"https:\\\/\\\/patternenergy.com\\\/fr\\\/politique-de-confidentialite\\\/\"]}]},{\"@type\":\"BreadcrumbList\",\"@id\":\"https:\\\/\\\/patternenergy.com\\\/fr\\\/politique-de-confidentialite\\\/#breadcrumb\",\"itemListElement\":[{\"@type\":\"ListItem\",\"position\":1,\"name\":\"Home\",\"item\":\"https:\\\/\\\/patternenergy.com\\\/fr\\\/\"},{\"@type\":\"ListItem\",\"position\":2,\"name\":\"Politique de confidentialit\u00e9\"}]},{\"@type\":\"WebSite\",\"@id\":\"https:\\\/\\\/patternenergy.com\\\/fr\\\/#website\",\"url\":\"https:\\\/\\\/patternenergy.com\\\/fr\\\/\",\"name\":\"Pattern Energy\",\"description\":\"Nous d\u00e9veloppons, construisons, poss\u00e9dons et exploitons des projets \u00e9oliens, solaires, de transport et de stockage d'\u00e9nergie de haute qualit\u00e9 dans le monde entier.\",\"publisher\":{\"@id\":\"https:\\\/\\\/patternenergy.com\\\/fr\\\/#organization\"},\"potentialAction\":[{\"@type\":\"SearchAction\",\"target\":{\"@type\":\"EntryPoint\",\"urlTemplate\":\"https:\\\/\\\/patternenergy.com\\\/fr\\\/?s={search_term_string}\"},\"query-input\":{\"@type\":\"PropertyValueSpecification\",\"valueRequired\":true,\"valueName\":\"search_term_string\"}}],\"inLanguage\":\"fr-FR\"},{\"@type\":\"Organization\",\"@id\":\"https:\\\/\\\/patternenergy.com\\\/fr\\\/#organization\",\"name\":\"Pattern Energy\",\"url\":\"https:\\\/\\\/patternenergy.com\\\/fr\\\/\",\"logo\":{\"@type\":\"ImageObject\",\"inLanguage\":\"fr-FR\",\"@id\":\"https:\\\/\\\/patternenergy.com\\\/fr\\\/#\\\/schema\\\/logo\\\/image\\\/\",\"url\":\"https:\\\/\\\/patternenergy.com\\\/wp-content\\\/uploads\\\/2022\\\/01\\\/Pattern-Energy-Media-thumbnail-logo.jpg\",\"contentUrl\":\"https:\\\/\\\/patternenergy.com\\\/wp-content\\\/uploads\\\/2022\\\/01\\\/Pattern-Energy-Media-thumbnail-logo.jpg\",\"width\":1200,\"height\":627,\"caption\":\"Pattern Energy\"},\"image\":{\"@id\":\"https:\\\/\\\/patternenergy.com\\\/fr\\\/#\\\/schema\\\/logo\\\/image\\\/\"},\"sameAs\":[\"https:\\\/\\\/www.facebook.com\\\/PatternEnergy\\\/\",\"https:\\\/\\\/instagram.com\\\/patternenergy?utm_medium=copy_link\",\"https:\\\/\\\/www.linkedin.com\\\/company\\\/pattern-energy\",\"https:\\\/\\\/www.youtube.com\\\/user\\\/PatternEnergy?app=desktop\",\"https:\\\/\\\/web.cauze.com\\\/company\\\/293\"]}]}<\/script>\n<!-- \/ Yoast SEO plugin. -->","yoast_head_json":{"title":"Pattern Energy : : Politique de confidentialit\u00e9","description":"Pattern Energy s'engage \u00e0 fournir et reconna\u00eet le besoin de protection des donn\u00e9es et de la vie priv\u00e9e sur Internet.","robots":{"index":"index","follow":"follow","max-snippet":"max-snippet:-1","max-image-preview":"max-image-preview:large","max-video-preview":"max-video-preview:-1"},"canonical":"https:\/\/patternenergy.com\/fr\/politique-de-confidentialite\/","og_locale":"fr_FR","og_type":"article","og_title":"Pattern Energy : : Politique de confidentialit\u00e9","og_description":"Pattern Energy s'engage \u00e0 fournir et reconna\u00eet le besoin de protection des donn\u00e9es et de la vie priv\u00e9e sur Internet.","og_url":"https:\/\/patternenergy.com\/fr\/politique-de-confidentialite\/","og_site_name":"Pattern Energy","article_publisher":"https:\/\/www.facebook.com\/PatternEnergy\/","article_modified_time":"2024-11-08T12:49:57+00:00","og_image":[{"url":"https:\/\/patternenergy.com\/wp-content\/uploads\/2022\/02\/PE_Home_Facebook-1.jpg","type":"","width":"","height":""}],"twitter_card":"summary_large_image","twitter_title":"Pattern Energy : : Politique de confidentialit\u00e9","twitter_description":"Pattern Energy s'engage \u00e0 fournir et reconna\u00eet le besoin de protection des donn\u00e9es et de la vie priv\u00e9e sur Internet.","twitter_image":"https:\/\/patternenergy.com\/wp-content\/uploads\/2022\/02\/PE_Home_Twitter-2.jpg","twitter_misc":{"Dur\u00e9e de lecture estim\u00e9e":"2 minutes"},"schema":{"@context":"https:\/\/schema.org","@graph":[{"@type":"WebPage","@id":"https:\/\/patternenergy.com\/fr\/politique-de-confidentialite\/","url":"https:\/\/patternenergy.com\/fr\/politique-de-confidentialite\/","name":"Pattern Energy : : Politique de confidentialit\u00e9","isPartOf":{"@id":"https:\/\/patternenergy.com\/fr\/#website"},"datePublished":"2021-11-19T13:30:13+00:00","dateModified":"2024-11-08T12:49:57+00:00","description":"Pattern Energy s'engage \u00e0 fournir et reconna\u00eet le besoin de protection des donn\u00e9es et de la vie priv\u00e9e sur Internet.","breadcrumb":{"@id":"https:\/\/patternenergy.com\/fr\/politique-de-confidentialite\/#breadcrumb"},"inLanguage":"fr-FR","potentialAction":[{"@type":"ReadAction","target":["https:\/\/patternenergy.com\/fr\/politique-de-confidentialite\/"]}]},{"@type":"BreadcrumbList","@id":"https:\/\/patternenergy.com\/fr\/politique-de-confidentialite\/#breadcrumb","itemListElement":[{"@type":"ListItem","position":1,"name":"Home","item":"https:\/\/patternenergy.com\/fr\/"},{"@type":"ListItem","position":2,"name":"Politique de confidentialit\u00e9"}]},{"@type":"WebSite","@id":"https:\/\/patternenergy.com\/fr\/#website","url":"https:\/\/patternenergy.com\/fr\/","name":"Pattern Energy","description":"Nous d\u00e9veloppons, construisons, poss\u00e9dons et exploitons des projets \u00e9oliens, solaires, de transport et de stockage d'\u00e9nergie de haute qualit\u00e9 dans le monde entier.","publisher":{"@id":"https:\/\/patternenergy.com\/fr\/#organization"},"potentialAction":[{"@type":"SearchAction","target":{"@type":"EntryPoint","urlTemplate":"https:\/\/patternenergy.com\/fr\/?s={search_term_string}"},"query-input":{"@type":"PropertyValueSpecification","valueRequired":true,"valueName":"search_term_string"}}],"inLanguage":"fr-FR"},{"@type":"Organization","@id":"https:\/\/patternenergy.com\/fr\/#organization","name":"Pattern Energy","url":"https:\/\/patternenergy.com\/fr\/","logo":{"@type":"ImageObject","inLanguage":"fr-FR","@id":"https:\/\/patternenergy.com\/fr\/#\/schema\/logo\/image\/","url":"https:\/\/patternenergy.com\/wp-content\/uploads\/2022\/01\/Pattern-Energy-Media-thumbnail-logo.jpg","contentUrl":"https:\/\/patternenergy.com\/wp-content\/uploads\/2022\/01\/Pattern-Energy-Media-thumbnail-logo.jpg","width":1200,"height":627,"caption":"Pattern Energy"},"image":{"@id":"https:\/\/patternenergy.com\/fr\/#\/schema\/logo\/image\/"},"sameAs":["https:\/\/www.facebook.com\/PatternEnergy\/","https:\/\/instagram.com\/patternenergy?utm_medium=copy_link","https:\/\/www.linkedin.com\/company\/pattern-energy","https:\/\/www.youtube.com\/user\/PatternEnergy?app=desktop","https:\/\/web.cauze.com\/company\/293"]}]}},"_links":{"self":[{"href":"https:\/\/patternenergy.com\/fr\/wp-json\/wp\/v2\/pages\/17242","targetHints":{"allow":["GET"]}}],"collection":[{"href":"https:\/\/patternenergy.com\/fr\/wp-json\/wp\/v2\/pages"}],"about":[{"href":"https:\/\/patternenergy.com\/fr\/wp-json\/wp\/v2\/types\/page"}],"author":[{"embeddable":true,"href":"https:\/\/patternenergy.com\/fr\/wp-json\/wp\/v2\/users\/1"}],"replies":[{"embeddable":true,"href":"https:\/\/patternenergy.com\/fr\/wp-json\/wp\/v2\/comments?post=17242"}],"version-history":[{"count":0,"href":"https:\/\/patternenergy.com\/fr\/wp-json\/wp\/v2\/pages\/17242\/revisions"}],"wp:attachment":[{"href":"https:\/\/patternenergy.com\/fr\/wp-json\/wp\/v2\/media?parent=17242"}],"curies":[{"name":"wp","href":"https:\/\/api.w.org\/{rel}","templated":true}]}}