{"id":17234,"date":"2021-11-19T08:30:01","date_gmt":"2021-11-19T13:30:01","guid":{"rendered":"https:\/\/patternenergy.com\/conditions-generales-dutilisation\/"},"modified":"2026-01-21T20:19:03","modified_gmt":"2026-01-22T01:19:03","slug":"conditions-generales-dutilisation","status":"publish","type":"page","link":"https:\/\/patternenergy.com\/fr\/conditions-generales-dutilisation\/","title":{"rendered":"Conditions g\u00e9n\u00e9rales d&rsquo;utilisation"},"content":{"rendered":"\n<section class=\"textual-content static smaller-text type-narrow\" >\n\t\n\t<div class=\"holder block-entry animated\">\n\t\t\n\t\t\t\t<div class=\"circles\">\n\t\t\t<span class=\"bigger parallax\" data-scale=\"0.00015\"><\/span>\n\t\t<\/div>\n\t\t\t\t\t\t\n\t\t<div class=\"acf-innerblocks-container\">\n\n<h1 class=\"wp-block-heading\">Modalit\u00e9s &amp;<br>Conditions<\/h1>\n\n\n\n<p>Bienvenue sur le site web de Pattern Energy (le \u00ab\u00a0site\u00a0\u00bb). En acc\u00e9dant \u00e0 ce site, vous acceptez d&rsquo;\u00eatre li\u00e9 par les conditions d&rsquo;utilisation suivantes et vous les comprenez.<\/p>\n\n\n\n<p>Toute r\u00e9f\u00e9rence \u00e0 \u00ab\u00a0Pattern Energy\u00a0\u00bb, \u00ab\u00a0nous\u00a0\u00bb, \u00ab\u00a0notre\u00a0\u00bb ou \u00ab\u00a0nos\u00a0\u00bb ci-dessous d\u00e9signe Pattern Energy Group LP. et ses affili\u00e9s. Le site et les donn\u00e9es, informations, produits, mat\u00e9riels, services et autres contenus disponibles sur ou via ce site (collectivement, le \u00ab\u00a0contenu\u00a0\u00bb) sont la propri\u00e9t\u00e9 de Pattern Energy, de ses vendeurs et prestataires de services, de toute personne sp\u00e9cifiquement autoris\u00e9e par ces parties et d&rsquo;autres tiers ; ils sont prot\u00e9g\u00e9s par des droits d&rsquo;auteur, des secrets commerciaux et d&rsquo;autres droits de propri\u00e9t\u00e9 connexes, y compris les lois am\u00e9ricaines sur les droits d&rsquo;auteur et les marques commerciales ; ils sont confidentiels dans la mesure o\u00f9 ils sont prot\u00e9g\u00e9s par un mot de passe. Vous acceptez de ne pas copier \u00e0 des fins non personnelles, publier, divulguer ou distribuer de toute autre mani\u00e8re \u00e0 des tiers tout contenu, sans avoir re\u00e7u au pr\u00e9alable l&rsquo;autorisation \u00e9crite de Pattern Energy.<\/p>\n\n\n\n<h5 class=\"wp-block-heading\">Utilisation du site<\/h5>\n\n\n\n<p>Le Contenu d\u00e9crit sur ce Site n&rsquo;est pas destin\u00e9 \u00e0 \u00eatre distribu\u00e9 \u00e0, ou utilis\u00e9 par, et n&rsquo;est en particulier pas dirig\u00e9 vers, toute personne ou entit\u00e9 dans toute juridiction ou pays o\u00f9 (en raison de la nationalit\u00e9, de la r\u00e9sidence ou autrement) une telle distribution ou utilisation de cette personne serait interdite ou contraire \u00e0 toute loi ou r\u00e9glementation ou nous obligerait \u00e0 nous conformer \u00e0 toute loi suppl\u00e9mentaire, la r\u00e9glementation, l&rsquo;enregistrement ou une exigence similaire dans cette juridiction ou ce pays. Le contenu du site est destin\u00e9 \u00e0 des fins d&rsquo;information uniquement. Bien que Pattern Energy d\u00e9ploie des efforts raisonnables pour obtenir des informations aupr\u00e8s de sources fiables, Pattern Energy ne fait aucune d\u00e9claration et ne donne aucune garantie quant \u00e0 l&rsquo;exactitude, la fiabilit\u00e9 ou l&rsquo;exhaustivit\u00e9 de toute information ou document inclus sur ce site. Tout le contenu du site, y compris les conditions d&rsquo;utilisation et la politique de confidentialit\u00e9, est susceptible d&rsquo;\u00eatre modifi\u00e9 sans pr\u00e9avis.<\/p>\n\n\n\n<h5 class=\"wp-block-heading\">Absence de garantie ; limitation de la responsabilit\u00e9<\/h5>\n\n\n\n<p>Le Site et tout le Contenu sont fournis \u00ab tels quels \u00bb et \u00ab tels que disponibles \u00bb. Nous ne faisons aucune d\u00e9claration et garantie, expresse ou implicite, de quelque nature que ce soit, et d\u00e9clinons par la pr\u00e9sente toutes les d\u00e9clarations et garanties, dans toute la mesure permise par la loi applicable, y compris l&rsquo;exactitude, l&rsquo;actualit\u00e9, la validit\u00e9 ou l&rsquo;exhaustivit\u00e9 des informations disponibles via le Site et toute garantie d&rsquo;ad\u00e9quation \u00e0 un usage particulier, de qualit\u00e9 marchande ou d&rsquo;absence de contrefa\u00e7on. Pattern Energy ne peut en aucun cas \u00eatre tenu responsable des dommages sp\u00e9ciaux ou cons\u00e9cutifs r\u00e9sultant de l&rsquo;acc\u00e8s ou de l&rsquo;utilisation, ou de l&rsquo;incapacit\u00e9 d&rsquo;acc\u00e9der ou d&rsquo;utiliser, les mat\u00e9riaux sur ce Site, m\u00eame si Pattern Energy a \u00e9t\u00e9 inform\u00e9 de la possibilit\u00e9 de tels dommages et quelle que soit la forme d&rsquo;action, que ce soit dans le cadre d&rsquo;un contrat, garantie, responsabilit\u00e9 d\u00e9lictuelle (y compris la n\u00e9gligence), responsabilit\u00e9 stricte ou autre.<\/p>\n\n\n\n<h5 class=\"wp-block-heading\">Droit applicable<\/h5>\n\n\n\n<p>Les pr\u00e9sentes conditions d&rsquo;utilisation ont \u00e9t\u00e9 \u00e9tablies et seront interpr\u00e9t\u00e9es et appliqu\u00e9es conform\u00e9ment aux lois f\u00e9d\u00e9rales des \u00c9tats-Unis d&rsquo;Am\u00e9rique et aux lois internes de l&rsquo;\u00c9tat de Californie. En acceptant les pr\u00e9sentes conditions d&rsquo;utilisation, vous acceptez la comp\u00e9tence exclusive des tribunaux situ\u00e9s dans la ville et le comt\u00e9 de San Francisco, dans l&rsquo;\u00c9tat de Californie. Vous renoncez \u00e0 toute d\u00e9fense relative \u00e0 l&rsquo;absence de juridiction, de lieu ou de forum non conveniens.<\/p>\n\n\n\n<h5 class=\"wp-block-heading\">Divers<\/h5>\n\n\n\n<p>Si une partie des pr\u00e9sentes Conditions d&rsquo;utilisation est jug\u00e9e invalide ou inapplicable conform\u00e9ment \u00e0 la loi applicable, y compris, mais sans s&rsquo;y limiter, les exclusions de garantie et les limitations de responsabilit\u00e9 \u00e9nonc\u00e9es ci-dessus, cette invalidit\u00e9 ou inapplicabilit\u00e9 n&rsquo;affectera pas l&rsquo;applicabilit\u00e9 ou la validit\u00e9 de toute autre partie des pr\u00e9sentes Conditions d&rsquo;utilisation, qui restera en vigueur et de plein effet et sera interpr\u00e9t\u00e9e comme si la partie invalide ou inapplicable n&rsquo;en faisait pas partie des pr\u00e9sentes Conditions d&rsquo;utilisation et, si possible, la disposition alors invalide ou inapplicable seront r\u00e9put\u00e9es remplac\u00e9es et remplac\u00e9es par une disposition valide et ex\u00e9cutoire qui correspond le plus clairement \u00e0 l&rsquo;intention de la disposition originale. Tous les droits qui ne sont pas express\u00e9ment accord\u00e9s dans les pr\u00e9sentes sont r\u00e9serv\u00e9s.<\/p>\n\n\n\n<h5 class=\"wp-block-heading\">En vigueur \u00e0 partir du 26 septembre 2017<\/h5>\n\n<\/div>\t\t\n\t<\/div>\n<\/section><!-- Textual Content -->","protected":false},"excerpt":{"rendered":"","protected":false},"author":1,"featured_media":0,"parent":0,"menu_order":53,"comment_status":"closed","ping_status":"closed","template":"","meta":{"_acf_changed":false,"footnotes":""},"class_list":["post-17234","page","type-page","status-publish","hentry"],"acf":[],"yoast_head":"<!-- This site is optimized with the Yoast SEO plugin v27.3 - https:\/\/yoast.com\/product\/yoast-seo-wordpress\/ -->\n<title>Pattern Energy : : Conditions g\u00e9n\u00e9rales d&#039;utilisation<\/title>\n<meta name=\"description\" content=\"En acc\u00e9dant \u00e0 ce site, vous acceptez d&#039;\u00eatre li\u00e9 par les conditions d&#039;utilisation suivantes et vous les comprenez.\" \/>\n<meta name=\"robots\" content=\"index, follow, max-snippet:-1, max-image-preview:large, max-video-preview:-1\" \/>\n<link rel=\"canonical\" href=\"https:\/\/patternenergy.com\/fr\/conditions-generales-dutilisation\/\" \/>\n<meta property=\"og:locale\" content=\"fr_FR\" \/>\n<meta property=\"og:type\" content=\"article\" \/>\n<meta property=\"og:title\" content=\"Conditions g\u00e9n\u00e9rales d&#039;utilisation - %.\" \/>\n<meta property=\"og:description\" content=\"En acc\u00e9dant \u00e0 ce site, vous acceptez d&#039;\u00eatre li\u00e9 par les conditions d&#039;utilisation suivantes et vous les comprenez.\" \/>\n<meta property=\"og:url\" content=\"https:\/\/patternenergy.com\/fr\/conditions-generales-dutilisation\/\" \/>\n<meta property=\"og:site_name\" content=\"Pattern Energy\" \/>\n<meta property=\"article:publisher\" content=\"https:\/\/www.facebook.com\/PatternEnergy\/\" \/>\n<meta property=\"article:modified_time\" content=\"2026-01-22T01:19:03+00:00\" \/>\n<meta property=\"og:image\" content=\"https:\/\/patternenergy.com\/wp-content\/uploads\/2022\/01\/Pattern-Energy-Media-thumbnail-logo-1024x535.jpg\" \/>\n<meta name=\"twitter:card\" content=\"summary_large_image\" \/>\n<meta name=\"twitter:title\" content=\"Conditions g\u00e9n\u00e9rales d&#039;utilisation - %.\" \/>\n<meta name=\"twitter:description\" content=\"En acc\u00e9dant \u00e0 ce site, vous acceptez d&#039;\u00eatre li\u00e9 par les conditions d&#039;utilisation suivantes et vous les comprenez.\" \/>\n<meta name=\"twitter:image\" content=\"https:\/\/patternenergy.com\/wp-content\/uploads\/2022\/01\/Pattern-Energy-Media-thumbnail-logo-1024x535.jpg\" \/>\n<meta name=\"twitter:label1\" content=\"Dur\u00e9e de lecture estim\u00e9e\" \/>\n\t<meta name=\"twitter:data1\" content=\"4 minutes\" \/>\n<script type=\"application\/ld+json\" class=\"yoast-schema-graph\">{\"@context\":\"https:\\\/\\\/schema.org\",\"@graph\":[{\"@type\":\"WebPage\",\"@id\":\"https:\\\/\\\/patternenergy.com\\\/fr\\\/conditions-generales-dutilisation\\\/\",\"url\":\"https:\\\/\\\/patternenergy.com\\\/fr\\\/conditions-generales-dutilisation\\\/\",\"name\":\"Pattern Energy : : Conditions g\u00e9n\u00e9rales d'utilisation\",\"isPartOf\":{\"@id\":\"https:\\\/\\\/patternenergy.com\\\/fr\\\/#website\"},\"datePublished\":\"2021-11-19T13:30:01+00:00\",\"dateModified\":\"2026-01-22T01:19:03+00:00\",\"description\":\"En acc\u00e9dant \u00e0 ce site, vous acceptez d'\u00eatre li\u00e9 par les conditions d'utilisation suivantes et vous les comprenez.\",\"breadcrumb\":{\"@id\":\"https:\\\/\\\/patternenergy.com\\\/fr\\\/conditions-generales-dutilisation\\\/#breadcrumb\"},\"inLanguage\":\"fr-FR\",\"potentialAction\":[{\"@type\":\"ReadAction\",\"target\":[\"https:\\\/\\\/patternenergy.com\\\/fr\\\/conditions-generales-dutilisation\\\/\"]}]},{\"@type\":\"BreadcrumbList\",\"@id\":\"https:\\\/\\\/patternenergy.com\\\/fr\\\/conditions-generales-dutilisation\\\/#breadcrumb\",\"itemListElement\":[{\"@type\":\"ListItem\",\"position\":1,\"name\":\"Home\",\"item\":\"https:\\\/\\\/patternenergy.com\\\/fr\\\/\"},{\"@type\":\"ListItem\",\"position\":2,\"name\":\"Conditions g\u00e9n\u00e9rales d&#8217;utilisation\"}]},{\"@type\":\"WebSite\",\"@id\":\"https:\\\/\\\/patternenergy.com\\\/fr\\\/#website\",\"url\":\"https:\\\/\\\/patternenergy.com\\\/fr\\\/\",\"name\":\"Pattern Energy\",\"description\":\"Nous d\u00e9veloppons, construisons, poss\u00e9dons et exploitons des projets \u00e9oliens, solaires, de transport et de stockage d'\u00e9nergie de haute qualit\u00e9 dans le monde entier.\",\"publisher\":{\"@id\":\"https:\\\/\\\/patternenergy.com\\\/fr\\\/#organization\"},\"potentialAction\":[{\"@type\":\"SearchAction\",\"target\":{\"@type\":\"EntryPoint\",\"urlTemplate\":\"https:\\\/\\\/patternenergy.com\\\/fr\\\/?s={search_term_string}\"},\"query-input\":{\"@type\":\"PropertyValueSpecification\",\"valueRequired\":true,\"valueName\":\"search_term_string\"}}],\"inLanguage\":\"fr-FR\"},{\"@type\":\"Organization\",\"@id\":\"https:\\\/\\\/patternenergy.com\\\/fr\\\/#organization\",\"name\":\"Pattern Energy\",\"url\":\"https:\\\/\\\/patternenergy.com\\\/fr\\\/\",\"logo\":{\"@type\":\"ImageObject\",\"inLanguage\":\"fr-FR\",\"@id\":\"https:\\\/\\\/patternenergy.com\\\/fr\\\/#\\\/schema\\\/logo\\\/image\\\/\",\"url\":\"https:\\\/\\\/patternenergy.com\\\/wp-content\\\/uploads\\\/2022\\\/01\\\/Pattern-Energy-Media-thumbnail-logo.jpg\",\"contentUrl\":\"https:\\\/\\\/patternenergy.com\\\/wp-content\\\/uploads\\\/2022\\\/01\\\/Pattern-Energy-Media-thumbnail-logo.jpg\",\"width\":1200,\"height\":627,\"caption\":\"Pattern Energy\"},\"image\":{\"@id\":\"https:\\\/\\\/patternenergy.com\\\/fr\\\/#\\\/schema\\\/logo\\\/image\\\/\"},\"sameAs\":[\"https:\\\/\\\/www.facebook.com\\\/PatternEnergy\\\/\",\"https:\\\/\\\/instagram.com\\\/patternenergy?utm_medium=copy_link\",\"https:\\\/\\\/www.linkedin.com\\\/company\\\/pattern-energy\",\"https:\\\/\\\/www.youtube.com\\\/user\\\/PatternEnergy?app=desktop\",\"https:\\\/\\\/web.cauze.com\\\/company\\\/293\"]}]}<\/script>\n<!-- \/ Yoast SEO plugin. -->","yoast_head_json":{"title":"Pattern Energy : : Conditions g\u00e9n\u00e9rales d'utilisation","description":"En acc\u00e9dant \u00e0 ce site, vous acceptez d'\u00eatre li\u00e9 par les conditions d'utilisation suivantes et vous les comprenez.","robots":{"index":"index","follow":"follow","max-snippet":"max-snippet:-1","max-image-preview":"max-image-preview:large","max-video-preview":"max-video-preview:-1"},"canonical":"https:\/\/patternenergy.com\/fr\/conditions-generales-dutilisation\/","og_locale":"fr_FR","og_type":"article","og_title":"Conditions g\u00e9n\u00e9rales d'utilisation - %.","og_description":"En acc\u00e9dant \u00e0 ce site, vous acceptez d'\u00eatre li\u00e9 par les conditions d'utilisation suivantes et vous les comprenez.","og_url":"https:\/\/patternenergy.com\/fr\/conditions-generales-dutilisation\/","og_site_name":"Pattern Energy","article_publisher":"https:\/\/www.facebook.com\/PatternEnergy\/","article_modified_time":"2026-01-22T01:19:03+00:00","og_image":[{"url":"https:\/\/patternenergy.com\/wp-content\/uploads\/2022\/01\/Pattern-Energy-Media-thumbnail-logo-1024x535.jpg","type":"","width":"","height":""}],"twitter_card":"summary_large_image","twitter_title":"Conditions g\u00e9n\u00e9rales d'utilisation - %.","twitter_description":"En acc\u00e9dant \u00e0 ce site, vous acceptez d'\u00eatre li\u00e9 par les conditions d'utilisation suivantes et vous les comprenez.","twitter_image":"https:\/\/patternenergy.com\/wp-content\/uploads\/2022\/01\/Pattern-Energy-Media-thumbnail-logo-1024x535.jpg","twitter_misc":{"Dur\u00e9e de lecture estim\u00e9e":"4 minutes"},"schema":{"@context":"https:\/\/schema.org","@graph":[{"@type":"WebPage","@id":"https:\/\/patternenergy.com\/fr\/conditions-generales-dutilisation\/","url":"https:\/\/patternenergy.com\/fr\/conditions-generales-dutilisation\/","name":"Pattern Energy : : Conditions g\u00e9n\u00e9rales d'utilisation","isPartOf":{"@id":"https:\/\/patternenergy.com\/fr\/#website"},"datePublished":"2021-11-19T13:30:01+00:00","dateModified":"2026-01-22T01:19:03+00:00","description":"En acc\u00e9dant \u00e0 ce site, vous acceptez d'\u00eatre li\u00e9 par les conditions d'utilisation suivantes et vous les comprenez.","breadcrumb":{"@id":"https:\/\/patternenergy.com\/fr\/conditions-generales-dutilisation\/#breadcrumb"},"inLanguage":"fr-FR","potentialAction":[{"@type":"ReadAction","target":["https:\/\/patternenergy.com\/fr\/conditions-generales-dutilisation\/"]}]},{"@type":"BreadcrumbList","@id":"https:\/\/patternenergy.com\/fr\/conditions-generales-dutilisation\/#breadcrumb","itemListElement":[{"@type":"ListItem","position":1,"name":"Home","item":"https:\/\/patternenergy.com\/fr\/"},{"@type":"ListItem","position":2,"name":"Conditions g\u00e9n\u00e9rales d&#8217;utilisation"}]},{"@type":"WebSite","@id":"https:\/\/patternenergy.com\/fr\/#website","url":"https:\/\/patternenergy.com\/fr\/","name":"Pattern Energy","description":"Nous d\u00e9veloppons, construisons, poss\u00e9dons et exploitons des projets \u00e9oliens, solaires, de transport et de stockage d'\u00e9nergie de haute qualit\u00e9 dans le monde entier.","publisher":{"@id":"https:\/\/patternenergy.com\/fr\/#organization"},"potentialAction":[{"@type":"SearchAction","target":{"@type":"EntryPoint","urlTemplate":"https:\/\/patternenergy.com\/fr\/?s={search_term_string}"},"query-input":{"@type":"PropertyValueSpecification","valueRequired":true,"valueName":"search_term_string"}}],"inLanguage":"fr-FR"},{"@type":"Organization","@id":"https:\/\/patternenergy.com\/fr\/#organization","name":"Pattern Energy","url":"https:\/\/patternenergy.com\/fr\/","logo":{"@type":"ImageObject","inLanguage":"fr-FR","@id":"https:\/\/patternenergy.com\/fr\/#\/schema\/logo\/image\/","url":"https:\/\/patternenergy.com\/wp-content\/uploads\/2022\/01\/Pattern-Energy-Media-thumbnail-logo.jpg","contentUrl":"https:\/\/patternenergy.com\/wp-content\/uploads\/2022\/01\/Pattern-Energy-Media-thumbnail-logo.jpg","width":1200,"height":627,"caption":"Pattern Energy"},"image":{"@id":"https:\/\/patternenergy.com\/fr\/#\/schema\/logo\/image\/"},"sameAs":["https:\/\/www.facebook.com\/PatternEnergy\/","https:\/\/instagram.com\/patternenergy?utm_medium=copy_link","https:\/\/www.linkedin.com\/company\/pattern-energy","https:\/\/www.youtube.com\/user\/PatternEnergy?app=desktop","https:\/\/web.cauze.com\/company\/293"]}]}},"_links":{"self":[{"href":"https:\/\/patternenergy.com\/fr\/wp-json\/wp\/v2\/pages\/17234","targetHints":{"allow":["GET"]}}],"collection":[{"href":"https:\/\/patternenergy.com\/fr\/wp-json\/wp\/v2\/pages"}],"about":[{"href":"https:\/\/patternenergy.com\/fr\/wp-json\/wp\/v2\/types\/page"}],"author":[{"embeddable":true,"href":"https:\/\/patternenergy.com\/fr\/wp-json\/wp\/v2\/users\/1"}],"replies":[{"embeddable":true,"href":"https:\/\/patternenergy.com\/fr\/wp-json\/wp\/v2\/comments?post=17234"}],"version-history":[{"count":0,"href":"https:\/\/patternenergy.com\/fr\/wp-json\/wp\/v2\/pages\/17234\/revisions"}],"wp:attachment":[{"href":"https:\/\/patternenergy.com\/fr\/wp-json\/wp\/v2\/media?parent=17234"}],"curies":[{"name":"wp","href":"https:\/\/api.w.org\/{rel}","templated":true}]}}