{"id":17022,"date":"2021-10-28T15:21:06","date_gmt":"2021-10-28T20:21:06","guid":{"rendered":"https:\/\/patternenergy.com\/carrieres\/"},"modified":"2026-01-21T21:00:07","modified_gmt":"2026-01-22T02:00:07","slug":"carrieres","status":"publish","type":"page","link":"https:\/\/patternenergy.com\/fr\/carrieres\/","title":{"rendered":"Carri\u00e8res"},"content":{"rendered":"\n\n<section class=\"hero alt\" style=\"background-image: url(https:\/\/patternenergy.com\/wp-content\/uploads\/2022\/03\/careers.jpg);\">\n\t<div class=\"holder\">\n\t\t<article>\n\t\t\t<div class=\"acf-innerblocks-container\">\n\n<h1 class=\"wp-block-heading\">Rejoignez notre \u00e9quipe <br\/><\/h1>\n\n\n\n<div class=\"wp-block-buttons is-layout-flex wp-block-buttons-is-layout-flex\">\n<div class=\"wp-block-button boxed white has-arrow\"><a class=\"wp-block-button__link has-white-color has-text-color wp-element-button\" href=\"https:\/\/careers-patternenergy.icims.com\/jobs\/intro?hashed=-435626368&amp;mobile=false&amp;width=610&amp;height=500&amp;bga=true&amp;needsRedirect=false&amp;jan1offset=-480&amp;jun1offset=-420\" target=\"_blank\" rel=\"noreferrer noopener\">Travaillons ensemble<\/a><\/div>\n<\/div>\n\n\n\n<div class=\"wp-block-buttons is-layout-flex wp-block-buttons-is-layout-flex\">\n<div class=\"wp-block-button\"><a class=\"wp-block-button__link has-white-color has-text-color wp-element-button\" href=\"https:\/\/app.ripplematch.com\/company\/pattern-energy\/?tl=a4df9ef8\" target=\"_blank\" rel=\"noreferrer noopener\">Stage chez Pattern Energy<\/a><\/div>\n<\/div>\n\n\n\n<div class=\"wp-block-buttons is-layout-flex wp-block-buttons-is-layout-flex\"><\/div>\n\n<\/div>\t\t\t\t\t\t\t\t<\/article>\n\t\t<span class=\"scroll-indicator\"><em>D\u00e9filement vers le bas<\/em><\/span>\n\t<\/div>\n<\/section>\n\n\n<section class=\"textual-content no-decoration type-narrow\" >\n\t\n\t<div class=\"holder block-entry animated\">\n\t\t\n\t\t\t\t<div class=\"circles\">\n\t\t\t<span class=\"bigger parallax\" data-scale=\"0.00015\"><\/span>\n\t\t<\/div>\n\t\t\t\t\t\t\n\t\t<div class=\"acf-innerblocks-container\">\n\n<h3 class=\"wp-block-heading\">Chez Pattern Energy, nous croyons en la cr\u00e9ation d&rsquo;un environnement de travail positif et sain qui favorise le d\u00e9veloppement personnel et professionnel.<\/h3>\n\n<\/div>\t\t\n\t<\/div>\n<\/section><!-- Textual Content -->\n<section class=\"two-columns type-default  \" >\n\t\t<div class=\"holder\">\n\t\t\n\t\t<div class=\"img-wrapper animated\">\n\t\t\t\t\t\t<div class=\"circles\">\n\t\t\t\t<span class=\"smaller parallax\" data-scale=\"0.00025\"><\/span>\n\t\t\t\t<span class=\"bigger parallax\" data-scale=\"0.00015\"><\/span>\n\t\t\t<\/div>\t\t\t\t\t\t\n\t\t\t<div class=\"img-holder\">\n\t\t\t\t<div class=\"img parallax\" data-speed=\"-0.1\">\n\t\t\t\t\t<span style=\"background-image: url(https:\/\/patternenergy.com\/wp-content\/uploads\/2022\/01\/careers-team.jpg)\"><\/span>\n\t\t\t\t<\/div>\n\t\t\t<\/div>\n\t\t\t\n\t\t<\/div>\n\t\t\n\t\t\t\t<article class=\"parallax block-entry\" data-speed=\"0.025\">\n\t\t<div class=\"acf-innerblocks-container\">\n\n<p>La diversit\u00e9 au sein de nos \u00e9quipes et de nos dirigeants, ainsi qu&rsquo;un environnement dans lequel les employ\u00e9s issus de groupes sous-repr\u00e9sent\u00e9s sont encourag\u00e9s et responsabilis\u00e9s, se traduisent par une main-d&rsquo;\u0153uvre plus engag\u00e9e et de meilleurs r\u00e9sultats pour l&rsquo;ensemble de nos parties prenantes.<\/p>\n\n\n\n<p>En savoir plus sur notre engagement en faveur de la diversit\u00e9, de l&rsquo;\u00e9quit\u00e9, de l&rsquo;inclusion et du soutien \u00e0 une culture de travail o\u00f9 chacun se sent \u00e0 sa place.<\/p>\n\n\n\n<p class=\"link-arrow\"><a href=\"https:\/\/patternenergy.com\/fr\/durabilite\/\" target=\"_blank\" rel=\"noreferrer noopener\">notre engagement<\/a><\/p>\n\n<\/div>\t\t<\/article>\n\t\t\t\t\n\t<\/div>\n\t\n\t\t\n<\/section><!-- Two Columns -->\n\n<section class=\"toggler-outer\" >\n    \n        \n\t<div class=\"holder\">\n\t\t\n\t\t\t\t<h3>R\u00e9seaux d&rsquo;affinit\u00e9s<\/h3>\n\t\t\n\t\t\t\t\t\t<dl class=\"toggle-list type-withimage\">\n\t\t\t\t\t<dt class=\"acc_title_bar\">\n\t\t\t\t\t\t\t\t<figure>\n\t\t\t\t\t<img decoding=\"async\" src=\"https:\/\/patternenergy.com\/wp-content\/uploads\/2024\/02\/Aspire-sticker-Green.png\" alt=\"Asian and Pacific Islanders in Renewable Energy\">\n\t\t\t\t<\/figure>\n\t\t\t\t\t\t\t\t<h5><a href=\"#\">Les insulaires d&rsquo;Asie et du Pacifique dans les \u00e9nergies renouvelables<\/a><\/h5>\n\t\t\t<\/dt>\n\t\t\t<dd class=\"block-entry acc_container\">\n\t\t\t\t<p>La mission d&rsquo;AsPIRE est de c\u00e9l\u00e9brer, de soutenir et de renforcer la communaut\u00e9 des Am\u00e9ricains d&rsquo;origine asiatique et des insulaires du Pacifique \u00e0 Pattern en offrant \u00e0 ses membres des possibilit\u00e9s d&rsquo;\u00e9ducation, de leadership et d&rsquo;engagement au sein de la communaut\u00e9. Notre vision est de cultiver un lieu de travail diversifi\u00e9, inclusif et \u00e9quitable qui c\u00e9l\u00e8bre et soutient la communaut\u00e9 AAPI de Pattern.<\/p>\n\t\t\t<\/dd>\n\t\t\t\t\t<dt class=\"acc_title_bar\">\n\t\t\t\t\t\t\t\t<figure>\n\t\t\t\t\t<img decoding=\"async\" src=\"https:\/\/patternenergy.com\/wp-content\/uploads\/2024\/02\/Wire-logo-color.png\" alt=\"Women in Renewable Energy\">\n\t\t\t\t<\/figure>\n\t\t\t\t\t\t\t\t<h5><a href=\"#\">Les femmes dans les \u00e9nergies renouvelables<\/a><\/h5>\n\t\t\t<\/dt>\n\t\t\t<dd class=\"block-entry acc_container\">\n\t\t\t\t<p>La mission de WIRE est de permettre aux femmes de Pattern d&rsquo;atteindre leur potentiel professionnel et personnel le plus \u00e9lev\u00e9 tout en assurant la transition du monde vers les \u00e9nergies renouvelables. Notre vision est de cr\u00e9er une communaut\u00e9 diversifi\u00e9e et inclusive qui soutient la croissance et le d\u00e9veloppement de ses membres en leur offrant des opportunit\u00e9s de leadership, de r\u00e9seautage, d&rsquo;\u00e9ducation et de mentorat.<\/p>\n\t\t\t<\/dd>\n\t\t\t\t\t<dt class=\"acc_title_bar\">\n\t\t\t\t\t\t\t\t<figure>\n\t\t\t\t\t<img decoding=\"async\" src=\"https:\/\/patternenergy.com\/wp-content\/uploads\/2024\/02\/Pride-Horizontal.png\" alt=\"Pattern PRIDE\">\n\t\t\t\t<\/figure>\n\t\t\t\t\t\t\t\t<h5><a href=\"#\">Mod\u00e8le PRIDE<\/a><\/h5>\n\t\t\t<\/dt>\n\t\t\t<dd class=\"block-entry acc_container\">\n\t\t\t\t<p>La mission de Pattern PRIDE est de servir de ressource \u00e0 tous les employ\u00e9s de Pattern, en mettant l&rsquo;accent sur les membres de la communaut\u00e9 LGBTQ+, par le biais d&rsquo;opportunit\u00e9s d&rsquo;\u00e9ducation, de mise en r\u00e9seau et de mentorat. Notre vision est de cr\u00e9er un espace inclusif o\u00f9 les employ\u00e9s membres de la communaut\u00e9 LGBTQ+ se sentent repr\u00e9sent\u00e9s et en s\u00e9curit\u00e9 sur leur lieu de travail.<\/p>\n\t\t\t<\/dd>\n\t\t\t\t\t<dt class=\"acc_title_bar\">\n\t\t\t\t\t\t\t\t<figure>\n\t\t\t\t\t<img decoding=\"async\" src=\"https:\/\/patternenergy.com\/wp-content\/uploads\/2024\/02\/BiRE-logo-horizontal.png\" alt=\"Blacks in Renewable Energy\">\n\t\t\t\t<\/figure>\n\t\t\t\t\t\t\t\t<h5><a href=\"#\">Les Noirs dans les \u00e9nergies renouvelables<\/a><\/h5>\n\t\t\t<\/dt>\n\t\t\t<dd class=\"block-entry acc_container\">\n\t\t\t\t<p>La vision du BiRE est d&rsquo;\u00eatre un canal pour Pattern afin de recruter des employ\u00e9s potentiels, de retenir les employ\u00e9s actuels et de d\u00e9velopper la prochaine g\u00e9n\u00e9ration de leaders dans le domaine de l&rsquo;\u00e9nergie renouvelable. Le BiRE facilite, influence et responsabilise ses membres dans la croissance et le d\u00e9veloppement des domaines suivants : Le recrutement et la sensibilisation de la communaut\u00e9, la r\u00e9tention, le d\u00e9veloppement professionnel et le r\u00e9seautage.<\/p>\n\t\t\t<\/dd>\n\t\t\t\t\t<dt class=\"acc_title_bar\">\n\t\t\t\t\t\t\t\t<figure>\n\t\t\t\t\t<img decoding=\"async\" src=\"https:\/\/patternenergy.com\/wp-content\/uploads\/2024\/02\/CARE_TAG_RGB_logo.png\" alt=\"Pattern Care Givers\">\n\t\t\t\t<\/figure>\n\t\t\t\t\t\t\t\t<h5><a href=\"#\">Patronage des aides-soignants<\/a><\/h5>\n\t\t\t<\/dt>\n\t\t\t<dd class=\"block-entry acc_container\">\n\t\t\t\t<p>La mission des Pattern Care Givers est de servir de ressource \u00e0 l&rsquo;ensemble de l&rsquo;organisation, en offrant aux employ\u00e9s une communaut\u00e9 s\u00fbre o\u00f9 ils peuvent interagir \u00e0 un niveau plus personnel. Notre vision est d&rsquo;influencer positivement l&rsquo;environnement professionnel, d&rsquo;assurer le d\u00e9veloppement professionnel de tous les soignants et de leurs alli\u00e9s, et d&rsquo;aider l&rsquo;organisation \u00e0 atteindre ses objectifs en mati\u00e8re de diversit\u00e9, d&rsquo;\u00e9quit\u00e9 et d&rsquo;inclusion.<\/p>\n\t\t\t<\/dd>\n\t\t\t\t\t<dt class=\"acc_title_bar\">\n\t\t\t\t\t\t\t\t<figure>\n\t\t\t\t\t<img decoding=\"async\" src=\"https:\/\/patternenergy.com\/wp-content\/uploads\/2024\/02\/REAL-logo.jpg\" alt=\"Renewable Energy and Latinx\">\n\t\t\t\t<\/figure>\n\t\t\t\t\t\t\t\t<h5><a href=\"#\">\u00c9nergies renouvelables et Latinx<\/a><\/h5>\n\t\t\t<\/dt>\n\t\t\t<dd class=\"block-entry acc_container\">\n\t\t\t\t<p>La mission du r\u00e9seau d&rsquo;affinit\u00e9 R\u00c9AL est de renforcer et de c\u00e9l\u00e9brer la communaut\u00e9 latino-am\u00e9ricaine \u00e0 Pattern en facilitant les opportunit\u00e9s d&rsquo;engagement communautaire et d&rsquo;\u00e9ducation culturelle pour nos membres. Notre vision est de faciliter un environnement inclusif dans lequel inspirer, responsabiliser et c\u00e9l\u00e9brer la communaut\u00e9 latino-am\u00e9ricaine \u00e0 Pattern.<\/p>\n\t\t\t<\/dd>\n\t\t\t\t\t<dt class=\"acc_title_bar\">\n\t\t\t\t\t\t\t\t<figure>\n\t\t\t\t\t<img decoding=\"async\" src=\"https:\/\/patternenergy.com\/wp-content\/uploads\/2024\/02\/ViR-Logo.png\" alt=\"Veterans in Renewables\">\n\t\t\t\t<\/figure>\n\t\t\t\t\t\t\t\t<h5><a href=\"#\">Les v\u00e9t\u00e9rans des \u00e9nergies renouvelables<\/a><\/h5>\n\t\t\t<\/dt>\n\t\t\t<dd class=\"block-entry acc_container\">\n\t\t\t\t<p>La mission de Veterans in Renewables est de servir de ressource pr\u00e9cieuse aux anciens combattants et \u00e0 ceux qui les soutiennent chez Pattern et dans l&rsquo;industrie des \u00e9nergies renouvelables par la sensibilisation, le mentorat et le recrutement.<\/p>\n\t\t\t<\/dd>\n\t\t\t\t<\/dl>\n\t\t\t<\/div>\n    \n    \t\n<\/section>\n\n<section class=\"single-story-outer\" >\n\t\n\t<div class=\"holder\">\n\t\t\n\t               <div class=\"single-story\">\n                            <article>\n                    <a href=\"https:\/\/patternenergy.com\/fr\/les-gens-du-modele-adam-cernea-clark\/\" class=\"outer-box  history-btn\">\n                        <figure class=\"img-holder\">\n                            <span style=\"background-image: url(https:\/\/patternenergy.com\/wp-content\/uploads\/2022\/09\/Pattern_Corporate_Adam-Cernea-Clark-Feature-Image-Revised_9.20.22_DRAFT-1024x1024.jpg\"><\/span>\n                        <\/figure>\n                        <div class=\"txt\">\n                            <h4>Les gens du mod\u00e8le : Adam Cernea Clark<\/h4>\n                                                            <p>\u00ab\u00a0Je suis un artiste, j&rsquo;ai de l&rsquo;\u00e9nergie cr\u00e9ative et Pattern Energy m&rsquo;offre une carri\u00e8re o\u00f9 je peux la d\u00e9ployer de mani\u00e8re coh\u00e9rente. Souvent, il n&rsquo;y a pas qu&rsquo;une seule fa\u00e7on d&rsquo;atteindre un objectif sur lequel je travaille, et le fait de pouvoir canaliser mon \u00e9nergie cr\u00e9ative dans mon travail est satisfaisant\u00a0\u00bb. Adam Cernea Clark est [&hellip;]\n                                                        <span>Lire la suite<\/span>\n                        <\/div>\n                    <\/a>\n                <\/article>\n                        <\/div>\n                    \t\n\t\t\n\t<\/div>\n    \n<\/section>\n\n<section class=\"textual-content no-decoration type-narrow\" >\n\t\n\t<div class=\"holder block-entry animated\">\n\t\t\n\t\t\t\t<div class=\"circles\">\n\t\t\t<span class=\"bigger parallax\" data-scale=\"0.00015\"><\/span>\n\t\t<\/div>\n\t\t\t\t\t\t\n\t\t<div class=\"acf-innerblocks-container\">\n\n<h3 class=\"wp-block-heading\">Bas\u00e9s \u00e0 San Francisco, nous contr\u00f4lons notre flotte depuis notre centre de contr\u00f4le des op\u00e9rations \u00e0 Houston et disposons de bureaux \u00e0 Albuquerque, San Diego, Toronto, Boulder et Mexico.<\/h3>\n\n<\/div>\t\t\n\t<\/div>\n<\/section><!-- Textual Content -->\n<section class=\"two-columns type-default  \" >\n\t\t<div class=\"holder\">\n\t\t\n\t\t<div class=\"img-wrapper animated\">\n\t\t\t\t\t\t<div class=\"circles\">\n\t\t\t\t<span class=\"smaller parallax\" data-scale=\"0.00025\"><\/span>\n\t\t\t\t<span class=\"bigger parallax\" data-scale=\"0.00015\"><\/span>\n\t\t\t<\/div>\t\t\t\t\t\t\n\t\t\t<div class=\"img-holder\">\n\t\t\t\t<div class=\"img parallax\" data-speed=\"-0.1\">\n\t\t\t\t\t<span style=\"background-image: url(https:\/\/patternenergy.com\/wp-content\/uploads\/2022\/01\/Derek-Price.jpg)\"><\/span>\n\t\t\t\t<\/div>\n\t\t\t<\/div>\n\t\t\t\n\t\t<\/div>\n\t\t\n\t\t\t\t<article class=\"parallax block-entry\" data-speed=\"0.025\">\n\t\t<div class=\"acf-innerblocks-container\">\n\n<h2 class=\"wp-block-heading\">Rejoindre notre \u00e9quipe<\/h2>\n\n\n\n<div class=\"wp-block-buttons is-layout-flex wp-block-buttons-is-layout-flex\">\n<div class=\"wp-block-button\"><a class=\"wp-block-button__link wp-element-button\" href=\"https:\/\/careers-patternenergy.icims.com\/jobs\/intro?hashed=-435626368&amp;mobile=false&amp;width=610&amp;height=500&amp;bga=true&amp;needsRedirect=false&amp;jan1offset=-480&amp;jun1offset=-420\" target=\"_blank\" rel=\"noreferrer noopener\">Travaillons ensemble<\/a><\/div>\n<\/div>\n\n\n\n<div class=\"wp-block-buttons is-layout-flex wp-block-buttons-is-layout-flex\">\n<div class=\"wp-block-button\"><a class=\"wp-block-button__link wp-element-button\" href=\"https:\/\/app.ripplematch.com\/company\/pattern-energy\/?tl=a4df9ef8\" target=\"_blank\" rel=\"noreferrer noopener\">Possibilit\u00e9s de stage  <\/a><\/div>\n<\/div>\n\n<\/div>\t\t<\/article>\n\t\t\t\t\n\t<\/div>\n\t\n\t\t\n<\/section><!-- Two Columns -->\n","protected":false},"excerpt":{"rendered":"","protected":false},"author":1,"featured_media":11905,"parent":0,"menu_order":44,"comment_status":"closed","ping_status":"closed","template":"","meta":{"_acf_changed":false,"footnotes":""},"class_list":["post-17022","page","type-page","status-publish","has-post-thumbnail","hentry"],"acf":[],"yoast_head":"<!-- This site is optimized with the Yoast SEO plugin v27.4 - https:\/\/yoast.com\/product\/yoast-seo-wordpress\/ -->\n<title>Pattern Energy: : Carri\u00e8res :.<\/title>\n<meta name=\"description\" content=\"Chez Pattern Energy, nous croyons en la cr\u00e9ation d&#039;un environnement de travail positif et sain qui favorise le d\u00e9veloppement personnel et professionnel.\" \/>\n<meta name=\"robots\" content=\"index, follow, max-snippet:-1, max-image-preview:large, max-video-preview:-1\" \/>\n<link rel=\"canonical\" href=\"https:\/\/patternenergy.com\/fr\/carrieres\/\" \/>\n<meta property=\"og:locale\" content=\"fr_FR\" \/>\n<meta property=\"og:type\" content=\"article\" \/>\n<meta property=\"og:title\" content=\"Pattern Energy : : Carri\u00e8res\" \/>\n<meta property=\"og:description\" content=\"Chez Pattern Energy, nous croyons en la cr\u00e9ation d&#039;un environnement de travail positif et sain qui favorise le d\u00e9veloppement personnel et professionnel. Rejoignez notre \u00e9quipe !\" \/>\n<meta property=\"og:url\" content=\"https:\/\/patternenergy.com\/fr\/carrieres\/\" \/>\n<meta property=\"og:site_name\" content=\"Pattern Energy\" \/>\n<meta property=\"article:publisher\" content=\"https:\/\/www.facebook.com\/PatternEnergy\/\" \/>\n<meta property=\"article:modified_time\" content=\"2026-01-22T02:00:07+00:00\" \/>\n<meta property=\"og:image\" content=\"https:\/\/patternenergy.com\/wp-content\/uploads\/2022\/03\/careers-1024x576.jpg\" \/>\n<meta name=\"twitter:card\" content=\"summary_large_image\" \/>\n<meta name=\"twitter:title\" content=\"Pattern Energy : : Carri\u00e8res\" \/>\n<meta name=\"twitter:description\" content=\"Chez Pattern Energy, nous croyons en la cr\u00e9ation d&#039;un environnement de travail positif et sain qui favorise le d\u00e9veloppement personnel et professionnel. Rejoignez notre \u00e9quipe !\" \/>\n<meta name=\"twitter:image\" content=\"https:\/\/patternenergy.com\/wp-content\/uploads\/2022\/03\/careers-1024x576.jpg\" \/>\n<meta name=\"twitter:label1\" content=\"Dur\u00e9e de lecture estim\u00e9e\" \/>\n\t<meta name=\"twitter:data1\" content=\"1 minute\" \/>\n<script type=\"application\/ld+json\" class=\"yoast-schema-graph\">{\"@context\":\"https:\\\/\\\/schema.org\",\"@graph\":[{\"@type\":\"WebPage\",\"@id\":\"https:\\\/\\\/patternenergy.com\\\/fr\\\/carrieres\\\/\",\"url\":\"https:\\\/\\\/patternenergy.com\\\/fr\\\/carrieres\\\/\",\"name\":\"Pattern Energy: : Carri\u00e8res :.\",\"isPartOf\":{\"@id\":\"https:\\\/\\\/patternenergy.com\\\/fr\\\/#website\"},\"primaryImageOfPage\":{\"@id\":\"https:\\\/\\\/patternenergy.com\\\/fr\\\/carrieres\\\/#primaryimage\"},\"image\":{\"@id\":\"https:\\\/\\\/patternenergy.com\\\/fr\\\/carrieres\\\/#primaryimage\"},\"thumbnailUrl\":\"https:\\\/\\\/patternenergy.com\\\/wp-content\\\/uploads\\\/2022\\\/01\\\/Pattern-Energy-Media-image-logo.jpg\",\"datePublished\":\"2021-10-28T20:21:06+00:00\",\"dateModified\":\"2026-01-22T02:00:07+00:00\",\"description\":\"Chez Pattern Energy, nous croyons en la cr\u00e9ation d'un environnement de travail positif et sain qui favorise le d\u00e9veloppement personnel et professionnel.\",\"breadcrumb\":{\"@id\":\"https:\\\/\\\/patternenergy.com\\\/fr\\\/carrieres\\\/#breadcrumb\"},\"inLanguage\":\"fr-FR\",\"potentialAction\":[{\"@type\":\"ReadAction\",\"target\":[\"https:\\\/\\\/patternenergy.com\\\/fr\\\/carrieres\\\/\"]}]},{\"@type\":\"ImageObject\",\"inLanguage\":\"fr-FR\",\"@id\":\"https:\\\/\\\/patternenergy.com\\\/fr\\\/carrieres\\\/#primaryimage\",\"url\":\"https:\\\/\\\/patternenergy.com\\\/wp-content\\\/uploads\\\/2022\\\/01\\\/Pattern-Energy-Media-image-logo.jpg\",\"contentUrl\":\"https:\\\/\\\/patternenergy.com\\\/wp-content\\\/uploads\\\/2022\\\/01\\\/Pattern-Energy-Media-image-logo.jpg\",\"width\":1200,\"height\":627},{\"@type\":\"BreadcrumbList\",\"@id\":\"https:\\\/\\\/patternenergy.com\\\/fr\\\/carrieres\\\/#breadcrumb\",\"itemListElement\":[{\"@type\":\"ListItem\",\"position\":1,\"name\":\"Home\",\"item\":\"https:\\\/\\\/patternenergy.com\\\/fr\\\/\"},{\"@type\":\"ListItem\",\"position\":2,\"name\":\"Carri\u00e8res\"}]},{\"@type\":\"WebSite\",\"@id\":\"https:\\\/\\\/patternenergy.com\\\/fr\\\/#website\",\"url\":\"https:\\\/\\\/patternenergy.com\\\/fr\\\/\",\"name\":\"Pattern Energy\",\"description\":\"Nous d\u00e9veloppons, construisons, poss\u00e9dons et exploitons des projets \u00e9oliens, solaires, de transport et de stockage d'\u00e9nergie de haute qualit\u00e9 dans le monde entier.\",\"publisher\":{\"@id\":\"https:\\\/\\\/patternenergy.com\\\/fr\\\/#organization\"},\"potentialAction\":[{\"@type\":\"SearchAction\",\"target\":{\"@type\":\"EntryPoint\",\"urlTemplate\":\"https:\\\/\\\/patternenergy.com\\\/fr\\\/?s={search_term_string}\"},\"query-input\":{\"@type\":\"PropertyValueSpecification\",\"valueRequired\":true,\"valueName\":\"search_term_string\"}}],\"inLanguage\":\"fr-FR\"},{\"@type\":\"Organization\",\"@id\":\"https:\\\/\\\/patternenergy.com\\\/fr\\\/#organization\",\"name\":\"Pattern Energy\",\"url\":\"https:\\\/\\\/patternenergy.com\\\/fr\\\/\",\"logo\":{\"@type\":\"ImageObject\",\"inLanguage\":\"fr-FR\",\"@id\":\"https:\\\/\\\/patternenergy.com\\\/fr\\\/#\\\/schema\\\/logo\\\/image\\\/\",\"url\":\"https:\\\/\\\/patternenergy.com\\\/wp-content\\\/uploads\\\/2022\\\/01\\\/Pattern-Energy-Media-thumbnail-logo.jpg\",\"contentUrl\":\"https:\\\/\\\/patternenergy.com\\\/wp-content\\\/uploads\\\/2022\\\/01\\\/Pattern-Energy-Media-thumbnail-logo.jpg\",\"width\":1200,\"height\":627,\"caption\":\"Pattern Energy\"},\"image\":{\"@id\":\"https:\\\/\\\/patternenergy.com\\\/fr\\\/#\\\/schema\\\/logo\\\/image\\\/\"},\"sameAs\":[\"https:\\\/\\\/www.facebook.com\\\/PatternEnergy\\\/\",\"https:\\\/\\\/instagram.com\\\/patternenergy?utm_medium=copy_link\",\"https:\\\/\\\/www.linkedin.com\\\/company\\\/pattern-energy\",\"https:\\\/\\\/www.youtube.com\\\/user\\\/PatternEnergy?app=desktop\",\"https:\\\/\\\/web.cauze.com\\\/company\\\/293\"]}]}<\/script>\n<!-- \/ Yoast SEO plugin. -->","yoast_head_json":{"title":"Pattern Energy: : Carri\u00e8res :.","description":"Chez Pattern Energy, nous croyons en la cr\u00e9ation d'un environnement de travail positif et sain qui favorise le d\u00e9veloppement personnel et professionnel.","robots":{"index":"index","follow":"follow","max-snippet":"max-snippet:-1","max-image-preview":"max-image-preview:large","max-video-preview":"max-video-preview:-1"},"canonical":"https:\/\/patternenergy.com\/fr\/carrieres\/","og_locale":"fr_FR","og_type":"article","og_title":"Pattern Energy : : Carri\u00e8res","og_description":"Chez Pattern Energy, nous croyons en la cr\u00e9ation d'un environnement de travail positif et sain qui favorise le d\u00e9veloppement personnel et professionnel. Rejoignez notre \u00e9quipe !","og_url":"https:\/\/patternenergy.com\/fr\/carrieres\/","og_site_name":"Pattern Energy","article_publisher":"https:\/\/www.facebook.com\/PatternEnergy\/","article_modified_time":"2026-01-22T02:00:07+00:00","og_image":[{"url":"https:\/\/patternenergy.com\/wp-content\/uploads\/2022\/03\/careers-1024x576.jpg","type":"","width":"","height":""}],"twitter_card":"summary_large_image","twitter_title":"Pattern Energy : : Carri\u00e8res","twitter_description":"Chez Pattern Energy, nous croyons en la cr\u00e9ation d'un environnement de travail positif et sain qui favorise le d\u00e9veloppement personnel et professionnel. Rejoignez notre \u00e9quipe !","twitter_image":"https:\/\/patternenergy.com\/wp-content\/uploads\/2022\/03\/careers-1024x576.jpg","twitter_misc":{"Dur\u00e9e de lecture estim\u00e9e":"1 minute"},"schema":{"@context":"https:\/\/schema.org","@graph":[{"@type":"WebPage","@id":"https:\/\/patternenergy.com\/fr\/carrieres\/","url":"https:\/\/patternenergy.com\/fr\/carrieres\/","name":"Pattern Energy: : Carri\u00e8res :.","isPartOf":{"@id":"https:\/\/patternenergy.com\/fr\/#website"},"primaryImageOfPage":{"@id":"https:\/\/patternenergy.com\/fr\/carrieres\/#primaryimage"},"image":{"@id":"https:\/\/patternenergy.com\/fr\/carrieres\/#primaryimage"},"thumbnailUrl":"https:\/\/patternenergy.com\/wp-content\/uploads\/2022\/01\/Pattern-Energy-Media-image-logo.jpg","datePublished":"2021-10-28T20:21:06+00:00","dateModified":"2026-01-22T02:00:07+00:00","description":"Chez Pattern Energy, nous croyons en la cr\u00e9ation d'un environnement de travail positif et sain qui favorise le d\u00e9veloppement personnel et professionnel.","breadcrumb":{"@id":"https:\/\/patternenergy.com\/fr\/carrieres\/#breadcrumb"},"inLanguage":"fr-FR","potentialAction":[{"@type":"ReadAction","target":["https:\/\/patternenergy.com\/fr\/carrieres\/"]}]},{"@type":"ImageObject","inLanguage":"fr-FR","@id":"https:\/\/patternenergy.com\/fr\/carrieres\/#primaryimage","url":"https:\/\/patternenergy.com\/wp-content\/uploads\/2022\/01\/Pattern-Energy-Media-image-logo.jpg","contentUrl":"https:\/\/patternenergy.com\/wp-content\/uploads\/2022\/01\/Pattern-Energy-Media-image-logo.jpg","width":1200,"height":627},{"@type":"BreadcrumbList","@id":"https:\/\/patternenergy.com\/fr\/carrieres\/#breadcrumb","itemListElement":[{"@type":"ListItem","position":1,"name":"Home","item":"https:\/\/patternenergy.com\/fr\/"},{"@type":"ListItem","position":2,"name":"Carri\u00e8res"}]},{"@type":"WebSite","@id":"https:\/\/patternenergy.com\/fr\/#website","url":"https:\/\/patternenergy.com\/fr\/","name":"Pattern Energy","description":"Nous d\u00e9veloppons, construisons, poss\u00e9dons et exploitons des projets \u00e9oliens, solaires, de transport et de stockage d'\u00e9nergie de haute qualit\u00e9 dans le monde entier.","publisher":{"@id":"https:\/\/patternenergy.com\/fr\/#organization"},"potentialAction":[{"@type":"SearchAction","target":{"@type":"EntryPoint","urlTemplate":"https:\/\/patternenergy.com\/fr\/?s={search_term_string}"},"query-input":{"@type":"PropertyValueSpecification","valueRequired":true,"valueName":"search_term_string"}}],"inLanguage":"fr-FR"},{"@type":"Organization","@id":"https:\/\/patternenergy.com\/fr\/#organization","name":"Pattern Energy","url":"https:\/\/patternenergy.com\/fr\/","logo":{"@type":"ImageObject","inLanguage":"fr-FR","@id":"https:\/\/patternenergy.com\/fr\/#\/schema\/logo\/image\/","url":"https:\/\/patternenergy.com\/wp-content\/uploads\/2022\/01\/Pattern-Energy-Media-thumbnail-logo.jpg","contentUrl":"https:\/\/patternenergy.com\/wp-content\/uploads\/2022\/01\/Pattern-Energy-Media-thumbnail-logo.jpg","width":1200,"height":627,"caption":"Pattern Energy"},"image":{"@id":"https:\/\/patternenergy.com\/fr\/#\/schema\/logo\/image\/"},"sameAs":["https:\/\/www.facebook.com\/PatternEnergy\/","https:\/\/instagram.com\/patternenergy?utm_medium=copy_link","https:\/\/www.linkedin.com\/company\/pattern-energy","https:\/\/www.youtube.com\/user\/PatternEnergy?app=desktop","https:\/\/web.cauze.com\/company\/293"]}]}},"_links":{"self":[{"href":"https:\/\/patternenergy.com\/fr\/wp-json\/wp\/v2\/pages\/17022","targetHints":{"allow":["GET"]}}],"collection":[{"href":"https:\/\/patternenergy.com\/fr\/wp-json\/wp\/v2\/pages"}],"about":[{"href":"https:\/\/patternenergy.com\/fr\/wp-json\/wp\/v2\/types\/page"}],"author":[{"embeddable":true,"href":"https:\/\/patternenergy.com\/fr\/wp-json\/wp\/v2\/users\/1"}],"replies":[{"embeddable":true,"href":"https:\/\/patternenergy.com\/fr\/wp-json\/wp\/v2\/comments?post=17022"}],"version-history":[{"count":0,"href":"https:\/\/patternenergy.com\/fr\/wp-json\/wp\/v2\/pages\/17022\/revisions"}],"wp:featuredmedia":[{"embeddable":true,"href":"https:\/\/patternenergy.com\/fr\/wp-json\/wp\/v2\/media\/11905"}],"wp:attachment":[{"href":"https:\/\/patternenergy.com\/fr\/wp-json\/wp\/v2\/media?parent=17022"}],"curies":[{"name":"wp","href":"https:\/\/api.w.org\/{rel}","templated":true}]}}