{"id":17015,"date":"2021-10-28T15:20:19","date_gmt":"2021-10-28T20:20:19","guid":{"rendered":"https:\/\/patternenergy.com\/accueil\/"},"modified":"2026-01-12T06:24:13","modified_gmt":"2026-01-12T11:24:13","slug":"accueil","status":"publish","type":"page","link":"https:\/\/patternenergy.com\/fr\/","title":{"rendered":"Accueil"},"content":{"rendered":"\n<section class=\"two-columns type-quote  \" data-title=\"Introduction\">\n\t\t<div class=\"holder\">\n\t\t\n\t\t<div class=\"img-wrapper animated\">\n\t\t\t\t\t\t<div class=\"circles\">\n\t\t\t\t<span class=\"smaller parallax\" data-scale=\"0.00025\"><\/span>\n\t\t\t\t<span class=\"bigger parallax\" data-scale=\"0.00015\"><\/span>\n\t\t\t<\/div>\t\t\t\t\t\t\n\t\t\t<div class=\"img-holder\">\n\t\t\t\t<div class=\"img parallax\" data-speed=\"-0.1\">\n\t\t\t\t\t<span style=\"background-image: url(https:\/\/patternenergy.com\/wp-content\/uploads\/2023\/06\/3.webp)\"><\/span>\n\t\t\t\t<\/div>\n\t\t\t<\/div>\n\t\t\t\n\t\t<\/div>\n\t\t\n\t\t\t\t<article class=\"parallax\" data-speed=\"0.025\">\n\t\t\t<blockquote>\n\t\t\t\t<p>Chez Pattern, nous avons pass\u00e9 plus de 15 ans \u00e0 construire des infrastructures \u00e9nerg\u00e9tiques fiables pour r\u00e9pondre \u00e0 la demande critique d&rsquo;\u00e9lectricit\u00e9 dans toute l&rsquo;Am\u00e9rique du Nord. Nous n&rsquo;avons jamais failli \u00e0 notre engagement de cr\u00e9er des emplois et d&rsquo;offrir des opportunit\u00e9s et de la prosp\u00e9rit\u00e9 aux communaut\u00e9s rurales, tout en faisant progresser notre vision de l&rsquo;\u00e9nergie du futur. <\/p>\n\t\t\t\t\t\t\t\t<cite>\n\t\t\t\t\t\t\t\t\t\t<span class=\"img-holder\" style=\"background-image: url(https:\/\/patternenergy.com\/wp-content\/uploads\/2021\/11\/5.png)\"><\/span>\n\t\t\t\t\t\t\t\t\t\t\t\t\t\t\t<strong>Hunter Armistead<\/strong>\n\t\t\t\t\t\t\t\t\t\t\t\t\t\t\tPDG, Pattern Energy\t\t\t\t\t\t\t\t\t<\/cite>\n\t\t\t\t\t\t\t<\/blockquote>\n\t\t\t\t\t\t<a href=\"https:\/\/patternenergy.com\/fr\/a-propos-de\/\" target=\"_self\" class=\"btn history-btn\">\u00c0 propos de Pattern Energy<span><\/span><\/a>\n\t\t\t\t\t<\/article>\n\t\t\t\t\n\t<\/div>\n\t\n\t\t\n<\/section><!-- Two Columns -->\n    <section class=\"with-slider no-button\">\n        <div class=\"holder\">\n            <h5>News<\/h5>\n            <div class=\"slider-holder\">\n                <div class=\"slider article-slider\">\n                <article>\n\t<a href=\"https:\/\/patternenergy.com\/fr\/les-gens-du-modele-tim-baca\/\" class=\"outer-box\" target=\"_blank\">\n\t\t<figure class=\"img-holder\">\n\t\t\t<span class=\"related-news-item-img lazy-bg\" data-src=\"https:\/\/patternenergy.com\/wp-content\/uploads\/2026\/02\/Tim-Baca-2-600x850.jpeg\"><\/span>\n\t\t<\/figure>\n\t\t<div class=\"txt\">\n\t\t\t<h4>Les gens du mod\u00e8le : Tim Baca<\/h4>\n                            <p>Faites la connaissance de Tim Baca, l'une des forces constantes qui aident SunZia \u00e0 passer de la...<\/p>            \t\t\t<span>Lire la suite<\/span>\n\t\t<\/div>\n\t<\/a>\n<\/article><article>\n\t<a href=\"https:\/\/patternenergy.com\/fr\/pattern-energy-annonce-un-accord-pour-lacquisition-de-cordelio-power\/\" class=\"outer-box\" target=\"_blank\">\n\t\t<figure class=\"img-holder\">\n\t\t\t<span class=\"related-news-item-img lazy-bg\" data-src=\"https:\/\/patternenergy.com\/wp-content\/uploads\/2026\/01\/Canada-sunrise-800x800-copy-600x800.jpg\"><\/span>\n\t\t<\/figure>\n\t\t<div class=\"txt\">\n\t\t\t<h4>Pattern Energy annonce un accord pour l&rsquo;acquisition de Cordelio Power<\/h4>\n                            <p>Acquisition Croissance Pattern's Energie de Pattern de Pattern Ae Canada et les \u00c9tats-Unis \nHOUSTON, SAN...<\/p>            \t\t\t<span>Lire la suite<\/span>\n\t\t<\/div>\n\t<\/a>\n<\/article><article>\n\t<a href=\"https:\/\/patternenergy.com\/people-of-pattern-ryan-logan\/\" class=\"outer-box\" target=\"_blank\">\n\t\t<figure class=\"img-holder\">\n\t\t\t<span class=\"related-news-item-img lazy-bg\" data-src=\"https:\/\/patternenergy.com\/wp-content\/uploads\/2025\/11\/Picture2.jpg\"><\/span>\n\t\t<\/figure>\n\t\t<div class=\"txt\">\n\t\t\t<h4>Les gens du mod\u00e8le : Ryan Logan<\/h4>\n                            <p>Rencontrez Ryan Logan, la main ferme derri\u00e8re les syst\u00e8mes qui assurent le bon d\u00e9roulement des projets de...<\/p>            \t\t\t<span>Lire la suite<\/span>\n\t\t<\/div>\n\t<\/a>\n<\/article><article>\n\t<a href=\"https:\/\/patternenergy.com\/fr\/109-ans-de-la-fete-de-san-juan-bautista-a-duran-nouveau-mexique\/\" class=\"outer-box\" target=\"_blank\">\n\t\t<figure class=\"img-holder\">\n\t\t\t<span class=\"related-news-item-img lazy-bg\" data-src=\"https:\/\/patternenergy.com\/wp-content\/uploads\/2025\/06\/Bolo-Transmission-600x850.jpg\"><\/span>\n\t\t<\/figure>\n\t\t<div class=\"txt\">\n\t\t\t<h4>109 ans de la f\u00eate de San Juan Bautista \u00e0 Duran, Nouveau Mexique<\/h4>\n                            <p>Chaque ann\u00e9e, la communaut\u00e9 tr\u00e8s unie de Duran, au Nouveau-Mexique, se r\u00e9unit \u00e0 l'\u00e9glise San Juan...<\/p>            \t\t\t<span>Lire la suite<\/span>\n\t\t<\/div>\n\t<\/a>\n<\/article><article>\n\t<a href=\"https:\/\/patternenergy.com\/pattern-people-justin-rodgers\/\" class=\"outer-box\" target=\"_blank\">\n\t\t<figure class=\"img-holder\">\n\t\t\t<span class=\"related-news-item-img lazy-bg\" data-src=\"https:\/\/patternenergy.com\/wp-content\/uploads\/2025\/07\/Justin-Rodgers-Daughter.jpg\"><\/span>\n\t\t<\/figure>\n\t\t<div class=\"txt\">\n\t\t\t<h4>Les gens du mod\u00e8le : Justin Rodgers<\/h4>\n                            <p>Pour Justin Rodgers, la s\u00e9curit\u00e9 n'est pas seulement un travail, c'est une vocation ancr\u00e9e dans des d\u00e9cennies de service. N\u00e9 et \u00e9lev\u00e9 au Nouveau-Mexique, Justin est sp\u00e9cialiste de la sant\u00e9 et de la s\u00e9curit\u00e9 au sein de l'\u00e9quipe d'ing\u00e9nierie, d'approvisionnement et de construction (EPC) qui soutient le projet SunZia de Pattern Energy dans cet \u00c9tat. <\/p>\n            \t\t\t<span>Lire la suite<\/span>\n\t\t<\/div>\n\t<\/a>\n<\/article><article>\n\t<a href=\"https:\/\/patternenergy.com\/fr\/pattern-energy-annonce-la-cloture-dun-investissement-en-capital-de-la-part-dun-consortium-dirige-par-apg-et-art\/\" class=\"outer-box\" target=\"_blank\">\n\t\t<figure class=\"img-holder\">\n\t\t\t<span class=\"related-news-item-img lazy-bg\" data-src=\"https:\/\/patternenergy.com\/wp-content\/uploads\/2025\/06\/SunZia_CVR59662-600x850.jpg\"><\/span>\n\t\t<\/figure>\n\t\t<div class=\"txt\">\n\t\t\t<h4>Pattern Energy annonce la cl\u00f4ture d&rsquo;un investissement en capital de la part d&rsquo;un consortium dirig\u00e9 par APG et ART<\/h4>\n                            <p>\nUn consortium comprenant APG Asset Management et Australian Retirement Trust prend une participation aux...<\/p>            \t\t\t<span>Lire la suite<\/span>\n\t\t<\/div>\n\t<\/a>\n<\/article>                <\/div>\n            <\/div>\n            <div class=\"controls\">\n                <div class=\"nav\">\n                    <ul>\n                        <li><span class=\"prev btn reverse\"><span><\/span><\/span><\/li>\n                        <li><span class=\"next btn\"><span><\/span><\/span><\/li>\n                    <\/ul>\n                <\/div>\n                <a href=\"https:\/\/patternenergy.com\/fr\/actualites\/\" class=\"btn history-btn\">Tout voir<span><\/span><\/a>\n            <\/div>\n        <\/div>\n    <\/section>\n    \n\n<section class=\"two-columns type-default  \" data-title=\"Le portefeuille\">\n\t\t<div class=\"holder\">\n\t\t\n\t\t<div class=\"img-wrapper animated\">\n\t\t\t\t\t\t<div class=\"circles\">\n\t\t\t\t<span class=\"smaller parallax\" data-scale=\"0.00025\"><\/span>\n\t\t\t\t<span class=\"bigger parallax\" data-scale=\"0.00015\"><\/span>\n\t\t\t<\/div>\t\t\t\t\t\t\n\t\t\t<div class=\"img-holder\">\n\t\t\t\t<div class=\"img parallax\" data-speed=\"-0.1\">\n\t\t\t\t\t<span style=\"background-image: url(https:\/\/patternenergy.com\/wp-content\/uploads\/2021\/11\/1-1.jpg)\"><\/span>\n\t\t\t\t<\/div>\n\t\t\t<\/div>\n\t\t\t\n\t\t<\/div>\n\t\t\n\t\t\t\t<article class=\"parallax block-entry\" data-speed=\"0.025\">\n\t\t<div class=\"acf-innerblocks-container\">\n\n<h3 class=\"wp-block-heading\">Pattern exploite un portefeuille mondial d&rsquo;installations d&rsquo;\u00e9nergie renouvelable tr\u00e8s performantes.<\/h3>\n\n\n\n<div class=\"wp-block-buttons is-layout-flex wp-block-buttons-is-layout-flex\">\n<div class=\"wp-block-button\"><a class=\"wp-block-button__link wp-element-button\" href=\"https:\/\/patternenergy.com\/fr\/le-portefeuille\/\">Consultez notre portefeuille<\/a><\/div>\n<\/div>\n\n<\/div>\t\t<\/article>\n\t\t\t\t\n\t<\/div>\n\t\n\t\t\n<\/section><!-- Two Columns -->\n\n<section class=\"two-columns reverse type-quote highlighted \" data-title=\"Durabilit\u00e9\">\n\t\t<div class=\"holder\">\n\t\t\n\t\t<div class=\"img-wrapper animated\">\n\t\t\t\t\t\t<div class=\"decoration\">\n\t\t\t\t<span><\/span>\n\t\t\t<\/div>\n\t\t\t\t\t\t<div class=\"circles\">\n\t\t\t\t<span class=\"smaller parallax\" data-scale=\"0.00025\"><\/span>\n\t\t\t\t<span class=\"bigger parallax\" data-scale=\"0.00015\"><\/span>\n\t\t\t<\/div>\t\t\t\t\t\t\n\t\t\t<div class=\"img-holder\">\n\t\t\t\t<div class=\"img parallax\" data-speed=\"-0.1\">\n\t\t\t\t\t<span style=\"background-image: url(https:\/\/patternenergy.com\/wp-content\/uploads\/2023\/07\/Sustainability-800-cover.jpg)\"><\/span>\n\t\t\t\t<\/div>\n\t\t\t<\/div>\n\t\t\t\n\t\t<\/div>\n\t\t\n\t\t\t\t<article class=\"parallax\" data-speed=\"0.025\">\n\t\t\t<blockquote>\n\t\t\t\t<p>Avec pr\u00e8s de 30 GW dans notre pipeline, nous sommes en mesure de mener la prochaine phase de la demande d&rsquo;\u00e9nergie. Notre capacit\u00e9 \u00e0 d\u00e9velopper et \u00e0 fournir un r\u00e9seau de transport \u00e0 grande \u00e9chelle parall\u00e8lement \u00e0 la production d&rsquo;\u00e9lectricit\u00e9 est un \u00e9l\u00e9ment essentiel de diff\u00e9renciation. C&rsquo;est ainsi que nous d\u00e9bloquons les march\u00e9s, connectons les ressources aux centres de demande et cr\u00e9ons de la valeur \u00e0 long terme pour nos communaut\u00e9s.  <\/p>\n\t\t\t\t\t\t\t\t<cite>\n\t\t\t\t\t\t\t\t\t\t<span class=\"img-holder\" style=\"background-image: url(https:\/\/patternenergy.com\/wp-content\/uploads\/2021\/11\/5.png)\"><\/span>\n\t\t\t\t\t\t\t\t\t\t\t\t\t\t\t<strong>Hunter Armistead<\/strong>\n\t\t\t\t\t\t\t\t\t\t\t\t\t\t\tPDG, Pattern Energy\t\t\t\t\t\t\t\t\t<\/cite>\n\t\t\t\t\t\t\t<\/blockquote>\n\t\t\t\t\t\t<a href=\"https:\/\/patternenergy.com\/fr\/durabilite\/\" target=\"_self\" class=\"btn history-btn\">Durabilit\u00e9<span><\/span><\/a>\n\t\t\t\t\t<\/article>\n\t\t\t\t\n\t<\/div>\n\t\n\t\t\n<\/section><!-- Two Columns -->\n","protected":false},"excerpt":{"rendered":"","protected":false},"author":1,"featured_media":12033,"parent":0,"menu_order":0,"comment_status":"closed","ping_status":"closed","template":"","meta":{"_acf_changed":false,"footnotes":""},"class_list":["post-17015","page","type-page","status-publish","has-post-thumbnail","hentry"],"acf":[],"yoast_head":"<!-- This site is optimized with the Yoast SEO plugin v27.4 - https:\/\/yoast.com\/product\/yoast-seo-wordpress\/ -->\n<title>Pattern Energy<\/title>\n<meta name=\"description\" content=\"Nous d\u00e9veloppons, construisons, poss\u00e9dons et exploitons des projets \u00e9oliens, solaires, de transport et de stockage d&#039;\u00e9nergie de haute qualit\u00e9 dans le monde entier.\" \/>\n<meta name=\"robots\" content=\"index, follow, max-snippet:-1, max-image-preview:large, max-video-preview:-1\" \/>\n<link rel=\"canonical\" href=\"https:\/\/patternenergy.com\/fr\/\" \/>\n<meta property=\"og:locale\" content=\"fr_FR\" \/>\n<meta property=\"og:type\" content=\"article\" \/>\n<meta property=\"og:title\" content=\"Pattern Energy\" \/>\n<meta property=\"og:description\" content=\"Nous d\u00e9veloppons, construisons, poss\u00e9dons et exploitons des projets \u00e9oliens, solaires, de transport et de stockage d&#039;\u00e9nergie de haute qualit\u00e9 dans le monde entier.\" \/>\n<meta property=\"og:url\" content=\"https:\/\/patternenergy.com\/fr\/\" \/>\n<meta property=\"og:site_name\" content=\"Pattern Energy\" \/>\n<meta property=\"article:publisher\" content=\"https:\/\/www.facebook.com\/PatternEnergy\/\" \/>\n<meta property=\"article:modified_time\" content=\"2026-01-12T11:24:13+00:00\" \/>\n<meta property=\"og:image\" content=\"https:\/\/patternenergy.com\/wp-content\/uploads\/2022\/02\/PE_Home_Facebook-5.jpg\" \/>\n<meta name=\"twitter:card\" content=\"summary_large_image\" \/>\n<meta name=\"twitter:title\" content=\"Pattern Energy\" \/>\n<meta name=\"twitter:description\" content=\"Nous d\u00e9veloppons, construisons, poss\u00e9dons et exploitons des projets \u00e9oliens, solaires, de transport et de stockage d&#039;\u00e9nergie de haute qualit\u00e9 dans le monde entier.\" \/>\n<meta name=\"twitter:image\" content=\"https:\/\/patternenergy.com\/wp-content\/uploads\/2022\/02\/PE_Home_Facebook-5.jpg\" \/>\n<meta name=\"twitter:label1\" content=\"Dur\u00e9e de lecture estim\u00e9e\" \/>\n\t<meta name=\"twitter:data1\" content=\"1 minute\" \/>\n<script type=\"application\/ld+json\" class=\"yoast-schema-graph\">{\"@context\":\"https:\\\/\\\/schema.org\",\"@graph\":[{\"@type\":\"WebPage\",\"@id\":\"https:\\\/\\\/patternenergy.com\\\/fr\\\/\",\"url\":\"https:\\\/\\\/patternenergy.com\\\/fr\\\/\",\"name\":\"Pattern Energy\",\"isPartOf\":{\"@id\":\"https:\\\/\\\/patternenergy.com\\\/fr\\\/#website\"},\"primaryImageOfPage\":{\"@id\":\"https:\\\/\\\/patternenergy.com\\\/fr\\\/#primaryimage\"},\"image\":{\"@id\":\"https:\\\/\\\/patternenergy.com\\\/fr\\\/#primaryimage\"},\"thumbnailUrl\":\"https:\\\/\\\/patternenergy.com\\\/wp-content\\\/uploads\\\/2022\\\/02\\\/PE_Home_Facebook-1.jpg\",\"datePublished\":\"2021-10-28T20:20:19+00:00\",\"dateModified\":\"2026-01-12T11:24:13+00:00\",\"description\":\"Nous d\u00e9veloppons, construisons, poss\u00e9dons et exploitons des projets \u00e9oliens, solaires, de transport et de stockage d'\u00e9nergie de haute qualit\u00e9 dans le monde entier.\",\"breadcrumb\":{\"@id\":\"https:\\\/\\\/patternenergy.com\\\/fr\\\/#breadcrumb\"},\"inLanguage\":\"fr-FR\",\"potentialAction\":[{\"@type\":\"ReadAction\",\"target\":[\"https:\\\/\\\/patternenergy.com\\\/fr\\\/\"]}]},{\"@type\":\"ImageObject\",\"inLanguage\":\"fr-FR\",\"@id\":\"https:\\\/\\\/patternenergy.com\\\/fr\\\/#primaryimage\",\"url\":\"https:\\\/\\\/patternenergy.com\\\/wp-content\\\/uploads\\\/2022\\\/02\\\/PE_Home_Facebook-1.jpg\",\"contentUrl\":\"https:\\\/\\\/patternenergy.com\\\/wp-content\\\/uploads\\\/2022\\\/02\\\/PE_Home_Facebook-1.jpg\",\"width\":2400,\"height\":1440},{\"@type\":\"BreadcrumbList\",\"@id\":\"https:\\\/\\\/patternenergy.com\\\/fr\\\/#breadcrumb\",\"itemListElement\":[{\"@type\":\"ListItem\",\"position\":1,\"name\":\"Home\",\"item\":\"https:\\\/\\\/patternenergy.com\\\/fr\\\/\"},{\"@type\":\"ListItem\",\"position\":2,\"name\":\"Accueil\"}]},{\"@type\":\"WebSite\",\"@id\":\"https:\\\/\\\/patternenergy.com\\\/fr\\\/#website\",\"url\":\"https:\\\/\\\/patternenergy.com\\\/fr\\\/\",\"name\":\"Pattern Energy\",\"description\":\"Nous d\u00e9veloppons, construisons, poss\u00e9dons et exploitons des projets \u00e9oliens, solaires, de transport et de stockage d'\u00e9nergie de haute qualit\u00e9 dans le monde entier.\",\"publisher\":{\"@id\":\"https:\\\/\\\/patternenergy.com\\\/fr\\\/#organization\"},\"potentialAction\":[{\"@type\":\"SearchAction\",\"target\":{\"@type\":\"EntryPoint\",\"urlTemplate\":\"https:\\\/\\\/patternenergy.com\\\/fr\\\/?s={search_term_string}\"},\"query-input\":{\"@type\":\"PropertyValueSpecification\",\"valueRequired\":true,\"valueName\":\"search_term_string\"}}],\"inLanguage\":\"fr-FR\"},{\"@type\":\"Organization\",\"@id\":\"https:\\\/\\\/patternenergy.com\\\/fr\\\/#organization\",\"name\":\"Pattern Energy\",\"url\":\"https:\\\/\\\/patternenergy.com\\\/fr\\\/\",\"logo\":{\"@type\":\"ImageObject\",\"inLanguage\":\"fr-FR\",\"@id\":\"https:\\\/\\\/patternenergy.com\\\/fr\\\/#\\\/schema\\\/logo\\\/image\\\/\",\"url\":\"https:\\\/\\\/patternenergy.com\\\/wp-content\\\/uploads\\\/2022\\\/01\\\/Pattern-Energy-Media-thumbnail-logo.jpg\",\"contentUrl\":\"https:\\\/\\\/patternenergy.com\\\/wp-content\\\/uploads\\\/2022\\\/01\\\/Pattern-Energy-Media-thumbnail-logo.jpg\",\"width\":1200,\"height\":627,\"caption\":\"Pattern Energy\"},\"image\":{\"@id\":\"https:\\\/\\\/patternenergy.com\\\/fr\\\/#\\\/schema\\\/logo\\\/image\\\/\"},\"sameAs\":[\"https:\\\/\\\/www.facebook.com\\\/PatternEnergy\\\/\",\"https:\\\/\\\/instagram.com\\\/patternenergy?utm_medium=copy_link\",\"https:\\\/\\\/www.linkedin.com\\\/company\\\/pattern-energy\",\"https:\\\/\\\/www.youtube.com\\\/user\\\/PatternEnergy?app=desktop\",\"https:\\\/\\\/web.cauze.com\\\/company\\\/293\"]}]}<\/script>\n<!-- \/ Yoast SEO plugin. -->","yoast_head_json":{"title":"Pattern Energy","description":"Nous d\u00e9veloppons, construisons, poss\u00e9dons et exploitons des projets \u00e9oliens, solaires, de transport et de stockage d'\u00e9nergie de haute qualit\u00e9 dans le monde entier.","robots":{"index":"index","follow":"follow","max-snippet":"max-snippet:-1","max-image-preview":"max-image-preview:large","max-video-preview":"max-video-preview:-1"},"canonical":"https:\/\/patternenergy.com\/fr\/","og_locale":"fr_FR","og_type":"article","og_title":"Pattern Energy","og_description":"Nous d\u00e9veloppons, construisons, poss\u00e9dons et exploitons des projets \u00e9oliens, solaires, de transport et de stockage d'\u00e9nergie de haute qualit\u00e9 dans le monde entier.","og_url":"https:\/\/patternenergy.com\/fr\/","og_site_name":"Pattern Energy","article_publisher":"https:\/\/www.facebook.com\/PatternEnergy\/","article_modified_time":"2026-01-12T11:24:13+00:00","og_image":[{"url":"https:\/\/patternenergy.com\/wp-content\/uploads\/2022\/02\/PE_Home_Facebook-5.jpg","type":"","width":"","height":""}],"twitter_card":"summary_large_image","twitter_title":"Pattern Energy","twitter_description":"Nous d\u00e9veloppons, construisons, poss\u00e9dons et exploitons des projets \u00e9oliens, solaires, de transport et de stockage d'\u00e9nergie de haute qualit\u00e9 dans le monde entier.","twitter_image":"https:\/\/patternenergy.com\/wp-content\/uploads\/2022\/02\/PE_Home_Facebook-5.jpg","twitter_misc":{"Dur\u00e9e de lecture estim\u00e9e":"1 minute"},"schema":{"@context":"https:\/\/schema.org","@graph":[{"@type":"WebPage","@id":"https:\/\/patternenergy.com\/fr\/","url":"https:\/\/patternenergy.com\/fr\/","name":"Pattern Energy","isPartOf":{"@id":"https:\/\/patternenergy.com\/fr\/#website"},"primaryImageOfPage":{"@id":"https:\/\/patternenergy.com\/fr\/#primaryimage"},"image":{"@id":"https:\/\/patternenergy.com\/fr\/#primaryimage"},"thumbnailUrl":"https:\/\/patternenergy.com\/wp-content\/uploads\/2022\/02\/PE_Home_Facebook-1.jpg","datePublished":"2021-10-28T20:20:19+00:00","dateModified":"2026-01-12T11:24:13+00:00","description":"Nous d\u00e9veloppons, construisons, poss\u00e9dons et exploitons des projets \u00e9oliens, solaires, de transport et de stockage d'\u00e9nergie de haute qualit\u00e9 dans le monde entier.","breadcrumb":{"@id":"https:\/\/patternenergy.com\/fr\/#breadcrumb"},"inLanguage":"fr-FR","potentialAction":[{"@type":"ReadAction","target":["https:\/\/patternenergy.com\/fr\/"]}]},{"@type":"ImageObject","inLanguage":"fr-FR","@id":"https:\/\/patternenergy.com\/fr\/#primaryimage","url":"https:\/\/patternenergy.com\/wp-content\/uploads\/2022\/02\/PE_Home_Facebook-1.jpg","contentUrl":"https:\/\/patternenergy.com\/wp-content\/uploads\/2022\/02\/PE_Home_Facebook-1.jpg","width":2400,"height":1440},{"@type":"BreadcrumbList","@id":"https:\/\/patternenergy.com\/fr\/#breadcrumb","itemListElement":[{"@type":"ListItem","position":1,"name":"Home","item":"https:\/\/patternenergy.com\/fr\/"},{"@type":"ListItem","position":2,"name":"Accueil"}]},{"@type":"WebSite","@id":"https:\/\/patternenergy.com\/fr\/#website","url":"https:\/\/patternenergy.com\/fr\/","name":"Pattern Energy","description":"Nous d\u00e9veloppons, construisons, poss\u00e9dons et exploitons des projets \u00e9oliens, solaires, de transport et de stockage d'\u00e9nergie de haute qualit\u00e9 dans le monde entier.","publisher":{"@id":"https:\/\/patternenergy.com\/fr\/#organization"},"potentialAction":[{"@type":"SearchAction","target":{"@type":"EntryPoint","urlTemplate":"https:\/\/patternenergy.com\/fr\/?s={search_term_string}"},"query-input":{"@type":"PropertyValueSpecification","valueRequired":true,"valueName":"search_term_string"}}],"inLanguage":"fr-FR"},{"@type":"Organization","@id":"https:\/\/patternenergy.com\/fr\/#organization","name":"Pattern Energy","url":"https:\/\/patternenergy.com\/fr\/","logo":{"@type":"ImageObject","inLanguage":"fr-FR","@id":"https:\/\/patternenergy.com\/fr\/#\/schema\/logo\/image\/","url":"https:\/\/patternenergy.com\/wp-content\/uploads\/2022\/01\/Pattern-Energy-Media-thumbnail-logo.jpg","contentUrl":"https:\/\/patternenergy.com\/wp-content\/uploads\/2022\/01\/Pattern-Energy-Media-thumbnail-logo.jpg","width":1200,"height":627,"caption":"Pattern Energy"},"image":{"@id":"https:\/\/patternenergy.com\/fr\/#\/schema\/logo\/image\/"},"sameAs":["https:\/\/www.facebook.com\/PatternEnergy\/","https:\/\/instagram.com\/patternenergy?utm_medium=copy_link","https:\/\/www.linkedin.com\/company\/pattern-energy","https:\/\/www.youtube.com\/user\/PatternEnergy?app=desktop","https:\/\/web.cauze.com\/company\/293"]}]}},"_links":{"self":[{"href":"https:\/\/patternenergy.com\/fr\/wp-json\/wp\/v2\/pages\/17015","targetHints":{"allow":["GET"]}}],"collection":[{"href":"https:\/\/patternenergy.com\/fr\/wp-json\/wp\/v2\/pages"}],"about":[{"href":"https:\/\/patternenergy.com\/fr\/wp-json\/wp\/v2\/types\/page"}],"author":[{"embeddable":true,"href":"https:\/\/patternenergy.com\/fr\/wp-json\/wp\/v2\/users\/1"}],"replies":[{"embeddable":true,"href":"https:\/\/patternenergy.com\/fr\/wp-json\/wp\/v2\/comments?post=17015"}],"version-history":[{"count":0,"href":"https:\/\/patternenergy.com\/fr\/wp-json\/wp\/v2\/pages\/17015\/revisions"}],"wp:featuredmedia":[{"embeddable":true,"href":"https:\/\/patternenergy.com\/fr\/wp-json\/wp\/v2\/media\/12033"}],"wp:attachment":[{"href":"https:\/\/patternenergy.com\/fr\/wp-json\/wp\/v2\/media?parent=17015"}],"curies":[{"name":"wp","href":"https:\/\/api.w.org\/{rel}","templated":true}]}}