{"id":23114,"date":"2025-10-09T04:42:36","date_gmt":"2025-10-09T09:42:36","guid":{"rendered":"https:\/\/patternenergy.com\/?page_id=23114"},"modified":"2025-12-24T05:24:18","modified_gmt":"2025-12-24T10:24:18","slug":"notificaciones-del-proyecto-eolico-broughton","status":"publish","type":"page","link":"https:\/\/patternenergy.com\/es\/notificaciones-del-proyecto-eolico-broughton\/","title":{"rendered":"Notificaciones del Proyecto E\u00f3lico Broughton"},"content":{"rendered":"\n<section class=\"textual-content form-page no-decoration type-narrow\" >\n\t\n\t<div class=\"holder block-entry animated\">\n\t\t\n\t\t\t\t<div class=\"circles\">\n\t\t\t<span class=\"bigger parallax\" data-scale=\"0.00015\"><\/span>\n\t\t<\/div>\n\t\t\t\t\t\t\n\t\t<div class=\"acf-innerblocks-container\">\n\n<h1 class=\"wp-block-heading\">Notificaciones del Proyecto E\u00f3lico Broughton<\/h1>\n\n\n\n<p>Agradecemos tu inter\u00e9s en el Proyecto E\u00f3lico Broughton. Mantente informado a trav\u00e9s de nuestras comunicaciones por correo electr\u00f3nico. Al suscribirte a nuestro bolet\u00edn, recibir\u00e1s las \u00faltimas actualizaciones, noticias y cualquier otra informaci\u00f3n relevante sobre el proyecto.  <\/p>\n\n\n<style>.wForm form{text-align: left;}<\/style><!-- FORM: HEAD SECTION -->\n    <meta http-equiv=\"Content-Type\" content=\"text\/html; charset=utf-8\" \/>\n    <meta name=\"referrer\" content=\"no-referrer-when-downgrade\">\n    <!-- THIS SCRIPT NEEDS TO BE LOADED FIRST BEFORE wforms.js -->\n    <script type=\"text\/javascript\" data-for=\"FA__DOMContentLoadedEventDispatch\" src=\"https:\/\/patternenergy.tfaforms.net\/js\/FA__DOMContentLoadedEventDispatcher.js\" defer><\/script>\n        <script type=\"text\/javascript\">\n        document.addEventListener(\"FA__DOMContentLoaded\", function(){\n            const FORM_TIME_START = Math.floor((new Date).getTime()\/1000);\n            let formElement = document.getElementById(\"tfa_0\");\n            if (null === formElement) {\n                formElement = document.getElementById(\"0\");\n            }\n            let appendJsTimerElement = function(){\n                let formTimeDiff = Math.floor((new Date).getTime()\/1000) - FORM_TIME_START;\n                let cumulatedTimeElement = document.getElementById(\"tfa_dbCumulatedTime\");\n                if (null !== cumulatedTimeElement) {\n                    let cumulatedTime = parseInt(cumulatedTimeElement.value);\n                    if (null !== cumulatedTime && cumulatedTime > 0) {\n                        formTimeDiff += cumulatedTime;\n                    }\n                }\n                let jsTimeInput = document.createElement(\"input\");\n                jsTimeInput.setAttribute(\"type\", \"hidden\");\n                jsTimeInput.setAttribute(\"value\", formTimeDiff.toString());\n                jsTimeInput.setAttribute(\"name\", \"tfa_dbElapsedJsTime\");\n                jsTimeInput.setAttribute(\"id\", \"tfa_dbElapsedJsTime\");\n                jsTimeInput.setAttribute(\"autocomplete\", \"off\");\n                if (null !== formElement) {\n                    formElement.appendChild(jsTimeInput);\n                }\n            };\n            if (null !== formElement) {\n                if(formElement.addEventListener){\n                    formElement.addEventListener('submit', appendJsTimerElement, false);\n                } else if(formElement.attachEvent){\n                    formElement.attachEvent('onsubmit', appendJsTimerElement);\n                }\n            }\n        });\n    <\/script>\n\n    <link href=\"https:\/\/patternenergy.tfaforms.net\/dist\/form-builder\/5.0.0\/wforms-layout.css?v=fc5c5456c2e6c54a92dc253630d164d3c3c25ac5\" rel=\"stylesheet\" type=\"text\/css\" \/>\n\n    <link href=\"https:\/\/patternenergy.tfaforms.net\/uploads\/themes\/theme-25.css\" rel=\"stylesheet\" type=\"text\/css\" \/>\n    <link href=\"https:\/\/patternenergy.tfaforms.net\/dist\/form-builder\/5.0.0\/wforms-jsonly.css?v=fc5c5456c2e6c54a92dc253630d164d3c3c25ac5\" rel=\"alternate stylesheet\" title=\"This stylesheet activated by javascript\" type=\"text\/css\" \/>\n    <script type=\"text\/javascript\" src=\"https:\/\/patternenergy.tfaforms.net\/wForms\/3.11\/js\/wforms.js?v=fc5c5456c2e6c54a92dc253630d164d3c3c25ac5\"><\/script>\n    <script type=\"text\/javascript\">\n        if(wFORMS.behaviors.prefill) wFORMS.behaviors.prefill.skip = true;\n    <\/script>\n    <script type=\"text\/javascript\" src=\"https:\/\/patternenergy.tfaforms.net\/wForms\/3.11\/js\/localization-en_US.js?v=fc5c5456c2e6c54a92dc253630d164d3c3c25ac5\"><\/script>\n\n<!-- FORM: BODY SECTION -->\n<div class=\"wFormContainer\" style=\"max-width: 100%; width: auto;\">\n    <div class=\"wFormHeader\"><\/div>\n    <style type=\"text\/css\"><\/style><div class=\"\"><div class=\"wForm\" id=\"16-WRPR\" data-language=\"en_US\" dir=\"ltr\">\n<div class=\"codesection\" id=\"code-16\"><\/div>\n<form method=\"post\" action=\"https:\/\/patternenergy.tfaforms.net\/api_v2\/rest\/workflow\/processor\" class=\"hintsBelow labelsAbove\" id=\"16\">\n<div class=\"oneField field-container-D    \" id=\"tfa_1-D\">\n<label id=\"tfa_1-L\" class=\"label preField reqMark\" for=\"tfa_1\">First Name<\/label><br><div class=\"inputWrapper\"><input aria-required=\"true\" type=\"text\" id=\"tfa_1\" name=\"tfa_1\" value=\"\" title=\"First Name\" class=\"required\"><\/div>\n<\/div>\n<div class=\"oneField field-container-D    \" id=\"tfa_3-D\">\n<label id=\"tfa_3-L\" class=\"label preField reqMark\" for=\"tfa_3\">Last Name<\/label><br><div class=\"inputWrapper\"><input aria-required=\"true\" type=\"text\" id=\"tfa_3\" name=\"tfa_3\" value=\"\" title=\"Last Name\" class=\"required\"><\/div>\n<\/div>\n<div class=\"oneField field-container-D    \" id=\"tfa_5-D\">\n<label id=\"tfa_5-L\" class=\"label preField \" for=\"tfa_5\">Company<\/label><br><div class=\"inputWrapper\"><input type=\"text\" id=\"tfa_5\" name=\"tfa_5\" value=\"\" title=\"Company\" class=\"\"><\/div>\n<\/div>\n<div class=\"oneField field-container-D    \" id=\"tfa_7-D\">\n<label id=\"tfa_7-L\" class=\"label preField reqMark\" for=\"tfa_7\">Email<\/label><br><div class=\"inputWrapper\"><input aria-required=\"true\" type=\"text\" id=\"tfa_7\" name=\"tfa_7\" value=\"\" title=\"Email\" class=\"required\"><\/div>\n<\/div>\n<div class=\"oneField field-container-D    \" id=\"tfa_9-D\">\n<label id=\"tfa_9-L\" class=\"label preField reqMark\" for=\"tfa_9\">Phone<\/label><br><div class=\"inputWrapper\"><input aria-required=\"true\" type=\"text\" id=\"tfa_9\" name=\"tfa_9\" value=\"\" title=\"Phone\" class=\"required\"><\/div>\n<\/div>\n<div class=\"oneField field-container-D    \" id=\"tfa_11-D\">\n<label id=\"tfa_11-L\" class=\"label preField reqMark\" for=\"tfa_11\">Zip<\/label><br><div class=\"inputWrapper\"><input aria-required=\"true\" type=\"text\" id=\"tfa_11\" name=\"tfa_11\" value=\"\" title=\"Zip\" class=\"required\"><\/div>\n<\/div>\n<div class=\"oneField field-container-D    \" id=\"tfa_12-D\" role=\"group\" aria-labelledby=\"tfa_12-L\" data-tfa-labelledby=\"-L tfa_12-L\">\n<label id=\"tfa_12-L\" class=\"label preField reqMark\" data-tfa-check-label-for=\"tfa_12\" aria-label=\"Consent \u00a0 required\">Consent<\/label><br><div class=\"inputWrapper\"><span id=\"tfa_12\" class=\"choices vertical required\"><span class=\"oneChoice\"><input type=\"checkbox\" value=\"tfa_13\" class=\"\" id=\"tfa_13\" name=\"tfa_13\" aria-labelledby=\"tfa_13-L\" data-tfa-labelledby=\"tfa_12-L tfa_13-L\" data-tfa-parent-id=\"tfa_12\"><label class=\"label postField\" id=\"tfa_13-L\" for=\"tfa_13\"><span class=\"input-checkbox-faux\"><\/span>I consent to receive email newsletters and text messages from Broughton Wind L.P. I understand that I can unsubscribe at any time.<\/label><\/span><\/span><\/div>\n<\/div>\n<div class=\"actions\" id=\"16-A\" data-contentid=\"submit_button\"><input type=\"submit\" data-label=\"Submit\" class=\"primaryAction\" id=\"submit_button\" value=\"Submit\"><\/div>\n<div style=\"clear:both\"><\/div>\n<input type=\"hidden\" value=\"540-bdaa3f4f59afe55425ba3f3a76fe85bb\" name=\"tfa_dbCounters\" id=\"tfa_dbCounters\" autocomplete=\"off\"><input type=\"hidden\" value=\"16\" name=\"tfa_dbFormId\" id=\"tfa_dbFormId\"><input type=\"hidden\" value=\"\" name=\"tfa_dbResponseId\" id=\"tfa_dbResponseId\"><input type=\"hidden\" value=\"bba0b4778c09335a9c65186640d86e3d\" name=\"tfa_dbControl\" id=\"tfa_dbControl\"><input type=\"hidden\" value=\"\" name=\"tfa_dbWorkflowSessionUuid\" id=\"tfa_dbWorkflowSessionUuid\"><input type=\"hidden\" value=\"1778328962\" name=\"tfa_dbTimeStarted\" id=\"tfa_dbTimeStarted\" autocomplete=\"off\"><input type=\"hidden\" value=\"9\" name=\"tfa_dbVersionId\" id=\"tfa_dbVersionId\"><input type=\"hidden\" value=\"\" name=\"tfa_switchedoff\" id=\"tfa_switchedoff\">\n<\/form>\n<\/div><\/div><div class=\"wFormFooter\"><p class=\"supportInfo\"><br><\/p><\/div>\n  <p class=\"supportInfo\" >\n      <\/p>\n <\/div>\n\n<script\n    id=\"analytics-collector-script\"\n    type=\"text\/javascript\"\n    src=\"https:\/\/patternenergy.tfaforms.net\/dist\/analytics\/data-collector.f9f54c12ade21135b7c2.js\"\n    data-customer-id=\"183167\"\n    data-endpoint=\"https:\/\/analytics.formassembly.com\/v1\/traces\"\n><\/script>\n\n\n\n<\/div>\t\t\n\t<\/div>\n<\/section><!-- Textual Content -->","protected":false},"excerpt":{"rendered":"","protected":false},"author":1,"featured_media":0,"parent":0,"menu_order":51,"comment_status":"closed","ping_status":"closed","template":"","meta":{"_acf_changed":false,"footnotes":""},"class_list":["post-23114","page","type-page","status-publish","hentry"],"acf":[],"yoast_head":"<!-- This site is optimized with the Yoast SEO plugin v27.5 - https:\/\/yoast.com\/product\/yoast-seo-wordpress\/ -->\n<title>:: Notificaciones del Proyecto E\u00f3lico Broughton<\/title>\n<meta name=\"description\" content=\"Si es usted contratista autorizado o proveedor y desea participar en el proyecto, reg\u00edstrese con nosotros.\" \/>\n<meta name=\"robots\" content=\"index, follow, max-snippet:-1, max-image-preview:large, max-video-preview:-1\" \/>\n<link rel=\"canonical\" href=\"https:\/\/patternenergy.com\/es\/notificaciones-del-proyecto-eolico-broughton\/\" \/>\n<meta property=\"og:locale\" content=\"es_ES\" \/>\n<meta property=\"og:type\" content=\"article\" \/>\n<meta property=\"og:title\" content=\"Pattern Energy :: Contratista\" \/>\n<meta property=\"og:description\" content=\"Si es contratista autorizado o proveedor y desea participar en el proyecto Western Spirit Transmission, reg\u00edstrese con nosotros.\" \/>\n<meta property=\"og:url\" content=\"https:\/\/patternenergy.com\/es\/notificaciones-del-proyecto-eolico-broughton\/\" \/>\n<meta property=\"og:site_name\" content=\"Pattern Energy\" \/>\n<meta property=\"article:publisher\" content=\"https:\/\/www.facebook.com\/PatternEnergy\/\" \/>\n<meta property=\"article:modified_time\" content=\"2025-12-24T10:24:18+00:00\" \/>\n<meta property=\"og:image\" content=\"https:\/\/patternenergy.com\/wp-content\/uploads\/2022\/02\/PE_Home_Facebook-1.jpg\" \/>\n<meta name=\"twitter:card\" content=\"summary_large_image\" \/>\n<meta name=\"twitter:title\" content=\"Pattern Energy :: Contratista\" \/>\n<meta name=\"twitter:description\" content=\"Si es contratista autorizado o proveedor y desea participar en el proyecto Western Spirit Transmission, reg\u00edstrese con nosotros.\" \/>\n<meta name=\"twitter:image\" content=\"https:\/\/patternenergy.com\/wp-content\/uploads\/2022\/02\/PE_Home_Twitter-2.jpg\" \/>\n<meta name=\"twitter:label1\" content=\"Tiempo de lectura\" \/>\n\t<meta name=\"twitter:data1\" content=\"1 minuto\" \/>\n<script type=\"application\/ld+json\" class=\"yoast-schema-graph\">{\"@context\":\"https:\\\/\\\/schema.org\",\"@graph\":[{\"@type\":\"WebPage\",\"@id\":\"https:\\\/\\\/patternenergy.com\\\/es\\\/notificaciones-del-proyecto-eolico-broughton\\\/\",\"url\":\"https:\\\/\\\/patternenergy.com\\\/es\\\/notificaciones-del-proyecto-eolico-broughton\\\/\",\"name\":\":: Notificaciones del Proyecto E\u00f3lico Broughton\",\"isPartOf\":{\"@id\":\"https:\\\/\\\/patternenergy.com\\\/es\\\/#website\"},\"datePublished\":\"2025-10-09T09:42:36+00:00\",\"dateModified\":\"2025-12-24T10:24:18+00:00\",\"description\":\"Si es usted contratista autorizado o proveedor y desea participar en el proyecto, reg\u00edstrese con nosotros.\",\"breadcrumb\":{\"@id\":\"https:\\\/\\\/patternenergy.com\\\/es\\\/notificaciones-del-proyecto-eolico-broughton\\\/#breadcrumb\"},\"inLanguage\":\"es\",\"potentialAction\":[{\"@type\":\"ReadAction\",\"target\":[\"https:\\\/\\\/patternenergy.com\\\/es\\\/notificaciones-del-proyecto-eolico-broughton\\\/\"]}]},{\"@type\":\"BreadcrumbList\",\"@id\":\"https:\\\/\\\/patternenergy.com\\\/es\\\/notificaciones-del-proyecto-eolico-broughton\\\/#breadcrumb\",\"itemListElement\":[{\"@type\":\"ListItem\",\"position\":1,\"name\":\"Home\",\"item\":\"https:\\\/\\\/patternenergy.com\\\/es\\\/\"},{\"@type\":\"ListItem\",\"position\":2,\"name\":\"Notificaciones del Proyecto E\u00f3lico Broughton\"}]},{\"@type\":\"WebSite\",\"@id\":\"https:\\\/\\\/patternenergy.com\\\/es\\\/#website\",\"url\":\"https:\\\/\\\/patternenergy.com\\\/es\\\/\",\"name\":\"Pattern Energy\",\"description\":\"Desarrollamos, construimos, poseemos y explotamos proyectos e\u00f3licos, solares, de transmisi\u00f3n y de almacenamiento de energ\u00eda de alta calidad en todo el mundo.\",\"publisher\":{\"@id\":\"https:\\\/\\\/patternenergy.com\\\/es\\\/#organization\"},\"potentialAction\":[{\"@type\":\"SearchAction\",\"target\":{\"@type\":\"EntryPoint\",\"urlTemplate\":\"https:\\\/\\\/patternenergy.com\\\/es\\\/?s={search_term_string}\"},\"query-input\":{\"@type\":\"PropertyValueSpecification\",\"valueRequired\":true,\"valueName\":\"search_term_string\"}}],\"inLanguage\":\"es\"},{\"@type\":\"Organization\",\"@id\":\"https:\\\/\\\/patternenergy.com\\\/es\\\/#organization\",\"name\":\"Pattern Energy\",\"url\":\"https:\\\/\\\/patternenergy.com\\\/es\\\/\",\"logo\":{\"@type\":\"ImageObject\",\"inLanguage\":\"es\",\"@id\":\"https:\\\/\\\/patternenergy.com\\\/es\\\/#\\\/schema\\\/logo\\\/image\\\/\",\"url\":\"https:\\\/\\\/patternenergy.com\\\/wp-content\\\/uploads\\\/2022\\\/01\\\/Pattern-Energy-Media-thumbnail-logo.jpg\",\"contentUrl\":\"https:\\\/\\\/patternenergy.com\\\/wp-content\\\/uploads\\\/2022\\\/01\\\/Pattern-Energy-Media-thumbnail-logo.jpg\",\"width\":1200,\"height\":627,\"caption\":\"Pattern Energy\"},\"image\":{\"@id\":\"https:\\\/\\\/patternenergy.com\\\/es\\\/#\\\/schema\\\/logo\\\/image\\\/\"},\"sameAs\":[\"https:\\\/\\\/www.facebook.com\\\/PatternEnergy\\\/\",\"https:\\\/\\\/instagram.com\\\/patternenergy?utm_medium=copy_link\",\"https:\\\/\\\/www.linkedin.com\\\/company\\\/pattern-energy\",\"https:\\\/\\\/www.youtube.com\\\/user\\\/PatternEnergy?app=desktop\",\"https:\\\/\\\/web.cauze.com\\\/company\\\/293\"]}]}<\/script>\n<!-- \/ Yoast SEO plugin. -->","yoast_head_json":{"title":":: Notificaciones del Proyecto E\u00f3lico Broughton","description":"Si es usted contratista autorizado o proveedor y desea participar en el proyecto, reg\u00edstrese con nosotros.","robots":{"index":"index","follow":"follow","max-snippet":"max-snippet:-1","max-image-preview":"max-image-preview:large","max-video-preview":"max-video-preview:-1"},"canonical":"https:\/\/patternenergy.com\/es\/notificaciones-del-proyecto-eolico-broughton\/","og_locale":"es_ES","og_type":"article","og_title":"Pattern Energy :: Contratista","og_description":"Si es contratista autorizado o proveedor y desea participar en el proyecto Western Spirit Transmission, reg\u00edstrese con nosotros.","og_url":"https:\/\/patternenergy.com\/es\/notificaciones-del-proyecto-eolico-broughton\/","og_site_name":"Pattern Energy","article_publisher":"https:\/\/www.facebook.com\/PatternEnergy\/","article_modified_time":"2025-12-24T10:24:18+00:00","og_image":[{"url":"https:\/\/patternenergy.com\/wp-content\/uploads\/2022\/02\/PE_Home_Facebook-1.jpg","type":"","width":"","height":""}],"twitter_card":"summary_large_image","twitter_title":"Pattern Energy :: Contratista","twitter_description":"Si es contratista autorizado o proveedor y desea participar en el proyecto Western Spirit Transmission, reg\u00edstrese con nosotros.","twitter_image":"https:\/\/patternenergy.com\/wp-content\/uploads\/2022\/02\/PE_Home_Twitter-2.jpg","twitter_misc":{"Tiempo de lectura":"1 minuto"},"schema":{"@context":"https:\/\/schema.org","@graph":[{"@type":"WebPage","@id":"https:\/\/patternenergy.com\/es\/notificaciones-del-proyecto-eolico-broughton\/","url":"https:\/\/patternenergy.com\/es\/notificaciones-del-proyecto-eolico-broughton\/","name":":: Notificaciones del Proyecto E\u00f3lico Broughton","isPartOf":{"@id":"https:\/\/patternenergy.com\/es\/#website"},"datePublished":"2025-10-09T09:42:36+00:00","dateModified":"2025-12-24T10:24:18+00:00","description":"Si es usted contratista autorizado o proveedor y desea participar en el proyecto, reg\u00edstrese con nosotros.","breadcrumb":{"@id":"https:\/\/patternenergy.com\/es\/notificaciones-del-proyecto-eolico-broughton\/#breadcrumb"},"inLanguage":"es","potentialAction":[{"@type":"ReadAction","target":["https:\/\/patternenergy.com\/es\/notificaciones-del-proyecto-eolico-broughton\/"]}]},{"@type":"BreadcrumbList","@id":"https:\/\/patternenergy.com\/es\/notificaciones-del-proyecto-eolico-broughton\/#breadcrumb","itemListElement":[{"@type":"ListItem","position":1,"name":"Home","item":"https:\/\/patternenergy.com\/es\/"},{"@type":"ListItem","position":2,"name":"Notificaciones del Proyecto E\u00f3lico Broughton"}]},{"@type":"WebSite","@id":"https:\/\/patternenergy.com\/es\/#website","url":"https:\/\/patternenergy.com\/es\/","name":"Pattern Energy","description":"Desarrollamos, construimos, poseemos y explotamos proyectos e\u00f3licos, solares, de transmisi\u00f3n y de almacenamiento de energ\u00eda de alta calidad en todo el mundo.","publisher":{"@id":"https:\/\/patternenergy.com\/es\/#organization"},"potentialAction":[{"@type":"SearchAction","target":{"@type":"EntryPoint","urlTemplate":"https:\/\/patternenergy.com\/es\/?s={search_term_string}"},"query-input":{"@type":"PropertyValueSpecification","valueRequired":true,"valueName":"search_term_string"}}],"inLanguage":"es"},{"@type":"Organization","@id":"https:\/\/patternenergy.com\/es\/#organization","name":"Pattern Energy","url":"https:\/\/patternenergy.com\/es\/","logo":{"@type":"ImageObject","inLanguage":"es","@id":"https:\/\/patternenergy.com\/es\/#\/schema\/logo\/image\/","url":"https:\/\/patternenergy.com\/wp-content\/uploads\/2022\/01\/Pattern-Energy-Media-thumbnail-logo.jpg","contentUrl":"https:\/\/patternenergy.com\/wp-content\/uploads\/2022\/01\/Pattern-Energy-Media-thumbnail-logo.jpg","width":1200,"height":627,"caption":"Pattern Energy"},"image":{"@id":"https:\/\/patternenergy.com\/es\/#\/schema\/logo\/image\/"},"sameAs":["https:\/\/www.facebook.com\/PatternEnergy\/","https:\/\/instagram.com\/patternenergy?utm_medium=copy_link","https:\/\/www.linkedin.com\/company\/pattern-energy","https:\/\/www.youtube.com\/user\/PatternEnergy?app=desktop","https:\/\/web.cauze.com\/company\/293"]}]}},"_links":{"self":[{"href":"https:\/\/patternenergy.com\/es\/wp-json\/wp\/v2\/pages\/23114","targetHints":{"allow":["GET"]}}],"collection":[{"href":"https:\/\/patternenergy.com\/es\/wp-json\/wp\/v2\/pages"}],"about":[{"href":"https:\/\/patternenergy.com\/es\/wp-json\/wp\/v2\/types\/page"}],"author":[{"embeddable":true,"href":"https:\/\/patternenergy.com\/es\/wp-json\/wp\/v2\/users\/1"}],"replies":[{"embeddable":true,"href":"https:\/\/patternenergy.com\/es\/wp-json\/wp\/v2\/comments?post=23114"}],"version-history":[{"count":0,"href":"https:\/\/patternenergy.com\/es\/wp-json\/wp\/v2\/pages\/23114\/revisions"}],"wp:attachment":[{"href":"https:\/\/patternenergy.com\/es\/wp-json\/wp\/v2\/media?parent=23114"}],"curies":[{"name":"wp","href":"https:\/\/api.w.org\/{rel}","templated":true}]}}