{"id":22979,"date":"2025-09-17T14:37:03","date_gmt":"2025-09-17T19:37:03","guid":{"rendered":"https:\/\/patternenergy.com\/cumplimiento-de-pattern-energy-group-lp\/"},"modified":"2026-03-12T08:56:42","modified_gmt":"2026-03-12T13:56:42","slug":"cumplimiento-de-pattern-energy-group-lp","status":"publish","type":"page","link":"https:\/\/patternenergy.com\/es\/cumplimiento-de-pattern-energy-group-lp\/","title":{"rendered":"Cumplimiento de Pattern Energy Group LP"},"content":{"rendered":"\n<section class=\"textual-content no-space-bottom type-default\" >\n\t\n\t<div class=\"holder block-entry animated\">\n\t\t\n\t\t\t\t\t\t\n\t\t<div class=\"acf-innerblocks-container\">\n\n<h1 class=\"wp-block-heading\"><strong>Cumplimiento de Pattern Energy Group, LP<\/strong><\/h1>\n\n<\/div>\t\t\n\t<\/div>\n<\/section><!-- Textual Content -->\n<section class=\"textual-content type-default\" >\n\t\n\t<div class=\"holder block-entry animated\">\n\t\t\n\t\t\t\t\t\t\n\t\t<div class=\"acf-innerblocks-container\">\n\n<p><strong>Normas de conducta de la FERC<\/strong><\/p>\n\n\n\n<div class=\"wp-block-buttons is-layout-flex wp-block-buttons-is-layout-flex\">\n<div class=\"wp-block-button\"><a class=\"wp-block-button__link wp-element-button\" href=\"https:\/\/patternenergy.com\/es\/normas-de-conducta-de-sunzia-ferc\/\">Normas de conducta de SunZia FERC<\/a><\/div>\n<\/div>\n\n<\/div>\t\t\n\t<\/div>\n<\/section><!-- Textual Content -->","protected":false},"excerpt":{"rendered":"","protected":false},"author":3,"featured_media":0,"parent":0,"menu_order":0,"comment_status":"closed","ping_status":"closed","template":"","meta":{"_acf_changed":false,"footnotes":""},"class_list":["post-22979","page","type-page","status-publish","hentry"],"acf":[],"yoast_head":"<!-- This site is optimized with the Yoast SEO plugin v27.5 - https:\/\/yoast.com\/product\/yoast-seo-wordpress\/ -->\n<title>Cumplimiento de Pattern Energy Group LP :: %<\/title>\n<meta name=\"description\" content=\"Cumplimiento de Pattern Energy Group LP: Transparencia y publicaciones de las Normas de Conducta de la FERC para operaciones reguladas.\" \/>\n<meta name=\"robots\" content=\"index, follow, max-snippet:-1, max-image-preview:large, max-video-preview:-1\" \/>\n<link rel=\"canonical\" href=\"https:\/\/patternenergy.com\/es\/cumplimiento-de-pattern-energy-group-lp\/\" \/>\n<meta property=\"og:locale\" content=\"es_ES\" \/>\n<meta property=\"og:type\" content=\"article\" \/>\n<meta property=\"og:title\" content=\"Cumplimiento de Pattern Energy Group LP - %\" \/>\n<meta property=\"og:description\" content=\"Cumplimiento de Pattern Energy Group LP: Transparencia y publicaciones de las Normas de Conducta de la FERC para operaciones reguladas.\" \/>\n<meta property=\"og:url\" content=\"https:\/\/patternenergy.com\/es\/cumplimiento-de-pattern-energy-group-lp\/\" \/>\n<meta property=\"og:site_name\" content=\"Pattern Energy\" \/>\n<meta property=\"article:publisher\" content=\"https:\/\/www.facebook.com\/PatternEnergy\/\" \/>\n<meta property=\"article:modified_time\" content=\"2026-03-12T13:56:42+00:00\" \/>\n<meta property=\"og:image\" content=\"https:\/\/patternenergy.com\/wp-content\/uploads\/2022\/01\/Pattern-Energy-Media-thumbnail-logo-1024x535.jpg\" \/>\n<meta name=\"twitter:card\" content=\"summary_large_image\" \/>\n<meta name=\"twitter:title\" content=\"Cumplimiento de Pattern Energy Group LP - %\" \/>\n<meta name=\"twitter:description\" content=\"Cumplimiento de Pattern Energy Group LP: Transparencia y publicaciones de las Normas de Conducta de la FERC para operaciones reguladas.\" \/>\n<meta name=\"twitter:image\" content=\"https:\/\/patternenergy.com\/wp-content\/uploads\/2022\/01\/Pattern-Energy-Media-thumbnail-logo-1024x535.jpg\" \/>\n<script type=\"application\/ld+json\" class=\"yoast-schema-graph\">{\"@context\":\"https:\\\/\\\/schema.org\",\"@graph\":[{\"@type\":\"WebPage\",\"@id\":\"https:\\\/\\\/patternenergy.com\\\/es\\\/cumplimiento-de-pattern-energy-group-lp\\\/\",\"url\":\"https:\\\/\\\/patternenergy.com\\\/es\\\/cumplimiento-de-pattern-energy-group-lp\\\/\",\"name\":\"Cumplimiento de Pattern Energy Group LP :: %\",\"isPartOf\":{\"@id\":\"https:\\\/\\\/patternenergy.com\\\/es\\\/#website\"},\"datePublished\":\"2025-09-17T19:37:03+00:00\",\"dateModified\":\"2026-03-12T13:56:42+00:00\",\"description\":\"Cumplimiento de Pattern Energy Group LP: Transparencia y publicaciones de las Normas de Conducta de la FERC para operaciones reguladas.\",\"breadcrumb\":{\"@id\":\"https:\\\/\\\/patternenergy.com\\\/es\\\/cumplimiento-de-pattern-energy-group-lp\\\/#breadcrumb\"},\"inLanguage\":\"es\",\"potentialAction\":[{\"@type\":\"ReadAction\",\"target\":[\"https:\\\/\\\/patternenergy.com\\\/es\\\/cumplimiento-de-pattern-energy-group-lp\\\/\"]}]},{\"@type\":\"BreadcrumbList\",\"@id\":\"https:\\\/\\\/patternenergy.com\\\/es\\\/cumplimiento-de-pattern-energy-group-lp\\\/#breadcrumb\",\"itemListElement\":[{\"@type\":\"ListItem\",\"position\":1,\"name\":\"Home\",\"item\":\"https:\\\/\\\/patternenergy.com\\\/es\\\/\"},{\"@type\":\"ListItem\",\"position\":2,\"name\":\"Cumplimiento de Pattern Energy Group LP\"}]},{\"@type\":\"WebSite\",\"@id\":\"https:\\\/\\\/patternenergy.com\\\/es\\\/#website\",\"url\":\"https:\\\/\\\/patternenergy.com\\\/es\\\/\",\"name\":\"Pattern Energy\",\"description\":\"Desarrollamos, construimos, poseemos y explotamos proyectos e\u00f3licos, solares, de transmisi\u00f3n y de almacenamiento de energ\u00eda de alta calidad en todo el mundo.\",\"publisher\":{\"@id\":\"https:\\\/\\\/patternenergy.com\\\/es\\\/#organization\"},\"potentialAction\":[{\"@type\":\"SearchAction\",\"target\":{\"@type\":\"EntryPoint\",\"urlTemplate\":\"https:\\\/\\\/patternenergy.com\\\/es\\\/?s={search_term_string}\"},\"query-input\":{\"@type\":\"PropertyValueSpecification\",\"valueRequired\":true,\"valueName\":\"search_term_string\"}}],\"inLanguage\":\"es\"},{\"@type\":\"Organization\",\"@id\":\"https:\\\/\\\/patternenergy.com\\\/es\\\/#organization\",\"name\":\"Pattern Energy\",\"url\":\"https:\\\/\\\/patternenergy.com\\\/es\\\/\",\"logo\":{\"@type\":\"ImageObject\",\"inLanguage\":\"es\",\"@id\":\"https:\\\/\\\/patternenergy.com\\\/es\\\/#\\\/schema\\\/logo\\\/image\\\/\",\"url\":\"https:\\\/\\\/patternenergy.com\\\/wp-content\\\/uploads\\\/2022\\\/01\\\/Pattern-Energy-Media-thumbnail-logo.jpg\",\"contentUrl\":\"https:\\\/\\\/patternenergy.com\\\/wp-content\\\/uploads\\\/2022\\\/01\\\/Pattern-Energy-Media-thumbnail-logo.jpg\",\"width\":1200,\"height\":627,\"caption\":\"Pattern Energy\"},\"image\":{\"@id\":\"https:\\\/\\\/patternenergy.com\\\/es\\\/#\\\/schema\\\/logo\\\/image\\\/\"},\"sameAs\":[\"https:\\\/\\\/www.facebook.com\\\/PatternEnergy\\\/\",\"https:\\\/\\\/instagram.com\\\/patternenergy?utm_medium=copy_link\",\"https:\\\/\\\/www.linkedin.com\\\/company\\\/pattern-energy\",\"https:\\\/\\\/www.youtube.com\\\/user\\\/PatternEnergy?app=desktop\",\"https:\\\/\\\/web.cauze.com\\\/company\\\/293\"]}]}<\/script>\n<!-- \/ Yoast SEO plugin. -->","yoast_head_json":{"title":"Cumplimiento de Pattern Energy Group LP :: %","description":"Cumplimiento de Pattern Energy Group LP: Transparencia y publicaciones de las Normas de Conducta de la FERC para operaciones reguladas.","robots":{"index":"index","follow":"follow","max-snippet":"max-snippet:-1","max-image-preview":"max-image-preview:large","max-video-preview":"max-video-preview:-1"},"canonical":"https:\/\/patternenergy.com\/es\/cumplimiento-de-pattern-energy-group-lp\/","og_locale":"es_ES","og_type":"article","og_title":"Cumplimiento de Pattern Energy Group LP - %","og_description":"Cumplimiento de Pattern Energy Group LP: Transparencia y publicaciones de las Normas de Conducta de la FERC para operaciones reguladas.","og_url":"https:\/\/patternenergy.com\/es\/cumplimiento-de-pattern-energy-group-lp\/","og_site_name":"Pattern Energy","article_publisher":"https:\/\/www.facebook.com\/PatternEnergy\/","article_modified_time":"2026-03-12T13:56:42+00:00","og_image":[{"url":"https:\/\/patternenergy.com\/wp-content\/uploads\/2022\/01\/Pattern-Energy-Media-thumbnail-logo-1024x535.jpg","type":"","width":"","height":""}],"twitter_card":"summary_large_image","twitter_title":"Cumplimiento de Pattern Energy Group LP - %","twitter_description":"Cumplimiento de Pattern Energy Group LP: Transparencia y publicaciones de las Normas de Conducta de la FERC para operaciones reguladas.","twitter_image":"https:\/\/patternenergy.com\/wp-content\/uploads\/2022\/01\/Pattern-Energy-Media-thumbnail-logo-1024x535.jpg","schema":{"@context":"https:\/\/schema.org","@graph":[{"@type":"WebPage","@id":"https:\/\/patternenergy.com\/es\/cumplimiento-de-pattern-energy-group-lp\/","url":"https:\/\/patternenergy.com\/es\/cumplimiento-de-pattern-energy-group-lp\/","name":"Cumplimiento de Pattern Energy Group LP :: %","isPartOf":{"@id":"https:\/\/patternenergy.com\/es\/#website"},"datePublished":"2025-09-17T19:37:03+00:00","dateModified":"2026-03-12T13:56:42+00:00","description":"Cumplimiento de Pattern Energy Group LP: Transparencia y publicaciones de las Normas de Conducta de la FERC para operaciones reguladas.","breadcrumb":{"@id":"https:\/\/patternenergy.com\/es\/cumplimiento-de-pattern-energy-group-lp\/#breadcrumb"},"inLanguage":"es","potentialAction":[{"@type":"ReadAction","target":["https:\/\/patternenergy.com\/es\/cumplimiento-de-pattern-energy-group-lp\/"]}]},{"@type":"BreadcrumbList","@id":"https:\/\/patternenergy.com\/es\/cumplimiento-de-pattern-energy-group-lp\/#breadcrumb","itemListElement":[{"@type":"ListItem","position":1,"name":"Home","item":"https:\/\/patternenergy.com\/es\/"},{"@type":"ListItem","position":2,"name":"Cumplimiento de Pattern Energy Group LP"}]},{"@type":"WebSite","@id":"https:\/\/patternenergy.com\/es\/#website","url":"https:\/\/patternenergy.com\/es\/","name":"Pattern Energy","description":"Desarrollamos, construimos, poseemos y explotamos proyectos e\u00f3licos, solares, de transmisi\u00f3n y de almacenamiento de energ\u00eda de alta calidad en todo el mundo.","publisher":{"@id":"https:\/\/patternenergy.com\/es\/#organization"},"potentialAction":[{"@type":"SearchAction","target":{"@type":"EntryPoint","urlTemplate":"https:\/\/patternenergy.com\/es\/?s={search_term_string}"},"query-input":{"@type":"PropertyValueSpecification","valueRequired":true,"valueName":"search_term_string"}}],"inLanguage":"es"},{"@type":"Organization","@id":"https:\/\/patternenergy.com\/es\/#organization","name":"Pattern Energy","url":"https:\/\/patternenergy.com\/es\/","logo":{"@type":"ImageObject","inLanguage":"es","@id":"https:\/\/patternenergy.com\/es\/#\/schema\/logo\/image\/","url":"https:\/\/patternenergy.com\/wp-content\/uploads\/2022\/01\/Pattern-Energy-Media-thumbnail-logo.jpg","contentUrl":"https:\/\/patternenergy.com\/wp-content\/uploads\/2022\/01\/Pattern-Energy-Media-thumbnail-logo.jpg","width":1200,"height":627,"caption":"Pattern Energy"},"image":{"@id":"https:\/\/patternenergy.com\/es\/#\/schema\/logo\/image\/"},"sameAs":["https:\/\/www.facebook.com\/PatternEnergy\/","https:\/\/instagram.com\/patternenergy?utm_medium=copy_link","https:\/\/www.linkedin.com\/company\/pattern-energy","https:\/\/www.youtube.com\/user\/PatternEnergy?app=desktop","https:\/\/web.cauze.com\/company\/293"]}]}},"_links":{"self":[{"href":"https:\/\/patternenergy.com\/es\/wp-json\/wp\/v2\/pages\/22979","targetHints":{"allow":["GET"]}}],"collection":[{"href":"https:\/\/patternenergy.com\/es\/wp-json\/wp\/v2\/pages"}],"about":[{"href":"https:\/\/patternenergy.com\/es\/wp-json\/wp\/v2\/types\/page"}],"author":[{"embeddable":true,"href":"https:\/\/patternenergy.com\/es\/wp-json\/wp\/v2\/users\/3"}],"replies":[{"embeddable":true,"href":"https:\/\/patternenergy.com\/es\/wp-json\/wp\/v2\/comments?post=22979"}],"version-history":[{"count":1,"href":"https:\/\/patternenergy.com\/es\/wp-json\/wp\/v2\/pages\/22979\/revisions"}],"predecessor-version":[{"id":25582,"href":"https:\/\/patternenergy.com\/es\/wp-json\/wp\/v2\/pages\/22979\/revisions\/25582"}],"wp:attachment":[{"href":"https:\/\/patternenergy.com\/es\/wp-json\/wp\/v2\/media?parent=22979"}],"curies":[{"name":"wp","href":"https:\/\/api.w.org\/{rel}","templated":true}]}}