{"id":20950,"date":"2024-10-18T14:36:15","date_gmt":"2024-10-18T19:36:15","guid":{"rendered":"https:\/\/patternenergy.com\/feria-de-empleo-sunzia-2024\/"},"modified":"2024-10-29T09:56:15","modified_gmt":"2024-10-29T14:56:15","slug":"feria-de-empleo-sunzia-2024","status":"publish","type":"page","link":"https:\/\/patternenergy.com\/es\/feria-de-empleo-sunzia-2024\/","title":{"rendered":"Feria de Empleo SunZia 2024"},"content":{"rendered":"\n\n<section class=\"hero\" style=\"background-image: url(https:\/\/patternenergy.com\/wp-content\/uploads\/2024\/10\/SunZia-Careers-hero-image-7.jpg);\">\n\t<div class=\"holder\">\n\t\t<article>\n\t\t\t<div class=\"acf-innerblocks-container\">\n\n<h2 class=\"wp-block-heading\">Bienvenido a la Expo de la Energ\u00eda <br\/>&amp; Career Symposium<\/h2>\n\n\n\n<p><\/p>\n\n\n\n<p><\/p>\n\n<\/div>\t\t\t\t\t\t\t\t\t\t<div class=\"below-text-image-holder\">\n\n\t\t\t\t\t\n\t\t\t\t\t<div class=\"images-holder\">\n\t\t\t\t\t\t\t\t\t\t\t\t\t<img decoding=\"async\" src=\"https:\/\/patternenergy.com\/wp-content\/uploads\/2024\/10\/GE@3x.png\" alt=\"\">\n\t\t\t\t\t\t\t\t\n\t\t\t\t\t\t\t\t\t\t\t\t\t<img decoding=\"async\" src=\"https:\/\/patternenergy.com\/wp-content\/uploads\/2024\/10\/vestas-2@3x.png\" alt=\"\">\n\t\t\t\t\t\t\t\t\t\t\t<\/div>\n\n\t\t\t\t<\/div>\n\t\t\t\t\t<\/article>\n\t\t<span class=\"scroll-indicator\"><em>Desplazarse hacia abajo<\/em><\/span>\n\t<\/div>\n<\/section>\n\n\n<section class=\"two-columns type-default  \" >\n\t\t<div class=\"holder\">\n\t\t\n\t\t<div class=\"img-wrapper animated\">\n\t\t\t\t\t\t<div class=\"circles\">\n\t\t\t\t<span class=\"smaller parallax\" data-scale=\"0.00025\"><\/span>\n\t\t\t\t<span class=\"bigger parallax\" data-scale=\"0.00015\"><\/span>\n\t\t\t<\/div>\t\t\t\t\t\t\n\t\t\t<div class=\"img-holder\">\n\t\t\t\t<div class=\"img parallax\" data-speed=\"-0.1\">\n\t\t\t\t\t<span style=\"background-image: url(https:\/\/patternenergy.com\/wp-content\/uploads\/2021\/12\/Pattern-Broadview-Grady-Techs-v1-copy.png)\"><\/span>\n\t\t\t\t<\/div>\n\t\t\t<\/div>\n\t\t\t\n\t\t<\/div>\n\t\t\n\t\t\t\t<article class=\"parallax block-entry\" data-speed=\"0.025\">\n\t\t<div class=\"acf-innerblocks-container\">\n\n<p><strong>\u00a1Potencia tu futuro con una carrera en energ\u00edas renovables!<\/strong><\/p>\n\n\n\n<p>\u00bfQuieres marcar la diferencia en el mundo y adem\u00e1s ganar un buen dinero? \u00a1\u00danete a una de las industrias de m\u00e1s r\u00e1pido crecimiento! <\/p>\n\n<\/div>\t\t<\/article>\n\t\t\t\t\n\t<\/div>\n\t\n\t\t\n<\/section><!-- Two Columns -->\n\n<section class=\"two-columns timeline reverse type-default  \" data-title=\"Ofertas de empleo\">\n\t\t<div class=\"holder\">\n\t\t\n\t\t<div class=\"img-wrapper animated\">\n\t\t\t\t\t\t<div class=\"circles\">\n\t\t\t\t<span class=\"smaller parallax\" data-scale=\"0.00025\"><\/span>\n\t\t\t\t<span class=\"bigger parallax\" data-scale=\"0.00015\"><\/span>\n\t\t\t<\/div>\t\t\t\t\t\t\n\t\t\t<div class=\"img-holder\">\n\t\t\t\t<div class=\"img parallax\" data-speed=\"-0.1\">\n\t\t\t\t\t<span style=\"background-image: url(https:\/\/patternenergy.com\/wp-content\/uploads\/2021\/12\/Pattern-Broadview-Grady-Techs-3-copy.png)\"><\/span>\n\t\t\t\t<\/div>\n\t\t\t<\/div>\n\t\t\t\n\t\t<\/div>\n\t\t\n\t\t\t\t<article class=\"parallax block-entry\" data-speed=\"0.025\">\n\t\t<div class=\"acf-innerblocks-container\">\n\n<p><strong>\u00a1La industria de la energ\u00eda e\u00f3lica de Nuevo M\u00e9xico est\u00e1 contratando a j\u00f3venes t\u00e9cnicos e\u00f3licos como T\u00da!<\/strong><\/p>\n\n\n\n<ul class=\"wp-block-list\">\n<li>Gana un salario competitivo<\/li>\n\n\n\n<li>Trabajar al aire libre<\/li>\n\n\n\n<li>Gana un salario inicial de m\u00e1s de 59.000 $\/a\u00f1o<\/li>\n\n\n\n<li>Los mejores t\u00e9cnicos pueden ganar m\u00e1s de 80.000<\/li>\n\n\n\n<li>Empieza en s\u00f3lo 2 a\u00f1os de formaci\u00f3n<\/li>\n<\/ul>\n\n<\/div>\t\t<\/article>\n\t\t\t\t\n\t<\/div>\n\t\n\t\t\n<\/section><!-- Two Columns -->\n\n<section class=\"with-vertical-slider\" data-title=\"Carrera en energ\u00eda e\u00f3lica\">\n\t\n\t\t\n\t\t\t\n\t\t\t\n\t\t<div class=\"holder \">\n\t\t\t\n\t\t\t\n\t\t\t<ul class=\"media-list\">\n\t\t\t\t\t\t\t<li class=\"active\">\n\t\t\t\t\t\t\t\t\t\t<a href=\"https:\/\/vimeo.com\/928132403?share=copy#t=0\" class=\"video-quote-play popup-video\" aria-label=\"Play video from \">\n\t\t\t\t\t\t<small><\/small>\n\t\t\t\t\t<\/a>\n\t\t\t\t\t\t\t\t\t\t<span style=\"background-image: url(https:\/\/patternenergy.com\/wp-content\/uploads\/2024\/10\/Day-in-the-life-copy1.jpg)\"><\/span>\n\t\t\t\t<\/li>\n\t\t\t\t\t\t\t<li class=\"\">\n\t\t\t\t\t\t\t\t\t\t<a href=\"https:\/\/www.youtube.com\/watch?v=s3N4NMg8Blw\" class=\"video-quote-play popup-video\" aria-label=\"Play video from \">\n\t\t\t\t\t\t<small><\/small>\n\t\t\t\t\t<\/a>\n\t\t\t\t\t\t\t\t\t\t<span style=\"background-image: url(https:\/\/patternenergy.com\/wp-content\/uploads\/2024\/10\/Day-in-the-life-copy2.jpg)\"><\/span>\n\t\t\t\t<\/li>\n\t\t\t\t\t\t<\/ul>\n\t\t\t\n\t\t\t<article>\n\t\t\t\t<div class=\"quotes\">\n\t\t\t\t\t<div class=\"counter\"><span class=\"current\">01<\/span> \/ <span class=\"total\"><\/span><\/div>\n\t\t\t\t\t<ul>\n\t\t\t\t\t\t\t\t\t\t\t<li class=\"active no-quote\">\n\t\t\t\t\t\t\t<blockquote>\n\t\t\t\t\t\t\t\t<p>\n\t\t\t\t\t\t\t\t\tComo t\u00e9cnico e\u00f3lico de SunZia escalar\u00e1s enormes turbinas, trabajar\u00e1s con tecnolog\u00eda punta, viajar\u00e1s por los \u00e9picos paisajes de Nuevo M\u00e9xico y utilizar\u00e1s tus manos y tu mente para desarrollar soluciones t\u00e9cnicas que hagan avanzar la revoluci\u00f3n de la energ\u00eda limpia.\t\t\t\t\t\t\t\t<\/p>\n\t\t\t\t\t\t\t\t<cite>\n\t\t\t\t\t\t\t\t\t<strong><\/strong>\n\t\t\t\t\t\t\t\t\t\t\t\t\t\t\t\t\t<\/cite>\n\t\t\t\t\t\t\t<\/blockquote>\n\t\t\t\t\t\t<\/li>\n\t\t\t\t\t\t\t\t\t\t\t<li class=\" no-quote\">\n\t\t\t\t\t\t\t<blockquote>\n\t\t\t\t\t\t\t\t<p>\n\t\t\t\t\t\t\t\t\tPattern Energy se enorgullece de colaborar con los colegios comunitarios locales para desarrollar la mano de obra local. Inf\u00f3rmate sobre las oportunidades que nuestras instalaciones e\u00f3licas de Broadview y Grady han creado en el condado de Clovis, Nuevo M\u00e9xico. \t\t\t\t\t\t\t\t<\/p>\n\t\t\t\t\t\t\t\t<cite>\n\t\t\t\t\t\t\t\t\t<strong><\/strong>\n\t\t\t\t\t\t\t\t\t\t\t\t\t\t\t\t\t<\/cite>\n\t\t\t\t\t\t\t<\/blockquote>\n\t\t\t\t\t\t<\/li>\n\t\t\t\t\t\t\t\t\t\t<\/ul>\n\t\t\t\t<\/div>\n\t\t\t<\/article>\n\t\t\t\n\t\t\t\t\t\t\n\t\t<\/div>\n\t\t\t\n\t\t\n<\/section><!-- Vertical Slider -->\n\n<section class=\"call-to-action-outer\" data-title=\"Suscr\u00edbase a\">\n    <div class=\"holder\">\n        <p>Suscr\u00edbete a nuestra lista de correo electr\u00f3nico para recibir informaci\u00f3n sobre oportunidades de empleo en SunZia  <\/p>\n                    <a class=\"square-button\" href=\"https:\/\/patternenergy.com\/sunzia-job-fair-form\/\" target=\"_blank\">Suscr\u00edbase a<\/a>\n            <\/div>\n<\/section>\n\n<section class=\"toggler-outer\" >\n    \n        \n\t<div class=\"holder\">\n\t\t\n\t\t\t\t<h3>Preguntas t\u00e9cnicas sobre el viento<\/h3>\n\t\t\n\t\t\t\t\t\t<dl class=\"toggle-list type-default\">\n\t\t\t\t\t<dt class=\"acc_title_bar\">\n\t\t\t\t\t\t\t\t<h5><a href=\"#\">\u00bfQu\u00e9 es un T\u00e9cnico E\u00f3lico?<\/a><\/h5>\n\t\t\t<\/dt>\n\t\t\t<dd class=\"block-entry acc_container\">\n\t\t\t\t<p>Los T\u00e9cnicos E\u00f3licos se encargan de mantener y reparar los aerogeneradores para garantizar su funcionamiento eficiente y eficaz.<\/p>\n\t\t\t<\/dd>\n\t\t\t\t\t<dt class=\"acc_title_bar\">\n\t\t\t\t\t\t\t\t<h5><a href=\"#\">\u00bfPor qu\u00e9 ser T\u00e9cnico E\u00f3lico?<\/a><\/h5>\n\t\t\t<\/dt>\n\t\t\t<dd class=\"block-entry acc_container\">\n\t\t\t\t<p>La Oficina de Estad\u00edsticas Laborales (BLS) prev\u00e9 que el empleo de t\u00e9cnicos de aerogeneradores crecer\u00e1 un 60% de 2023 a 2033. Esto es mucho m\u00e1s r\u00e1pido que la media de todas las ocupaciones. Las funciones de los t\u00e9cnicos e\u00f3licos tambi\u00e9n ofrecen oportunidades de ascenso, pueden ser gratificantes econ\u00f3micamente y el trabajo es respetuoso con el medio ambiente.  <\/p>\n\t\t\t<\/dd>\n\t\t\t\t\t<dt class=\"acc_title_bar\">\n\t\t\t\t\t\t\t\t<h5><a href=\"#\">\u00bfC\u00f3mo es un d\u00eda t\u00edpico como T\u00e9cnico de Viento?<\/a><\/h5>\n\t\t\t<\/dt>\n\t\t\t<dd class=\"block-entry acc_container\">\n\t\t\t\t<p>Durante un d\u00eda normal, puedes estar trabajando a 250 pies sobre el suelo, o trabajando en espacios reducidos para realizar tareas de mantenimiento y reparaciones. Estar\u00e1s en el exterior, y a veces el tiempo no acompa\u00f1a. Escalar\u00e1s, transportar\u00e1s herramientas y equipos, y mover\u00e1s piezas para completar tu trabajo.  <\/p>\n\t\t\t<\/dd>\n\t\t\t\t\t<dt class=\"acc_title_bar\">\n\t\t\t\t\t\t\t\t<h5><a href=\"#\">\u00bfCu\u00e1les son los requisitos para ser t\u00e9cnico e\u00f3lico?<\/a><\/h5>\n\t\t\t<\/dt>\n\t\t\t<dd class=\"block-entry acc_container\">\n\t\t\t\t<p>T\u00edtulo de Bachillerato y Certificado de T\u00e9cnico E\u00f3lico.<\/p>\n\t\t\t<\/dd>\n\t\t\t\t\t<dt class=\"acc_title_bar\">\n\t\t\t\t\t\t\t\t<h5><a href=\"#\">\u00bfCu\u00e1nto dura la formaci\u00f3n para ser T\u00e9cnico E\u00f3lico?<\/a><\/h5>\n\t\t\t<\/dt>\n\t\t\t<dd class=\"block-entry acc_container\">\n\t\t\t\t<p>La formaci\u00f3n de un T\u00e9cnico E\u00f3lico suele variar entre seis meses y dos a\u00f1os, seg\u00fan el programa.<\/p>\n\t\t\t<\/dd>\n\t\t\t\t\t<dt class=\"acc_title_bar\">\n\t\t\t\t\t\t\t\t<h5><a href=\"#\">\u00bfCu\u00e1nto gana un T\u00e9cnico E\u00f3lico?<\/a><\/h5>\n\t\t\t<\/dt>\n\t\t\t<dd class=\"block-entry acc_container\">\n\t\t\t\t<p>El salario medio de los T\u00e9cnicos E\u00f3licos en 2023 era de 29,70 la hora o 61.770 anuales.<\/p>\n\t\t\t<\/dd>\n\t\t\t\t<\/dl>\n\t\t\t<\/div>\n    \n    \t\n<\/section>\n","protected":false},"excerpt":{"rendered":"","protected":false},"author":3,"featured_media":0,"parent":0,"menu_order":0,"comment_status":"closed","ping_status":"closed","template":"","meta":{"_acf_changed":false,"footnotes":""},"class_list":["post-20950","page","type-page","status-publish","hentry"],"acf":[],"yoast_head":"<!-- This site is optimized with the Yoast SEO plugin v27.5 - https:\/\/yoast.com\/product\/yoast-seo-wordpress\/ -->\n<title>Feria de Empleo SunZia 2024 - Pattern Energy<\/title>\n<meta name=\"robots\" content=\"index, nofollow, max-snippet:-1, max-image-preview:large, max-video-preview:-1\" \/>\n<link rel=\"canonical\" href=\"https:\/\/patternenergy.com\/es\/feria-de-empleo-sunzia-2024\/\" \/>\n<meta property=\"og:locale\" content=\"es_ES\" \/>\n<meta property=\"og:type\" content=\"article\" \/>\n<meta property=\"og:title\" content=\"Feria de Empleo SunZia 2024 - Pattern Energy\" \/>\n<meta property=\"og:url\" content=\"https:\/\/patternenergy.com\/es\/feria-de-empleo-sunzia-2024\/\" \/>\n<meta property=\"og:site_name\" content=\"Pattern Energy\" \/>\n<meta property=\"article:publisher\" content=\"https:\/\/www.facebook.com\/PatternEnergy\/\" \/>\n<meta property=\"article:modified_time\" content=\"2024-10-29T14:56:15+00:00\" \/>\n<meta property=\"og:image\" content=\"https:\/\/patternenergy.com\/wp-content\/uploads\/2024\/10\/SunZia-Careers-hero-image-7-1024x576.jpg\" \/>\n<meta name=\"twitter:card\" content=\"summary_large_image\" \/>\n<meta name=\"twitter:label1\" content=\"Tiempo de lectura\" \/>\n\t<meta name=\"twitter:data1\" content=\"1 minuto\" \/>\n<script type=\"application\/ld+json\" class=\"yoast-schema-graph\">{\"@context\":\"https:\\\/\\\/schema.org\",\"@graph\":[{\"@type\":\"WebPage\",\"@id\":\"https:\\\/\\\/patternenergy.com\\\/es\\\/feria-de-empleo-sunzia-2024\\\/\",\"url\":\"https:\\\/\\\/patternenergy.com\\\/es\\\/feria-de-empleo-sunzia-2024\\\/\",\"name\":\"Feria de Empleo SunZia 2024 - Pattern Energy\",\"isPartOf\":{\"@id\":\"https:\\\/\\\/patternenergy.com\\\/es\\\/#website\"},\"datePublished\":\"2024-10-18T19:36:15+00:00\",\"dateModified\":\"2024-10-29T14:56:15+00:00\",\"breadcrumb\":{\"@id\":\"https:\\\/\\\/patternenergy.com\\\/es\\\/feria-de-empleo-sunzia-2024\\\/#breadcrumb\"},\"inLanguage\":\"es\",\"potentialAction\":[{\"@type\":\"ReadAction\",\"target\":[\"https:\\\/\\\/patternenergy.com\\\/es\\\/feria-de-empleo-sunzia-2024\\\/\"]}]},{\"@type\":\"BreadcrumbList\",\"@id\":\"https:\\\/\\\/patternenergy.com\\\/es\\\/feria-de-empleo-sunzia-2024\\\/#breadcrumb\",\"itemListElement\":[{\"@type\":\"ListItem\",\"position\":1,\"name\":\"Home\",\"item\":\"https:\\\/\\\/patternenergy.com\\\/es\\\/\"},{\"@type\":\"ListItem\",\"position\":2,\"name\":\"Feria de Empleo SunZia 2024\"}]},{\"@type\":\"WebSite\",\"@id\":\"https:\\\/\\\/patternenergy.com\\\/es\\\/#website\",\"url\":\"https:\\\/\\\/patternenergy.com\\\/es\\\/\",\"name\":\"Pattern Energy\",\"description\":\"Desarrollamos, construimos, poseemos y explotamos proyectos e\u00f3licos, solares, de transmisi\u00f3n y de almacenamiento de energ\u00eda de alta calidad en todo el mundo.\",\"publisher\":{\"@id\":\"https:\\\/\\\/patternenergy.com\\\/es\\\/#organization\"},\"potentialAction\":[{\"@type\":\"SearchAction\",\"target\":{\"@type\":\"EntryPoint\",\"urlTemplate\":\"https:\\\/\\\/patternenergy.com\\\/es\\\/?s={search_term_string}\"},\"query-input\":{\"@type\":\"PropertyValueSpecification\",\"valueRequired\":true,\"valueName\":\"search_term_string\"}}],\"inLanguage\":\"es\"},{\"@type\":\"Organization\",\"@id\":\"https:\\\/\\\/patternenergy.com\\\/es\\\/#organization\",\"name\":\"Pattern Energy\",\"url\":\"https:\\\/\\\/patternenergy.com\\\/es\\\/\",\"logo\":{\"@type\":\"ImageObject\",\"inLanguage\":\"es\",\"@id\":\"https:\\\/\\\/patternenergy.com\\\/es\\\/#\\\/schema\\\/logo\\\/image\\\/\",\"url\":\"https:\\\/\\\/patternenergy.com\\\/wp-content\\\/uploads\\\/2022\\\/01\\\/Pattern-Energy-Media-thumbnail-logo.jpg\",\"contentUrl\":\"https:\\\/\\\/patternenergy.com\\\/wp-content\\\/uploads\\\/2022\\\/01\\\/Pattern-Energy-Media-thumbnail-logo.jpg\",\"width\":1200,\"height\":627,\"caption\":\"Pattern Energy\"},\"image\":{\"@id\":\"https:\\\/\\\/patternenergy.com\\\/es\\\/#\\\/schema\\\/logo\\\/image\\\/\"},\"sameAs\":[\"https:\\\/\\\/www.facebook.com\\\/PatternEnergy\\\/\",\"https:\\\/\\\/instagram.com\\\/patternenergy?utm_medium=copy_link\",\"https:\\\/\\\/www.linkedin.com\\\/company\\\/pattern-energy\",\"https:\\\/\\\/www.youtube.com\\\/user\\\/PatternEnergy?app=desktop\",\"https:\\\/\\\/web.cauze.com\\\/company\\\/293\"]}]}<\/script>\n<!-- \/ Yoast SEO plugin. -->","yoast_head_json":{"title":"Feria de Empleo SunZia 2024 - Pattern Energy","robots":{"index":"index","follow":"nofollow","max-snippet":"max-snippet:-1","max-image-preview":"max-image-preview:large","max-video-preview":"max-video-preview:-1"},"canonical":"https:\/\/patternenergy.com\/es\/feria-de-empleo-sunzia-2024\/","og_locale":"es_ES","og_type":"article","og_title":"Feria de Empleo SunZia 2024 - Pattern Energy","og_url":"https:\/\/patternenergy.com\/es\/feria-de-empleo-sunzia-2024\/","og_site_name":"Pattern Energy","article_publisher":"https:\/\/www.facebook.com\/PatternEnergy\/","article_modified_time":"2024-10-29T14:56:15+00:00","og_image":[{"url":"https:\/\/patternenergy.com\/wp-content\/uploads\/2024\/10\/SunZia-Careers-hero-image-7-1024x576.jpg","type":"","width":"","height":""}],"twitter_card":"summary_large_image","twitter_misc":{"Tiempo de lectura":"1 minuto"},"schema":{"@context":"https:\/\/schema.org","@graph":[{"@type":"WebPage","@id":"https:\/\/patternenergy.com\/es\/feria-de-empleo-sunzia-2024\/","url":"https:\/\/patternenergy.com\/es\/feria-de-empleo-sunzia-2024\/","name":"Feria de Empleo SunZia 2024 - Pattern Energy","isPartOf":{"@id":"https:\/\/patternenergy.com\/es\/#website"},"datePublished":"2024-10-18T19:36:15+00:00","dateModified":"2024-10-29T14:56:15+00:00","breadcrumb":{"@id":"https:\/\/patternenergy.com\/es\/feria-de-empleo-sunzia-2024\/#breadcrumb"},"inLanguage":"es","potentialAction":[{"@type":"ReadAction","target":["https:\/\/patternenergy.com\/es\/feria-de-empleo-sunzia-2024\/"]}]},{"@type":"BreadcrumbList","@id":"https:\/\/patternenergy.com\/es\/feria-de-empleo-sunzia-2024\/#breadcrumb","itemListElement":[{"@type":"ListItem","position":1,"name":"Home","item":"https:\/\/patternenergy.com\/es\/"},{"@type":"ListItem","position":2,"name":"Feria de Empleo SunZia 2024"}]},{"@type":"WebSite","@id":"https:\/\/patternenergy.com\/es\/#website","url":"https:\/\/patternenergy.com\/es\/","name":"Pattern Energy","description":"Desarrollamos, construimos, poseemos y explotamos proyectos e\u00f3licos, solares, de transmisi\u00f3n y de almacenamiento de energ\u00eda de alta calidad en todo el mundo.","publisher":{"@id":"https:\/\/patternenergy.com\/es\/#organization"},"potentialAction":[{"@type":"SearchAction","target":{"@type":"EntryPoint","urlTemplate":"https:\/\/patternenergy.com\/es\/?s={search_term_string}"},"query-input":{"@type":"PropertyValueSpecification","valueRequired":true,"valueName":"search_term_string"}}],"inLanguage":"es"},{"@type":"Organization","@id":"https:\/\/patternenergy.com\/es\/#organization","name":"Pattern Energy","url":"https:\/\/patternenergy.com\/es\/","logo":{"@type":"ImageObject","inLanguage":"es","@id":"https:\/\/patternenergy.com\/es\/#\/schema\/logo\/image\/","url":"https:\/\/patternenergy.com\/wp-content\/uploads\/2022\/01\/Pattern-Energy-Media-thumbnail-logo.jpg","contentUrl":"https:\/\/patternenergy.com\/wp-content\/uploads\/2022\/01\/Pattern-Energy-Media-thumbnail-logo.jpg","width":1200,"height":627,"caption":"Pattern Energy"},"image":{"@id":"https:\/\/patternenergy.com\/es\/#\/schema\/logo\/image\/"},"sameAs":["https:\/\/www.facebook.com\/PatternEnergy\/","https:\/\/instagram.com\/patternenergy?utm_medium=copy_link","https:\/\/www.linkedin.com\/company\/pattern-energy","https:\/\/www.youtube.com\/user\/PatternEnergy?app=desktop","https:\/\/web.cauze.com\/company\/293"]}]}},"_links":{"self":[{"href":"https:\/\/patternenergy.com\/es\/wp-json\/wp\/v2\/pages\/20950","targetHints":{"allow":["GET"]}}],"collection":[{"href":"https:\/\/patternenergy.com\/es\/wp-json\/wp\/v2\/pages"}],"about":[{"href":"https:\/\/patternenergy.com\/es\/wp-json\/wp\/v2\/types\/page"}],"author":[{"embeddable":true,"href":"https:\/\/patternenergy.com\/es\/wp-json\/wp\/v2\/users\/3"}],"replies":[{"embeddable":true,"href":"https:\/\/patternenergy.com\/es\/wp-json\/wp\/v2\/comments?post=20950"}],"version-history":[{"count":0,"href":"https:\/\/patternenergy.com\/es\/wp-json\/wp\/v2\/pages\/20950\/revisions"}],"wp:attachment":[{"href":"https:\/\/patternenergy.com\/es\/wp-json\/wp\/v2\/media?parent=20950"}],"curies":[{"name":"wp","href":"https:\/\/api.w.org\/{rel}","templated":true}]}}