{"id":20775,"date":"2024-09-20T13:43:54","date_gmt":"2024-09-20T18:43:54","guid":{"rendered":"https:\/\/patternenergy.com\/?page_id=20775"},"modified":"2025-11-17T04:11:08","modified_gmt":"2025-11-17T09:11:08","slug":"mensaje-del-presidente","status":"publish","type":"page","link":"https:\/\/patternenergy.com\/es\/sostenibilidad\/mensaje-del-presidente\/","title":{"rendered":"Mensaje de nuestro Presidente"},"content":{"rendered":"\n\n<section class=\"hero\" style=\"background-image: url(https:\/\/patternenergy.com\/wp-content\/uploads\/2024\/09\/Sustainability-Kristina-Lund-message-from-the-president.jpg);\">\n\t<div class=\"holder\">\n\t\t<article>\n\t\t\t<div class=\"acf-innerblocks-container\">\n\n<h1 class=\"wp-block-heading\">Mensaje de nuestro Presidente<\/h1>\n\n<\/div>\t\t\t\t\t\t\t\t<\/article>\n\t\t<span class=\"scroll-indicator\"><em>Desplazarse hacia abajo<\/em><\/span>\n\t<\/div>\n<\/section>\n\n\n\n\n<section class=\"textual-content static smaller-text type-narrow\" >\n\t\n\t<div class=\"holder block-entry animated\">\n\t\t\n\t\t\t\t<div class=\"circles\">\n\t\t\t<span class=\"bigger parallax\" data-scale=\"0.00015\"><\/span>\n\t\t<\/div>\n\t\t\t\t\t\t\n\t\t<div class=\"acf-innerblocks-container\">\n\n<h3 class=\"wp-block-heading\">Nuestra visi\u00f3n en acci\u00f3n<\/h3>\n\n\n\n<p>En mi primer a\u00f1o completo en Pattern, he visto de primera mano c\u00f3mo nuestra gente hace realidad nuestra visi\u00f3n de\u00a0<strong>Power the Future<\/strong>\u00a0a trav\u00e9s de la excelencia operativa. En toda la compa\u00f1\u00eda, hemos emprendido un importante camino de transformaci\u00f3n empresarial, enfocado en la eficiencia y la escala, y lo estamos ejecutando con disciplina y claridad.<\/p>\n\n\n\n<p>En el centro de esta transformaci\u00f3n se encuentra\u00a0<strong>New Horizon<\/strong>, nuestra hoja de ruta para evolucionar la forma en que operamos internamente \u2014 desde los sistemas financieros y las adquisiciones hasta la documentaci\u00f3n y la toma de decisiones.\u00a0<strong>New Horizon<\/strong>\u00a0est\u00e1 permitiendo una empresa conectada, \u00e1gil y basada en datos. Estamos redise\u00f1ando procesos y desplegando herramientas modernas para hacer nuestro trabajo m\u00e1s eficiente, transparente e impactante.<br>Esta transformaci\u00f3n no es solo digital \u2014 es cultural. Estamos aplicando la tecnolog\u00eda para hacer m\u00e1s, no solo de manera diferente, sino mejor. Estamos invirtiendo en los sistemas y en las personas que nos ayudar\u00e1n a crecer manteniendo la integridad y la confiabilidad que nuestros socios y clientes esperan.<\/p>\n\n\n\n<p>El enfoque de Pattern hacia la optimizaci\u00f3n de sitios ilustra nuestro compromiso de invertir en excelencia operativa. Nuestra estrategia se centra en prolongar la vida \u00fatil y mejorar el rendimiento de nuestros activos para garantizar que maximizamos su valor.<\/p>\n\n\n\n<p>El primero de estos esfuerzos,\u00a0<strong>Gulf Wind<\/strong>, ya ha entregado un aumento medible en la disponibilidad.\u00a0<strong>Ocotillo Wind<\/strong>\u00a0sigui\u00f3 ese modelo con un programa espec\u00edfico de reemplazo de palas, enfocado en mejoras de confiabilidad y alineado con nuestros compromisos con los clientes. Estos esfuerzos demuestran nuestra capacidad de innovar dentro de restricciones reales y de maximizar el valor mediante una ingenier\u00eda inteligente.<\/p>\n\n\n\n<p>Por supuesto, nada de esto es posible sin la gente de Pattern. La fortaleza de nuestra plantilla es nuestro mayor activo. Durante el \u00faltimo a\u00f1o, hemos logrado avances significativos en el apoyo al crecimiento, la seguridad y el compromiso de nuestros empleados. Introdujimos el concepto de seguridad psicol\u00f3gica, un indicador nuevo pero vital de una cultura saludable y de alto rendimiento. En todos los roles y regiones, nuestros equipos siguen demostrando compromiso, resiliencia e ingenio. Estas son las cualidades que impulsan nuestro \u00e9xito, y me enorgullece liderar un equipo tan enfocado en construir algo duradero.<\/p>\n\n\n\n<p>Nuestras asociaciones a largo plazo tambi\u00e9n reflejan nuestro impacto. Celebramos el quinto aniversario de la puesta en operaci\u00f3n de\u00a0<strong>Henvey Inlet Wind<\/strong>, un hito alcanzado en una sociedad conjunta paritaria con\u00a0<strong>Nigig Power Corporation<\/strong>, una filial de la Primera Naci\u00f3n Henvey Inlet, la primera de su tipo en Canad\u00e1. Esta sociedad 50\/50 obtuvo reconocimiento internacional, incluida una invitaci\u00f3n a colaborar con l\u00edderes globales en la\u00a0<strong>Sustainable Markets Initiative<\/strong>, un testimonio de c\u00f3mo las alianzas locales s\u00f3lidas pueden impulsar un impacto global.<\/p>\n\n\n\n<p>Pattern se construy\u00f3 sobre una base de valores s\u00f3lidos, y en los \u00faltimos quince a\u00f1os hemos demostrado que podemos adaptarnos y crecer sin perder nuestra identidad. Mientras nos preparamos para lo que viene \u2014 creciente demanda, modernizaci\u00f3n de la red y nuevos usos de la energ\u00eda \u2014 Pattern est\u00e1 listo. Estamos desarrollando una empresa \u00e1gil, confiable y competitiva, y lo hacemos con prop\u00f3sito.<\/p>\n\n\n\n<p>No solo nos transformamos para el futuro. Estamos ejecutando ahora con claridad e intenci\u00f3n.<\/p>\n\n\n\n<p><\/p>\n\n\n\n<div class=\"wp-block-columns single-people-item is-layout-flex wp-container-core-columns-is-layout-9d6595d7 wp-block-columns-is-layout-flex\">\n<div class=\"wp-block-column is-layout-flow wp-block-column-is-layout-flow\" style=\"flex-basis:33.33%\">\n<figure class=\"wp-block-image size-full\"><img loading=\"lazy\" decoding=\"async\" width=\"800\" height=\"800\" src=\"https:\/\/patternenergy.com\/wp-content\/uploads\/2024\/09\/Kristina-thumbnail.jpg\" alt=\"\" class=\"wp-image-20777\" srcset=\"https:\/\/patternenergy.com\/wp-content\/uploads\/2024\/09\/Kristina-thumbnail.jpg 800w, https:\/\/patternenergy.com\/wp-content\/uploads\/2024\/09\/Kristina-thumbnail-300x300.jpg 300w, https:\/\/patternenergy.com\/wp-content\/uploads\/2024\/09\/Kristina-thumbnail-150x150.jpg 150w, https:\/\/patternenergy.com\/wp-content\/uploads\/2024\/09\/Kristina-thumbnail-768x768.jpg 768w, https:\/\/patternenergy.com\/wp-content\/uploads\/2024\/09\/Kristina-thumbnail-450x450.jpg 450w\" sizes=\"auto, (max-width: 800px) 100vw, 800px\" \/><\/figure>\n<\/div>\n\n\n\n<div class=\"wp-block-column is-layout-flow wp-block-column-is-layout-flow\" style=\"flex-basis:66.66%\">\n<h5 class=\"wp-block-heading\">Kristina Lund<\/h5>\n\n\n\n<p>Presidente de Pattern Energy<\/p>\n<\/div>\n<\/div>\n\n<\/div>\t\t\n\t<\/div>\n<\/section><!-- Textual Content -->","protected":false},"excerpt":{"rendered":"","protected":false},"author":3,"featured_media":16200,"parent":17024,"menu_order":42,"comment_status":"closed","ping_status":"closed","template":"","meta":{"_acf_changed":true,"footnotes":""},"class_list":["post-20775","page","type-page","status-publish","has-post-thumbnail","hentry"],"acf":[],"yoast_head":"<!-- This site is optimized with the Yoast SEO plugin v27.4 - https:\/\/yoast.com\/product\/yoast-seo-wordpress\/ -->\n<title>:: Mensaje de nuestro Presidente<\/title>\n<meta name=\"description\" content=\"Me incorpor\u00e9 a Pattern porque la empresa ha realizado -muchas veces a lo largo de sus quince a\u00f1os de historia- proyectos que abordan algunos de los retos m\u00e1s complejos de la transici\u00f3n energ\u00e9tica.\" \/>\n<meta name=\"robots\" content=\"index, follow, max-snippet:-1, max-image-preview:large, max-video-preview:-1\" \/>\n<link rel=\"canonical\" href=\"https:\/\/patternenergy.com\/es\/sostenibilidad\/mensaje-del-presidente\/\" \/>\n<meta property=\"og:locale\" content=\"es_ES\" \/>\n<meta property=\"og:type\" content=\"article\" \/>\n<meta property=\"og:title\" content=\"Pattern Energy :: Mensaje del Director General\" \/>\n<meta property=\"og:description\" content=\"Me incorpor\u00e9 a Pattern porque la empresa ha realizado -muchas veces a lo largo de sus quince a\u00f1os de historia- proyectos que abordan algunos de los retos m\u00e1s complejos de la transici\u00f3n energ\u00e9tica.\" \/>\n<meta property=\"og:url\" content=\"https:\/\/patternenergy.com\/es\/sostenibilidad\/mensaje-del-presidente\/\" \/>\n<meta property=\"og:site_name\" content=\"Pattern Energy\" \/>\n<meta property=\"article:publisher\" content=\"https:\/\/www.facebook.com\/PatternEnergy\/\" \/>\n<meta property=\"article:modified_time\" content=\"2025-11-17T09:11:08+00:00\" \/>\n<meta property=\"og:image\" content=\"https:\/\/patternenergy.com\/wp-content\/uploads\/2023\/07\/Hunter-fb-media-image-1024x538.jpg\" \/>\n<meta name=\"twitter:card\" content=\"summary_large_image\" \/>\n<meta name=\"twitter:title\" content=\"Pattern Energy :: Mensaje del Director General\" \/>\n<meta name=\"twitter:description\" content=\"Estoy orgulloso del papel de Pattern Energy en esta transici\u00f3n hacia una econom\u00eda de energ\u00eda limpia.\" \/>\n<meta name=\"twitter:image\" content=\"https:\/\/patternenergy.com\/wp-content\/uploads\/2023\/07\/Hunter-fb-media-image-1024x538.jpg\" \/>\n<meta name=\"twitter:label1\" content=\"Tiempo de lectura\" \/>\n\t<meta name=\"twitter:data1\" content=\"3 minutos\" \/>\n<script type=\"application\/ld+json\" class=\"yoast-schema-graph\">{\"@context\":\"https:\\\/\\\/schema.org\",\"@graph\":[{\"@type\":\"WebPage\",\"@id\":\"https:\\\/\\\/patternenergy.com\\\/es\\\/sostenibilidad\\\/mensaje-del-presidente\\\/\",\"url\":\"https:\\\/\\\/patternenergy.com\\\/es\\\/sostenibilidad\\\/mensaje-del-presidente\\\/\",\"name\":\":: Mensaje de nuestro Presidente\",\"isPartOf\":{\"@id\":\"https:\\\/\\\/patternenergy.com\\\/es\\\/#website\"},\"primaryImageOfPage\":{\"@id\":\"https:\\\/\\\/patternenergy.com\\\/es\\\/sostenibilidad\\\/mensaje-del-presidente\\\/#primaryimage\"},\"image\":{\"@id\":\"https:\\\/\\\/patternenergy.com\\\/es\\\/sostenibilidad\\\/mensaje-del-presidente\\\/#primaryimage\"},\"thumbnailUrl\":\"https:\\\/\\\/patternenergy.com\\\/wp-content\\\/uploads\\\/2023\\\/08\\\/Kristine-Lund-fb-copy.jpg\",\"datePublished\":\"2024-09-20T18:43:54+00:00\",\"dateModified\":\"2025-11-17T09:11:08+00:00\",\"description\":\"Me incorpor\u00e9 a Pattern porque la empresa ha realizado -muchas veces a lo largo de sus quince a\u00f1os de historia- proyectos que abordan algunos de los retos m\u00e1s complejos de la transici\u00f3n energ\u00e9tica.\",\"breadcrumb\":{\"@id\":\"https:\\\/\\\/patternenergy.com\\\/es\\\/sostenibilidad\\\/mensaje-del-presidente\\\/#breadcrumb\"},\"inLanguage\":\"es\",\"potentialAction\":[{\"@type\":\"ReadAction\",\"target\":[\"https:\\\/\\\/patternenergy.com\\\/es\\\/sostenibilidad\\\/mensaje-del-presidente\\\/\"]}]},{\"@type\":\"ImageObject\",\"inLanguage\":\"es\",\"@id\":\"https:\\\/\\\/patternenergy.com\\\/es\\\/sostenibilidad\\\/mensaje-del-presidente\\\/#primaryimage\",\"url\":\"https:\\\/\\\/patternenergy.com\\\/wp-content\\\/uploads\\\/2023\\\/08\\\/Kristine-Lund-fb-copy.jpg\",\"contentUrl\":\"https:\\\/\\\/patternenergy.com\\\/wp-content\\\/uploads\\\/2023\\\/08\\\/Kristine-Lund-fb-copy.jpg\",\"width\":1000,\"height\":677},{\"@type\":\"BreadcrumbList\",\"@id\":\"https:\\\/\\\/patternenergy.com\\\/es\\\/sostenibilidad\\\/mensaje-del-presidente\\\/#breadcrumb\",\"itemListElement\":[{\"@type\":\"ListItem\",\"position\":1,\"name\":\"Home\",\"item\":\"https:\\\/\\\/patternenergy.com\\\/es\\\/\"},{\"@type\":\"ListItem\",\"position\":2,\"name\":\"Sostenibilidad\",\"item\":\"https:\\\/\\\/patternenergy.com\\\/es\\\/sostenibilidad\\\/\"},{\"@type\":\"ListItem\",\"position\":3,\"name\":\"Mensaje de nuestro Presidente\"}]},{\"@type\":\"WebSite\",\"@id\":\"https:\\\/\\\/patternenergy.com\\\/es\\\/#website\",\"url\":\"https:\\\/\\\/patternenergy.com\\\/es\\\/\",\"name\":\"Pattern Energy\",\"description\":\"Desarrollamos, construimos, poseemos y explotamos proyectos e\u00f3licos, solares, de transmisi\u00f3n y de almacenamiento de energ\u00eda de alta calidad en todo el mundo.\",\"publisher\":{\"@id\":\"https:\\\/\\\/patternenergy.com\\\/es\\\/#organization\"},\"potentialAction\":[{\"@type\":\"SearchAction\",\"target\":{\"@type\":\"EntryPoint\",\"urlTemplate\":\"https:\\\/\\\/patternenergy.com\\\/es\\\/?s={search_term_string}\"},\"query-input\":{\"@type\":\"PropertyValueSpecification\",\"valueRequired\":true,\"valueName\":\"search_term_string\"}}],\"inLanguage\":\"es\"},{\"@type\":\"Organization\",\"@id\":\"https:\\\/\\\/patternenergy.com\\\/es\\\/#organization\",\"name\":\"Pattern Energy\",\"url\":\"https:\\\/\\\/patternenergy.com\\\/es\\\/\",\"logo\":{\"@type\":\"ImageObject\",\"inLanguage\":\"es\",\"@id\":\"https:\\\/\\\/patternenergy.com\\\/es\\\/#\\\/schema\\\/logo\\\/image\\\/\",\"url\":\"https:\\\/\\\/patternenergy.com\\\/wp-content\\\/uploads\\\/2022\\\/01\\\/Pattern-Energy-Media-thumbnail-logo.jpg\",\"contentUrl\":\"https:\\\/\\\/patternenergy.com\\\/wp-content\\\/uploads\\\/2022\\\/01\\\/Pattern-Energy-Media-thumbnail-logo.jpg\",\"width\":1200,\"height\":627,\"caption\":\"Pattern Energy\"},\"image\":{\"@id\":\"https:\\\/\\\/patternenergy.com\\\/es\\\/#\\\/schema\\\/logo\\\/image\\\/\"},\"sameAs\":[\"https:\\\/\\\/www.facebook.com\\\/PatternEnergy\\\/\",\"https:\\\/\\\/instagram.com\\\/patternenergy?utm_medium=copy_link\",\"https:\\\/\\\/www.linkedin.com\\\/company\\\/pattern-energy\",\"https:\\\/\\\/www.youtube.com\\\/user\\\/PatternEnergy?app=desktop\",\"https:\\\/\\\/web.cauze.com\\\/company\\\/293\"]}]}<\/script>\n<!-- \/ Yoast SEO plugin. -->","yoast_head_json":{"title":":: Mensaje de nuestro Presidente","description":"Me incorpor\u00e9 a Pattern porque la empresa ha realizado -muchas veces a lo largo de sus quince a\u00f1os de historia- proyectos que abordan algunos de los retos m\u00e1s complejos de la transici\u00f3n energ\u00e9tica.","robots":{"index":"index","follow":"follow","max-snippet":"max-snippet:-1","max-image-preview":"max-image-preview:large","max-video-preview":"max-video-preview:-1"},"canonical":"https:\/\/patternenergy.com\/es\/sostenibilidad\/mensaje-del-presidente\/","og_locale":"es_ES","og_type":"article","og_title":"Pattern Energy :: Mensaje del Director General","og_description":"Me incorpor\u00e9 a Pattern porque la empresa ha realizado -muchas veces a lo largo de sus quince a\u00f1os de historia- proyectos que abordan algunos de los retos m\u00e1s complejos de la transici\u00f3n energ\u00e9tica.","og_url":"https:\/\/patternenergy.com\/es\/sostenibilidad\/mensaje-del-presidente\/","og_site_name":"Pattern Energy","article_publisher":"https:\/\/www.facebook.com\/PatternEnergy\/","article_modified_time":"2025-11-17T09:11:08+00:00","og_image":[{"url":"https:\/\/patternenergy.com\/wp-content\/uploads\/2023\/07\/Hunter-fb-media-image-1024x538.jpg","type":"","width":"","height":""}],"twitter_card":"summary_large_image","twitter_title":"Pattern Energy :: Mensaje del Director General","twitter_description":"Estoy orgulloso del papel de Pattern Energy en esta transici\u00f3n hacia una econom\u00eda de energ\u00eda limpia.","twitter_image":"https:\/\/patternenergy.com\/wp-content\/uploads\/2023\/07\/Hunter-fb-media-image-1024x538.jpg","twitter_misc":{"Tiempo de lectura":"3 minutos"},"schema":{"@context":"https:\/\/schema.org","@graph":[{"@type":"WebPage","@id":"https:\/\/patternenergy.com\/es\/sostenibilidad\/mensaje-del-presidente\/","url":"https:\/\/patternenergy.com\/es\/sostenibilidad\/mensaje-del-presidente\/","name":":: Mensaje de nuestro Presidente","isPartOf":{"@id":"https:\/\/patternenergy.com\/es\/#website"},"primaryImageOfPage":{"@id":"https:\/\/patternenergy.com\/es\/sostenibilidad\/mensaje-del-presidente\/#primaryimage"},"image":{"@id":"https:\/\/patternenergy.com\/es\/sostenibilidad\/mensaje-del-presidente\/#primaryimage"},"thumbnailUrl":"https:\/\/patternenergy.com\/wp-content\/uploads\/2023\/08\/Kristine-Lund-fb-copy.jpg","datePublished":"2024-09-20T18:43:54+00:00","dateModified":"2025-11-17T09:11:08+00:00","description":"Me incorpor\u00e9 a Pattern porque la empresa ha realizado -muchas veces a lo largo de sus quince a\u00f1os de historia- proyectos que abordan algunos de los retos m\u00e1s complejos de la transici\u00f3n energ\u00e9tica.","breadcrumb":{"@id":"https:\/\/patternenergy.com\/es\/sostenibilidad\/mensaje-del-presidente\/#breadcrumb"},"inLanguage":"es","potentialAction":[{"@type":"ReadAction","target":["https:\/\/patternenergy.com\/es\/sostenibilidad\/mensaje-del-presidente\/"]}]},{"@type":"ImageObject","inLanguage":"es","@id":"https:\/\/patternenergy.com\/es\/sostenibilidad\/mensaje-del-presidente\/#primaryimage","url":"https:\/\/patternenergy.com\/wp-content\/uploads\/2023\/08\/Kristine-Lund-fb-copy.jpg","contentUrl":"https:\/\/patternenergy.com\/wp-content\/uploads\/2023\/08\/Kristine-Lund-fb-copy.jpg","width":1000,"height":677},{"@type":"BreadcrumbList","@id":"https:\/\/patternenergy.com\/es\/sostenibilidad\/mensaje-del-presidente\/#breadcrumb","itemListElement":[{"@type":"ListItem","position":1,"name":"Home","item":"https:\/\/patternenergy.com\/es\/"},{"@type":"ListItem","position":2,"name":"Sostenibilidad","item":"https:\/\/patternenergy.com\/es\/sostenibilidad\/"},{"@type":"ListItem","position":3,"name":"Mensaje de nuestro Presidente"}]},{"@type":"WebSite","@id":"https:\/\/patternenergy.com\/es\/#website","url":"https:\/\/patternenergy.com\/es\/","name":"Pattern Energy","description":"Desarrollamos, construimos, poseemos y explotamos proyectos e\u00f3licos, solares, de transmisi\u00f3n y de almacenamiento de energ\u00eda de alta calidad en todo el mundo.","publisher":{"@id":"https:\/\/patternenergy.com\/es\/#organization"},"potentialAction":[{"@type":"SearchAction","target":{"@type":"EntryPoint","urlTemplate":"https:\/\/patternenergy.com\/es\/?s={search_term_string}"},"query-input":{"@type":"PropertyValueSpecification","valueRequired":true,"valueName":"search_term_string"}}],"inLanguage":"es"},{"@type":"Organization","@id":"https:\/\/patternenergy.com\/es\/#organization","name":"Pattern Energy","url":"https:\/\/patternenergy.com\/es\/","logo":{"@type":"ImageObject","inLanguage":"es","@id":"https:\/\/patternenergy.com\/es\/#\/schema\/logo\/image\/","url":"https:\/\/patternenergy.com\/wp-content\/uploads\/2022\/01\/Pattern-Energy-Media-thumbnail-logo.jpg","contentUrl":"https:\/\/patternenergy.com\/wp-content\/uploads\/2022\/01\/Pattern-Energy-Media-thumbnail-logo.jpg","width":1200,"height":627,"caption":"Pattern Energy"},"image":{"@id":"https:\/\/patternenergy.com\/es\/#\/schema\/logo\/image\/"},"sameAs":["https:\/\/www.facebook.com\/PatternEnergy\/","https:\/\/instagram.com\/patternenergy?utm_medium=copy_link","https:\/\/www.linkedin.com\/company\/pattern-energy","https:\/\/www.youtube.com\/user\/PatternEnergy?app=desktop","https:\/\/web.cauze.com\/company\/293"]}]}},"_links":{"self":[{"href":"https:\/\/patternenergy.com\/es\/wp-json\/wp\/v2\/pages\/20775","targetHints":{"allow":["GET"]}}],"collection":[{"href":"https:\/\/patternenergy.com\/es\/wp-json\/wp\/v2\/pages"}],"about":[{"href":"https:\/\/patternenergy.com\/es\/wp-json\/wp\/v2\/types\/page"}],"author":[{"embeddable":true,"href":"https:\/\/patternenergy.com\/es\/wp-json\/wp\/v2\/users\/3"}],"replies":[{"embeddable":true,"href":"https:\/\/patternenergy.com\/es\/wp-json\/wp\/v2\/comments?post=20775"}],"version-history":[{"count":0,"href":"https:\/\/patternenergy.com\/es\/wp-json\/wp\/v2\/pages\/20775\/revisions"}],"up":[{"embeddable":true,"href":"https:\/\/patternenergy.com\/es\/wp-json\/wp\/v2\/pages\/17024"}],"wp:featuredmedia":[{"embeddable":true,"href":"https:\/\/patternenergy.com\/es\/wp-json\/wp\/v2\/media\/16200"}],"wp:attachment":[{"href":"https:\/\/patternenergy.com\/es\/wp-json\/wp\/v2\/media?parent=20775"}],"curies":[{"name":"wp","href":"https:\/\/api.w.org\/{rel}","templated":true}]}}