{"id":17464,"date":"2024-04-05T15:38:30","date_gmt":"2024-04-05T20:38:30","guid":{"rendered":"https:\/\/patternenergy.com\/reconocimiento-del-viento-2\/"},"modified":"2024-04-08T02:53:52","modified_gmt":"2024-04-08T07:53:52","slug":"reconocimiento-del-viento-2","status":"publish","type":"page","link":"https:\/\/patternenergy.com\/es\/reconocimiento-del-viento-2\/","title":{"rendered":"Reconocimiento del viento"},"content":{"rendered":"\n<section class=\"textual-content type-default\" >\n\t\n\t<div class=\"holder block-entry animated\">\n\t\t\n\t\t\t\t\t\t\n\t\t<div class=\"acf-innerblocks-container\">\n\n<div class=\"wp-block-columns is-layout-flex wp-container-core-columns-is-layout-9d6595d7 wp-block-columns-is-layout-flex\">\n<div class=\"wp-block-column is-layout-flow wp-block-column-is-layout-flow\">\n<h2 class=\"wp-block-heading\"><strong>Reconocimiento de la mano de obra e\u00f3lica<\/strong><\/h2>\n\n\n\n<div class=\"wp-block-columns is-layout-flex wp-container-core-columns-is-layout-9d6595d7 wp-block-columns-is-layout-flex\">\n<div class=\"wp-block-column is-layout-flow wp-block-column-is-layout-flow\">\n<h3 class=\"wp-block-heading\"><strong>2023  <\/strong><br\/>Noviembre<\/h3>\n\n\n\n<p><strong>John Shields<\/strong><br\/>Blattner<\/p>\n<\/div>\n\n\n\n<div class=\"wp-block-column is-layout-flow wp-block-column-is-layout-flow\">\n<h3 class=\"wp-block-heading\"><br\/>Diciembre<\/h3>\n\n\n\n<p><strong>Javier Garc\u00eda<\/strong><br\/>Blattner<\/p>\n\n\n\n<p><strong>Ernesto Morales<\/strong><br\/>Blattner<\/p>\n\n\n\n<p><strong>Jimmy Cooker<\/strong><br\/>Blattner<\/p>\n\n\n\n<p><strong>Isidro Manzano Jr<\/strong>.<br\/>Blattner<\/p>\n\n\n\n<p><strong>Ollie Rojas<\/strong><br\/>Blattner<\/p>\n\n\n\n<p><strong>Marco Vega<\/strong><br\/>Probst Electric<\/p>\n<\/div>\n\n\n\n<div class=\"wp-block-column is-layout-flow wp-block-column-is-layout-flow\"><\/div>\n<\/div>\n<\/div>\n<\/div>\n\n\n\n<div class=\"wp-block-columns is-layout-flex wp-container-core-columns-is-layout-9d6595d7 wp-block-columns-is-layout-flex\">\n<div class=\"wp-block-column is-layout-flow wp-block-column-is-layout-flow\">\n<hr class=\"wp-block-separator has-alpha-channel-opacity\"\/>\n<\/div>\n<\/div>\n\n\n\n<div class=\"wp-block-columns is-layout-flex wp-container-core-columns-is-layout-9d6595d7 wp-block-columns-is-layout-flex\">\n<div class=\"wp-block-column is-layout-flow wp-block-column-is-layout-flow\">\n<h3 class=\"wp-block-heading\"><strong>2024<\/strong><br\/>Enero<\/h3>\n\n\n\n<p><strong>Jamie Gonz\u00e1lez<\/strong><br\/>Blattner<\/p>\n\n\n\n<p><strong>Brian Burns<\/strong><br\/>Blattner<\/p>\n\n\n\n<p><br\/><strong>Emily Casarez<\/strong><br\/>Blattner  <\/p>\n\n\n\n<p><strong>Deslie Garc\u00eda<\/strong><br\/>Blattner<\/p>\n\n\n\n<p><strong>Dawn Boyor<\/strong><br\/>Summitline<br\/><br\/><strong>Curtiss<\/strong><br\/>Equipo de vallado<\/p>\n\n\n\n<p><strong>Jos\u00e9 Barr\u00f3n<\/strong><br\/>Barra de refuerzo flexible<\/p>\n<\/div>\n\n\n\n<div class=\"wp-block-column is-layout-flow wp-block-column-is-layout-flow\">\n<h3 class=\"wp-block-heading\"><br\/>Febrero<\/h3>\n\n\n\n<p><strong>Anthony Lafarga<\/strong><br\/>Operador<\/p>\n\n\n\n<p><strong>Justin McCoy<\/strong><br\/>Operador<\/p>\n\n\n\n<p><strong>Alex Bernal<\/strong><br\/>Blattner<\/p>\n\n\n\n<p><strong>Sebasti\u00e1n Pozos<\/strong><br\/>Mach 1<\/p>\n\n\n\n<p><strong>Becky Dodd<\/strong><br\/>Mach 1<\/p>\n\n\n\n<p><br\/><strong>Gabe Chaves<\/strong><br\/>Blattner  <\/p>\n\n\n\n<p><strong>Bryan Waldeman<\/strong><br\/>Blattner<\/p>\n\n\n\n<p><strong>Ashton Petty<\/strong><br\/>Blattner<\/p>\n\n\n\n<p><strong>Ken Ward<\/strong><br\/>Blattner  <\/p>\n\n\n\n<p><strong>Kentucky Crose<\/strong><br\/>Blattner<\/p>\n\n\n\n<p><strong>Jarrett Lily<\/strong><br\/>Blattner<\/p>\n\n\n\n<p><strong>Pat Esping<\/strong><br\/>Blattner  <\/p>\n\n\n\n<p><strong>Jesse McLaughlin<\/strong><br\/>Blattner  <\/p>\n\n\n\n<p><strong>Cerebro James<\/strong><br\/>Blattner<\/p>\n\n\n\n<p><strong>Delfinio Vigil<\/strong><br\/>Blattner<\/p>\n<\/div>\n\n\n\n<div class=\"wp-block-column is-layout-flow wp-block-column-is-layout-flow\">\n<h3 class=\"wp-block-heading\"><br\/>Marzo<\/h3>\n\n\n\n<p><strong>Anthony Anderson<\/strong><br\/>Blattner  <\/p>\n\n\n\n<p><strong>Beau Hilbert<\/strong><br\/>Blattner  <\/p>\n\n\n\n<p><strong>Bobby Emerson<\/strong><br\/>Blattner  <\/p>\n\n\n\n<p><strong>Chance Wadsworth<\/strong><br\/>Madera cruzada<\/p>\n\n\n\n<p><strong>Jos\u00e9 Rey<\/strong><br\/>Mach 1<\/p>\n\n\n\n<p><strong>Arthur De La Garza<\/strong><br\/>Blattner<\/p>\n\n\n\n<p><strong>Kaiden Sturgeon<\/strong><br\/>Blattner<\/p>\n\n\n\n<p><strong>Emmanuel Enrique Pozos<\/strong><br\/>Mach 1  <br\/><\/p>\n\n\n\n<p><strong>Vonny Whittington<\/strong><br\/>Blattner  <\/p>\n\n\n\n<p><strong>Ralph V\u00e1squez<\/strong><br\/>Blattner<\/p>\n<\/div>\n<\/div>\n\n<\/div>\t\t\n\t<\/div>\n<\/section><!-- Textual Content -->","protected":false},"excerpt":{"rendered":"","protected":false},"author":3,"featured_media":0,"parent":0,"menu_order":0,"comment_status":"closed","ping_status":"closed","template":"","meta":{"_acf_changed":false,"footnotes":""},"class_list":["post-17464","page","type-page","status-publish","hentry"],"acf":[],"yoast_head":"<!-- This site is optimized with the Yoast SEO plugin v27.5 - https:\/\/yoast.com\/product\/yoast-seo-wordpress\/ -->\n<title>Reconocimiento del viento - Pattern Energy<\/title>\n<meta name=\"robots\" content=\"noindex, nofollow\" \/>\n<meta property=\"og:locale\" content=\"es_ES\" \/>\n<meta property=\"og:type\" content=\"article\" \/>\n<meta property=\"og:title\" content=\"Reconocimiento del viento - Pattern Energy\" \/>\n<meta property=\"og:url\" content=\"https:\/\/patternenergy.com\/es\/reconocimiento-del-viento-2\/\" \/>\n<meta property=\"og:site_name\" content=\"Pattern Energy\" \/>\n<meta property=\"article:publisher\" content=\"https:\/\/www.facebook.com\/PatternEnergy\/\" \/>\n<meta property=\"article:modified_time\" content=\"2024-04-08T07:53:52+00:00\" \/>\n<meta property=\"og:image\" content=\"https:\/\/patternenergy.com\/wp-content\/uploads\/2022\/01\/Pattern-Energy-Media-thumbnail-logo.jpg\" \/>\n\t<meta property=\"og:image:width\" content=\"1200\" \/>\n\t<meta property=\"og:image:height\" content=\"627\" \/>\n\t<meta property=\"og:image:type\" content=\"image\/jpeg\" \/>\n<meta name=\"twitter:card\" content=\"summary_large_image\" \/>\n<meta name=\"twitter:label1\" content=\"Tiempo de lectura\" \/>\n\t<meta name=\"twitter:data1\" content=\"1 minuto\" \/>\n<script type=\"application\/ld+json\" class=\"yoast-schema-graph\">{\"@context\":\"https:\\\/\\\/schema.org\",\"@graph\":[{\"@type\":\"WebPage\",\"@id\":\"https:\\\/\\\/patternenergy.com\\\/es\\\/reconocimiento-del-viento-2\\\/\",\"url\":\"https:\\\/\\\/patternenergy.com\\\/es\\\/reconocimiento-del-viento-2\\\/\",\"name\":\"Reconocimiento del viento - Pattern Energy\",\"isPartOf\":{\"@id\":\"https:\\\/\\\/patternenergy.com\\\/es\\\/#website\"},\"datePublished\":\"2024-04-05T20:38:30+00:00\",\"dateModified\":\"2024-04-08T07:53:52+00:00\",\"breadcrumb\":{\"@id\":\"https:\\\/\\\/patternenergy.com\\\/es\\\/reconocimiento-del-viento-2\\\/#breadcrumb\"},\"inLanguage\":\"es\",\"potentialAction\":[{\"@type\":\"ReadAction\",\"target\":[\"https:\\\/\\\/patternenergy.com\\\/es\\\/reconocimiento-del-viento-2\\\/\"]}]},{\"@type\":\"BreadcrumbList\",\"@id\":\"https:\\\/\\\/patternenergy.com\\\/es\\\/reconocimiento-del-viento-2\\\/#breadcrumb\",\"itemListElement\":[{\"@type\":\"ListItem\",\"position\":1,\"name\":\"Home\",\"item\":\"https:\\\/\\\/patternenergy.com\\\/es\\\/\"},{\"@type\":\"ListItem\",\"position\":2,\"name\":\"Reconocimiento del viento\"}]},{\"@type\":\"WebSite\",\"@id\":\"https:\\\/\\\/patternenergy.com\\\/es\\\/#website\",\"url\":\"https:\\\/\\\/patternenergy.com\\\/es\\\/\",\"name\":\"Pattern Energy\",\"description\":\"Desarrollamos, construimos, poseemos y explotamos proyectos e\u00f3licos, solares, de transmisi\u00f3n y de almacenamiento de energ\u00eda de alta calidad en todo el mundo.\",\"publisher\":{\"@id\":\"https:\\\/\\\/patternenergy.com\\\/es\\\/#organization\"},\"potentialAction\":[{\"@type\":\"SearchAction\",\"target\":{\"@type\":\"EntryPoint\",\"urlTemplate\":\"https:\\\/\\\/patternenergy.com\\\/es\\\/?s={search_term_string}\"},\"query-input\":{\"@type\":\"PropertyValueSpecification\",\"valueRequired\":true,\"valueName\":\"search_term_string\"}}],\"inLanguage\":\"es\"},{\"@type\":\"Organization\",\"@id\":\"https:\\\/\\\/patternenergy.com\\\/es\\\/#organization\",\"name\":\"Pattern Energy\",\"url\":\"https:\\\/\\\/patternenergy.com\\\/es\\\/\",\"logo\":{\"@type\":\"ImageObject\",\"inLanguage\":\"es\",\"@id\":\"https:\\\/\\\/patternenergy.com\\\/es\\\/#\\\/schema\\\/logo\\\/image\\\/\",\"url\":\"https:\\\/\\\/patternenergy.com\\\/wp-content\\\/uploads\\\/2022\\\/01\\\/Pattern-Energy-Media-thumbnail-logo.jpg\",\"contentUrl\":\"https:\\\/\\\/patternenergy.com\\\/wp-content\\\/uploads\\\/2022\\\/01\\\/Pattern-Energy-Media-thumbnail-logo.jpg\",\"width\":1200,\"height\":627,\"caption\":\"Pattern Energy\"},\"image\":{\"@id\":\"https:\\\/\\\/patternenergy.com\\\/es\\\/#\\\/schema\\\/logo\\\/image\\\/\"},\"sameAs\":[\"https:\\\/\\\/www.facebook.com\\\/PatternEnergy\\\/\",\"https:\\\/\\\/instagram.com\\\/patternenergy?utm_medium=copy_link\",\"https:\\\/\\\/www.linkedin.com\\\/company\\\/pattern-energy\",\"https:\\\/\\\/www.youtube.com\\\/user\\\/PatternEnergy?app=desktop\",\"https:\\\/\\\/web.cauze.com\\\/company\\\/293\"]}]}<\/script>\n<!-- \/ Yoast SEO plugin. -->","yoast_head_json":{"title":"Reconocimiento del viento - Pattern Energy","robots":{"index":"noindex","follow":"nofollow"},"og_locale":"es_ES","og_type":"article","og_title":"Reconocimiento del viento - Pattern Energy","og_url":"https:\/\/patternenergy.com\/es\/reconocimiento-del-viento-2\/","og_site_name":"Pattern Energy","article_publisher":"https:\/\/www.facebook.com\/PatternEnergy\/","article_modified_time":"2024-04-08T07:53:52+00:00","og_image":[{"width":1200,"height":627,"url":"https:\/\/patternenergy.com\/wp-content\/uploads\/2022\/01\/Pattern-Energy-Media-thumbnail-logo.jpg","type":"image\/jpeg"}],"twitter_card":"summary_large_image","twitter_misc":{"Tiempo de lectura":"1 minuto"},"schema":{"@context":"https:\/\/schema.org","@graph":[{"@type":"WebPage","@id":"https:\/\/patternenergy.com\/es\/reconocimiento-del-viento-2\/","url":"https:\/\/patternenergy.com\/es\/reconocimiento-del-viento-2\/","name":"Reconocimiento del viento - Pattern Energy","isPartOf":{"@id":"https:\/\/patternenergy.com\/es\/#website"},"datePublished":"2024-04-05T20:38:30+00:00","dateModified":"2024-04-08T07:53:52+00:00","breadcrumb":{"@id":"https:\/\/patternenergy.com\/es\/reconocimiento-del-viento-2\/#breadcrumb"},"inLanguage":"es","potentialAction":[{"@type":"ReadAction","target":["https:\/\/patternenergy.com\/es\/reconocimiento-del-viento-2\/"]}]},{"@type":"BreadcrumbList","@id":"https:\/\/patternenergy.com\/es\/reconocimiento-del-viento-2\/#breadcrumb","itemListElement":[{"@type":"ListItem","position":1,"name":"Home","item":"https:\/\/patternenergy.com\/es\/"},{"@type":"ListItem","position":2,"name":"Reconocimiento del viento"}]},{"@type":"WebSite","@id":"https:\/\/patternenergy.com\/es\/#website","url":"https:\/\/patternenergy.com\/es\/","name":"Pattern Energy","description":"Desarrollamos, construimos, poseemos y explotamos proyectos e\u00f3licos, solares, de transmisi\u00f3n y de almacenamiento de energ\u00eda de alta calidad en todo el mundo.","publisher":{"@id":"https:\/\/patternenergy.com\/es\/#organization"},"potentialAction":[{"@type":"SearchAction","target":{"@type":"EntryPoint","urlTemplate":"https:\/\/patternenergy.com\/es\/?s={search_term_string}"},"query-input":{"@type":"PropertyValueSpecification","valueRequired":true,"valueName":"search_term_string"}}],"inLanguage":"es"},{"@type":"Organization","@id":"https:\/\/patternenergy.com\/es\/#organization","name":"Pattern Energy","url":"https:\/\/patternenergy.com\/es\/","logo":{"@type":"ImageObject","inLanguage":"es","@id":"https:\/\/patternenergy.com\/es\/#\/schema\/logo\/image\/","url":"https:\/\/patternenergy.com\/wp-content\/uploads\/2022\/01\/Pattern-Energy-Media-thumbnail-logo.jpg","contentUrl":"https:\/\/patternenergy.com\/wp-content\/uploads\/2022\/01\/Pattern-Energy-Media-thumbnail-logo.jpg","width":1200,"height":627,"caption":"Pattern Energy"},"image":{"@id":"https:\/\/patternenergy.com\/es\/#\/schema\/logo\/image\/"},"sameAs":["https:\/\/www.facebook.com\/PatternEnergy\/","https:\/\/instagram.com\/patternenergy?utm_medium=copy_link","https:\/\/www.linkedin.com\/company\/pattern-energy","https:\/\/www.youtube.com\/user\/PatternEnergy?app=desktop","https:\/\/web.cauze.com\/company\/293"]}]}},"_links":{"self":[{"href":"https:\/\/patternenergy.com\/es\/wp-json\/wp\/v2\/pages\/17464","targetHints":{"allow":["GET"]}}],"collection":[{"href":"https:\/\/patternenergy.com\/es\/wp-json\/wp\/v2\/pages"}],"about":[{"href":"https:\/\/patternenergy.com\/es\/wp-json\/wp\/v2\/types\/page"}],"author":[{"embeddable":true,"href":"https:\/\/patternenergy.com\/es\/wp-json\/wp\/v2\/users\/3"}],"replies":[{"embeddable":true,"href":"https:\/\/patternenergy.com\/es\/wp-json\/wp\/v2\/comments?post=17464"}],"version-history":[{"count":0,"href":"https:\/\/patternenergy.com\/es\/wp-json\/wp\/v2\/pages\/17464\/revisions"}],"wp:attachment":[{"href":"https:\/\/patternenergy.com\/es\/wp-json\/wp\/v2\/media?parent=17464"}],"curies":[{"name":"wp","href":"https:\/\/api.w.org\/{rel}","templated":true}]}}