{"id":17289,"date":"2024-03-22T17:01:18","date_gmt":"2024-03-22T22:01:18","guid":{"rendered":"https:\/\/patternenergy.com\/reconocimiento-de-seguridad\/"},"modified":"2024-04-10T03:31:43","modified_gmt":"2024-04-10T08:31:43","slug":"reconocimiento-de-seguridad","status":"publish","type":"page","link":"https:\/\/patternenergy.com\/es\/reconocimiento-de-seguridad\/","title":{"rendered":"Reconocimiento de la transmisi\u00f3n"},"content":{"rendered":"\n<section class=\"textual-content no-space-bottom type-default\" >\n\t\n\t<div class=\"holder block-entry animated\">\n\t\t\n\t\t\t\t\t\t\n\t\t<div class=\"acf-innerblocks-container\">\n\n<h2 class=\"wp-block-heading\"><strong>Reconocimiento del personal de transmisi\u00f3n<\/strong><\/h2>\n\n\n\n<p>Las siguientes personas recibieron un reconocimiento por su trabajo en SunZia Transmission. Gracias por sus continuos esfuerzos para hacer realidad el proyecto SunZia.  <\/p>\n\n<\/div>\t\t\n\t<\/div>\n<\/section><!-- Textual Content -->\n<section class=\"textual-content type-default\" >\n\t\n\t<div class=\"holder block-entry animated\">\n\t\t\n\t\t\t\t\t\t\n\t\t<div class=\"acf-innerblocks-container\">\n\n<div class=\"wp-block-columns is-layout-flex wp-container-core-columns-is-layout-9d6595d7 wp-block-columns-is-layout-flex\">\n<div class=\"wp-block-column is-layout-flow wp-block-column-is-layout-flow\">\n<p><strong>Adam Tadisch<\/strong> <br\/>MJ Electric  <\/p>\n\n\n\n<p><strong>Kenny Williams<\/strong> <br\/>PG Tripulaci\u00f3n 2  <\/p>\n\n\n\n<p><strong>Larry Gonzales<\/strong> <br\/>Brink  <\/p>\n\n\n\n<p><strong>Sheldon Hardiman<\/strong> <br\/>Vallard  <\/p>\n\n\n\n<p><strong>Mike Genaille<\/strong> <br\/>Vallard  <\/p>\n\n\n\n<p><strong>Tyler Pinkerton<\/strong> <br\/>Vallard  <\/p>\n\n\n\n<p><strong>Freddy \u00c1lvarez  <\/strong><br\/>Northstar  <\/p>\n\n\n\n<p><strong>Juan Chairez<\/strong> <br\/>Northstar  <\/p>\n\n\n\n<p><strong>Jos\u00e9 L\u00f3pez  <\/strong><br\/>Northstar  <\/p>\n\n\n\n<p><strong>Salvador Chairez<\/strong> <br\/>Northstar  <\/p>\n\n\n\n<p><strong>Fernando Guzm\u00e1n  <\/strong><br\/>Northstar  <\/p>\n\n\n\n<p><strong>C\u00e9sar Rodr\u00edguez  <\/strong><br\/>Northstar  <\/p>\n\n\n\n<p><strong>Rub\u00e9n Valdez  <\/strong><br\/>Northstar  <\/p>\n\n\n\n<p><strong>Adri\u00e1n L\u00f3pez  <\/strong><br\/>Northstar  <\/p>\n\n\n\n<p><strong>Manuel Rodr\u00edguez  <\/strong><br\/>Northstar<\/p>\n\n\n\n<p><strong>Juan L\u00f3pez  <\/strong><br\/>Northstar  <\/p>\n\n\n\n<p><strong>Quade Butterfield  <\/strong><br\/>Northstar  <\/p>\n\n\n\n<p><strong>Bertram Milford  <\/strong><br\/>Brink  <\/p>\n\n\n\n<p><strong>Logan Caudill  <\/strong><br\/>L\u00ednea Cumbre  <\/p>\n\n\n\n<p><strong>Nic Holiman  <\/strong><br\/>IGP  <\/p>\n\n\n\n<p><strong>Ezra Raasch  <\/strong><br\/>Brink  <\/p>\n\n\n\n<p><strong>Isaac Hind  <\/strong><br\/>Brink  <\/p>\n\n\n\n<p><strong>Girard Denezpi  <\/strong><br\/>QISG Seguridad  <\/p>\n<\/div>\n\n\n\n<div class=\"wp-block-column is-layout-flow wp-block-column-is-layout-flow\">\n<p><strong>Leeland Halleran\/Foreman  <\/strong><br\/>Conjunto Valard  <\/p>\n\n\n\n<p><strong>Charles Byrd  <\/strong><br\/>Conjunto Valard  <\/p>\n\n\n\n<p><strong>Dwight Mullins  <\/strong><br\/>Conjunto Valard  <\/p>\n\n\n\n<p><strong>Trabajo Lee  <\/strong><br\/>Conjunto Valard  <\/p>\n\n\n\n<p><strong>Gerard Byrd  <\/strong><br\/>Conjunto Valard  <\/p>\n\n\n\n<p><strong>Stephen Johnson  <\/strong><br\/>Conjunto Valard  <\/p>\n\n\n\n<p><strong>Lloyd Piercey  <\/strong><br\/>Conjunto Valard  <\/p>\n\n\n\n<p><strong>Christopher Letandre  <\/strong><br\/>Conjunto Valard  <\/p>\n\n\n\n<p><strong>Isreal Vela  <\/strong><br\/>Conam Agua  <\/p>\n\n\n\n<p><strong>Wayne Offenloch<\/strong> <br\/>Conjunto Valard  <\/p>\n\n\n\n<p><strong>Dallas Edwards  <\/strong><br\/>L\u00ednea Cumbre  <\/p>\n\n\n\n<p><strong>David Nelson  <\/strong><br\/>Brink  <\/p>\n\n\n\n<p><strong>Adam Tadisch  <\/strong><br\/>MJ Drilling-Foreman  <\/p>\n\n\n\n<p><strong>Brett Herman  <\/strong><br\/>Perforaci\u00f3n MJ  <\/p>\n\n\n\n<p><strong>Tyrell Grainger  <\/strong><br\/>Perforaci\u00f3n MJ  <\/p>\n\n\n\n<p><strong>Mike Tadisch  <\/strong><br\/>Perforaci\u00f3n MJ  <\/p>\n\n\n\n<p><strong>Eric Wells<\/strong> <br\/>Perforaci\u00f3n MJ  <\/p>\n\n\n\n<p><strong>Jordan Negro  <\/strong><br\/>Perforaci\u00f3n MJ  <\/p>\n\n\n\n<p><strong>Jeff Lindly  <\/strong><br\/>L\u00ednea Cumbre  <\/p>\n\n\n\n<p><strong>C.L. Allen  <\/strong><br\/>Precio Gregory-Foreman  <\/p>\n\n\n\n<p><strong>Cody Coplen  <\/strong><br\/>Capataz de montaje de l\u00edneas de Summit  <\/p>\n\n\n\n<p><strong>Jake House  <\/strong><br\/>Crux  <\/p>\n\n\n\n<p><strong>Anthony Lucero  <\/strong><br\/>Brink  <\/p>\n\n\n\n<p><strong>Kobe Applegate  <\/strong><br\/>Brink<\/p>\n<\/div>\n\n\n\n<div class=\"wp-block-column is-layout-flow wp-block-column-is-layout-flow\">\n<p><strong>Pierre-Martin Lelievre  <\/strong><br\/>Erecci\u00f3n Valard  <\/p>\n\n\n\n<p><strong>St\u00e9phane Gagne  <\/strong><br\/>Erecci\u00f3n Valard  <\/p>\n\n\n\n<p><strong>Patrice Lalancette  <\/strong><br\/>Erecci\u00f3n Valard  <\/p>\n\n\n\n<p><strong>Maxime Isabel  <\/strong><br\/>Erecci\u00f3n Valard  <\/p>\n\n\n\n<p><strong>David Grenier  <\/strong><br\/>Erecci\u00f3n Valard  <\/p>\n\n\n\n<p><strong>Gregory Mark Chatman  <\/strong><br\/>Erecci\u00f3n Valard  <\/p>\n\n\n\n<p><strong>Keith Taylor  <\/strong><br\/>Erecci\u00f3n Valard  <\/p>\n\n\n\n<p><strong>Marc Lalonde  <\/strong><br\/>Erecci\u00f3n Valard  <\/p>\n\n\n\n<p><strong>Matthew Crossley<\/strong> <br\/>Erecci\u00f3n Valard  <\/p>\n\n\n\n<p><strong>Joey Hackett  <\/strong><br\/>Erecci\u00f3n Valard  <\/p>\n\n\n\n<p><strong>Ronald Hickey  <\/strong><br\/>Erecci\u00f3n Valard  <\/p>\n\n\n\n<p><strong>Tristan Windross  <\/strong><br\/>Erecci\u00f3n Valard  <\/p>\n\n\n\n<p><strong>Sheldon Harriman<\/strong> <br\/>Valard  <\/p>\n\n\n\n<p><strong>Drake Parker  <\/strong><br\/>PAR El\u00e9ctrico  <\/p>\n\n\n\n<p><strong>Vlad Dzhabiyev  <\/strong><br\/>PAR El\u00e9ctrico<\/p>\n\n\n\n<p><strong>Joe Araiza  <\/strong><br\/>L\u00ednea Cumbre<\/p>\n\n\n\n<p><strong>Francisco Ch\u00e1vez  <\/strong><br\/>Valard  <\/p>\n\n\n\n<p><strong>Davian Salaba  <\/strong><br\/>Probst-Asamblea  <\/p>\n\n\n\n<p><strong>Jacob Daniels  <\/strong><br\/>L\u00ednea Cumbre  <\/p>\n\n\n\n<p><strong>Seth Murray<\/strong> <br\/>Crux  <\/p>\n\n\n\n<p><strong>Diego Cruz  <\/strong><br\/>MGD Equipo de pedestal  <\/p>\n\n\n\n<p><strong>Oscar Ram\u00edrez  <\/strong><br\/>MGD Equipo de pedestal  <\/p>\n\n\n\n<p><strong>Mayra L\u00f3pez  <\/strong><br\/>MGD Equipo de pedestal  <\/p>\n\n\n\n<p><strong>Michael Rendorris  <\/strong><br\/>MGD Equipo de pedestal  <\/p>\n\n\n\n<p><strong>Loren Deardoff  <\/strong><br\/>Crux<\/p>\n<\/div>\n<\/div>\n\n<\/div>\t\t\n\t<\/div>\n<\/section><!-- Textual Content -->\n<section class=\"textual-content no-space-top type-default\" >\n\t\n\t<div class=\"holder block-entry animated\">\n\t\t\n\t\t\t\t\t\t\n\t\t<div class=\"acf-innerblocks-container\">\n\n<h2 class=\"wp-block-heading\"><strong>Reconocimiento de los empleados<\/strong><\/h2>\n\n\n\n<div class=\"wp-block-columns is-layout-flex wp-container-core-columns-is-layout-9d6595d7 wp-block-columns-is-layout-flex\">\n<div class=\"wp-block-column is-layout-flow wp-block-column-is-layout-flow\">\n<h3 class=\"wp-block-heading\"><strong>2023<\/strong><br\/>Noviembre<\/h3>\n\n\n\n<p>Gordon Rubendall<br\/>Jason Erickson<br\/>Troy Binyon<br\/>Matt Hopkins<br\/>Ryan Jackson<br\/>Shane Swezey<br\/>Ryan Davidson<br\/>Joseph Card<br\/>Mike Tadisch<br\/>Eric Wells<br\/>Jordan Negro<br\/>Ezra Raasch<br\/>Isaac Hind<br\/>Nic Holiman<br\/>Shawn Scribner<br\/>Dave Caswell<br\/>Acuerdo Cameron<\/p>\n<\/div>\n\n\n\n<div class=\"wp-block-column is-layout-flow wp-block-column-is-layout-flow\">\n<h3 class=\"wp-block-heading\"><br\/>Diciembre<\/h3>\n\n\n\n<p>Eric Cassidy<br\/>Heath Davenport<br\/>Adam Tadisch Kenny Williams<\/p>\n<\/div>\n\n\n\n<div class=\"wp-block-column is-layout-flow wp-block-column-is-layout-flow\">\n<h3 class=\"wp-block-heading\"><strong>2024<\/strong><br\/>Febrero<\/h3>\n\n\n\n<p>Girard Denezpi<br\/>Nolan Rogers<br\/>Heath Davenport<br\/>Jake Sarno<br\/>Adam Tadisch<br\/>Brett Herman<br\/>Tyrell Grainger<\/p>\n<\/div>\n<\/div>\n\n<\/div>\t\t\n\t<\/div>\n<\/section><!-- Textual Content -->","protected":false},"excerpt":{"rendered":"","protected":false},"author":3,"featured_media":0,"parent":0,"menu_order":0,"comment_status":"closed","ping_status":"closed","template":"","meta":{"_acf_changed":false,"footnotes":""},"class_list":["post-17289","page","type-page","status-publish","hentry"],"acf":[],"yoast_head":"<!-- This site is optimized with the Yoast SEO plugin v27.5 - https:\/\/yoast.com\/product\/yoast-seo-wordpress\/ -->\n<title>Reconocimiento de la transmisi\u00f3n - Pattern Energy<\/title>\n<meta name=\"robots\" content=\"noindex, nofollow\" \/>\n<meta property=\"og:locale\" content=\"es_ES\" \/>\n<meta property=\"og:type\" content=\"article\" \/>\n<meta property=\"og:title\" content=\"Reconocimiento de la transmisi\u00f3n - Pattern Energy\" \/>\n<meta property=\"og:url\" content=\"https:\/\/patternenergy.com\/es\/reconocimiento-de-seguridad\/\" \/>\n<meta property=\"og:site_name\" content=\"Pattern Energy\" \/>\n<meta property=\"article:publisher\" content=\"https:\/\/www.facebook.com\/PatternEnergy\/\" \/>\n<meta property=\"article:modified_time\" content=\"2024-04-10T08:31:43+00:00\" \/>\n<meta property=\"og:image\" content=\"https:\/\/patternenergy.com\/wp-content\/uploads\/2022\/01\/Pattern-Energy-Media-thumbnail-logo.jpg\" \/>\n\t<meta property=\"og:image:width\" content=\"1200\" \/>\n\t<meta property=\"og:image:height\" content=\"627\" \/>\n\t<meta property=\"og:image:type\" content=\"image\/jpeg\" \/>\n<meta name=\"twitter:card\" content=\"summary_large_image\" \/>\n<meta name=\"twitter:label1\" content=\"Tiempo de lectura\" \/>\n\t<meta name=\"twitter:data1\" content=\"2 minutos\" \/>\n<script type=\"application\/ld+json\" class=\"yoast-schema-graph\">{\"@context\":\"https:\\\/\\\/schema.org\",\"@graph\":[{\"@type\":\"WebPage\",\"@id\":\"https:\\\/\\\/patternenergy.com\\\/es\\\/reconocimiento-de-seguridad\\\/\",\"url\":\"https:\\\/\\\/patternenergy.com\\\/es\\\/reconocimiento-de-seguridad\\\/\",\"name\":\"Reconocimiento de la transmisi\u00f3n - Pattern Energy\",\"isPartOf\":{\"@id\":\"https:\\\/\\\/patternenergy.com\\\/es\\\/#website\"},\"datePublished\":\"2024-03-22T22:01:18+00:00\",\"dateModified\":\"2024-04-10T08:31:43+00:00\",\"breadcrumb\":{\"@id\":\"https:\\\/\\\/patternenergy.com\\\/es\\\/reconocimiento-de-seguridad\\\/#breadcrumb\"},\"inLanguage\":\"es\",\"potentialAction\":[{\"@type\":\"ReadAction\",\"target\":[\"https:\\\/\\\/patternenergy.com\\\/es\\\/reconocimiento-de-seguridad\\\/\"]}]},{\"@type\":\"BreadcrumbList\",\"@id\":\"https:\\\/\\\/patternenergy.com\\\/es\\\/reconocimiento-de-seguridad\\\/#breadcrumb\",\"itemListElement\":[{\"@type\":\"ListItem\",\"position\":1,\"name\":\"Home\",\"item\":\"https:\\\/\\\/patternenergy.com\\\/es\\\/\"},{\"@type\":\"ListItem\",\"position\":2,\"name\":\"Reconocimiento de la transmisi\u00f3n\"}]},{\"@type\":\"WebSite\",\"@id\":\"https:\\\/\\\/patternenergy.com\\\/es\\\/#website\",\"url\":\"https:\\\/\\\/patternenergy.com\\\/es\\\/\",\"name\":\"Pattern Energy\",\"description\":\"Desarrollamos, construimos, poseemos y explotamos proyectos e\u00f3licos, solares, de transmisi\u00f3n y de almacenamiento de energ\u00eda de alta calidad en todo el mundo.\",\"publisher\":{\"@id\":\"https:\\\/\\\/patternenergy.com\\\/es\\\/#organization\"},\"potentialAction\":[{\"@type\":\"SearchAction\",\"target\":{\"@type\":\"EntryPoint\",\"urlTemplate\":\"https:\\\/\\\/patternenergy.com\\\/es\\\/?s={search_term_string}\"},\"query-input\":{\"@type\":\"PropertyValueSpecification\",\"valueRequired\":true,\"valueName\":\"search_term_string\"}}],\"inLanguage\":\"es\"},{\"@type\":\"Organization\",\"@id\":\"https:\\\/\\\/patternenergy.com\\\/es\\\/#organization\",\"name\":\"Pattern Energy\",\"url\":\"https:\\\/\\\/patternenergy.com\\\/es\\\/\",\"logo\":{\"@type\":\"ImageObject\",\"inLanguage\":\"es\",\"@id\":\"https:\\\/\\\/patternenergy.com\\\/es\\\/#\\\/schema\\\/logo\\\/image\\\/\",\"url\":\"https:\\\/\\\/patternenergy.com\\\/wp-content\\\/uploads\\\/2022\\\/01\\\/Pattern-Energy-Media-thumbnail-logo.jpg\",\"contentUrl\":\"https:\\\/\\\/patternenergy.com\\\/wp-content\\\/uploads\\\/2022\\\/01\\\/Pattern-Energy-Media-thumbnail-logo.jpg\",\"width\":1200,\"height\":627,\"caption\":\"Pattern Energy\"},\"image\":{\"@id\":\"https:\\\/\\\/patternenergy.com\\\/es\\\/#\\\/schema\\\/logo\\\/image\\\/\"},\"sameAs\":[\"https:\\\/\\\/www.facebook.com\\\/PatternEnergy\\\/\",\"https:\\\/\\\/instagram.com\\\/patternenergy?utm_medium=copy_link\",\"https:\\\/\\\/www.linkedin.com\\\/company\\\/pattern-energy\",\"https:\\\/\\\/www.youtube.com\\\/user\\\/PatternEnergy?app=desktop\",\"https:\\\/\\\/web.cauze.com\\\/company\\\/293\"]}]}<\/script>\n<!-- \/ Yoast SEO plugin. -->","yoast_head_json":{"title":"Reconocimiento de la transmisi\u00f3n - Pattern Energy","robots":{"index":"noindex","follow":"nofollow"},"og_locale":"es_ES","og_type":"article","og_title":"Reconocimiento de la transmisi\u00f3n - Pattern Energy","og_url":"https:\/\/patternenergy.com\/es\/reconocimiento-de-seguridad\/","og_site_name":"Pattern Energy","article_publisher":"https:\/\/www.facebook.com\/PatternEnergy\/","article_modified_time":"2024-04-10T08:31:43+00:00","og_image":[{"width":1200,"height":627,"url":"https:\/\/patternenergy.com\/wp-content\/uploads\/2022\/01\/Pattern-Energy-Media-thumbnail-logo.jpg","type":"image\/jpeg"}],"twitter_card":"summary_large_image","twitter_misc":{"Tiempo de lectura":"2 minutos"},"schema":{"@context":"https:\/\/schema.org","@graph":[{"@type":"WebPage","@id":"https:\/\/patternenergy.com\/es\/reconocimiento-de-seguridad\/","url":"https:\/\/patternenergy.com\/es\/reconocimiento-de-seguridad\/","name":"Reconocimiento de la transmisi\u00f3n - Pattern Energy","isPartOf":{"@id":"https:\/\/patternenergy.com\/es\/#website"},"datePublished":"2024-03-22T22:01:18+00:00","dateModified":"2024-04-10T08:31:43+00:00","breadcrumb":{"@id":"https:\/\/patternenergy.com\/es\/reconocimiento-de-seguridad\/#breadcrumb"},"inLanguage":"es","potentialAction":[{"@type":"ReadAction","target":["https:\/\/patternenergy.com\/es\/reconocimiento-de-seguridad\/"]}]},{"@type":"BreadcrumbList","@id":"https:\/\/patternenergy.com\/es\/reconocimiento-de-seguridad\/#breadcrumb","itemListElement":[{"@type":"ListItem","position":1,"name":"Home","item":"https:\/\/patternenergy.com\/es\/"},{"@type":"ListItem","position":2,"name":"Reconocimiento de la transmisi\u00f3n"}]},{"@type":"WebSite","@id":"https:\/\/patternenergy.com\/es\/#website","url":"https:\/\/patternenergy.com\/es\/","name":"Pattern Energy","description":"Desarrollamos, construimos, poseemos y explotamos proyectos e\u00f3licos, solares, de transmisi\u00f3n y de almacenamiento de energ\u00eda de alta calidad en todo el mundo.","publisher":{"@id":"https:\/\/patternenergy.com\/es\/#organization"},"potentialAction":[{"@type":"SearchAction","target":{"@type":"EntryPoint","urlTemplate":"https:\/\/patternenergy.com\/es\/?s={search_term_string}"},"query-input":{"@type":"PropertyValueSpecification","valueRequired":true,"valueName":"search_term_string"}}],"inLanguage":"es"},{"@type":"Organization","@id":"https:\/\/patternenergy.com\/es\/#organization","name":"Pattern Energy","url":"https:\/\/patternenergy.com\/es\/","logo":{"@type":"ImageObject","inLanguage":"es","@id":"https:\/\/patternenergy.com\/es\/#\/schema\/logo\/image\/","url":"https:\/\/patternenergy.com\/wp-content\/uploads\/2022\/01\/Pattern-Energy-Media-thumbnail-logo.jpg","contentUrl":"https:\/\/patternenergy.com\/wp-content\/uploads\/2022\/01\/Pattern-Energy-Media-thumbnail-logo.jpg","width":1200,"height":627,"caption":"Pattern Energy"},"image":{"@id":"https:\/\/patternenergy.com\/es\/#\/schema\/logo\/image\/"},"sameAs":["https:\/\/www.facebook.com\/PatternEnergy\/","https:\/\/instagram.com\/patternenergy?utm_medium=copy_link","https:\/\/www.linkedin.com\/company\/pattern-energy","https:\/\/www.youtube.com\/user\/PatternEnergy?app=desktop","https:\/\/web.cauze.com\/company\/293"]}]}},"_links":{"self":[{"href":"https:\/\/patternenergy.com\/es\/wp-json\/wp\/v2\/pages\/17289","targetHints":{"allow":["GET"]}}],"collection":[{"href":"https:\/\/patternenergy.com\/es\/wp-json\/wp\/v2\/pages"}],"about":[{"href":"https:\/\/patternenergy.com\/es\/wp-json\/wp\/v2\/types\/page"}],"author":[{"embeddable":true,"href":"https:\/\/patternenergy.com\/es\/wp-json\/wp\/v2\/users\/3"}],"replies":[{"embeddable":true,"href":"https:\/\/patternenergy.com\/es\/wp-json\/wp\/v2\/comments?post=17289"}],"version-history":[{"count":0,"href":"https:\/\/patternenergy.com\/es\/wp-json\/wp\/v2\/pages\/17289\/revisions"}],"wp:attachment":[{"href":"https:\/\/patternenergy.com\/es\/wp-json\/wp\/v2\/media?parent=17289"}],"curies":[{"name":"wp","href":"https:\/\/api.w.org\/{rel}","templated":true}]}}