{"id":17268,"date":"2021-12-14T09:04:35","date_gmt":"2021-12-14T14:04:35","guid":{"rendered":"https:\/\/patternenergy.com\/sostenibilidad\/mensaje-del-director-general\/"},"modified":"2025-09-19T17:25:32","modified_gmt":"2025-09-19T22:25:32","slug":"mensaje-del-director-general","status":"publish","type":"page","link":"https:\/\/patternenergy.com\/es\/sostenibilidad\/mensaje-del-director-general\/","title":{"rendered":"Mensaje del Director General"},"content":{"rendered":"\n\n<section class=\"hero\" style=\"background-image: url(https:\/\/patternenergy.com\/wp-content\/uploads\/2024\/09\/Sustainability_Hunter-Armistead_CEO-message.jpg);\">\n\t<div class=\"holder\">\n\t\t<article>\n\t\t\t<div class=\"acf-innerblocks-container\">\n\n<h1 class=\"wp-block-heading\">Mensaje del Director General<\/h1>\n\n<\/div>\t\t\t\t\t\t\t\t<\/article>\n\t\t<span class=\"scroll-indicator\"><em>Desplazarse hacia abajo<\/em><\/span>\n\t<\/div>\n<\/section>\n\n\n<section class=\"textual-content static smaller-text type-narrow\" >\n\t\n\t<div class=\"holder block-entry animated\">\n\t\t\n\t\t\t\t<div class=\"circles\">\n\t\t\t<span class=\"bigger parallax\" data-scale=\"0.00015\"><\/span>\n\t\t<\/div>\n\t\t\t\t\t\t\n\t\t<div class=\"acf-innerblocks-container\">\n\n<h3 class=\"wp-block-heading\">Potencia el futuro<\/h3>\n\n\n\n<p>Cada a\u00f1o trae consigo nuevos retos e hitos, pero 2024 destaca quiz\u00e1 como el m\u00e1s transformador de la historia de Pattern Energy. Cuando cumplimos 15 a\u00f1os como empresa, demostramos nuestra capacidad para escalar, evolucionar y liderar en una era en la que satisfacer la demanda de energ\u00eda nunca ha sido tan urgente ni tan complejo. <br\/><\/p>\n\n\n\n<p>Comenzamos esta empresa con la audaz idea de que era posible construir una empresa energ\u00e9tica impulsada por valores que pudiera hacer grandes cosas y hacerlas de la manera correcta. Quince a\u00f1os despu\u00e9s, hemos demostrado que esa idea puede perdurar, crecer e impulsar logros notables.  En 2024, nuestro legado qued\u00f3 m\u00e1s claro. Podemos verlo y medirlo, y nos tomamos tiempo para celebrarlo. <br\/><\/p>\n\n\n\n<p>Logramos varios hitos a medida que avanzaba la construcci\u00f3n de nuestro proyecto SunZia de energ\u00eda e\u00f3lica y transmisi\u00f3n. Cuando est\u00e9 terminado, SunZia ser\u00e1 el mayor proyecto de infraestructura de energ\u00eda limpia de la historia de Estados Unidos. El trabajo que se est\u00e1 realizando ahora en Nuevo M\u00e9xico y Arizona es una poderosa demostraci\u00f3n de los tres pilares de nuestra visi\u00f3n de Power the Future: Impulsar el Mercado, Avanzar Juntos y Sobresalir en la Ejecuci\u00f3n.  <br\/><\/p>\n\n\n\n<p>SunZia no es s\u00f3lo un proyecto, es la prueba de que Pattern se ha convertido en una empresa capaz de desarrollar y suministrar infraestructuras a una escala hist\u00f3rica. Para llevar a cabo este proyecto, hemos tenido que subir de nivel en todos los \u00e1mbitos, como la ingenier\u00eda, la planificaci\u00f3n de la transmisi\u00f3n, el compromiso de la comunidad, la responsabilidad medioambiental, la financiaci\u00f3n, el comercio de energ\u00eda, la adquisici\u00f3n y la ejecuci\u00f3n del proyecto, por nombrar algunos. Hemos trabajado junto a organizaciones medioambientales, como la National Audubon Society, y con propietarios de tierras, representantes tribales y organismos p\u00fablicos para minimizar los impactos y subir el list\u00f3n de c\u00f3mo se desarrolla y construye la infraestructura de energ\u00eda limpia. As\u00ed es como avanzamos juntos.   <br\/><\/p>\n\n\n\n<p>Otro momento definitorio de 2024 fue la transici\u00f3n de la propiedad de nuestro inversor fundador, Riverstone Holdings LLC, a un nuevo grupo de accionistas de talla mundial, entre ellos APG Asset Management N.V., en nombre del mayor fondo de pensiones holand\u00e9s, ABP, y Australian Retirement Trust. Este hito cerr\u00f3 un cap\u00edtulo para nosotros. Como socio estable y de confianza desde nuestra formaci\u00f3n, Riverstone nos ayud\u00f3 a guiarnos hacia el siguiente cap\u00edtulo de nuestra historia. Con el apoyo de nuestros nuevos inversores, ahora estamos en condiciones de construir sobre esa base. Pattern se ve reforzada por su perspectiva global, su compromiso a largo plazo y su creencia compartida en nuestra misi\u00f3n.    <\/p>\n\n\n\n<p>A medida que se acelera el ritmo de la electrificaci\u00f3n, Pattern est\u00e1 invirtiendo en la infraestructura necesaria para construir una red moderna. Estamos aprovechando nuestra experiencia a medida que ampliamos nuestra plataforma de recursos energ\u00e9ticos fiables y rentables para satisfacer esta creciente demanda. Nuestro proyecto Southern Spirit Transmission conectar\u00e1 regiones, mejorar\u00e1 la fiabilidad y crear\u00e1 capacidad en m\u00faltiples mercados, especialmente en una regi\u00f3n donde la inestabilidad meteorol\u00f3gica afecta cada vez m\u00e1s a c\u00f3mo, cu\u00e1ndo y d\u00f3nde usamos la electricidad.  <br\/><\/p>\n\n\n\n<p>En 2024, tambi\u00e9n seguimos invirtiendo en nuestro personal y liderazgo. Dimos la bienvenida a Barry E. Davis como Presidente de nuestro Consejo de Administraci\u00f3n y a Carla Tully como nueva consejera, aportando cada uno de ellos una visi\u00f3n cr\u00edtica a medida que escalamos. Tambi\u00e9n hemos incorporado l\u00edderes experimentados a nuestro equipo ejecutivo, como Matt Rhodes como Director Financiero y Holly Adams como Vicepresidenta de Originaci\u00f3n. Estas incorporaciones reflejan nuestro enfoque continuo en la creaci\u00f3n de un equipo de liderazgo l\u00edder en el sector, al tiempo que nos preparamos para asumir retos a\u00fan m\u00e1s complejos.   <br\/><\/p>\n\n\n\n<p>Seguimos profundamente comprometidos con las comunidades a las que servimos. En 2024, los proyectos e instalaciones de Pattern aportaron m\u00e1s de 140 millones de d\u00f3lares a las econom\u00edas rurales de toda Norteam\u00e9rica mediante pagos a los propietarios de tierras, ingresos fiscales, creaci\u00f3n de empleo e inversi\u00f3n comunitaria. Generar confianza mediante la transparencia, la responsabilidad y la colaboraci\u00f3n sigue siendo la esencia de lo que somos.  <br\/><\/p>\n\n\n\n<p>Hace quince a\u00f1os, Pattern se lanz\u00f3 durante una crisis financiera mundial. \u00c9ramos peque\u00f1os, \u00e1giles e impulsados por la idea de construir un futuro energ\u00e9tico mejor. Hoy estamos dando forma a ese futuro construyendo infraestructuras transformadoras, aportando beneficios econ\u00f3micos significativos a<br\/>y manteni\u00e9ndonos fieles a los valores que nos han definido desde el principio.  <br\/><\/p>\n\n\n\n<p>Gracias a todos nuestros socios, empleados, comunidades y partes interesadas que han contribuido a hacer de 2024 un a\u00f1o tan decisivo. Juntos estamos construyendo algo m\u00e1s que proyectos: estamos creando impulso. <\/p>\n\n\n\n<p><\/p>\n\n\n\n<div class=\"wp-block-columns single-people-item is-layout-flex wp-container-core-columns-is-layout-9d6595d7 wp-block-columns-is-layout-flex\">\n<div class=\"wp-block-column is-layout-flow wp-block-column-is-layout-flow\" style=\"flex-basis:33.33%\">\n<figure class=\"wp-block-image size-large\"><img loading=\"lazy\" decoding=\"async\" width=\"1024\" height=\"1024\" src=\"https:\/\/patternenergy.com\/wp-content\/uploads\/2022\/10\/Hunter-Armistead-1024x1024.jpg\" alt=\"\" class=\"wp-image-7471\" srcset=\"https:\/\/patternenergy.com\/wp-content\/uploads\/2022\/10\/Hunter-Armistead-1024x1024.jpg 1024w, https:\/\/patternenergy.com\/wp-content\/uploads\/2022\/10\/Hunter-Armistead-300x300.jpg 300w, https:\/\/patternenergy.com\/wp-content\/uploads\/2022\/10\/Hunter-Armistead-150x150.jpg 150w, https:\/\/patternenergy.com\/wp-content\/uploads\/2022\/10\/Hunter-Armistead-768x768.jpg 768w, https:\/\/patternenergy.com\/wp-content\/uploads\/2022\/10\/Hunter-Armistead-450x450.jpg 450w, https:\/\/patternenergy.com\/wp-content\/uploads\/2022\/10\/Hunter-Armistead.jpg 1080w\" sizes=\"auto, (max-width: 1024px) 100vw, 1024px\" \/><\/figure>\n<\/div>\n\n\n\n<div class=\"wp-block-column is-layout-flow wp-block-column-is-layout-flow\" style=\"flex-basis:66.66%\">\n<h5 class=\"wp-block-heading\">Hunter Armistead<\/h5>\n\n\n\n<p>CEO, Pattern Energy<\/p>\n<\/div>\n<\/div>\n\n<\/div>\t\t\n\t<\/div>\n<\/section><!-- Textual Content -->","protected":false},"excerpt":{"rendered":"","protected":false},"author":1,"featured_media":16142,"parent":17024,"menu_order":43,"comment_status":"closed","ping_status":"closed","template":"","meta":{"_acf_changed":true,"footnotes":""},"class_list":["post-17268","page","type-page","status-publish","has-post-thumbnail","hentry"],"acf":[],"yoast_head":"<!-- This site is optimized with the Yoast SEO plugin v27.3 - https:\/\/yoast.com\/product\/yoast-seo-wordpress\/ -->\n<title>:: Mensaje del Director General<\/title>\n<meta name=\"description\" content=\"Estoy orgulloso del papel de Pattern Energy en esta transici\u00f3n hacia una econom\u00eda de energ\u00eda limpia.\" \/>\n<meta name=\"robots\" content=\"index, follow, max-snippet:-1, max-image-preview:large, max-video-preview:-1\" \/>\n<link rel=\"canonical\" href=\"https:\/\/patternenergy.com\/es\/sostenibilidad\/mensaje-del-director-general\/\" \/>\n<meta property=\"og:locale\" content=\"es_ES\" \/>\n<meta property=\"og:type\" content=\"article\" \/>\n<meta property=\"og:title\" content=\"Pattern Energy :: Mensaje del Director General\" \/>\n<meta property=\"og:description\" content=\"Estoy orgulloso del papel de Pattern Energy en esta transici\u00f3n hacia una econom\u00eda de energ\u00eda limpia.\" \/>\n<meta property=\"og:url\" content=\"https:\/\/patternenergy.com\/es\/sostenibilidad\/mensaje-del-director-general\/\" \/>\n<meta property=\"og:site_name\" content=\"Pattern Energy\" \/>\n<meta property=\"article:publisher\" content=\"https:\/\/www.facebook.com\/PatternEnergy\/\" \/>\n<meta property=\"article:modified_time\" content=\"2025-09-19T22:25:32+00:00\" \/>\n<meta property=\"og:image\" content=\"https:\/\/patternenergy.com\/wp-content\/uploads\/2023\/07\/Hunter-fb-media-image-1024x538.jpg\" \/>\n<meta name=\"twitter:card\" content=\"summary_large_image\" \/>\n<meta name=\"twitter:title\" content=\"Pattern Energy :: Mensaje del Director General\" \/>\n<meta name=\"twitter:description\" content=\"Estoy orgulloso del papel de Pattern Energy en esta transici\u00f3n hacia una econom\u00eda de energ\u00eda limpia.\" \/>\n<meta name=\"twitter:image\" content=\"https:\/\/patternenergy.com\/wp-content\/uploads\/2023\/07\/Hunter-fb-media-image-1024x538.jpg\" \/>\n<meta name=\"twitter:label1\" content=\"Tiempo de lectura\" \/>\n\t<meta name=\"twitter:data1\" content=\"6 minutos\" \/>\n<script type=\"application\/ld+json\" class=\"yoast-schema-graph\">{\"@context\":\"https:\\\/\\\/schema.org\",\"@graph\":[{\"@type\":\"WebPage\",\"@id\":\"https:\\\/\\\/patternenergy.com\\\/es\\\/sostenibilidad\\\/mensaje-del-director-general\\\/\",\"url\":\"https:\\\/\\\/patternenergy.com\\\/es\\\/sostenibilidad\\\/mensaje-del-director-general\\\/\",\"name\":\":: Mensaje del Director General\",\"isPartOf\":{\"@id\":\"https:\\\/\\\/patternenergy.com\\\/es\\\/#website\"},\"primaryImageOfPage\":{\"@id\":\"https:\\\/\\\/patternenergy.com\\\/es\\\/sostenibilidad\\\/mensaje-del-director-general\\\/#primaryimage\"},\"image\":{\"@id\":\"https:\\\/\\\/patternenergy.com\\\/es\\\/sostenibilidad\\\/mensaje-del-director-general\\\/#primaryimage\"},\"thumbnailUrl\":\"https:\\\/\\\/patternenergy.com\\\/wp-content\\\/uploads\\\/2023\\\/07\\\/Hunter-fb-media-image.jpg\",\"datePublished\":\"2021-12-14T14:04:35+00:00\",\"dateModified\":\"2025-09-19T22:25:32+00:00\",\"description\":\"Estoy orgulloso del papel de Pattern Energy en esta transici\u00f3n hacia una econom\u00eda de energ\u00eda limpia.\",\"breadcrumb\":{\"@id\":\"https:\\\/\\\/patternenergy.com\\\/es\\\/sostenibilidad\\\/mensaje-del-director-general\\\/#breadcrumb\"},\"inLanguage\":\"es\",\"potentialAction\":[{\"@type\":\"ReadAction\",\"target\":[\"https:\\\/\\\/patternenergy.com\\\/es\\\/sostenibilidad\\\/mensaje-del-director-general\\\/\"]}]},{\"@type\":\"ImageObject\",\"inLanguage\":\"es\",\"@id\":\"https:\\\/\\\/patternenergy.com\\\/es\\\/sostenibilidad\\\/mensaje-del-director-general\\\/#primaryimage\",\"url\":\"https:\\\/\\\/patternenergy.com\\\/wp-content\\\/uploads\\\/2023\\\/07\\\/Hunter-fb-media-image.jpg\",\"contentUrl\":\"https:\\\/\\\/patternenergy.com\\\/wp-content\\\/uploads\\\/2023\\\/07\\\/Hunter-fb-media-image.jpg\",\"width\":1200,\"height\":630},{\"@type\":\"BreadcrumbList\",\"@id\":\"https:\\\/\\\/patternenergy.com\\\/es\\\/sostenibilidad\\\/mensaje-del-director-general\\\/#breadcrumb\",\"itemListElement\":[{\"@type\":\"ListItem\",\"position\":1,\"name\":\"Home\",\"item\":\"https:\\\/\\\/patternenergy.com\\\/es\\\/\"},{\"@type\":\"ListItem\",\"position\":2,\"name\":\"Sostenibilidad\",\"item\":\"https:\\\/\\\/patternenergy.com\\\/es\\\/sostenibilidad\\\/\"},{\"@type\":\"ListItem\",\"position\":3,\"name\":\"Mensaje del Director General\"}]},{\"@type\":\"WebSite\",\"@id\":\"https:\\\/\\\/patternenergy.com\\\/es\\\/#website\",\"url\":\"https:\\\/\\\/patternenergy.com\\\/es\\\/\",\"name\":\"Pattern Energy\",\"description\":\"Desarrollamos, construimos, poseemos y explotamos proyectos e\u00f3licos, solares, de transmisi\u00f3n y de almacenamiento de energ\u00eda de alta calidad en todo el mundo.\",\"publisher\":{\"@id\":\"https:\\\/\\\/patternenergy.com\\\/es\\\/#organization\"},\"potentialAction\":[{\"@type\":\"SearchAction\",\"target\":{\"@type\":\"EntryPoint\",\"urlTemplate\":\"https:\\\/\\\/patternenergy.com\\\/es\\\/?s={search_term_string}\"},\"query-input\":{\"@type\":\"PropertyValueSpecification\",\"valueRequired\":true,\"valueName\":\"search_term_string\"}}],\"inLanguage\":\"es\"},{\"@type\":\"Organization\",\"@id\":\"https:\\\/\\\/patternenergy.com\\\/es\\\/#organization\",\"name\":\"Pattern Energy\",\"url\":\"https:\\\/\\\/patternenergy.com\\\/es\\\/\",\"logo\":{\"@type\":\"ImageObject\",\"inLanguage\":\"es\",\"@id\":\"https:\\\/\\\/patternenergy.com\\\/es\\\/#\\\/schema\\\/logo\\\/image\\\/\",\"url\":\"https:\\\/\\\/patternenergy.com\\\/wp-content\\\/uploads\\\/2022\\\/01\\\/Pattern-Energy-Media-thumbnail-logo.jpg\",\"contentUrl\":\"https:\\\/\\\/patternenergy.com\\\/wp-content\\\/uploads\\\/2022\\\/01\\\/Pattern-Energy-Media-thumbnail-logo.jpg\",\"width\":1200,\"height\":627,\"caption\":\"Pattern Energy\"},\"image\":{\"@id\":\"https:\\\/\\\/patternenergy.com\\\/es\\\/#\\\/schema\\\/logo\\\/image\\\/\"},\"sameAs\":[\"https:\\\/\\\/www.facebook.com\\\/PatternEnergy\\\/\",\"https:\\\/\\\/instagram.com\\\/patternenergy?utm_medium=copy_link\",\"https:\\\/\\\/www.linkedin.com\\\/company\\\/pattern-energy\",\"https:\\\/\\\/www.youtube.com\\\/user\\\/PatternEnergy?app=desktop\",\"https:\\\/\\\/web.cauze.com\\\/company\\\/293\"]}]}<\/script>\n<!-- \/ Yoast SEO plugin. -->","yoast_head_json":{"title":":: Mensaje del Director General","description":"Estoy orgulloso del papel de Pattern Energy en esta transici\u00f3n hacia una econom\u00eda de energ\u00eda limpia.","robots":{"index":"index","follow":"follow","max-snippet":"max-snippet:-1","max-image-preview":"max-image-preview:large","max-video-preview":"max-video-preview:-1"},"canonical":"https:\/\/patternenergy.com\/es\/sostenibilidad\/mensaje-del-director-general\/","og_locale":"es_ES","og_type":"article","og_title":"Pattern Energy :: Mensaje del Director General","og_description":"Estoy orgulloso del papel de Pattern Energy en esta transici\u00f3n hacia una econom\u00eda de energ\u00eda limpia.","og_url":"https:\/\/patternenergy.com\/es\/sostenibilidad\/mensaje-del-director-general\/","og_site_name":"Pattern Energy","article_publisher":"https:\/\/www.facebook.com\/PatternEnergy\/","article_modified_time":"2025-09-19T22:25:32+00:00","og_image":[{"url":"https:\/\/patternenergy.com\/wp-content\/uploads\/2023\/07\/Hunter-fb-media-image-1024x538.jpg","type":"","width":"","height":""}],"twitter_card":"summary_large_image","twitter_title":"Pattern Energy :: Mensaje del Director General","twitter_description":"Estoy orgulloso del papel de Pattern Energy en esta transici\u00f3n hacia una econom\u00eda de energ\u00eda limpia.","twitter_image":"https:\/\/patternenergy.com\/wp-content\/uploads\/2023\/07\/Hunter-fb-media-image-1024x538.jpg","twitter_misc":{"Tiempo de lectura":"6 minutos"},"schema":{"@context":"https:\/\/schema.org","@graph":[{"@type":"WebPage","@id":"https:\/\/patternenergy.com\/es\/sostenibilidad\/mensaje-del-director-general\/","url":"https:\/\/patternenergy.com\/es\/sostenibilidad\/mensaje-del-director-general\/","name":":: Mensaje del Director General","isPartOf":{"@id":"https:\/\/patternenergy.com\/es\/#website"},"primaryImageOfPage":{"@id":"https:\/\/patternenergy.com\/es\/sostenibilidad\/mensaje-del-director-general\/#primaryimage"},"image":{"@id":"https:\/\/patternenergy.com\/es\/sostenibilidad\/mensaje-del-director-general\/#primaryimage"},"thumbnailUrl":"https:\/\/patternenergy.com\/wp-content\/uploads\/2023\/07\/Hunter-fb-media-image.jpg","datePublished":"2021-12-14T14:04:35+00:00","dateModified":"2025-09-19T22:25:32+00:00","description":"Estoy orgulloso del papel de Pattern Energy en esta transici\u00f3n hacia una econom\u00eda de energ\u00eda limpia.","breadcrumb":{"@id":"https:\/\/patternenergy.com\/es\/sostenibilidad\/mensaje-del-director-general\/#breadcrumb"},"inLanguage":"es","potentialAction":[{"@type":"ReadAction","target":["https:\/\/patternenergy.com\/es\/sostenibilidad\/mensaje-del-director-general\/"]}]},{"@type":"ImageObject","inLanguage":"es","@id":"https:\/\/patternenergy.com\/es\/sostenibilidad\/mensaje-del-director-general\/#primaryimage","url":"https:\/\/patternenergy.com\/wp-content\/uploads\/2023\/07\/Hunter-fb-media-image.jpg","contentUrl":"https:\/\/patternenergy.com\/wp-content\/uploads\/2023\/07\/Hunter-fb-media-image.jpg","width":1200,"height":630},{"@type":"BreadcrumbList","@id":"https:\/\/patternenergy.com\/es\/sostenibilidad\/mensaje-del-director-general\/#breadcrumb","itemListElement":[{"@type":"ListItem","position":1,"name":"Home","item":"https:\/\/patternenergy.com\/es\/"},{"@type":"ListItem","position":2,"name":"Sostenibilidad","item":"https:\/\/patternenergy.com\/es\/sostenibilidad\/"},{"@type":"ListItem","position":3,"name":"Mensaje del Director General"}]},{"@type":"WebSite","@id":"https:\/\/patternenergy.com\/es\/#website","url":"https:\/\/patternenergy.com\/es\/","name":"Pattern Energy","description":"Desarrollamos, construimos, poseemos y explotamos proyectos e\u00f3licos, solares, de transmisi\u00f3n y de almacenamiento de energ\u00eda de alta calidad en todo el mundo.","publisher":{"@id":"https:\/\/patternenergy.com\/es\/#organization"},"potentialAction":[{"@type":"SearchAction","target":{"@type":"EntryPoint","urlTemplate":"https:\/\/patternenergy.com\/es\/?s={search_term_string}"},"query-input":{"@type":"PropertyValueSpecification","valueRequired":true,"valueName":"search_term_string"}}],"inLanguage":"es"},{"@type":"Organization","@id":"https:\/\/patternenergy.com\/es\/#organization","name":"Pattern Energy","url":"https:\/\/patternenergy.com\/es\/","logo":{"@type":"ImageObject","inLanguage":"es","@id":"https:\/\/patternenergy.com\/es\/#\/schema\/logo\/image\/","url":"https:\/\/patternenergy.com\/wp-content\/uploads\/2022\/01\/Pattern-Energy-Media-thumbnail-logo.jpg","contentUrl":"https:\/\/patternenergy.com\/wp-content\/uploads\/2022\/01\/Pattern-Energy-Media-thumbnail-logo.jpg","width":1200,"height":627,"caption":"Pattern Energy"},"image":{"@id":"https:\/\/patternenergy.com\/es\/#\/schema\/logo\/image\/"},"sameAs":["https:\/\/www.facebook.com\/PatternEnergy\/","https:\/\/instagram.com\/patternenergy?utm_medium=copy_link","https:\/\/www.linkedin.com\/company\/pattern-energy","https:\/\/www.youtube.com\/user\/PatternEnergy?app=desktop","https:\/\/web.cauze.com\/company\/293"]}]}},"_links":{"self":[{"href":"https:\/\/patternenergy.com\/es\/wp-json\/wp\/v2\/pages\/17268","targetHints":{"allow":["GET"]}}],"collection":[{"href":"https:\/\/patternenergy.com\/es\/wp-json\/wp\/v2\/pages"}],"about":[{"href":"https:\/\/patternenergy.com\/es\/wp-json\/wp\/v2\/types\/page"}],"author":[{"embeddable":true,"href":"https:\/\/patternenergy.com\/es\/wp-json\/wp\/v2\/users\/1"}],"replies":[{"embeddable":true,"href":"https:\/\/patternenergy.com\/es\/wp-json\/wp\/v2\/comments?post=17268"}],"version-history":[{"count":0,"href":"https:\/\/patternenergy.com\/es\/wp-json\/wp\/v2\/pages\/17268\/revisions"}],"up":[{"embeddable":true,"href":"https:\/\/patternenergy.com\/es\/wp-json\/wp\/v2\/pages\/17024"}],"wp:featuredmedia":[{"embeddable":true,"href":"https:\/\/patternenergy.com\/es\/wp-json\/wp\/v2\/media\/16142"}],"wp:attachment":[{"href":"https:\/\/patternenergy.com\/es\/wp-json\/wp\/v2\/media?parent=17268"}],"curies":[{"name":"wp","href":"https:\/\/api.w.org\/{rel}","templated":true}]}}