{"id":17267,"date":"2023-03-30T12:53:23","date_gmt":"2023-03-30T17:53:23","guid":{"rendered":"https:\/\/patternenergy.com\/rsvp-gracias\/"},"modified":"2024-07-24T16:28:20","modified_gmt":"2024-07-24T21:28:20","slug":"rsvp-gracias","status":"publish","type":"page","link":"https:\/\/patternenergy.com\/es\/rsvp-gracias\/","title":{"rendered":"RSVP-gracias"},"content":{"rendered":"\n<section class=\"textual-content type-default\" >\n\t\n\t<div class=\"holder block-entry animated\">\n\t\t\n\t\t\t\t\t\t\n\t\t<div class=\"acf-innerblocks-container\">\n\n<p>Gracias por confirmar su asistencia. Esperamos verte el 7 de octubre de 2024 para la visita de clientes de SunZia y el acto de agradecimiento.<\/p>\n\n\n\n<p>Para cualquier consulta, p\u00f3ngase en contacto con Sylvia.Lopez@patternenergy.com  <\/p>\n\n\n\n<p><a href=\"http:\/\/www.patternenergy.com\">Volver al formulario de confirmaci\u00f3n de asistencia <\/a><a href=\"https:\/\/patternenergy.com\/es\/?page_id=20396\">\u00ab<\/a><\/p>\n\n<\/div>\t\t\n\t<\/div>\n<\/section><!-- Textual Content -->","protected":false},"excerpt":{"rendered":"","protected":false},"author":3,"featured_media":0,"parent":0,"menu_order":26,"comment_status":"closed","ping_status":"closed","template":"","meta":{"_acf_changed":false,"footnotes":""},"class_list":["post-17267","page","type-page","status-publish","hentry"],"acf":[],"yoast_head":"<!-- This site is optimized with the Yoast SEO plugin v27.4 - https:\/\/yoast.com\/product\/yoast-seo-wordpress\/ -->\n<title>RSVP-gracias - Pattern Energy<\/title>\n<meta name=\"robots\" content=\"index, nofollow, max-snippet:-1, max-image-preview:large, max-video-preview:-1\" \/>\n<link rel=\"canonical\" href=\"https:\/\/patternenergy.com\/es\/rsvp-gracias\/\" \/>\n<meta property=\"og:locale\" content=\"es_ES\" \/>\n<meta property=\"og:type\" content=\"article\" \/>\n<meta property=\"og:title\" content=\"RSVP-gracias - Pattern Energy\" \/>\n<meta property=\"og:url\" content=\"https:\/\/patternenergy.com\/es\/rsvp-gracias\/\" \/>\n<meta property=\"og:site_name\" content=\"Pattern Energy\" \/>\n<meta property=\"article:publisher\" content=\"https:\/\/www.facebook.com\/PatternEnergy\/\" \/>\n<meta property=\"article:modified_time\" content=\"2024-07-24T21:28:20+00:00\" \/>\n<meta property=\"og:image\" content=\"https:\/\/patternenergy.com\/wp-content\/uploads\/2022\/01\/Pattern-Energy-Media-thumbnail-logo.jpg\" \/>\n\t<meta property=\"og:image:width\" content=\"1200\" \/>\n\t<meta property=\"og:image:height\" content=\"627\" \/>\n\t<meta property=\"og:image:type\" content=\"image\/jpeg\" \/>\n<meta name=\"twitter:card\" content=\"summary_large_image\" \/>\n<script type=\"application\/ld+json\" class=\"yoast-schema-graph\">{\"@context\":\"https:\\\/\\\/schema.org\",\"@graph\":[{\"@type\":\"WebPage\",\"@id\":\"https:\\\/\\\/patternenergy.com\\\/es\\\/rsvp-gracias\\\/\",\"url\":\"https:\\\/\\\/patternenergy.com\\\/es\\\/rsvp-gracias\\\/\",\"name\":\"RSVP-gracias - Pattern Energy\",\"isPartOf\":{\"@id\":\"https:\\\/\\\/patternenergy.com\\\/es\\\/#website\"},\"datePublished\":\"2023-03-30T17:53:23+00:00\",\"dateModified\":\"2024-07-24T21:28:20+00:00\",\"breadcrumb\":{\"@id\":\"https:\\\/\\\/patternenergy.com\\\/es\\\/rsvp-gracias\\\/#breadcrumb\"},\"inLanguage\":\"es\",\"potentialAction\":[{\"@type\":\"ReadAction\",\"target\":[\"https:\\\/\\\/patternenergy.com\\\/es\\\/rsvp-gracias\\\/\"]}]},{\"@type\":\"BreadcrumbList\",\"@id\":\"https:\\\/\\\/patternenergy.com\\\/es\\\/rsvp-gracias\\\/#breadcrumb\",\"itemListElement\":[{\"@type\":\"ListItem\",\"position\":1,\"name\":\"Home\",\"item\":\"https:\\\/\\\/patternenergy.com\\\/es\\\/\"},{\"@type\":\"ListItem\",\"position\":2,\"name\":\"RSVP-gracias\"}]},{\"@type\":\"WebSite\",\"@id\":\"https:\\\/\\\/patternenergy.com\\\/es\\\/#website\",\"url\":\"https:\\\/\\\/patternenergy.com\\\/es\\\/\",\"name\":\"Pattern Energy\",\"description\":\"Desarrollamos, construimos, poseemos y explotamos proyectos e\u00f3licos, solares, de transmisi\u00f3n y de almacenamiento de energ\u00eda de alta calidad en todo el mundo.\",\"publisher\":{\"@id\":\"https:\\\/\\\/patternenergy.com\\\/es\\\/#organization\"},\"potentialAction\":[{\"@type\":\"SearchAction\",\"target\":{\"@type\":\"EntryPoint\",\"urlTemplate\":\"https:\\\/\\\/patternenergy.com\\\/es\\\/?s={search_term_string}\"},\"query-input\":{\"@type\":\"PropertyValueSpecification\",\"valueRequired\":true,\"valueName\":\"search_term_string\"}}],\"inLanguage\":\"es\"},{\"@type\":\"Organization\",\"@id\":\"https:\\\/\\\/patternenergy.com\\\/es\\\/#organization\",\"name\":\"Pattern Energy\",\"url\":\"https:\\\/\\\/patternenergy.com\\\/es\\\/\",\"logo\":{\"@type\":\"ImageObject\",\"inLanguage\":\"es\",\"@id\":\"https:\\\/\\\/patternenergy.com\\\/es\\\/#\\\/schema\\\/logo\\\/image\\\/\",\"url\":\"https:\\\/\\\/patternenergy.com\\\/wp-content\\\/uploads\\\/2022\\\/01\\\/Pattern-Energy-Media-thumbnail-logo.jpg\",\"contentUrl\":\"https:\\\/\\\/patternenergy.com\\\/wp-content\\\/uploads\\\/2022\\\/01\\\/Pattern-Energy-Media-thumbnail-logo.jpg\",\"width\":1200,\"height\":627,\"caption\":\"Pattern Energy\"},\"image\":{\"@id\":\"https:\\\/\\\/patternenergy.com\\\/es\\\/#\\\/schema\\\/logo\\\/image\\\/\"},\"sameAs\":[\"https:\\\/\\\/www.facebook.com\\\/PatternEnergy\\\/\",\"https:\\\/\\\/instagram.com\\\/patternenergy?utm_medium=copy_link\",\"https:\\\/\\\/www.linkedin.com\\\/company\\\/pattern-energy\",\"https:\\\/\\\/www.youtube.com\\\/user\\\/PatternEnergy?app=desktop\",\"https:\\\/\\\/web.cauze.com\\\/company\\\/293\"]}]}<\/script>\n<!-- \/ Yoast SEO plugin. -->","yoast_head_json":{"title":"RSVP-gracias - Pattern Energy","robots":{"index":"index","follow":"nofollow","max-snippet":"max-snippet:-1","max-image-preview":"max-image-preview:large","max-video-preview":"max-video-preview:-1"},"canonical":"https:\/\/patternenergy.com\/es\/rsvp-gracias\/","og_locale":"es_ES","og_type":"article","og_title":"RSVP-gracias - Pattern Energy","og_url":"https:\/\/patternenergy.com\/es\/rsvp-gracias\/","og_site_name":"Pattern Energy","article_publisher":"https:\/\/www.facebook.com\/PatternEnergy\/","article_modified_time":"2024-07-24T21:28:20+00:00","og_image":[{"width":1200,"height":627,"url":"https:\/\/patternenergy.com\/wp-content\/uploads\/2022\/01\/Pattern-Energy-Media-thumbnail-logo.jpg","type":"image\/jpeg"}],"twitter_card":"summary_large_image","schema":{"@context":"https:\/\/schema.org","@graph":[{"@type":"WebPage","@id":"https:\/\/patternenergy.com\/es\/rsvp-gracias\/","url":"https:\/\/patternenergy.com\/es\/rsvp-gracias\/","name":"RSVP-gracias - Pattern Energy","isPartOf":{"@id":"https:\/\/patternenergy.com\/es\/#website"},"datePublished":"2023-03-30T17:53:23+00:00","dateModified":"2024-07-24T21:28:20+00:00","breadcrumb":{"@id":"https:\/\/patternenergy.com\/es\/rsvp-gracias\/#breadcrumb"},"inLanguage":"es","potentialAction":[{"@type":"ReadAction","target":["https:\/\/patternenergy.com\/es\/rsvp-gracias\/"]}]},{"@type":"BreadcrumbList","@id":"https:\/\/patternenergy.com\/es\/rsvp-gracias\/#breadcrumb","itemListElement":[{"@type":"ListItem","position":1,"name":"Home","item":"https:\/\/patternenergy.com\/es\/"},{"@type":"ListItem","position":2,"name":"RSVP-gracias"}]},{"@type":"WebSite","@id":"https:\/\/patternenergy.com\/es\/#website","url":"https:\/\/patternenergy.com\/es\/","name":"Pattern Energy","description":"Desarrollamos, construimos, poseemos y explotamos proyectos e\u00f3licos, solares, de transmisi\u00f3n y de almacenamiento de energ\u00eda de alta calidad en todo el mundo.","publisher":{"@id":"https:\/\/patternenergy.com\/es\/#organization"},"potentialAction":[{"@type":"SearchAction","target":{"@type":"EntryPoint","urlTemplate":"https:\/\/patternenergy.com\/es\/?s={search_term_string}"},"query-input":{"@type":"PropertyValueSpecification","valueRequired":true,"valueName":"search_term_string"}}],"inLanguage":"es"},{"@type":"Organization","@id":"https:\/\/patternenergy.com\/es\/#organization","name":"Pattern Energy","url":"https:\/\/patternenergy.com\/es\/","logo":{"@type":"ImageObject","inLanguage":"es","@id":"https:\/\/patternenergy.com\/es\/#\/schema\/logo\/image\/","url":"https:\/\/patternenergy.com\/wp-content\/uploads\/2022\/01\/Pattern-Energy-Media-thumbnail-logo.jpg","contentUrl":"https:\/\/patternenergy.com\/wp-content\/uploads\/2022\/01\/Pattern-Energy-Media-thumbnail-logo.jpg","width":1200,"height":627,"caption":"Pattern Energy"},"image":{"@id":"https:\/\/patternenergy.com\/es\/#\/schema\/logo\/image\/"},"sameAs":["https:\/\/www.facebook.com\/PatternEnergy\/","https:\/\/instagram.com\/patternenergy?utm_medium=copy_link","https:\/\/www.linkedin.com\/company\/pattern-energy","https:\/\/www.youtube.com\/user\/PatternEnergy?app=desktop","https:\/\/web.cauze.com\/company\/293"]}]}},"_links":{"self":[{"href":"https:\/\/patternenergy.com\/es\/wp-json\/wp\/v2\/pages\/17267","targetHints":{"allow":["GET"]}}],"collection":[{"href":"https:\/\/patternenergy.com\/es\/wp-json\/wp\/v2\/pages"}],"about":[{"href":"https:\/\/patternenergy.com\/es\/wp-json\/wp\/v2\/types\/page"}],"author":[{"embeddable":true,"href":"https:\/\/patternenergy.com\/es\/wp-json\/wp\/v2\/users\/3"}],"replies":[{"embeddable":true,"href":"https:\/\/patternenergy.com\/es\/wp-json\/wp\/v2\/comments?post=17267"}],"version-history":[{"count":0,"href":"https:\/\/patternenergy.com\/es\/wp-json\/wp\/v2\/pages\/17267\/revisions"}],"wp:attachment":[{"href":"https:\/\/patternenergy.com\/es\/wp-json\/wp\/v2\/media?parent=17267"}],"curies":[{"name":"wp","href":"https:\/\/api.w.org\/{rel}","templated":true}]}}