{"id":17262,"date":"2022-11-29T14:49:05","date_gmt":"2022-11-29T19:49:05","guid":{"rendered":"https:\/\/patternenergy.com\/zoom-sunzia\/"},"modified":"2024-04-10T03:30:58","modified_gmt":"2024-04-10T08:30:58","slug":"zoom-sunzia","status":"publish","type":"page","link":"https:\/\/patternenergy.com\/es\/zoom-sunzia\/","title":{"rendered":"Zoom SunZia"},"content":{"rendered":"\n<section class=\"textual-content type-default\" >\n\t\n\t<div class=\"holder block-entry animated\">\n\t\t\n\t\t\t\t\t\t\n\t\t<div class=\"acf-innerblocks-container\">\n\n<h2 class=\"wp-block-heading\"><strong>Reuni\u00f3n p\u00fablica en Bel\u00e9n: SunZia Wind &amp; Transmission Project<\/strong><\/h2>\n\n\n\n<p><\/p>\n\n\n\n<h4 class=\"wp-block-heading\"><strong>Hora: Nov 29, 2022 06:00 PM Hora Central  <\/strong><br\/><strong>(EE.UU. y Canad\u00e1)<\/strong><\/h4>\n\n\n\n<p><\/p>\n\n\n\n<p>Unirse a una reuni\u00f3n de Zoom<br\/><a href=\"https:\/\/us02web.zoom.us\/j\/89083459535\" target=\"_blank\" rel=\"noreferrer noopener\"><\/a><a href=\"https:\/\/us02web.zoom.us\/j\/89083459535\" target=\"_blank\" rel=\"noreferrer noopener\">https:\/\/us02web.zoom.us\/j\/89083459535<\/a><\/p>\n\n\n\n<p>N\u00famero de reuni\u00f3n: 890 8345 9535<br\/>Un toque m\u00f3vil<br\/>+19292056099,,89083459535# EE.UU. (Nueva York)<br\/>+12532050468,,89083459535# US<\/p>\n\n\n\n<p>Marque por su ubicaci\u00f3n<br\/>  +1 929 205 6099 EE.UU. (Nueva York)<br\/>  +1 253 205 0468 EE.UU.<br\/>  +1 253 215 8782 EE.UU. (Tacoma)<br\/>  +1 301 715 8592 EE.UU. (Washington DC)<br\/>  +1 305 224 1968 EE.UU.<br\/>  +1 309 205 3325 EE.UU.<br\/>  +1 312 626 6799 Estados Unidos (Chicago)<br\/>  +1 346 248 7799 EE.UU. (Houston)<br\/>  +1 360 209 5623 EE.UU.<br\/>  +1 386 347 5053 EE.UU.<br\/>  +1 507 473 4847 EE.UU.<br\/>  +1 564 217 2000 EE.UU.<br\/>  +1 646 931 3860 EE.UU.<br\/>  +1 669 444 9171 US<br\/>  +1 669 900 6833 EE.UU. (San Jos\u00e9)<br\/>  +1 689 278 1000 EE.UU.<br\/>  +1 719 359 4580 EE.UU.<br\/>N\u00famero de reuni\u00f3n: 890 8345 9535<br\/>Encuentra tu n\u00famero local:  <a href=\"https:\/\/us02web.zoom.us\/u\/kUIiV1iRI\" target=\"_blank\" rel=\"noreferrer noopener\"><\/a><a href=\"https:\/\/us02web.zoom.us\/u\/kUIiV1iRI\" target=\"_blank\" rel=\"noreferrer noopener\">https:\/\/us02web.zoom.us\/u\/kUIiV1iRI<\/a><\/p>\n\n<\/div>\t\t\n\t<\/div>\n<\/section><!-- Textual Content -->","protected":false},"excerpt":{"rendered":"","protected":false},"author":3,"featured_media":0,"parent":0,"menu_order":0,"comment_status":"closed","ping_status":"closed","template":"","meta":{"_acf_changed":false,"footnotes":""},"class_list":["post-17262","page","type-page","status-publish","hentry"],"acf":[],"yoast_head":"<!-- This site is optimized with the Yoast SEO plugin v27.4 - https:\/\/yoast.com\/product\/yoast-seo-wordpress\/ -->\n<title>Zoom SunZia - Pattern Energy<\/title>\n<meta name=\"robots\" content=\"index, follow, max-snippet:-1, max-image-preview:large, max-video-preview:-1\" \/>\n<link rel=\"canonical\" href=\"https:\/\/patternenergy.com\/es\/zoom-sunzia\/\" \/>\n<meta property=\"og:locale\" content=\"es_ES\" \/>\n<meta property=\"og:type\" content=\"article\" \/>\n<meta property=\"og:title\" content=\"Zoom SunZia - Pattern Energy\" \/>\n<meta property=\"og:url\" content=\"https:\/\/patternenergy.com\/es\/zoom-sunzia\/\" \/>\n<meta property=\"og:site_name\" content=\"Pattern Energy\" \/>\n<meta property=\"article:publisher\" content=\"https:\/\/www.facebook.com\/PatternEnergy\/\" \/>\n<meta property=\"article:modified_time\" content=\"2024-04-10T08:30:58+00:00\" \/>\n<meta property=\"og:image\" content=\"https:\/\/patternenergy.com\/wp-content\/uploads\/2022\/01\/Pattern-Energy-Media-thumbnail-logo.jpg\" \/>\n\t<meta property=\"og:image:width\" content=\"1200\" \/>\n\t<meta property=\"og:image:height\" content=\"627\" \/>\n\t<meta property=\"og:image:type\" content=\"image\/jpeg\" \/>\n<meta name=\"twitter:card\" content=\"summary_large_image\" \/>\n<meta name=\"twitter:label1\" content=\"Tiempo de lectura\" \/>\n\t<meta name=\"twitter:data1\" content=\"1 minuto\" \/>\n<script type=\"application\/ld+json\" class=\"yoast-schema-graph\">{\"@context\":\"https:\\\/\\\/schema.org\",\"@graph\":[{\"@type\":\"WebPage\",\"@id\":\"https:\\\/\\\/patternenergy.com\\\/es\\\/zoom-sunzia\\\/\",\"url\":\"https:\\\/\\\/patternenergy.com\\\/es\\\/zoom-sunzia\\\/\",\"name\":\"Zoom SunZia - Pattern Energy\",\"isPartOf\":{\"@id\":\"https:\\\/\\\/patternenergy.com\\\/es\\\/#website\"},\"datePublished\":\"2022-11-29T19:49:05+00:00\",\"dateModified\":\"2024-04-10T08:30:58+00:00\",\"breadcrumb\":{\"@id\":\"https:\\\/\\\/patternenergy.com\\\/es\\\/zoom-sunzia\\\/#breadcrumb\"},\"inLanguage\":\"es\",\"potentialAction\":[{\"@type\":\"ReadAction\",\"target\":[\"https:\\\/\\\/patternenergy.com\\\/es\\\/zoom-sunzia\\\/\"]}]},{\"@type\":\"BreadcrumbList\",\"@id\":\"https:\\\/\\\/patternenergy.com\\\/es\\\/zoom-sunzia\\\/#breadcrumb\",\"itemListElement\":[{\"@type\":\"ListItem\",\"position\":1,\"name\":\"Home\",\"item\":\"https:\\\/\\\/patternenergy.com\\\/es\\\/\"},{\"@type\":\"ListItem\",\"position\":2,\"name\":\"Zoom SunZia\"}]},{\"@type\":\"WebSite\",\"@id\":\"https:\\\/\\\/patternenergy.com\\\/es\\\/#website\",\"url\":\"https:\\\/\\\/patternenergy.com\\\/es\\\/\",\"name\":\"Pattern Energy\",\"description\":\"Desarrollamos, construimos, poseemos y explotamos proyectos e\u00f3licos, solares, de transmisi\u00f3n y de almacenamiento de energ\u00eda de alta calidad en todo el mundo.\",\"publisher\":{\"@id\":\"https:\\\/\\\/patternenergy.com\\\/es\\\/#organization\"},\"potentialAction\":[{\"@type\":\"SearchAction\",\"target\":{\"@type\":\"EntryPoint\",\"urlTemplate\":\"https:\\\/\\\/patternenergy.com\\\/es\\\/?s={search_term_string}\"},\"query-input\":{\"@type\":\"PropertyValueSpecification\",\"valueRequired\":true,\"valueName\":\"search_term_string\"}}],\"inLanguage\":\"es\"},{\"@type\":\"Organization\",\"@id\":\"https:\\\/\\\/patternenergy.com\\\/es\\\/#organization\",\"name\":\"Pattern Energy\",\"url\":\"https:\\\/\\\/patternenergy.com\\\/es\\\/\",\"logo\":{\"@type\":\"ImageObject\",\"inLanguage\":\"es\",\"@id\":\"https:\\\/\\\/patternenergy.com\\\/es\\\/#\\\/schema\\\/logo\\\/image\\\/\",\"url\":\"https:\\\/\\\/patternenergy.com\\\/wp-content\\\/uploads\\\/2022\\\/01\\\/Pattern-Energy-Media-thumbnail-logo.jpg\",\"contentUrl\":\"https:\\\/\\\/patternenergy.com\\\/wp-content\\\/uploads\\\/2022\\\/01\\\/Pattern-Energy-Media-thumbnail-logo.jpg\",\"width\":1200,\"height\":627,\"caption\":\"Pattern Energy\"},\"image\":{\"@id\":\"https:\\\/\\\/patternenergy.com\\\/es\\\/#\\\/schema\\\/logo\\\/image\\\/\"},\"sameAs\":[\"https:\\\/\\\/www.facebook.com\\\/PatternEnergy\\\/\",\"https:\\\/\\\/instagram.com\\\/patternenergy?utm_medium=copy_link\",\"https:\\\/\\\/www.linkedin.com\\\/company\\\/pattern-energy\",\"https:\\\/\\\/www.youtube.com\\\/user\\\/PatternEnergy?app=desktop\",\"https:\\\/\\\/web.cauze.com\\\/company\\\/293\"]}]}<\/script>\n<!-- \/ Yoast SEO plugin. -->","yoast_head_json":{"title":"Zoom SunZia - Pattern Energy","robots":{"index":"index","follow":"follow","max-snippet":"max-snippet:-1","max-image-preview":"max-image-preview:large","max-video-preview":"max-video-preview:-1"},"canonical":"https:\/\/patternenergy.com\/es\/zoom-sunzia\/","og_locale":"es_ES","og_type":"article","og_title":"Zoom SunZia - Pattern Energy","og_url":"https:\/\/patternenergy.com\/es\/zoom-sunzia\/","og_site_name":"Pattern Energy","article_publisher":"https:\/\/www.facebook.com\/PatternEnergy\/","article_modified_time":"2024-04-10T08:30:58+00:00","og_image":[{"width":1200,"height":627,"url":"https:\/\/patternenergy.com\/wp-content\/uploads\/2022\/01\/Pattern-Energy-Media-thumbnail-logo.jpg","type":"image\/jpeg"}],"twitter_card":"summary_large_image","twitter_misc":{"Tiempo de lectura":"1 minuto"},"schema":{"@context":"https:\/\/schema.org","@graph":[{"@type":"WebPage","@id":"https:\/\/patternenergy.com\/es\/zoom-sunzia\/","url":"https:\/\/patternenergy.com\/es\/zoom-sunzia\/","name":"Zoom SunZia - Pattern Energy","isPartOf":{"@id":"https:\/\/patternenergy.com\/es\/#website"},"datePublished":"2022-11-29T19:49:05+00:00","dateModified":"2024-04-10T08:30:58+00:00","breadcrumb":{"@id":"https:\/\/patternenergy.com\/es\/zoom-sunzia\/#breadcrumb"},"inLanguage":"es","potentialAction":[{"@type":"ReadAction","target":["https:\/\/patternenergy.com\/es\/zoom-sunzia\/"]}]},{"@type":"BreadcrumbList","@id":"https:\/\/patternenergy.com\/es\/zoom-sunzia\/#breadcrumb","itemListElement":[{"@type":"ListItem","position":1,"name":"Home","item":"https:\/\/patternenergy.com\/es\/"},{"@type":"ListItem","position":2,"name":"Zoom SunZia"}]},{"@type":"WebSite","@id":"https:\/\/patternenergy.com\/es\/#website","url":"https:\/\/patternenergy.com\/es\/","name":"Pattern Energy","description":"Desarrollamos, construimos, poseemos y explotamos proyectos e\u00f3licos, solares, de transmisi\u00f3n y de almacenamiento de energ\u00eda de alta calidad en todo el mundo.","publisher":{"@id":"https:\/\/patternenergy.com\/es\/#organization"},"potentialAction":[{"@type":"SearchAction","target":{"@type":"EntryPoint","urlTemplate":"https:\/\/patternenergy.com\/es\/?s={search_term_string}"},"query-input":{"@type":"PropertyValueSpecification","valueRequired":true,"valueName":"search_term_string"}}],"inLanguage":"es"},{"@type":"Organization","@id":"https:\/\/patternenergy.com\/es\/#organization","name":"Pattern Energy","url":"https:\/\/patternenergy.com\/es\/","logo":{"@type":"ImageObject","inLanguage":"es","@id":"https:\/\/patternenergy.com\/es\/#\/schema\/logo\/image\/","url":"https:\/\/patternenergy.com\/wp-content\/uploads\/2022\/01\/Pattern-Energy-Media-thumbnail-logo.jpg","contentUrl":"https:\/\/patternenergy.com\/wp-content\/uploads\/2022\/01\/Pattern-Energy-Media-thumbnail-logo.jpg","width":1200,"height":627,"caption":"Pattern Energy"},"image":{"@id":"https:\/\/patternenergy.com\/es\/#\/schema\/logo\/image\/"},"sameAs":["https:\/\/www.facebook.com\/PatternEnergy\/","https:\/\/instagram.com\/patternenergy?utm_medium=copy_link","https:\/\/www.linkedin.com\/company\/pattern-energy","https:\/\/www.youtube.com\/user\/PatternEnergy?app=desktop","https:\/\/web.cauze.com\/company\/293"]}]}},"_links":{"self":[{"href":"https:\/\/patternenergy.com\/es\/wp-json\/wp\/v2\/pages\/17262","targetHints":{"allow":["GET"]}}],"collection":[{"href":"https:\/\/patternenergy.com\/es\/wp-json\/wp\/v2\/pages"}],"about":[{"href":"https:\/\/patternenergy.com\/es\/wp-json\/wp\/v2\/types\/page"}],"author":[{"embeddable":true,"href":"https:\/\/patternenergy.com\/es\/wp-json\/wp\/v2\/users\/3"}],"replies":[{"embeddable":true,"href":"https:\/\/patternenergy.com\/es\/wp-json\/wp\/v2\/comments?post=17262"}],"version-history":[{"count":0,"href":"https:\/\/patternenergy.com\/es\/wp-json\/wp\/v2\/pages\/17262\/revisions"}],"wp:attachment":[{"href":"https:\/\/patternenergy.com\/es\/wp-json\/wp\/v2\/media?parent=17262"}],"curies":[{"name":"wp","href":"https:\/\/api.w.org\/{rel}","templated":true}]}}