{"id":17261,"date":"2023-07-10T07:10:44","date_gmt":"2023-07-10T12:10:44","guid":{"rendered":"https:\/\/patternenergy.com\/sunzia-interino\/"},"modified":"2024-04-10T03:31:09","modified_gmt":"2024-04-10T08:31:09","slug":"sunzia-interino","status":"publish","type":"page","link":"https:\/\/patternenergy.com\/es\/sunzia-interino\/","title":{"rendered":"Sunzia Interino"},"content":{"rendered":"\n<section class=\"textual-content type-default\" >\n\t\n\t<div class=\"holder block-entry animated\">\n\t\t\n\t\t\t\t\t\t\n\t\t<div class=\"acf-innerblocks-container\">\n\n<h3 class=\"wp-block-heading\">Sitio provisional del Sistema de Informaci\u00f3n de Libre Acceso<\/h3>\n\n\n\n<p>Solicitud de interconexi\u00f3n<\/p>\n\n\n\n<p>El sistema de transmisi\u00f3n SunZia se encuentra en fase avanzada de dise\u00f1o y se estima que estar\u00e1 terminado en el cuarto trimestre de 2024. Cuando una entidad solicita una nueva interconexi\u00f3n a la red de transporte, debe presentar una solicitud por escrito a trav\u00e9s del correo electr\u00f3nico. Dicha solicitud debe enviarse a<br\/><br\/>Cumplimiento de la normativa  <br\/>Calle Sansome, 1088<br\/>San Francisco, CA 94111<br\/>Tel\u00e9fono: (713) 308-4200<\/p>\n\n\n\n<p><a href=\"mailto:SOC@SunZia.com\">SOC@SunZia.com<\/a><\/p>\n\n\n\n<p><br\/>Las solicitudes de interconexi\u00f3n de grandes instalaciones (superiores a 20 MW) deben seguir los procedimientos establecidos en el Anexo M de la OATT.<\/p>\n\n\n\n<p><br\/>Las solicitudes de interconexi\u00f3n de peque\u00f1a generaci\u00f3n (instalaciones no superiores a 20 MW) deben seguir los procedimientos descritos en el Anexo N de la OATT.<\/p>\n\n\n\n<p><\/p>\n\n\n\n<p><a href=\"https:\/\/etariff.ferc.gov\/TariffBrowser.aspx?tid=7557\" target=\"_blank\" rel=\"noreferrer noopener\">SunZia Transmission, LLC &#8211; Tarifas, programas de tarifas y acuerdos<\/a><\/p>\n\n<\/div>\t\t\n\t<\/div>\n<\/section><!-- Textual Content -->","protected":false},"excerpt":{"rendered":"","protected":false},"author":3,"featured_media":0,"parent":0,"menu_order":0,"comment_status":"closed","ping_status":"closed","template":"","meta":{"_acf_changed":false,"footnotes":""},"class_list":["post-17261","page","type-page","status-publish","hentry"],"acf":[],"yoast_head":"<!-- This site is optimized with the Yoast SEO plugin v27.3 - https:\/\/yoast.com\/product\/yoast-seo-wordpress\/ -->\n<title>Sunzia Interino - Pattern Energy<\/title>\n<meta name=\"description\" content=\"El sistema de transmisi\u00f3n SunZia se encuentra en fase avanzada de dise\u00f1o y se estima que estar\u00e1 terminado en el cuarto trimestre de 2024. Cuando una entidad solicita una nueva interconexi\u00f3n a la red de transporte, debe presentar una solicitud por escrito a trav\u00e9s del correo electr\u00f3nico.\" \/>\n<meta name=\"robots\" content=\"index, follow, max-snippet:-1, max-image-preview:large, max-video-preview:-1\" \/>\n<link rel=\"canonical\" href=\"https:\/\/patternenergy.com\/es\/sunzia-interino\/\" \/>\n<meta property=\"og:locale\" content=\"es_ES\" \/>\n<meta property=\"og:type\" content=\"article\" \/>\n<meta property=\"og:title\" content=\"Sunzia Interino - Pattern Energy\" \/>\n<meta property=\"og:description\" content=\"El sistema de transmisi\u00f3n SunZia se encuentra en fase avanzada de dise\u00f1o y se estima que estar\u00e1 terminado en el cuarto trimestre de 2024. Cuando una entidad solicita una nueva interconexi\u00f3n a la red de transporte, debe presentar una solicitud por escrito a trav\u00e9s del correo electr\u00f3nico.\" \/>\n<meta property=\"og:url\" content=\"https:\/\/patternenergy.com\/es\/sunzia-interino\/\" \/>\n<meta property=\"og:site_name\" content=\"Pattern Energy\" \/>\n<meta property=\"article:publisher\" content=\"https:\/\/www.facebook.com\/PatternEnergy\/\" \/>\n<meta property=\"article:modified_time\" content=\"2024-04-10T08:31:09+00:00\" \/>\n<meta property=\"og:image\" content=\"https:\/\/patternenergy.com\/wp-content\/uploads\/2022\/01\/Pattern-Energy-Media-thumbnail-logo.jpg\" \/>\n\t<meta property=\"og:image:width\" content=\"1200\" \/>\n\t<meta property=\"og:image:height\" content=\"627\" \/>\n\t<meta property=\"og:image:type\" content=\"image\/jpeg\" \/>\n<meta name=\"twitter:card\" content=\"summary_large_image\" \/>\n<meta name=\"twitter:label1\" content=\"Tiempo de lectura\" \/>\n\t<meta name=\"twitter:data1\" content=\"1 minuto\" \/>\n<script type=\"application\/ld+json\" class=\"yoast-schema-graph\">{\"@context\":\"https:\\\/\\\/schema.org\",\"@graph\":[{\"@type\":\"WebPage\",\"@id\":\"https:\\\/\\\/patternenergy.com\\\/es\\\/sunzia-interino\\\/\",\"url\":\"https:\\\/\\\/patternenergy.com\\\/es\\\/sunzia-interino\\\/\",\"name\":\"Sunzia Interino - Pattern Energy\",\"isPartOf\":{\"@id\":\"https:\\\/\\\/patternenergy.com\\\/es\\\/#website\"},\"datePublished\":\"2023-07-10T12:10:44+00:00\",\"dateModified\":\"2024-04-10T08:31:09+00:00\",\"description\":\"El sistema de transmisi\u00f3n SunZia se encuentra en fase avanzada de dise\u00f1o y se estima que estar\u00e1 terminado en el cuarto trimestre de 2024. Cuando una entidad solicita una nueva interconexi\u00f3n a la red de transporte, debe presentar una solicitud por escrito a trav\u00e9s del correo electr\u00f3nico.\",\"breadcrumb\":{\"@id\":\"https:\\\/\\\/patternenergy.com\\\/es\\\/sunzia-interino\\\/#breadcrumb\"},\"inLanguage\":\"es\",\"potentialAction\":[{\"@type\":\"ReadAction\",\"target\":[\"https:\\\/\\\/patternenergy.com\\\/es\\\/sunzia-interino\\\/\"]}]},{\"@type\":\"BreadcrumbList\",\"@id\":\"https:\\\/\\\/patternenergy.com\\\/es\\\/sunzia-interino\\\/#breadcrumb\",\"itemListElement\":[{\"@type\":\"ListItem\",\"position\":1,\"name\":\"Home\",\"item\":\"https:\\\/\\\/patternenergy.com\\\/es\\\/\"},{\"@type\":\"ListItem\",\"position\":2,\"name\":\"Sunzia Interino\"}]},{\"@type\":\"WebSite\",\"@id\":\"https:\\\/\\\/patternenergy.com\\\/es\\\/#website\",\"url\":\"https:\\\/\\\/patternenergy.com\\\/es\\\/\",\"name\":\"Pattern Energy\",\"description\":\"Desarrollamos, construimos, poseemos y explotamos proyectos e\u00f3licos, solares, de transmisi\u00f3n y de almacenamiento de energ\u00eda de alta calidad en todo el mundo.\",\"publisher\":{\"@id\":\"https:\\\/\\\/patternenergy.com\\\/es\\\/#organization\"},\"potentialAction\":[{\"@type\":\"SearchAction\",\"target\":{\"@type\":\"EntryPoint\",\"urlTemplate\":\"https:\\\/\\\/patternenergy.com\\\/es\\\/?s={search_term_string}\"},\"query-input\":{\"@type\":\"PropertyValueSpecification\",\"valueRequired\":true,\"valueName\":\"search_term_string\"}}],\"inLanguage\":\"es\"},{\"@type\":\"Organization\",\"@id\":\"https:\\\/\\\/patternenergy.com\\\/es\\\/#organization\",\"name\":\"Pattern Energy\",\"url\":\"https:\\\/\\\/patternenergy.com\\\/es\\\/\",\"logo\":{\"@type\":\"ImageObject\",\"inLanguage\":\"es\",\"@id\":\"https:\\\/\\\/patternenergy.com\\\/es\\\/#\\\/schema\\\/logo\\\/image\\\/\",\"url\":\"https:\\\/\\\/patternenergy.com\\\/wp-content\\\/uploads\\\/2022\\\/01\\\/Pattern-Energy-Media-thumbnail-logo.jpg\",\"contentUrl\":\"https:\\\/\\\/patternenergy.com\\\/wp-content\\\/uploads\\\/2022\\\/01\\\/Pattern-Energy-Media-thumbnail-logo.jpg\",\"width\":1200,\"height\":627,\"caption\":\"Pattern Energy\"},\"image\":{\"@id\":\"https:\\\/\\\/patternenergy.com\\\/es\\\/#\\\/schema\\\/logo\\\/image\\\/\"},\"sameAs\":[\"https:\\\/\\\/www.facebook.com\\\/PatternEnergy\\\/\",\"https:\\\/\\\/instagram.com\\\/patternenergy?utm_medium=copy_link\",\"https:\\\/\\\/www.linkedin.com\\\/company\\\/pattern-energy\",\"https:\\\/\\\/www.youtube.com\\\/user\\\/PatternEnergy?app=desktop\",\"https:\\\/\\\/web.cauze.com\\\/company\\\/293\"]}]}<\/script>\n<!-- \/ Yoast SEO plugin. -->","yoast_head_json":{"title":"Sunzia Interino - Pattern Energy","description":"El sistema de transmisi\u00f3n SunZia se encuentra en fase avanzada de dise\u00f1o y se estima que estar\u00e1 terminado en el cuarto trimestre de 2024. Cuando una entidad solicita una nueva interconexi\u00f3n a la red de transporte, debe presentar una solicitud por escrito a trav\u00e9s del correo electr\u00f3nico.","robots":{"index":"index","follow":"follow","max-snippet":"max-snippet:-1","max-image-preview":"max-image-preview:large","max-video-preview":"max-video-preview:-1"},"canonical":"https:\/\/patternenergy.com\/es\/sunzia-interino\/","og_locale":"es_ES","og_type":"article","og_title":"Sunzia Interino - Pattern Energy","og_description":"El sistema de transmisi\u00f3n SunZia se encuentra en fase avanzada de dise\u00f1o y se estima que estar\u00e1 terminado en el cuarto trimestre de 2024. Cuando una entidad solicita una nueva interconexi\u00f3n a la red de transporte, debe presentar una solicitud por escrito a trav\u00e9s del correo electr\u00f3nico.","og_url":"https:\/\/patternenergy.com\/es\/sunzia-interino\/","og_site_name":"Pattern Energy","article_publisher":"https:\/\/www.facebook.com\/PatternEnergy\/","article_modified_time":"2024-04-10T08:31:09+00:00","og_image":[{"width":1200,"height":627,"url":"https:\/\/patternenergy.com\/wp-content\/uploads\/2022\/01\/Pattern-Energy-Media-thumbnail-logo.jpg","type":"image\/jpeg"}],"twitter_card":"summary_large_image","twitter_misc":{"Tiempo de lectura":"1 minuto"},"schema":{"@context":"https:\/\/schema.org","@graph":[{"@type":"WebPage","@id":"https:\/\/patternenergy.com\/es\/sunzia-interino\/","url":"https:\/\/patternenergy.com\/es\/sunzia-interino\/","name":"Sunzia Interino - Pattern Energy","isPartOf":{"@id":"https:\/\/patternenergy.com\/es\/#website"},"datePublished":"2023-07-10T12:10:44+00:00","dateModified":"2024-04-10T08:31:09+00:00","description":"El sistema de transmisi\u00f3n SunZia se encuentra en fase avanzada de dise\u00f1o y se estima que estar\u00e1 terminado en el cuarto trimestre de 2024. Cuando una entidad solicita una nueva interconexi\u00f3n a la red de transporte, debe presentar una solicitud por escrito a trav\u00e9s del correo electr\u00f3nico.","breadcrumb":{"@id":"https:\/\/patternenergy.com\/es\/sunzia-interino\/#breadcrumb"},"inLanguage":"es","potentialAction":[{"@type":"ReadAction","target":["https:\/\/patternenergy.com\/es\/sunzia-interino\/"]}]},{"@type":"BreadcrumbList","@id":"https:\/\/patternenergy.com\/es\/sunzia-interino\/#breadcrumb","itemListElement":[{"@type":"ListItem","position":1,"name":"Home","item":"https:\/\/patternenergy.com\/es\/"},{"@type":"ListItem","position":2,"name":"Sunzia Interino"}]},{"@type":"WebSite","@id":"https:\/\/patternenergy.com\/es\/#website","url":"https:\/\/patternenergy.com\/es\/","name":"Pattern Energy","description":"Desarrollamos, construimos, poseemos y explotamos proyectos e\u00f3licos, solares, de transmisi\u00f3n y de almacenamiento de energ\u00eda de alta calidad en todo el mundo.","publisher":{"@id":"https:\/\/patternenergy.com\/es\/#organization"},"potentialAction":[{"@type":"SearchAction","target":{"@type":"EntryPoint","urlTemplate":"https:\/\/patternenergy.com\/es\/?s={search_term_string}"},"query-input":{"@type":"PropertyValueSpecification","valueRequired":true,"valueName":"search_term_string"}}],"inLanguage":"es"},{"@type":"Organization","@id":"https:\/\/patternenergy.com\/es\/#organization","name":"Pattern Energy","url":"https:\/\/patternenergy.com\/es\/","logo":{"@type":"ImageObject","inLanguage":"es","@id":"https:\/\/patternenergy.com\/es\/#\/schema\/logo\/image\/","url":"https:\/\/patternenergy.com\/wp-content\/uploads\/2022\/01\/Pattern-Energy-Media-thumbnail-logo.jpg","contentUrl":"https:\/\/patternenergy.com\/wp-content\/uploads\/2022\/01\/Pattern-Energy-Media-thumbnail-logo.jpg","width":1200,"height":627,"caption":"Pattern Energy"},"image":{"@id":"https:\/\/patternenergy.com\/es\/#\/schema\/logo\/image\/"},"sameAs":["https:\/\/www.facebook.com\/PatternEnergy\/","https:\/\/instagram.com\/patternenergy?utm_medium=copy_link","https:\/\/www.linkedin.com\/company\/pattern-energy","https:\/\/www.youtube.com\/user\/PatternEnergy?app=desktop","https:\/\/web.cauze.com\/company\/293"]}]}},"_links":{"self":[{"href":"https:\/\/patternenergy.com\/es\/wp-json\/wp\/v2\/pages\/17261","targetHints":{"allow":["GET"]}}],"collection":[{"href":"https:\/\/patternenergy.com\/es\/wp-json\/wp\/v2\/pages"}],"about":[{"href":"https:\/\/patternenergy.com\/es\/wp-json\/wp\/v2\/types\/page"}],"author":[{"embeddable":true,"href":"https:\/\/patternenergy.com\/es\/wp-json\/wp\/v2\/users\/3"}],"replies":[{"embeddable":true,"href":"https:\/\/patternenergy.com\/es\/wp-json\/wp\/v2\/comments?post=17261"}],"version-history":[{"count":0,"href":"https:\/\/patternenergy.com\/es\/wp-json\/wp\/v2\/pages\/17261\/revisions"}],"wp:attachment":[{"href":"https:\/\/patternenergy.com\/es\/wp-json\/wp\/v2\/media?parent=17261"}],"curies":[{"name":"wp","href":"https:\/\/api.w.org\/{rel}","templated":true}]}}