{"id":17260,"date":"2021-12-19T17:20:09","date_gmt":"2021-12-19T22:20:09","guid":{"rendered":"https:\/\/patternenergy.com\/sostenibilidad\/diversidad-equidad-e-inclusion\/"},"modified":"2024-06-15T18:07:34","modified_gmt":"2024-06-15T23:07:34","slug":"diversidad-equidad-e-inclusion","status":"publish","type":"page","link":"https:\/\/patternenergy.com\/es\/sostenibilidad\/diversidad-equidad-e-inclusion\/","title":{"rendered":"Diversidad, equidad e inclusi\u00f3n"},"content":{"rendered":"\n<section class=\"textual-content type-default\" >\n\t\n\t<div class=\"holder block-entry animated\">\n\t\t\n\t\t\t\t\t\t\n\t\t<div class=\"acf-innerblocks-container\">\n\n<h1 class=\"wp-block-heading\">Diversidad, equidad,  <br>e Inclusi\u00f3n<\/h1>\n\n\n\n<figure class=\"wp-block-image size-large\"><img loading=\"lazy\" decoding=\"async\" width=\"1024\" height=\"460\" src=\"https:\/\/patternenergy.com\/wp-content\/uploads\/2021\/12\/sustainability-5-1024x460.jpeg\" alt=\"\" class=\"wp-image-1369\" srcset=\"https:\/\/patternenergy.com\/wp-content\/uploads\/2021\/12\/sustainability-5-1024x460.jpeg 1024w, https:\/\/patternenergy.com\/wp-content\/uploads\/2021\/12\/sustainability-5-300x135.jpeg 300w, https:\/\/patternenergy.com\/wp-content\/uploads\/2021\/12\/sustainability-5-768x345.jpeg 768w, https:\/\/patternenergy.com\/wp-content\/uploads\/2021\/12\/sustainability-5-1536x690.jpeg 1536w, https:\/\/patternenergy.com\/wp-content\/uploads\/2021\/12\/sustainability-5-2048x921.jpeg 2048w\" sizes=\"auto, (max-width: 1024px) 100vw, 1024px\" \/><\/figure>\n\n\n\n<h3 class=\"wp-block-heading\">Declaraci\u00f3n de compromisos en materia de diversidad, equidad e inclusi\u00f3n<\/h3>\n\n\n\n<div class=\"wp-block-columns smaller-text is-layout-flex wp-container-core-columns-is-layout-9d6595d7 wp-block-columns-is-layout-flex\">\n<div class=\"wp-block-column narrow is-layout-flow wp-block-column-is-layout-flow\">\n<p>Pattern Energy est\u00e1 comprometida con un lugar de trabajo diverso, equitativo e inclusivo al que pertenezcan todos los empleados, independientemente de sus caracter\u00edsticas personales, antecedentes, perspectivas o habilidades. Creemos que la diversidad en nuestros equipos y en nuestro liderazgo, a la vez que proporcionamos un entorno en el que se anima y capacita a los empleados de grupos infrarrepresentados, conduce a una plantilla m\u00e1s comprometida y a mejores resultados empresariales<em>.<\/em> Reconocemos que la diversidad, la equidad y la inclusi\u00f3n son polifac\u00e9ticas y que cambiar comportamientos y sistemas requiere trabajo y tiempo. Nos comprometemos a emprender acciones que den lugar a un cambio duradero en Pattern Energy, comprometi\u00e9ndonos a lo siguiente:<\/p>\n\n\n\n<ul class=\"wp-block-list\">\n<li>Desarrollar y aplicar planes de acci\u00f3n estrat\u00e9gicos para garantizar que nuestros compromisos en materia de Diversidad, Equidad e Inclusi\u00f3n (DEI) logren resultados concretos y prioricen e impulsen la rendici\u00f3n de cuentas.<\/li>\n\n\n\n<li>Identificar, seguir e informar sobre las m\u00e9tricas de rendimiento de DEI y el progreso de las iniciativas de DEI.<\/li>\n\n\n\n<li>Determinar y abordar las barreras de la DEI que afectan a la adquisici\u00f3n y el desarrollo, la retenci\u00f3n, el reconocimiento y la promoci\u00f3n del talento.<\/li>\n\n\n\n<li>Crear una comunidad en la que los empleados se sientan c\u00f3modos aportando su aut\u00e9ntico yo al trabajo y est\u00e9n abiertos a participar en conversaciones dif\u00edciles, lo que les permitir\u00e1 conocer mejor las experiencias y perspectivas de los dem\u00e1s.<\/li>\n\n\n\n<li>Fomentar, apoyar y dotar de recursos a nuestras redes de afinidad dirigidas por empleados.<\/li>\n\n\n\n<li>Apoyar al Consejo de DEI de Pattern Energy para que realice aportaciones a nuestras iniciativas de DEI.<\/li>\n<\/ul>\n\n\n\n<ul class=\"wp-block-list\">\n<li>Aplicar una perspectiva de DEI en todas nuestras actividades empresariales y cadena de valor, incluidas las compras, las donaciones a la comunidad y la participaci\u00f3n de las partes interesadas.<\/li>\n<\/ul>\n\n\n\n<ul class=\"wp-block-list\">\n<li>Mejorar nuestra cultura demostrando estos compromisos en todos los niveles de la organizaci\u00f3n.<\/li>\n<\/ul>\n<\/div>\n<\/div>\n\n\n\n<h2 class=\"wp-block-heading space-top\">Redes de afinidad<\/h2>\n\n\n\n<div class=\"wp-block-columns is-layout-flex wp-container-core-columns-is-layout-9d6595d7 wp-block-columns-is-layout-flex\">\n<div class=\"wp-block-column narrow is-layout-flow wp-block-column-is-layout-flow\">\n<p>Animamos a los miembros de nuestro equipo a crear un sentimiento de comunidad, lo que ha dado lugar a seis redes de afinidad dirigidas por los empleados.  <\/p>\n\n\n\n<p>Nuestras redes de afinidad se alinean con los objetivos de nuestra empresa ofreciendo oportunidades de inclusi\u00f3n, desarrollo profesional y creaci\u00f3n de redes.<\/p>\n<\/div>\n<\/div>\n\n\n\n<div class=\"wp-block-columns logo-list is-layout-flex wp-container-core-columns-is-layout-9d6595d7 wp-block-columns-is-layout-flex\">\n<div class=\"wp-block-column is-layout-flow wp-block-column-is-layout-flow\">\n<figure class=\"wp-block-image size-full\"><img loading=\"lazy\" decoding=\"async\" width=\"192\" height=\"220\" src=\"https:\/\/patternenergy.com\/wp-content\/uploads\/2022\/08\/logo-wire.png\" alt=\"\" class=\"wp-image-6170\" \/><\/figure>\n<\/div>\n\n\n\n<div class=\"wp-block-column is-layout-flow wp-block-column-is-layout-flow\">\n<figure class=\"wp-block-image size-full\"><img loading=\"lazy\" decoding=\"async\" width=\"116\" height=\"220\" src=\"https:\/\/patternenergy.com\/wp-content\/uploads\/2022\/08\/logo-bire.png\" alt=\"\" class=\"wp-image-6171\" \/><\/figure>\n<\/div>\n\n\n\n<div class=\"wp-block-column is-layout-flow wp-block-column-is-layout-flow\">\n<figure class=\"wp-block-image size-full\"><img loading=\"lazy\" decoding=\"async\" width=\"217\" height=\"220\" src=\"https:\/\/patternenergy.com\/wp-content\/uploads\/2022\/08\/logo-pride.png\" alt=\"\" class=\"wp-image-6172\" \/><\/figure>\n<\/div>\n\n\n\n<div class=\"wp-block-column is-layout-flow wp-block-column-is-layout-flow\">\n<figure class=\"wp-block-image size-full\"><img loading=\"lazy\" decoding=\"async\" width=\"177\" height=\"220\" src=\"https:\/\/patternenergy.com\/wp-content\/uploads\/2022\/08\/logo-aspire.png\" alt=\"\" class=\"wp-image-6173\" \/><\/figure>\n<\/div>\n\n\n\n<div class=\"wp-block-column is-layout-flow wp-block-column-is-layout-flow\">\n<figure class=\"wp-block-image size-full\"><img loading=\"lazy\" decoding=\"async\" width=\"152\" height=\"220\" src=\"https:\/\/patternenergy.com\/wp-content\/uploads\/2022\/08\/logo-care.png\" alt=\"\" class=\"wp-image-6174\" \/><\/figure>\n<\/div>\n\n\n\n<div class=\"wp-block-column is-layout-flow wp-block-column-is-layout-flow\">\n<figure class=\"wp-block-image size-full\"><img loading=\"lazy\" decoding=\"async\" width=\"248\" height=\"220\" src=\"https:\/\/patternenergy.com\/wp-content\/uploads\/2022\/08\/logo-real.png\" alt=\"\" class=\"wp-image-6175\" \/><\/figure>\n<\/div>\n<\/div>\n\n<\/div>\t\t\n\t<\/div>\n<\/section><!-- Textual Content -->","protected":false},"excerpt":{"rendered":"","protected":false},"author":1,"featured_media":0,"parent":17024,"menu_order":40,"comment_status":"closed","ping_status":"closed","template":"","meta":{"_acf_changed":false,"footnotes":""},"class_list":["post-17260","page","type-page","status-publish","hentry"],"acf":[],"yoast_head":"<!-- This site is optimized with the Yoast SEO plugin v27.4 - https:\/\/yoast.com\/product\/yoast-seo-wordpress\/ -->\n<title>:: Diversidad, equidad e inclusi\u00f3n<\/title>\n<meta name=\"robots\" content=\"index, follow, max-snippet:-1, max-image-preview:large, max-video-preview:-1\" \/>\n<link rel=\"canonical\" href=\"https:\/\/patternenergy.com\/es\/sostenibilidad\/diversidad-equidad-e-inclusion\/\" \/>\n<meta property=\"og:locale\" content=\"es_ES\" \/>\n<meta property=\"og:type\" content=\"article\" \/>\n<meta property=\"og:title\" content=\":: Diversidad, equidad e inclusi\u00f3n\" \/>\n<meta property=\"og:url\" content=\"https:\/\/patternenergy.com\/es\/sostenibilidad\/diversidad-equidad-e-inclusion\/\" \/>\n<meta property=\"og:site_name\" content=\"Pattern Energy\" \/>\n<meta property=\"article:publisher\" content=\"https:\/\/www.facebook.com\/PatternEnergy\/\" \/>\n<meta property=\"article:modified_time\" content=\"2024-06-15T23:07:34+00:00\" \/>\n<meta property=\"og:image\" content=\"https:\/\/patternenergy.com\/wp-content\/uploads\/2021\/12\/sustainability-5-1024x460.jpeg\" \/>\n<meta name=\"twitter:card\" content=\"summary_large_image\" \/>\n<meta name=\"twitter:label1\" content=\"Tiempo de lectura\" \/>\n\t<meta name=\"twitter:data1\" content=\"3 minutos\" \/>\n<script type=\"application\/ld+json\" class=\"yoast-schema-graph\">{\"@context\":\"https:\\\/\\\/schema.org\",\"@graph\":[{\"@type\":\"WebPage\",\"@id\":\"https:\\\/\\\/patternenergy.com\\\/es\\\/sostenibilidad\\\/diversidad-equidad-e-inclusion\\\/\",\"url\":\"https:\\\/\\\/patternenergy.com\\\/es\\\/sostenibilidad\\\/diversidad-equidad-e-inclusion\\\/\",\"name\":\":: Diversidad, equidad e inclusi\u00f3n\",\"isPartOf\":{\"@id\":\"https:\\\/\\\/patternenergy.com\\\/es\\\/#website\"},\"primaryImageOfPage\":{\"@id\":\"https:\\\/\\\/patternenergy.com\\\/es\\\/sostenibilidad\\\/diversidad-equidad-e-inclusion\\\/#primaryimage\"},\"image\":{\"@id\":\"https:\\\/\\\/patternenergy.com\\\/es\\\/sostenibilidad\\\/diversidad-equidad-e-inclusion\\\/#primaryimage\"},\"thumbnailUrl\":\"https:\\\/\\\/patternenergy.com\\\/wp-content\\\/uploads\\\/2021\\\/12\\\/sustainability-5-1024x460.jpeg\",\"datePublished\":\"2021-12-19T22:20:09+00:00\",\"dateModified\":\"2024-06-15T23:07:34+00:00\",\"breadcrumb\":{\"@id\":\"https:\\\/\\\/patternenergy.com\\\/es\\\/sostenibilidad\\\/diversidad-equidad-e-inclusion\\\/#breadcrumb\"},\"inLanguage\":\"es\",\"potentialAction\":[{\"@type\":\"ReadAction\",\"target\":[\"https:\\\/\\\/patternenergy.com\\\/es\\\/sostenibilidad\\\/diversidad-equidad-e-inclusion\\\/\"]}]},{\"@type\":\"ImageObject\",\"inLanguage\":\"es\",\"@id\":\"https:\\\/\\\/patternenergy.com\\\/es\\\/sostenibilidad\\\/diversidad-equidad-e-inclusion\\\/#primaryimage\",\"url\":\"https:\\\/\\\/patternenergy.com\\\/wp-content\\\/uploads\\\/2021\\\/12\\\/sustainability-5-1024x460.jpeg\",\"contentUrl\":\"https:\\\/\\\/patternenergy.com\\\/wp-content\\\/uploads\\\/2021\\\/12\\\/sustainability-5-1024x460.jpeg\"},{\"@type\":\"BreadcrumbList\",\"@id\":\"https:\\\/\\\/patternenergy.com\\\/es\\\/sostenibilidad\\\/diversidad-equidad-e-inclusion\\\/#breadcrumb\",\"itemListElement\":[{\"@type\":\"ListItem\",\"position\":1,\"name\":\"Home\",\"item\":\"https:\\\/\\\/patternenergy.com\\\/es\\\/\"},{\"@type\":\"ListItem\",\"position\":2,\"name\":\"Sostenibilidad\",\"item\":\"https:\\\/\\\/patternenergy.com\\\/es\\\/sostenibilidad\\\/\"},{\"@type\":\"ListItem\",\"position\":3,\"name\":\"Diversidad, equidad e inclusi\u00f3n\"}]},{\"@type\":\"WebSite\",\"@id\":\"https:\\\/\\\/patternenergy.com\\\/es\\\/#website\",\"url\":\"https:\\\/\\\/patternenergy.com\\\/es\\\/\",\"name\":\"Pattern Energy\",\"description\":\"Desarrollamos, construimos, poseemos y explotamos proyectos e\u00f3licos, solares, de transmisi\u00f3n y de almacenamiento de energ\u00eda de alta calidad en todo el mundo.\",\"publisher\":{\"@id\":\"https:\\\/\\\/patternenergy.com\\\/es\\\/#organization\"},\"potentialAction\":[{\"@type\":\"SearchAction\",\"target\":{\"@type\":\"EntryPoint\",\"urlTemplate\":\"https:\\\/\\\/patternenergy.com\\\/es\\\/?s={search_term_string}\"},\"query-input\":{\"@type\":\"PropertyValueSpecification\",\"valueRequired\":true,\"valueName\":\"search_term_string\"}}],\"inLanguage\":\"es\"},{\"@type\":\"Organization\",\"@id\":\"https:\\\/\\\/patternenergy.com\\\/es\\\/#organization\",\"name\":\"Pattern Energy\",\"url\":\"https:\\\/\\\/patternenergy.com\\\/es\\\/\",\"logo\":{\"@type\":\"ImageObject\",\"inLanguage\":\"es\",\"@id\":\"https:\\\/\\\/patternenergy.com\\\/es\\\/#\\\/schema\\\/logo\\\/image\\\/\",\"url\":\"https:\\\/\\\/patternenergy.com\\\/wp-content\\\/uploads\\\/2022\\\/01\\\/Pattern-Energy-Media-thumbnail-logo.jpg\",\"contentUrl\":\"https:\\\/\\\/patternenergy.com\\\/wp-content\\\/uploads\\\/2022\\\/01\\\/Pattern-Energy-Media-thumbnail-logo.jpg\",\"width\":1200,\"height\":627,\"caption\":\"Pattern Energy\"},\"image\":{\"@id\":\"https:\\\/\\\/patternenergy.com\\\/es\\\/#\\\/schema\\\/logo\\\/image\\\/\"},\"sameAs\":[\"https:\\\/\\\/www.facebook.com\\\/PatternEnergy\\\/\",\"https:\\\/\\\/instagram.com\\\/patternenergy?utm_medium=copy_link\",\"https:\\\/\\\/www.linkedin.com\\\/company\\\/pattern-energy\",\"https:\\\/\\\/www.youtube.com\\\/user\\\/PatternEnergy?app=desktop\",\"https:\\\/\\\/web.cauze.com\\\/company\\\/293\"]}]}<\/script>\n<!-- \/ Yoast SEO plugin. -->","yoast_head_json":{"title":":: Diversidad, equidad e inclusi\u00f3n","robots":{"index":"index","follow":"follow","max-snippet":"max-snippet:-1","max-image-preview":"max-image-preview:large","max-video-preview":"max-video-preview:-1"},"canonical":"https:\/\/patternenergy.com\/es\/sostenibilidad\/diversidad-equidad-e-inclusion\/","og_locale":"es_ES","og_type":"article","og_title":":: Diversidad, equidad e inclusi\u00f3n","og_url":"https:\/\/patternenergy.com\/es\/sostenibilidad\/diversidad-equidad-e-inclusion\/","og_site_name":"Pattern Energy","article_publisher":"https:\/\/www.facebook.com\/PatternEnergy\/","article_modified_time":"2024-06-15T23:07:34+00:00","og_image":[{"url":"https:\/\/patternenergy.com\/wp-content\/uploads\/2021\/12\/sustainability-5-1024x460.jpeg","type":"","width":"","height":""}],"twitter_card":"summary_large_image","twitter_misc":{"Tiempo de lectura":"3 minutos"},"schema":{"@context":"https:\/\/schema.org","@graph":[{"@type":"WebPage","@id":"https:\/\/patternenergy.com\/es\/sostenibilidad\/diversidad-equidad-e-inclusion\/","url":"https:\/\/patternenergy.com\/es\/sostenibilidad\/diversidad-equidad-e-inclusion\/","name":":: Diversidad, equidad e inclusi\u00f3n","isPartOf":{"@id":"https:\/\/patternenergy.com\/es\/#website"},"primaryImageOfPage":{"@id":"https:\/\/patternenergy.com\/es\/sostenibilidad\/diversidad-equidad-e-inclusion\/#primaryimage"},"image":{"@id":"https:\/\/patternenergy.com\/es\/sostenibilidad\/diversidad-equidad-e-inclusion\/#primaryimage"},"thumbnailUrl":"https:\/\/patternenergy.com\/wp-content\/uploads\/2021\/12\/sustainability-5-1024x460.jpeg","datePublished":"2021-12-19T22:20:09+00:00","dateModified":"2024-06-15T23:07:34+00:00","breadcrumb":{"@id":"https:\/\/patternenergy.com\/es\/sostenibilidad\/diversidad-equidad-e-inclusion\/#breadcrumb"},"inLanguage":"es","potentialAction":[{"@type":"ReadAction","target":["https:\/\/patternenergy.com\/es\/sostenibilidad\/diversidad-equidad-e-inclusion\/"]}]},{"@type":"ImageObject","inLanguage":"es","@id":"https:\/\/patternenergy.com\/es\/sostenibilidad\/diversidad-equidad-e-inclusion\/#primaryimage","url":"https:\/\/patternenergy.com\/wp-content\/uploads\/2021\/12\/sustainability-5-1024x460.jpeg","contentUrl":"https:\/\/patternenergy.com\/wp-content\/uploads\/2021\/12\/sustainability-5-1024x460.jpeg"},{"@type":"BreadcrumbList","@id":"https:\/\/patternenergy.com\/es\/sostenibilidad\/diversidad-equidad-e-inclusion\/#breadcrumb","itemListElement":[{"@type":"ListItem","position":1,"name":"Home","item":"https:\/\/patternenergy.com\/es\/"},{"@type":"ListItem","position":2,"name":"Sostenibilidad","item":"https:\/\/patternenergy.com\/es\/sostenibilidad\/"},{"@type":"ListItem","position":3,"name":"Diversidad, equidad e inclusi\u00f3n"}]},{"@type":"WebSite","@id":"https:\/\/patternenergy.com\/es\/#website","url":"https:\/\/patternenergy.com\/es\/","name":"Pattern Energy","description":"Desarrollamos, construimos, poseemos y explotamos proyectos e\u00f3licos, solares, de transmisi\u00f3n y de almacenamiento de energ\u00eda de alta calidad en todo el mundo.","publisher":{"@id":"https:\/\/patternenergy.com\/es\/#organization"},"potentialAction":[{"@type":"SearchAction","target":{"@type":"EntryPoint","urlTemplate":"https:\/\/patternenergy.com\/es\/?s={search_term_string}"},"query-input":{"@type":"PropertyValueSpecification","valueRequired":true,"valueName":"search_term_string"}}],"inLanguage":"es"},{"@type":"Organization","@id":"https:\/\/patternenergy.com\/es\/#organization","name":"Pattern Energy","url":"https:\/\/patternenergy.com\/es\/","logo":{"@type":"ImageObject","inLanguage":"es","@id":"https:\/\/patternenergy.com\/es\/#\/schema\/logo\/image\/","url":"https:\/\/patternenergy.com\/wp-content\/uploads\/2022\/01\/Pattern-Energy-Media-thumbnail-logo.jpg","contentUrl":"https:\/\/patternenergy.com\/wp-content\/uploads\/2022\/01\/Pattern-Energy-Media-thumbnail-logo.jpg","width":1200,"height":627,"caption":"Pattern Energy"},"image":{"@id":"https:\/\/patternenergy.com\/es\/#\/schema\/logo\/image\/"},"sameAs":["https:\/\/www.facebook.com\/PatternEnergy\/","https:\/\/instagram.com\/patternenergy?utm_medium=copy_link","https:\/\/www.linkedin.com\/company\/pattern-energy","https:\/\/www.youtube.com\/user\/PatternEnergy?app=desktop","https:\/\/web.cauze.com\/company\/293"]}]}},"_links":{"self":[{"href":"https:\/\/patternenergy.com\/es\/wp-json\/wp\/v2\/pages\/17260","targetHints":{"allow":["GET"]}}],"collection":[{"href":"https:\/\/patternenergy.com\/es\/wp-json\/wp\/v2\/pages"}],"about":[{"href":"https:\/\/patternenergy.com\/es\/wp-json\/wp\/v2\/types\/page"}],"author":[{"embeddable":true,"href":"https:\/\/patternenergy.com\/es\/wp-json\/wp\/v2\/users\/1"}],"replies":[{"embeddable":true,"href":"https:\/\/patternenergy.com\/es\/wp-json\/wp\/v2\/comments?post=17260"}],"version-history":[{"count":0,"href":"https:\/\/patternenergy.com\/es\/wp-json\/wp\/v2\/pages\/17260\/revisions"}],"up":[{"embeddable":true,"href":"https:\/\/patternenergy.com\/es\/wp-json\/wp\/v2\/pages\/17024"}],"wp:attachment":[{"href":"https:\/\/patternenergy.com\/es\/wp-json\/wp\/v2\/media?parent=17260"}],"curies":[{"name":"wp","href":"https:\/\/api.w.org\/{rel}","templated":true}]}}