{"id":17254,"date":"2022-09-06T16:15:58","date_gmt":"2022-09-06T21:15:58","guid":{"rendered":"https:\/\/patternenergy.com\/sunzia-comentarios-del-publico\/"},"modified":"2024-06-12T13:47:52","modified_gmt":"2024-06-12T18:47:52","slug":"sunzia-comentarios-del-publico","status":"publish","type":"page","link":"https:\/\/patternenergy.com\/es\/sunzia-comentarios-del-publico\/","title":{"rendered":"SunZia Comentarios del p\u00fablico"},"content":{"rendered":"\n<section class=\"textual-content type-default\" >\n\t\n\t<div class=\"holder block-entry animated\">\n\t\t\n\t\t\t\t\t\t\n\t\t<div class=\"acf-innerblocks-container\">\n\n<div class=\"wp-block-columns is-layout-flex wp-container-core-columns-is-layout-9d6595d7 wp-block-columns-is-layout-flex\">\n<div class=\"wp-block-column is-layout-flow wp-block-column-is-layout-flow\">\n<h1 class=\"wp-block-heading\">Zoom Link for Public Comment Period\u00a0<\/h1>\n\n\n\n<p><\/p>\n\n\n\n<p>Topic: Arizona Power Plant &amp; Transmission Line Siting Committee \u2013 Hearing for the SunZia Project CEC Amendments &#8211; Public Comment Period\u00a0<br\/>Time: Sep 6, 2022 05:30 PM Arizona\u00a0<\/p>\n\n\n\n<p>Join Zoom Meeting\u00a0<br\/><a href=\"https:\/\/protect-us.mimecast.com\/s\/OMlyCjRvpAsl01zJfgDuab?domain=nam11.safelinks.protection.outlook.com\">https:\/\/us06web.zoom.us\/j\/89328535965<\/a><\/p>\n\n\n\n<p>Meeting ID: 893 2853 5965\u00a0<br\/>One tap mobile\u00a0<br\/>+12532158782,,89328535965# US (Tacoma)\u00a0<br\/>+13462487799,,89328535965# US (Houston)\u00a0<\/p>\n\n\n\n<p>Dial by your location\u00a0<br\/>+1 253 215 8782 US (Tacoma)\u00a0<br\/>+1 346 248 7799 US (Houston)\u00a0<br\/>+1 669 444 9171 US\u00a0<br\/>+1 719 359 4580 US\u00a0<br\/>+1 720 707 2699 US (Denver)\u00a0<br\/>+1 386 347 5053 US\u00a0<br\/>+1 564 217 2000 US\u00a0<br\/>+1 646 558 8656 US (New York)\u00a0<br\/>+1 646 931 3860 US\u00a0<br\/>+1 301 715 8592 US (Washington DC)\u00a0<br\/>+1 309 205 3325 US\u00a0<br\/>+1 312 626 6799 US (Chicago)\u00a0<br\/>Meeting ID: 893 2853 5965\u00a0<br\/>Find your local number:\u00a0<a href=\"https:\/\/protect-us.mimecast.com\/s\/QxHyClYvr8cOlqWKtluZGF?domain=nam11.safelinks.protection.outlook.com\">https:\/\/us06web.zoom.us\/u\/krj0xGARn<\/a><\/p>\n<\/div>\n<\/div>\n\n<\/div>\t\t\n\t<\/div>\n<\/section><!-- Textual Content -->","protected":false},"excerpt":{"rendered":"","protected":false},"author":3,"featured_media":0,"parent":0,"menu_order":0,"comment_status":"closed","ping_status":"closed","template":"","meta":{"_acf_changed":false,"footnotes":""},"class_list":["post-17254","page","type-page","status-publish","hentry"],"acf":[],"yoast_head":"<!-- This site is optimized with the Yoast SEO plugin v27.4 - https:\/\/yoast.com\/product\/yoast-seo-wordpress\/ -->\n<title>SunZia Comentarios del p\u00fablico - Pattern Energy<\/title>\n<meta name=\"robots\" content=\"index, follow, max-snippet:-1, max-image-preview:large, max-video-preview:-1\" \/>\n<link rel=\"canonical\" href=\"https:\/\/patternenergy.com\/es\/sunzia-comentarios-del-publico\/\" \/>\n<meta property=\"og:locale\" content=\"es_ES\" \/>\n<meta property=\"og:type\" content=\"article\" \/>\n<meta property=\"og:title\" content=\"SunZia Comentarios del p\u00fablico - Pattern Energy\" \/>\n<meta property=\"og:url\" content=\"https:\/\/patternenergy.com\/es\/sunzia-comentarios-del-publico\/\" \/>\n<meta property=\"og:site_name\" content=\"Pattern Energy\" \/>\n<meta property=\"article:publisher\" content=\"https:\/\/www.facebook.com\/PatternEnergy\/\" \/>\n<meta property=\"article:modified_time\" content=\"2024-06-12T18:47:52+00:00\" \/>\n<meta property=\"og:image\" content=\"https:\/\/patternenergy.com\/wp-content\/uploads\/2022\/01\/Pattern-Energy-Media-thumbnail-logo.jpg\" \/>\n\t<meta property=\"og:image:width\" content=\"1200\" \/>\n\t<meta property=\"og:image:height\" content=\"627\" \/>\n\t<meta property=\"og:image:type\" content=\"image\/jpeg\" \/>\n<meta name=\"twitter:card\" content=\"summary_large_image\" \/>\n<script type=\"application\/ld+json\" class=\"yoast-schema-graph\">{\"@context\":\"https:\\\/\\\/schema.org\",\"@graph\":[{\"@type\":\"WebPage\",\"@id\":\"https:\\\/\\\/patternenergy.com\\\/es\\\/sunzia-comentarios-del-publico\\\/\",\"url\":\"https:\\\/\\\/patternenergy.com\\\/es\\\/sunzia-comentarios-del-publico\\\/\",\"name\":\"SunZia Comentarios del p\u00fablico - Pattern Energy\",\"isPartOf\":{\"@id\":\"https:\\\/\\\/patternenergy.com\\\/es\\\/#website\"},\"datePublished\":\"2022-09-06T21:15:58+00:00\",\"dateModified\":\"2024-06-12T18:47:52+00:00\",\"breadcrumb\":{\"@id\":\"https:\\\/\\\/patternenergy.com\\\/es\\\/sunzia-comentarios-del-publico\\\/#breadcrumb\"},\"inLanguage\":\"es\",\"potentialAction\":[{\"@type\":\"ReadAction\",\"target\":[\"https:\\\/\\\/patternenergy.com\\\/es\\\/sunzia-comentarios-del-publico\\\/\"]}]},{\"@type\":\"BreadcrumbList\",\"@id\":\"https:\\\/\\\/patternenergy.com\\\/es\\\/sunzia-comentarios-del-publico\\\/#breadcrumb\",\"itemListElement\":[{\"@type\":\"ListItem\",\"position\":1,\"name\":\"Home\",\"item\":\"https:\\\/\\\/patternenergy.com\\\/es\\\/\"},{\"@type\":\"ListItem\",\"position\":2,\"name\":\"SunZia Comentarios del p\u00fablico\"}]},{\"@type\":\"WebSite\",\"@id\":\"https:\\\/\\\/patternenergy.com\\\/es\\\/#website\",\"url\":\"https:\\\/\\\/patternenergy.com\\\/es\\\/\",\"name\":\"Pattern Energy\",\"description\":\"Desarrollamos, construimos, poseemos y explotamos proyectos e\u00f3licos, solares, de transmisi\u00f3n y de almacenamiento de energ\u00eda de alta calidad en todo el mundo.\",\"publisher\":{\"@id\":\"https:\\\/\\\/patternenergy.com\\\/es\\\/#organization\"},\"potentialAction\":[{\"@type\":\"SearchAction\",\"target\":{\"@type\":\"EntryPoint\",\"urlTemplate\":\"https:\\\/\\\/patternenergy.com\\\/es\\\/?s={search_term_string}\"},\"query-input\":{\"@type\":\"PropertyValueSpecification\",\"valueRequired\":true,\"valueName\":\"search_term_string\"}}],\"inLanguage\":\"es\"},{\"@type\":\"Organization\",\"@id\":\"https:\\\/\\\/patternenergy.com\\\/es\\\/#organization\",\"name\":\"Pattern Energy\",\"url\":\"https:\\\/\\\/patternenergy.com\\\/es\\\/\",\"logo\":{\"@type\":\"ImageObject\",\"inLanguage\":\"es\",\"@id\":\"https:\\\/\\\/patternenergy.com\\\/es\\\/#\\\/schema\\\/logo\\\/image\\\/\",\"url\":\"https:\\\/\\\/patternenergy.com\\\/wp-content\\\/uploads\\\/2022\\\/01\\\/Pattern-Energy-Media-thumbnail-logo.jpg\",\"contentUrl\":\"https:\\\/\\\/patternenergy.com\\\/wp-content\\\/uploads\\\/2022\\\/01\\\/Pattern-Energy-Media-thumbnail-logo.jpg\",\"width\":1200,\"height\":627,\"caption\":\"Pattern Energy\"},\"image\":{\"@id\":\"https:\\\/\\\/patternenergy.com\\\/es\\\/#\\\/schema\\\/logo\\\/image\\\/\"},\"sameAs\":[\"https:\\\/\\\/www.facebook.com\\\/PatternEnergy\\\/\",\"https:\\\/\\\/instagram.com\\\/patternenergy?utm_medium=copy_link\",\"https:\\\/\\\/www.linkedin.com\\\/company\\\/pattern-energy\",\"https:\\\/\\\/www.youtube.com\\\/user\\\/PatternEnergy?app=desktop\",\"https:\\\/\\\/web.cauze.com\\\/company\\\/293\"]}]}<\/script>\n<!-- \/ Yoast SEO plugin. -->","yoast_head_json":{"title":"SunZia Comentarios del p\u00fablico - Pattern Energy","robots":{"index":"index","follow":"follow","max-snippet":"max-snippet:-1","max-image-preview":"max-image-preview:large","max-video-preview":"max-video-preview:-1"},"canonical":"https:\/\/patternenergy.com\/es\/sunzia-comentarios-del-publico\/","og_locale":"es_ES","og_type":"article","og_title":"SunZia Comentarios del p\u00fablico - Pattern Energy","og_url":"https:\/\/patternenergy.com\/es\/sunzia-comentarios-del-publico\/","og_site_name":"Pattern Energy","article_publisher":"https:\/\/www.facebook.com\/PatternEnergy\/","article_modified_time":"2024-06-12T18:47:52+00:00","og_image":[{"width":1200,"height":627,"url":"https:\/\/patternenergy.com\/wp-content\/uploads\/2022\/01\/Pattern-Energy-Media-thumbnail-logo.jpg","type":"image\/jpeg"}],"twitter_card":"summary_large_image","schema":{"@context":"https:\/\/schema.org","@graph":[{"@type":"WebPage","@id":"https:\/\/patternenergy.com\/es\/sunzia-comentarios-del-publico\/","url":"https:\/\/patternenergy.com\/es\/sunzia-comentarios-del-publico\/","name":"SunZia Comentarios del p\u00fablico - Pattern Energy","isPartOf":{"@id":"https:\/\/patternenergy.com\/es\/#website"},"datePublished":"2022-09-06T21:15:58+00:00","dateModified":"2024-06-12T18:47:52+00:00","breadcrumb":{"@id":"https:\/\/patternenergy.com\/es\/sunzia-comentarios-del-publico\/#breadcrumb"},"inLanguage":"es","potentialAction":[{"@type":"ReadAction","target":["https:\/\/patternenergy.com\/es\/sunzia-comentarios-del-publico\/"]}]},{"@type":"BreadcrumbList","@id":"https:\/\/patternenergy.com\/es\/sunzia-comentarios-del-publico\/#breadcrumb","itemListElement":[{"@type":"ListItem","position":1,"name":"Home","item":"https:\/\/patternenergy.com\/es\/"},{"@type":"ListItem","position":2,"name":"SunZia Comentarios del p\u00fablico"}]},{"@type":"WebSite","@id":"https:\/\/patternenergy.com\/es\/#website","url":"https:\/\/patternenergy.com\/es\/","name":"Pattern Energy","description":"Desarrollamos, construimos, poseemos y explotamos proyectos e\u00f3licos, solares, de transmisi\u00f3n y de almacenamiento de energ\u00eda de alta calidad en todo el mundo.","publisher":{"@id":"https:\/\/patternenergy.com\/es\/#organization"},"potentialAction":[{"@type":"SearchAction","target":{"@type":"EntryPoint","urlTemplate":"https:\/\/patternenergy.com\/es\/?s={search_term_string}"},"query-input":{"@type":"PropertyValueSpecification","valueRequired":true,"valueName":"search_term_string"}}],"inLanguage":"es"},{"@type":"Organization","@id":"https:\/\/patternenergy.com\/es\/#organization","name":"Pattern Energy","url":"https:\/\/patternenergy.com\/es\/","logo":{"@type":"ImageObject","inLanguage":"es","@id":"https:\/\/patternenergy.com\/es\/#\/schema\/logo\/image\/","url":"https:\/\/patternenergy.com\/wp-content\/uploads\/2022\/01\/Pattern-Energy-Media-thumbnail-logo.jpg","contentUrl":"https:\/\/patternenergy.com\/wp-content\/uploads\/2022\/01\/Pattern-Energy-Media-thumbnail-logo.jpg","width":1200,"height":627,"caption":"Pattern Energy"},"image":{"@id":"https:\/\/patternenergy.com\/es\/#\/schema\/logo\/image\/"},"sameAs":["https:\/\/www.facebook.com\/PatternEnergy\/","https:\/\/instagram.com\/patternenergy?utm_medium=copy_link","https:\/\/www.linkedin.com\/company\/pattern-energy","https:\/\/www.youtube.com\/user\/PatternEnergy?app=desktop","https:\/\/web.cauze.com\/company\/293"]}]}},"_links":{"self":[{"href":"https:\/\/patternenergy.com\/es\/wp-json\/wp\/v2\/pages\/17254","targetHints":{"allow":["GET"]}}],"collection":[{"href":"https:\/\/patternenergy.com\/es\/wp-json\/wp\/v2\/pages"}],"about":[{"href":"https:\/\/patternenergy.com\/es\/wp-json\/wp\/v2\/types\/page"}],"author":[{"embeddable":true,"href":"https:\/\/patternenergy.com\/es\/wp-json\/wp\/v2\/users\/3"}],"replies":[{"embeddable":true,"href":"https:\/\/patternenergy.com\/es\/wp-json\/wp\/v2\/comments?post=17254"}],"version-history":[{"count":0,"href":"https:\/\/patternenergy.com\/es\/wp-json\/wp\/v2\/pages\/17254\/revisions"}],"wp:attachment":[{"href":"https:\/\/patternenergy.com\/es\/wp-json\/wp\/v2\/media?parent=17254"}],"curies":[{"name":"wp","href":"https:\/\/api.w.org\/{rel}","templated":true}]}}