{"id":17245,"date":"2021-12-19T17:10:51","date_gmt":"2021-12-19T22:10:51","guid":{"rendered":"https:\/\/patternenergy.com\/sostenibilidad\/gestion-medioambiental\/"},"modified":"2024-06-15T18:09:43","modified_gmt":"2024-06-15T23:09:43","slug":"gestion-medioambiental","status":"publish","type":"page","link":"https:\/\/patternenergy.com\/es\/sostenibilidad\/gestion-medioambiental\/","title":{"rendered":"Gesti\u00f3n medioambiental"},"content":{"rendered":"\n<section class=\"textual-content type-default\" >\n\t\n\t<div class=\"holder block-entry animated\">\n\t\t\n\t\t\t\t\t\t\n\t\t<div class=\"acf-innerblocks-container\">\n\n<h1 class=\"wp-block-heading\">Gesti\u00f3n medioambiental<\/h1>\n\n\n\n<figure class=\"wp-block-image size-large\"><img loading=\"lazy\" decoding=\"async\" width=\"1024\" height=\"460\" src=\"https:\/\/patternenergy.com\/wp-content\/uploads\/2021\/12\/sustainability-6-1024x460.jpg\" alt=\"\" class=\"wp-image-1370\" srcset=\"https:\/\/patternenergy.com\/wp-content\/uploads\/2021\/12\/sustainability-6-1024x460.jpg 1024w, https:\/\/patternenergy.com\/wp-content\/uploads\/2021\/12\/sustainability-6-300x135.jpg 300w, https:\/\/patternenergy.com\/wp-content\/uploads\/2021\/12\/sustainability-6-768x345.jpg 768w, https:\/\/patternenergy.com\/wp-content\/uploads\/2021\/12\/sustainability-6-1536x690.jpg 1536w, https:\/\/patternenergy.com\/wp-content\/uploads\/2021\/12\/sustainability-6-2048x921.jpg 2048w\" sizes=\"auto, (max-width: 1024px) 100vw, 1024px\" \/><\/figure>\n\n\n\n<h3 class=\"wp-block-heading\">Declaraci\u00f3n de compromisos medioambientales<\/h3>\n\n\n\n<div class=\"wp-block-columns smaller-text is-layout-flex wp-container-core-columns-is-layout-9d6595d7 wp-block-columns-is-layout-flex\">\n<div class=\"wp-block-column narrow is-layout-flow wp-block-column-is-layout-flow\">\n<p>Pattern Energy se compromete a proteger el medio ambiente. Creemos que el cambio clim\u00e1tico es el mayor reto medioambiental del mundo, y que producir energ\u00eda a partir de fuentes limpias y renovables es esencial para reducir la huella de carbono mundial. Consideramos que es nuestra responsabilidad producir y transportar energ\u00eda renovable a los consumidores respetando la integridad de nuestro medio ambiente. Para ello, Pattern Energy se esfuerza por:<\/p>\n\n\n\n<ul class=\"wp-block-list\">\n<li>Desarrollar, construir y operar de forma responsable cumpliendo todas las leyes y normativas medioambientales como norma m\u00ednima y aplicando las mejores pr\u00e1cticas all\u00ed donde la normativa local no sea tan estricta.<\/li>\n\n\n\n<li>Evaluar los posibles impactos ecol\u00f3gicos positivos y negativos e incorporarlos a nuestra toma de decisiones, aplicando nuestro esp\u00edritu creativo y nuestra energ\u00eda para explorar soluciones de mitigaci\u00f3n sostenibles que minimicen los efectos adversos.<\/li>\n\n\n\n<li>Escuchar a la gente de las comunidades donde trabajamos, incluidos los representantes de la comunidad y los organismos de recursos naturales, durante la planificaci\u00f3n de nuestros proyectos.<\/li>\n\n\n\n<li>Emplazar y dise\u00f1ar nuestros proyectos de forma que respeten la vida salvaje y sus h\u00e1bitats.<\/li>\n\n\n\n<li>Construir nuestros proyectos utilizando las mejores pr\u00e1cticas para prevenir la contaminaci\u00f3n y conservar nuestros recursos naturales.<\/li>\n\n\n\n<li>Trabajar para controlar, informar y mejorar continuamente nuestro comportamiento medioambiental general.<\/li>\n<\/ul>\n<\/div>\n<\/div>\n\n\n\n<p><\/p>\n\n<\/div>\t\t\n\t<\/div>\n<\/section><!-- Textual Content -->","protected":false},"excerpt":{"rendered":"","protected":false},"author":1,"featured_media":0,"parent":17024,"menu_order":30,"comment_status":"closed","ping_status":"closed","template":"","meta":{"_acf_changed":false,"footnotes":""},"class_list":["post-17245","page","type-page","status-publish","hentry"],"acf":[],"yoast_head":"<!-- This site is optimized with the Yoast SEO plugin v27.4 - https:\/\/yoast.com\/product\/yoast-seo-wordpress\/ -->\n<title>:: Gesti\u00f3n medioambiental<\/title>\n<meta name=\"description\" content=\"Consideramos que es nuestra responsabilidad producir y transportar energ\u00eda renovable a los consumidores respetando la integridad de nuestro medio ambiente.\" \/>\n<meta name=\"robots\" content=\"index, follow, max-snippet:-1, max-image-preview:large, max-video-preview:-1\" \/>\n<link rel=\"canonical\" href=\"https:\/\/patternenergy.com\/es\/sostenibilidad\/gestion-medioambiental\/\" \/>\n<meta property=\"og:locale\" content=\"es_ES\" \/>\n<meta property=\"og:type\" content=\"article\" \/>\n<meta property=\"og:title\" content=\":: Gesti\u00f3n medioambiental\" \/>\n<meta property=\"og:description\" content=\"Consideramos que es nuestra responsabilidad producir y transportar energ\u00eda renovable a los consumidores respetando la integridad de nuestro medio ambiente.\" \/>\n<meta property=\"og:url\" content=\"https:\/\/patternenergy.com\/es\/sostenibilidad\/gestion-medioambiental\/\" \/>\n<meta property=\"og:site_name\" content=\"Pattern Energy\" \/>\n<meta property=\"article:publisher\" content=\"https:\/\/www.facebook.com\/PatternEnergy\/\" \/>\n<meta property=\"article:modified_time\" content=\"2024-06-15T23:09:43+00:00\" \/>\n<meta property=\"og:image\" content=\"https:\/\/patternenergy.com\/wp-content\/uploads\/2021\/12\/sustainability-6-1024x460.jpg\" \/>\n<meta name=\"twitter:card\" content=\"summary_large_image\" \/>\n<meta name=\"twitter:label1\" content=\"Tiempo de lectura\" \/>\n\t<meta name=\"twitter:data1\" content=\"2 minutos\" \/>\n<script type=\"application\/ld+json\" class=\"yoast-schema-graph\">{\"@context\":\"https:\\\/\\\/schema.org\",\"@graph\":[{\"@type\":\"WebPage\",\"@id\":\"https:\\\/\\\/patternenergy.com\\\/es\\\/sostenibilidad\\\/gestion-medioambiental\\\/\",\"url\":\"https:\\\/\\\/patternenergy.com\\\/es\\\/sostenibilidad\\\/gestion-medioambiental\\\/\",\"name\":\":: Gesti\u00f3n medioambiental\",\"isPartOf\":{\"@id\":\"https:\\\/\\\/patternenergy.com\\\/es\\\/#website\"},\"primaryImageOfPage\":{\"@id\":\"https:\\\/\\\/patternenergy.com\\\/es\\\/sostenibilidad\\\/gestion-medioambiental\\\/#primaryimage\"},\"image\":{\"@id\":\"https:\\\/\\\/patternenergy.com\\\/es\\\/sostenibilidad\\\/gestion-medioambiental\\\/#primaryimage\"},\"thumbnailUrl\":\"https:\\\/\\\/patternenergy.com\\\/wp-content\\\/uploads\\\/2021\\\/12\\\/sustainability-6-1024x460.jpg\",\"datePublished\":\"2021-12-19T22:10:51+00:00\",\"dateModified\":\"2024-06-15T23:09:43+00:00\",\"description\":\"Consideramos que es nuestra responsabilidad producir y transportar energ\u00eda renovable a los consumidores respetando la integridad de nuestro medio ambiente.\",\"breadcrumb\":{\"@id\":\"https:\\\/\\\/patternenergy.com\\\/es\\\/sostenibilidad\\\/gestion-medioambiental\\\/#breadcrumb\"},\"inLanguage\":\"es\",\"potentialAction\":[{\"@type\":\"ReadAction\",\"target\":[\"https:\\\/\\\/patternenergy.com\\\/es\\\/sostenibilidad\\\/gestion-medioambiental\\\/\"]}]},{\"@type\":\"ImageObject\",\"inLanguage\":\"es\",\"@id\":\"https:\\\/\\\/patternenergy.com\\\/es\\\/sostenibilidad\\\/gestion-medioambiental\\\/#primaryimage\",\"url\":\"https:\\\/\\\/patternenergy.com\\\/wp-content\\\/uploads\\\/2021\\\/12\\\/sustainability-6-1024x460.jpg\",\"contentUrl\":\"https:\\\/\\\/patternenergy.com\\\/wp-content\\\/uploads\\\/2021\\\/12\\\/sustainability-6-1024x460.jpg\"},{\"@type\":\"BreadcrumbList\",\"@id\":\"https:\\\/\\\/patternenergy.com\\\/es\\\/sostenibilidad\\\/gestion-medioambiental\\\/#breadcrumb\",\"itemListElement\":[{\"@type\":\"ListItem\",\"position\":1,\"name\":\"Home\",\"item\":\"https:\\\/\\\/patternenergy.com\\\/es\\\/\"},{\"@type\":\"ListItem\",\"position\":2,\"name\":\"Sostenibilidad\",\"item\":\"https:\\\/\\\/patternenergy.com\\\/es\\\/sostenibilidad\\\/\"},{\"@type\":\"ListItem\",\"position\":3,\"name\":\"Gesti\u00f3n medioambiental\"}]},{\"@type\":\"WebSite\",\"@id\":\"https:\\\/\\\/patternenergy.com\\\/es\\\/#website\",\"url\":\"https:\\\/\\\/patternenergy.com\\\/es\\\/\",\"name\":\"Pattern Energy\",\"description\":\"Desarrollamos, construimos, poseemos y explotamos proyectos e\u00f3licos, solares, de transmisi\u00f3n y de almacenamiento de energ\u00eda de alta calidad en todo el mundo.\",\"publisher\":{\"@id\":\"https:\\\/\\\/patternenergy.com\\\/es\\\/#organization\"},\"potentialAction\":[{\"@type\":\"SearchAction\",\"target\":{\"@type\":\"EntryPoint\",\"urlTemplate\":\"https:\\\/\\\/patternenergy.com\\\/es\\\/?s={search_term_string}\"},\"query-input\":{\"@type\":\"PropertyValueSpecification\",\"valueRequired\":true,\"valueName\":\"search_term_string\"}}],\"inLanguage\":\"es\"},{\"@type\":\"Organization\",\"@id\":\"https:\\\/\\\/patternenergy.com\\\/es\\\/#organization\",\"name\":\"Pattern Energy\",\"url\":\"https:\\\/\\\/patternenergy.com\\\/es\\\/\",\"logo\":{\"@type\":\"ImageObject\",\"inLanguage\":\"es\",\"@id\":\"https:\\\/\\\/patternenergy.com\\\/es\\\/#\\\/schema\\\/logo\\\/image\\\/\",\"url\":\"https:\\\/\\\/patternenergy.com\\\/wp-content\\\/uploads\\\/2022\\\/01\\\/Pattern-Energy-Media-thumbnail-logo.jpg\",\"contentUrl\":\"https:\\\/\\\/patternenergy.com\\\/wp-content\\\/uploads\\\/2022\\\/01\\\/Pattern-Energy-Media-thumbnail-logo.jpg\",\"width\":1200,\"height\":627,\"caption\":\"Pattern Energy\"},\"image\":{\"@id\":\"https:\\\/\\\/patternenergy.com\\\/es\\\/#\\\/schema\\\/logo\\\/image\\\/\"},\"sameAs\":[\"https:\\\/\\\/www.facebook.com\\\/PatternEnergy\\\/\",\"https:\\\/\\\/instagram.com\\\/patternenergy?utm_medium=copy_link\",\"https:\\\/\\\/www.linkedin.com\\\/company\\\/pattern-energy\",\"https:\\\/\\\/www.youtube.com\\\/user\\\/PatternEnergy?app=desktop\",\"https:\\\/\\\/web.cauze.com\\\/company\\\/293\"]}]}<\/script>\n<!-- \/ Yoast SEO plugin. -->","yoast_head_json":{"title":":: Gesti\u00f3n medioambiental","description":"Consideramos que es nuestra responsabilidad producir y transportar energ\u00eda renovable a los consumidores respetando la integridad de nuestro medio ambiente.","robots":{"index":"index","follow":"follow","max-snippet":"max-snippet:-1","max-image-preview":"max-image-preview:large","max-video-preview":"max-video-preview:-1"},"canonical":"https:\/\/patternenergy.com\/es\/sostenibilidad\/gestion-medioambiental\/","og_locale":"es_ES","og_type":"article","og_title":":: Gesti\u00f3n medioambiental","og_description":"Consideramos que es nuestra responsabilidad producir y transportar energ\u00eda renovable a los consumidores respetando la integridad de nuestro medio ambiente.","og_url":"https:\/\/patternenergy.com\/es\/sostenibilidad\/gestion-medioambiental\/","og_site_name":"Pattern Energy","article_publisher":"https:\/\/www.facebook.com\/PatternEnergy\/","article_modified_time":"2024-06-15T23:09:43+00:00","og_image":[{"url":"https:\/\/patternenergy.com\/wp-content\/uploads\/2021\/12\/sustainability-6-1024x460.jpg","type":"","width":"","height":""}],"twitter_card":"summary_large_image","twitter_misc":{"Tiempo de lectura":"2 minutos"},"schema":{"@context":"https:\/\/schema.org","@graph":[{"@type":"WebPage","@id":"https:\/\/patternenergy.com\/es\/sostenibilidad\/gestion-medioambiental\/","url":"https:\/\/patternenergy.com\/es\/sostenibilidad\/gestion-medioambiental\/","name":":: Gesti\u00f3n medioambiental","isPartOf":{"@id":"https:\/\/patternenergy.com\/es\/#website"},"primaryImageOfPage":{"@id":"https:\/\/patternenergy.com\/es\/sostenibilidad\/gestion-medioambiental\/#primaryimage"},"image":{"@id":"https:\/\/patternenergy.com\/es\/sostenibilidad\/gestion-medioambiental\/#primaryimage"},"thumbnailUrl":"https:\/\/patternenergy.com\/wp-content\/uploads\/2021\/12\/sustainability-6-1024x460.jpg","datePublished":"2021-12-19T22:10:51+00:00","dateModified":"2024-06-15T23:09:43+00:00","description":"Consideramos que es nuestra responsabilidad producir y transportar energ\u00eda renovable a los consumidores respetando la integridad de nuestro medio ambiente.","breadcrumb":{"@id":"https:\/\/patternenergy.com\/es\/sostenibilidad\/gestion-medioambiental\/#breadcrumb"},"inLanguage":"es","potentialAction":[{"@type":"ReadAction","target":["https:\/\/patternenergy.com\/es\/sostenibilidad\/gestion-medioambiental\/"]}]},{"@type":"ImageObject","inLanguage":"es","@id":"https:\/\/patternenergy.com\/es\/sostenibilidad\/gestion-medioambiental\/#primaryimage","url":"https:\/\/patternenergy.com\/wp-content\/uploads\/2021\/12\/sustainability-6-1024x460.jpg","contentUrl":"https:\/\/patternenergy.com\/wp-content\/uploads\/2021\/12\/sustainability-6-1024x460.jpg"},{"@type":"BreadcrumbList","@id":"https:\/\/patternenergy.com\/es\/sostenibilidad\/gestion-medioambiental\/#breadcrumb","itemListElement":[{"@type":"ListItem","position":1,"name":"Home","item":"https:\/\/patternenergy.com\/es\/"},{"@type":"ListItem","position":2,"name":"Sostenibilidad","item":"https:\/\/patternenergy.com\/es\/sostenibilidad\/"},{"@type":"ListItem","position":3,"name":"Gesti\u00f3n medioambiental"}]},{"@type":"WebSite","@id":"https:\/\/patternenergy.com\/es\/#website","url":"https:\/\/patternenergy.com\/es\/","name":"Pattern Energy","description":"Desarrollamos, construimos, poseemos y explotamos proyectos e\u00f3licos, solares, de transmisi\u00f3n y de almacenamiento de energ\u00eda de alta calidad en todo el mundo.","publisher":{"@id":"https:\/\/patternenergy.com\/es\/#organization"},"potentialAction":[{"@type":"SearchAction","target":{"@type":"EntryPoint","urlTemplate":"https:\/\/patternenergy.com\/es\/?s={search_term_string}"},"query-input":{"@type":"PropertyValueSpecification","valueRequired":true,"valueName":"search_term_string"}}],"inLanguage":"es"},{"@type":"Organization","@id":"https:\/\/patternenergy.com\/es\/#organization","name":"Pattern Energy","url":"https:\/\/patternenergy.com\/es\/","logo":{"@type":"ImageObject","inLanguage":"es","@id":"https:\/\/patternenergy.com\/es\/#\/schema\/logo\/image\/","url":"https:\/\/patternenergy.com\/wp-content\/uploads\/2022\/01\/Pattern-Energy-Media-thumbnail-logo.jpg","contentUrl":"https:\/\/patternenergy.com\/wp-content\/uploads\/2022\/01\/Pattern-Energy-Media-thumbnail-logo.jpg","width":1200,"height":627,"caption":"Pattern Energy"},"image":{"@id":"https:\/\/patternenergy.com\/es\/#\/schema\/logo\/image\/"},"sameAs":["https:\/\/www.facebook.com\/PatternEnergy\/","https:\/\/instagram.com\/patternenergy?utm_medium=copy_link","https:\/\/www.linkedin.com\/company\/pattern-energy","https:\/\/www.youtube.com\/user\/PatternEnergy?app=desktop","https:\/\/web.cauze.com\/company\/293"]}]}},"_links":{"self":[{"href":"https:\/\/patternenergy.com\/es\/wp-json\/wp\/v2\/pages\/17245","targetHints":{"allow":["GET"]}}],"collection":[{"href":"https:\/\/patternenergy.com\/es\/wp-json\/wp\/v2\/pages"}],"about":[{"href":"https:\/\/patternenergy.com\/es\/wp-json\/wp\/v2\/types\/page"}],"author":[{"embeddable":true,"href":"https:\/\/patternenergy.com\/es\/wp-json\/wp\/v2\/users\/1"}],"replies":[{"embeddable":true,"href":"https:\/\/patternenergy.com\/es\/wp-json\/wp\/v2\/comments?post=17245"}],"version-history":[{"count":0,"href":"https:\/\/patternenergy.com\/es\/wp-json\/wp\/v2\/pages\/17245\/revisions"}],"up":[{"embeddable":true,"href":"https:\/\/patternenergy.com\/es\/wp-json\/wp\/v2\/pages\/17024"}],"wp:attachment":[{"href":"https:\/\/patternenergy.com\/es\/wp-json\/wp\/v2\/media?parent=17245"}],"curies":[{"name":"wp","href":"https:\/\/api.w.org\/{rel}","templated":true}]}}