{"id":17244,"date":"2021-12-13T16:43:40","date_gmt":"2021-12-13T21:43:40","guid":{"rendered":"https:\/\/patternenergy.com\/sostenibilidad\/salud-y-seguridad\/"},"modified":"2024-06-15T18:00:40","modified_gmt":"2024-06-15T23:00:40","slug":"salud-y-seguridad","status":"publish","type":"page","link":"https:\/\/patternenergy.com\/es\/sostenibilidad\/salud-y-seguridad\/","title":{"rendered":"Salud y seguridad"},"content":{"rendered":"\n<section class=\"textual-content type-default\" >\n\t\n\t<div class=\"holder block-entry animated\">\n\t\t\n\t\t\t\t\t\t\n\t\t<div class=\"acf-innerblocks-container\">\n\n<h1 class=\"wp-block-heading\">La seguridad es nuestra  <br>mayor prioridad<\/h1>\n\n\n\n<figure class=\"wp-block-image size-full\"><img loading=\"lazy\" decoding=\"async\" width=\"2160\" height=\"971\" src=\"https:\/\/patternenergy.com\/wp-content\/uploads\/2021\/12\/sustainability-3.jpeg\" alt=\"\" class=\"wp-image-1366\" srcset=\"https:\/\/patternenergy.com\/wp-content\/uploads\/2021\/12\/sustainability-3.jpeg 2160w, https:\/\/patternenergy.com\/wp-content\/uploads\/2021\/12\/sustainability-3-300x135.jpeg 300w, https:\/\/patternenergy.com\/wp-content\/uploads\/2021\/12\/sustainability-3-1024x460.jpeg 1024w, https:\/\/patternenergy.com\/wp-content\/uploads\/2021\/12\/sustainability-3-768x345.jpeg 768w, https:\/\/patternenergy.com\/wp-content\/uploads\/2021\/12\/sustainability-3-1536x690.jpeg 1536w, https:\/\/patternenergy.com\/wp-content\/uploads\/2021\/12\/sustainability-3-2048x921.jpeg 2048w\" sizes=\"auto, (max-width: 2160px) 100vw, 2160px\" \/><\/figure>\n\n\n\n<h3 class=\"wp-block-heading\">Declaraci\u00f3n de seguridad y  <br>Compromisos sanitarios<\/h3>\n\n\n\n<div class=\"wp-block-columns smaller-text is-layout-flex wp-container-core-columns-is-layout-9d6595d7 wp-block-columns-is-layout-flex\">\n<div class=\"wp-block-column narrow is-layout-flow wp-block-column-is-layout-flow\">\n<p>Pattern Energy est\u00e1 comprometida con la seguridad y la salud de nuestros empleados, contratistas y personas de las comunidades en las que trabajamos. No hay nada m\u00e1s importante que nuestra gente vuelva a casa sana y salva al final de cada jornada laboral. Incorporamos la seguridad y el bienestar a nuestra toma de decisiones en todo lo que hacemos. Creemos en un lugar de trabajo sin lesiones y aspiramos a crear un entorno en el que esto sea posible. Para ello, Pattern Energy se esfuerza por:<\/p>\n\n\n\n<ul class=\"wp-block-list\">\n<li>Cumplir todas las leyes y normativas aplicables en materia de salud y seguridad como norma m\u00ednima.<\/li>\n\n\n\n<li>Involucrar a nuestros empleados para que identifiquen posibles peligros y desarrollen las medidas de mitigaci\u00f3n adecuadas.<\/li>\n\n\n\n<li>Impartir formaci\u00f3n a todos los empleados para que puedan reconocer y mitigar los riesgos.<\/li>\n\n\n\n<li>Capacitar a nuestros trabajadores para que utilicen su autoridad de \u00abparada de trabajo\u00bb para detener la actividad si perciben un peligro que pueda ponerles en peligro a ellos o a otros.<\/li>\n\n\n\n<li>Identificar las ra\u00edces y aprender de los accidentes que puedan producirse.<\/li>\n\n\n\n<li>Construir nuestros proyectos y gestionar nuestras instalaciones aplicando las mejores pr\u00e1cticas para evitar lesiones a empleados, contratistas y p\u00fablico en general.<\/li>\n\n\n\n<li>Contratar a empresas que compartan nuestros valores y se comprometan a apoyar nuestra visi\u00f3n de un lugar de trabajo sin lesiones.<\/li>\n\n\n\n<li>Trabajar para supervisar, informar y mejorar continuamente nuestros resultados generales en materia de seguridad.<\/li>\n<\/ul>\n<\/div>\n<\/div>\n\n\n\n<p><\/p>\n\n<\/div>\t\t\n\t<\/div>\n<\/section><!-- Textual Content -->","protected":false},"excerpt":{"rendered":"","protected":false},"author":1,"featured_media":0,"parent":17024,"menu_order":10,"comment_status":"closed","ping_status":"closed","template":"","meta":{"_acf_changed":false,"footnotes":""},"class_list":["post-17244","page","type-page","status-publish","hentry"],"acf":[],"yoast_head":"<!-- This site is optimized with the Yoast SEO plugin v27.3 - https:\/\/yoast.com\/product\/yoast-seo-wordpress\/ -->\n<title>:: Salud y seguridad<\/title>\n<meta name=\"description\" content=\"No hay nada m\u00e1s importante que nuestra gente vuelva a casa sana y salva al final de cada jornada laboral.\" \/>\n<meta name=\"robots\" content=\"index, follow, max-snippet:-1, max-image-preview:large, max-video-preview:-1\" \/>\n<link rel=\"canonical\" href=\"https:\/\/patternenergy.com\/es\/sostenibilidad\/salud-y-seguridad\/\" \/>\n<meta property=\"og:locale\" content=\"es_ES\" \/>\n<meta property=\"og:type\" content=\"article\" \/>\n<meta property=\"og:title\" content=\":: Salud y seguridad\" \/>\n<meta property=\"og:description\" content=\"No hay nada m\u00e1s importante que nuestra gente vuelva a casa sana y salva al final de cada jornada laboral.\" \/>\n<meta property=\"og:url\" content=\"https:\/\/patternenergy.com\/es\/sostenibilidad\/salud-y-seguridad\/\" \/>\n<meta property=\"og:site_name\" content=\"Pattern Energy\" \/>\n<meta property=\"article:publisher\" content=\"https:\/\/www.facebook.com\/PatternEnergy\/\" \/>\n<meta property=\"article:modified_time\" content=\"2024-06-15T23:00:40+00:00\" \/>\n<meta property=\"og:image\" content=\"https:\/\/patternenergy.com\/wp-content\/uploads\/2021\/12\/sustainability-3.jpeg\" \/>\n<meta name=\"twitter:card\" content=\"summary_large_image\" \/>\n<meta name=\"twitter:label1\" content=\"Tiempo de lectura\" \/>\n\t<meta name=\"twitter:data1\" content=\"2 minutos\" \/>\n<script type=\"application\/ld+json\" class=\"yoast-schema-graph\">{\"@context\":\"https:\\\/\\\/schema.org\",\"@graph\":[{\"@type\":\"WebPage\",\"@id\":\"https:\\\/\\\/patternenergy.com\\\/es\\\/sostenibilidad\\\/salud-y-seguridad\\\/\",\"url\":\"https:\\\/\\\/patternenergy.com\\\/es\\\/sostenibilidad\\\/salud-y-seguridad\\\/\",\"name\":\":: Salud y seguridad\",\"isPartOf\":{\"@id\":\"https:\\\/\\\/patternenergy.com\\\/es\\\/#website\"},\"primaryImageOfPage\":{\"@id\":\"https:\\\/\\\/patternenergy.com\\\/es\\\/sostenibilidad\\\/salud-y-seguridad\\\/#primaryimage\"},\"image\":{\"@id\":\"https:\\\/\\\/patternenergy.com\\\/es\\\/sostenibilidad\\\/salud-y-seguridad\\\/#primaryimage\"},\"thumbnailUrl\":\"https:\\\/\\\/patternenergy.com\\\/wp-content\\\/uploads\\\/2021\\\/12\\\/sustainability-3.jpeg\",\"datePublished\":\"2021-12-13T21:43:40+00:00\",\"dateModified\":\"2024-06-15T23:00:40+00:00\",\"description\":\"No hay nada m\u00e1s importante que nuestra gente vuelva a casa sana y salva al final de cada jornada laboral.\",\"breadcrumb\":{\"@id\":\"https:\\\/\\\/patternenergy.com\\\/es\\\/sostenibilidad\\\/salud-y-seguridad\\\/#breadcrumb\"},\"inLanguage\":\"es\",\"potentialAction\":[{\"@type\":\"ReadAction\",\"target\":[\"https:\\\/\\\/patternenergy.com\\\/es\\\/sostenibilidad\\\/salud-y-seguridad\\\/\"]}]},{\"@type\":\"ImageObject\",\"inLanguage\":\"es\",\"@id\":\"https:\\\/\\\/patternenergy.com\\\/es\\\/sostenibilidad\\\/salud-y-seguridad\\\/#primaryimage\",\"url\":\"https:\\\/\\\/patternenergy.com\\\/wp-content\\\/uploads\\\/2021\\\/12\\\/sustainability-3.jpeg\",\"contentUrl\":\"https:\\\/\\\/patternenergy.com\\\/wp-content\\\/uploads\\\/2021\\\/12\\\/sustainability-3.jpeg\"},{\"@type\":\"BreadcrumbList\",\"@id\":\"https:\\\/\\\/patternenergy.com\\\/es\\\/sostenibilidad\\\/salud-y-seguridad\\\/#breadcrumb\",\"itemListElement\":[{\"@type\":\"ListItem\",\"position\":1,\"name\":\"Home\",\"item\":\"https:\\\/\\\/patternenergy.com\\\/es\\\/\"},{\"@type\":\"ListItem\",\"position\":2,\"name\":\"Sostenibilidad\",\"item\":\"https:\\\/\\\/patternenergy.com\\\/es\\\/sostenibilidad\\\/\"},{\"@type\":\"ListItem\",\"position\":3,\"name\":\"Salud y seguridad\"}]},{\"@type\":\"WebSite\",\"@id\":\"https:\\\/\\\/patternenergy.com\\\/es\\\/#website\",\"url\":\"https:\\\/\\\/patternenergy.com\\\/es\\\/\",\"name\":\"Pattern Energy\",\"description\":\"Desarrollamos, construimos, poseemos y explotamos proyectos e\u00f3licos, solares, de transmisi\u00f3n y de almacenamiento de energ\u00eda de alta calidad en todo el mundo.\",\"publisher\":{\"@id\":\"https:\\\/\\\/patternenergy.com\\\/es\\\/#organization\"},\"potentialAction\":[{\"@type\":\"SearchAction\",\"target\":{\"@type\":\"EntryPoint\",\"urlTemplate\":\"https:\\\/\\\/patternenergy.com\\\/es\\\/?s={search_term_string}\"},\"query-input\":{\"@type\":\"PropertyValueSpecification\",\"valueRequired\":true,\"valueName\":\"search_term_string\"}}],\"inLanguage\":\"es\"},{\"@type\":\"Organization\",\"@id\":\"https:\\\/\\\/patternenergy.com\\\/es\\\/#organization\",\"name\":\"Pattern Energy\",\"url\":\"https:\\\/\\\/patternenergy.com\\\/es\\\/\",\"logo\":{\"@type\":\"ImageObject\",\"inLanguage\":\"es\",\"@id\":\"https:\\\/\\\/patternenergy.com\\\/es\\\/#\\\/schema\\\/logo\\\/image\\\/\",\"url\":\"https:\\\/\\\/patternenergy.com\\\/wp-content\\\/uploads\\\/2022\\\/01\\\/Pattern-Energy-Media-thumbnail-logo.jpg\",\"contentUrl\":\"https:\\\/\\\/patternenergy.com\\\/wp-content\\\/uploads\\\/2022\\\/01\\\/Pattern-Energy-Media-thumbnail-logo.jpg\",\"width\":1200,\"height\":627,\"caption\":\"Pattern Energy\"},\"image\":{\"@id\":\"https:\\\/\\\/patternenergy.com\\\/es\\\/#\\\/schema\\\/logo\\\/image\\\/\"},\"sameAs\":[\"https:\\\/\\\/www.facebook.com\\\/PatternEnergy\\\/\",\"https:\\\/\\\/instagram.com\\\/patternenergy?utm_medium=copy_link\",\"https:\\\/\\\/www.linkedin.com\\\/company\\\/pattern-energy\",\"https:\\\/\\\/www.youtube.com\\\/user\\\/PatternEnergy?app=desktop\",\"https:\\\/\\\/web.cauze.com\\\/company\\\/293\"]}]}<\/script>\n<!-- \/ Yoast SEO plugin. -->","yoast_head_json":{"title":":: Salud y seguridad","description":"No hay nada m\u00e1s importante que nuestra gente vuelva a casa sana y salva al final de cada jornada laboral.","robots":{"index":"index","follow":"follow","max-snippet":"max-snippet:-1","max-image-preview":"max-image-preview:large","max-video-preview":"max-video-preview:-1"},"canonical":"https:\/\/patternenergy.com\/es\/sostenibilidad\/salud-y-seguridad\/","og_locale":"es_ES","og_type":"article","og_title":":: Salud y seguridad","og_description":"No hay nada m\u00e1s importante que nuestra gente vuelva a casa sana y salva al final de cada jornada laboral.","og_url":"https:\/\/patternenergy.com\/es\/sostenibilidad\/salud-y-seguridad\/","og_site_name":"Pattern Energy","article_publisher":"https:\/\/www.facebook.com\/PatternEnergy\/","article_modified_time":"2024-06-15T23:00:40+00:00","og_image":[{"url":"https:\/\/patternenergy.com\/wp-content\/uploads\/2021\/12\/sustainability-3.jpeg","type":"","width":"","height":""}],"twitter_card":"summary_large_image","twitter_misc":{"Tiempo de lectura":"2 minutos"},"schema":{"@context":"https:\/\/schema.org","@graph":[{"@type":"WebPage","@id":"https:\/\/patternenergy.com\/es\/sostenibilidad\/salud-y-seguridad\/","url":"https:\/\/patternenergy.com\/es\/sostenibilidad\/salud-y-seguridad\/","name":":: Salud y seguridad","isPartOf":{"@id":"https:\/\/patternenergy.com\/es\/#website"},"primaryImageOfPage":{"@id":"https:\/\/patternenergy.com\/es\/sostenibilidad\/salud-y-seguridad\/#primaryimage"},"image":{"@id":"https:\/\/patternenergy.com\/es\/sostenibilidad\/salud-y-seguridad\/#primaryimage"},"thumbnailUrl":"https:\/\/patternenergy.com\/wp-content\/uploads\/2021\/12\/sustainability-3.jpeg","datePublished":"2021-12-13T21:43:40+00:00","dateModified":"2024-06-15T23:00:40+00:00","description":"No hay nada m\u00e1s importante que nuestra gente vuelva a casa sana y salva al final de cada jornada laboral.","breadcrumb":{"@id":"https:\/\/patternenergy.com\/es\/sostenibilidad\/salud-y-seguridad\/#breadcrumb"},"inLanguage":"es","potentialAction":[{"@type":"ReadAction","target":["https:\/\/patternenergy.com\/es\/sostenibilidad\/salud-y-seguridad\/"]}]},{"@type":"ImageObject","inLanguage":"es","@id":"https:\/\/patternenergy.com\/es\/sostenibilidad\/salud-y-seguridad\/#primaryimage","url":"https:\/\/patternenergy.com\/wp-content\/uploads\/2021\/12\/sustainability-3.jpeg","contentUrl":"https:\/\/patternenergy.com\/wp-content\/uploads\/2021\/12\/sustainability-3.jpeg"},{"@type":"BreadcrumbList","@id":"https:\/\/patternenergy.com\/es\/sostenibilidad\/salud-y-seguridad\/#breadcrumb","itemListElement":[{"@type":"ListItem","position":1,"name":"Home","item":"https:\/\/patternenergy.com\/es\/"},{"@type":"ListItem","position":2,"name":"Sostenibilidad","item":"https:\/\/patternenergy.com\/es\/sostenibilidad\/"},{"@type":"ListItem","position":3,"name":"Salud y seguridad"}]},{"@type":"WebSite","@id":"https:\/\/patternenergy.com\/es\/#website","url":"https:\/\/patternenergy.com\/es\/","name":"Pattern Energy","description":"Desarrollamos, construimos, poseemos y explotamos proyectos e\u00f3licos, solares, de transmisi\u00f3n y de almacenamiento de energ\u00eda de alta calidad en todo el mundo.","publisher":{"@id":"https:\/\/patternenergy.com\/es\/#organization"},"potentialAction":[{"@type":"SearchAction","target":{"@type":"EntryPoint","urlTemplate":"https:\/\/patternenergy.com\/es\/?s={search_term_string}"},"query-input":{"@type":"PropertyValueSpecification","valueRequired":true,"valueName":"search_term_string"}}],"inLanguage":"es"},{"@type":"Organization","@id":"https:\/\/patternenergy.com\/es\/#organization","name":"Pattern Energy","url":"https:\/\/patternenergy.com\/es\/","logo":{"@type":"ImageObject","inLanguage":"es","@id":"https:\/\/patternenergy.com\/es\/#\/schema\/logo\/image\/","url":"https:\/\/patternenergy.com\/wp-content\/uploads\/2022\/01\/Pattern-Energy-Media-thumbnail-logo.jpg","contentUrl":"https:\/\/patternenergy.com\/wp-content\/uploads\/2022\/01\/Pattern-Energy-Media-thumbnail-logo.jpg","width":1200,"height":627,"caption":"Pattern Energy"},"image":{"@id":"https:\/\/patternenergy.com\/es\/#\/schema\/logo\/image\/"},"sameAs":["https:\/\/www.facebook.com\/PatternEnergy\/","https:\/\/instagram.com\/patternenergy?utm_medium=copy_link","https:\/\/www.linkedin.com\/company\/pattern-energy","https:\/\/www.youtube.com\/user\/PatternEnergy?app=desktop","https:\/\/web.cauze.com\/company\/293"]}]}},"_links":{"self":[{"href":"https:\/\/patternenergy.com\/es\/wp-json\/wp\/v2\/pages\/17244","targetHints":{"allow":["GET"]}}],"collection":[{"href":"https:\/\/patternenergy.com\/es\/wp-json\/wp\/v2\/pages"}],"about":[{"href":"https:\/\/patternenergy.com\/es\/wp-json\/wp\/v2\/types\/page"}],"author":[{"embeddable":true,"href":"https:\/\/patternenergy.com\/es\/wp-json\/wp\/v2\/users\/1"}],"replies":[{"embeddable":true,"href":"https:\/\/patternenergy.com\/es\/wp-json\/wp\/v2\/comments?post=17244"}],"version-history":[{"count":0,"href":"https:\/\/patternenergy.com\/es\/wp-json\/wp\/v2\/pages\/17244\/revisions"}],"up":[{"embeddable":true,"href":"https:\/\/patternenergy.com\/es\/wp-json\/wp\/v2\/pages\/17024"}],"wp:attachment":[{"href":"https:\/\/patternenergy.com\/es\/wp-json\/wp\/v2\/media?parent=17244"}],"curies":[{"name":"wp","href":"https:\/\/api.w.org\/{rel}","templated":true}]}}