{"id":17243,"date":"2022-01-21T15:03:04","date_gmt":"2022-01-21T20:03:04","guid":{"rendered":"https:\/\/patternenergy.com\/dossier-de-prensa\/"},"modified":"2026-04-09T09:17:46","modified_gmt":"2026-04-09T14:17:46","slug":"dossier-de-prensa","status":"publish","type":"page","link":"https:\/\/patternenergy.com\/es\/dossier-de-prensa\/","title":{"rendered":"Dossier de prensa"},"content":{"rendered":"\n<section class=\"textual-content no-space-bottom type-default\" >\n\t\n\t<div class=\"holder block-entry animated\">\n\t\t\n\t\t\t\t\t\t\n\t\t<div class=\"acf-innerblocks-container\">\n\n<h2 class=\"wp-block-heading\"><strong>Patr\u00f3n Energ\u00eda<\/strong><\/h2>\n\n\n\n<p>Pattern Energy es uno de los mayores promotores y operadores privados del mundo de proyectos e\u00f3licos, solares, de transmisi\u00f3n y de almacenamiento de energ\u00eda. Su cartera operativa incluye m\u00e1s de 30 instalaciones de energ\u00eda renovable que utilizan tecnolog\u00eda probada, la mejor de su clase, con una capacidad operativa de casi 6.000 MW en toda Norteam\u00e9rica. Pattern Energy se gu\u00eda por un compromiso a largo plazo de servir a los clientes, proteger el medio ambiente y fortalecer las comunidades. Para m\u00e1s informaci\u00f3n, visita <a href=\"https:\/\/urldefense.com\/v3\/__https:\/c212.net\/c\/link\/?t=0&amp;l=en&amp;o=3941194-1&amp;h=2333560507&amp;u=http*3A*2F*2Fwww.patternenergy.com*2F&amp;a=www.patternenergy.com__;JSUlJQ!!Hp-lr4ZUKYxD!losTV8SDDn2SGiLhpYtLgklxM_9JR-G5-5jepsQPA9ub6tauOzbZ3IxJB_MTvA3FCcUqhZL7-zDUy_Xy_6E6R38CqsqFcg%24\">www.patternenergy.com.<\/a>   <\/p>\n\n\n\n<p>Consultas por correo electr\u00f3nico a <a href=\"mailto:media@patternenergy.com\">media@patternenergy.com<\/a><\/p>\n\n<\/div>\t\t\n\t<\/div>\n<\/section><!-- Textual Content -->\n<section class=\"toggler-outer\" data-title=\"Nuestro liderazgo\">\n    \n    \t\n\t<!-- Start BWL Searchable Accordion -->\n\t<div class=\"holder default_accordion\">\n\t\t\n\t\t\t\t<h3>Nuestro liderazgo<\/h3>\n\t\t\n\t\t<div class=\"accordion_search_container\">\n\t\t\t<input type=\"text\" class=\"accordion_search_input_box search_icon\" value=\"\" placeholder=\"Busca...\" \/>\n        <\/div>\n\t\t<!-- end .bwl_acc_container -->\n\t\t<div class=\"search_result_container\"><\/div>\n\t\t<!-- end .search_result_container -->\n\n\t\t\t\t\t\t<dl class=\"toggle-list type-withimage\">\n\t\t\t\t\t<dt class=\"acc_title_bar\">\n\t\t\t\t\t\t\t\t<figure>\n\t\t\t\t\t<img decoding=\"async\" src=\"https:\/\/patternenergy.com\/wp-content\/uploads\/2022\/10\/Hunter-Armistead.jpg\" alt=\"Hunter Armistead\">\n\t\t\t\t<\/figure>\n\t\t\t\t\t\t\t\t<h5><a href=\"#\">Hunter Armistead<\/a><\/h5>\n\t\t\t<\/dt>\n\t\t\t<dd class=\"block-entry acc_container\">\n\t\t\t\t<p><a href=\"https:\/\/patternenergy.com\/wp-content\/uploads\/2023\/04\/Hunter-Armistead-Media-Kit-2023.zip\">Descargar Media Kit \u00ab<\/a><\/p>\n\t\t\t<\/dd>\n\t\t\t\t\t<dt class=\"acc_title_bar\">\n\t\t\t\t\t\t\t\t<figure>\n\t\t\t\t\t<img decoding=\"async\" src=\"https:\/\/patternenergy.com\/wp-content\/uploads\/2023\/12\/Kristina-Lund.jpg\" alt=\"Kristina Lund\">\n\t\t\t\t<\/figure>\n\t\t\t\t\t\t\t\t<h5><a href=\"#\">Kristina Lund<\/a><\/h5>\n\t\t\t<\/dt>\n\t\t\t<dd class=\"block-entry acc_container\">\n\t\t\t\t<p><a href=\"https:\/\/patternenergy.com\/wp-content\/uploads\/2023\/12\/Kristina-Lund-Medit-Kit.zip\">Descargar Media Kit \u00ab<\/a><\/p>\n\t\t\t<\/dd>\n\t\t\t\t\t<dt class=\"acc_title_bar\">\n\t\t\t\t\t\t\t\t<figure>\n\t\t\t\t\t<img decoding=\"async\" src=\"https:\/\/patternenergy.com\/wp-content\/uploads\/2023\/03\/Cary_Kottler_Web.jpg\" alt=\"Cary Kottler\">\n\t\t\t\t<\/figure>\n\t\t\t\t\t\t\t\t<h5><a href=\"#\">Cary Kottler<\/a><\/h5>\n\t\t\t<\/dt>\n\t\t\t<dd class=\"block-entry acc_container\">\n\t\t\t\t<p><a href=\"https:\/\/patternenergy.com\/wp-content\/uploads\/2025\/02\/Cary-Kottler-Media-Kit-2025.zip\">Descargar Media Kit \u00ab<\/a><\/p>\n\t\t\t<\/dd>\n\t\t\t\t\t<dt class=\"acc_title_bar\">\n\t\t\t\t\t\t\t\t<figure>\n\t\t\t\t\t<img decoding=\"async\" src=\"https:\/\/patternenergy.com\/wp-content\/uploads\/2024\/11\/Matthew-Rhodes-2.jpg\" alt=\"Matthew Rhodes\">\n\t\t\t\t<\/figure>\n\t\t\t\t\t\t\t\t<h5><a href=\"#\">Matthew Rhodes<\/a><\/h5>\n\t\t\t<\/dt>\n\t\t\t<dd class=\"block-entry acc_container\">\n\t\t\t\t<p><a href=\"https:\/\/patternenergy.com\/wp-content\/uploads\/2024\/11\/Matthew-Rhodes-Media-Kit-2024.zip\">Descargar Media Kit \u00ab<\/a><\/p>\n\t\t\t<\/dd>\n\t\t\t\t\t<dt class=\"acc_title_bar\">\n\t\t\t\t\t\t\t\t<figure>\n\t\t\t\t\t<img decoding=\"async\" src=\"https:\/\/patternenergy.com\/wp-content\/uploads\/2023\/01\/Andre-Walker-BW.jpg\" alt=\"Andre Walker\">\n\t\t\t\t<\/figure>\n\t\t\t\t\t\t\t\t<h5><a href=\"#\">Andre Walker<\/a><\/h5>\n\t\t\t<\/dt>\n\t\t\t<dd class=\"block-entry acc_container\">\n\t\t\t\t<p><a href=\"https:\/\/patternenergy.com\/wp-content\/uploads\/2023\/04\/Andre-Walker-Media-Kit-2023.zip\">Descargar Media Kit \u00ab<\/a><\/p>\n\t\t\t<\/dd>\n\t\t\t\t\t<dt class=\"acc_title_bar\">\n\t\t\t\t\t\t\t\t<figure>\n\t\t\t\t\t<img decoding=\"async\" src=\"https:\/\/patternenergy.com\/wp-content\/uploads\/2022\/10\/Sarah_Webster.jpg\" alt=\"Sarah Webster\">\n\t\t\t\t<\/figure>\n\t\t\t\t\t\t\t\t<h5><a href=\"#\">Sarah Webster<\/a><\/h5>\n\t\t\t<\/dt>\n\t\t\t<dd class=\"block-entry acc_container\">\n\t\t\t\t<p><a href=\"https:\/\/patternenergy.com\/wp-content\/uploads\/2025\/02\/Sarah-Webster-Media-Kit.zip\">Descargar Media Kit \u00ab<\/a><\/p>\n\t\t\t<\/dd>\n\t\t\t\t\t<dt class=\"acc_title_bar\">\n\t\t\t\t\t\t\t\t<figure>\n\t\t\t\t\t<img decoding=\"async\" src=\"https:\/\/patternenergy.com\/wp-content\/uploads\/2023\/01\/Justin-Sabrsula-web.jpg\" alt=\"Justin Sabrsula\">\n\t\t\t\t<\/figure>\n\t\t\t\t\t\t\t\t<h5><a href=\"#\">Justin Sabrsula<\/a><\/h5>\n\t\t\t<\/dt>\n\t\t\t<dd class=\"block-entry acc_container\">\n\t\t\t\t<p><a href=\"https:\/\/patternenergy.com\/wp-content\/uploads\/2023\/04\/Justin-Sabrsula-Media-Kit-2023.zip\">Descargar Media Kit \u00ab<\/a><\/p>\n\t\t\t<\/dd>\n\t\t\t\t\t<dt class=\"acc_title_bar\">\n\t\t\t\t\t\t\t\t<figure>\n\t\t\t\t\t<img decoding=\"async\" src=\"https:\/\/patternenergy.com\/wp-content\/uploads\/2024\/04\/Derek-Price_Headshot.jpg\" alt=\"Derek Price\">\n\t\t\t\t<\/figure>\n\t\t\t\t\t\t\t\t<h5><a href=\"#\">Derek Price<\/a><\/h5>\n\t\t\t<\/dt>\n\t\t\t<dd class=\"block-entry acc_container\">\n\t\t\t\t<p><a href=\"https:\/\/patternenergy.com\/wp-content\/uploads\/2024\/04\/Derek-Price-Media-Kit-2024.zip\" target=\"_blank\" rel=\"noopener\">Descargar Media Kit \u00ab<\/a><\/p>\n\t\t\t<\/dd>\n\t\t\t\t\t<dt class=\"acc_title_bar\">\n\t\t\t\t\t\t\t\t<figure>\n\t\t\t\t\t<img decoding=\"async\" src=\"https:\/\/patternenergy.com\/wp-content\/uploads\/2023\/01\/Frank-Davis.jpg\" alt=\"Frank Davis\">\n\t\t\t\t<\/figure>\n\t\t\t\t\t\t\t\t<h5><a href=\"#\">Frank Davis<\/a><\/h5>\n\t\t\t<\/dt>\n\t\t\t<dd class=\"block-entry acc_container\">\n\t\t\t\t<p><a href=\"https:\/\/patternenergy.com\/wp-content\/uploads\/2023\/07\/Frank-Davis-Media-Kit-2023-2.zip\">Descargar Media Kit \u00ab<\/a><\/p>\n\t\t\t<\/dd>\n\t\t\t\t\t<dt class=\"acc_title_bar\">\n\t\t\t\t\t\t\t\t<figure>\n\t\t\t\t\t<img decoding=\"async\" src=\"https:\/\/patternenergy.com\/wp-content\/uploads\/2023\/01\/Jenn-Ritchey.jpg\" alt=\"Jenn Ritchey\">\n\t\t\t\t<\/figure>\n\t\t\t\t\t\t\t\t<h5><a href=\"#\">Jenn Ritchey<\/a><\/h5>\n\t\t\t<\/dt>\n\t\t\t<dd class=\"block-entry acc_container\">\n\t\t\t\t<blockquote><p><a href=\"https:\/\/patternenergy.com\/wp-content\/uploads\/2023\/04\/Jenn-Ritchey-Media-Kit-2023.zip\">Descargar Media Kit \u00ab<\/a><\/p><\/blockquote>\n\t\t\t<\/dd>\n\t\t\t\t\t<dt class=\"acc_title_bar\">\n\t\t\t\t\t\t\t\t<figure>\n\t\t\t\t\t<img decoding=\"async\" src=\"https:\/\/patternenergy.com\/wp-content\/uploads\/2024\/03\/Alvaro-Corena-1-scaled-e1732187763623.jpg\" alt=\"Alvaro Corena\">\n\t\t\t\t<\/figure>\n\t\t\t\t\t\t\t\t<h5><a href=\"#\">\u00c1lvaro Corena<\/a><\/h5>\n\t\t\t<\/dt>\n\t\t\t<dd class=\"block-entry acc_container\">\n\t\t\t\t<p><a href=\"https:\/\/patternenergy.com\/wp-content\/uploads\/2024\/11\/Alvaro-Corena-Media-Kit-2024.zip\">Descargar Media Kit \u00ab<\/a><\/p>\n\t\t\t<\/dd>\n\t\t\t\t<\/dl>\n\t\t\t<\/div>\n\t<!-- End BWL Searchable Accordion -->\n    \n    \t\n<\/section>\n\n<section class=\"textual-content no-space-bottom type-default\" data-title=\"Compromisos\">\n\t\n\t<div class=\"holder block-entry animated\">\n\t\t\n\t\t\t\t\t\t\n\t\t<div class=\"acf-innerblocks-container\">\n\n<h2 class=\"wp-block-heading\"><strong>Nuestros compromisos<\/strong><\/h2>\n\n<\/div>\t\t\n\t<\/div>\n<\/section><!-- Textual Content -->\n<section class=\"textual-content bigger-space type-default\" >\n\t\n\t<div class=\"holder block-entry animated\">\n\t\t\n\t\t\t\t\t\t\n\t\t<div class=\"acf-innerblocks-container\">\n\n<div class=\"wp-block-columns is-layout-flex wp-container-core-columns-is-layout-9d6595d7 wp-block-columns-is-layout-flex\">\n<div class=\"wp-block-column is-layout-flow wp-block-column-is-layout-flow\">\n<p>Salud y seguridad<\/p>\n\n\n\n<div class=\"wp-block-buttons is-layout-flex wp-block-buttons-is-layout-flex\">\n<div class=\"wp-block-button\"><a class=\"wp-block-button__link wp-element-button\" href=\"https:\/\/patternenergy.com\/es\/sostenibilidad\/salud-y-seguridad\/\">declaraci\u00f3n de compromiso<\/a><\/div>\n<\/div>\n<\/div>\n\n\n\n<div class=\"wp-block-column is-layout-flow wp-block-column-is-layout-flow\">\n<p>Comunidad y cultura<\/p>\n\n\n\n<div class=\"wp-block-buttons is-layout-flex wp-block-buttons-is-layout-flex\">\n<div class=\"wp-block-button\"><a class=\"wp-block-button__link wp-element-button\" href=\"https:\/\/patternenergy.com\/es\/sostenibilidad\/comunidad-y-cultura\/\">declaraci\u00f3n de compromiso<\/a><\/div>\n<\/div>\n<\/div>\n<\/div>\n\n\n\n<div class=\"wp-block-columns is-layout-flex wp-container-core-columns-is-layout-9d6595d7 wp-block-columns-is-layout-flex\">\n<div class=\"wp-block-column is-layout-flow wp-block-column-is-layout-flow\">\n<p>Diversidad, equidad e inclusi\u00f3n<\/p>\n\n\n\n<div class=\"wp-block-buttons is-layout-flex wp-block-buttons-is-layout-flex\">\n<div class=\"wp-block-button\"><a class=\"wp-block-button__link wp-element-button\" href=\"https:\/\/patternenergy.com\/es\/sostenibilidad\/diversidad-equidad-e-inclusion\/\">declaraci\u00f3n de compromiso<\/a><\/div>\n<\/div>\n<\/div>\n\n\n\n<div class=\"wp-block-column is-layout-flow wp-block-column-is-layout-flow\">\n<p>Gesti\u00f3n medioambiental<\/p>\n\n\n\n<div class=\"wp-block-buttons is-layout-flex wp-block-buttons-is-layout-flex\">\n<div class=\"wp-block-button\"><a class=\"wp-block-button__link wp-element-button\" href=\"https:\/\/patternenergy.com\/es\/sostenibilidad\/gestion-medioambiental\/\">declaraci\u00f3n de compromiso<\/a><\/div>\n<\/div>\n<\/div>\n<\/div>\n\n<\/div>\t\t\n\t<\/div>\n<\/section><!-- Textual Content -->\n<section class=\"textual-content no-space type-default\" >\n\t\n\t<div class=\"holder block-entry animated\">\n\t\t\n\t\t\t\t\t\t\n\t\t<div class=\"acf-innerblocks-container\">\n\n<h2 class=\"wp-block-heading\"><strong>Patr\u00f3n Energ\u00eda<\/strong><\/h2>\n\n<\/div>\t\t\n\t<\/div>\n<\/section><!-- Textual Content -->\n<section class=\"textual-content no-space-top type-default\" >\n\t\n\t<div class=\"holder block-entry animated\">\n\t\t\n\t\t\t\t\t\t\n\t\t<div class=\"acf-innerblocks-container\">\n\n<div class=\"wp-block-columns is-layout-flex wp-container-core-columns-is-layout-9d6595d7 wp-block-columns-is-layout-flex\">\n<div class=\"wp-block-column is-layout-flow wp-block-column-is-layout-flow\">\n<p>Logotipo<\/p>\n\n\n\n<div class=\"wp-block-buttons is-layout-flex wp-block-buttons-is-layout-flex\">\n<div class=\"wp-block-button\"><a class=\"wp-block-button__link wp-element-button\" href=\"https:\/\/patternenergy.com\/wp-content\/uploads\/2022\/10\/Pattern-Energy-Logo.zip\">Descargar suite<\/a><\/div>\n<\/div>\n<\/div>\n<\/div>\n\n<\/div>\t\t\n\t<\/div>\n<\/section><!-- Textual Content -->\n<section class=\"textual-content cta-content no-decoration type-alternative\" >\n\t\n\t<div class=\"holder block-entry animated\">\n\t\t\n\t\t\t\t<div class=\"circles\">\n\t\t\t<span class=\"bigger parallax\" data-scale=\"0.00015\"><\/span>\n\t\t<\/div>\n\t\t\t\t\t\t\n\t\t<div class=\"acf-innerblocks-container\">\n\n<div class=\"wp-block-columns is-layout-flex wp-container-core-columns-is-layout-9d6595d7 wp-block-columns-is-layout-flex\">\n<div class=\"wp-block-column is-layout-flow wp-block-column-is-layout-flow\" style=\"flex-basis:50%\">\n<h3 class=\"wp-block-heading\">Foto y comunicado de prensa<\/h3>\n\n\n\n<p>Pattern Energy solicita que toda persona cuya imagen, semejanza o declaraciones puedan utilizarse p\u00fablicamente en nuestro nombre firme una autorizaci\u00f3n para fotograf\u00edas y medios de comunicaci\u00f3n. Si tienes alguna pregunta, ponte en contacto con <a href=\"mailto:communications@patternenergy.com\">communications@patternenergy.com<\/a>. <\/p>\n\n\n\n<div class=\"wp-block-buttons is-layout-flex wp-block-buttons-is-layout-flex\">\n<div class=\"wp-block-button\"><a class=\"wp-block-button__link wp-element-button\" href=\"https:\/\/patternenergy.com\/es\/consentimiento-personal-y-autorizacion\/\" target=\"_blank\" rel=\"noreferrer noopener\">Firma aqu\u00ed<\/a><\/div>\n<\/div>\n<\/div>\n<\/div>\n\n<\/div>\t\t\n\t<\/div>\n<\/section><!-- Textual Content -->","protected":false},"excerpt":{"rendered":"","protected":false},"author":1,"featured_media":0,"parent":0,"menu_order":52,"comment_status":"closed","ping_status":"closed","template":"","meta":{"_acf_changed":false,"footnotes":""},"class_list":["post-17243","page","type-page","status-publish","hentry"],"acf":[],"yoast_head":"<!-- This site is optimized with the Yoast SEO plugin v27.4 - https:\/\/yoast.com\/product\/yoast-seo-wordpress\/ -->\n<title>:: Dossier de prensa<\/title>\n<meta name=\"description\" content=\"Consultas por correo electr\u00f3nico a media@patternenergy.com\" \/>\n<meta name=\"robots\" content=\"index, follow, max-snippet:-1, max-image-preview:large, max-video-preview:-1\" \/>\n<link rel=\"canonical\" href=\"https:\/\/patternenergy.com\/es\/dossier-de-prensa\/\" \/>\n<meta property=\"og:locale\" content=\"es_ES\" \/>\n<meta property=\"og:type\" content=\"article\" \/>\n<meta property=\"og:title\" content=\"Dossier de prensa - %\" \/>\n<meta property=\"og:description\" content=\"Consultas por correo electr\u00f3nico a media@patternenergy.com\" \/>\n<meta property=\"og:url\" content=\"https:\/\/patternenergy.com\/es\/dossier-de-prensa\/\" \/>\n<meta property=\"og:site_name\" content=\"Pattern Energy\" \/>\n<meta property=\"article:publisher\" content=\"https:\/\/www.facebook.com\/PatternEnergy\/\" \/>\n<meta property=\"article:modified_time\" content=\"2026-04-09T14:17:46+00:00\" \/>\n<meta property=\"og:image\" content=\"https:\/\/patternenergy.com\/wp-content\/uploads\/2022\/01\/Pattern-Energy-Media-thumbnail-logo-1024x535.jpg\" \/>\n<meta name=\"twitter:card\" content=\"summary_large_image\" \/>\n<meta name=\"twitter:title\" content=\"Dossier de prensa - %\" \/>\n<meta name=\"twitter:image\" content=\"https:\/\/patternenergy.com\/wp-content\/uploads\/2022\/01\/Pattern-Energy-Media-thumbnail-logo-1024x535.jpg\" \/>\n<meta name=\"twitter:label1\" content=\"Tiempo de lectura\" \/>\n\t<meta name=\"twitter:data1\" content=\"1 minuto\" \/>\n<script type=\"application\/ld+json\" class=\"yoast-schema-graph\">{\"@context\":\"https:\\\/\\\/schema.org\",\"@graph\":[{\"@type\":\"WebPage\",\"@id\":\"https:\\\/\\\/patternenergy.com\\\/es\\\/dossier-de-prensa\\\/\",\"url\":\"https:\\\/\\\/patternenergy.com\\\/es\\\/dossier-de-prensa\\\/\",\"name\":\":: Dossier de prensa\",\"isPartOf\":{\"@id\":\"https:\\\/\\\/patternenergy.com\\\/es\\\/#website\"},\"datePublished\":\"2022-01-21T20:03:04+00:00\",\"dateModified\":\"2026-04-09T14:17:46+00:00\",\"description\":\"Consultas por correo electr\u00f3nico a media@patternenergy.com\",\"breadcrumb\":{\"@id\":\"https:\\\/\\\/patternenergy.com\\\/es\\\/dossier-de-prensa\\\/#breadcrumb\"},\"inLanguage\":\"es\",\"potentialAction\":[{\"@type\":\"ReadAction\",\"target\":[\"https:\\\/\\\/patternenergy.com\\\/es\\\/dossier-de-prensa\\\/\"]}]},{\"@type\":\"BreadcrumbList\",\"@id\":\"https:\\\/\\\/patternenergy.com\\\/es\\\/dossier-de-prensa\\\/#breadcrumb\",\"itemListElement\":[{\"@type\":\"ListItem\",\"position\":1,\"name\":\"Home\",\"item\":\"https:\\\/\\\/patternenergy.com\\\/es\\\/\"},{\"@type\":\"ListItem\",\"position\":2,\"name\":\"Dossier de prensa\"}]},{\"@type\":\"WebSite\",\"@id\":\"https:\\\/\\\/patternenergy.com\\\/es\\\/#website\",\"url\":\"https:\\\/\\\/patternenergy.com\\\/es\\\/\",\"name\":\"Pattern Energy\",\"description\":\"Desarrollamos, construimos, poseemos y explotamos proyectos e\u00f3licos, solares, de transmisi\u00f3n y de almacenamiento de energ\u00eda de alta calidad en todo el mundo.\",\"publisher\":{\"@id\":\"https:\\\/\\\/patternenergy.com\\\/es\\\/#organization\"},\"potentialAction\":[{\"@type\":\"SearchAction\",\"target\":{\"@type\":\"EntryPoint\",\"urlTemplate\":\"https:\\\/\\\/patternenergy.com\\\/es\\\/?s={search_term_string}\"},\"query-input\":{\"@type\":\"PropertyValueSpecification\",\"valueRequired\":true,\"valueName\":\"search_term_string\"}}],\"inLanguage\":\"es\"},{\"@type\":\"Organization\",\"@id\":\"https:\\\/\\\/patternenergy.com\\\/es\\\/#organization\",\"name\":\"Pattern Energy\",\"url\":\"https:\\\/\\\/patternenergy.com\\\/es\\\/\",\"logo\":{\"@type\":\"ImageObject\",\"inLanguage\":\"es\",\"@id\":\"https:\\\/\\\/patternenergy.com\\\/es\\\/#\\\/schema\\\/logo\\\/image\\\/\",\"url\":\"https:\\\/\\\/patternenergy.com\\\/wp-content\\\/uploads\\\/2022\\\/01\\\/Pattern-Energy-Media-thumbnail-logo.jpg\",\"contentUrl\":\"https:\\\/\\\/patternenergy.com\\\/wp-content\\\/uploads\\\/2022\\\/01\\\/Pattern-Energy-Media-thumbnail-logo.jpg\",\"width\":1200,\"height\":627,\"caption\":\"Pattern Energy\"},\"image\":{\"@id\":\"https:\\\/\\\/patternenergy.com\\\/es\\\/#\\\/schema\\\/logo\\\/image\\\/\"},\"sameAs\":[\"https:\\\/\\\/www.facebook.com\\\/PatternEnergy\\\/\",\"https:\\\/\\\/instagram.com\\\/patternenergy?utm_medium=copy_link\",\"https:\\\/\\\/www.linkedin.com\\\/company\\\/pattern-energy\",\"https:\\\/\\\/www.youtube.com\\\/user\\\/PatternEnergy?app=desktop\",\"https:\\\/\\\/web.cauze.com\\\/company\\\/293\"]}]}<\/script>\n<!-- \/ Yoast SEO plugin. -->","yoast_head_json":{"title":":: Dossier de prensa","description":"Consultas por correo electr\u00f3nico a media@patternenergy.com","robots":{"index":"index","follow":"follow","max-snippet":"max-snippet:-1","max-image-preview":"max-image-preview:large","max-video-preview":"max-video-preview:-1"},"canonical":"https:\/\/patternenergy.com\/es\/dossier-de-prensa\/","og_locale":"es_ES","og_type":"article","og_title":"Dossier de prensa - %","og_description":"Consultas por correo electr\u00f3nico a media@patternenergy.com","og_url":"https:\/\/patternenergy.com\/es\/dossier-de-prensa\/","og_site_name":"Pattern Energy","article_publisher":"https:\/\/www.facebook.com\/PatternEnergy\/","article_modified_time":"2026-04-09T14:17:46+00:00","og_image":[{"url":"https:\/\/patternenergy.com\/wp-content\/uploads\/2022\/01\/Pattern-Energy-Media-thumbnail-logo-1024x535.jpg","type":"","width":"","height":""}],"twitter_card":"summary_large_image","twitter_title":"Dossier de prensa - %","twitter_image":"https:\/\/patternenergy.com\/wp-content\/uploads\/2022\/01\/Pattern-Energy-Media-thumbnail-logo-1024x535.jpg","twitter_misc":{"Tiempo de lectura":"1 minuto"},"schema":{"@context":"https:\/\/schema.org","@graph":[{"@type":"WebPage","@id":"https:\/\/patternenergy.com\/es\/dossier-de-prensa\/","url":"https:\/\/patternenergy.com\/es\/dossier-de-prensa\/","name":":: Dossier de prensa","isPartOf":{"@id":"https:\/\/patternenergy.com\/es\/#website"},"datePublished":"2022-01-21T20:03:04+00:00","dateModified":"2026-04-09T14:17:46+00:00","description":"Consultas por correo electr\u00f3nico a media@patternenergy.com","breadcrumb":{"@id":"https:\/\/patternenergy.com\/es\/dossier-de-prensa\/#breadcrumb"},"inLanguage":"es","potentialAction":[{"@type":"ReadAction","target":["https:\/\/patternenergy.com\/es\/dossier-de-prensa\/"]}]},{"@type":"BreadcrumbList","@id":"https:\/\/patternenergy.com\/es\/dossier-de-prensa\/#breadcrumb","itemListElement":[{"@type":"ListItem","position":1,"name":"Home","item":"https:\/\/patternenergy.com\/es\/"},{"@type":"ListItem","position":2,"name":"Dossier de prensa"}]},{"@type":"WebSite","@id":"https:\/\/patternenergy.com\/es\/#website","url":"https:\/\/patternenergy.com\/es\/","name":"Pattern Energy","description":"Desarrollamos, construimos, poseemos y explotamos proyectos e\u00f3licos, solares, de transmisi\u00f3n y de almacenamiento de energ\u00eda de alta calidad en todo el mundo.","publisher":{"@id":"https:\/\/patternenergy.com\/es\/#organization"},"potentialAction":[{"@type":"SearchAction","target":{"@type":"EntryPoint","urlTemplate":"https:\/\/patternenergy.com\/es\/?s={search_term_string}"},"query-input":{"@type":"PropertyValueSpecification","valueRequired":true,"valueName":"search_term_string"}}],"inLanguage":"es"},{"@type":"Organization","@id":"https:\/\/patternenergy.com\/es\/#organization","name":"Pattern Energy","url":"https:\/\/patternenergy.com\/es\/","logo":{"@type":"ImageObject","inLanguage":"es","@id":"https:\/\/patternenergy.com\/es\/#\/schema\/logo\/image\/","url":"https:\/\/patternenergy.com\/wp-content\/uploads\/2022\/01\/Pattern-Energy-Media-thumbnail-logo.jpg","contentUrl":"https:\/\/patternenergy.com\/wp-content\/uploads\/2022\/01\/Pattern-Energy-Media-thumbnail-logo.jpg","width":1200,"height":627,"caption":"Pattern Energy"},"image":{"@id":"https:\/\/patternenergy.com\/es\/#\/schema\/logo\/image\/"},"sameAs":["https:\/\/www.facebook.com\/PatternEnergy\/","https:\/\/instagram.com\/patternenergy?utm_medium=copy_link","https:\/\/www.linkedin.com\/company\/pattern-energy","https:\/\/www.youtube.com\/user\/PatternEnergy?app=desktop","https:\/\/web.cauze.com\/company\/293"]}]}},"_links":{"self":[{"href":"https:\/\/patternenergy.com\/es\/wp-json\/wp\/v2\/pages\/17243","targetHints":{"allow":["GET"]}}],"collection":[{"href":"https:\/\/patternenergy.com\/es\/wp-json\/wp\/v2\/pages"}],"about":[{"href":"https:\/\/patternenergy.com\/es\/wp-json\/wp\/v2\/types\/page"}],"author":[{"embeddable":true,"href":"https:\/\/patternenergy.com\/es\/wp-json\/wp\/v2\/users\/1"}],"replies":[{"embeddable":true,"href":"https:\/\/patternenergy.com\/es\/wp-json\/wp\/v2\/comments?post=17243"}],"version-history":[{"count":3,"href":"https:\/\/patternenergy.com\/es\/wp-json\/wp\/v2\/pages\/17243\/revisions"}],"predecessor-version":[{"id":25799,"href":"https:\/\/patternenergy.com\/es\/wp-json\/wp\/v2\/pages\/17243\/revisions\/25799"}],"wp:attachment":[{"href":"https:\/\/patternenergy.com\/es\/wp-json\/wp\/v2\/media?parent=17243"}],"curies":[{"name":"wp","href":"https:\/\/api.w.org\/{rel}","templated":true}]}}