{"id":17240,"date":"2022-08-26T20:56:09","date_gmt":"2022-08-27T01:56:09","guid":{"rendered":"https:\/\/patternenergy.com\/documentos-de-solicitud-de-sunzia\/"},"modified":"2024-06-12T13:45:55","modified_gmt":"2024-06-12T18:45:55","slug":"documentos-de-solicitud-de-sunzia","status":"publish","type":"page","link":"https:\/\/patternenergy.com\/es\/documentos-de-solicitud-de-sunzia\/","title":{"rendered":"Documentos de solicitud de SunZia"},"content":{"rendered":"\n<section class=\"textual-content type-default\" >\n\t\n\t<div class=\"holder block-entry animated\">\n\t\t\n\t\t\t\t\t\t\n\t\t<div class=\"acf-innerblocks-container\">\n\n<h2 class=\"wp-block-heading\">2022 Corona Generation Expansion, Caso n\u00ba 22-00202-UT<\/h2>\n\n\n\n<p>Testimonio y pruebas de Adam Cernea Clark \u00bb <a href=\"https:\/\/patternenergy.com\/wp-content\/uploads\/2022\/09\/Adam-Cernea-Clark-Testimony-Exhibits.pdf\" target=\"_blank\" rel=\"noreferrer noopener\">Leer m\u00e1s<\/a><\/p>\n\n\n\n<p>Testimonio y pruebas de Jeremy Turner \u00bb <a href=\"https:\/\/patternenergy.com\/wp-content\/uploads\/2022\/09\/Jeremy-Turner-Testimony-Exhibits.pdf\" target=\"_blank\" rel=\"noreferrer noopener\">Leer m\u00e1s<\/a><\/p>\n\n\n\n<p>Solicitud conjunta y pruebas documentales \u00bb <a href=\"https:\/\/patternenergy.com\/wp-content\/uploads\/2022\/09\/Joint-Application-Exhibits.pdf\" target=\"_blank\" rel=\"noreferrer noopener\">M\u00e1s informaci\u00f3n<\/a><\/p>\n\n\n\n<p>Testimonio y pruebas de Makena Caruso \u00bb <a href=\"https:\/\/patternenergy.com\/wp-content\/uploads\/2022\/09\/Makena-Caruso-Testimony-Exhibits.pdf\" target=\"_blank\" rel=\"noreferrer noopener\">Leer m\u00e1s<\/a><\/p>\n\n\n\n<p><\/p>\n\n\n\n<h2 class=\"wp-block-heading\"><br\/>Corona Wind North, Caso n\u00ba 22-00101-UT<\/h2>\n\n\n\n<p><strong>Solicitud conjunta y pruebas documentales<\/strong> \u00bb <a href=\"https:\/\/patternenergy.com\/wp-content\/uploads\/2022\/08\/Corona-Wind-North-Joint-Application-Joint-Application-Exhibits.pdf\" target=\"_blank\" rel=\"noreferrer noopener\">M\u00e1s informaci\u00f3n<\/a><\/p>\n\n\n\n<p><strong>Testimonio directo y pruebas de Crystal Coffman<\/strong> \u00bb <a href=\"https:\/\/patternenergy.com\/wp-content\/uploads\/2022\/08\/Corona-Wind-North-Crystal-Coffman-Testimony-Exhibit.pdf\" target=\"_blank\" rel=\"noreferrer noopener\">Leer m\u00e1s<\/a><\/p>\n\n\n\n<p><strong>Testimonio directo y pruebas de Jeremy Turner<\/strong> \u00bb <a href=\"https:\/\/patternenergy.com\/wp-content\/uploads\/2022\/08\/Corona-Wind-North-Jeremy-Turner-Testimony-Exhibits.pdf\" target=\"_blank\" rel=\"noreferrer noopener\">Leer m\u00e1s<\/a><\/p>\n\n\n\n<p><strong>Testimonio directo y pruebas de Adam Cernea Clark<\/strong> \u00bb <a href=\"https:\/\/patternenergy.com\/wp-content\/uploads\/2022\/08\/Corona-Wind-North-Adam-Cernea-Clark-Testimony-Exhibits.pdf\" target=\"_blank\" rel=\"noreferrer noopener\">Leer m\u00e1s<\/a><\/p>\n\n\n\n<p><strong>Testimonio directo y pruebas de Nathan Olday<\/strong> \u00bb <a href=\"https:\/\/patternenergy.com\/wp-content\/uploads\/2022\/08\/Corona-Wind-North-Nathan-Olday-Testimony-Exhibit.pdf\" target=\"_blank\" rel=\"noreferrer noopener\">Leer m\u00e1s<\/a><\/p>\n\n\n\n<p><strong>Testimonio directo y pruebas de Greg<\/strong> Parent \u00bb <a href=\"https:\/\/patternenergy.com\/wp-content\/uploads\/2022\/08\/Corona-Wind-North-Greg-Parent-Testimony-Exhibit.pdf\" target=\"_blank\" rel=\"noreferrer noopener\">Leer m\u00e1s<\/a><\/p>\n\n\n\n<p><\/p>\n\n\n\n<p><\/p>\n\n\n\n<h2 class=\"wp-block-heading\"><br\/>Corona Wind, Caso n\u00ba 21-00281-UT<\/h2>\n\n\n\n<p>Testimonio y pruebas de Adam Cernea Clark \u00bb <a href=\"https:\/\/patternenergy.com\/wp-content\/uploads\/2022\/09\/Adam-Cernea-Clark-Testimony-Exhibits-1.pdf\" target=\"_blank\" rel=\"noreferrer noopener\">Leer m\u00e1s<\/a><\/p>\n\n\n\n<p>Testimonio y pruebas de Crystal Coffman \u00bb <a href=\"https:\/\/patternenergy.com\/wp-content\/uploads\/2022\/09\/Crystal-Coffman-Testimony-Exhibits.pdf\" target=\"_blank\" rel=\"noreferrer noopener\">Leer m\u00e1s<\/a><\/p>\n\n\n\n<p>Informe medioambiental \u00bb <a href=\"https:\/\/patternenergy.com\/wp-content\/uploads\/2022\/09\/Environmental-Report.pdf\" target=\"_blank\" rel=\"noreferrer noopener\">M\u00e1s informaci\u00f3n<\/a><\/p>\n\n\n\n<p>Testimonio y exposici\u00f3n de Greg Parent \u00bb <a href=\"https:\/\/patternenergy.com\/wp-content\/uploads\/2022\/09\/Greg-Parent-Testimony-Exhibit.pdf\" target=\"_blank\" rel=\"noreferrer noopener\">M\u00e1s informaci\u00f3n<\/a><\/p>\n\n\n\n<p>Testimonio y exposici\u00f3n de Jeremy Turner \u00bb <a href=\"https:\/\/patternenergy.com\/wp-content\/uploads\/2022\/09\/Jeremy-Turner-Testimony-Exhibit.pdf\" target=\"_blank\" rel=\"noreferrer noopener\">Leer m\u00e1s<\/a><\/p>\n\n\n\n<p>Solicitud conjunta y anexos de solicitud conjunta \u00bb <a href=\"https:\/\/patternenergy.com\/wp-content\/uploads\/2022\/09\/Joint-Application-Joint-Application-Exhibits.pdf\" target=\"_blank\" rel=\"noreferrer noopener\">Leer m\u00e1s<\/a><\/p>\n\n\n\n<p>Testimonio de Nathan Olday \u00bb <a href=\"https:\/\/patternenergy.com\/wp-content\/uploads\/2022\/09\/Nathan-Olday-Testimony.pdf\" target=\"_blank\" rel=\"noreferrer noopener\">Leer m\u00e1s<\/a><\/p>\n\n\n\n<p><\/p>\n\n\n\n<p><br\/><br\/>En marzo de 2018, Pattern Energy present\u00f3 una solicitud de control de ubicaci\u00f3n a la PRC para los Proyectos E\u00f3licos Corona que se ubicar\u00e1n cerca de Corona en el condado de Lincoln. A continuaci\u00f3n encontrar\u00e1 material relacionado con esta solicitud.<\/p>\n\n\n\n<p><em>Solicitud Conjunta Modificada para la Aprobaci\u00f3n del Emplazamiento de la Expansi\u00f3n de los Proyectos Corona Wind Reconfiguraci\u00f3n del Sistema Corona Gen-Tie Propuesto, Extensi\u00f3n del Sistema Corona Gen-Tie y Solicitud de Determinaci\u00f3n del Derecho de Paso<\/em>. El original fue presentado el 20 de diciembre de 2019 con el n\u00famero de caso 18-00065-UT. Los documentos se han corregido para reflejar el nuevo t\u00edtulo y n\u00famero de asunto y se han presentado ante la NMPRC.<\/p>\n\n\n\n<p><strong>Solicitud conjunta modificada<\/strong><\/p>\n\n\n\n<ul class=\"wp-block-list\">\n<li>1 de 6 : <a href=\"https:\/\/patternenergy.com\/wp-content\/uploads\/2022\/08\/Case_No._20-00008-UT_Joint_App._new_caption_Part_1_of_6.pdf\" target=\"_blank\" rel=\"noreferrer noopener\">Ver solicitud conjunta<\/a> <\/li>\n\n\n\n<li>2 de 6 : <a href=\"https:\/\/patternenergy.com\/wp-content\/uploads\/2022\/08\/Case_No._20-00008-UT_Joint_App._new_caption_Part_2_of_6.pdf\" target=\"_blank\" rel=\"noreferrer noopener\">Ver solicitud conjunta<\/a> <\/li>\n\n\n\n<li>3 de 6 : <a href=\"https:\/\/patternenergy.com\/wp-content\/uploads\/2022\/08\/Case_No._20-00008-UT_Joint_App._new_caption_Part_3_of_6.pdf\" target=\"_blank\" rel=\"noreferrer noopener\">Ver solicitud conjunta<\/a> <\/li>\n\n\n\n<li>4 de 6 : <a href=\"https:\/\/patternenergy.com\/wp-content\/uploads\/2022\/08\/Pages_from_Pages_from_Case_No._20-00008-UT_Joint_App._new_caption_Part_5_of_6-2.pdf\" target=\"_blank\" rel=\"noreferrer noopener\">Ver solicitud conjunta<\/a> <\/li>\n\n\n\n<li>5 de 6 : <a href=\"https:\/\/patternenergy.com\/wp-content\/uploads\/2022\/08\/Pages_from_Pages_from_Case_No._20-00008-UT_Joint_App._new_caption_Part_5_of_6.pdf\" target=\"_blank\" rel=\"noreferrer noopener\">Ver solicitud conjunta<\/a> <\/li>\n\n\n\n<li>6 de 6 : <a href=\"https:\/\/patternenergy.com\/wp-content\/uploads\/2022\/08\/Case_No._20-00008-UT_Joint_App._new_caption_Part_6_of_6.pdf\" target=\"_blank\" rel=\"noreferrer noopener\">Ver solicitud conjunta<\/a><\/li>\n<\/ul>\n\n\n\n<p><strong>Solicitud conjunta | Presentada el 20 de diciembre de 2019<\/strong> \u00bb <a href=\"https:\/\/patternenergy.com\/wp-content\/uploads\/2022\/08\/Joint_Application._Filed._12.20.19-1-compressed.pdf.zip\">Leer m\u00e1s<\/a><\/p>\n\n\n\n<p><strong>Anuncio de procedimiento y audiencia<\/strong> \u00bb <a href=\"https:\/\/patternenergy.com\/wp-content\/uploads\/2022\/08\/CoronaNotice_-_4-12-18.pdf\" target=\"_blank\" rel=\"noreferrer noopener\">Leer m\u00e1s<\/a><\/p>\n\n\n\n<p><strong>Aplicaci\u00f3n<\/strong><\/p>\n\n\n\n<p>Solicitud conjunta de aprobaci\u00f3n del emplazamiento de los proyectos Corona Wind, Corona Gen-Tie System y solicitud de determinaci\u00f3n del derecho de paso.  <a href=\"https:\/\/patternenergy.com\/wp-content\/uploads\/2022\/08\/Application.pdf\" target=\"_blank\" rel=\"noreferrer noopener\">Seguir leyendo<\/a><\/p>\n\n\n\n<p><strong>Aviso<\/strong><\/p>\n\n\n\n<p>Solicitud conjunta de aprobaci\u00f3n del emplazamiento de los proyectos Corona Wind, Corona Gen-Tie System y solicitud de determinaci\u00f3n del derecho de paso.  <a href=\"https:\/\/patternenergy.com\/wp-content\/uploads\/2022\/08\/Notice.pdf\" target=\"_blank\" rel=\"noreferrer noopener\">Seguir leyendo<\/a><\/p>\n\n\n\n<p><strong>Testimonio directo y pruebas de Crystal Coffman<\/strong><\/p>\n\n\n\n<p>En nombre de las empresas de Corona Wind  <\/p>\n\n\n\n<p><a href=\"https:\/\/patternenergy.com\/wp-content\/uploads\/2022\/08\/Direct_Testimony_-_Crystal_Coffman.pdf\" target=\"_blank\" rel=\"noreferrer noopener\">Seguir leyendo<\/a><\/p>\n\n\n\n<p><strong>Testimonio directo y pruebas de Adam Cernea Clark<\/strong><\/p>\n\n\n\n<p>En nombre de las empresas de Corana Wind  <\/p>\n\n\n\n<p><a href=\"https:\/\/patternenergy.com\/wp-content\/uploads\/2022\/08\/Direct_Testimony_-_Adam_Cernea.pdf\" target=\"_blank\" rel=\"noreferrer noopener\">Seguir leyendo<\/a><\/p>\n\n\n\n<p><strong>Testimonio directo y pruebas de Ward Marshall<\/strong><\/p>\n\n\n\n<p>En nombre de las empresas de Corona Wind  <\/p>\n\n\n\n<p><a href=\"https:\/\/patternenergy.com\/wp-content\/uploads\/2022\/08\/Direct_Testimony_-_Ward_Marshall.pdf\" target=\"_blank\" rel=\"noreferrer noopener\">Seguir leyendo<\/a><\/p>\n\n\n\n<p><strong>Testimonio directo y pruebas de Derek Price<\/strong><\/p>\n\n\n\n<p>En nombre de las empresas de Corona Wind  <\/p>\n\n\n\n<p><a href=\"https:\/\/patternenergy.com\/wp-content\/uploads\/2022\/08\/Direct_Testimony_-_Derek_Price.pdf\" target=\"_blank\" rel=\"noreferrer noopener\">Seguir leyendo<\/a><\/p>\n\n\n\n<p><strong>Testimonio directo de Stan Gray<\/strong><\/p>\n\n\n\n<p>En nombre de las empresas de Corona Wind  <\/p>\n\n\n\n<p><a href=\"https:\/\/patternenergy.com\/wp-content\/uploads\/2022\/08\/Direct_Testimony_-_Stanley_Gray.pdf\" target=\"_blank\" rel=\"noreferrer noopener\">Seguir leyendo<\/a><\/p>\n\n\n\n<p><strong>Testimonio directo y pruebas de Christopher Knopp<\/strong><\/p>\n\n\n\n<p>En nombre de las empresas de Corona Wind  <\/p>\n\n\n\n<p><a href=\"https:\/\/patternenergy.com\/wp-content\/uploads\/2022\/08\/Direct_Testimony_-_Christopher_Knopp.pdf\" target=\"_blank\" rel=\"noreferrer noopener\">Seguir leyendo<\/a><\/p>\n\n\n\n<p><strong>Testimonio directo y pruebas de John Tysseling<\/strong> <\/p>\n\n\n\n<p>En nombre de las empresas de Corona Wind  <\/p>\n\n\n\n<p><a href=\"https:\/\/patternenergy.com\/wp-content\/uploads\/2022\/08\/Direct_Testimony_-_John_C_Tysseling.pdf\" target=\"_blank\" rel=\"noreferrer noopener\">Seguir leyendo<\/a><\/p>\n\n\n\n<p><\/p>\n\n\n\n<p><strong>Estudio final de impacto fiscal y<\/strong> econ\u00f3mico \u00bb <a href=\"https:\/\/patternenergy.com\/wp-content\/uploads\/2022\/08\/final_fiscal_and_economic_impact_study.pdf\" target=\"_blank\" rel=\"noreferrer noopener\">M\u00e1s informaci\u00f3n<\/a><\/p>\n\n\n\n<p><strong>Testimonio directo suplementario de Greg Parent<\/strong> \u00bb <a href=\"https:\/\/patternenergy.com\/wp-content\/uploads\/2022\/08\/Case_No_18-00065-UT_-_Supplemental_Testimony_of_Greg_Parent_05.18.18.pdf\" target=\"_blank\" rel=\"noreferrer noopener\">Leer m\u00e1s<\/a><\/p>\n\n\n\n<p><strong>Aviso de erratas &#8211; Testimonio directo de Adam Cernea Clark<\/strong> \u00bb <a href=\"https:\/\/patternenergy.com\/wp-content\/uploads\/2022\/08\/Errata_Notice_-_Direct_Testimony_of_Adam_Cernea_Clark.pdf\" target=\"_blank\" rel=\"noreferrer noopener\">Leer m\u00e1s<\/a><\/p>\n\n\n\n<p><strong>Fe de erratas &#8211; Testimonio directo de Crystal Coffman<\/strong> \u00bb <a href=\"https:\/\/patternenergy.com\/wp-content\/uploads\/2022\/08\/Errata_Notice_-_Direct_Testimony_of_Crystal_Coffman.pdf\" target=\"_blank\" rel=\"noreferrer noopener\">Leer m\u00e1s<\/a><\/p>\n\n\n\n<p><strong>Errata al testimonio de Derek<\/strong> Price \u00bb <a href=\"https:\/\/patternenergy.com\/wp-content\/uploads\/2022\/08\/Errata_to_Testimony_of_Derek_Price.pdf\" target=\"_blank\" rel=\"noreferrer noopener\">Leer m\u00e1s<\/a><\/p>\n\n\n\n<p><strong>Informe medioambiental de Corona<\/strong> Wind \u00bb <a href=\"https:\/\/patternenergy.com\/wp-content\/uploads\/2022\/08\/Environmental_Report._03.27.18._Filed_web.pdf\" target=\"_blank\" rel=\"noreferrer noopener\">M\u00e1s informaci\u00f3n<\/a><\/p>\n\n\n\n<p><strong>Solicitud de Distrito de Uso Especial del Condado de Torrance<\/strong> \u00bb <a href=\"https:\/\/patternenergy.com\/wp-content\/uploads\/2022\/08\/Torrance_Application.FINAL-low.pdf\" target=\"_blank\" rel=\"noreferrer noopener\">Leer m\u00e1s<\/a><\/p>\n\n\n\n<p><strong>(NM) Parque e\u00f3lico de Clines Corners LLC<\/strong><\/p>\n\n\n\n<ul class=\"wp-block-list\">\n<li><a href=\"https:\/\/patternenergy.com\/wp-content\/uploads\/2022\/08\/Application_Final_5.14.19.pdf\" target=\"_blank\" rel=\"noreferrer noopener\">Solicitud final<\/a><\/li>\n\n\n\n<li><a href=\"https:\/\/patternenergy.com\/wp-content\/uploads\/2022\/08\/Certificate_of_Service_-_Final_5.15.19.pdf\" target=\"_blank\" rel=\"noreferrer noopener\">Certificado de servicio<\/a><\/li>\n\n\n\n<li><a href=\"https:\/\/patternenergy.com\/wp-content\/uploads\/2022\/08\/Notice_-_Final.pdf\" target=\"_blank\" rel=\"noreferrer noopener\">Aviso<\/a><\/li>\n<\/ul>\n\n\n\n<p><strong>Testimonios:<\/strong><\/p>\n\n\n\n<ul class=\"wp-block-list\">\n<li><a href=\"https:\/\/patternenergy.com\/wp-content\/uploads\/2022\/08\/Testimony_of_Chris_Knopp_-_Final_5.15.19.pdf\" target=\"_blank\" rel=\"noreferrer noopener\">Chris Knopp<\/a><\/li>\n\n\n\n<li><a href=\"https:\/\/patternenergy.com\/wp-content\/uploads\/2022\/08\/Testimony_of_Greg_Parent_-_Final_5.15.19-1.pdf\" target=\"_blank\" rel=\"noreferrer noopener\">Greg Parent<\/a><\/li>\n\n\n\n<li><a href=\"https:\/\/patternenergy.com\/wp-content\/uploads\/2022\/08\/Testimony_of_John_Tysseling_-_Final_5.15.19.pdf\" target=\"_blank\" rel=\"noreferrer noopener\">John Tysseling<\/a><\/li>\n\n\n\n<li><a href=\"https:\/\/patternenergy.com\/wp-content\/uploads\/2022\/08\/Testimony_of_Michael_Kurnik_-_Final_5.15.19.pdf\" target=\"_blank\" rel=\"noreferrer noopener\">Michael Kurnik<\/a><\/li>\n<\/ul>\n\n\n\n<p><\/p>\n\n\n\n<p><a href=\"https:\/\/patternenergy.com\/wp-content\/uploads\/2022\/08\/Torrance_County_Amend_No._1_SUD_Clines_Corners_Wind.pdf\" target=\"_blank\" rel=\"noreferrer noopener\">Enmienda n\u00ba 1 del condado de Torrance SUD<\/a> <\/p>\n\n\n\n<p><a href=\"https:\/\/patternenergy.com\/wp-content\/uploads\/2022\/08\/Torrance_County_SUD_Application_02272019.pdf\" target=\"_blank\" rel=\"noreferrer noopener\">Solicitud de SUD del Condado de Torrance<\/a> <\/p>\n\n\n\n<p><a href=\"https:\/\/patternenergy.com\/wp-content\/uploads\/2022\/08\/19-00139-UT-_Notice.pdf\" target=\"_blank\" rel=\"noreferrer noopener\">19-00139-UT-Notificaci\u00f3n<\/a><\/p>\n\n<\/div>\t\t\n\t<\/div>\n<\/section><!-- Textual Content -->","protected":false},"excerpt":{"rendered":"","protected":false},"author":3,"featured_media":0,"parent":0,"menu_order":0,"comment_status":"closed","ping_status":"closed","template":"","meta":{"_acf_changed":false,"footnotes":""},"class_list":["post-17240","page","type-page","status-publish","hentry"],"acf":[],"yoast_head":"<!-- This site is optimized with the Yoast SEO plugin v27.3 - https:\/\/yoast.com\/product\/yoast-seo-wordpress\/ -->\n<title>Documentos de solicitud de SunZia - Pattern Energy<\/title>\n<meta name=\"robots\" content=\"index, follow, max-snippet:-1, max-image-preview:large, max-video-preview:-1\" \/>\n<link rel=\"canonical\" href=\"https:\/\/patternenergy.com\/es\/documentos-de-solicitud-de-sunzia\/\" \/>\n<meta property=\"og:locale\" content=\"es_ES\" \/>\n<meta property=\"og:type\" content=\"article\" \/>\n<meta property=\"og:title\" content=\"Documentos de solicitud de SunZia - Pattern Energy\" \/>\n<meta property=\"og:url\" content=\"https:\/\/patternenergy.com\/es\/documentos-de-solicitud-de-sunzia\/\" \/>\n<meta property=\"og:site_name\" content=\"Pattern Energy\" \/>\n<meta property=\"article:publisher\" content=\"https:\/\/www.facebook.com\/PatternEnergy\/\" \/>\n<meta property=\"article:modified_time\" content=\"2024-06-12T18:45:55+00:00\" \/>\n<meta property=\"og:image\" content=\"https:\/\/patternenergy.com\/wp-content\/uploads\/2022\/01\/Pattern-Energy-Media-thumbnail-logo.jpg\" \/>\n\t<meta property=\"og:image:width\" content=\"1200\" \/>\n\t<meta property=\"og:image:height\" content=\"627\" \/>\n\t<meta property=\"og:image:type\" content=\"image\/jpeg\" \/>\n<meta name=\"twitter:card\" content=\"summary_large_image\" \/>\n<meta name=\"twitter:label1\" content=\"Tiempo de lectura\" \/>\n\t<meta name=\"twitter:data1\" content=\"3 minutos\" \/>\n<script type=\"application\/ld+json\" class=\"yoast-schema-graph\">{\"@context\":\"https:\\\/\\\/schema.org\",\"@graph\":[{\"@type\":\"WebPage\",\"@id\":\"https:\\\/\\\/patternenergy.com\\\/es\\\/documentos-de-solicitud-de-sunzia\\\/\",\"url\":\"https:\\\/\\\/patternenergy.com\\\/es\\\/documentos-de-solicitud-de-sunzia\\\/\",\"name\":\"Documentos de solicitud de SunZia - Pattern Energy\",\"isPartOf\":{\"@id\":\"https:\\\/\\\/patternenergy.com\\\/es\\\/#website\"},\"datePublished\":\"2022-08-27T01:56:09+00:00\",\"dateModified\":\"2024-06-12T18:45:55+00:00\",\"breadcrumb\":{\"@id\":\"https:\\\/\\\/patternenergy.com\\\/es\\\/documentos-de-solicitud-de-sunzia\\\/#breadcrumb\"},\"inLanguage\":\"es\",\"potentialAction\":[{\"@type\":\"ReadAction\",\"target\":[\"https:\\\/\\\/patternenergy.com\\\/es\\\/documentos-de-solicitud-de-sunzia\\\/\"]}]},{\"@type\":\"BreadcrumbList\",\"@id\":\"https:\\\/\\\/patternenergy.com\\\/es\\\/documentos-de-solicitud-de-sunzia\\\/#breadcrumb\",\"itemListElement\":[{\"@type\":\"ListItem\",\"position\":1,\"name\":\"Home\",\"item\":\"https:\\\/\\\/patternenergy.com\\\/es\\\/\"},{\"@type\":\"ListItem\",\"position\":2,\"name\":\"Documentos de solicitud de SunZia\"}]},{\"@type\":\"WebSite\",\"@id\":\"https:\\\/\\\/patternenergy.com\\\/es\\\/#website\",\"url\":\"https:\\\/\\\/patternenergy.com\\\/es\\\/\",\"name\":\"Pattern Energy\",\"description\":\"Desarrollamos, construimos, poseemos y explotamos proyectos e\u00f3licos, solares, de transmisi\u00f3n y de almacenamiento de energ\u00eda de alta calidad en todo el mundo.\",\"publisher\":{\"@id\":\"https:\\\/\\\/patternenergy.com\\\/es\\\/#organization\"},\"potentialAction\":[{\"@type\":\"SearchAction\",\"target\":{\"@type\":\"EntryPoint\",\"urlTemplate\":\"https:\\\/\\\/patternenergy.com\\\/es\\\/?s={search_term_string}\"},\"query-input\":{\"@type\":\"PropertyValueSpecification\",\"valueRequired\":true,\"valueName\":\"search_term_string\"}}],\"inLanguage\":\"es\"},{\"@type\":\"Organization\",\"@id\":\"https:\\\/\\\/patternenergy.com\\\/es\\\/#organization\",\"name\":\"Pattern Energy\",\"url\":\"https:\\\/\\\/patternenergy.com\\\/es\\\/\",\"logo\":{\"@type\":\"ImageObject\",\"inLanguage\":\"es\",\"@id\":\"https:\\\/\\\/patternenergy.com\\\/es\\\/#\\\/schema\\\/logo\\\/image\\\/\",\"url\":\"https:\\\/\\\/patternenergy.com\\\/wp-content\\\/uploads\\\/2022\\\/01\\\/Pattern-Energy-Media-thumbnail-logo.jpg\",\"contentUrl\":\"https:\\\/\\\/patternenergy.com\\\/wp-content\\\/uploads\\\/2022\\\/01\\\/Pattern-Energy-Media-thumbnail-logo.jpg\",\"width\":1200,\"height\":627,\"caption\":\"Pattern Energy\"},\"image\":{\"@id\":\"https:\\\/\\\/patternenergy.com\\\/es\\\/#\\\/schema\\\/logo\\\/image\\\/\"},\"sameAs\":[\"https:\\\/\\\/www.facebook.com\\\/PatternEnergy\\\/\",\"https:\\\/\\\/instagram.com\\\/patternenergy?utm_medium=copy_link\",\"https:\\\/\\\/www.linkedin.com\\\/company\\\/pattern-energy\",\"https:\\\/\\\/www.youtube.com\\\/user\\\/PatternEnergy?app=desktop\",\"https:\\\/\\\/web.cauze.com\\\/company\\\/293\"]}]}<\/script>\n<!-- \/ Yoast SEO plugin. -->","yoast_head_json":{"title":"Documentos de solicitud de SunZia - Pattern Energy","robots":{"index":"index","follow":"follow","max-snippet":"max-snippet:-1","max-image-preview":"max-image-preview:large","max-video-preview":"max-video-preview:-1"},"canonical":"https:\/\/patternenergy.com\/es\/documentos-de-solicitud-de-sunzia\/","og_locale":"es_ES","og_type":"article","og_title":"Documentos de solicitud de SunZia - Pattern Energy","og_url":"https:\/\/patternenergy.com\/es\/documentos-de-solicitud-de-sunzia\/","og_site_name":"Pattern Energy","article_publisher":"https:\/\/www.facebook.com\/PatternEnergy\/","article_modified_time":"2024-06-12T18:45:55+00:00","og_image":[{"width":1200,"height":627,"url":"https:\/\/patternenergy.com\/wp-content\/uploads\/2022\/01\/Pattern-Energy-Media-thumbnail-logo.jpg","type":"image\/jpeg"}],"twitter_card":"summary_large_image","twitter_misc":{"Tiempo de lectura":"3 minutos"},"schema":{"@context":"https:\/\/schema.org","@graph":[{"@type":"WebPage","@id":"https:\/\/patternenergy.com\/es\/documentos-de-solicitud-de-sunzia\/","url":"https:\/\/patternenergy.com\/es\/documentos-de-solicitud-de-sunzia\/","name":"Documentos de solicitud de SunZia - Pattern Energy","isPartOf":{"@id":"https:\/\/patternenergy.com\/es\/#website"},"datePublished":"2022-08-27T01:56:09+00:00","dateModified":"2024-06-12T18:45:55+00:00","breadcrumb":{"@id":"https:\/\/patternenergy.com\/es\/documentos-de-solicitud-de-sunzia\/#breadcrumb"},"inLanguage":"es","potentialAction":[{"@type":"ReadAction","target":["https:\/\/patternenergy.com\/es\/documentos-de-solicitud-de-sunzia\/"]}]},{"@type":"BreadcrumbList","@id":"https:\/\/patternenergy.com\/es\/documentos-de-solicitud-de-sunzia\/#breadcrumb","itemListElement":[{"@type":"ListItem","position":1,"name":"Home","item":"https:\/\/patternenergy.com\/es\/"},{"@type":"ListItem","position":2,"name":"Documentos de solicitud de SunZia"}]},{"@type":"WebSite","@id":"https:\/\/patternenergy.com\/es\/#website","url":"https:\/\/patternenergy.com\/es\/","name":"Pattern Energy","description":"Desarrollamos, construimos, poseemos y explotamos proyectos e\u00f3licos, solares, de transmisi\u00f3n y de almacenamiento de energ\u00eda de alta calidad en todo el mundo.","publisher":{"@id":"https:\/\/patternenergy.com\/es\/#organization"},"potentialAction":[{"@type":"SearchAction","target":{"@type":"EntryPoint","urlTemplate":"https:\/\/patternenergy.com\/es\/?s={search_term_string}"},"query-input":{"@type":"PropertyValueSpecification","valueRequired":true,"valueName":"search_term_string"}}],"inLanguage":"es"},{"@type":"Organization","@id":"https:\/\/patternenergy.com\/es\/#organization","name":"Pattern Energy","url":"https:\/\/patternenergy.com\/es\/","logo":{"@type":"ImageObject","inLanguage":"es","@id":"https:\/\/patternenergy.com\/es\/#\/schema\/logo\/image\/","url":"https:\/\/patternenergy.com\/wp-content\/uploads\/2022\/01\/Pattern-Energy-Media-thumbnail-logo.jpg","contentUrl":"https:\/\/patternenergy.com\/wp-content\/uploads\/2022\/01\/Pattern-Energy-Media-thumbnail-logo.jpg","width":1200,"height":627,"caption":"Pattern Energy"},"image":{"@id":"https:\/\/patternenergy.com\/es\/#\/schema\/logo\/image\/"},"sameAs":["https:\/\/www.facebook.com\/PatternEnergy\/","https:\/\/instagram.com\/patternenergy?utm_medium=copy_link","https:\/\/www.linkedin.com\/company\/pattern-energy","https:\/\/www.youtube.com\/user\/PatternEnergy?app=desktop","https:\/\/web.cauze.com\/company\/293"]}]}},"_links":{"self":[{"href":"https:\/\/patternenergy.com\/es\/wp-json\/wp\/v2\/pages\/17240","targetHints":{"allow":["GET"]}}],"collection":[{"href":"https:\/\/patternenergy.com\/es\/wp-json\/wp\/v2\/pages"}],"about":[{"href":"https:\/\/patternenergy.com\/es\/wp-json\/wp\/v2\/types\/page"}],"author":[{"embeddable":true,"href":"https:\/\/patternenergy.com\/es\/wp-json\/wp\/v2\/users\/3"}],"replies":[{"embeddable":true,"href":"https:\/\/patternenergy.com\/es\/wp-json\/wp\/v2\/comments?post=17240"}],"version-history":[{"count":0,"href":"https:\/\/patternenergy.com\/es\/wp-json\/wp\/v2\/pages\/17240\/revisions"}],"wp:attachment":[{"href":"https:\/\/patternenergy.com\/es\/wp-json\/wp\/v2\/media?parent=17240"}],"curies":[{"name":"wp","href":"https:\/\/api.w.org\/{rel}","templated":true}]}}