{"id":17021,"date":"2021-10-28T15:21:06","date_gmt":"2021-10-28T20:21:06","guid":{"rendered":"https:\/\/patternenergy.com\/carreras-profesionales\/"},"modified":"2026-01-21T21:00:07","modified_gmt":"2026-01-22T02:00:07","slug":"carreras-profesionales","status":"publish","type":"page","link":"https:\/\/patternenergy.com\/es\/carreras-profesionales\/","title":{"rendered":"Carreras profesionales"},"content":{"rendered":"\n\n<section class=\"hero alt\" style=\"background-image: url(https:\/\/patternenergy.com\/wp-content\/uploads\/2022\/03\/careers.jpg);\">\n\t<div class=\"holder\">\n\t\t<article>\n\t\t\t<div class=\"acf-innerblocks-container\">\n\n<h1 class=\"wp-block-heading\">\u00danete a nuestro equipo <br\/><\/h1>\n\n\n\n<div class=\"wp-block-buttons is-layout-flex wp-block-buttons-is-layout-flex\">\n<div class=\"wp-block-button boxed white has-arrow\"><a class=\"wp-block-button__link has-white-color has-text-color wp-element-button\" href=\"https:\/\/careers-patternenergy.icims.com\/jobs\/intro?hashed=-435626368&amp;mobile=false&amp;width=610&amp;height=500&amp;bga=true&amp;needsRedirect=false&amp;jan1offset=-480&amp;jun1offset=-420\" target=\"_blank\" rel=\"noreferrer noopener\">Trabajemos juntos<\/a><\/div>\n<\/div>\n\n\n\n<div class=\"wp-block-buttons is-layout-flex wp-block-buttons-is-layout-flex\">\n<div class=\"wp-block-button\"><a class=\"wp-block-button__link has-white-color has-text-color wp-element-button\" href=\"https:\/\/app.ripplematch.com\/company\/pattern-energy\/?tl=a4df9ef8\" target=\"_blank\" rel=\"noreferrer noopener\">pr\u00e1cticas en Pattern Energy<\/a><\/div>\n<\/div>\n\n\n\n<div class=\"wp-block-buttons is-layout-flex wp-block-buttons-is-layout-flex\"><\/div>\n\n<\/div>\t\t\t\t\t\t\t\t<\/article>\n\t\t<span class=\"scroll-indicator\"><em>Desplazarse hacia abajo<\/em><\/span>\n\t<\/div>\n<\/section>\n\n\n<section class=\"textual-content no-decoration type-narrow\" >\n\t\n\t<div class=\"holder block-entry animated\">\n\t\t\n\t\t\t\t<div class=\"circles\">\n\t\t\t<span class=\"bigger parallax\" data-scale=\"0.00015\"><\/span>\n\t\t<\/div>\n\t\t\t\t\t\t\n\t\t<div class=\"acf-innerblocks-container\">\n\n<h3 class=\"wp-block-heading\">En Pattern Energy, creemos en la creaci\u00f3n de un entorno de trabajo positivo y saludable que proporcione desarrollo personal y profesional.<\/h3>\n\n<\/div>\t\t\n\t<\/div>\n<\/section><!-- Textual Content -->\n<section class=\"two-columns type-default  \" >\n\t\t<div class=\"holder\">\n\t\t\n\t\t<div class=\"img-wrapper animated\">\n\t\t\t\t\t\t<div class=\"circles\">\n\t\t\t\t<span class=\"smaller parallax\" data-scale=\"0.00025\"><\/span>\n\t\t\t\t<span class=\"bigger parallax\" data-scale=\"0.00015\"><\/span>\n\t\t\t<\/div>\t\t\t\t\t\t\n\t\t\t<div class=\"img-holder\">\n\t\t\t\t<div class=\"img parallax\" data-speed=\"-0.1\">\n\t\t\t\t\t<span style=\"background-image: url(https:\/\/patternenergy.com\/wp-content\/uploads\/2022\/01\/careers-team.jpg)\"><\/span>\n\t\t\t\t<\/div>\n\t\t\t<\/div>\n\t\t\t\n\t\t<\/div>\n\t\t\n\t\t\t\t<article class=\"parallax block-entry\" data-speed=\"0.025\">\n\t\t<div class=\"acf-innerblocks-container\">\n\n<p>Contar con diversidad en nuestros equipos y directivos, y ofrecer un entorno en el que se anime y capacite a los empleados de grupos infrarrepresentados, conduce a una plantilla m\u00e1s comprometida y a mejores resultados para todas nuestras partes interesadas.<\/p>\n\n\n\n<p>Obtenga m\u00e1s informaci\u00f3n sobre nuestro compromiso con la diversidad, la equidad, la inclusi\u00f3n y el apoyo a una cultura de trabajo en la que todos se sientan parte de ella.<\/p>\n\n\n\n<p class=\"link-arrow\"><a href=\"https:\/\/patternenergy.com\/es\/sostenibilidad\/\" target=\"_blank\" rel=\"noreferrer noopener\">nuestro compromiso<\/a><\/p>\n\n<\/div>\t\t<\/article>\n\t\t\t\t\n\t<\/div>\n\t\n\t\t\n<\/section><!-- Two Columns -->\n\n<section class=\"toggler-outer\" >\n    \n        \n\t<div class=\"holder\">\n\t\t\n\t\t\t\t<h3>Redes de afinidad<\/h3>\n\t\t\n\t\t\t\t\t\t<dl class=\"toggle-list type-withimage\">\n\t\t\t\t\t<dt class=\"acc_title_bar\">\n\t\t\t\t\t\t\t\t<figure>\n\t\t\t\t\t<img decoding=\"async\" src=\"https:\/\/patternenergy.com\/wp-content\/uploads\/2024\/02\/Aspire-sticker-Green.png\" alt=\"Asian and Pacific Islanders in Renewable Energy\">\n\t\t\t\t<\/figure>\n\t\t\t\t\t\t\t\t<h5><a href=\"#\">Asi\u00e1ticos e isle\u00f1os del Pac\u00edfico en las energ\u00edas renovables<\/a><\/h5>\n\t\t\t<\/dt>\n\t\t\t<dd class=\"block-entry acc_container\">\n\t\t\t\t<p>La misi\u00f3n de AsPIRE es celebrar, apoyar y empoderar a la comunidad de asi\u00e1tico-americanos e isle\u00f1os del Pac\u00edfico en Pattern proporcionando oportunidades de educaci\u00f3n, liderazgo y compromiso comunitario a nuestros miembros. Nuestra visi\u00f3n es cultivar un lugar de trabajo diverso, inclusivo y equitativo que celebre y apoye a la comunidad AAPI de Pattern.<\/p>\n\t\t\t<\/dd>\n\t\t\t\t\t<dt class=\"acc_title_bar\">\n\t\t\t\t\t\t\t\t<figure>\n\t\t\t\t\t<img decoding=\"async\" src=\"https:\/\/patternenergy.com\/wp-content\/uploads\/2024\/02\/Wire-logo-color.png\" alt=\"Women in Renewable Energy\">\n\t\t\t\t<\/figure>\n\t\t\t\t\t\t\t\t<h5><a href=\"#\">Las mujeres en las energ\u00edas renovables<\/a><\/h5>\n\t\t\t<\/dt>\n\t\t\t<dd class=\"block-entry acc_container\">\n\t\t\t\t<p>La misi\u00f3n de WIRE es capacitar a las mujeres de Pattern para que alcancen su m\u00e1ximo potencial profesional y personal al tiempo que realizan la transici\u00f3n del mundo hacia las energ\u00edas renovables. Nuestra visi\u00f3n es crear una comunidad diversa e inclusiva que apoye el crecimiento y el desarrollo de sus miembros ofreci\u00e9ndoles oportunidades de liderazgo, creaci\u00f3n de redes, formaci\u00f3n y tutor\u00eda.<\/p>\n\t\t\t<\/dd>\n\t\t\t\t\t<dt class=\"acc_title_bar\">\n\t\t\t\t\t\t\t\t<figure>\n\t\t\t\t\t<img decoding=\"async\" src=\"https:\/\/patternenergy.com\/wp-content\/uploads\/2024\/02\/Pride-Horizontal.png\" alt=\"Pattern PRIDE\">\n\t\t\t\t<\/figure>\n\t\t\t\t\t\t\t\t<h5><a href=\"#\">Patr\u00f3n PRIDE<\/a><\/h5>\n\t\t\t<\/dt>\n\t\t\t<dd class=\"block-entry acc_container\">\n\t\t\t\t<p>La misi\u00f3n de Pattern PRIDE es servir como un recurso para todos los empleados de Pattern con un enfoque en aquellos que son miembros de la comunidad LGBTQ + a trav\u00e9s de la educaci\u00f3n, la creaci\u00f3n de redes y oportunidades de tutor\u00eda. Nuestra visi\u00f3n es crear un espacio integrador en el que los empleados miembros de la comunidad LGBTQ+ se sientan representados y seguros en su lugar de trabajo.<\/p>\n\t\t\t<\/dd>\n\t\t\t\t\t<dt class=\"acc_title_bar\">\n\t\t\t\t\t\t\t\t<figure>\n\t\t\t\t\t<img decoding=\"async\" src=\"https:\/\/patternenergy.com\/wp-content\/uploads\/2024\/02\/BiRE-logo-horizontal.png\" alt=\"Blacks in Renewable Energy\">\n\t\t\t\t<\/figure>\n\t\t\t\t\t\t\t\t<h5><a href=\"#\">Los negros en las energ\u00edas renovables<\/a><\/h5>\n\t\t\t<\/dt>\n\t\t\t<dd class=\"block-entry acc_container\">\n\t\t\t\t<p>La visi\u00f3n de BiRE es ser un conducto para que Pattern contrate a futuros empleados, retenga a los actuales y desarrolle la pr\u00f3xima generaci\u00f3n de l\u00edderes en energ\u00edas renovables. BiRE facilita, influye y empodera a sus miembros en el crecimiento y desarrollo de las siguientes \u00e1reas: Captaci\u00f3n y extensi\u00f3n a la comunidad, retenci\u00f3n, desarrollo profesional y creaci\u00f3n de redes.<\/p>\n\t\t\t<\/dd>\n\t\t\t\t\t<dt class=\"acc_title_bar\">\n\t\t\t\t\t\t\t\t<figure>\n\t\t\t\t\t<img decoding=\"async\" src=\"https:\/\/patternenergy.com\/wp-content\/uploads\/2024\/02\/CARE_TAG_RGB_logo.png\" alt=\"Pattern Care Givers\">\n\t\t\t\t<\/figure>\n\t\t\t\t\t\t\t\t<h5><a href=\"#\">Patr\u00f3n de cuidadores<\/a><\/h5>\n\t\t\t<\/dt>\n\t\t\t<dd class=\"block-entry acc_container\">\n\t\t\t\t<p>La misi\u00f3n de Pattern Care Givers es servir de recurso a toda la organizaci\u00f3n, proporcionando una comunidad segura para que los empleados interact\u00faen a un nivel m\u00e1s personal. Nuestra visi\u00f3n es influir positivamente en el entorno profesional, garantizar el desarrollo profesional de todos los Cuidadores y sus aliados, y ayudar a la organizaci\u00f3n a alcanzar sus objetivos de diversidad, equidad e inclusi\u00f3n.<\/p>\n\t\t\t<\/dd>\n\t\t\t\t\t<dt class=\"acc_title_bar\">\n\t\t\t\t\t\t\t\t<figure>\n\t\t\t\t\t<img decoding=\"async\" src=\"https:\/\/patternenergy.com\/wp-content\/uploads\/2024\/02\/REAL-logo.jpg\" alt=\"Renewable Energy and Latinx\">\n\t\t\t\t<\/figure>\n\t\t\t\t\t\t\t\t<h5><a href=\"#\">Energ\u00edas renovables y Latinx<\/a><\/h5>\n\t\t\t<\/dt>\n\t\t\t<dd class=\"block-entry acc_container\">\n\t\t\t\t<p>La misi\u00f3n de la Red de Afinidad R\u00c9AL es empoderar y celebrar a la comunidad Latinx en Pattern a trav\u00e9s de la facilitaci\u00f3n de oportunidades para el compromiso comunitario y la educaci\u00f3n cultural para nuestros miembros. Nuestra visi\u00f3n es facilitar un ambiente inclusivo en el cual inspirar, empoderar y celebrar a la comunidad Latinx en Pattern.<\/p>\n\t\t\t<\/dd>\n\t\t\t\t\t<dt class=\"acc_title_bar\">\n\t\t\t\t\t\t\t\t<figure>\n\t\t\t\t\t<img decoding=\"async\" src=\"https:\/\/patternenergy.com\/wp-content\/uploads\/2024\/02\/ViR-Logo.png\" alt=\"Veterans in Renewables\">\n\t\t\t\t<\/figure>\n\t\t\t\t\t\t\t\t<h5><a href=\"#\">Veteranos en energ\u00edas renovables<\/a><\/h5>\n\t\t\t<\/dt>\n\t\t\t<dd class=\"block-entry acc_container\">\n\t\t\t\t<p>La misi\u00f3n de Veterans in Renewables es servir como un recurso valioso para los veteranos existentes y los veteranos que los apoyan en Pattern y en la industria de las energ\u00edas renovables a trav\u00e9s de la sensibilizaci\u00f3n, la tutor\u00eda y la contrataci\u00f3n.<\/p>\n\t\t\t<\/dd>\n\t\t\t\t<\/dl>\n\t\t\t<\/div>\n    \n    \t\n<\/section>\n\n<section class=\"single-story-outer\" >\n\t\n\t<div class=\"holder\">\n\t\t\n\t               <div class=\"single-story\">\n                            <article>\n                    <a href=\"https:\/\/patternenergy.com\/es\/patrones-ken-hammon\/\" class=\"outer-box  history-btn\">\n                        <figure class=\"img-holder\">\n                            <span style=\"background-image: url(https:\/\/patternenergy.com\/wp-content\/uploads\/2021\/12\/Annette_and_myself.png\"><\/span>\n                        <\/figure>\n                        <div class=\"txt\">\n                            <h4>Patrones: Ken Hammon<\/h4>\n                                                            <p>Cuando le pregunt\u00e9 por su parte favorita del trabajo, Ken respondi\u00f3: \u00abEso es f\u00e1cil de responder. Mi parte favorita de este trabajo son los ni\u00f1os. \u00abMe encanta cuando los escolares vienen aqu\u00ed de excursi\u00f3n para ver lo que hacemos y c\u00f3mo se fabrica la energ\u00eda e\u00f3lica\u00bb. Hatchet Ridge Wind est\u00e1 situada en Burney, en la [&hellip;]\n                                                        <span>Leer art\u00edculo completo<\/span>\n                        <\/div>\n                    <\/a>\n                <\/article>\n                        <\/div>\n                    \t\n\t\t\n\t<\/div>\n    \n<\/section>\n\n<section class=\"textual-content no-decoration type-narrow\" >\n\t\n\t<div class=\"holder block-entry animated\">\n\t\t\n\t\t\t\t<div class=\"circles\">\n\t\t\t<span class=\"bigger parallax\" data-scale=\"0.00015\"><\/span>\n\t\t<\/div>\n\t\t\t\t\t\t\n\t\t<div class=\"acf-innerblocks-container\">\n\n<h3 class=\"wp-block-heading\">Con sede en San Francisco, supervisamos nuestra flota desde nuestro Centro de Control de Operaciones en Houston y tenemos oficinas en Albuquerque, San Diego, Toronto, Boulder y Ciudad de M\u00e9xico.<\/h3>\n\n<\/div>\t\t\n\t<\/div>\n<\/section><!-- Textual Content -->\n<section class=\"two-columns type-default  \" >\n\t\t<div class=\"holder\">\n\t\t\n\t\t<div class=\"img-wrapper animated\">\n\t\t\t\t\t\t<div class=\"circles\">\n\t\t\t\t<span class=\"smaller parallax\" data-scale=\"0.00025\"><\/span>\n\t\t\t\t<span class=\"bigger parallax\" data-scale=\"0.00015\"><\/span>\n\t\t\t<\/div>\t\t\t\t\t\t\n\t\t\t<div class=\"img-holder\">\n\t\t\t\t<div class=\"img parallax\" data-speed=\"-0.1\">\n\t\t\t\t\t<span style=\"background-image: url(https:\/\/patternenergy.com\/wp-content\/uploads\/2022\/01\/Derek-Price.jpg)\"><\/span>\n\t\t\t\t<\/div>\n\t\t\t<\/div>\n\t\t\t\n\t\t<\/div>\n\t\t\n\t\t\t\t<article class=\"parallax block-entry\" data-speed=\"0.025\">\n\t\t<div class=\"acf-innerblocks-container\">\n\n<h2 class=\"wp-block-heading\">\u00danete a nuestro equipo<\/h2>\n\n\n\n<div class=\"wp-block-buttons is-layout-flex wp-block-buttons-is-layout-flex\">\n<div class=\"wp-block-button\"><a class=\"wp-block-button__link wp-element-button\" href=\"https:\/\/careers-patternenergy.icims.com\/jobs\/intro?hashed=-435626368&amp;mobile=false&amp;width=610&amp;height=500&amp;bga=true&amp;needsRedirect=false&amp;jan1offset=-480&amp;jun1offset=-420\" target=\"_blank\" rel=\"noreferrer noopener\">Trabajemos juntos<\/a><\/div>\n<\/div>\n\n\n\n<div class=\"wp-block-buttons is-layout-flex wp-block-buttons-is-layout-flex\">\n<div class=\"wp-block-button\"><a class=\"wp-block-button__link wp-element-button\" href=\"https:\/\/app.ripplematch.com\/company\/pattern-energy\/?tl=a4df9ef8\" target=\"_blank\" rel=\"noreferrer noopener\">Oportunidades de pr\u00e1cticas  <\/a><\/div>\n<\/div>\n\n<\/div>\t\t<\/article>\n\t\t\t\t\n\t<\/div>\n\t\n\t\t\n<\/section><!-- Two Columns -->\n","protected":false},"excerpt":{"rendered":"","protected":false},"author":1,"featured_media":11906,"parent":0,"menu_order":44,"comment_status":"closed","ping_status":"closed","template":"","meta":{"_acf_changed":false,"footnotes":""},"class_list":["post-17021","page","type-page","status-publish","has-post-thumbnail","hentry"],"acf":[],"yoast_head":"<!-- This site is optimized with the Yoast SEO plugin v27.5 - https:\/\/yoast.com\/product\/yoast-seo-wordpress\/ -->\n<title>:: Carreras profesionales<\/title>\n<meta name=\"description\" content=\"En Pattern Energy, creemos en la creaci\u00f3n de un entorno de trabajo positivo y saludable que proporcione desarrollo personal y profesional.\" \/>\n<meta name=\"robots\" content=\"index, follow, max-snippet:-1, max-image-preview:large, max-video-preview:-1\" \/>\n<link rel=\"canonical\" href=\"https:\/\/patternenergy.com\/es\/carreras-profesionales\/\" \/>\n<meta property=\"og:locale\" content=\"es_ES\" \/>\n<meta property=\"og:type\" content=\"article\" \/>\n<meta property=\"og:title\" content=\"Pattern Energy :: Empleo\" \/>\n<meta property=\"og:description\" content=\"En Pattern Energy, creemos en la creaci\u00f3n de un entorno de trabajo positivo y saludable que proporcione desarrollo personal y profesional. \u00a1\u00danete a nuestro equipo!\" \/>\n<meta property=\"og:url\" content=\"https:\/\/patternenergy.com\/es\/carreras-profesionales\/\" \/>\n<meta property=\"og:site_name\" content=\"Pattern Energy\" \/>\n<meta property=\"article:publisher\" content=\"https:\/\/www.facebook.com\/PatternEnergy\/\" \/>\n<meta property=\"article:modified_time\" content=\"2026-01-22T02:00:07+00:00\" \/>\n<meta property=\"og:image\" content=\"https:\/\/patternenergy.com\/wp-content\/uploads\/2022\/03\/careers-1024x576.jpg\" \/>\n<meta name=\"twitter:card\" content=\"summary_large_image\" \/>\n<meta name=\"twitter:title\" content=\"Pattern Energy :: Empleo\" \/>\n<meta name=\"twitter:description\" content=\"En Pattern Energy, creemos en la creaci\u00f3n de un entorno de trabajo positivo y saludable que proporcione desarrollo personal y profesional. \u00a1\u00danete a nuestro equipo!\" \/>\n<meta name=\"twitter:image\" content=\"https:\/\/patternenergy.com\/wp-content\/uploads\/2022\/03\/careers-1024x576.jpg\" \/>\n<meta name=\"twitter:label1\" content=\"Tiempo de lectura\" \/>\n\t<meta name=\"twitter:data1\" content=\"1 minuto\" \/>\n<script type=\"application\/ld+json\" class=\"yoast-schema-graph\">{\"@context\":\"https:\\\/\\\/schema.org\",\"@graph\":[{\"@type\":\"WebPage\",\"@id\":\"https:\\\/\\\/patternenergy.com\\\/es\\\/carreras-profesionales\\\/\",\"url\":\"https:\\\/\\\/patternenergy.com\\\/es\\\/carreras-profesionales\\\/\",\"name\":\":: Carreras profesionales\",\"isPartOf\":{\"@id\":\"https:\\\/\\\/patternenergy.com\\\/es\\\/#website\"},\"primaryImageOfPage\":{\"@id\":\"https:\\\/\\\/patternenergy.com\\\/es\\\/carreras-profesionales\\\/#primaryimage\"},\"image\":{\"@id\":\"https:\\\/\\\/patternenergy.com\\\/es\\\/carreras-profesionales\\\/#primaryimage\"},\"thumbnailUrl\":\"https:\\\/\\\/patternenergy.com\\\/wp-content\\\/uploads\\\/2022\\\/01\\\/Pattern-Energy-Media-image-logo.jpg\",\"datePublished\":\"2021-10-28T20:21:06+00:00\",\"dateModified\":\"2026-01-22T02:00:07+00:00\",\"description\":\"En Pattern Energy, creemos en la creaci\u00f3n de un entorno de trabajo positivo y saludable que proporcione desarrollo personal y profesional.\",\"breadcrumb\":{\"@id\":\"https:\\\/\\\/patternenergy.com\\\/es\\\/carreras-profesionales\\\/#breadcrumb\"},\"inLanguage\":\"es\",\"potentialAction\":[{\"@type\":\"ReadAction\",\"target\":[\"https:\\\/\\\/patternenergy.com\\\/es\\\/carreras-profesionales\\\/\"]}]},{\"@type\":\"ImageObject\",\"inLanguage\":\"es\",\"@id\":\"https:\\\/\\\/patternenergy.com\\\/es\\\/carreras-profesionales\\\/#primaryimage\",\"url\":\"https:\\\/\\\/patternenergy.com\\\/wp-content\\\/uploads\\\/2022\\\/01\\\/Pattern-Energy-Media-image-logo.jpg\",\"contentUrl\":\"https:\\\/\\\/patternenergy.com\\\/wp-content\\\/uploads\\\/2022\\\/01\\\/Pattern-Energy-Media-image-logo.jpg\",\"width\":1200,\"height\":627},{\"@type\":\"BreadcrumbList\",\"@id\":\"https:\\\/\\\/patternenergy.com\\\/es\\\/carreras-profesionales\\\/#breadcrumb\",\"itemListElement\":[{\"@type\":\"ListItem\",\"position\":1,\"name\":\"Home\",\"item\":\"https:\\\/\\\/patternenergy.com\\\/es\\\/\"},{\"@type\":\"ListItem\",\"position\":2,\"name\":\"Carreras profesionales\"}]},{\"@type\":\"WebSite\",\"@id\":\"https:\\\/\\\/patternenergy.com\\\/es\\\/#website\",\"url\":\"https:\\\/\\\/patternenergy.com\\\/es\\\/\",\"name\":\"Pattern Energy\",\"description\":\"Desarrollamos, construimos, poseemos y explotamos proyectos e\u00f3licos, solares, de transmisi\u00f3n y de almacenamiento de energ\u00eda de alta calidad en todo el mundo.\",\"publisher\":{\"@id\":\"https:\\\/\\\/patternenergy.com\\\/es\\\/#organization\"},\"potentialAction\":[{\"@type\":\"SearchAction\",\"target\":{\"@type\":\"EntryPoint\",\"urlTemplate\":\"https:\\\/\\\/patternenergy.com\\\/es\\\/?s={search_term_string}\"},\"query-input\":{\"@type\":\"PropertyValueSpecification\",\"valueRequired\":true,\"valueName\":\"search_term_string\"}}],\"inLanguage\":\"es\"},{\"@type\":\"Organization\",\"@id\":\"https:\\\/\\\/patternenergy.com\\\/es\\\/#organization\",\"name\":\"Pattern Energy\",\"url\":\"https:\\\/\\\/patternenergy.com\\\/es\\\/\",\"logo\":{\"@type\":\"ImageObject\",\"inLanguage\":\"es\",\"@id\":\"https:\\\/\\\/patternenergy.com\\\/es\\\/#\\\/schema\\\/logo\\\/image\\\/\",\"url\":\"https:\\\/\\\/patternenergy.com\\\/wp-content\\\/uploads\\\/2022\\\/01\\\/Pattern-Energy-Media-thumbnail-logo.jpg\",\"contentUrl\":\"https:\\\/\\\/patternenergy.com\\\/wp-content\\\/uploads\\\/2022\\\/01\\\/Pattern-Energy-Media-thumbnail-logo.jpg\",\"width\":1200,\"height\":627,\"caption\":\"Pattern Energy\"},\"image\":{\"@id\":\"https:\\\/\\\/patternenergy.com\\\/es\\\/#\\\/schema\\\/logo\\\/image\\\/\"},\"sameAs\":[\"https:\\\/\\\/www.facebook.com\\\/PatternEnergy\\\/\",\"https:\\\/\\\/instagram.com\\\/patternenergy?utm_medium=copy_link\",\"https:\\\/\\\/www.linkedin.com\\\/company\\\/pattern-energy\",\"https:\\\/\\\/www.youtube.com\\\/user\\\/PatternEnergy?app=desktop\",\"https:\\\/\\\/web.cauze.com\\\/company\\\/293\"]}]}<\/script>\n<!-- \/ Yoast SEO plugin. -->","yoast_head_json":{"title":":: Carreras profesionales","description":"En Pattern Energy, creemos en la creaci\u00f3n de un entorno de trabajo positivo y saludable que proporcione desarrollo personal y profesional.","robots":{"index":"index","follow":"follow","max-snippet":"max-snippet:-1","max-image-preview":"max-image-preview:large","max-video-preview":"max-video-preview:-1"},"canonical":"https:\/\/patternenergy.com\/es\/carreras-profesionales\/","og_locale":"es_ES","og_type":"article","og_title":"Pattern Energy :: Empleo","og_description":"En Pattern Energy, creemos en la creaci\u00f3n de un entorno de trabajo positivo y saludable que proporcione desarrollo personal y profesional. \u00a1\u00danete a nuestro equipo!","og_url":"https:\/\/patternenergy.com\/es\/carreras-profesionales\/","og_site_name":"Pattern Energy","article_publisher":"https:\/\/www.facebook.com\/PatternEnergy\/","article_modified_time":"2026-01-22T02:00:07+00:00","og_image":[{"url":"https:\/\/patternenergy.com\/wp-content\/uploads\/2022\/03\/careers-1024x576.jpg","type":"","width":"","height":""}],"twitter_card":"summary_large_image","twitter_title":"Pattern Energy :: Empleo","twitter_description":"En Pattern Energy, creemos en la creaci\u00f3n de un entorno de trabajo positivo y saludable que proporcione desarrollo personal y profesional. \u00a1\u00danete a nuestro equipo!","twitter_image":"https:\/\/patternenergy.com\/wp-content\/uploads\/2022\/03\/careers-1024x576.jpg","twitter_misc":{"Tiempo de lectura":"1 minuto"},"schema":{"@context":"https:\/\/schema.org","@graph":[{"@type":"WebPage","@id":"https:\/\/patternenergy.com\/es\/carreras-profesionales\/","url":"https:\/\/patternenergy.com\/es\/carreras-profesionales\/","name":":: Carreras profesionales","isPartOf":{"@id":"https:\/\/patternenergy.com\/es\/#website"},"primaryImageOfPage":{"@id":"https:\/\/patternenergy.com\/es\/carreras-profesionales\/#primaryimage"},"image":{"@id":"https:\/\/patternenergy.com\/es\/carreras-profesionales\/#primaryimage"},"thumbnailUrl":"https:\/\/patternenergy.com\/wp-content\/uploads\/2022\/01\/Pattern-Energy-Media-image-logo.jpg","datePublished":"2021-10-28T20:21:06+00:00","dateModified":"2026-01-22T02:00:07+00:00","description":"En Pattern Energy, creemos en la creaci\u00f3n de un entorno de trabajo positivo y saludable que proporcione desarrollo personal y profesional.","breadcrumb":{"@id":"https:\/\/patternenergy.com\/es\/carreras-profesionales\/#breadcrumb"},"inLanguage":"es","potentialAction":[{"@type":"ReadAction","target":["https:\/\/patternenergy.com\/es\/carreras-profesionales\/"]}]},{"@type":"ImageObject","inLanguage":"es","@id":"https:\/\/patternenergy.com\/es\/carreras-profesionales\/#primaryimage","url":"https:\/\/patternenergy.com\/wp-content\/uploads\/2022\/01\/Pattern-Energy-Media-image-logo.jpg","contentUrl":"https:\/\/patternenergy.com\/wp-content\/uploads\/2022\/01\/Pattern-Energy-Media-image-logo.jpg","width":1200,"height":627},{"@type":"BreadcrumbList","@id":"https:\/\/patternenergy.com\/es\/carreras-profesionales\/#breadcrumb","itemListElement":[{"@type":"ListItem","position":1,"name":"Home","item":"https:\/\/patternenergy.com\/es\/"},{"@type":"ListItem","position":2,"name":"Carreras profesionales"}]},{"@type":"WebSite","@id":"https:\/\/patternenergy.com\/es\/#website","url":"https:\/\/patternenergy.com\/es\/","name":"Pattern Energy","description":"Desarrollamos, construimos, poseemos y explotamos proyectos e\u00f3licos, solares, de transmisi\u00f3n y de almacenamiento de energ\u00eda de alta calidad en todo el mundo.","publisher":{"@id":"https:\/\/patternenergy.com\/es\/#organization"},"potentialAction":[{"@type":"SearchAction","target":{"@type":"EntryPoint","urlTemplate":"https:\/\/patternenergy.com\/es\/?s={search_term_string}"},"query-input":{"@type":"PropertyValueSpecification","valueRequired":true,"valueName":"search_term_string"}}],"inLanguage":"es"},{"@type":"Organization","@id":"https:\/\/patternenergy.com\/es\/#organization","name":"Pattern Energy","url":"https:\/\/patternenergy.com\/es\/","logo":{"@type":"ImageObject","inLanguage":"es","@id":"https:\/\/patternenergy.com\/es\/#\/schema\/logo\/image\/","url":"https:\/\/patternenergy.com\/wp-content\/uploads\/2022\/01\/Pattern-Energy-Media-thumbnail-logo.jpg","contentUrl":"https:\/\/patternenergy.com\/wp-content\/uploads\/2022\/01\/Pattern-Energy-Media-thumbnail-logo.jpg","width":1200,"height":627,"caption":"Pattern Energy"},"image":{"@id":"https:\/\/patternenergy.com\/es\/#\/schema\/logo\/image\/"},"sameAs":["https:\/\/www.facebook.com\/PatternEnergy\/","https:\/\/instagram.com\/patternenergy?utm_medium=copy_link","https:\/\/www.linkedin.com\/company\/pattern-energy","https:\/\/www.youtube.com\/user\/PatternEnergy?app=desktop","https:\/\/web.cauze.com\/company\/293"]}]}},"_links":{"self":[{"href":"https:\/\/patternenergy.com\/es\/wp-json\/wp\/v2\/pages\/17021","targetHints":{"allow":["GET"]}}],"collection":[{"href":"https:\/\/patternenergy.com\/es\/wp-json\/wp\/v2\/pages"}],"about":[{"href":"https:\/\/patternenergy.com\/es\/wp-json\/wp\/v2\/types\/page"}],"author":[{"embeddable":true,"href":"https:\/\/patternenergy.com\/es\/wp-json\/wp\/v2\/users\/1"}],"replies":[{"embeddable":true,"href":"https:\/\/patternenergy.com\/es\/wp-json\/wp\/v2\/comments?post=17021"}],"version-history":[{"count":0,"href":"https:\/\/patternenergy.com\/es\/wp-json\/wp\/v2\/pages\/17021\/revisions"}],"wp:featuredmedia":[{"embeddable":true,"href":"https:\/\/patternenergy.com\/es\/wp-json\/wp\/v2\/media\/11906"}],"wp:attachment":[{"href":"https:\/\/patternenergy.com\/es\/wp-json\/wp\/v2\/media?parent=17021"}],"curies":[{"name":"wp","href":"https:\/\/api.w.org\/{rel}","templated":true}]}}