{"id":17013,"date":"2021-10-28T15:20:19","date_gmt":"2021-10-28T20:20:19","guid":{"rendered":"https:\/\/patternenergy.com\/inicio\/"},"modified":"2026-01-19T07:54:19","modified_gmt":"2026-01-19T12:54:19","slug":"inicio","status":"publish","type":"page","link":"https:\/\/patternenergy.com\/es\/","title":{"rendered":"Inicio"},"content":{"rendered":"\n<section class=\"two-columns type-quote  \" data-title=\"Introducci\u00f3n\">\n\t\t<div class=\"holder\">\n\t\t\n\t\t<div class=\"img-wrapper animated\">\n\t\t\t\t\t\t<div class=\"circles\">\n\t\t\t\t<span class=\"smaller parallax\" data-scale=\"0.00025\"><\/span>\n\t\t\t\t<span class=\"bigger parallax\" data-scale=\"0.00015\"><\/span>\n\t\t\t<\/div>\t\t\t\t\t\t\n\t\t\t<div class=\"img-holder\">\n\t\t\t\t<div class=\"img parallax\" data-speed=\"-0.1\">\n\t\t\t\t\t<span style=\"background-image: url(https:\/\/patternenergy.com\/wp-content\/uploads\/2023\/06\/3.webp)\"><\/span>\n\t\t\t\t<\/div>\n\t\t\t<\/div>\n\t\t\t\n\t\t<\/div>\n\t\t\n\t\t\t\t<article class=\"parallax\" data-speed=\"0.025\">\n\t\t\t<blockquote>\n\t\t\t\t<p>En Pattern llevamos m\u00e1s de 15 a\u00f1os construyendo infraestructuras energ\u00e9ticas fiables para satisfacer la demanda cr\u00edtica de electricidad en toda Norteam\u00e9rica. Nunca hemos vacilado en nuestro compromiso de crear puestos de trabajo y brindar oportunidades y prosperidad a las comunidades rurales, a medida que avanzamos en nuestra visi\u00f3n de Impulsar el Futuro. <\/p>\n\t\t\t\t\t\t\t\t<cite>\n\t\t\t\t\t\t\t\t\t\t<span class=\"img-holder\" style=\"background-image: url(https:\/\/patternenergy.com\/wp-content\/uploads\/2021\/11\/5.png)\"><\/span>\n\t\t\t\t\t\t\t\t\t\t\t\t\t\t\t<strong>Hunter Armistead<\/strong>\n\t\t\t\t\t\t\t\t\t\t\t\t\t\t\tCEO, Pattern Energy\t\t\t\t\t\t\t\t\t<\/cite>\n\t\t\t\t\t\t\t<\/blockquote>\n\t\t\t\t\t\t<a href=\"https:\/\/patternenergy.com\/es\/acerca-de\/\" target=\"_self\" class=\"btn history-btn\">Acerca de Pattern Energy<span><\/span><\/a>\n\t\t\t\t\t<\/article>\n\t\t\t\t\n\t<\/div>\n\t\n\t\t\n<\/section><!-- Two Columns -->\n\n\n    <section class=\"with-slider no-button\">\n        <div class=\"holder\">\n            <h5>News<\/h5>\n            <div class=\"slider-holder\">\n                <div class=\"slider article-slider\">\n                <article>\n\t<a href=\"https:\/\/patternenergy.com\/es\/gente-de-patron-tim-baca\/\" class=\"outer-box\" target=\"_blank\">\n\t\t<figure class=\"img-holder\">\n\t\t\t<span class=\"related-news-item-img lazy-bg\" data-src=\"https:\/\/patternenergy.com\/wp-content\/uploads\/2026\/02\/Tim-Baca-2-600x850.jpeg\"><\/span>\n\t\t<\/figure>\n\t\t<div class=\"txt\">\n\t\t\t<h4>Gente de Patr\u00f3n: Tim Baca<\/h4>\n                            <p>Conoce a Tim Baca, una de las fuerzas constantes que ayudan a guiar a SunZia desde la construcci\u00f3n hasta el...<\/p>            \t\t\t<span>Leer art\u00edculo completo<\/span>\n\t\t<\/div>\n\t<\/a>\n<\/article><article>\n\t<a href=\"https:\/\/patternenergy.com\/es\/pattern-energy-anuncia-un-acuerdo-para-adquirir-cordelio-power\/\" class=\"outer-box\" target=\"_blank\">\n\t\t<figure class=\"img-holder\">\n\t\t\t<span class=\"related-news-item-img lazy-bg\" data-src=\"https:\/\/patternenergy.com\/wp-content\/uploads\/2026\/01\/Canada-sunrise-800x800-copy-600x800.jpg\"><\/span>\n\t\t<\/figure>\n\t\t<div class=\"txt\">\n\t\t\t<h4>Pattern Energy anuncia un acuerdo para adquirir Cordelio Power<\/h4>\n                            <p>Adquisici\u00f3n Crece Patr\u00f3n Energ\u00eda Cartera Anversi\u00f3n en EE.UU. y Canad\u00e1 \nHOUSTON, SAN FRANCISCO, TORONTO -...<\/p>            \t\t\t<span>Leer art\u00edculo completo<\/span>\n\t\t<\/div>\n\t<\/a>\n<\/article><article>\n\t<a href=\"https:\/\/patternenergy.com\/people-of-pattern-ryan-logan\/\" class=\"outer-box\" target=\"_blank\">\n\t\t<figure class=\"img-holder\">\n\t\t\t<span class=\"related-news-item-img lazy-bg\" data-src=\"https:\/\/patternenergy.com\/wp-content\/uploads\/2025\/11\/Picture2.jpg\"><\/span>\n\t\t<\/figure>\n\t\t<div class=\"txt\">\n\t\t\t<h4>Gente de Patr\u00f3n: Ryan Logan<\/h4>\n                            <p>Conoce a Ryan Logan, la mano firme detr\u00e1s de los sistemas que hacen que los proyectos de Pattern funcionen...<\/p>            \t\t\t<span>Leer art\u00edculo completo<\/span>\n\t\t<\/div>\n\t<\/a>\n<\/article><article>\n\t<a href=\"https:\/\/patternenergy.com\/es\/109-anos-de-la-fiesta-de-san-juan-bautista-en-duran-nuevo-mexico\/\" class=\"outer-box\" target=\"_blank\">\n\t\t<figure class=\"img-holder\">\n\t\t\t<span class=\"related-news-item-img lazy-bg\" data-src=\"https:\/\/patternenergy.com\/wp-content\/uploads\/2025\/06\/Bolo-Transmission-600x850.jpg\"><\/span>\n\t\t<\/figure>\n\t\t<div class=\"txt\">\n\t\t\t<h4>109 A\u00f1os de la Fiesta de San Juan Bautista en Dur\u00e1n, Nuevo M\u00e9xico<\/h4>\n                            <p>Todos los a\u00f1os, la unida comunidad de Dur\u00e1n, Nuevo M\u00e9xico, se re\u00fane en la iglesia de San Juan Bautista...<\/p>            \t\t\t<span>Leer art\u00edculo completo<\/span>\n\t\t<\/div>\n\t<\/a>\n<\/article><article>\n\t<a href=\"https:\/\/patternenergy.com\/pattern-people-justin-rodgers\/\" class=\"outer-box\" target=\"_blank\">\n\t\t<figure class=\"img-holder\">\n\t\t\t<span class=\"related-news-item-img lazy-bg\" data-src=\"https:\/\/patternenergy.com\/wp-content\/uploads\/2025\/07\/Justin-Rodgers-Daughter.jpg\"><\/span>\n\t\t<\/figure>\n\t\t<div class=\"txt\">\n\t\t\t<h4>Gente del Patr\u00f3n: Justin Rodgers<\/h4>\n                            <p>Para Justin Rodgers, la seguridad no es s\u00f3lo un trabajo: es una vocaci\u00f3n arraigada en d\u00e9cadas de servicio. Nacido y criado en Nuevo M\u00e9xico, Justin es Especialista en Salud y Seguridad en el equipo de Ingenier\u00eda, Adquisiciones y Construcci\u00f3n (EPC) que apoya el proyecto SunZia de Pattern Energy en el estado. <\/p>\n            \t\t\t<span>Leer art\u00edculo completo<\/span>\n\t\t<\/div>\n\t<\/a>\n<\/article><article>\n\t<a href=\"https:\/\/patternenergy.com\/es\/pattern-energy-anuncia-el-cierre-de-una-inversion-de-capital-de-un-consorcio-encabezado-por-apg-y-art\/\" class=\"outer-box\" target=\"_blank\">\n\t\t<figure class=\"img-holder\">\n\t\t\t<span class=\"related-news-item-img lazy-bg\" data-src=\"https:\/\/patternenergy.com\/wp-content\/uploads\/2025\/06\/SunZia_CVR59662-600x850.jpg\"><\/span>\n\t\t<\/figure>\n\t\t<div class=\"txt\">\n\t\t\t<h4>Pattern Energy anuncia el cierre de una inversi\u00f3n de capital de un consorcio encabezado por APG y ART<\/h4>\n                            <p>\nConsorcio que incluye a APG Asset Management y Australian Retirement Trust, establece una posici\u00f3n de...<\/p>            \t\t\t<span>Leer art\u00edculo completo<\/span>\n\t\t<\/div>\n\t<\/a>\n<\/article>                <\/div>\n            <\/div>\n            <div class=\"controls\">\n                <div class=\"nav\">\n                    <ul>\n                        <li><span class=\"prev btn reverse\"><span><\/span><\/span><\/li>\n                        <li><span class=\"next btn\"><span><\/span><\/span><\/li>\n                    <\/ul>\n                <\/div>\n                <a href=\"https:\/\/patternenergy.com\/es\/noticias\/\" class=\"btn history-btn\">Ver todos<span><\/span><\/a>\n            <\/div>\n        <\/div>\n    <\/section>\n    \n\n\n\n<section class=\"two-columns type-default  \" data-title=\"Cartera\">\n\t\t<div class=\"holder\">\n\t\t\n\t\t<div class=\"img-wrapper animated\">\n\t\t\t\t\t\t<div class=\"circles\">\n\t\t\t\t<span class=\"smaller parallax\" data-scale=\"0.00025\"><\/span>\n\t\t\t\t<span class=\"bigger parallax\" data-scale=\"0.00015\"><\/span>\n\t\t\t<\/div>\t\t\t\t\t\t\n\t\t\t<div class=\"img-holder\">\n\t\t\t\t<div class=\"img parallax\" data-speed=\"-0.1\">\n\t\t\t\t\t<span style=\"background-image: url(https:\/\/patternenergy.com\/wp-content\/uploads\/2021\/11\/1-1.jpg)\"><\/span>\n\t\t\t\t<\/div>\n\t\t\t<\/div>\n\t\t\t\n\t\t<\/div>\n\t\t\n\t\t\t\t<article class=\"parallax block-entry\" data-speed=\"0.025\">\n\t\t<div class=\"acf-innerblocks-container\">\n\n<h3 class=\"wp-block-heading\">Pattern gestiona una cartera mundial de instalaciones de energ\u00edas renovables de alto rendimiento.<\/h3>\n\n\n\n<div class=\"wp-block-buttons is-layout-flex wp-block-buttons-is-layout-flex\">\n<div class=\"wp-block-button\"><a class=\"wp-block-button__link wp-element-button\" href=\"https:\/\/patternenergy.com\/es\/cartera\/\">Ver nuestra cartera<\/a><\/div>\n<\/div>\n\n<\/div>\t\t<\/article>\n\t\t\t\t\n\t<\/div>\n\t\n\t\t\n<\/section><!-- Two Columns -->\n\n\n\n<section class=\"two-columns reverse type-quote highlighted \" data-title=\"Sostenibilidad\">\n\t\t<div class=\"holder\">\n\t\t\n\t\t<div class=\"img-wrapper animated\">\n\t\t\t\t\t\t<div class=\"decoration\">\n\t\t\t\t<span><\/span>\n\t\t\t<\/div>\n\t\t\t\t\t\t<div class=\"circles\">\n\t\t\t\t<span class=\"smaller parallax\" data-scale=\"0.00025\"><\/span>\n\t\t\t\t<span class=\"bigger parallax\" data-scale=\"0.00015\"><\/span>\n\t\t\t<\/div>\t\t\t\t\t\t\n\t\t\t<div class=\"img-holder\">\n\t\t\t\t<div class=\"img parallax\" data-speed=\"-0.1\">\n\t\t\t\t\t<span style=\"background-image: url(https:\/\/patternenergy.com\/wp-content\/uploads\/2023\/07\/Sustainability-800-cover.jpg)\"><\/span>\n\t\t\t\t<\/div>\n\t\t\t<\/div>\n\t\t\t\n\t\t<\/div>\n\t\t\n\t\t\t\t<article class=\"parallax\" data-speed=\"0.025\">\n\t\t\t<blockquote>\n\t\t\t\t<p>Con casi 30 GW en proyecto, estamos preparados para liderar esta nueva fase de la demanda energ\u00e9tica. Nuestra capacidad para desarrollar y suministrar transmisi\u00f3n a gran escala junto con la generaci\u00f3n es un factor diferenciador esencial. As\u00ed desbloqueamos mercados, conectamos recursos a centros de demanda y creamos valor a largo plazo para nuestras comunidades.  <\/p>\n\t\t\t\t\t\t\t\t<cite>\n\t\t\t\t\t\t\t\t\t\t<span class=\"img-holder\" style=\"background-image: url(https:\/\/patternenergy.com\/wp-content\/uploads\/2021\/11\/5.png)\"><\/span>\n\t\t\t\t\t\t\t\t\t\t\t\t\t\t\t<strong>Hunter Armistead<\/strong>\n\t\t\t\t\t\t\t\t\t\t\t\t\t\t\tCEO, Pattern Energy\t\t\t\t\t\t\t\t\t<\/cite>\n\t\t\t\t\t\t\t<\/blockquote>\n\t\t\t\t\t\t<a href=\"https:\/\/patternenergy.com\/es\/sostenibilidad\/\" target=\"_self\" class=\"btn history-btn\">Sostenibilidad<span><\/span><\/a>\n\t\t\t\t\t<\/article>\n\t\t\t\t\n\t<\/div>\n\t\n\t\t\n<\/section><!-- Two Columns -->\n","protected":false},"excerpt":{"rendered":"","protected":false},"author":1,"featured_media":12034,"parent":0,"menu_order":0,"comment_status":"closed","ping_status":"closed","template":"","meta":{"_acf_changed":false,"footnotes":""},"class_list":["post-17013","page","type-page","status-publish","has-post-thumbnail","hentry"],"acf":[],"yoast_head":"<!-- This site is optimized with the Yoast SEO plugin v27.4 - https:\/\/yoast.com\/product\/yoast-seo-wordpress\/ -->\n<title>Pattern Energy<\/title>\n<meta name=\"description\" content=\"Desarrollamos, construimos, poseemos y explotamos proyectos e\u00f3licos, solares, de transmisi\u00f3n y de almacenamiento de energ\u00eda de alta calidad en todo el mundo.\" \/>\n<meta name=\"robots\" content=\"index, follow, max-snippet:-1, max-image-preview:large, max-video-preview:-1\" \/>\n<link rel=\"canonical\" href=\"https:\/\/patternenergy.com\/es\/\" \/>\n<meta property=\"og:locale\" content=\"es_ES\" \/>\n<meta property=\"og:type\" content=\"article\" \/>\n<meta property=\"og:title\" content=\"Patr\u00f3n Energ\u00eda\" \/>\n<meta property=\"og:description\" content=\"Desarrollamos, construimos, poseemos y explotamos proyectos e\u00f3licos, solares, de transmisi\u00f3n y de almacenamiento de energ\u00eda de alta calidad en todo el mundo.\" \/>\n<meta property=\"og:url\" content=\"https:\/\/patternenergy.com\/es\/\" \/>\n<meta property=\"og:site_name\" content=\"Pattern Energy\" \/>\n<meta property=\"article:publisher\" content=\"https:\/\/www.facebook.com\/PatternEnergy\/\" \/>\n<meta property=\"article:modified_time\" content=\"2026-01-19T12:54:19+00:00\" \/>\n<meta property=\"og:image\" content=\"https:\/\/patternenergy.com\/wp-content\/uploads\/2022\/02\/PE_Home_Facebook-5.jpg\" \/>\n<meta name=\"twitter:card\" content=\"summary_large_image\" \/>\n<meta name=\"twitter:title\" content=\"Patr\u00f3n Energ\u00eda\" \/>\n<meta name=\"twitter:description\" content=\"Desarrollamos, construimos, poseemos y explotamos proyectos e\u00f3licos, solares, de transmisi\u00f3n y de almacenamiento de energ\u00eda de alta calidad en todo el mundo.\" \/>\n<meta name=\"twitter:image\" content=\"https:\/\/patternenergy.com\/wp-content\/uploads\/2022\/02\/PE_Home_Facebook-5.jpg\" \/>\n<meta name=\"twitter:label1\" content=\"Tiempo de lectura\" \/>\n\t<meta name=\"twitter:data1\" content=\"1 minuto\" \/>\n<script type=\"application\/ld+json\" class=\"yoast-schema-graph\">{\"@context\":\"https:\\\/\\\/schema.org\",\"@graph\":[{\"@type\":\"WebPage\",\"@id\":\"https:\\\/\\\/patternenergy.com\\\/es\\\/\",\"url\":\"https:\\\/\\\/patternenergy.com\\\/es\\\/\",\"name\":\"\",\"isPartOf\":{\"@id\":\"https:\\\/\\\/patternenergy.com\\\/es\\\/#website\"},\"primaryImageOfPage\":{\"@id\":\"https:\\\/\\\/patternenergy.com\\\/es\\\/#primaryimage\"},\"image\":{\"@id\":\"https:\\\/\\\/patternenergy.com\\\/es\\\/#primaryimage\"},\"thumbnailUrl\":\"https:\\\/\\\/patternenergy.com\\\/wp-content\\\/uploads\\\/2022\\\/02\\\/PE_Home_Facebook-1.jpg\",\"datePublished\":\"2021-10-28T20:20:19+00:00\",\"dateModified\":\"2026-01-19T12:54:19+00:00\",\"description\":\"Desarrollamos, construimos, poseemos y explotamos proyectos e\u00f3licos, solares, de transmisi\u00f3n y de almacenamiento de energ\u00eda de alta calidad en todo el mundo.\",\"breadcrumb\":{\"@id\":\"https:\\\/\\\/patternenergy.com\\\/es\\\/#breadcrumb\"},\"inLanguage\":\"es\",\"potentialAction\":[{\"@type\":\"ReadAction\",\"target\":[\"https:\\\/\\\/patternenergy.com\\\/es\\\/\"]}]},{\"@type\":\"ImageObject\",\"inLanguage\":\"es\",\"@id\":\"https:\\\/\\\/patternenergy.com\\\/es\\\/#primaryimage\",\"url\":\"https:\\\/\\\/patternenergy.com\\\/wp-content\\\/uploads\\\/2022\\\/02\\\/PE_Home_Facebook-1.jpg\",\"contentUrl\":\"https:\\\/\\\/patternenergy.com\\\/wp-content\\\/uploads\\\/2022\\\/02\\\/PE_Home_Facebook-1.jpg\",\"width\":2400,\"height\":1440},{\"@type\":\"BreadcrumbList\",\"@id\":\"https:\\\/\\\/patternenergy.com\\\/es\\\/#breadcrumb\",\"itemListElement\":[{\"@type\":\"ListItem\",\"position\":1,\"name\":\"Home\",\"item\":\"https:\\\/\\\/patternenergy.com\\\/es\\\/\"},{\"@type\":\"ListItem\",\"position\":2,\"name\":\"Inicio\"}]},{\"@type\":\"WebSite\",\"@id\":\"https:\\\/\\\/patternenergy.com\\\/es\\\/#website\",\"url\":\"https:\\\/\\\/patternenergy.com\\\/es\\\/\",\"name\":\"Pattern Energy\",\"description\":\"Desarrollamos, construimos, poseemos y explotamos proyectos e\u00f3licos, solares, de transmisi\u00f3n y de almacenamiento de energ\u00eda de alta calidad en todo el mundo.\",\"publisher\":{\"@id\":\"https:\\\/\\\/patternenergy.com\\\/es\\\/#organization\"},\"potentialAction\":[{\"@type\":\"SearchAction\",\"target\":{\"@type\":\"EntryPoint\",\"urlTemplate\":\"https:\\\/\\\/patternenergy.com\\\/es\\\/?s={search_term_string}\"},\"query-input\":{\"@type\":\"PropertyValueSpecification\",\"valueRequired\":true,\"valueName\":\"search_term_string\"}}],\"inLanguage\":\"es\"},{\"@type\":\"Organization\",\"@id\":\"https:\\\/\\\/patternenergy.com\\\/es\\\/#organization\",\"name\":\"Pattern Energy\",\"url\":\"https:\\\/\\\/patternenergy.com\\\/es\\\/\",\"logo\":{\"@type\":\"ImageObject\",\"inLanguage\":\"es\",\"@id\":\"https:\\\/\\\/patternenergy.com\\\/es\\\/#\\\/schema\\\/logo\\\/image\\\/\",\"url\":\"https:\\\/\\\/patternenergy.com\\\/wp-content\\\/uploads\\\/2022\\\/01\\\/Pattern-Energy-Media-thumbnail-logo.jpg\",\"contentUrl\":\"https:\\\/\\\/patternenergy.com\\\/wp-content\\\/uploads\\\/2022\\\/01\\\/Pattern-Energy-Media-thumbnail-logo.jpg\",\"width\":1200,\"height\":627,\"caption\":\"Pattern Energy\"},\"image\":{\"@id\":\"https:\\\/\\\/patternenergy.com\\\/es\\\/#\\\/schema\\\/logo\\\/image\\\/\"},\"sameAs\":[\"https:\\\/\\\/www.facebook.com\\\/PatternEnergy\\\/\",\"https:\\\/\\\/instagram.com\\\/patternenergy?utm_medium=copy_link\",\"https:\\\/\\\/www.linkedin.com\\\/company\\\/pattern-energy\",\"https:\\\/\\\/www.youtube.com\\\/user\\\/PatternEnergy?app=desktop\",\"https:\\\/\\\/web.cauze.com\\\/company\\\/293\"]}]}<\/script>\n<!-- \/ Yoast SEO plugin. -->","yoast_head_json":{"title":"Pattern Energy","description":"Desarrollamos, construimos, poseemos y explotamos proyectos e\u00f3licos, solares, de transmisi\u00f3n y de almacenamiento de energ\u00eda de alta calidad en todo el mundo.","robots":{"index":"index","follow":"follow","max-snippet":"max-snippet:-1","max-image-preview":"max-image-preview:large","max-video-preview":"max-video-preview:-1"},"canonical":"https:\/\/patternenergy.com\/es\/","og_locale":"es_ES","og_type":"article","og_title":"Patr\u00f3n Energ\u00eda","og_description":"Desarrollamos, construimos, poseemos y explotamos proyectos e\u00f3licos, solares, de transmisi\u00f3n y de almacenamiento de energ\u00eda de alta calidad en todo el mundo.","og_url":"https:\/\/patternenergy.com\/es\/","og_site_name":"Pattern Energy","article_publisher":"https:\/\/www.facebook.com\/PatternEnergy\/","article_modified_time":"2026-01-19T12:54:19+00:00","og_image":[{"url":"https:\/\/patternenergy.com\/wp-content\/uploads\/2022\/02\/PE_Home_Facebook-5.jpg","type":"","width":"","height":""}],"twitter_card":"summary_large_image","twitter_title":"Patr\u00f3n Energ\u00eda","twitter_description":"Desarrollamos, construimos, poseemos y explotamos proyectos e\u00f3licos, solares, de transmisi\u00f3n y de almacenamiento de energ\u00eda de alta calidad en todo el mundo.","twitter_image":"https:\/\/patternenergy.com\/wp-content\/uploads\/2022\/02\/PE_Home_Facebook-5.jpg","twitter_misc":{"Tiempo de lectura":"1 minuto"},"schema":{"@context":"https:\/\/schema.org","@graph":[{"@type":"WebPage","@id":"https:\/\/patternenergy.com\/es\/","url":"https:\/\/patternenergy.com\/es\/","name":"","isPartOf":{"@id":"https:\/\/patternenergy.com\/es\/#website"},"primaryImageOfPage":{"@id":"https:\/\/patternenergy.com\/es\/#primaryimage"},"image":{"@id":"https:\/\/patternenergy.com\/es\/#primaryimage"},"thumbnailUrl":"https:\/\/patternenergy.com\/wp-content\/uploads\/2022\/02\/PE_Home_Facebook-1.jpg","datePublished":"2021-10-28T20:20:19+00:00","dateModified":"2026-01-19T12:54:19+00:00","description":"Desarrollamos, construimos, poseemos y explotamos proyectos e\u00f3licos, solares, de transmisi\u00f3n y de almacenamiento de energ\u00eda de alta calidad en todo el mundo.","breadcrumb":{"@id":"https:\/\/patternenergy.com\/es\/#breadcrumb"},"inLanguage":"es","potentialAction":[{"@type":"ReadAction","target":["https:\/\/patternenergy.com\/es\/"]}]},{"@type":"ImageObject","inLanguage":"es","@id":"https:\/\/patternenergy.com\/es\/#primaryimage","url":"https:\/\/patternenergy.com\/wp-content\/uploads\/2022\/02\/PE_Home_Facebook-1.jpg","contentUrl":"https:\/\/patternenergy.com\/wp-content\/uploads\/2022\/02\/PE_Home_Facebook-1.jpg","width":2400,"height":1440},{"@type":"BreadcrumbList","@id":"https:\/\/patternenergy.com\/es\/#breadcrumb","itemListElement":[{"@type":"ListItem","position":1,"name":"Home","item":"https:\/\/patternenergy.com\/es\/"},{"@type":"ListItem","position":2,"name":"Inicio"}]},{"@type":"WebSite","@id":"https:\/\/patternenergy.com\/es\/#website","url":"https:\/\/patternenergy.com\/es\/","name":"Pattern Energy","description":"Desarrollamos, construimos, poseemos y explotamos proyectos e\u00f3licos, solares, de transmisi\u00f3n y de almacenamiento de energ\u00eda de alta calidad en todo el mundo.","publisher":{"@id":"https:\/\/patternenergy.com\/es\/#organization"},"potentialAction":[{"@type":"SearchAction","target":{"@type":"EntryPoint","urlTemplate":"https:\/\/patternenergy.com\/es\/?s={search_term_string}"},"query-input":{"@type":"PropertyValueSpecification","valueRequired":true,"valueName":"search_term_string"}}],"inLanguage":"es"},{"@type":"Organization","@id":"https:\/\/patternenergy.com\/es\/#organization","name":"Pattern Energy","url":"https:\/\/patternenergy.com\/es\/","logo":{"@type":"ImageObject","inLanguage":"es","@id":"https:\/\/patternenergy.com\/es\/#\/schema\/logo\/image\/","url":"https:\/\/patternenergy.com\/wp-content\/uploads\/2022\/01\/Pattern-Energy-Media-thumbnail-logo.jpg","contentUrl":"https:\/\/patternenergy.com\/wp-content\/uploads\/2022\/01\/Pattern-Energy-Media-thumbnail-logo.jpg","width":1200,"height":627,"caption":"Pattern Energy"},"image":{"@id":"https:\/\/patternenergy.com\/es\/#\/schema\/logo\/image\/"},"sameAs":["https:\/\/www.facebook.com\/PatternEnergy\/","https:\/\/instagram.com\/patternenergy?utm_medium=copy_link","https:\/\/www.linkedin.com\/company\/pattern-energy","https:\/\/www.youtube.com\/user\/PatternEnergy?app=desktop","https:\/\/web.cauze.com\/company\/293"]}]}},"_links":{"self":[{"href":"https:\/\/patternenergy.com\/es\/wp-json\/wp\/v2\/pages\/17013","targetHints":{"allow":["GET"]}}],"collection":[{"href":"https:\/\/patternenergy.com\/es\/wp-json\/wp\/v2\/pages"}],"about":[{"href":"https:\/\/patternenergy.com\/es\/wp-json\/wp\/v2\/types\/page"}],"author":[{"embeddable":true,"href":"https:\/\/patternenergy.com\/es\/wp-json\/wp\/v2\/users\/1"}],"replies":[{"embeddable":true,"href":"https:\/\/patternenergy.com\/es\/wp-json\/wp\/v2\/comments?post=17013"}],"version-history":[{"count":0,"href":"https:\/\/patternenergy.com\/es\/wp-json\/wp\/v2\/pages\/17013\/revisions"}],"wp:featuredmedia":[{"embeddable":true,"href":"https:\/\/patternenergy.com\/es\/wp-json\/wp\/v2\/media\/12034"}],"wp:attachment":[{"href":"https:\/\/patternenergy.com\/es\/wp-json\/wp\/v2\/media?parent=17013"}],"curies":[{"name":"wp","href":"https:\/\/api.w.org\/{rel}","templated":true}]}}